




















{"id":28413,"date":"2023-03-27T13:13:48","date_gmt":"2023-03-27T13:13:48","guid":{"rendered":"https:\/\/www.meler.eu\/meler\/identidad-corporativa\/"},"modified":"2024-11-06T09:45:17","modified_gmt":"2024-11-06T09:45:17","slug":"identidad-corporativa","status":"publish","type":"page","link":"https:\/\/www.meler.cn\/it\/meler\/identidad-corporativa\/","title":{"rendered":"Identit\u00e0 aziendale"},"content":{"rendered":"<p>[vc_row bg_image_position=&#8221;0 100%&#8221; row_vertical_align=&#8221;valign-middle&#8221; el_class=&#8221;reverse-column-mobile&#8221;][vc_column row_spacing_h=&#8221;left-spacing&#8221; width=&#8221;1\/1&#8243;][text]<\/p>\n<h2 class=\"txt-center style-01\"><strong>COSA C&#8217;\u00c8 DIETRO LA MAGIA DI MELER?<\/strong><\/h2>\n<p class=\"txt-width txt-center\">In Meler crediamo in tutto ci\u00f2 che facciamo. Offriamo <strong>sempre soluzioni sofisticate <\/strong> e adeguate alle esigenze dei nostri clienti. Ecco perch\u00e9 la nostra<strong> identit\u00e0 aziendale<\/strong> non solo riflette tutto ci\u00f2 che l&#8217;azienda ha costruito in oltre <strong>40 anni<\/strong> , ma \u00e8 anche <strong> l&#8217;elemento integrante<\/strong> della nostra filosofia e cultura aziendale.<\/p>\n<p>[\/text][\/vc_column][\/vc_row][vc_row row_vertical_align=&#8221;valign-middle&#8221; el_class=&#8221;bg-line-start&#8221;][vc_column row_spacing_h=&#8221;right-spacing&#8221; width=&#8221;1\/2&#8243;][text]<\/p>\n<h2 class=\"style-01 txt-left\"><strong>MISSIONE<\/strong><\/h2>\n<p>[\/text][text]Grazie a un <strong>gruppo di persone impegnate<\/strong>, portiamo l&#8217;applicazione di soluzioni adesive e sigillanti nell&#8217;industria. Attraverso la <strong>progettazione e la realizzazione<\/strong> di prodotti, miglioriamo i processi produttivi delle aziende implementando l&#8217;applicazione degli adesivi attraverso la movimentazione, il carico, la fusione, il trasporto e l&#8217;applicazione degli stessi. Ci adattiamo alle esigenze dei clienti offrendo <strong>componenti e soluzioni complete<\/strong> accompagnate da assistenza tecnica e globale per tutto il ciclo di vita del prodotto.[\/text][\/vc_column][vc_column width=&#8221;1\/2&#8243;][single_image image=&#8221;28235&#8243;][\/vc_column][\/vc_row][vc_row row_vertical_align=&#8221;valign-middle&#8221; el_class=&#8221;bg-line-end reverse-column-mobile&#8221;][vc_column width=&#8221;1\/2&#8243;][single_image image=&#8221;28253&#8243;][\/vc_column][vc_column row_spacing_h=&#8221;left-spacing&#8221; width=&#8221;1\/2&#8243;][text]<\/p>\n<h2 class=\"style-01 txt-left\"><strong>VISIONE<\/strong><\/h2>\n<p>[\/text][text]Meler cercher\u00e0 sempre la <strong>vicinanza e la trasparenza<\/strong> con il cliente in un <strong>ambiente globale<\/strong>, offrendogli soluzioni agili, tecnologiche e sempre pi\u00f9 sostenibili. Attraverso una fiducia trasversale che guider\u00e0 tutto il nostro lavoro e il rapporto con il cliente, il processo di applicazione degli adesivi con Meler continuer\u00e0 a essere il pi\u00f9 <strong>efficiente e rispettoso dell&#8217;ambiente<\/strong> in tutti gli sviluppi che l&#8217;azienda porta avanti.[\/text][\/vc_column][\/vc_row][vc_row row_layout=&#8221;full&#8221; bg_image_position=&#8221;50% 0&#8243; row_spacing=&#8221;top-spacing bottom-spacing&#8221;][vc_column width=&#8221;1\/1&#8243;][CtaModule cta_item=&#8221;21676&#8243;][\/vc_column][\/vc_row][vc_row][vc_column width=&#8221;1\/1&#8243;][text]<\/p>\n<h2 class=\"style-01 txt-center\"><strong>VALORI<\/strong><\/h2>\n<p>[\/text][\/vc_column][\/vc_row][vc_row row_vertical_align=&#8221;valign-middle&#8221; el_class=&#8221;bg-line-start&#8221;][vc_column row_spacing_h=&#8221;right-spacing&#8221; width=&#8221;1\/2&#8243;][text]<\/p>\n<h2 class=\"summary style-0 style-03 txt-width\">INTEGRIT\u00c0 E BUON GOVERNO<\/h2>\n<p>[\/text][text]<span class=\"TextRun SCXO76860490 BCX0\" lang=\"ES-ES\" xml:lang=\"ES-ES\" data-contrast=\"none\"><span class=\"NormalTextRun SCXO76860490 BCX0\">Perch\u00e9 l&#8217;onest\u00e0 \u00e8 una qualit\u00e0 innata di tutti in azienda. Facciamo la cosa giusta, perch\u00e9 per noi non c&#8217;\u00e8 altro modo di affrontare il quotidiano.\u00a0<\/span><\/span>[\/text][\/vc_column][vc_column width=&#8221;1\/2&#8243;][single_image image=&#8221;28267&#8243;][\/vc_column][\/vc_row][vc_row row_vertical_align=&#8221;valign-middle&#8221; el_class=&#8221;bg-line-med reverse-column-mobile&#8221;][vc_column width=&#8221;1\/2&#8243;][single_image image=&#8221;28272&#8243;][\/vc_column][vc_column row_spacing_h=&#8221;left-spacing&#8221; width=&#8221;1\/2&#8243;][text]<\/p>\n<h2 class=\"summary style-0 style-03 txt-width\">PARTNERSHIP, LAVORO DI GRUPPO E GENEROSIT\u00c0<\/h2>\n<p>[\/text][text]La nostra pi\u00f9 grande risorsa sono le persone che compongono Meler: dipendenti, clienti, fornitori e distributori. La collaborazione e la diversit\u00e0 di opinioni generano relazioni a lungo termine, offrendo cos\u00ec le migliori soluzioni sul mercato.[\/text][\/vc_column][\/vc_row][vc_row row_vertical_align=&#8221;valign-middle&#8221; el_class=&#8221;bg-line-med&#8221;][vc_column row_spacing_h=&#8221;right-spacing&#8221; width=&#8221;1\/2&#8243;][text]<\/p>\n<h2 class=\"summary style-0 style-03 txt-width\">EMPATIA<\/h2>\n<p>[\/text][text]<span class=\"TextRun SCXO76860490 BCX0\" lang=\"ES-ES\" xml:lang=\"ES-ES\" data-contrast=\"none\"><span class=\"NormalTextRun SCXO76860490 BCX0\">Ascoltiamo attivamente per assicurarci di capire e soddisfare le vostre esigenze. Pensiamo in modo positivo e collaboriamo per ottenere il successo desiderato, ogni volta. <\/span><\/span>[\/text][\/vc_column][vc_column width=&#8221;1\/2&#8243;][single_image image=&#8221;28282&#8243;][\/vc_column][\/vc_row][vc_row row_vertical_align=&#8221;valign-middle&#8221; el_class=&#8221;bg-line-med reverse-column-mobile&#8221;][vc_column width=&#8221;1\/2&#8243;][single_image image=&#8221;28287&#8243;][\/vc_column][vc_column row_spacing_h=&#8221;left-spacing&#8221; width=&#8221;1\/2&#8243;][text]<\/p>\n<h2 class=\"summary style-0 style-03 txt-width\">RICERCA DELL&#8217;ECCELLENZA<\/h2>\n<p>[\/text][text]Non ci accontentiamo mai. Cerchiamo &#8211; e troviamo &#8211; soluzioni innovative che apportano un valore reale alla vostra azienda attraverso la ricerca, l&#8217;innovazione e il miglioramento costante.[\/text][\/vc_column][\/vc_row][vc_row row_vertical_align=&#8221;valign-middle&#8221; el_class=&#8221;bg-line-med&#8221;][vc_column row_spacing_h=&#8221;right-spacing&#8221; width=&#8221;1\/2&#8243;][text]<\/p>\n<h2 class=\"summary style-0 style-03 txt-width\">PROSSIMIT\u00c0 E FEDELT\u00c0 DEL CLIENTE<\/h2>\n<p>[\/text][text]Il servizio al cliente \u00e8 la nostra priorit\u00e0. Fornire il meglio quando ne avete bisogno \u00e8 il nostro obiettivo numero uno. Un servizio accessibile, globale e locale, sempre orientato al raggiungimento dei vostri obiettivi con assistenza in loco e da remoto.[\/text][\/vc_column][vc_column width=&#8221;1\/2&#8243;][single_image image=&#8221;28301&#8243;][\/vc_column][\/vc_row][vc_row row_layout=&#8221;full&#8221; bg_image_position=&#8221;50% 0&#8243; row_spacing=&#8221;top-spacing-med bottom-spacing-0&#8243;][vc_column width=&#8221;1\/1&#8243;][CtaModule cta_item=&#8221;21629&#8243;][\/vc_column][\/vc_row]<\/p>\n","protected":false},"excerpt":{"rendered":"<p>[vc_row bg_image_position=&#8221;0 100%&#8221; row_vertical_align=&#8221;valign-middle&#8221; el_class=&#8221;reverse-column-mobile&#8221;][vc_column row_spacing_h=&#8221;left-spacing&#8221; width=&#8221;1\/1&#8243;][text] COSA C&#8217;\u00c8 DIETRO LA MAGIA DI MELER? In Meler crediamo in tutto ci\u00f2 che facciamo. Offriamo sempre soluzioni sofisticate e adeguate alle esigenze dei nostri clienti. Ecco perch\u00e9 la nostra identit\u00e0 aziendale non solo riflette tutto ci\u00f2 che l&#8217;azienda ha costruito in oltre 40 anni , ma \u00e8 [&hellip;]<\/p>\n","protected":false},"author":1,"featured_media":28229,"parent":26022,"menu_order":134,"comment_status":"closed","ping_status":"closed","template":"","meta":[],"yoast_head":"<!-- This site is optimized with the Yoast SEO plugin v20.3 - https:\/\/yoast.com\/wordpress\/plugins\/seo\/ -->\n<title>Identit\u00e0 aziendale- Meler<\/title>\n<meta name=\"description\" content=\"Le persone sono la nostra risorsa pi\u00f9 grande. Vi presentiamo il nostro team, ricco di persone con esperienza, conoscenza e impegno.\" \/>\n<meta name=\"robots\" content=\"index, follow, max-snippet:-1, max-image-preview:large, max-video-preview:-1\" \/>\n<link rel=\"canonical\" href=\"https:\/\/www.meler.cn\/it\/meler\/identidad-corporativa\/\" \/>\n<meta property=\"og:locale\" content=\"it_IT\" \/>\n<meta property=\"og:type\" content=\"article\" \/>\n<meta property=\"og:title\" content=\"Identit\u00e0 aziendale- Meler\" \/>\n<meta property=\"og:description\" content=\"Le persone sono la nostra risorsa pi\u00f9 grande. Vi presentiamo il nostro team, ricco di persone con esperienza, conoscenza e impegno.\" \/>\n<meta property=\"og:url\" content=\"https:\/\/www.meler.cn\/it\/meler\/identidad-corporativa\/\" \/>\n<meta property=\"og:site_name\" content=\"Meler\" \/>\n<meta property=\"article:modified_time\" content=\"2024-11-06T09:45:17+00:00\" \/>\n<meta property=\"og:image\" content=\"https:\/\/20097.ttandemdigital.com\/media\/header-nuestra-filosofia-5.png\" \/>\n\t<meta property=\"og:image:width\" content=\"1920\" \/>\n\t<meta property=\"og:image:height\" content=\"780\" \/>\n\t<meta property=\"og:image:type\" content=\"image\/png\" \/>\n<meta name=\"twitter:card\" content=\"summary_large_image\" \/>\n<meta name=\"twitter:label1\" content=\"Tempo di lettura stimato\" \/>\n\t<meta name=\"twitter:data1\" content=\"3 minuti\" \/>\n<script type=\"application\/ld+json\" class=\"yoast-schema-graph\">{\"@context\":\"https:\/\/schema.org\",\"@graph\":[{\"@type\":\"WebPage\",\"@id\":\"https:\/\/www.meler.cn\/it\/meler\/identidad-corporativa\/\",\"url\":\"https:\/\/www.meler.cn\/it\/meler\/identidad-corporativa\/\",\"name\":\"Identit\u00e0 aziendale- Meler\",\"isPartOf\":{\"@id\":\"https:\/\/www.meler.cn\/it\/#website\"},\"datePublished\":\"2023-03-27T13:13:48+00:00\",\"dateModified\":\"2024-11-06T09:45:17+00:00\",\"description\":\"Le persone sono la nostra risorsa pi\u00f9 grande. Vi presentiamo il nostro team, ricco di persone con esperienza, conoscenza e impegno.\",\"breadcrumb\":{\"@id\":\"https:\/\/www.meler.cn\/it\/meler\/identidad-corporativa\/#breadcrumb\"},\"inLanguage\":\"it-IT\",\"potentialAction\":[{\"@type\":\"ReadAction\",\"target\":[\"https:\/\/www.meler.cn\/it\/meler\/identidad-corporativa\/\"]}]},{\"@type\":\"BreadcrumbList\",\"@id\":\"https:\/\/www.meler.cn\/it\/meler\/identidad-corporativa\/#breadcrumb\",\"itemListElement\":[{\"@type\":\"ListItem\",\"position\":1,\"name\":\"Portada\",\"item\":\"https:\/\/www.meler.cn\/it\/\"},{\"@type\":\"ListItem\",\"position\":2,\"name\":\"Meler\",\"item\":\"https:\/\/20097.ttandemdigital.com\/it\/meler\/\"},{\"@type\":\"ListItem\",\"position\":3,\"name\":\"Identit\u00e0 aziendale\"}]},{\"@type\":\"WebSite\",\"@id\":\"https:\/\/www.meler.cn\/it\/#website\",\"url\":\"https:\/\/www.meler.cn\/it\/\",\"name\":\"Meler\",\"description\":\"Just another WordPress site\",\"potentialAction\":[{\"@type\":\"SearchAction\",\"target\":{\"@type\":\"EntryPoint\",\"urlTemplate\":\"https:\/\/www.meler.cn\/it\/?s={search_term_string}\"},\"query-input\":\"required name=search_term_string\"}],\"inLanguage\":\"it-IT\"}]}<\/script>\n<!-- \/ Yoast SEO plugin. -->","yoast_head_json":{"title":"Identit\u00e0 aziendale- Meler","description":"Le persone sono la nostra risorsa pi\u00f9 grande. Vi presentiamo il nostro team, ricco di persone con esperienza, conoscenza e impegno.","robots":{"index":"index","follow":"follow","max-snippet":"max-snippet:-1","max-image-preview":"max-image-preview:large","max-video-preview":"max-video-preview:-1"},"canonical":"https:\/\/www.meler.cn\/it\/meler\/identidad-corporativa\/","og_locale":"it_IT","og_type":"article","og_title":"Identit\u00e0 aziendale- Meler","og_description":"Le persone sono la nostra risorsa pi\u00f9 grande. Vi presentiamo il nostro team, ricco di persone con esperienza, conoscenza e impegno.","og_url":"https:\/\/www.meler.cn\/it\/meler\/identidad-corporativa\/","og_site_name":"Meler","article_modified_time":"2024-11-06T09:45:17+00:00","og_image":[{"width":1920,"height":780,"url":"https:\/\/20097.ttandemdigital.com\/media\/header-nuestra-filosofia-5.png","type":"image\/png"}],"twitter_card":"summary_large_image","twitter_misc":{"Tempo di lettura stimato":"3 minuti"},"schema":{"@context":"https:\/\/schema.org","@graph":[{"@type":"WebPage","@id":"https:\/\/www.meler.cn\/it\/meler\/identidad-corporativa\/","url":"https:\/\/www.meler.cn\/it\/meler\/identidad-corporativa\/","name":"Identit\u00e0 aziendale- Meler","isPartOf":{"@id":"https:\/\/www.meler.cn\/it\/#website"},"datePublished":"2023-03-27T13:13:48+00:00","dateModified":"2024-11-06T09:45:17+00:00","description":"Le persone sono la nostra risorsa pi\u00f9 grande. Vi presentiamo il nostro team, ricco di persone con esperienza, conoscenza e impegno.","breadcrumb":{"@id":"https:\/\/www.meler.cn\/it\/meler\/identidad-corporativa\/#breadcrumb"},"inLanguage":"it-IT","potentialAction":[{"@type":"ReadAction","target":["https:\/\/www.meler.cn\/it\/meler\/identidad-corporativa\/"]}]},{"@type":"BreadcrumbList","@id":"https:\/\/www.meler.cn\/it\/meler\/identidad-corporativa\/#breadcrumb","itemListElement":[{"@type":"ListItem","position":1,"name":"Portada","item":"https:\/\/www.meler.cn\/it\/"},{"@type":"ListItem","position":2,"name":"Meler","item":"https:\/\/20097.ttandemdigital.com\/it\/meler\/"},{"@type":"ListItem","position":3,"name":"Identit\u00e0 aziendale"}]},{"@type":"WebSite","@id":"https:\/\/www.meler.cn\/it\/#website","url":"https:\/\/www.meler.cn\/it\/","name":"Meler","description":"Just another WordPress site","potentialAction":[{"@type":"SearchAction","target":{"@type":"EntryPoint","urlTemplate":"https:\/\/www.meler.cn\/it\/?s={search_term_string}"},"query-input":"required name=search_term_string"}],"inLanguage":"it-IT"}]}},"_links":{"self":[{"href":"https:\/\/www.meler.cn\/it\/wp-json\/wp\/v2\/pages\/28413"}],"collection":[{"href":"https:\/\/www.meler.cn\/it\/wp-json\/wp\/v2\/pages"}],"about":[{"href":"https:\/\/www.meler.cn\/it\/wp-json\/wp\/v2\/types\/page"}],"author":[{"embeddable":true,"href":"https:\/\/www.meler.cn\/it\/wp-json\/wp\/v2\/users\/1"}],"replies":[{"embeddable":true,"href":"https:\/\/www.meler.cn\/it\/wp-json\/wp\/v2\/comments?post=28413"}],"version-history":[{"count":7,"href":"https:\/\/www.meler.cn\/it\/wp-json\/wp\/v2\/pages\/28413\/revisions"}],"predecessor-version":[{"id":33884,"href":"https:\/\/www.meler.cn\/it\/wp-json\/wp\/v2\/pages\/28413\/revisions\/33884"}],"up":[{"embeddable":true,"href":"https:\/\/www.meler.cn\/it\/wp-json\/wp\/v2\/pages\/26022"}],"wp:featuredmedia":[{"embeddable":true,"href":"https:\/\/www.meler.cn\/it\/wp-json\/wp\/v2\/media\/28229"}],"wp:attachment":[{"href":"https:\/\/www.meler.cn\/it\/wp-json\/wp\/v2\/media?parent=28413"}],"curies":[{"name":"wp","href":"https:\/\/api.w.org\/{rel}","templated":true}]}}