




















{"id":27649,"date":"2023-03-27T13:27:12","date_gmt":"2023-03-27T13:27:12","guid":{"rendered":"https:\/\/www.meler.eu\/?page_id=27649"},"modified":"2025-02-06T12:18:57","modified_gmt":"2025-02-06T12:18:57","slug":"gluing-tomorrow","status":"publish","type":"page","link":"https:\/\/www.meler.cn\/it\/gluing-tomorrow\/","title":{"rendered":"Gluing Tomorrow"},"content":{"rendered":"<p>[vc_row row_vertical_align=&#8221;valign-middle&#8221; el_class=&#8221;reverse-column-mobile&#8221;][vc_column width=&#8221;1\/2&#8243;][single_image image=&#8221;28201&#8243;][\/vc_column][vc_column row_spacing_h=&#8221;left-spacing&#8221; width=&#8221;1\/2&#8243;][text]<\/p>\n<p class=\"summary\">Generatori di cambiamento<\/p>\n<p>[\/text][see_details]Il nostro modo di essere pi\u00f9 sostenibili si basa su una <strong>visione a 360\u00b0<\/strong> che parte dalla progettazione dei prodotti. Innoviamo per ottenere una maggiore produttivit\u00e0, richiedendo meno risorse e lavorando su soluzioni efficienti dal punto di vista energetico, durevoli e robuste.<\/p>\n<p>Una tecnologia all&#8217;avanguardia, supportata da dati reali di laboratorio, ci spinge a guardare al futuro producendo <strong>soluzioni con un ciclo di vita sempre pi\u00f9 lungo.<\/strong>[\/see_details][\/vc_column][\/vc_row][vc_row row_vertical_align=&#8221;valign-middle&#8221; el_class=&#8221;reverse-column-mobile&#8221;][vc_column row_spacing_h=&#8221;left-spacing&#8221; width=&#8221;1\/2&#8243;][text]<\/p>\n<p class=\"summary\">L&#8217;innovazione pu\u00f2 cambiare il mondo<\/p>\n<p>[\/text][see_details]In Meler lavoriamo per rendere i processi adesivi industriali sempre pi\u00f9 sostenibili per il pianeta. Una riduzione dell&#8217;impatto ambientale supportata da soluzioni concrete, come la <strong>Foam Technology di Meler,<\/strong> che riduce l&#8217;uso di adesivo e migliora la qualit\u00e0 del prodotto. Una ricerca costante che d\u00e0 i suoi frutti mettendo a disposizione dell&#8217;utente i <strong>fusori pi\u00f9 efficienti del pianeta.<\/strong><\/p>\n<p>Ricerchiamo e investiamo perch\u00e9 il nostro business migliora solo se lo fa anche il vostro.[\/see_details][\/vc_column][vc_column width=&#8221;1\/2&#8243;][single_image image=&#8221;28175&#8243;][\/vc_column][\/vc_row][vc_row][vc_column width=&#8221;1\/1&#8243;][single_image][\/vc_column][\/vc_row][vc_row row_layout=&#8221;full&#8221;][vc_column width=&#8221;1\/1&#8243;][CtaModule cta_item=&#8221;26703&#8243;][\/vc_column][\/vc_row][vc_row][vc_column row_spacing_h=&#8221;left-spacing&#8221; width=&#8221;1\/1&#8243;][text]<\/p>\n<p class=\"summary\">Il nostro impatto<\/p>\n<p>[\/text][vc_row_inner][vc_column_inner width=&#8221;1\/3&#8243;][text_datos categoria=&#8221;Ambiente&#8221; cifra=&#8221;35%&#8221; titulo=&#8221;Autoconsumo&#8221;]Grazie all&#8217;installazione di pannelli solari.<\/p>\n<p><img decoding=\"async\" loading=\"lazy\" class=\"alignnone size-full wp-image-34160\" src=\"https:\/\/www.meler.cn\/media\/ecovadislogonofondo.png\" alt=\"\" width=\"100\" height=\"100\" \/>[\/text_datos][\/vc_column_inner][vc_column_inner width=&#8221;1\/3&#8243;][text_datos categoria=&#8221;Sociale&#8221; cifra=&#8221;1%&#8221; titulo=&#8221;Infortuni sul lavoro&#8221;]Impegnarsi per i lavoratori creando spazi sicuri.<\/p>\n<p><img decoding=\"async\" loading=\"lazy\" class=\"alignnone wp-image-35192 size-full\" src=\"https:\/\/www.meler.cn\/media\/IconoSocialGT-1.png\" alt=\"\" width=\"100\" height=\"100\" \/>[\/text_datos][\/vc_column_inner][vc_column_inner width=&#8221;1\/3&#8243;][text_datos cifra=&#8221;+50%&#8221; titulo=&#8221;Dipendenti&#8221; categoria=&#8221;La governance&#8221;]Con una retribuzione variabile legata a obiettivi misurabili.<\/p>\n<p><img decoding=\"async\" loading=\"lazy\" class=\"alignnone size-full wp-image-34012\" src=\"https:\/\/www.meler.cn\/media\/micralogofondo.png\" alt=\"\" width=\"100\" height=\"100\" \/>[\/text_datos][\/vc_column_inner][\/vc_row_inner][\/vc_column][\/vc_row]<\/p>\n","protected":false},"excerpt":{"rendered":"<p>[vc_row row_vertical_align=&#8221;valign-middle&#8221; el_class=&#8221;reverse-column-mobile&#8221;][vc_column width=&#8221;1\/2&#8243;][single_image image=&#8221;28201&#8243;][\/vc_column][vc_column row_spacing_h=&#8221;left-spacing&#8221; width=&#8221;1\/2&#8243;][text] Generatori di cambiamento [\/text][see_details]Il nostro modo di essere pi\u00f9 sostenibili si basa su una visione a 360\u00b0 che parte dalla progettazione dei prodotti. Innoviamo per ottenere una maggiore produttivit\u00e0, richiedendo meno risorse e lavorando su soluzioni efficienti dal punto di vista energetico, durevoli e robuste. Una tecnologia all&#8217;avanguardia, [&hellip;]<\/p>\n","protected":false},"author":1,"featured_media":28189,"parent":0,"menu_order":91,"comment_status":"closed","ping_status":"closed","template":"","meta":[],"yoast_head":"<!-- This site is optimized with the Yoast SEO plugin v20.3 - https:\/\/yoast.com\/wordpress\/plugins\/seo\/ -->\n<title>Gluing Tomorrow - Meler<\/title>\n<meta name=\"description\" content=\"Ricerchiamo e investiamo perch\u00e9 il nostro business migliora solo se lo fa anche il vostro. Costruiamo insieme il domani, GLUING TOMORROW.\" \/>\n<meta name=\"robots\" content=\"index, follow, max-snippet:-1, max-image-preview:large, max-video-preview:-1\" \/>\n<link rel=\"canonical\" href=\"https:\/\/www.meler.cn\/it\/gluing-tomorrow\/\" \/>\n<meta property=\"og:locale\" content=\"it_IT\" \/>\n<meta property=\"og:type\" content=\"article\" \/>\n<meta property=\"og:title\" content=\"Gluing Tomorrow - Meler\" \/>\n<meta property=\"og:description\" content=\"Ricerchiamo e investiamo perch\u00e9 il nostro business migliora solo se lo fa anche il vostro. Costruiamo insieme il domani, GLUING TOMORROW.\" \/>\n<meta property=\"og:url\" content=\"https:\/\/www.meler.cn\/it\/gluing-tomorrow\/\" \/>\n<meta property=\"og:site_name\" content=\"Meler\" \/>\n<meta property=\"article:modified_time\" content=\"2025-02-06T12:18:57+00:00\" \/>\n<meta property=\"og:image\" content=\"https:\/\/www.meler.cn\/media\/header-gluing-tomorrow.png\" \/>\n\t<meta property=\"og:image:width\" content=\"1920\" \/>\n\t<meta property=\"og:image:height\" content=\"780\" \/>\n\t<meta property=\"og:image:type\" content=\"image\/png\" \/>\n<meta name=\"twitter:card\" content=\"summary_large_image\" \/>\n<meta name=\"twitter:label1\" content=\"Tempo di lettura stimato\" \/>\n\t<meta name=\"twitter:data1\" content=\"2 minuti\" \/>\n<script type=\"application\/ld+json\" class=\"yoast-schema-graph\">{\"@context\":\"https:\/\/schema.org\",\"@graph\":[{\"@type\":\"WebPage\",\"@id\":\"https:\/\/www.meler.cn\/it\/gluing-tomorrow\/\",\"url\":\"https:\/\/www.meler.cn\/it\/gluing-tomorrow\/\",\"name\":\"Gluing Tomorrow - Meler\",\"isPartOf\":{\"@id\":\"https:\/\/www.meler.cn\/it\/#website\"},\"datePublished\":\"2023-03-27T13:27:12+00:00\",\"dateModified\":\"2025-02-06T12:18:57+00:00\",\"description\":\"Ricerchiamo e investiamo perch\u00e9 il nostro business migliora solo se lo fa anche il vostro. Costruiamo insieme il domani, GLUING TOMORROW.\",\"breadcrumb\":{\"@id\":\"https:\/\/www.meler.cn\/it\/gluing-tomorrow\/#breadcrumb\"},\"inLanguage\":\"it-IT\",\"potentialAction\":[{\"@type\":\"ReadAction\",\"target\":[\"https:\/\/www.meler.cn\/it\/gluing-tomorrow\/\"]}]},{\"@type\":\"BreadcrumbList\",\"@id\":\"https:\/\/www.meler.cn\/it\/gluing-tomorrow\/#breadcrumb\",\"itemListElement\":[{\"@type\":\"ListItem\",\"position\":1,\"name\":\"Portada\",\"item\":\"https:\/\/www.meler.cn\/it\/\"},{\"@type\":\"ListItem\",\"position\":2,\"name\":\"Gluing Tomorrow\"}]},{\"@type\":\"WebSite\",\"@id\":\"https:\/\/www.meler.cn\/it\/#website\",\"url\":\"https:\/\/www.meler.cn\/it\/\",\"name\":\"Meler\",\"description\":\"Just another WordPress site\",\"potentialAction\":[{\"@type\":\"SearchAction\",\"target\":{\"@type\":\"EntryPoint\",\"urlTemplate\":\"https:\/\/www.meler.cn\/it\/?s={search_term_string}\"},\"query-input\":\"required name=search_term_string\"}],\"inLanguage\":\"it-IT\"}]}<\/script>\n<!-- \/ Yoast SEO plugin. -->","yoast_head_json":{"title":"Gluing Tomorrow - Meler","description":"Ricerchiamo e investiamo perch\u00e9 il nostro business migliora solo se lo fa anche il vostro. Costruiamo insieme il domani, GLUING TOMORROW.","robots":{"index":"index","follow":"follow","max-snippet":"max-snippet:-1","max-image-preview":"max-image-preview:large","max-video-preview":"max-video-preview:-1"},"canonical":"https:\/\/www.meler.cn\/it\/gluing-tomorrow\/","og_locale":"it_IT","og_type":"article","og_title":"Gluing Tomorrow - Meler","og_description":"Ricerchiamo e investiamo perch\u00e9 il nostro business migliora solo se lo fa anche il vostro. Costruiamo insieme il domani, GLUING TOMORROW.","og_url":"https:\/\/www.meler.cn\/it\/gluing-tomorrow\/","og_site_name":"Meler","article_modified_time":"2025-02-06T12:18:57+00:00","og_image":[{"width":1920,"height":780,"url":"https:\/\/www.meler.cn\/media\/header-gluing-tomorrow.png","type":"image\/png"}],"twitter_card":"summary_large_image","twitter_misc":{"Tempo di lettura stimato":"2 minuti"},"schema":{"@context":"https:\/\/schema.org","@graph":[{"@type":"WebPage","@id":"https:\/\/www.meler.cn\/it\/gluing-tomorrow\/","url":"https:\/\/www.meler.cn\/it\/gluing-tomorrow\/","name":"Gluing Tomorrow - Meler","isPartOf":{"@id":"https:\/\/www.meler.cn\/it\/#website"},"datePublished":"2023-03-27T13:27:12+00:00","dateModified":"2025-02-06T12:18:57+00:00","description":"Ricerchiamo e investiamo perch\u00e9 il nostro business migliora solo se lo fa anche il vostro. Costruiamo insieme il domani, GLUING TOMORROW.","breadcrumb":{"@id":"https:\/\/www.meler.cn\/it\/gluing-tomorrow\/#breadcrumb"},"inLanguage":"it-IT","potentialAction":[{"@type":"ReadAction","target":["https:\/\/www.meler.cn\/it\/gluing-tomorrow\/"]}]},{"@type":"BreadcrumbList","@id":"https:\/\/www.meler.cn\/it\/gluing-tomorrow\/#breadcrumb","itemListElement":[{"@type":"ListItem","position":1,"name":"Portada","item":"https:\/\/www.meler.cn\/it\/"},{"@type":"ListItem","position":2,"name":"Gluing Tomorrow"}]},{"@type":"WebSite","@id":"https:\/\/www.meler.cn\/it\/#website","url":"https:\/\/www.meler.cn\/it\/","name":"Meler","description":"Just another WordPress site","potentialAction":[{"@type":"SearchAction","target":{"@type":"EntryPoint","urlTemplate":"https:\/\/www.meler.cn\/it\/?s={search_term_string}"},"query-input":"required name=search_term_string"}],"inLanguage":"it-IT"}]}},"_links":{"self":[{"href":"https:\/\/www.meler.cn\/it\/wp-json\/wp\/v2\/pages\/27649"}],"collection":[{"href":"https:\/\/www.meler.cn\/it\/wp-json\/wp\/v2\/pages"}],"about":[{"href":"https:\/\/www.meler.cn\/it\/wp-json\/wp\/v2\/types\/page"}],"author":[{"embeddable":true,"href":"https:\/\/www.meler.cn\/it\/wp-json\/wp\/v2\/users\/1"}],"replies":[{"embeddable":true,"href":"https:\/\/www.meler.cn\/it\/wp-json\/wp\/v2\/comments?post=27649"}],"version-history":[{"count":16,"href":"https:\/\/www.meler.cn\/it\/wp-json\/wp\/v2\/pages\/27649\/revisions"}],"predecessor-version":[{"id":35450,"href":"https:\/\/www.meler.cn\/it\/wp-json\/wp\/v2\/pages\/27649\/revisions\/35450"}],"wp:featuredmedia":[{"embeddable":true,"href":"https:\/\/www.meler.cn\/it\/wp-json\/wp\/v2\/media\/28189"}],"wp:attachment":[{"href":"https:\/\/www.meler.cn\/it\/wp-json\/wp\/v2\/media?parent=27649"}],"curies":[{"name":"wp","href":"https:\/\/api.w.org\/{rel}","templated":true}]}}