




















{"id":24077,"date":"2023-02-01T15:44:24","date_gmt":"2023-02-01T15:44:24","guid":{"rendered":"https:\/\/www.meler.eu\/meler-academy\/adhesivos-hot-melt\/"},"modified":"2025-01-30T10:18:02","modified_gmt":"2025-01-30T10:18:02","slug":"adesivi-hot-melt","status":"publish","type":"page","link":"https:\/\/www.meler.cn\/it\/servizi\/meler-academy\/adesivi-hot-melt\/","title":{"rendered":"Adesivi hot-melt"},"content":{"rendered":"<p>[vc_row][vc_column width=&#8221;1\/1&#8243;][text]<\/p>\n<h2 class=\"txt-center style-01 txt-width\"><strong>SPECIALISTI NELL\u2019APPLICAZIONE DI HOT-MELT<\/strong><\/h2>\n<p class=\"txt-width txt-center\">Realizziamo apparecchiature industriali per applicare adesivi termoplastici (EVA, PSA, PA, PO) e adesivi termostabili (PUR, POR).<\/p>\n<p>[\/text][\/vc_column][\/vc_row][vc_row][vc_column width=&#8221;1\/1&#8243;][ttdirectory_icons carousel_columns=&#8221;4&#8243;][ttdirectory_icon title=&#8221;Riscaldamento sequenziale&#8221; image=&#8221;33767&#8243;][\/ttdirectory_icon][ttdirectory_icon title=&#8221;Omogeneit\u00e0 termica&#8221; image=&#8221;33761&#8243;][\/ttdirectory_icon][ttdirectory_icon title=&#8221;Fusione efficiente&#8221; image=&#8221;33772&#8243;][\/ttdirectory_icon][ttdirectory_icon title=&#8221;Fusione a richesta&#8221; image=&#8221;33777&#8243;][\/ttdirectory_icon][\/ttdirectory_icons][\/vc_column][\/vc_row][vc_row row_vertical_align=&#8221;valign-middle&#8221; el_class=&#8221;bg-line-start reverse-column-mobile&#8221;][vc_column width=&#8221;1\/2&#8243;][text]<\/p>\n<p class=\"summary\">VANTAGGI PRODUTTIVI DEGLI ADESIVI HOT-MELT<\/p>\n<ul class=\"style-03\">\n<li><strong>Prestazioni elevate:\u00a0<\/strong>grande resistenza meccanica, tolleranza alle aggressioni chimiche, temperature estreme, ecc.<\/li>\n<li><strong>Produttivit\u00e0:<\/strong>\u00a0unione istantanea, senza tempi di essiccazione e indurimento, in modo da accelerare i tempi di produzione.<\/li>\n<li><strong>Grande versatilit\u00e0:\u00a0<\/strong>funzionano sulle superfici porose e possono essere riutilizzati.<\/li>\n<li><strong>Semplicit\u00e0 logistica:\u00a0<\/strong>manipolazione, stoccaggio e trasporto semplificati.<\/li>\n<\/ul>\n<p>[\/text][\/vc_column][vc_column width=&#8221;1\/2&#8243;][single_image image=&#8221;20159&#8243;][\/vc_column][\/vc_row][vc_row row_vertical_align=&#8221;valign-middle&#8221; el_class=&#8221;bg-line-end&#8221;][vc_column width=&#8221;1\/2&#8243;][single_image image=&#8221;20164&#8243; image_spacing=&#8221;top-spacing-med bottom-spacing-0&#8243;][\/vc_column][vc_column row_spacing_h=&#8221;left-spacing&#8221; width=&#8221;1\/2&#8243;][text]<\/p>\n<p class=\"summary\">ADESIVI UTILIZZATI PER OGNI APPLICAZIONE<\/p>\n<div class=\"moduleText\">\n<p>Il\u00a0<strong>tempo di apertura, il tempo di fissaggio, la viscosit\u00e0 e la temperatura di lavoro<\/strong>\u00a0sono le variabili che determinano il tipo di adesivo da utilizzare per ogni applicazione.<\/p>\n<\/div>\n<figure class=\"image-module top-spacing-med bottom-spacing-0\" data-animation=\"none\"><\/figure>\n<p>[\/text][\/vc_column][\/vc_row][vc_row][vc_column width=&#8221;1\/1&#8243;][text]<\/p>\n<h2 class=\"txt-center style-0\"><strong>TYPES D&#8217;ADH\u00c9SIFS<\/strong> Hot Melt<\/h2>\n<p>[\/text][vc_tta_tabs][vc_tta_section title=&#8221;HOT-MELT ADHESIVES&#8221; tab_id=&#8221;1718974421338-83364390-d381&#8243;][vc_row_inner row_spacing=&#8221;bottom-spacing-med top-spacing-0&#8243;][vc_column_inner][text]<\/p>\n<h2 class=\"style-05\">ADESIVI TERMOPLASTICI<\/h2>\n<p>Sono polimeri ad elevato peso molecolare che diventano deformabili alle temperature elevate e si induriscono quando si raffreddano. Possono fondersi di nuovo se si applica calore, anche se le propriet\u00e0 fisiche di incollaggio si deteriorano (storico termico). Di seguito elenchiamo gli adesivi in base ai seguenti gruppi di polimeri.[\/text][\/vc_column_inner][\/vc_row_inner][vc_row_inner][vc_column_inner width=&#8221;1\/2&#8243;][text]<\/p>\n<ul class=\"style-03\">\n<li><strong>EVA (Ethylene Vinyl Acetate):\u00a0<\/strong>\u00e8 uno dei polimeri base pi\u00f9 utilizzati nella formulazione di adesivi. \u00c8 di facile lavorazione e di grande flessibilit\u00e0, anche a bassa temperatura. Viene utilizzato principalmente in settori come l\u2019imballaggio o l\u2019assemblaggio di prodotti. Non adatto all\u2019uso in esterno.<\/li>\n<li><strong>Melatoloceni:<\/strong>\u00a0adesivi a bassa emissione di composti volatili (VOC) ed elevata stabilit\u00e0 termica. Come gli EVA, sono facili da lavorare. Si utilizzano di solito per ottenere prestazioni speciali.<\/li>\n<li><strong>Autoadesivi (PSA):\u00a0<\/strong>elevato tack (adesivit\u00e0) anche con variazioni della temperatura. Uso abituale in applicazioni di adesivo sensibile alla pressione.<\/li>\n<\/ul>\n<p>[\/text][\/vc_column_inner][vc_column_inner width=&#8221;1\/2&#8243;][text]<\/p>\n<ul class=\"style-03\">\n<li><strong>Poliammide (PA):\u00a0<\/strong>hanno eccellente resistenza ai prodotti chimici; la temperatura di lavorazione, per\u00f2, \u00e8 molto elevata (da 160\u00aaC a 200\u00baC). Indicato per l\u2019incollaggio di substrati come metallo, legno, tessuti o per isolamenti elettrici.<\/li>\n<li><strong>Poliolefina (APO\/APAO):<\/strong>\u00a0anche se non sono adatti all\u2019uso in ambienti esterni, offrono maggiore resistenza termica rispetto agli EVA (temperatura di riattivazione da 115\u00b0C a 130\u00b0C) e maggiore tempo di apertura. Per la loro difficolt\u00e0 di lavorazione \u00e8 necessario utilizzare sistemi di applicazione analoghi a quelli degli adesivi reattivi. Molto usati nell\u2019assemblaggio di prodotti.<\/li>\n<\/ul>\n<p>[\/text][\/vc_column_inner][\/vc_row_inner][vc_row_inner row_spacing=&#8221;top-spacing-min bottom-spacing-0&#8243;][vc_column_inner][single_image image=&#8221;30698&#8243; image_spacing=&#8221;bottom-spacing top-spacing-0&#8243;][\/vc_column_inner][\/vc_row_inner][\/vc_tta_section][vc_tta_section title=&#8221;HOT-MELT ADHESIVES&#8221; tab_id=&#8221;1718974421400-2167b6b1-e418&#8243;][text]<\/p>\n<h2 class=\"style-05\">ADESIVI TERMOSTABILI<\/h2>\n<p>Sono adesivi che devono il loro potere adesivo a reazioni chimiche di polimerizzazione, reazioni attivate dal calore o da catalizzatori come l\u2019umidit\u00e0 o raggi UV. Si utilizzano per realizzare prodotti che richiedono un\u2019elevata resistenza alla temperatura e all\u2019umidit\u00e0. Hanno un\u2019elevata capacit\u00e0 di coesione, ma una volta solidificati, il processo \u00e8 irreversibile.<\/p>\n<ul class=\"style-03\">\n<li><strong>Poliuretano (PUR):\u00a0<\/strong>sono adesivi a grande resistenza meccanica e molto versatili. Sono caratterizzati da un elevato tempo di apertura che agevola i processi produttivi. Sono resistenti al calore e vengono usati sia in ambienti interni che esterni. Sono utilizzati nell\u2019ingegneria dei materiali plastici, nell\u2019assemblaggio di automobili, nella lavorazione del legno, nella rilegatura, ecc.<\/li>\n<li><strong>Poliolefine reattive (POR):\u00a0<\/strong>buona adesione su materiali non porosi come propilene (PP) senza necessit\u00e0 di trattamento preliminare.<\/li>\n<\/ul>\n<p>&nbsp;<\/p>\n<p><img decoding=\"async\" loading=\"lazy\" class=\"alignnone size-medium wp-image-31331\" src=\"https:\/\/www.meler.cn\/media\/adhesive-termoestable-meler-624x112.png\" alt=\"\" width=\"624\" height=\"112\" srcset=\"https:\/\/www.meler.cn\/media\/adhesive-termoestable-meler-624x112.png 624w, https:\/\/www.meler.cn\/media\/adhesive-termoestable-meler-768x138.png 768w, https:\/\/www.meler.cn\/media\/adhesive-termoestable-meler.png 1280w\" sizes=\"(max-width: 624px) 100vw, 624px\" \/>[\/text][\/vc_tta_section][\/vc_tta_tabs][\/vc_column][\/vc_row][vc_row row_layout=&#8221;full&#8221; row_spacing=&#8221;bottom-spacing-med top-spacing-0&#8243;][vc_column width=&#8221;1\/1&#8243;][CtaModule cta_item=&#8221;31344&#8243;][\/vc_column][\/vc_row][vc_row][vc_column width=&#8221;1\/1&#8243;][text]<\/p>\n<h2 class=\"txt-center\"><strong>Our equipment <\/strong>according to their presentation format[\/text][vc_tta_tabs][vc_tta_section title=&#8221;PELLET&#8221; tab_id=&#8221;1718978448724-d4262936-622b&#8221;][ttdirectory_products carousel_columns=&#8221;4&#8243; style=&#8221;1&#8243;][ttdirectory_product_melters post_melter=&#8221;23782&#8243;][ttdirectory_product_melters post_melter=&#8221;22698&#8243;][ttdirectory_product_melters post_melter=&#8221;23737&#8243;][ttdirectory_product_melters post_melter=&#8221;24556&#8243;][\/ttdirectory_products][\/vc_tta_section][vc_tta_section title=&#8221;2 KG BLOCKS&#8221; tab_id=&#8221;1718978448755-a4e67a79-af64&#8243;][ttdirectory_products carousel_columns=&#8221;4&#8243; style=&#8221;1&#8243;][ttdirectory_product_melters post_melter=&#8221;26105&#8243;][ttdirectory_product_melters post_melter=&#8221;26110&#8243;][ttdirectory_product_melters post_melter=&#8221;26115&#8243;][\/ttdirectory_products][\/vc_tta_section][vc_tta_section title=&#8221;20 KG BLOCKS&#8221; tab_id=&#8221;1718978452170-295678bb-0fcd&#8221;][ttdirectory_products carousel_columns=&#8221;4&#8243; style=&#8221;1&#8243;][ttdirectory_product_melters post_melter=&#8221;24856&#8243;][ttdirectory_product_melters post_melter=&#8221;26120&#8243;][\/ttdirectory_products][\/vc_tta_section][vc_tta_section title=&#8221;PUR REACTIVE ADHESIVES&#8221; tab_id=&#8221;1718978658156-222791b4-5a8f&#8221;][ttdirectory_products carousel_columns=&#8221;4&#8243; style=&#8221;1&#8243;][ttdirectory_product_melters post_melter=&#8221;26138&#8243;][ttdirectory_product_melters post_melter=&#8221;25230&#8243;][ttdirectory_product_melters post_melter=&#8221;26645&#8243;][ttdirectory_product_special_projects post_special_projects=&#8221;26158&#8243;][\/ttdirectory_products][\/vc_tta_section][\/vc_tta_tabs][\/vc_column][\/vc_row][vc_row row_layout=&#8221;full&#8221; row_spacing=&#8221;top-spacing bottom-spacing&#8221; el_class=&#8221;bg-line-left&#8221;][vc_column width=&#8221;1\/1&#8243;][ttdirectory_newslist news_cat=&#8221;adesivi&#8221;]<\/h2>\n<h2 class=\"style-02\">Notizie<\/h2>\n<p>[\/ttdirectory_newslist][\/vc_column][\/vc_row][vc_row row_layout=&#8221;full&#8221; row_spacing=&#8221;top-spacing-min bottom-spacing-0&#8243;][vc_column width=&#8221;1\/1&#8243;][CtaModule cta_item=&#8221;21133&#8243;][\/vc_column][\/vc_row]<\/p>\n","protected":false},"excerpt":{"rendered":"<p>Soluzioni esperte per l\u2019applicazione di adesivi industriali<\/p>\n","protected":false},"author":1,"featured_media":20150,"parent":24069,"menu_order":87,"comment_status":"closed","ping_status":"closed","template":"","meta":[],"yoast_head":"<!-- This site is optimized with the Yoast SEO plugin v20.3 - https:\/\/yoast.com\/wordpress\/plugins\/seo\/ -->\n<title>Servizio di applicazione di adesivi hot melt - Meler<\/title>\n<meta name=\"description\" content=\"Vi forniamo le informazioni pi\u00f9 complete sugli adesivi hot melt. Che cosa sono gli adesivi hot melt? A cosa serve?\" \/>\n<meta name=\"robots\" content=\"index, follow, max-snippet:-1, max-image-preview:large, max-video-preview:-1\" \/>\n<link rel=\"canonical\" href=\"https:\/\/www.meler.cn\/it\/servizi\/meler-academy\/adesivi-hot-melt\/\" \/>\n<meta property=\"og:locale\" content=\"it_IT\" \/>\n<meta property=\"og:type\" content=\"article\" \/>\n<meta property=\"og:title\" content=\"Servizio di applicazione di adesivi hot melt - Meler\" \/>\n<meta property=\"og:description\" content=\"Vi forniamo le informazioni pi\u00f9 complete sugli adesivi hot melt. Che cosa sono gli adesivi hot melt? A cosa serve?\" \/>\n<meta property=\"og:url\" content=\"https:\/\/www.meler.cn\/it\/servizi\/meler-academy\/adesivi-hot-melt\/\" \/>\n<meta property=\"og:site_name\" content=\"Meler\" \/>\n<meta property=\"article:modified_time\" content=\"2025-01-30T10:18:02+00:00\" \/>\n<meta property=\"og:image\" content=\"https:\/\/20097.ttandemdigital.com\/media\/header-servicios-meler-suport-adhesivo-hot-melt-meler.png\" \/>\n\t<meta property=\"og:image:width\" content=\"1920\" \/>\n\t<meta property=\"og:image:height\" content=\"780\" \/>\n\t<meta property=\"og:image:type\" content=\"image\/png\" \/>\n<meta name=\"twitter:card\" content=\"summary_large_image\" \/>\n<meta name=\"twitter:label1\" content=\"Tempo di lettura stimato\" \/>\n\t<meta name=\"twitter:data1\" content=\"3 minuti\" \/>\n<script type=\"application\/ld+json\" class=\"yoast-schema-graph\">{\"@context\":\"https:\/\/schema.org\",\"@graph\":[{\"@type\":\"WebPage\",\"@id\":\"https:\/\/www.meler.cn\/it\/servizi\/meler-academy\/adesivi-hot-melt\/\",\"url\":\"https:\/\/www.meler.cn\/it\/servizi\/meler-academy\/adesivi-hot-melt\/\",\"name\":\"Servizio di applicazione di adesivi hot melt - Meler\",\"isPartOf\":{\"@id\":\"https:\/\/www.meler.cn\/it\/#website\"},\"datePublished\":\"2023-02-01T15:44:24+00:00\",\"dateModified\":\"2025-01-30T10:18:02+00:00\",\"description\":\"Vi forniamo le informazioni pi\u00f9 complete sugli adesivi hot melt. Che cosa sono gli adesivi hot melt? A cosa serve?\",\"breadcrumb\":{\"@id\":\"https:\/\/www.meler.cn\/it\/servizi\/meler-academy\/adesivi-hot-melt\/#breadcrumb\"},\"inLanguage\":\"it-IT\",\"potentialAction\":[{\"@type\":\"ReadAction\",\"target\":[\"https:\/\/www.meler.cn\/it\/servizi\/meler-academy\/adesivi-hot-melt\/\"]}]},{\"@type\":\"BreadcrumbList\",\"@id\":\"https:\/\/www.meler.cn\/it\/servizi\/meler-academy\/adesivi-hot-melt\/#breadcrumb\",\"itemListElement\":[{\"@type\":\"ListItem\",\"position\":1,\"name\":\"Portada\",\"item\":\"https:\/\/www.meler.cn\/it\/\"},{\"@type\":\"ListItem\",\"position\":2,\"name\":\"Servizi\",\"item\":\"https:\/\/20097.ttandemdigital.com\/it\/servizi\/\"},{\"@type\":\"ListItem\",\"position\":3,\"name\":\"Meler Academy\",\"item\":\"https:\/\/20097.ttandemdigital.com\/it\/servizi\/meler-academy\/\"},{\"@type\":\"ListItem\",\"position\":4,\"name\":\"Adesivi hot-melt\"}]},{\"@type\":\"WebSite\",\"@id\":\"https:\/\/www.meler.cn\/it\/#website\",\"url\":\"https:\/\/www.meler.cn\/it\/\",\"name\":\"Meler\",\"description\":\"Just another WordPress site\",\"potentialAction\":[{\"@type\":\"SearchAction\",\"target\":{\"@type\":\"EntryPoint\",\"urlTemplate\":\"https:\/\/www.meler.cn\/it\/?s={search_term_string}\"},\"query-input\":\"required name=search_term_string\"}],\"inLanguage\":\"it-IT\"}]}<\/script>\n<!-- \/ Yoast SEO plugin. -->","yoast_head_json":{"title":"Servizio di applicazione di adesivi hot melt - Meler","description":"Vi forniamo le informazioni pi\u00f9 complete sugli adesivi hot melt. Che cosa sono gli adesivi hot melt? A cosa serve?","robots":{"index":"index","follow":"follow","max-snippet":"max-snippet:-1","max-image-preview":"max-image-preview:large","max-video-preview":"max-video-preview:-1"},"canonical":"https:\/\/www.meler.cn\/it\/servizi\/meler-academy\/adesivi-hot-melt\/","og_locale":"it_IT","og_type":"article","og_title":"Servizio di applicazione di adesivi hot melt - Meler","og_description":"Vi forniamo le informazioni pi\u00f9 complete sugli adesivi hot melt. Che cosa sono gli adesivi hot melt? A cosa serve?","og_url":"https:\/\/www.meler.cn\/it\/servizi\/meler-academy\/adesivi-hot-melt\/","og_site_name":"Meler","article_modified_time":"2025-01-30T10:18:02+00:00","og_image":[{"width":1920,"height":780,"url":"https:\/\/20097.ttandemdigital.com\/media\/header-servicios-meler-suport-adhesivo-hot-melt-meler.png","type":"image\/png"}],"twitter_card":"summary_large_image","twitter_misc":{"Tempo di lettura stimato":"3 minuti"},"schema":{"@context":"https:\/\/schema.org","@graph":[{"@type":"WebPage","@id":"https:\/\/www.meler.cn\/it\/servizi\/meler-academy\/adesivi-hot-melt\/","url":"https:\/\/www.meler.cn\/it\/servizi\/meler-academy\/adesivi-hot-melt\/","name":"Servizio di applicazione di adesivi hot melt - Meler","isPartOf":{"@id":"https:\/\/www.meler.cn\/it\/#website"},"datePublished":"2023-02-01T15:44:24+00:00","dateModified":"2025-01-30T10:18:02+00:00","description":"Vi forniamo le informazioni pi\u00f9 complete sugli adesivi hot melt. Che cosa sono gli adesivi hot melt? A cosa serve?","breadcrumb":{"@id":"https:\/\/www.meler.cn\/it\/servizi\/meler-academy\/adesivi-hot-melt\/#breadcrumb"},"inLanguage":"it-IT","potentialAction":[{"@type":"ReadAction","target":["https:\/\/www.meler.cn\/it\/servizi\/meler-academy\/adesivi-hot-melt\/"]}]},{"@type":"BreadcrumbList","@id":"https:\/\/www.meler.cn\/it\/servizi\/meler-academy\/adesivi-hot-melt\/#breadcrumb","itemListElement":[{"@type":"ListItem","position":1,"name":"Portada","item":"https:\/\/www.meler.cn\/it\/"},{"@type":"ListItem","position":2,"name":"Servizi","item":"https:\/\/20097.ttandemdigital.com\/it\/servizi\/"},{"@type":"ListItem","position":3,"name":"Meler Academy","item":"https:\/\/20097.ttandemdigital.com\/it\/servizi\/meler-academy\/"},{"@type":"ListItem","position":4,"name":"Adesivi hot-melt"}]},{"@type":"WebSite","@id":"https:\/\/www.meler.cn\/it\/#website","url":"https:\/\/www.meler.cn\/it\/","name":"Meler","description":"Just another WordPress site","potentialAction":[{"@type":"SearchAction","target":{"@type":"EntryPoint","urlTemplate":"https:\/\/www.meler.cn\/it\/?s={search_term_string}"},"query-input":"required name=search_term_string"}],"inLanguage":"it-IT"}]}},"_links":{"self":[{"href":"https:\/\/www.meler.cn\/it\/wp-json\/wp\/v2\/pages\/24077"}],"collection":[{"href":"https:\/\/www.meler.cn\/it\/wp-json\/wp\/v2\/pages"}],"about":[{"href":"https:\/\/www.meler.cn\/it\/wp-json\/wp\/v2\/types\/page"}],"author":[{"embeddable":true,"href":"https:\/\/www.meler.cn\/it\/wp-json\/wp\/v2\/users\/1"}],"replies":[{"embeddable":true,"href":"https:\/\/www.meler.cn\/it\/wp-json\/wp\/v2\/comments?post=24077"}],"version-history":[{"count":33,"href":"https:\/\/www.meler.cn\/it\/wp-json\/wp\/v2\/pages\/24077\/revisions"}],"predecessor-version":[{"id":35138,"href":"https:\/\/www.meler.cn\/it\/wp-json\/wp\/v2\/pages\/24077\/revisions\/35138"}],"up":[{"embeddable":true,"href":"https:\/\/www.meler.cn\/it\/wp-json\/wp\/v2\/pages\/24069"}],"wp:featuredmedia":[{"embeddable":true,"href":"https:\/\/www.meler.cn\/it\/wp-json\/wp\/v2\/media\/20150"}],"wp:attachment":[{"href":"https:\/\/www.meler.cn\/it\/wp-json\/wp\/v2\/media?parent=24077"}],"curies":[{"name":"wp","href":"https:\/\/api.w.org\/{rel}","templated":true}]}}