




















{"id":23907,"date":"2022-11-28T08:41:57","date_gmt":"2022-11-28T08:41:57","guid":{"rendered":"https:\/\/www.meler.eu\/meler-en-el-mundo\/"},"modified":"2025-01-24T09:14:03","modified_gmt":"2025-01-24T09:14:03","slug":"meler-en-el-mundo","status":"publish","type":"page","link":"https:\/\/www.meler.cn\/it\/meler\/meler-en-el-mundo\/","title":{"rendered":"CON TE, OVUNQUE TU SIA"},"content":{"rendered":"<p>[vc_row bg_image_position=&#8221;0 100%&#8221; row_bg_color=&#8221;bg-04&#8243; row_spacing=&#8221;top-spacing bottom-spacing&#8221; row_vertical_align=&#8221;valign-middle&#8221; el_class=&#8221;reverse-column-mobile&#8221;][vc_column row_spacing=&#8221;spacing-v-0&#8243; row_spacing_h=&#8221;left-spacing&#8221; width=&#8221;1\/1&#8243;][text]<\/p>\n<h2 class=\"txt-center summary style-02 txt-width\">Gluing Worldwide<\/h2>\n<p class=\"txt-width txt-center\">Offriamo le migliori soluzioni che mirano sempre a facilitare lo sviluppo dei nostri partner e clienti.<strong> E lo facciamo ovunque tu sia.<\/strong><\/p>\n<p class=\"txt-width txt-center\">Scopri il tuo <strong>Meler <\/strong>pi\u00f9 vicino e scopri cosa significa poter contare su<strong>#YourGluingSolutionsPartner <\/strong>ogni volta che ne hai bisogno.<\/p>\n<p>[\/text][\/vc_column][\/vc_row][vc_row bg_image_position=&#8221;0 100%&#8221; row_bg_color=&#8221;bg-04&#8243; row_spacing=&#8221;bottom-spacing top-spacing-0&#8243; row_spacing_h=&#8221;spacing-h-0&#8243; row_vertical_align=&#8221;valign-middle&#8221; el_class=&#8221;reverse-column-mobile&#8221;][vc_column row_spacing=&#8221;spacing-v-0&#8243; row_spacing_h=&#8221;left-spacing&#8221; width=&#8221;1\/1&#8243;][text]<style>\r\n\t#wpsl-stores .wpsl-store-thumb {height:45px !important; width:45px !important;}\r\n\t#wpsl-stores, #wpsl-direction-details, #wpsl-gmap {height:350px !important;}\r\n\t#wpsl-gmap .wpsl-info-window {max-width:225px !important;}\r\n\t.wpsl-input label, #wpsl-radius label, #wpsl-category label {width:95px;}\r\n\t#wpsl-search-input  {width:179px;}\r\n<\/style>\r\n<div id=\"wpsl-wrap\">\r\n\t<div class=\"wpsl-search wpsl-clearfix wpsl-no-filters\">\r\n\t\t<div id=\"wpsl-search-wrap\">\r\n\t\t\t<form autocomplete=\"off\">\r\n\t\t\t<div class=\"wpsl-input\">\r\n\t\t\t\t<div><label for=\"wpsl-search-input\">Your location<\/label><\/div>\r\n\t\t\t\t<input id=\"wpsl-search-input\" type=\"text\" value=\"\" name=\"wpsl-search-input\" placeholder=\"\" aria-required=\"true\" \/>\r\n\t\t\t<\/div>\r\n\t\t\t\t<div class=\"wpsl-search-btn-wrap\"><input id=\"wpsl-search-btn\" type=\"submit\" value=\"Search\"><\/div>\r\n\t\t<\/form>\r\n\t\t<\/div>\r\n\t<\/div>\r\n\t<div id=\"wpsl-gmap\" class=\"wpsl-gmap-canvas\"><\/div>\r\n\t<div id=\"wpsl-result-list\">\r\n\t\t<div id=\"wpsl-stores\" >\r\n\t\t\t<ul><\/ul>\r\n\t\t<\/div>\r\n\t\t<div id=\"wpsl-direction-details\">\r\n\t\t\t<ul><\/ul>\r\n\t\t<\/div>\r\n\t<\/div>\r\n<\/div>\r\n[\/text][\/vc_column][\/vc_row][vc_row row_layout=&#8221;full&#8221; row_spacing=&#8221;top-spacing-med bottom-spacing-0&#8243;][vc_column][text]<\/p>\n<h2 class=\"txt-center\">Meler<br \/>\n<strong>HEADQUARTERS<\/strong><\/h2>\n<p>[\/text][vc_row_inner row_layout=&#8221;full&#8221; row_spacing=&#8221;bottom-spacing-med top-spacing-0&#8243;][vc_column_inner][ttdirectories carousel_columns=&#8221;Infinito&#8221; position=&#8221;position_center&#8221;][ttdirectory_item directory_item_style=&#8221;directory-item-style-1&#8243; title=&#8221;Espagna&#8221; directory_style=&#8221;directory-item-style-1&#8243; image=&#8221;18247&#8243;]FOCKE MELER GLUING SOLUTIONS, S.A<br \/>\nPol. Arazuri-Orkoien, c\/B, n\u00ba3A<br \/>\n31170 Arazuri (Navarra)<br \/>\nPhone: (00 34) 948 351 110<br \/>\nFax: (00 34) 948 351 130<br \/>\nEmail: <a href=\"mailto:info@meler.cn\">info@meler.cn<\/a><br \/>\nWeb: <a href=\"https:\/\/www.meler.cn\/es\/\">https:\/\/www.meler.cn\/es\/<\/a><br \/>\nPosizione: <a href=\"http:\/\/www.google.com\/maps\/place\/42.815083,-1.709028\/@42.815083,-1.709028,15z\" target=\"_blank\" rel=\"noopener\">Vedi mappa<\/a>[\/ttdirectory_item][ttdirectory_item title=&#8221;Germania&#8221; image=&#8221;18242&#8243;]FOCKE MELER GERMANY GmbH<br \/>\nSiemensring 44J<br \/>\nWillich 47877<br \/>\nPhone: +49 (0) 42318915792<br \/>\nEmail: <a href=\"mailto:infogermany@meler.cn\">infogermany@meler.cn<\/a><br \/>\nWeb: <a href=\"https:\/\/www.meler.cn\/de\/\">https:\/\/www.meler.cn\/de\/<\/a><br \/>\nPosizione: <a href=\"https:\/\/maps.app.goo.gl\/Vr9zgg8YwNv76aKR9\" target=\"_blank\" rel=\"noopener\">Vedi mappa<\/a>[\/ttdirectory_item][ttdirectory_item directory_item_style=&#8221;directory-item-style-1&#8243; title=&#8221;Italia&#8221; directory_style=&#8221;directory-item-style-1&#8243; image=&#8221;18262&#8243;]FOCKE MELER ITALY S.R.L<br \/>\nVia dell\u2019Artigianato, 2<br \/>\nOzzano dell\u2019Emilia (Bolonia)<br \/>\n40064<br \/>\nPhone: (0039) 051 768459<br \/>\nFax: (0039) 051 767845<br \/>\nEmail: <a href=\"mailto:infoitaly@meler.cn\">infoitaly@meler.cn<\/a><br \/>\nWeb: <a href=\"https:\/\/www.meler.cn\/it\/\">https:\/\/www.meler.cn\/it\/<\/a><br \/>\nPosizione: <a href=\"http:\/\/www.google.com\/maps\/place\/44.529919,11.411893\/@44.529919,11.411893,15z\" target=\"_blank\" rel=\"noopener\">Vedi mappa<\/a>[\/ttdirectory_item][ttdirectory_item title=&#8221;Francia&#8221; image=&#8221;18257&#8243;]FOCKE MELER FRANCE s.a.r.l<br \/>\n14 Rue Lavoisier<br \/>\nIngr\u00e9 Orl\u00e9ans<br \/>\n45140<br \/>\nPhone: (00 33) 160 050 303<br \/>\nFax: (00 33) 160 050 444<br \/>\nEmail: <a href=\"mailto:infofrance@meler.cn\">infofrance@meler.cn<\/a><br \/>\nWeb: <a href=\"https:\/\/www.meler.cn\/fr\/\">https:\/\/www.meler.cn\/fr\/<\/a><br \/>\nPosizione: <a href=\"http:\/\/www.google.com\/maps\/place\/47.903069,1.849307\/@47.903069,1.849307,15z\" target=\"_blank\" rel=\"noopener\">Vedi mappa<\/a>[\/ttdirectory_item][ttdirectory_item title=&#8221;Regno Unito&#8221; directory_style=&#8221;directory-item-style-1&#8243; image=&#8221;18267&#8243;]Focke Meler UK<br \/>\n9 Boleyn Court, Manor Park<br \/>\nRuncorn (Cheshire) WA7 1SR<br \/>\nPhone: (00 44) 0 3338 804 567<br \/>\nEmail: <a href=\"mailto:infouk@meler.cn\">infouk@meler.cn<\/a><br \/>\nWeb: <a href=\"https:\/\/www.meler.cn\/meleruk\/\">https:\/\/www.meler.cn\/meleruk\/<\/a><br \/>\nPosizione: <a href=\"https:\/\/maps.app.goo.gl\/inKKjJoPM4Y1ufHD7\" target=\"_blank\" rel=\"noopener\">Vedi mappa<\/a>[\/ttdirectory_item][ttdirectory_item directory_item_style=&#8221;directory-item-style-1&#8243; title=&#8221;USA\/CANADA&#8221; directory_style=&#8221;directory-item-style-1&#8243; image=&#8221;18252&#8243;]Meler USA Corporation<br \/>\n4623 Dwight Evans Rd.<br \/>\nCharlotte (NC) 28217<br \/>\nPhone: (001) 980 556 7990<br \/>\nFax: (001) 980 224 7967<br \/>\nEmail: <a href=\"mailto:infousa@meler.cn\">infousa@meler.cn<\/a><br \/>\nWeb: <a href=\"https:\/\/www.melerusa.com\">https:\/\/www.melerusa.com<\/a><br \/>\nPosizione: <a href=\"http:\/\/www.google.com\/maps\/place\/35.190319,-80.896606\/@35.190319,-80.896606,15z\" target=\"_blank\" rel=\"noopener\">Vedi mappa<\/a>[\/ttdirectory_item][\/ttdirectories][\/vc_column_inner][\/vc_row_inner][\/vc_column][\/vc_row][vc_row row_layout=&#8221;full&#8221; bg_image_position=&#8221;50% 0&#8243; row_spacing=&#8221;top-spacing-med bottom-spacing-0&#8243;][vc_column width=&#8221;1\/1&#8243;][CtaModule cta_item=&#8221;21633&#8243;][\/vc_column][\/vc_row][vc_row][vc_column width=&#8221;1\/1&#8243;][text]<\/p>\n<h2 class=\"txt-center no-mg-bottom style-01\"><strong>Partner <\/strong>ufficiali<\/h2>\n<p>[\/text][\/vc_column][\/vc_row][vc_row][vc_column width=&#8221;1\/1&#8243;][vc_row_inner][vc_column_inner][ttfaqs][faq_item title=&#8221;Vedi tutti i partner&#8221;]<strong>PUFFE ENGINEERING GmbH<\/strong><br \/>\nAm Siemensbach 5-7<br \/>\nSankt Augustin<br \/>\n53757<br \/>\nPhone: +49 (0) 2241 866060 0<br \/>\nFax: +49 (0) 2241 866060 90<br \/>\nEmail: <a href=\"mailto:info@puffe.eu\">info@puffe.eu<\/a><br \/>\nWeb: <a href=\"http:\/\/www.puffe.biz\" target=\"_blank\" rel=\"noopener\">http:\/\/www.puffe.biz<\/a><br \/>\nLocation: <a href=\"http:\/\/www.google.com\/maps\/place\/50.765202,7.198280\/@50.765202,7.198280,15z\" target=\"_blank\" rel=\"noopener\">View map<\/a>[\/faq_item][faq_item title=&#8221;Argentina&#8221;]<strong>EUROMEL S.A<\/strong><br \/>\nTte. Gral. Pablo Ricchieri 3542<br \/>\nCiudadela (Buenos Aires)<br \/>\n1702<br \/>\nPhone: (5411) 7712 0666<br \/>\nEmail: <a href=\"mailto:euromel@euromel.com.ar\">euromel@euromel.com.ar<\/a><br \/>\nWeb: <a href=\"http:\/\/www.euromel.com.ar\" target=\"_blank\" rel=\"noopener\">http:\/\/www.euromel.com.ar<\/a><br \/>\nLocation: <a href=\"http:\/\/www.google.com\/maps\/place\/-34.626808,-58.542637\/@-34.626808,-58.542637,15z\" target=\"_blank\" rel=\"noopener\">View map<\/a>[\/faq_item][faq_item title=&#8221;Australia&#8221;]<strong>AUTOMAINT SOLUTIONS PTY LTD<\/strong><br \/>\n18 Concorde Drive, Keilor Park<br \/>\nMelbourne (Victoria)<br \/>\n3042<br \/>\nPhone: (00 61) 03 9330 2678<br \/>\nEmail: <a href=\"mailto:gluesales@automaint.com.au\">gluesales@automaint.com.au<\/a><br \/>\nWeb: <a href=\"https:\/\/www.meler.cn\/meleraustralia\/\" target=\"_blank\" rel=\"noopener\">https:\/\/www.meler.cn\/meleraustralia\/<\/a><br \/>\nLocation: <a href=\"http:\/\/www.google.com\/maps\/place\/-37.721638,144.848663\/@-37.721638,144.848663,15z\" target=\"_blank\" rel=\"noopener\">View map<\/a>[\/faq_item][faq_item title=&#8221;Austria&#8221;]<strong>OBL SYSTEMVERTRIEB GMBH<\/strong><br \/>\nRainerstrasse 19<br \/>\nWels<br \/>\n4600<br \/>\nPhone: (00 43) 7242 66821<br \/>\nFax: (00 43) 7242 66821\/26<br \/>\nEmail: <a href=\"mailto:office@oblsys.at\">office@oblsys.at<\/a><br \/>\nWeb: <a href=\"http:\/\/www.oblsys.at\" target=\"_blank\" rel=\"noopener\">http:\/\/www.oblsys.at<\/a><br \/>\nLocation: <a href=\"http:\/\/www.google.com\/maps\/place\/48.162727,14.020883\/@48.162727,14.020883,15z\" target=\"_blank\" rel=\"noopener\">View map<\/a>[\/faq_item][faq_item title=&#8221;Belgio&#8221;]<strong>CERTIS BELGIUM NV<\/strong><br \/>\nAntwerpsesteenweg 859<br \/>\nGent-Oostakker<br \/>\n9041<br \/>\nPhone: (00 32) 0 9 355 02 42<br \/>\nFax: (00 32) 0 9 355 04 77<br \/>\nEmail: <a href=\"mailto:info@certis.be\">info@certis.be<\/a><br \/>\nWeb: <a href=\"http:\/\/www.certis.be\" target=\"_blank\" rel=\"noopener\">http:\/\/www.certis.be<\/a><br \/>\nLocation: <a href=\"http:\/\/www.google.com\/maps\/place\/51.078545,3.781384\/@51.078545,3.781384,15z\" target=\"_blank\" rel=\"noopener\">View map<\/a>[\/faq_item][faq_item title=&#8221;Cile&#8221;]<strong>COMERCIALIZADORA AS CHILE LTDA<\/strong><br \/>\nAvenida Vitacura 3568 Of. 205<br \/>\nVitacura (Santiago de Chile)<br \/>\n7630000<br \/>\nPhone: (00 56) 226 519 097<br \/>\nEmail: <a href=\"mailto:comercializadoraas@entelchile.net\">comercializadoraas@entelchile.net<\/a><br \/>\nWeb: <a href=\"http:\/\/www.as-equiposhotmelt.cl\/\" target=\"_blank\" rel=\"noopener\">http:\/\/www.as-equiposhotmelt.cl\/<\/a><br \/>\nLocation: <a href=\"http:\/\/www.google.com\/maps\/place\/-33.403580,-70.595840\/@-33.403580,-70.595840,15z\" target=\"_blank\" rel=\"noopener\">View map<\/a>[\/faq_item][\/ttfaqs][\/vc_column_inner][\/vc_row_inner][vc_row_inner row_spacing=&#8221;top-spacing-min bottom-spacing-min&#8221; el_class=&#8221;row-txt-center&#8221;][vc_column_inner][ttdirectory_files style=&#8221;style-01&#8243;][file file_link=&#8221;https:\/\/www.meler.cn\/it\/meler\/meler-en-el-mundo\/partner-ufficiali\/&#8221; file_private=&#8221;&#8221; link_test=&#8221;Vedi tutti i partner&#8221;][\/ttdirectory_files][\/vc_column_inner][\/vc_row_inner][\/vc_column][\/vc_row][vc_row row_layout=&#8221;full&#8221; bg_image_position=&#8221;50% 0&#8243; row_spacing=&#8221;spacing-v-none&#8221;][vc_column width=&#8221;1\/1&#8243;][CtaModule cta_item=&#8221;21577&#8243;][\/vc_column][\/vc_row]<\/p>\n","protected":false},"excerpt":{"rendered":"<p>[vc_row bg_image_position=&#8221;0 100%&#8221; row_bg_color=&#8221;bg-04&#8243; row_spacing=&#8221;top-spacing bottom-spacing&#8221; row_vertical_align=&#8221;valign-middle&#8221; el_class=&#8221;reverse-column-mobile&#8221;][vc_column row_spacing=&#8221;spacing-v-0&#8243; row_spacing_h=&#8221;left-spacing&#8221; width=&#8221;1\/1&#8243;][text] Gluing Worldwide Offriamo le migliori soluzioni che mirano sempre a facilitare lo sviluppo dei nostri partner e clienti. E lo facciamo ovunque tu sia. Scopri il tuo Meler pi\u00f9 vicino e scopri cosa significa poter contare su#YourGluingSolutionsPartner ogni volta che ne hai bisogno. [\/text][\/vc_column][\/vc_row][vc_row [&hellip;]<\/p>\n","protected":false},"author":2,"featured_media":12864,"parent":26022,"menu_order":115,"comment_status":"closed","ping_status":"closed","template":"template-header-no-spacing.php","meta":[],"yoast_head":"<!-- This site is optimized with the Yoast SEO plugin v20.3 - https:\/\/yoast.com\/wordpress\/plugins\/seo\/ -->\n<title>Siamo vicini a te, trova l&#039;ufficio pi\u00f9 vicino a te - Meler<\/title>\n<meta name=\"description\" content=\"Trovate il distributore pi\u00f9 vicino a voi e scoprite come Meler pu\u00f2 incrementare la vostra attivit\u00e0.\" \/>\n<meta name=\"robots\" content=\"index, follow, max-snippet:-1, max-image-preview:large, max-video-preview:-1\" \/>\n<link rel=\"canonical\" href=\"https:\/\/www.meler.cn\/it\/meler\/meler-en-el-mundo\/\" \/>\n<meta property=\"og:locale\" content=\"it_IT\" \/>\n<meta property=\"og:type\" content=\"article\" \/>\n<meta property=\"og:title\" content=\"Siamo vicini a te, trova l&#039;ufficio pi\u00f9 vicino a te - Meler\" \/>\n<meta property=\"og:description\" content=\"Trovate il distributore pi\u00f9 vicino a voi e scoprite come Meler pu\u00f2 incrementare la vostra attivit\u00e0.\" \/>\n<meta property=\"og:url\" content=\"https:\/\/www.meler.cn\/it\/meler\/meler-en-el-mundo\/\" \/>\n<meta property=\"og:site_name\" content=\"Meler\" \/>\n<meta property=\"article:modified_time\" content=\"2025-01-24T09:14:03+00:00\" \/>\n<meta property=\"og:image\" content=\"https:\/\/20097.ttandemdigital.com\/media\/header-meler-en-el-mundo-meler.png\" \/>\n\t<meta property=\"og:image:width\" content=\"1920\" \/>\n\t<meta property=\"og:image:height\" content=\"780\" \/>\n\t<meta property=\"og:image:type\" content=\"image\/png\" \/>\n<meta name=\"twitter:card\" content=\"summary_large_image\" \/>\n<meta name=\"twitter:label1\" content=\"Tempo di lettura stimato\" \/>\n\t<meta name=\"twitter:data1\" content=\"3 minuti\" \/>\n<script type=\"application\/ld+json\" class=\"yoast-schema-graph\">{\"@context\":\"https:\/\/schema.org\",\"@graph\":[{\"@type\":\"WebPage\",\"@id\":\"https:\/\/www.meler.cn\/it\/meler\/meler-en-el-mundo\/\",\"url\":\"https:\/\/www.meler.cn\/it\/meler\/meler-en-el-mundo\/\",\"name\":\"Siamo vicini a te, trova l'ufficio pi\u00f9 vicino a te - Meler\",\"isPartOf\":{\"@id\":\"https:\/\/www.meler.cn\/it\/#website\"},\"datePublished\":\"2022-11-28T08:41:57+00:00\",\"dateModified\":\"2025-01-24T09:14:03+00:00\",\"description\":\"Trovate il distributore pi\u00f9 vicino a voi e scoprite come Meler pu\u00f2 incrementare la vostra attivit\u00e0.\",\"breadcrumb\":{\"@id\":\"https:\/\/www.meler.cn\/it\/meler\/meler-en-el-mundo\/#breadcrumb\"},\"inLanguage\":\"it-IT\",\"potentialAction\":[{\"@type\":\"ReadAction\",\"target\":[\"https:\/\/www.meler.cn\/it\/meler\/meler-en-el-mundo\/\"]}]},{\"@type\":\"BreadcrumbList\",\"@id\":\"https:\/\/www.meler.cn\/it\/meler\/meler-en-el-mundo\/#breadcrumb\",\"itemListElement\":[{\"@type\":\"ListItem\",\"position\":1,\"name\":\"Portada\",\"item\":\"https:\/\/www.meler.cn\/it\/\"},{\"@type\":\"ListItem\",\"position\":2,\"name\":\"Meler\",\"item\":\"https:\/\/20097.ttandemdigital.com\/it\/meler\/\"},{\"@type\":\"ListItem\",\"position\":3,\"name\":\"CON TE, OVUNQUE TU SIA\"}]},{\"@type\":\"WebSite\",\"@id\":\"https:\/\/www.meler.cn\/it\/#website\",\"url\":\"https:\/\/www.meler.cn\/it\/\",\"name\":\"Meler\",\"description\":\"Just another WordPress site\",\"potentialAction\":[{\"@type\":\"SearchAction\",\"target\":{\"@type\":\"EntryPoint\",\"urlTemplate\":\"https:\/\/www.meler.cn\/it\/?s={search_term_string}\"},\"query-input\":\"required name=search_term_string\"}],\"inLanguage\":\"it-IT\"}]}<\/script>\n<!-- \/ Yoast SEO plugin. -->","yoast_head_json":{"title":"Siamo vicini a te, trova l'ufficio pi\u00f9 vicino a te - Meler","description":"Trovate il distributore pi\u00f9 vicino a voi e scoprite come Meler pu\u00f2 incrementare la vostra attivit\u00e0.","robots":{"index":"index","follow":"follow","max-snippet":"max-snippet:-1","max-image-preview":"max-image-preview:large","max-video-preview":"max-video-preview:-1"},"canonical":"https:\/\/www.meler.cn\/it\/meler\/meler-en-el-mundo\/","og_locale":"it_IT","og_type":"article","og_title":"Siamo vicini a te, trova l'ufficio pi\u00f9 vicino a te - Meler","og_description":"Trovate il distributore pi\u00f9 vicino a voi e scoprite come Meler pu\u00f2 incrementare la vostra attivit\u00e0.","og_url":"https:\/\/www.meler.cn\/it\/meler\/meler-en-el-mundo\/","og_site_name":"Meler","article_modified_time":"2025-01-24T09:14:03+00:00","og_image":[{"width":1920,"height":780,"url":"https:\/\/20097.ttandemdigital.com\/media\/header-meler-en-el-mundo-meler.png","type":"image\/png"}],"twitter_card":"summary_large_image","twitter_misc":{"Tempo di lettura stimato":"3 minuti"},"schema":{"@context":"https:\/\/schema.org","@graph":[{"@type":"WebPage","@id":"https:\/\/www.meler.cn\/it\/meler\/meler-en-el-mundo\/","url":"https:\/\/www.meler.cn\/it\/meler\/meler-en-el-mundo\/","name":"Siamo vicini a te, trova l'ufficio pi\u00f9 vicino a te - Meler","isPartOf":{"@id":"https:\/\/www.meler.cn\/it\/#website"},"datePublished":"2022-11-28T08:41:57+00:00","dateModified":"2025-01-24T09:14:03+00:00","description":"Trovate il distributore pi\u00f9 vicino a voi e scoprite come Meler pu\u00f2 incrementare la vostra attivit\u00e0.","breadcrumb":{"@id":"https:\/\/www.meler.cn\/it\/meler\/meler-en-el-mundo\/#breadcrumb"},"inLanguage":"it-IT","potentialAction":[{"@type":"ReadAction","target":["https:\/\/www.meler.cn\/it\/meler\/meler-en-el-mundo\/"]}]},{"@type":"BreadcrumbList","@id":"https:\/\/www.meler.cn\/it\/meler\/meler-en-el-mundo\/#breadcrumb","itemListElement":[{"@type":"ListItem","position":1,"name":"Portada","item":"https:\/\/www.meler.cn\/it\/"},{"@type":"ListItem","position":2,"name":"Meler","item":"https:\/\/20097.ttandemdigital.com\/it\/meler\/"},{"@type":"ListItem","position":3,"name":"CON TE, OVUNQUE TU SIA"}]},{"@type":"WebSite","@id":"https:\/\/www.meler.cn\/it\/#website","url":"https:\/\/www.meler.cn\/it\/","name":"Meler","description":"Just another WordPress site","potentialAction":[{"@type":"SearchAction","target":{"@type":"EntryPoint","urlTemplate":"https:\/\/www.meler.cn\/it\/?s={search_term_string}"},"query-input":"required name=search_term_string"}],"inLanguage":"it-IT"}]}},"_links":{"self":[{"href":"https:\/\/www.meler.cn\/it\/wp-json\/wp\/v2\/pages\/23907"}],"collection":[{"href":"https:\/\/www.meler.cn\/it\/wp-json\/wp\/v2\/pages"}],"about":[{"href":"https:\/\/www.meler.cn\/it\/wp-json\/wp\/v2\/types\/page"}],"author":[{"embeddable":true,"href":"https:\/\/www.meler.cn\/it\/wp-json\/wp\/v2\/users\/2"}],"replies":[{"embeddable":true,"href":"https:\/\/www.meler.cn\/it\/wp-json\/wp\/v2\/comments?post=23907"}],"version-history":[{"count":11,"href":"https:\/\/www.meler.cn\/it\/wp-json\/wp\/v2\/pages\/23907\/revisions"}],"predecessor-version":[{"id":34510,"href":"https:\/\/www.meler.cn\/it\/wp-json\/wp\/v2\/pages\/23907\/revisions\/34510"}],"up":[{"embeddable":true,"href":"https:\/\/www.meler.cn\/it\/wp-json\/wp\/v2\/pages\/26022"}],"wp:featuredmedia":[{"embeddable":true,"href":"https:\/\/www.meler.cn\/it\/wp-json\/wp\/v2\/media\/12864"}],"wp:attachment":[{"href":"https:\/\/www.meler.cn\/it\/wp-json\/wp\/v2\/media?parent=23907"}],"curies":[{"name":"wp","href":"https:\/\/api.w.org\/{rel}","templated":true}]}}