




















{"id":23846,"date":"2022-11-25T12:38:34","date_gmt":"2022-11-25T12:38:34","guid":{"rendered":"https:\/\/www.meler.eu\/meler-support\/"},"modified":"2025-01-15T12:33:27","modified_gmt":"2025-01-15T12:33:27","slug":"meler-support","status":"publish","type":"page","link":"https:\/\/www.meler.cn\/it\/servizi\/meler-support\/","title":{"rendered":"Meler Support"},"content":{"rendered":"<p>[vc_row bg_image_position=&#8221;0 100%&#8221; row_spacing=&#8221;spacing-v-none&#8221; el_class=&#8221;bg-line&#8221;][vc_column row_spacing=&#8221;spacing-v-none&#8221; row_spacing_h=&#8221;left-spacing&#8221; width=&#8221;1\/1&#8243;][text]<\/p>\n<h2 class=\"txt-center style-01 txt-width\"><strong>Perch\u00e9 scegliere il supporto MELER?<\/strong><\/h2>\n<p>[\/text][vc_row_inner row_spacing=&#8221;bottom-spacing-med top-spacing-0&#8243;][vc_column_inner width=&#8221;1\/3&#8243; row_spacing=&#8221;spacing-v-none&#8221;][single_image image=&#8221;30656&#8243; image_spacing=&#8221;bottom-spacing-min top-spacing-0&#8243;][text]<\/p>\n<h2>L&#8217;installazione<\/h2>\n<p>I nostri tecnici specializzati si occupano personalmente dell&#8217;installazione, dell&#8217;integrazione e della messa in funzione di qualsiasi apparecchiatura, nonch\u00e9 dei suoi accessori, nel rispetto degli standard di qualit\u00e0.[\/text][\/vc_column_inner][vc_column_inner width=&#8221;1\/3&#8243; row_spacing=&#8221;spacing-v-none&#8221;][single_image image=&#8221;30661&#8243; image_spacing=&#8221;bottom-spacing-min top-spacing-0&#8243;][text]<\/p>\n<h2>Riparazione<\/h2>\n<p>Diagnosi e riparazione di qualsiasi macchinario danneggiato per eliminare eventuali arresti di linea.[\/text][\/vc_column_inner][vc_column_inner width=&#8221;1\/3&#8243; row_spacing=&#8221;spacing-v-none&#8221;][single_image image=&#8221;30667&#8243; image_spacing=&#8221;bottom-spacing-min top-spacing-0&#8243;][text]<\/p>\n<h2>La manutenzione<\/h2>\n<p>Manutenzione preventiva da parte dei migliori specialisti Meler per garantire il corretto funzionamento delle soluzioni, offrendo contratti di manutenzione per ridurre o eliminare inutili tempi di fermo.[\/text][\/vc_column_inner][\/vc_row_inner][vc_row_inner row_spacing=&#8221;spacing-v-none&#8221;][vc_column_inner width=&#8221;1\/3&#8243; row_spacing=&#8221;spacing-v-none&#8221;][single_image image=&#8221;30672&#8243; image_spacing=&#8221;bottom-spacing-min top-spacing-0&#8243;][text]<\/p>\n<h2>Test<\/h2>\n<p>Servizio esclusivo di test nel nostro laboratorio Meler. Il cliente convalida dal vivo le future applicazioni insieme ai tecnici Meler, verificando cos\u00ec la fattibilit\u00e0 del progetto e l&#8217;applicazione desiderata.[\/text][\/vc_column_inner][vc_column_inner width=&#8221;1\/3&#8243; row_spacing=&#8221;spacing-v-none&#8221;][single_image image=&#8221;31095&#8243; image_spacing=&#8221;bottom-spacing-min top-spacing-0&#8243;][text]<\/p>\n<h2>La formazione<\/h2>\n<p>Ascoltare le vostre esigenze e condividere con voi la nostra visione di esperti grazie a Meler Academy. Un&#8217;accademia integrativa che offre corsi su misura, basati sulle esigenze, per formare voi e tutto il vostro team.[\/text][\/vc_column_inner][vc_column_inner width=&#8221;1\/3&#8243; row_spacing=&#8221;spacing-v-none&#8221;][single_image image=&#8221;30677&#8243; image_spacing=&#8221;bottom-spacing-min top-spacing-0&#8243;][text]<\/p>\n<h2>Servizio clienti<\/h2>\n<p>Siamo al vostro fianco per consigliarvi su qualsiasi dubbio o necessit\u00e0 sui nostri prodotti con un&#8217;attenzione personalizzata e totalmente gratuita.[\/text][\/vc_column_inner][\/vc_row_inner][\/vc_column][\/vc_row][vc_row row_spacing=&#8221;bottom-spacing top-spacing-0&#8243; row_vertical_align=&#8221;valign-middle&#8221; el_class=&#8221;reverse-column-mobile&#8221;][vc_column row_spacing=&#8221;spacing-v-none&#8221; width=&#8221;1\/2&#8243;][single_image image=&#8221;31100&#8243; image_spacing=&#8221;spacing-v-none&#8221;][\/vc_column][vc_column row_spacing=&#8221;spacing-v-none&#8221; row_spacing_h=&#8221;left-spacing&#8221; width=&#8221;1\/2&#8243;][text]<\/p>\n<p class=\"summary\">Vocazione internazionale<\/p>\n<p>Offriamo un supporto rapido e ravvicinato grazie a filiali distribuite in tutto il mondo e a una rete di partner di qualit\u00e0 con un elevato grado di esperienza.[\/text][\/vc_column][\/vc_row][vc_row row_spacing=&#8221;bottom-spacing top-spacing-0&#8243; row_vertical_align=&#8221;valign-middle&#8221; el_class=&#8221;reverse-column-mobile&#8221;][vc_column row_spacing=&#8221;spacing-v-none&#8221; width=&#8221;1\/2&#8243;][text]<\/p>\n<p class=\"summary\">Sempre al vostro fianco, ovunque vi troviate<\/p>\n<p>Raggiungiamo qualsiasi luogo con la tecnologia pi\u00f9 avanzata. Forniamo al cliente un supporto innovativo attraverso occhiali a realt\u00e0 aumentata, che facilitano la formazione, la presentazione di soluzioni e l&#8217;assistenza in tempo reale. Ovunque voi siate.[\/text][\/vc_column][vc_column row_spacing=&#8221;spacing-v-none&#8221; row_spacing_h=&#8221;spacing-h-0&#8243; width=&#8221;1\/2&#8243;][single_image image=&#8221;19987&#8243; image_spacing=&#8221;spacing-v-none&#8221;][\/vc_column][\/vc_row][vc_row row_spacing=&#8221;spacing-v-none&#8221; row_vertical_align=&#8221;valign-middle&#8221;][vc_column width=&#8221;1\/1&#8243;][video_youtube video_image=&#8221;19978&#8243; video_url=&#8221;https:\/\/www.youtube.com\/watch?v=3wz4MGLPpZw&#8221;][\/vc_column][\/vc_row][vc_row bg_image_position=&#8221;50% 0&#8243; row_spacing=&#8221;bottom-spacing-med top-spacing-0&#8243;][vc_column width=&#8221;1\/1&#8243;][text]<\/p>\n<h2 class=\"txt-center\"><strong>FAQS<\/strong><\/h2>\n<p>[\/text][ttfaqs][faq_item title=&#8221;Posso cambiare le apparecchiature in autonomia?&#8221;]Meler progetta le sue soluzioni con un reale orientamento al cliente. Per questo, l\u2019operatore pu\u00f2 manipolare i parametri di pompaggio e le temperature in modo semplice.<\/p>\n<p>Per agevolare le operazioni di manutenzione, come la sostituzione dei filtri o la pulizia del serbatoio, le carenature possono essere comodamente rimosse per garantire un accesso totale all\u2019interno delle apparecchiature.<\/p>\n<p>Per apportare modifiche all\u2019installazione, come un ampliamento dei canali, l\u2019integrazione di un controllore di getti o una sostituzione del software, Meler consiglia l\u2019intervento di un tecnico autorizzato.<br \/>\n[\/faq_item][faq_item title=&#8221;Qual \u00e8 la temperatura di lavoro adeguata?&#8221;]Ricorda di consultare la scheda tecnica dell\u2019adesivo utilizzato per conoscere le temperature di rammollimento e di applicazione. La temperatura di applicazione degli adesivi pu\u00f2 variare da 120\u00b0C a 200\u00b0C. Meler offre apparecchiature speciali per la lavorazione ad alte temperature (fino a 230\u00b0C).[\/faq_item][faq_item title=&#8221;\u00c8 possibile evitare la carbonizzazione dell\u2019adesivo nel sistema?&#8221;]La carbonizzazione \u00e8 il principale nemico della produttivit\u00e0 nelle lavorazioni con hot-melt. \u00c8 causata dal surriscaldamento del sistema e anche dal contatto con l\u2019ossigeno dell\u2019ambiente. Esistono sistemi che aiutano a ridurla, come la fusione su richiesta, la collocazione di filtri sugli applicatori\/tubi o una corretta parametrizzazione della temperatura del serbatoio in funzione del consumo.<\/p>\n<p>In Meler consigliamo di usare in modo efficace le apparecchiature durante le interruzioni della linea, attivando la modalit\u00e0 \u201cstandby\u201d e garantendo una manutenzione preventiva di qualit\u00e0.<br \/>\n[\/faq_item][faq_item title=&#8221;Con quale frequenza occorre aggiornare il sistema?&#8221;]Tutto dipende dal ritmo di produzione della tua attivit\u00e0 e dalle condizioni di lavoro. Come qualsiasi apparecchiatura, i sistemi di applicazione di hot-melt subiscono un\u2019usura quotidiana che costringe a rivedere con regolarit\u00e0 lo stato di moduli, filtri, ugelli, elettrovalvole, ecc. Meler consiglia di mantenere un proprio stock di questo tipo di materiali di consumo per evitare inutili interruzioni della linea.<\/p>\n<p>Se noti che il tuo sistema non lavora come dovrebbe nonostante siano stati effettuati gli interventi di manutenzione adeguati, \u00e8 probabile che sia necessario fare una revisione approfondita di altri elementi del sistema. Meler consiglia che qualsiasi manipolazione dell\u2019apparecchiatura sia realizzata da uno specialista autorizzato (tecnico di Meler o partner) per mantenere valida la garanzia. [\/faq_item][faq_item title=&#8221;Perch\u00e9 si verifica l\u2019effetto \u201ccapelli d\u2019angelo\u201d? Come evitarlo?&#8221;]Questo effetto \u00e8 legato a:<\/p>\n<ul class=\"style-03\">\n<li>Viscosit\u00e0 dell\u2019adesivo<\/li>\n<li>Temperatura di applicazione<\/li>\n<li>Distanza dell\u2019applicatore dal substrato<\/li>\n<li>Pressione di lavoro<\/li>\n<li>Le caratteristiche del modulo scelto (singolo\/doppio\/cc), l\u2019ugello e l\u2019elettrovalvola scelta.<\/li>\n<\/ul>\n<p>La regolazione precisa di queste variabili aiuter\u00e0 a ridurre al minimo questo effetto o a farlo scomparire.[\/faq_item][faq_item title=&#8221;Con quale frequenza occorre effettuare la pulizia per garantire un corretto funzionamento del sistema?&#8221;]Tutte le installazioni sono diverse: tipo di adesivo, ore di lavoro, settore; le operazioni di pulizia per\u00f2 devono essere effettuate almeno ogni 1000 ore. La nostra responsabilit\u00e0 come produttori ci ha portato ad automatizzare le operazioni di manutenzione tramite avvisi preventivi e allarmi che agevolano il lavoro. Qualunque sia il tuo ambiente di lavoro, la nostra apparecchiatura sar\u00e0 in grado di valutarlo per garantire il rendimento ottimale della tua installazione.[\/faq_item][\/ttfaqs][\/vc_column][\/vc_row][vc_row row_layout=&#8221;full&#8221; bg_image_position=&#8221;50% 0&#8243; row_spacing=&#8221;top-spacing-med bottom-spacing-0&#8243;][vc_column width=&#8221;1\/1&#8243;][CtaModule cta_item=&#8221;31259&#8243;][\/vc_column][\/vc_row][vc_row row_layout=&#8221;full&#8221; row_spacing=&#8221;spacing-v-none&#8221;][vc_column width=&#8221;1\/1&#8243;][CtaModule cta_item=&#8221;34206&#8243;][\/vc_column][\/vc_row]<\/p>\n","protected":false},"excerpt":{"rendered":"<p>Servizio tecnico globale<\/p>\n","protected":false},"author":2,"featured_media":19977,"parent":26018,"menu_order":57,"comment_status":"closed","ping_status":"closed","template":"","meta":[],"yoast_head":"<!-- This site is optimized with the Yoast SEO plugin v20.3 - https:\/\/yoast.com\/wordpress\/plugins\/seo\/ -->\n<title>Meler Support - Meler<\/title>\n<meta name=\"description\" content=\"Contatta il supporto tecnico di Meler\" \/>\n<meta name=\"robots\" content=\"index, follow, max-snippet:-1, max-image-preview:large, max-video-preview:-1\" \/>\n<link rel=\"canonical\" href=\"https:\/\/www.meler.cn\/it\/servizi\/meler-support\/\" \/>\n<meta property=\"og:locale\" content=\"it_IT\" \/>\n<meta property=\"og:type\" content=\"article\" \/>\n<meta property=\"og:title\" content=\"Meler Support - Meler\" \/>\n<meta property=\"og:description\" content=\"Contatta il supporto tecnico di Meler\" \/>\n<meta property=\"og:url\" content=\"https:\/\/www.meler.cn\/it\/servizi\/meler-support\/\" \/>\n<meta property=\"og:site_name\" content=\"Meler\" \/>\n<meta property=\"article:modified_time\" content=\"2025-01-15T12:33:27+00:00\" \/>\n<meta property=\"og:image\" content=\"https:\/\/20097.ttandemdigital.com\/media\/header-servicios-meler-suport-meler.png\" \/>\n\t<meta property=\"og:image:width\" content=\"1920\" \/>\n\t<meta property=\"og:image:height\" content=\"780\" \/>\n\t<meta property=\"og:image:type\" content=\"image\/png\" \/>\n<meta name=\"twitter:card\" content=\"summary_large_image\" \/>\n<meta name=\"twitter:label1\" content=\"Tempo di lettura stimato\" \/>\n\t<meta name=\"twitter:data1\" content=\"5 minuti\" \/>\n<script type=\"application\/ld+json\" class=\"yoast-schema-graph\">{\"@context\":\"https:\/\/schema.org\",\"@graph\":[{\"@type\":\"WebPage\",\"@id\":\"https:\/\/www.meler.cn\/it\/servizi\/meler-support\/\",\"url\":\"https:\/\/www.meler.cn\/it\/servizi\/meler-support\/\",\"name\":\"Meler Support - Meler\",\"isPartOf\":{\"@id\":\"https:\/\/www.meler.cn\/it\/#website\"},\"datePublished\":\"2022-11-25T12:38:34+00:00\",\"dateModified\":\"2025-01-15T12:33:27+00:00\",\"description\":\"Contatta il supporto tecnico di Meler\",\"breadcrumb\":{\"@id\":\"https:\/\/www.meler.cn\/it\/servizi\/meler-support\/#breadcrumb\"},\"inLanguage\":\"it-IT\",\"potentialAction\":[{\"@type\":\"ReadAction\",\"target\":[\"https:\/\/www.meler.cn\/it\/servizi\/meler-support\/\"]}]},{\"@type\":\"BreadcrumbList\",\"@id\":\"https:\/\/www.meler.cn\/it\/servizi\/meler-support\/#breadcrumb\",\"itemListElement\":[{\"@type\":\"ListItem\",\"position\":1,\"name\":\"Portada\",\"item\":\"https:\/\/www.meler.cn\/it\/\"},{\"@type\":\"ListItem\",\"position\":2,\"name\":\"Servizi\",\"item\":\"https:\/\/20097.ttandemdigital.com\/it\/servizi\/\"},{\"@type\":\"ListItem\",\"position\":3,\"name\":\"Meler Support\"}]},{\"@type\":\"WebSite\",\"@id\":\"https:\/\/www.meler.cn\/it\/#website\",\"url\":\"https:\/\/www.meler.cn\/it\/\",\"name\":\"Meler\",\"description\":\"Just another WordPress site\",\"potentialAction\":[{\"@type\":\"SearchAction\",\"target\":{\"@type\":\"EntryPoint\",\"urlTemplate\":\"https:\/\/www.meler.cn\/it\/?s={search_term_string}\"},\"query-input\":\"required name=search_term_string\"}],\"inLanguage\":\"it-IT\"}]}<\/script>\n<!-- \/ Yoast SEO plugin. -->","yoast_head_json":{"title":"Meler Support - Meler","description":"Contatta il supporto tecnico di Meler","robots":{"index":"index","follow":"follow","max-snippet":"max-snippet:-1","max-image-preview":"max-image-preview:large","max-video-preview":"max-video-preview:-1"},"canonical":"https:\/\/www.meler.cn\/it\/servizi\/meler-support\/","og_locale":"it_IT","og_type":"article","og_title":"Meler Support - Meler","og_description":"Contatta il supporto tecnico di Meler","og_url":"https:\/\/www.meler.cn\/it\/servizi\/meler-support\/","og_site_name":"Meler","article_modified_time":"2025-01-15T12:33:27+00:00","og_image":[{"width":1920,"height":780,"url":"https:\/\/20097.ttandemdigital.com\/media\/header-servicios-meler-suport-meler.png","type":"image\/png"}],"twitter_card":"summary_large_image","twitter_misc":{"Tempo di lettura stimato":"5 minuti"},"schema":{"@context":"https:\/\/schema.org","@graph":[{"@type":"WebPage","@id":"https:\/\/www.meler.cn\/it\/servizi\/meler-support\/","url":"https:\/\/www.meler.cn\/it\/servizi\/meler-support\/","name":"Meler Support - Meler","isPartOf":{"@id":"https:\/\/www.meler.cn\/it\/#website"},"datePublished":"2022-11-25T12:38:34+00:00","dateModified":"2025-01-15T12:33:27+00:00","description":"Contatta il supporto tecnico di Meler","breadcrumb":{"@id":"https:\/\/www.meler.cn\/it\/servizi\/meler-support\/#breadcrumb"},"inLanguage":"it-IT","potentialAction":[{"@type":"ReadAction","target":["https:\/\/www.meler.cn\/it\/servizi\/meler-support\/"]}]},{"@type":"BreadcrumbList","@id":"https:\/\/www.meler.cn\/it\/servizi\/meler-support\/#breadcrumb","itemListElement":[{"@type":"ListItem","position":1,"name":"Portada","item":"https:\/\/www.meler.cn\/it\/"},{"@type":"ListItem","position":2,"name":"Servizi","item":"https:\/\/20097.ttandemdigital.com\/it\/servizi\/"},{"@type":"ListItem","position":3,"name":"Meler Support"}]},{"@type":"WebSite","@id":"https:\/\/www.meler.cn\/it\/#website","url":"https:\/\/www.meler.cn\/it\/","name":"Meler","description":"Just another WordPress site","potentialAction":[{"@type":"SearchAction","target":{"@type":"EntryPoint","urlTemplate":"https:\/\/www.meler.cn\/it\/?s={search_term_string}"},"query-input":"required name=search_term_string"}],"inLanguage":"it-IT"}]}},"_links":{"self":[{"href":"https:\/\/www.meler.cn\/it\/wp-json\/wp\/v2\/pages\/23846"}],"collection":[{"href":"https:\/\/www.meler.cn\/it\/wp-json\/wp\/v2\/pages"}],"about":[{"href":"https:\/\/www.meler.cn\/it\/wp-json\/wp\/v2\/types\/page"}],"author":[{"embeddable":true,"href":"https:\/\/www.meler.cn\/it\/wp-json\/wp\/v2\/users\/2"}],"replies":[{"embeddable":true,"href":"https:\/\/www.meler.cn\/it\/wp-json\/wp\/v2\/comments?post=23846"}],"version-history":[{"count":31,"href":"https:\/\/www.meler.cn\/it\/wp-json\/wp\/v2\/pages\/23846\/revisions"}],"predecessor-version":[{"id":34218,"href":"https:\/\/www.meler.cn\/it\/wp-json\/wp\/v2\/pages\/23846\/revisions\/34218"}],"up":[{"embeddable":true,"href":"https:\/\/www.meler.cn\/it\/wp-json\/wp\/v2\/pages\/26018"}],"wp:featuredmedia":[{"embeddable":true,"href":"https:\/\/www.meler.cn\/it\/wp-json\/wp\/v2\/media\/19977"}],"wp:attachment":[{"href":"https:\/\/www.meler.cn\/it\/wp-json\/wp\/v2\/media?parent=23846"}],"curies":[{"name":"wp","href":"https:\/\/api.w.org\/{rel}","templated":true}]}}