




















{"id":23223,"date":"2023-02-08T16:43:44","date_gmt":"2023-02-08T16:43:44","guid":{"rendered":"https:\/\/www.meler.eu\/politica-cookies\/"},"modified":"2023-03-17T07:58:12","modified_gmt":"2023-03-17T07:58:12","slug":"politica-dei-cookie","status":"publish","type":"page","link":"https:\/\/www.meler.cn\/it\/politica-dei-cookie\/","title":{"rendered":"Politica dei cookie"},"content":{"rendered":"<p>[vc_row row_spacing=&#8221;top-spacing bottom-spacing&#8221;][vc_column width=&#8221;1\/1&#8243;][text]<\/p>\n<h2><span class=\"TextRun SCXW244101713 BCX0\" lang=\"IT-IT\" xml:lang=\"IT-IT\" data-contrast=\"none\"><span class=\"NormalTextRun SCXW244101713 BCX0\" data-ccp-parastyle=\"Normal (Web)\"> Cosa sono i cookie?<\/span><\/span><\/h2>\n<p><span class=\"TextRun SCXW16740951 BCX0\" lang=\"IT-IT\" xml:lang=\"IT-IT\" data-contrast=\"none\"><span class=\"NormalTextRun SCXW16740951 BCX0\" data-ccp-parastyle=\"Normal (Web)\">I cookie sono file di testo che si posizionano sul terminale dell\u2019utente che visita un sito e che archiviano e recuperano informazioni sulla navigazione. Anche se la funzione dei cookie \u00e8 sempre la stessa, la finalit\u00e0 pu\u00f2 variare, per cui esistono diversi tipi di cookie.\u00a0 Nella sezione 1.4 della presente politica si riporta l\u2019uso concreto che viene fatto dei cookie sul presente sito web.<\/span><\/span><\/p>\n<p><span class=\"TextRun SCXW158270035 BCX0\" lang=\"IT-IT\" xml:lang=\"IT-IT\" data-contrast=\"none\"><span class=\"NormalTextRun SCXW158270035 BCX0\" data-ccp-parastyle=\"Normal (Web)\">Se vuoi ottenere maggiori informazioni rispetto ai cookie, puoi consultare questa <\/span><\/span><a class=\"Hyperlink SCXW158270035 BCX0\" href=\"http:\/\/es.wikipedia.org\/wiki\/Cookie_%28inform%C3%A1tica%29\" target=\"_blank\" rel=\"noreferrer noopener\"><span class=\"TextRun Underlined SCXW158270035 BCX0\" lang=\"IT-IT\" xml:lang=\"IT-IT\" data-contrast=\"none\"><span class=\"NormalTextRun SCXW158270035 BCX0\" data-ccp-charstyle=\"Hyperlink\">voce di Wikipedia<\/span><\/span><\/a><span class=\"TextRun Underlined SCXW158270035 BCX0\" lang=\"IT-IT\" xml:lang=\"IT-IT\" data-contrast=\"none\"><span class=\"NormalTextRun SCXW158270035 BCX0\" data-ccp-parastyle=\"Normal (Web)\"> o <\/span><\/span><span class=\"TextRun SCXW158270035 BCX0\" lang=\"IT-IT\" xml:lang=\"IT-IT\" data-contrast=\"none\"><span class=\"NormalTextRun SCXW158270035 BCX0\" data-ccp-parastyle=\"Normal (Web)\">visitare <\/span><\/span><a class=\"Hyperlink SCXW158270035 BCX0\" href=\"http:\/\/www.allaboutcookies.org\/es\/\" target=\"_blank\" rel=\"noreferrer noopener\"><span class=\"TextRun Underlined SCXW158270035 BCX0\" lang=\"IT-IT\" xml:lang=\"IT-IT\" data-contrast=\"none\"><span class=\"NormalTextRun SCXW158270035 BCX0\" data-ccp-charstyle=\"Hyperlink\">http:\/\/www.allaboutcookies.org\/es\/<\/span><\/span><\/a><span class=\"EOP SCXW158270035 BCX0\" data-ccp-props=\"{&quot;134233117&quot;:false,&quot;134233118&quot;:false}\">\u00a0<\/span><\/p>\n<h2><span class=\"TextRun SCXW239364402 BCX0\" lang=\"IT-IT\" xml:lang=\"IT-IT\" data-contrast=\"none\"><span class=\"NormalTextRun SCXW239364402 BCX0\" data-ccp-parastyle=\"Normal (Web)\">Sul modo di accettare, negare o revocare il consenso all\u2019installazione di cookie<\/span><\/span><\/h2>\n<p><span class=\"TextRun SCXW123393366 BCX0\" lang=\"IT-IT\" xml:lang=\"IT-IT\" data-contrast=\"none\"><span class=\"NormalTextRun SCXW123393366 BCX0\" data-ccp-parastyle=\"Normal (Web)\">Il presente sito web ha abilitato un gestore di consenso tramite il quale, entrando nel nostro sito web, potrai liberamente accettare, negare o configurare l\u2019installazione di cookie. Quindi, si possono configurare le situazioni seguenti:\u00a0<\/span><\/span><span class=\"EOP SCXW123393366 BCX0\" data-ccp-props=\"{&quot;134233117&quot;:false,&quot;134233118&quot;:false}\">\u00a0<\/span><\/p>\n<ul>\n<li><b><span data-contrast=\"auto\">Consenso all\u2019installazione di cookie (tutti o una selezione)<\/span><\/b><span data-contrast=\"auto\">: Se premi il pulsante \u201cAccetta e continua\u201d, consenti all\u2019installazione di cookie in modo che tutti i cookie selezionati saranno installati sul tuo dispositivo.\u00a0<\/span><\/li>\n<li><b><span data-contrast=\"auto\">Configurazione<\/span><\/b><span data-contrast=\"auto\">: Se premi il pulsante \u201cConfigura\u201d apparir\u00e0 un men\u00f9 a tendina in cui potrai espressamente indicare quale tipo di cookie permetti che siano installati e quali no. Saranno installati esclusivamente i cookie selezionati.<\/span><\/li>\n<li><b><span data-contrast=\"auto\">Rifiuta<\/span><\/b><span data-contrast=\"auto\">: Tramite il pannello di configurazione si abilita l\u2019opzione di rifiutare tutti i cookie premendo il pulsante \u201cRifiuta\u201d abilitato a tale effetto.<\/span><span data-ccp-props=\"{}\">\u00a0<\/span><\/li>\n<\/ul>\n<h2><span class=\"TextRun SCXW259385589 BCX0\" lang=\"IT-IT\" xml:lang=\"IT-IT\" data-contrast=\"none\"><span class=\"NormalTextRun SCXW259385589 BCX0\" data-ccp-parastyle=\"Normal (Web)\">Potrai gestire le tue preferenze sui Cookie in qualsiasi momento tramite il presente <span class=\"TextRun SCXW50551693 BCX0\" lang=\"DE-DE\" xml:lang=\"DE-DE\" data-contrast=\"none\"><span class=\"NormalTextRun SCXW50551693 BCX0\" data-ccp-parastyle=\"Normal (Web)\"><span class=\"TextRun SCXW204702947 BCX0\" lang=\"FR-FR\" xml:lang=\"FR-FR\" data-contrast=\"none\"><span class=\"NormalTextRun SCXW204702947 BCX0\" data-ccp-parastyle=\"Normal (Web)\"><span class=\"TextRun SCXW98268042 BCX0\" lang=\"EN-GB\" xml:lang=\"EN-GB\" data-contrast=\"none\"><span class=\"NormalTextRun SCXW98268042 BCX0\" data-ccp-parastyle=\"Normal (Web)\">[wpca_btn_cc_settings txt=&#8221;link&#8221;]<\/span><\/span><\/span><\/span><\/span><\/span><\/span><\/span><\/h2>\n<p><span class=\"TextRun SCXW64663822 BCX0\" lang=\"IT-IT\" xml:lang=\"IT-IT\" data-contrast=\"none\"><span class=\"NormalTextRun SCXW64663822 BCX0\" data-ccp-parastyle=\"Normal (Web)\">Ti informiamo altres\u00ec che potrai eliminare i cookie utilizzando le opzioni di configurazione di cui dispongono i<\/span><\/span><a class=\"Hyperlink SCXW64663822 BCX0\" href=\"http:\/\/es.wikipedia.org\/wiki\/Navegador_web\" target=\"_blank\" rel=\"noreferrer noopener\"><span class=\"TextRun Underlined SCXW64663822 BCX0\" lang=\"IT-IT\" xml:lang=\"IT-IT\" data-contrast=\"none\"><span class=\"NormalTextRun SCXW64663822 BCX0\" data-ccp-charstyle=\"Hyperlink\"> browser<\/span><\/span><\/a><span class=\"TextRun SCXW64663822 BCX0\" lang=\"IT-IT\" xml:lang=\"IT-IT\" data-contrast=\"none\"><span class=\"NormalTextRun SCXW64663822 BCX0\" data-ccp-parastyle=\"Normal (Web)\">, tramite i quali \u00e8 possibile regolare diversi livelli di privacy, in modo che, per esempio, si rifiutino tutti i cookie che un sito web come questo pu\u00f2 inviare o si <\/span><span class=\"NormalTextRun ContextualSpellingAndGrammarErrorV2Themed SCXW64663822 BCX0\" data-ccp-parastyle=\"Normal (Web)\">elimino<\/span><span class=\"NormalTextRun SCXW64663822 BCX0\" data-ccp-parastyle=\"Normal (Web)\"> tutti i cookie che possono essere stati conservati. Per modificare tali parametri puoi chiedere aiuto al produttore dello stesso o consultare la documentazione degli stessi indicata di seguito:<\/span><\/span><span class=\"EOP SCXW64663822 BCX0\" data-ccp-props=\"{&quot;134233117&quot;:false,&quot;134233118&quot;:false}\">\u00a0<\/span><\/p>\n<ul>\n<li><a href=\"http:\/\/support.google.com\/chrome\/bin\/answer.py?hl=es&amp;answer=95647\"><span data-contrast=\"none\">Google Chrome<\/span><\/a><span data-contrast=\"none\">, <\/span><a href=\"http:\/\/support.mozilla.org\/es\/kb\/Habilitar%20y%20deshabilitar%20cookies\"><span data-contrast=\"none\">Mozilla Firefox<\/span><\/a><span data-contrast=\"none\">, <\/span><a href=\"https:\/\/support.apple.com\/kb\/PH21411?viewlocale=es_ES&amp;locale=es_ES\"><span data-contrast=\"none\">Safari<\/span><\/a><span data-contrast=\"none\">, <\/span><a href=\"https:\/\/support.microsoft.com\/es-es\/microsoft-edge\/eliminar-las-cookies-en-microsoft-edge-63947406-40ac-c3b8-57b9-2a946a29ae09\"><span data-contrast=\"none\">Microsoft Edge<\/span><\/a><span data-contrast=\"none\">, <\/span><a href=\"https:\/\/support.microsoft.com\/es-es\/help\/17442\/windows-internet-explorer-delete-manage-cookies\"><span data-contrast=\"none\">Internet Explorer<\/span><\/a><span data-contrast=\"none\"> e <\/span><a href=\"https:\/\/help.opera.com\/en\/latest\/web-preferences\/#cookies\"><span data-contrast=\"none\">Opera<\/span><\/a><span data-contrast=\"none\">.\u00a0<\/span><span data-ccp-props=\"{&quot;134233117&quot;:false,&quot;134233118&quot;:false,&quot;335559685&quot;:540}\">\u00a0<\/span><\/li>\n<li><a href=\"https:\/\/support.apple.com\/es-es\/HT201265\"><span data-contrast=\"none\">iOS-Safari<\/span><\/a><span data-contrast=\"none\"> e <\/span><a href=\"https:\/\/support.google.com\/accounts\/answer\/32050\"><span data-contrast=\"none\">Android-Chrome<\/span><\/a><span data-contrast=\"none\">.<\/span><span data-ccp-props=\"{&quot;134233117&quot;:false,&quot;134233118&quot;:false,&quot;335559685&quot;:540}\">\u00a0<\/span><\/li>\n<\/ul>\n<p><span class=\"TextRun SCXW221242542 BCX0\" lang=\"IT-IT\" xml:lang=\"IT-IT\" data-contrast=\"none\"><span class=\"NormalTextRun SCXW221242542 BCX0\" data-ccp-parastyle=\"Normal (Web)\">Nel caso in cui l\u2019utente limiti o blocchi alcuni o tutti i cookie del presente sito Web, \u00e8 possibile che alcune funzionalit\u00e0 o servizi prestati dalla pagina non siano disponibili.\u00a0<\/span><\/span><span class=\"EOP SCXW221242542 BCX0\" data-ccp-props=\"{&quot;134233117&quot;:false,&quot;134233118&quot;:false}\">\u00a0<\/span><\/p>\n<h2><span class=\"TextRun SCXW55977116 BCX0\" lang=\"IT-IT\" xml:lang=\"IT-IT\" data-contrast=\"none\"><span class=\"NormalTextRun SCXW55977116 BCX0\" data-ccp-parastyle=\"Normal (Web)\">Navigazione privata o in incognito<\/span><\/span><\/h2>\n<p><span class=\"TextRun SCXW51347967 BCX0\" lang=\"IT-IT\" xml:lang=\"IT-IT\" data-contrast=\"none\"><span class=\"NormalTextRun SCXW51347967 BCX0\" data-ccp-parastyle=\"Normal (Web)\">Infine, oltre alla possibilit\u00e0 di limitare o eliminare i cookie, la maggior parte dei browser consente la visita delle pagine tramite la modalit\u00e0 nota come \u201c<\/span><\/span><a class=\"Hyperlink SCXW51347967 BCX0\" href=\"https:\/\/support.mozilla.org\/es\/kb\/navegacion-privada-Firefox-no-guardar-historial-navegacion\" target=\"_blank\" rel=\"noreferrer noopener\"><span class=\"TextRun Underlined SCXW51347967 BCX0\" lang=\"IT-IT\" xml:lang=\"IT-IT\" data-contrast=\"none\"><span class=\"NormalTextRun SCXW51347967 BCX0\" data-ccp-charstyle=\"Hyperlink\">navigazione privata<\/span><\/span><\/a><span class=\"TextRun SCXW51347967 BCX0\" lang=\"IT-IT\" xml:lang=\"IT-IT\" data-contrast=\"none\"><span class=\"NormalTextRun SCXW51347967 BCX0\" data-ccp-parastyle=\"Normal (Web)\">\u201d, in<\/span><\/span><a class=\"Hyperlink SCXW51347967 BCX0\" href=\"https:\/\/support.google.com\/chrome\/answer\/95464?co=GENIE.Platform%3DDesktop&amp;hl=es\" target=\"_blank\" rel=\"noreferrer noopener\"><span class=\"TextRun Underlined SCXW51347967 BCX0\" lang=\"IT-IT\" xml:lang=\"IT-IT\" data-contrast=\"none\"><span class=\"NormalTextRun SCXW51347967 BCX0\" data-ccp-charstyle=\"Hyperlink\"> \u201cincognito<\/span><\/span><\/a><span class=\"TextRun SCXW51347967 BCX0\" lang=\"IT-IT\" xml:lang=\"IT-IT\" data-contrast=\"none\"><span class=\"NormalTextRun SCXW51347967 BCX0\" data-ccp-parastyle=\"Normal (Web)\">\u201d, \u201c<\/span><\/span><a class=\"Hyperlink SCXW51347967 BCX0\" href=\"https:\/\/support.google.com\/chrome\/answer\/95464?co=GENIE.Platform%3DDesktop&amp;hl=es\" target=\"_blank\" rel=\"noreferrer noopener\"><span class=\"FieldRange SCXW51347967 BCX0\"><span class=\"TextRun Underlined SCXW51347967 BCX0\" lang=\"IT-IT\" xml:lang=\"IT-IT\" data-contrast=\"none\"><span class=\"NormalTextRun SCXW51347967 BCX0\" data-ccp-charstyle=\"Hyperlink\">inPrivate<\/span><\/span><\/span><\/a><span class=\"TextRun SCXW51347967 BCX0\" lang=\"IT-IT\" xml:lang=\"IT-IT\" data-contrast=\"none\"><span class=\"NormalTextRun SCXW51347967 BCX0\" data-ccp-parastyle=\"Normal (Web)\">\u201d. Tale funzionalit\u00e0 implica che alla chiusura del browser\/della scheda si eliminino i dati di navigazione che possono essere stati archiviati o generati (tra questi, i cookie).<\/span><\/span><span class=\"EOP SCXW51347967 BCX0\" data-ccp-props=\"{&quot;134233117&quot;:false,&quot;134233118&quot;:false,&quot;335559738&quot;:0,&quot;335559739&quot;:0}\">\u00a0<\/span><\/p>\n<h2><span class=\"TextRun SCXW12380147 BCX0\" lang=\"IT-IT\" xml:lang=\"IT-IT\" data-contrast=\"none\"><span class=\"NormalTextRun SCXW12380147 BCX0\" data-ccp-parastyle=\"Normal (Web)\">Tipi di cookie che vengono utilizzati nel presente sito web<\/span><\/span><\/h2>\n<p><strong>Tecnici<\/strong><span data-contrast=\"none\"><strong>:<\/strong> Aiutano a rendere una pagina web utilizzabile attivando funzioni di base come la navigazione all\u2019interno della pagina e l&#8217;accesso ad aree sicure della pagina web. La pagina web non pu\u00f2 funzionare adeguatamente senza questi cookie. Sono indispensabili per il corretto funzionamento del sito web.\u00a0<\/span><span data-ccp-props=\"{&quot;134233117&quot;:false,&quot;134233118&quot;:false}\">\u00a0<\/span><\/p>\n<p><strong>Opzionali<\/strong><span data-contrast=\"none\"><strong>:<\/strong> Permettono alla pagina web di registrare tutte le informazioni che modificano il modo in cui la pagina si comporta o l\u2019aspetto che ha, come la lingua preferita o la regione.<\/span><span data-ccp-props=\"{&quot;134233117&quot;:false,&quot;134233118&quot;:false}\">\u00a0<\/span><\/p>\n<p><strong>Analitici<\/strong><span data-contrast=\"none\"><strong>:<\/strong> Aiutano a comprendere come interagiscono i visitatori con la pagina web, raccogliendo e fornendo informazioni sul numero di utenti, il loro comportamento di navigazione sul sito web o l\u2019uso che fanno dei contenuti e\/o i servizi offerti. Tali informazioni si impiegano per migliorare l\u2019utilizzo del sito web, i suoi contenuti, nonch\u00e9 i prodotti e servizi offerti tramite lo stesso. <\/span><\/p>\n<h2><span class=\"TextRun SCXW37815494 BCX0\" lang=\"IT-IT\" xml:lang=\"IT-IT\" data-contrast=\"none\"><span class=\"NormalTextRun SCXW37815494 BCX0\" data-ccp-parastyle=\"Normal (Web)\">Relazione sui cookie del presente sito web<\/span><\/span><\/h2>\n<p><span data-contrast=\"none\">Puoi consultare una relazione completa e aggiornata sul tipo e i rapporti tra i cookie che sono utilizzati nel presente sito web nel pannello di configurazione accessibile tramite il seguente <\/span><span data-contrast=\"none\">link<\/span><span data-contrast=\"none\"> .<\/span><span data-contrast=\"none\">\u00a0<\/span><span data-ccp-props=\"{&quot;134233117&quot;:false,&quot;134233118&quot;:false}\">\u00a0<\/span><\/p>\n<p><span data-contrast=\"none\">\u00a0<\/span><span data-contrast=\"none\">Alcuni cookie che vengono utilizzati nel presente sito web appartengono a terzi, diversi dal responsabile con cui vengono stipulati i contratti di prestazione di servizi. Puoi consultare le informazioni complete su tali terzi nel <\/span><span data-contrast=\"none\">pannello di configurazione <\/span><span data-contrast=\"none\"> dei cookie accessibile tramite questo <span class=\"TextRun SCXW50551693 BCX0\" lang=\"DE-DE\" xml:lang=\"DE-DE\" data-contrast=\"none\"><span class=\"NormalTextRun SCXW50551693 BCX0\" data-ccp-parastyle=\"Normal (Web)\"><span class=\"TextRun SCXW204702947 BCX0\" lang=\"FR-FR\" xml:lang=\"FR-FR\" data-contrast=\"none\"><span class=\"NormalTextRun SCXW204702947 BCX0\" data-ccp-parastyle=\"Normal (Web)\"><span class=\"TextRun SCXW98268042 BCX0\" lang=\"EN-GB\" xml:lang=\"EN-GB\" data-contrast=\"none\"><span class=\"NormalTextRun SCXW98268042 BCX0\" data-ccp-parastyle=\"Normal (Web)\">[wpca_btn_cc_settings txt=&#8221;link&#8221;]<\/span><\/span><\/span><\/span><\/span><\/span><\/span><span data-contrast=\"none\">.<\/span><span data-ccp-props=\"{&quot;134233117&quot;:false,&quot;134233118&quot;:false}\">\u00a0<\/span><\/p>\n<p>[\/text][\/vc_column][\/vc_row]<\/p>\n","protected":false},"excerpt":{"rendered":"<p>[vc_row row_spacing=&#8221;top-spacing bottom-spacing&#8221;][vc_column width=&#8221;1\/1&#8243;][text] Cosa sono i cookie? I cookie sono file di testo che si posizionano sul terminale dell\u2019utente che visita un sito e che archiviano e recuperano informazioni sulla navigazione. Anche se la funzione dei cookie \u00e8 sempre la stessa, la finalit\u00e0 pu\u00f2 variare, per cui esistono diversi tipi di cookie.\u00a0 Nella sezione [&hellip;]<\/p>\n","protected":false},"author":1,"featured_media":21540,"parent":0,"menu_order":518,"comment_status":"closed","ping_status":"closed","template":"template-content-min.php","meta":[],"yoast_head":"<!-- This site is optimized with the Yoast SEO plugin v20.3 - https:\/\/yoast.com\/wordpress\/plugins\/seo\/ -->\n<title>Politica dei cookie - Meler<\/title>\n<meta name=\"robots\" content=\"index, follow, max-snippet:-1, max-image-preview:large, max-video-preview:-1\" \/>\n<link rel=\"canonical\" href=\"https:\/\/www.meler.cn\/it\/politica-dei-cookie\/\" \/>\n<meta property=\"og:locale\" content=\"it_IT\" \/>\n<meta property=\"og:type\" content=\"article\" \/>\n<meta property=\"og:title\" content=\"Politica dei cookie - Meler\" \/>\n<meta property=\"og:description\" content=\"[vc_row row_spacing=&#8221;top-spacing bottom-spacing&#8221;][vc_column width=&#8221;1\/1&#8243;][text] Cosa sono i cookie? I cookie sono file di testo che si posizionano sul terminale dell\u2019utente che visita un sito e che archiviano e recuperano informazioni sulla navigazione. Anche se la funzione dei cookie \u00e8 sempre la stessa, la finalit\u00e0 pu\u00f2 variare, per cui esistono diversi tipi di cookie.\u00a0 Nella sezione [&hellip;]\" \/>\n<meta property=\"og:url\" content=\"https:\/\/www.meler.cn\/it\/politica-dei-cookie\/\" \/>\n<meta property=\"og:site_name\" content=\"Meler\" \/>\n<meta property=\"article:modified_time\" content=\"2023-03-17T07:58:12+00:00\" \/>\n<meta property=\"og:image\" content=\"https:\/\/20097.ttandemdigital.com\/media\/header-aviso-legal-meler.png\" \/>\n\t<meta property=\"og:image:width\" content=\"1920\" \/>\n\t<meta property=\"og:image:height\" content=\"552\" \/>\n\t<meta property=\"og:image:type\" content=\"image\/png\" \/>\n<meta name=\"twitter:card\" content=\"summary_large_image\" \/>\n<meta name=\"twitter:label1\" content=\"Tempo di lettura stimato\" \/>\n\t<meta name=\"twitter:data1\" content=\"4 minuti\" \/>\n<script type=\"application\/ld+json\" class=\"yoast-schema-graph\">{\"@context\":\"https:\/\/schema.org\",\"@graph\":[{\"@type\":\"WebPage\",\"@id\":\"https:\/\/www.meler.cn\/it\/politica-dei-cookie\/\",\"url\":\"https:\/\/www.meler.cn\/it\/politica-dei-cookie\/\",\"name\":\"Politica dei cookie - Meler\",\"isPartOf\":{\"@id\":\"https:\/\/www.meler.cn\/it\/#website\"},\"datePublished\":\"2023-02-08T16:43:44+00:00\",\"dateModified\":\"2023-03-17T07:58:12+00:00\",\"breadcrumb\":{\"@id\":\"https:\/\/www.meler.cn\/it\/politica-dei-cookie\/#breadcrumb\"},\"inLanguage\":\"it-IT\",\"potentialAction\":[{\"@type\":\"ReadAction\",\"target\":[\"https:\/\/www.meler.cn\/it\/politica-dei-cookie\/\"]}]},{\"@type\":\"BreadcrumbList\",\"@id\":\"https:\/\/www.meler.cn\/it\/politica-dei-cookie\/#breadcrumb\",\"itemListElement\":[{\"@type\":\"ListItem\",\"position\":1,\"name\":\"Portada\",\"item\":\"https:\/\/www.meler.cn\/it\/\"},{\"@type\":\"ListItem\",\"position\":2,\"name\":\"Politica dei cookie\"}]},{\"@type\":\"WebSite\",\"@id\":\"https:\/\/www.meler.cn\/it\/#website\",\"url\":\"https:\/\/www.meler.cn\/it\/\",\"name\":\"Meler\",\"description\":\"Just another WordPress site\",\"potentialAction\":[{\"@type\":\"SearchAction\",\"target\":{\"@type\":\"EntryPoint\",\"urlTemplate\":\"https:\/\/www.meler.cn\/it\/?s={search_term_string}\"},\"query-input\":\"required name=search_term_string\"}],\"inLanguage\":\"it-IT\"}]}<\/script>\n<!-- \/ Yoast SEO plugin. -->","yoast_head_json":{"title":"Politica dei cookie - Meler","robots":{"index":"index","follow":"follow","max-snippet":"max-snippet:-1","max-image-preview":"max-image-preview:large","max-video-preview":"max-video-preview:-1"},"canonical":"https:\/\/www.meler.cn\/it\/politica-dei-cookie\/","og_locale":"it_IT","og_type":"article","og_title":"Politica dei cookie - Meler","og_description":"[vc_row row_spacing=&#8221;top-spacing bottom-spacing&#8221;][vc_column width=&#8221;1\/1&#8243;][text] Cosa sono i cookie? I cookie sono file di testo che si posizionano sul terminale dell\u2019utente che visita un sito e che archiviano e recuperano informazioni sulla navigazione. Anche se la funzione dei cookie \u00e8 sempre la stessa, la finalit\u00e0 pu\u00f2 variare, per cui esistono diversi tipi di cookie.\u00a0 Nella sezione [&hellip;]","og_url":"https:\/\/www.meler.cn\/it\/politica-dei-cookie\/","og_site_name":"Meler","article_modified_time":"2023-03-17T07:58:12+00:00","og_image":[{"width":1920,"height":552,"url":"https:\/\/20097.ttandemdigital.com\/media\/header-aviso-legal-meler.png","type":"image\/png"}],"twitter_card":"summary_large_image","twitter_misc":{"Tempo di lettura stimato":"4 minuti"},"schema":{"@context":"https:\/\/schema.org","@graph":[{"@type":"WebPage","@id":"https:\/\/www.meler.cn\/it\/politica-dei-cookie\/","url":"https:\/\/www.meler.cn\/it\/politica-dei-cookie\/","name":"Politica dei cookie - Meler","isPartOf":{"@id":"https:\/\/www.meler.cn\/it\/#website"},"datePublished":"2023-02-08T16:43:44+00:00","dateModified":"2023-03-17T07:58:12+00:00","breadcrumb":{"@id":"https:\/\/www.meler.cn\/it\/politica-dei-cookie\/#breadcrumb"},"inLanguage":"it-IT","potentialAction":[{"@type":"ReadAction","target":["https:\/\/www.meler.cn\/it\/politica-dei-cookie\/"]}]},{"@type":"BreadcrumbList","@id":"https:\/\/www.meler.cn\/it\/politica-dei-cookie\/#breadcrumb","itemListElement":[{"@type":"ListItem","position":1,"name":"Portada","item":"https:\/\/www.meler.cn\/it\/"},{"@type":"ListItem","position":2,"name":"Politica dei cookie"}]},{"@type":"WebSite","@id":"https:\/\/www.meler.cn\/it\/#website","url":"https:\/\/www.meler.cn\/it\/","name":"Meler","description":"Just another WordPress site","potentialAction":[{"@type":"SearchAction","target":{"@type":"EntryPoint","urlTemplate":"https:\/\/www.meler.cn\/it\/?s={search_term_string}"},"query-input":"required name=search_term_string"}],"inLanguage":"it-IT"}]}},"_links":{"self":[{"href":"https:\/\/www.meler.cn\/it\/wp-json\/wp\/v2\/pages\/23223"}],"collection":[{"href":"https:\/\/www.meler.cn\/it\/wp-json\/wp\/v2\/pages"}],"about":[{"href":"https:\/\/www.meler.cn\/it\/wp-json\/wp\/v2\/types\/page"}],"author":[{"embeddable":true,"href":"https:\/\/www.meler.cn\/it\/wp-json\/wp\/v2\/users\/1"}],"replies":[{"embeddable":true,"href":"https:\/\/www.meler.cn\/it\/wp-json\/wp\/v2\/comments?post=23223"}],"version-history":[{"count":4,"href":"https:\/\/www.meler.cn\/it\/wp-json\/wp\/v2\/pages\/23223\/revisions"}],"predecessor-version":[{"id":26240,"href":"https:\/\/www.meler.cn\/it\/wp-json\/wp\/v2\/pages\/23223\/revisions\/26240"}],"wp:featuredmedia":[{"embeddable":true,"href":"https:\/\/www.meler.cn\/it\/wp-json\/wp\/v2\/media\/21540"}],"wp:attachment":[{"href":"https:\/\/www.meler.cn\/it\/wp-json\/wp\/v2\/media?parent=23223"}],"curies":[{"name":"wp","href":"https:\/\/api.w.org\/{rel}","templated":true}]}}