




















{"id":22805,"date":"2022-12-30T16:30:08","date_gmt":"2022-12-30T16:30:08","guid":{"rendered":"https:\/\/www.meler.eu\/industrie\/hot-melt-per-il-settore-del-packaging\/conseguir-un-producto-100-sostenible\/"},"modified":"2024-08-29T11:34:18","modified_gmt":"2024-08-29T11:34:18","slug":"ottenere-un-prodotto-sostenibile-al-100","status":"publish","type":"page","link":"https:\/\/www.meler.cn\/it\/industrie\/hot-melt-per-il-settore-del-packaging\/ottenere-un-prodotto-sostenibile-al-100\/","title":{"rendered":"Ottenere un prodotto sostenibile al 100%"},"content":{"rendered":"<p>[vc_row show_menu_content=&#8221;yes&#8221;][vc_column width=&#8221;1\/1&#8243;][text]<\/p>\n<h2 class=\"style-05\">La sfida<\/h2>\n<h3 class=\"style-01\">Sostenibilit\u00e0 anche nel packaging<\/h3>\n<p>Trasformare un processo di produzione non \u00e8 mai una sfida facile, ma \u00e8 proprio questo ci\u00f2 che Bodegas Artazu ha proposto a Meler. Questa azienda vinicola della Navarra produce vino in modo ecologico, per questo l\u2019obiettivo a cui aspiravano era quello di creare un ciclo produttivo completamente in sintonia con la loro filosofia aziendale.<\/p>\n<p><img decoding=\"async\" loading=\"lazy\" class=\"alignnone size-medium wp-image-14577\" src=\"https:\/\/www.meler.cn\/media\/\/packaging-caso-exito-artazu-contenido-01-624x334.png\" alt=\"Mano che regge un telefono cellulare con l'applicazione Meler\" width=\"624\" height=\"334\" srcset=\"https:\/\/www.meler.cn\/media\/packaging-caso-exito-artazu-contenido-01-624x334.png 624w, https:\/\/www.meler.cn\/media\/packaging-caso-exito-artazu-contenido-01-768x411.png 768w, https:\/\/www.meler.cn\/media\/packaging-caso-exito-artazu-contenido-01.png 841w\" sizes=\"(max-width: 624px) 100vw, 624px\" \/><\/p>\n<h2 class=\"style-05\">Il nostro contributo<\/h2>\n<h3 class=\"style-01\">Integrazione di un sistema di sigillatura con ceralacca<\/h3>\n<p>Meler, in qualit\u00e0 di specialista dell\u2019applicazione di fluidi, ha una grande capacit\u00e0 di adattamento alle esigenze specifiche di ogni installazione. Per fondere la ceralacca, \u00e8 stata realizzata una configurazione personalizzata Micron+ 5 Pistone, con una speciale valvola di aspirazione e un sistema di filtraggio adattato.<\/p>\n<p>Per ottenere un\u2019applicazione corretta, \u00e8 stato incorporato il nostro controller dei tratti colla<a href=\"#\">StarBI<\/a> e, con l\u2019aiuto di Ander Basterra e del <a href=\"#\">team tecnico di Meler<\/a> \u00e8 stata raggiunta la precisione necessaria affinch\u00e9 il sistema di sigillatura venisse integrato alla perfezione all\u2019interno del processo di produzione: riempimento, tappatura, sigillatura e, infine, etichettatura.<\/p>\n<h2 class=\"style-05\">Il progetto (durata, destinazione, settore)<\/h2>\n<h3 class=\"style-01\">Un fusore con tecnologia Bluetooth(R)<\/h3>\n<p>Sul Micron+ di<a href=\"https:\/\/www.bodegasartazu.com\/\" target=\"_blank\" rel=\"noopener\">Bodegas Artazu<\/a> \u00e8 stata installata, oltre allo la <a href=\"#\">a nuova funzionalit\u00e0 Bluetooth\u00ae<\/a>, unica sul mercato. Secondo Eduardo Blasco, responsabile enologico e vitivinicolo di Bodegas y Vi\u00f1edos Artazu: \u201cQuesta nuova opzione del fusore \u00e8 molto interessante perch\u00e9, ovunque mi trovi all\u2019interno dello stabilimento, posso reagire rapidamente a qualsiasi allarme e controllare il sistema di sigillatura da remoto, concentrandomi sul controllo della qualit\u00e0 in altri punti della linea di imbottigliamento.\u201d<\/p>\n<p>Il monitoraggio delle apparecchiature in tempo reale \u00e8 uno dei vantaggi produttivi derivanti dall\u2019utilizzo del Bluetooth\u00ae, ma ce ne sono molti altri ancora, come il miglioramento della sicurezza degli operatori che, inoltre, possono interagire maggiormente con le loro apparecchiature, evitando interruzioni non necessarie per apportare modifiche. I vantaggi che l\u2019utilizzo del Bluetooth\u00ae pu\u00f2 portare al tuo sistema di applicazione degli adesivi sono moltissimi. Collegati con il son infinitas, \u00a1con\u00e9ctate con el el <a href=\"#\">fusore dell\u2019industria 4.0<\/a>![\/text][video_youtube video_image=&#8221;14582&#8243; video_url=&#8221;https:\/\/www.youtube.com\/watch?v=As7nOJMkd2o&#8221;][text]<\/p>\n<h2 class=\"style-05\">Testimonianza<\/h2>\n<p class=\"testimonial\"><strong>Posso controllare il fusore dal mio cellulare all&#8217;interno della mia struttura e, in qualsiasi momento, posso reagire molto rapidamente a eventuali allarmi<br \/>\n<\/strong>Eduardo Blasco (Responsabile della vinificazione di Bodegas Artazu)<\/p>\n<h2 class=\"style-05\">Impatto<\/h2>\n<ul class=\"style-03\">\n<li>Riconversione ecologica del sistema di tappatura delle bottiglie<\/li>\n<li>Controllo remoto dei principali parametri del sistema<\/li>\n<li>Sistema di produzione sincronizzato con il tasso di pallettizzazione<\/li>\n<\/ul>\n<p>[\/text][\/vc_column][\/vc_row][vc_row row_bg_color=&#8221;bg-04&#8243; row_spacing=&#8221;top-spacing bottom-spacing-0&#8243;][vc_column width=&#8221;1\/1&#8243;][text]<\/p>\n<h2 class=\"txt-center style-01\">I nostri prodotti<\/h2>\n<p>[\/text][vc_tta_tabs][vc_tta_section title=&#8221;APPLICATORI&#8221; tab_id=&#8221;1672398287853-7a9cfd48-9ce4&#8243;][ttdirectory_products carousel_columns=&#8221;4&#8243; style=&#8221;1&#8243;][ttdirectory_product_applicators post_applicator=&#8221;27076&#8243;][\/ttdirectory_products][\/vc_tta_section][vc_tta_section title=&#8221;FUSORI&#8221; tab_id=&#8221;1672398287839-e7ca709f-fefa&#8221;][ttdirectory_products carousel_columns=&#8221;4&#8243; style=&#8221;1&#8243;][ttdirectory_product_melters post_melter=&#8221;23737&#8243;][ttdirectory_product_melters post_melter=&#8221;23782&#8243;][\/ttdirectory_products][\/vc_tta_section][vc_tta_section title=&#8221;TUBI&#8221; tab_id=&#8221;1672749855711-64f1852e-0c1f&#8221;][ttdirectory_products carousel_columns=&#8221;4&#8243; style=&#8221;1&#8243;][ttdirectory_product_hoses post_hoses=&#8221;22273&#8243;][ttdirectory_product_hoses post_hoses=&#8221;22450&#8243;][\/ttdirectory_products][\/vc_tta_section][vc_tta_section title=&#8221;CONTROLLORI&#8221; tab_id=&#8221;1672749869938-51dcfe86-8530&#8243;][ttdirectory_products carousel_columns=&#8221;4&#8243; style=&#8221;1&#8243;][ttdirectory_product_controllers post_controller=&#8221;27669&#8243;][\/ttdirectory_products][\/vc_tta_section][vc_tta_section title=&#8221;ACCESSORI&#8221; tab_id=&#8221;1672749883495-61945bdc-af2e&#8221;][ttdirectory_products carousel_columns=&#8221;4&#8243; style=&#8221;1&#8243;][ttdirectory_product_accessories post_accessories=&#8221;22737&#8243;][ttdirectory_product_accessories post_accessories=&#8221;23485&#8243;][\/ttdirectory_products][\/vc_tta_section][\/vc_tta_tabs][\/vc_column][\/vc_row]<\/p>\n","protected":false},"excerpt":{"rendered":"<p>[vc_row show_menu_content=&#8221;yes&#8221;][vc_column width=&#8221;1\/1&#8243;][text] La sfida Sostenibilit\u00e0 anche nel packaging Trasformare un processo di produzione non \u00e8 mai una sfida facile, ma \u00e8 proprio questo ci\u00f2 che Bodegas Artazu ha proposto a Meler. Questa azienda vinicola della Navarra produce vino in modo ecologico, per questo l\u2019obiettivo a cui aspiravano era quello di creare un ciclo produttivo [&hellip;]<\/p>\n","protected":false},"author":1,"featured_media":743,"parent":21787,"menu_order":171,"comment_status":"closed","ping_status":"closed","template":"","meta":[],"yoast_head":"<!-- This site is optimized with the Yoast SEO plugin v20.3 - https:\/\/yoast.com\/wordpress\/plugins\/seo\/ -->\n<title>Meler migliora il processo produttivo di Bodegas Artazu - Meler<\/title>\n<meta name=\"description\" content=\"Il sistema di sigillatura ad alta velocit\u00e0 di Meler per la produzione 100% biologica di Bodegas Artazu.\" \/>\n<meta name=\"robots\" content=\"index, follow, max-snippet:-1, max-image-preview:large, max-video-preview:-1\" \/>\n<link rel=\"canonical\" href=\"https:\/\/www.meler.cn\/it\/industrie\/hot-melt-per-il-settore-del-packaging\/ottenere-un-prodotto-sostenibile-al-100\/\" \/>\n<meta property=\"og:locale\" content=\"it_IT\" \/>\n<meta property=\"og:type\" content=\"article\" \/>\n<meta property=\"og:title\" content=\"Meler migliora il processo produttivo di Bodegas Artazu - Meler\" \/>\n<meta property=\"og:description\" content=\"Il sistema di sigillatura ad alta velocit\u00e0 di Meler per la produzione 100% biologica di Bodegas Artazu.\" \/>\n<meta property=\"og:url\" content=\"https:\/\/www.meler.cn\/it\/industrie\/hot-melt-per-il-settore-del-packaging\/ottenere-un-prodotto-sostenibile-al-100\/\" \/>\n<meta property=\"og:site_name\" content=\"Meler\" \/>\n<meta property=\"article:modified_time\" content=\"2024-08-29T11:34:18+00:00\" \/>\n<meta property=\"og:image\" content=\"https:\/\/20097.ttandemdigital.com\/media\/header-industrias-construccion-caso-exito-bodega-artazu.png\" \/>\n\t<meta property=\"og:image:width\" content=\"1920\" \/>\n\t<meta property=\"og:image:height\" content=\"552\" \/>\n\t<meta property=\"og:image:type\" content=\"image\/jpeg\" \/>\n<meta name=\"twitter:card\" content=\"summary_large_image\" \/>\n<meta name=\"twitter:label1\" content=\"Tempo di lettura stimato\" \/>\n\t<meta name=\"twitter:data1\" content=\"3 minuti\" \/>\n<script type=\"application\/ld+json\" class=\"yoast-schema-graph\">{\"@context\":\"https:\/\/schema.org\",\"@graph\":[{\"@type\":\"WebPage\",\"@id\":\"https:\/\/www.meler.cn\/it\/industrie\/hot-melt-per-il-settore-del-packaging\/ottenere-un-prodotto-sostenibile-al-100\/\",\"url\":\"https:\/\/www.meler.cn\/it\/industrie\/hot-melt-per-il-settore-del-packaging\/ottenere-un-prodotto-sostenibile-al-100\/\",\"name\":\"Meler migliora il processo produttivo di Bodegas Artazu - Meler\",\"isPartOf\":{\"@id\":\"https:\/\/www.meler.cn\/it\/#website\"},\"datePublished\":\"2022-12-30T16:30:08+00:00\",\"dateModified\":\"2024-08-29T11:34:18+00:00\",\"description\":\"Il sistema di sigillatura ad alta velocit\u00e0 di Meler per la produzione 100% biologica di Bodegas Artazu.\",\"breadcrumb\":{\"@id\":\"https:\/\/www.meler.cn\/it\/industrie\/hot-melt-per-il-settore-del-packaging\/ottenere-un-prodotto-sostenibile-al-100\/#breadcrumb\"},\"inLanguage\":\"it-IT\",\"potentialAction\":[{\"@type\":\"ReadAction\",\"target\":[\"https:\/\/www.meler.cn\/it\/industrie\/hot-melt-per-il-settore-del-packaging\/ottenere-un-prodotto-sostenibile-al-100\/\"]}]},{\"@type\":\"BreadcrumbList\",\"@id\":\"https:\/\/www.meler.cn\/it\/industrie\/hot-melt-per-il-settore-del-packaging\/ottenere-un-prodotto-sostenibile-al-100\/#breadcrumb\",\"itemListElement\":[{\"@type\":\"ListItem\",\"position\":1,\"name\":\"Portada\",\"item\":\"https:\/\/www.meler.cn\/it\/\"},{\"@type\":\"ListItem\",\"position\":2,\"name\":\"industrie\",\"item\":\"https:\/\/20097.ttandemdigital.com\/it\/industrie\/\"},{\"@type\":\"ListItem\",\"position\":3,\"name\":\"Hot melt per il settore del packaging\",\"item\":\"https:\/\/20097.ttandemdigital.com\/it\/industrie\/hot-melt-per-il-settore-del-packaging\/\"},{\"@type\":\"ListItem\",\"position\":4,\"name\":\"Ottenere un prodotto sostenibile al 100%\"}]},{\"@type\":\"WebSite\",\"@id\":\"https:\/\/www.meler.cn\/it\/#website\",\"url\":\"https:\/\/www.meler.cn\/it\/\",\"name\":\"Meler\",\"description\":\"Just another WordPress site\",\"potentialAction\":[{\"@type\":\"SearchAction\",\"target\":{\"@type\":\"EntryPoint\",\"urlTemplate\":\"https:\/\/www.meler.cn\/it\/?s={search_term_string}\"},\"query-input\":\"required name=search_term_string\"}],\"inLanguage\":\"it-IT\"}]}<\/script>\n<!-- \/ Yoast SEO plugin. -->","yoast_head_json":{"title":"Meler migliora il processo produttivo di Bodegas Artazu - Meler","description":"Il sistema di sigillatura ad alta velocit\u00e0 di Meler per la produzione 100% biologica di Bodegas Artazu.","robots":{"index":"index","follow":"follow","max-snippet":"max-snippet:-1","max-image-preview":"max-image-preview:large","max-video-preview":"max-video-preview:-1"},"canonical":"https:\/\/www.meler.cn\/it\/industrie\/hot-melt-per-il-settore-del-packaging\/ottenere-un-prodotto-sostenibile-al-100\/","og_locale":"it_IT","og_type":"article","og_title":"Meler migliora il processo produttivo di Bodegas Artazu - Meler","og_description":"Il sistema di sigillatura ad alta velocit\u00e0 di Meler per la produzione 100% biologica di Bodegas Artazu.","og_url":"https:\/\/www.meler.cn\/it\/industrie\/hot-melt-per-il-settore-del-packaging\/ottenere-un-prodotto-sostenibile-al-100\/","og_site_name":"Meler","article_modified_time":"2024-08-29T11:34:18+00:00","og_image":[{"width":1920,"height":552,"url":"https:\/\/20097.ttandemdigital.com\/media\/header-industrias-construccion-caso-exito-bodega-artazu.png","type":"image\/jpeg"}],"twitter_card":"summary_large_image","twitter_misc":{"Tempo di lettura stimato":"3 minuti"},"schema":{"@context":"https:\/\/schema.org","@graph":[{"@type":"WebPage","@id":"https:\/\/www.meler.cn\/it\/industrie\/hot-melt-per-il-settore-del-packaging\/ottenere-un-prodotto-sostenibile-al-100\/","url":"https:\/\/www.meler.cn\/it\/industrie\/hot-melt-per-il-settore-del-packaging\/ottenere-un-prodotto-sostenibile-al-100\/","name":"Meler migliora il processo produttivo di Bodegas Artazu - Meler","isPartOf":{"@id":"https:\/\/www.meler.cn\/it\/#website"},"datePublished":"2022-12-30T16:30:08+00:00","dateModified":"2024-08-29T11:34:18+00:00","description":"Il sistema di sigillatura ad alta velocit\u00e0 di Meler per la produzione 100% biologica di Bodegas Artazu.","breadcrumb":{"@id":"https:\/\/www.meler.cn\/it\/industrie\/hot-melt-per-il-settore-del-packaging\/ottenere-un-prodotto-sostenibile-al-100\/#breadcrumb"},"inLanguage":"it-IT","potentialAction":[{"@type":"ReadAction","target":["https:\/\/www.meler.cn\/it\/industrie\/hot-melt-per-il-settore-del-packaging\/ottenere-un-prodotto-sostenibile-al-100\/"]}]},{"@type":"BreadcrumbList","@id":"https:\/\/www.meler.cn\/it\/industrie\/hot-melt-per-il-settore-del-packaging\/ottenere-un-prodotto-sostenibile-al-100\/#breadcrumb","itemListElement":[{"@type":"ListItem","position":1,"name":"Portada","item":"https:\/\/www.meler.cn\/it\/"},{"@type":"ListItem","position":2,"name":"industrie","item":"https:\/\/20097.ttandemdigital.com\/it\/industrie\/"},{"@type":"ListItem","position":3,"name":"Hot melt per il settore del packaging","item":"https:\/\/20097.ttandemdigital.com\/it\/industrie\/hot-melt-per-il-settore-del-packaging\/"},{"@type":"ListItem","position":4,"name":"Ottenere un prodotto sostenibile al 100%"}]},{"@type":"WebSite","@id":"https:\/\/www.meler.cn\/it\/#website","url":"https:\/\/www.meler.cn\/it\/","name":"Meler","description":"Just another WordPress site","potentialAction":[{"@type":"SearchAction","target":{"@type":"EntryPoint","urlTemplate":"https:\/\/www.meler.cn\/it\/?s={search_term_string}"},"query-input":"required name=search_term_string"}],"inLanguage":"it-IT"}]}},"_links":{"self":[{"href":"https:\/\/www.meler.cn\/it\/wp-json\/wp\/v2\/pages\/22805"}],"collection":[{"href":"https:\/\/www.meler.cn\/it\/wp-json\/wp\/v2\/pages"}],"about":[{"href":"https:\/\/www.meler.cn\/it\/wp-json\/wp\/v2\/types\/page"}],"author":[{"embeddable":true,"href":"https:\/\/www.meler.cn\/it\/wp-json\/wp\/v2\/users\/1"}],"replies":[{"embeddable":true,"href":"https:\/\/www.meler.cn\/it\/wp-json\/wp\/v2\/comments?post=22805"}],"version-history":[{"count":6,"href":"https:\/\/www.meler.cn\/it\/wp-json\/wp\/v2\/pages\/22805\/revisions"}],"predecessor-version":[{"id":32751,"href":"https:\/\/www.meler.cn\/it\/wp-json\/wp\/v2\/pages\/22805\/revisions\/32751"}],"up":[{"embeddable":true,"href":"https:\/\/www.meler.cn\/it\/wp-json\/wp\/v2\/pages\/21787"}],"wp:featuredmedia":[{"embeddable":true,"href":"https:\/\/www.meler.cn\/it\/wp-json\/wp\/v2\/media\/743"}],"wp:attachment":[{"href":"https:\/\/www.meler.cn\/it\/wp-json\/wp\/v2\/media?parent=22805"}],"curies":[{"name":"wp","href":"https:\/\/api.w.org\/{rel}","templated":true}]}}