




















{"id":22781,"date":"2023-01-04T09:35:32","date_gmt":"2023-01-04T09:35:32","guid":{"rendered":"https:\/\/www.meler.eu\/industrie\/hot-melt-nell-industria-del-legno\/optimizar-el-laminado-de-cantos-con-adhesivos-reactivos\/"},"modified":"2023-08-18T10:28:31","modified_gmt":"2023-08-18T10:28:31","slug":"ottimizzare-la-laminazione-dei-bordi-con-adesivi-reattivi","status":"publish","type":"page","link":"https:\/\/www.meler.cn\/it\/industrie\/hot-melt-nell-industria-del-legno\/ottimizzare-la-laminazione-dei-bordi-con-adesivi-reattivi\/","title":{"rendered":"Ottimizzare la laminazione dei bordi con adesivi reattivi"},"content":{"rendered":"<p>[vc_row show_menu_content=&#8221;yes&#8221;][vc_column row_spacing_h=&#8221;left-spacing&#8221; width=&#8221;1\/1&#8243;][single_image image=&#8221;14755&#8243;][text]<\/p>\n<h2 class=\"style-05\">La sfida<\/h2>\n<h3 class=\"style-01\">Otimizzare la laminazione dei bordi con adesivi PUR<\/h3>\n<p>JJ Cocinas, esperto produttore di mobili da cucina, avvia un cambiamento produttivo in una delle sue linee di produzione dedicate alla laminazione dei bordi, affidandosi al team di Meler. [\/text][single_image image=&#8221;14760&#8243; image_spacing=&#8221;top-spacing-med bottom-spacing-0&#8243;][text]<\/p>\n<h2 class=\"style-05\">Il progetto (durata, destinazione, settore)<\/h2>\n<h3 class=\"style-01\">I vantaggi produttivi offerti dal sistema di laminazione<\/h3>\n<p>Bench\u00e9 le applicazioni siano simili, ogni installazione \u00e8 unica e ciascun cliente ha sviluppato i propri processi produttivi, per cui \u00e8 imprescindibile un\u2019attenzione personalizzata e professionale.<\/p>\n<p>Jos\u00e9 Miguel Casado, tecnico Focke Meler specializzato nell\u2019uso di poliuretani reattivi nell\u2019industria, spiega: \u201cGli attuali PUR migliorano la produttivit\u00e0 e garantiscono la qualit\u00e0 del prodotto finale anche nelle esportazioni, ma pongono nuove sfide ai nostri clienti, poich\u00e9 il loro utilizzo comporta un cambiamento produttivo. Per evitare la reticolazione dell\u2019adesivo, i processi di pulizia e manutenzione devono cambiare e il controllo della temperatura deve essere pi\u00f9 preciso. Ecco perch\u00e9 il nostro lavoro tecnico \u00e8 essenziale\u201d.[\/text][video_youtube video_url=&#8221;https:\/\/www.youtube.com\/watch?v=W20c3Tl8GdY&amp;t=1s&#8221;][text]<\/p>\n<h2 class=\"style-05\">Il progetto (durata, destinazione, settore)<\/h2>\n<h3 class=\"style-01\">I vantaggi produttivi offerti dal sistema di laminazione<\/h3>\n<p>Bench\u00e9 le applicazioni siano simili, ogni installazione \u00e8 unica e ciascun cliente ha sviluppato i propri processi produttivi, per cui \u00e8 imprescindibile un\u2019attenzione personalizzata e professionale.<\/p>\n<p>Jes\u00fas de Abajo, amministratore di JJ Cocinas, spiega quali sono i vantaggi produttivi derivanti dall\u2019introduzione del sistema di bordatura con <a href=\"#\"> applicatore di adesivo mediante testa di spalmatura<\/a> rispetto all\u2019utilizzo del sistema a rulli.<\/p>\n<h2 class=\"style-05\">Testimonianza<\/h2>\n<p class=\"testimonial\"><strong>&#8220;&#8221;Quando si inizia un progetto per cambiare la propria produzione, \u00e8 importante sapere che c&#8217;\u00e8 un&#8217;azienda dietro di te che ti sostiene&#8221;.<br \/>\n<\/strong>Jes\u00fas de Abajo (JJCocinas Manager)<\/p>\n<h2 class=\"style-05\">Impatto<\/h2>\n<ul class=\"style-03\">\n<li>Aumento della qualit\u00e0 del prodotto finale<\/li>\n<li>Aumento della produttivit\u00e0<\/li>\n<li>Aumento della competitivit\u00e0 aziendale<\/li>\n<\/ul>\n<p>[\/text][\/vc_column][\/vc_row][vc_row row_layout=&#8221;full&#8221;][vc_column width=&#8221;1\/1&#8243;][ttdirectory_gallery carousel_columns=&#8221;4&#8243; gallery_type=&#8221;style-01&#8243; gallery_carousel=&#8221;slide&#8221;][single_image image=&#8221;14770&#8243;][single_image image=&#8221;14715&#8243;][single_image image=&#8221;14720&#8243;][single_image image=&#8221;14725&#8243;][single_image image=&#8221;14730&#8243;][single_image image=&#8221;14735&#8243;][single_image image=&#8221;11067&#8243;][single_image image=&#8221;14745&#8243;][\/ttdirectory_gallery][\/vc_column][\/vc_row][vc_row row_bg_color=&#8221;bg-04&#8243; row_spacing=&#8221;top-spacing bottom-spacing-0&#8243;][vc_column width=&#8221;1\/1&#8243;][text]<\/p>\n<h2 class=\"txt-center style-01\">I nostri prodotti<\/h2>\n<p>[\/text][vc_tta_tabs][vc_tta_section title=&#8221;APPLICATORI &#8221; tab_id=&#8221;1672398287853-7a9cfd48-9ce4&#8243;][ttdirectory_products carousel_columns=&#8221;4&#8243; style=&#8221;1&#8243;][ttdirectory_product_applicators post_applicator=&#8221;15476&#8243;][ttdirectory_product_applicators post_applicator=&#8221;15435&#8243;][ttdirectory_product_applicators post_applicator=&#8221;15440&#8243;][\/ttdirectory_products][\/vc_tta_section][vc_tta_section title=&#8221;FUSORI&#8221; tab_id=&#8221;1672398287839-e7ca709f-fefa&#8221;][ttdirectory_products carousel_columns=&#8221;4&#8243; style=&#8221;1&#8243;][ttdirectory_product_melters post_melter=&#8221;12762&#8243;][ttdirectory_product_melters post_melter=&#8221;12255&#8243;][ttdirectory_product_melters post_melter=&#8221;15119&#8243;][\/ttdirectory_products][\/vc_tta_section][vc_tta_section title=&#8221;TUBI&#8221; tab_id=&#8221;1672846711717-70806b95-a42b&#8221;][ttdirectory_products carousel_columns=&#8221;4&#8243; style=&#8221;1&#8243;][ttdirectory_product_hoses post_hoses=&#8221;8068&#8243;][ttdirectory_product_hoses post_hoses=&#8221;8072&#8243;][\/ttdirectory_products][\/vc_tta_section][vc_tta_section title=&#8221;CONTROLLORI&#8221; tab_id=&#8221;1672846727459-c551c768-260b&#8221;][ttdirectory_products carousel_columns=&#8221;4&#8243; style=&#8221;1&#8243;][ttdirectory_product_controllers post_controller=&#8221;12297&#8243;][\/ttdirectory_products][\/vc_tta_section][vc_tta_section title=&#8221;ACCESSORI&#8221; tab_id=&#8221;1672846743252-7c5f2148-1f6a&#8221;][ttdirectory_products carousel_columns=&#8221;4&#8243; style=&#8221;1&#8243;][ttdirectory_product_accessories post_accessories=&#8221;15246&#8243;][ttdirectory_product_accessories post_accessories=&#8221;15408&#8243;][\/ttdirectory_products][\/vc_tta_section][\/vc_tta_tabs][\/vc_column][\/vc_row][vc_row][vc_column][\/vc_column][\/vc_row]<\/p>\n","protected":false},"excerpt":{"rendered":"<p>[vc_row show_menu_content=&#8221;yes&#8221;][vc_column row_spacing_h=&#8221;left-spacing&#8221; width=&#8221;1\/1&#8243;][single_image image=&#8221;14755&#8243;][text] La sfida Otimizzare la laminazione dei bordi con adesivi PUR JJ Cocinas, esperto produttore di mobili da cucina, avvia un cambiamento produttivo in una delle sue linee di produzione dedicate alla laminazione dei bordi, affidandosi al team di Meler. [\/text][single_image image=&#8221;14760&#8243; image_spacing=&#8221;top-spacing-med bottom-spacing-0&#8243;][text] Il progetto (durata, destinazione, settore) I vantaggi [&hellip;]<\/p>\n","protected":false},"author":1,"featured_media":22676,"parent":22045,"menu_order":223,"comment_status":"closed","ping_status":"closed","template":"","meta":[],"yoast_head":"<!-- This site is optimized with the Yoast SEO plugin v20.3 - https:\/\/yoast.com\/wordpress\/plugins\/seo\/ -->\n<title>Caso di studio: JJ Cocinas ha aumentato i suoi processi produttivi grazie a Meler<\/title>\n<meta name=\"description\" content=\"Meler installa una bordatrice sulla linea di produzione di JJ Cocinas per migliorare i processi produttivi.\" \/>\n<meta name=\"robots\" content=\"index, follow, max-snippet:-1, max-image-preview:large, max-video-preview:-1\" \/>\n<link rel=\"canonical\" href=\"https:\/\/www.meler.cn\/it\/industrie\/hot-melt-nell-industria-del-legno\/ottimizzare-la-laminazione-dei-bordi-con-adesivi-reattivi\/\" \/>\n<meta property=\"og:locale\" content=\"it_IT\" \/>\n<meta property=\"og:type\" content=\"article\" \/>\n<meta property=\"og:title\" content=\"Caso di studio: JJ Cocinas ha aumentato i suoi processi produttivi grazie a Meler\" \/>\n<meta property=\"og:description\" content=\"Meler installa una bordatrice sulla linea di produzione di JJ Cocinas per migliorare i processi produttivi.\" \/>\n<meta property=\"og:url\" content=\"https:\/\/www.meler.cn\/it\/industrie\/hot-melt-nell-industria-del-legno\/ottimizzare-la-laminazione-dei-bordi-con-adesivi-reattivi\/\" \/>\n<meta property=\"og:site_name\" content=\"Meler\" \/>\n<meta property=\"article:modified_time\" content=\"2023-08-18T10:28:31+00:00\" \/>\n<meta property=\"og:image\" content=\"https:\/\/20097.ttandemdigital.com\/media\/header-home-caso-exito-cocinas-jj-meler.png\" \/>\n\t<meta property=\"og:image:width\" content=\"1920\" \/>\n\t<meta property=\"og:image:height\" content=\"780\" \/>\n\t<meta property=\"og:image:type\" content=\"image\/png\" \/>\n<meta name=\"twitter:card\" content=\"summary_large_image\" \/>\n<meta name=\"twitter:label1\" content=\"Tempo di lettura stimato\" \/>\n\t<meta name=\"twitter:data1\" content=\"2 minuti\" \/>\n<script type=\"application\/ld+json\" class=\"yoast-schema-graph\">{\"@context\":\"https:\/\/schema.org\",\"@graph\":[{\"@type\":\"WebPage\",\"@id\":\"https:\/\/www.meler.cn\/it\/industrie\/hot-melt-nell-industria-del-legno\/ottimizzare-la-laminazione-dei-bordi-con-adesivi-reattivi\/\",\"url\":\"https:\/\/www.meler.cn\/it\/industrie\/hot-melt-nell-industria-del-legno\/ottimizzare-la-laminazione-dei-bordi-con-adesivi-reattivi\/\",\"name\":\"Caso di studio: JJ Cocinas ha aumentato i suoi processi produttivi grazie a Meler\",\"isPartOf\":{\"@id\":\"https:\/\/www.meler.cn\/it\/#website\"},\"datePublished\":\"2023-01-04T09:35:32+00:00\",\"dateModified\":\"2023-08-18T10:28:31+00:00\",\"description\":\"Meler installa una bordatrice sulla linea di produzione di JJ Cocinas per migliorare i processi produttivi.\",\"breadcrumb\":{\"@id\":\"https:\/\/www.meler.cn\/it\/industrie\/hot-melt-nell-industria-del-legno\/ottimizzare-la-laminazione-dei-bordi-con-adesivi-reattivi\/#breadcrumb\"},\"inLanguage\":\"it-IT\",\"potentialAction\":[{\"@type\":\"ReadAction\",\"target\":[\"https:\/\/www.meler.cn\/it\/industrie\/hot-melt-nell-industria-del-legno\/ottimizzare-la-laminazione-dei-bordi-con-adesivi-reattivi\/\"]}]},{\"@type\":\"BreadcrumbList\",\"@id\":\"https:\/\/www.meler.cn\/it\/industrie\/hot-melt-nell-industria-del-legno\/ottimizzare-la-laminazione-dei-bordi-con-adesivi-reattivi\/#breadcrumb\",\"itemListElement\":[{\"@type\":\"ListItem\",\"position\":1,\"name\":\"Portada\",\"item\":\"https:\/\/www.meler.cn\/it\/\"},{\"@type\":\"ListItem\",\"position\":2,\"name\":\"industrie\",\"item\":\"https:\/\/20097.ttandemdigital.com\/it\/industrie\/\"},{\"@type\":\"ListItem\",\"position\":3,\"name\":\"Hot-melt nell\u2019industria del legno\",\"item\":\"https:\/\/20097.ttandemdigital.com\/it\/industrie\/hot-melt-nell-industria-del-legno\/\"},{\"@type\":\"ListItem\",\"position\":4,\"name\":\"Ottimizzare la laminazione dei bordi con adesivi reattivi\"}]},{\"@type\":\"WebSite\",\"@id\":\"https:\/\/www.meler.cn\/it\/#website\",\"url\":\"https:\/\/www.meler.cn\/it\/\",\"name\":\"Meler\",\"description\":\"Just another WordPress site\",\"potentialAction\":[{\"@type\":\"SearchAction\",\"target\":{\"@type\":\"EntryPoint\",\"urlTemplate\":\"https:\/\/www.meler.cn\/it\/?s={search_term_string}\"},\"query-input\":\"required name=search_term_string\"}],\"inLanguage\":\"it-IT\"}]}<\/script>\n<!-- \/ Yoast SEO plugin. -->","yoast_head_json":{"title":"Caso di studio: JJ Cocinas ha aumentato i suoi processi produttivi grazie a Meler","description":"Meler installa una bordatrice sulla linea di produzione di JJ Cocinas per migliorare i processi produttivi.","robots":{"index":"index","follow":"follow","max-snippet":"max-snippet:-1","max-image-preview":"max-image-preview:large","max-video-preview":"max-video-preview:-1"},"canonical":"https:\/\/www.meler.cn\/it\/industrie\/hot-melt-nell-industria-del-legno\/ottimizzare-la-laminazione-dei-bordi-con-adesivi-reattivi\/","og_locale":"it_IT","og_type":"article","og_title":"Caso di studio: JJ Cocinas ha aumentato i suoi processi produttivi grazie a Meler","og_description":"Meler installa una bordatrice sulla linea di produzione di JJ Cocinas per migliorare i processi produttivi.","og_url":"https:\/\/www.meler.cn\/it\/industrie\/hot-melt-nell-industria-del-legno\/ottimizzare-la-laminazione-dei-bordi-con-adesivi-reattivi\/","og_site_name":"Meler","article_modified_time":"2023-08-18T10:28:31+00:00","og_image":[{"width":1920,"height":780,"url":"https:\/\/20097.ttandemdigital.com\/media\/header-home-caso-exito-cocinas-jj-meler.png","type":"image\/png"}],"twitter_card":"summary_large_image","twitter_misc":{"Tempo di lettura stimato":"2 minuti"},"schema":{"@context":"https:\/\/schema.org","@graph":[{"@type":"WebPage","@id":"https:\/\/www.meler.cn\/it\/industrie\/hot-melt-nell-industria-del-legno\/ottimizzare-la-laminazione-dei-bordi-con-adesivi-reattivi\/","url":"https:\/\/www.meler.cn\/it\/industrie\/hot-melt-nell-industria-del-legno\/ottimizzare-la-laminazione-dei-bordi-con-adesivi-reattivi\/","name":"Caso di studio: JJ Cocinas ha aumentato i suoi processi produttivi grazie a Meler","isPartOf":{"@id":"https:\/\/www.meler.cn\/it\/#website"},"datePublished":"2023-01-04T09:35:32+00:00","dateModified":"2023-08-18T10:28:31+00:00","description":"Meler installa una bordatrice sulla linea di produzione di JJ Cocinas per migliorare i processi produttivi.","breadcrumb":{"@id":"https:\/\/www.meler.cn\/it\/industrie\/hot-melt-nell-industria-del-legno\/ottimizzare-la-laminazione-dei-bordi-con-adesivi-reattivi\/#breadcrumb"},"inLanguage":"it-IT","potentialAction":[{"@type":"ReadAction","target":["https:\/\/www.meler.cn\/it\/industrie\/hot-melt-nell-industria-del-legno\/ottimizzare-la-laminazione-dei-bordi-con-adesivi-reattivi\/"]}]},{"@type":"BreadcrumbList","@id":"https:\/\/www.meler.cn\/it\/industrie\/hot-melt-nell-industria-del-legno\/ottimizzare-la-laminazione-dei-bordi-con-adesivi-reattivi\/#breadcrumb","itemListElement":[{"@type":"ListItem","position":1,"name":"Portada","item":"https:\/\/www.meler.cn\/it\/"},{"@type":"ListItem","position":2,"name":"industrie","item":"https:\/\/20097.ttandemdigital.com\/it\/industrie\/"},{"@type":"ListItem","position":3,"name":"Hot-melt nell\u2019industria del legno","item":"https:\/\/20097.ttandemdigital.com\/it\/industrie\/hot-melt-nell-industria-del-legno\/"},{"@type":"ListItem","position":4,"name":"Ottimizzare la laminazione dei bordi con adesivi reattivi"}]},{"@type":"WebSite","@id":"https:\/\/www.meler.cn\/it\/#website","url":"https:\/\/www.meler.cn\/it\/","name":"Meler","description":"Just another WordPress site","potentialAction":[{"@type":"SearchAction","target":{"@type":"EntryPoint","urlTemplate":"https:\/\/www.meler.cn\/it\/?s={search_term_string}"},"query-input":"required name=search_term_string"}],"inLanguage":"it-IT"}]}},"_links":{"self":[{"href":"https:\/\/www.meler.cn\/it\/wp-json\/wp\/v2\/pages\/22781"}],"collection":[{"href":"https:\/\/www.meler.cn\/it\/wp-json\/wp\/v2\/pages"}],"about":[{"href":"https:\/\/www.meler.cn\/it\/wp-json\/wp\/v2\/types\/page"}],"author":[{"embeddable":true,"href":"https:\/\/www.meler.cn\/it\/wp-json\/wp\/v2\/users\/1"}],"replies":[{"embeddable":true,"href":"https:\/\/www.meler.cn\/it\/wp-json\/wp\/v2\/comments?post=22781"}],"version-history":[{"count":6,"href":"https:\/\/www.meler.cn\/it\/wp-json\/wp\/v2\/pages\/22781\/revisions"}],"predecessor-version":[{"id":29251,"href":"https:\/\/www.meler.cn\/it\/wp-json\/wp\/v2\/pages\/22781\/revisions\/29251"}],"up":[{"embeddable":true,"href":"https:\/\/www.meler.cn\/it\/wp-json\/wp\/v2\/pages\/22045"}],"wp:featuredmedia":[{"embeddable":true,"href":"https:\/\/www.meler.cn\/it\/wp-json\/wp\/v2\/media\/22676"}],"wp:attachment":[{"href":"https:\/\/www.meler.cn\/it\/wp-json\/wp\/v2\/media?parent=22781"}],"curies":[{"name":"wp","href":"https:\/\/api.w.org\/{rel}","templated":true}]}}