




















{"id":22618,"date":"2023-01-04T09:38:29","date_gmt":"2023-01-04T09:38:29","guid":{"rendered":"https:\/\/www.meler.eu\/industrie\/sistemi-hot-melt-per-arti-grafiche\/industrias-mas-ecologicas\/"},"modified":"2024-08-30T11:10:49","modified_gmt":"2024-08-30T11:10:49","slug":"industria_piu_ecologica","status":"publish","type":"page","link":"https:\/\/www.meler.cn\/it\/industrie\/sistemi-hot-melt-per-arti-grafiche\/industria_piu_ecologica\/","title":{"rendered":"Industria pi\u00f9 ecologica"},"content":{"rendered":"<p>[vc_row show_menu_content=&#8221;yes&#8221;][vc_column row_spacing_h=&#8221;left-spacing&#8221; width=&#8221;1\/1&#8243;][single_image image=&#8221;16311&#8243;][text]<\/p>\n<h2 class=\"style-05\">La sfida<\/h2>\n<h3 class=\"style-01\">Sostenibilit\u00e0 anche nel packaging<\/h3>\n<p><a href=\"https:\/\/www.mailroommachines.com\/\" target=\"_blank\" rel=\"noopener\">Mailroom Machines Ltd<\/a>, a capo della stessa, \u00e8 un\u2019azienda specializzata nella produzione di macchine per il confezionamento di documenti e spedizioni postali. Tenendo conto dell\u2019evoluzione della nostra societ\u00e0 verso un\u2019attivit\u00e0 pi\u00f9 ecologica, MML ha scelto di offrire soluzioni di imballaggio in carta anzich\u00e9 in plastica.[\/text][single_image image=&#8221;16301&#8243;][text]<\/p>\n<h2 class=\"style-05\">Il nostro contributo<\/h2>\n<p>Meler partecipa ad un progetto di ingegneria innovativo per l\u2019 industria del packaging che va a sostituire gli imballaggi in plastica con la carta, ottenendo ottimi risultati.<\/p>\n<h2 class=\"style-05\">Il progetto (durata, destinazione, settore)<\/h2>\n<h3 class=\"style-01\">Un sistema completo<\/h3>\n<p>L\u2019installazione Meler, composta da un <a href=\"https:\/\/www.meler.cn\/es\/productos\/fusores\/micron-el-fusor-disenado-para-la-industria-4-0\/\">Micron +<\/a>, programmatore di spari STARBI <a href=\"https:\/\/www.meler.cn\/es\/productos\/controladores\/starbi\/\">StarBI<\/a>, un <a href=\"https:\/\/www.meler.cn\/es\/productos\/aplicadores\/cordon-pistolas-unificado\/\">aplicatore MU<\/a> ye due tubi elettroriscaldati, \u00e8 un elemento chiave all\u2019interno di questa nuova macchina pi\u00f9 rispettosa dell\u2019ambiente. Il team Meler sar\u00e0 responsabile dell\u2019applicazione dell\u2019adesivo hot melt in modo preciso e continuo per offrire un imballaggio meno dannoso per l\u2019ambiente.<br \/>\nQuesto video rappresenta un grande successo di un team tecnico organizzato. Paul Jones con il suo team e <a href=\"https:\/\/www.google.com\/maps\/place\/Focke+Meler+UK\/@53.4149544,-2.6112503,17z\/data=!3m1!4b1!4m5!3m4!1s0x487b03242ad5bd87:0x1951c7d8b26a448!8m2!3d53.4149573!4d-2.6112615\" target=\"_blank\" rel=\"noopener\">Meler UK<\/a> lo hanno reso possibile, Congratulazioni![\/text][video_youtube video_url=&#8221;https:\/\/www.youtube.com\/watch?v=ppV5HVIluh4&amp;feature=emb_logo&#8221;][text]<\/p>\n<h2 class=\"style-05\">Testimonianza<\/h2>\n<p class=\"testimonial\"><strong>&#8220;Meler \u00e8 stato il partner perfetto per realizzare la nostra nuova soluzione di avvolgimento carta all&#8217;avanguardia.&#8221;<br \/>\n<\/strong>Paul Jones (direttore della Mailroom Machines Ltd).<\/p>\n<h2 class=\"style-05\">Impatto<\/h2>\n<ul class=\"style-03\">\n<li>Riconversione ecologica della linea di confezionamento senza grandi investimenti economici<\/li>\n<li>Flessibilit\u00e0 di applicazione degli adesivi su diversi substrati<\/li>\n<li>Sistema compatibile con diversi formati di applicazione<\/li>\n<\/ul>\n<p>[\/text][\/vc_column][\/vc_row][vc_row row_bg_color=&#8221;bg-04&#8243; row_spacing=&#8221;top-spacing bottom-spacing-0&#8243;][vc_column width=&#8221;1\/1&#8243;][text]<\/p>\n<h2 class=\"txt-center style-01\">I NOSTRI PRODOTTI<\/h2>\n<p class=\"txt-center\"><a class=\"button\" href=\"https:\/\/www.meler.cn\/it\/prodotti\/\">Vedi i prodotti<\/a><\/p>\n<p>[\/text][vc_tta_tabs][vc_tta_section title=&#8221;APPLICATORI&#8221; tab_id=&#8221;1672398287853-7a9cfd48-9ce4&#8243;][ttdirectory_products carousel_columns=&#8221;4&#8243; style=&#8221;1&#8243;][ttdirectory_product_applicators post_applicator=&#8221;27076&#8243;][\/ttdirectory_products][\/vc_tta_section][vc_tta_section title=&#8221;FUSORI&#8221; tab_id=&#8221;1672398287839-e7ca709f-fefa&#8221;][ttdirectory_products carousel_columns=&#8221;4&#8243; style=&#8221;1&#8243;][ttdirectory_product_melters post_melter=&#8221;23737&#8243;][\/ttdirectory_products][\/vc_tta_section][vc_tta_section title=&#8221;TUBI&#8221; tab_id=&#8221;1672918510236-9251d1b4-ea04&#8243;][ttdirectory_products carousel_columns=&#8221;4&#8243; style=&#8221;1&#8243;][ttdirectory_product_hoses post_hoses=&#8221;22450&#8243;][ttdirectory_product_hoses post_hoses=&#8221;22447&#8243;][\/ttdirectory_products][\/vc_tta_section][vc_tta_section title=&#8221;CONTROLLORI&#8221; tab_id=&#8221;1672918535864-a01a5678-4fec&#8221;][ttdirectory_products carousel_columns=&#8221;4&#8243; style=&#8221;1&#8243;][ttdirectory_product_controllers post_controller=&#8221;27669&#8243;][\/ttdirectory_products][\/vc_tta_section][vc_tta_section title=&#8221;ACCESSORI&#8221; tab_id=&#8221;1672918552116-aad4cd4f-afb3&#8243;][ttdirectory_products carousel_columns=&#8221;4&#8243; style=&#8221;1&#8243;][ttdirectory_product_accessories post_accessories=&#8221;22737&#8243;][ttdirectory_product_accessories post_accessories=&#8221;23485&#8243;][\/ttdirectory_products][\/vc_tta_section][\/vc_tta_tabs][\/vc_column][\/vc_row]<\/p>\n","protected":false},"excerpt":{"rendered":"<p>[vc_row show_menu_content=&#8221;yes&#8221;][vc_column row_spacing_h=&#8221;left-spacing&#8221; width=&#8221;1\/1&#8243;][single_image image=&#8221;16311&#8243;][text] La sfida Sostenibilit\u00e0 anche nel packaging Mailroom Machines Ltd, a capo della stessa, \u00e8 un\u2019azienda specializzata nella produzione di macchine per il confezionamento di documenti e spedizioni postali. Tenendo conto dell\u2019evoluzione della nostra societ\u00e0 verso un\u2019attivit\u00e0 pi\u00f9 ecologica, MML ha scelto di offrire soluzioni di imballaggio in carta anzich\u00e9 in [&hellip;]<\/p>\n","protected":false},"author":1,"featured_media":16310,"parent":22221,"menu_order":187,"comment_status":"closed","ping_status":"closed","template":"","meta":[],"yoast_head":"<!-- This site is optimized with the Yoast SEO plugin v20.3 - https:\/\/yoast.com\/wordpress\/plugins\/seo\/ -->\n<title>Meler promuove le industrie pi\u00f9 verdi<\/title>\n<meta name=\"description\" content=\"Applicazione di fusione per l&#039;industria dell&#039;imballaggio che sostituisce gli imballaggi in plastica con la carta con risultati eccellenti.\" \/>\n<meta name=\"robots\" content=\"index, follow, max-snippet:-1, max-image-preview:large, max-video-preview:-1\" \/>\n<link rel=\"canonical\" href=\"https:\/\/www.meler.cn\/it\/industrie\/sistemi-hot-melt-per-arti-grafiche\/industria_piu_ecologica\/\" \/>\n<meta property=\"og:locale\" content=\"it_IT\" \/>\n<meta property=\"og:type\" content=\"article\" \/>\n<meta property=\"og:title\" content=\"Meler promuove le industrie pi\u00f9 verdi\" \/>\n<meta property=\"og:description\" content=\"Applicazione di fusione per l&#039;industria dell&#039;imballaggio che sostituisce gli imballaggi in plastica con la carta con risultati eccellenti.\" \/>\n<meta property=\"og:url\" content=\"https:\/\/www.meler.cn\/it\/industrie\/sistemi-hot-melt-per-arti-grafiche\/industria_piu_ecologica\/\" \/>\n<meta property=\"og:site_name\" content=\"Meler\" \/>\n<meta property=\"article:modified_time\" content=\"2024-08-30T11:10:49+00:00\" \/>\n<meta property=\"og:image\" content=\"https:\/\/20097.ttandemdigital.com\/media\/header-industrias-caso-exito-industrias-eco-meler.png\" \/>\n\t<meta property=\"og:image:width\" content=\"1920\" \/>\n\t<meta property=\"og:image:height\" content=\"780\" \/>\n\t<meta property=\"og:image:type\" content=\"image\/png\" \/>\n<meta name=\"twitter:card\" content=\"summary_large_image\" \/>\n<meta name=\"twitter:label1\" content=\"Tempo di lettura stimato\" \/>\n\t<meta name=\"twitter:data1\" content=\"2 minuti\" \/>\n<script type=\"application\/ld+json\" class=\"yoast-schema-graph\">{\"@context\":\"https:\/\/schema.org\",\"@graph\":[{\"@type\":\"WebPage\",\"@id\":\"https:\/\/www.meler.cn\/it\/industrie\/sistemi-hot-melt-per-arti-grafiche\/industria_piu_ecologica\/\",\"url\":\"https:\/\/www.meler.cn\/it\/industrie\/sistemi-hot-melt-per-arti-grafiche\/industria_piu_ecologica\/\",\"name\":\"Meler promuove le industrie pi\u00f9 verdi\",\"isPartOf\":{\"@id\":\"https:\/\/www.meler.cn\/it\/#website\"},\"datePublished\":\"2023-01-04T09:38:29+00:00\",\"dateModified\":\"2024-08-30T11:10:49+00:00\",\"description\":\"Applicazione di fusione per l'industria dell'imballaggio che sostituisce gli imballaggi in plastica con la carta con risultati eccellenti.\",\"breadcrumb\":{\"@id\":\"https:\/\/www.meler.cn\/it\/industrie\/sistemi-hot-melt-per-arti-grafiche\/industria_piu_ecologica\/#breadcrumb\"},\"inLanguage\":\"it-IT\",\"potentialAction\":[{\"@type\":\"ReadAction\",\"target\":[\"https:\/\/www.meler.cn\/it\/industrie\/sistemi-hot-melt-per-arti-grafiche\/industria_piu_ecologica\/\"]}]},{\"@type\":\"BreadcrumbList\",\"@id\":\"https:\/\/www.meler.cn\/it\/industrie\/sistemi-hot-melt-per-arti-grafiche\/industria_piu_ecologica\/#breadcrumb\",\"itemListElement\":[{\"@type\":\"ListItem\",\"position\":1,\"name\":\"Portada\",\"item\":\"https:\/\/www.meler.cn\/it\/\"},{\"@type\":\"ListItem\",\"position\":2,\"name\":\"industrie\",\"item\":\"https:\/\/20097.ttandemdigital.com\/it\/industrie\/\"},{\"@type\":\"ListItem\",\"position\":3,\"name\":\"Sistemi hot-melt per arti grafiche\",\"item\":\"https:\/\/20097.ttandemdigital.com\/it\/industrie\/sistemi-hot-melt-per-arti-grafiche\/\"},{\"@type\":\"ListItem\",\"position\":4,\"name\":\"Industria pi\u00f9 ecologica\"}]},{\"@type\":\"WebSite\",\"@id\":\"https:\/\/www.meler.cn\/it\/#website\",\"url\":\"https:\/\/www.meler.cn\/it\/\",\"name\":\"Meler\",\"description\":\"Just another WordPress site\",\"potentialAction\":[{\"@type\":\"SearchAction\",\"target\":{\"@type\":\"EntryPoint\",\"urlTemplate\":\"https:\/\/www.meler.cn\/it\/?s={search_term_string}\"},\"query-input\":\"required name=search_term_string\"}],\"inLanguage\":\"it-IT\"}]}<\/script>\n<!-- \/ Yoast SEO plugin. -->","yoast_head_json":{"title":"Meler promuove le industrie pi\u00f9 verdi","description":"Applicazione di fusione per l'industria dell'imballaggio che sostituisce gli imballaggi in plastica con la carta con risultati eccellenti.","robots":{"index":"index","follow":"follow","max-snippet":"max-snippet:-1","max-image-preview":"max-image-preview:large","max-video-preview":"max-video-preview:-1"},"canonical":"https:\/\/www.meler.cn\/it\/industrie\/sistemi-hot-melt-per-arti-grafiche\/industria_piu_ecologica\/","og_locale":"it_IT","og_type":"article","og_title":"Meler promuove le industrie pi\u00f9 verdi","og_description":"Applicazione di fusione per l'industria dell'imballaggio che sostituisce gli imballaggi in plastica con la carta con risultati eccellenti.","og_url":"https:\/\/www.meler.cn\/it\/industrie\/sistemi-hot-melt-per-arti-grafiche\/industria_piu_ecologica\/","og_site_name":"Meler","article_modified_time":"2024-08-30T11:10:49+00:00","og_image":[{"width":1920,"height":780,"url":"https:\/\/20097.ttandemdigital.com\/media\/header-industrias-caso-exito-industrias-eco-meler.png","type":"image\/png"}],"twitter_card":"summary_large_image","twitter_misc":{"Tempo di lettura stimato":"2 minuti"},"schema":{"@context":"https:\/\/schema.org","@graph":[{"@type":"WebPage","@id":"https:\/\/www.meler.cn\/it\/industrie\/sistemi-hot-melt-per-arti-grafiche\/industria_piu_ecologica\/","url":"https:\/\/www.meler.cn\/it\/industrie\/sistemi-hot-melt-per-arti-grafiche\/industria_piu_ecologica\/","name":"Meler promuove le industrie pi\u00f9 verdi","isPartOf":{"@id":"https:\/\/www.meler.cn\/it\/#website"},"datePublished":"2023-01-04T09:38:29+00:00","dateModified":"2024-08-30T11:10:49+00:00","description":"Applicazione di fusione per l'industria dell'imballaggio che sostituisce gli imballaggi in plastica con la carta con risultati eccellenti.","breadcrumb":{"@id":"https:\/\/www.meler.cn\/it\/industrie\/sistemi-hot-melt-per-arti-grafiche\/industria_piu_ecologica\/#breadcrumb"},"inLanguage":"it-IT","potentialAction":[{"@type":"ReadAction","target":["https:\/\/www.meler.cn\/it\/industrie\/sistemi-hot-melt-per-arti-grafiche\/industria_piu_ecologica\/"]}]},{"@type":"BreadcrumbList","@id":"https:\/\/www.meler.cn\/it\/industrie\/sistemi-hot-melt-per-arti-grafiche\/industria_piu_ecologica\/#breadcrumb","itemListElement":[{"@type":"ListItem","position":1,"name":"Portada","item":"https:\/\/www.meler.cn\/it\/"},{"@type":"ListItem","position":2,"name":"industrie","item":"https:\/\/20097.ttandemdigital.com\/it\/industrie\/"},{"@type":"ListItem","position":3,"name":"Sistemi hot-melt per arti grafiche","item":"https:\/\/20097.ttandemdigital.com\/it\/industrie\/sistemi-hot-melt-per-arti-grafiche\/"},{"@type":"ListItem","position":4,"name":"Industria pi\u00f9 ecologica"}]},{"@type":"WebSite","@id":"https:\/\/www.meler.cn\/it\/#website","url":"https:\/\/www.meler.cn\/it\/","name":"Meler","description":"Just another WordPress site","potentialAction":[{"@type":"SearchAction","target":{"@type":"EntryPoint","urlTemplate":"https:\/\/www.meler.cn\/it\/?s={search_term_string}"},"query-input":"required name=search_term_string"}],"inLanguage":"it-IT"}]}},"_links":{"self":[{"href":"https:\/\/www.meler.cn\/it\/wp-json\/wp\/v2\/pages\/22618"}],"collection":[{"href":"https:\/\/www.meler.cn\/it\/wp-json\/wp\/v2\/pages"}],"about":[{"href":"https:\/\/www.meler.cn\/it\/wp-json\/wp\/v2\/types\/page"}],"author":[{"embeddable":true,"href":"https:\/\/www.meler.cn\/it\/wp-json\/wp\/v2\/users\/1"}],"replies":[{"embeddable":true,"href":"https:\/\/www.meler.cn\/it\/wp-json\/wp\/v2\/comments?post=22618"}],"version-history":[{"count":6,"href":"https:\/\/www.meler.cn\/it\/wp-json\/wp\/v2\/pages\/22618\/revisions"}],"predecessor-version":[{"id":32847,"href":"https:\/\/www.meler.cn\/it\/wp-json\/wp\/v2\/pages\/22618\/revisions\/32847"}],"up":[{"embeddable":true,"href":"https:\/\/www.meler.cn\/it\/wp-json\/wp\/v2\/pages\/22221"}],"wp:featuredmedia":[{"embeddable":true,"href":"https:\/\/www.meler.cn\/it\/wp-json\/wp\/v2\/media\/16310"}],"wp:attachment":[{"href":"https:\/\/www.meler.cn\/it\/wp-json\/wp\/v2\/media?parent=22618"}],"curies":[{"name":"wp","href":"https:\/\/api.w.org\/{rel}","templated":true}]}}