




















{"id":22254,"date":"2022-11-30T15:40:33","date_gmt":"2022-11-30T15:40:33","guid":{"rendered":"https:\/\/www.meler.eu\/industrie\/sistemas-hot-melt-para-el-embalaje-del-tabaco\/"},"modified":"2025-01-29T13:10:50","modified_gmt":"2025-01-29T13:10:50","slug":"sistemi-hot-melt-per-limballaggio-del-tabacco","status":"publish","type":"page","link":"https:\/\/www.meler.cn\/it\/industrie\/sistemi-hot-melt-per-limballaggio-del-tabacco\/","title":{"rendered":"Sistemi hot-melt per l\u2019imballaggio del tabacco"},"content":{"rendered":"<p>[vc_row bg_image_position=&#8221;0 100%&#8221; row_spacing=&#8221;top-spacing-med bottom-spacing-0&#8243; row_vertical_align=&#8221;valign-middle&#8221; el_class=&#8221;reverse-column-mobile&#8221;][vc_column row_spacing_h=&#8221;left-spacing&#8221; width=&#8221;1\/1&#8243;][text]<\/p>\n<p class=\"txt-center style-01 summary\">Di cosa ha bisogno oggi il settore dell\u2019imballaggio del tabacco?<\/p>\n<h2 class=\"style-01 txt-width txt-center\"><strong>Quali soluzioni offre Meler? <\/strong><\/h2>\n<p>[\/text][\/vc_column][\/vc_row][vc_row row_spacing=&#8221;spacing-v-none&#8221;][vc_column width=&#8221;1\/1&#8243;][ttdirectory_definition_list_container][ttdirectory_definition_list_item term=&#8221;Risparmio energetico&#8221; definition=&#8221;sistemi di Meler sono altamente efficienti ed offrono fino al 60% di consumo energetico e 50% di consumo energetico di aria in meno rispetto alla concorrenza&#8221;][ttdirectory_definition_list_item term=&#8221;Attrezzature specifiche&#8221; definition=&#8221;Opzioni disponibili per conformarsi alla normativa del settore (serbatoi in ceramica, sicurezza, ecc.)&#8221;][ttdirectory_definition_list_item term=&#8221;Applicazione di hot-melt ad alta velocit\u00e0&#8221; definition=&#8221;Sistemi ad alta produttivit\u00e0 con componenti affidabili che offrono durabilit\u00e0&#8221;][ttdirectory_definition_list_item term=&#8221;Precisione e controllo della tracciabilit\u00e0&#8221; definition=&#8221;Gamma completa incentrata sulla reattivit\u00e0 e sul controllo totale del processo di qualit\u00e0 per ridurre le interruzioni sulla linea&#8221;][ttdirectory_definition_list_item term=&#8221;Riduzione dei costi di manutenzione&#8221; definition=&#8221;Meler \u00e8 un\u2019azienda orientata all\u2019utente che progetta con tecnologia Easy-Clean e offre il Total Access&#8221;][\/ttdirectory_definition_list_container][\/vc_column][\/vc_row][vc_row row_layout=&#8221;full&#8221; el_class=&#8221;bg-line-left&#8221;][vc_column width=&#8221;1\/1&#8243;][vc_row_inner row_layout=&#8221;full&#8221;][vc_column_inner][ttdirectory_pages carousel_columns=&#8221;Infinito&#8221;][item]<\/p>\n<h2 class=\"style-02\">Applicazioni<\/h2>\n<p>[\/item][pageModule page_item=&#8221;18361&#8243;][pageModule page_item=&#8221;18357&#8243;][pageModule page_item=&#8221;18353&#8243;][\/ttdirectory_pages][\/vc_column_inner][\/vc_row_inner][\/vc_column][\/vc_row][vc_row bg_image_position=&#8221;0 100%&#8221; row_bg_color=&#8221;bg-03&#8243; row_spacing=&#8221;top-spacing bottom-spacing&#8221; el_class=&#8221;remove-bg-mobile&#8221;][vc_column width=&#8221;1\/1&#8243;][vc_row_inner row_spacing=&#8221;spacing-v-0&#8243;][vc_column_inner el_class=&#8221;sticky-content&#8221; width=&#8221;1\/2&#8243;][text]<\/p>\n<p class=\"summary txt-width\">SISTEMI COMPLETI ADATTI AL TUO MODO DI LAVORARE<\/p>\n<p><a class=\"button\" href=\"https:\/\/www.meler.cn\/it\/contatti\/\">Fai una domanda<\/a>[\/text][\/vc_column_inner][vc_column_inner width=&#8221;1\/2&#8243; equal_height=&#8221;equalBox&#8221;][text]<\/p>\n<ol class=\"style-01\">\n<li><strong>APPLICAZIONE <\/strong>\n<ul class=\"style-01 style-03\">\n<li>Applicatori ad alta velocit\u00e0 di punti o cordoni<\/li>\n<li>Tracciabilit\u00e0: report del dosaggio e controllo dei consumi<\/li>\n<li>Progettazione compatta per spazi ridotti<\/li>\n<\/ul>\n<\/li>\n<li><strong><strong>FUSIONE<br \/>\n<\/strong><\/strong><\/p>\n<ul class=\"style-01 style-03\">\n<li>Fusori adattati alla normativa sanitaria del settore<\/li>\n<li>Minimo consumo energetico<\/li>\n<li>Sistemi integrabili al 100%<\/li>\n<\/ul>\n<\/li>\n<li><strong><strong> TRASPORTO<br \/>\n<\/strong><\/strong><\/p>\n<ul class=\"style-01 style-03\">\n<li>Gestione ottimale dell\u2019adesivo<\/li>\n<li>11 modelli di tubi diversi<\/li>\n<li>Manutenzione ridotta<\/li>\n<li>Soluzioni specifiche per spazi ridotti<\/li>\n<\/ul>\n<\/li>\n<\/ol>\n<p>[\/text][\/vc_column_inner][\/vc_row_inner][\/vc_column][\/vc_row][vc_row row_layout=&#8221;full&#8221; row_spacing=&#8221;spacing-v-none&#8221;][vc_column width=&#8221;1\/1&#8243;][CtaModule cta_item=&#8221;21605&#8243;][\/vc_column][\/vc_row][vc_row row_spacing=&#8221;top-spacing-med bottom-spacing-med&#8221;][vc_column width=&#8221;1\/1&#8243;][text]<\/p>\n<h2 class=\"txt-center style-01\">I NOSTRI PRODOTTI<\/h2>\n<p>[\/text][vc_tta_tabs][vc_tta_section title=&#8221;Progetti Speciali&#8221; tab_id=&#8221;1738156161490-5242e061-bdd1&#8243;][ttdirectory_products carousel_columns=&#8221;4&#8243; style=&#8221;2&#8243;][ttdirectory_product_special_projects post_special_projects=&#8221;23894&#8243;][\/ttdirectory_products][\/vc_tta_section][vc_tta_section title=&#8221;FUSORI&#8221; tab_id=&#8221;1672398287839-e7ca709f-fefa&#8221;][ttdirectory_products carousel_columns=&#8221;4&#8243; style=&#8221;1&#8243;][ttdirectory_product_melters post_melter=&#8221;23737&#8243;][ttdirectory_product_melters post_melter=&#8221;27541&#8243;][ttdirectory_product_melters post_melter=&#8221;23981&#8243;][ttdirectory_product_melters post_melter=&#8221;27421&#8243;][\/ttdirectory_products][\/vc_tta_section][vc_tta_section title=&#8221;APPLICATORI&#8221; tab_id=&#8221;1672845475989-ea970bea-c5c6&#8243;][ttdirectory_products carousel_columns=&#8221;4&#8243; style=&#8221;1&#8243;][ttdirectory_product_applicators post_applicator=&#8221;26758&#8243;][ttdirectory_product_applicators post_applicator=&#8221;27076&#8243;][ttdirectory_product_applicators post_applicator=&#8221;27033&#8243;][ttdirectory_product_applicators post_applicator=&#8221;26010&#8243;][ttdirectory_product_applicators post_applicator=&#8221;26730&#8243;][ttdirectory_product_applicators post_applicator=&#8221;27086&#8243;][ttdirectory_product_applicators post_applicator=&#8221;27243&#8243;][\/ttdirectory_products][\/vc_tta_section][\/vc_tta_tabs][\/vc_column][\/vc_row][vc_row row_layout=&#8221;full&#8221; row_spacing=&#8221;spacing-v-none&#8221;][vc_column width=&#8221;1\/1&#8243;][CtaModule cta_item=&#8221;21649&#8243;][\/vc_column][\/vc_row][vc_row row_layout=&#8221;full&#8221; row_spacing=&#8221;spacing-v-none&#8221;][vc_column width=&#8221;1\/1&#8243;][CtaModule cta_item=&#8221;30387&#8243;][\/vc_column][\/vc_row]<\/p>\n","protected":false},"excerpt":{"rendered":"<p>Soddisfiamo in modo affidabile gli obiettivi del settore del tabacco <\/p>\n","protected":false},"author":2,"featured_media":17941,"parent":21788,"menu_order":197,"comment_status":"closed","ping_status":"closed","template":"","meta":[],"yoast_head":"<!-- This site is optimized with the Yoast SEO plugin v20.3 - https:\/\/yoast.com\/wordpress\/plugins\/seo\/ -->\n<title>Soluzioni adesive per l&#039;industria del tabacco - Meler<\/title>\n<meta name=\"description\" content=\"Specialisti nell&#039;applicazione dell&#039;hot melt nell&#039;industria del tabacco. Scoprite le nostre soluzioni per le macchine per il confezionamento del tabacco.\" \/>\n<meta name=\"robots\" content=\"index, follow, max-snippet:-1, max-image-preview:large, max-video-preview:-1\" \/>\n<link rel=\"canonical\" href=\"https:\/\/www.meler.cn\/it\/industrie\/sistemi-hot-melt-per-limballaggio-del-tabacco\/\" \/>\n<meta property=\"og:locale\" content=\"it_IT\" \/>\n<meta property=\"og:type\" content=\"article\" \/>\n<meta property=\"og:title\" content=\"Soluzioni adesive per l&#039;industria del tabacco - Meler\" \/>\n<meta property=\"og:description\" content=\"Specialisti nell&#039;applicazione dell&#039;hot melt nell&#039;industria del tabacco. Scoprite le nostre soluzioni per le macchine per il confezionamento del tabacco.\" \/>\n<meta property=\"og:url\" content=\"https:\/\/www.meler.cn\/it\/industrie\/sistemi-hot-melt-per-limballaggio-del-tabacco\/\" \/>\n<meta property=\"og:site_name\" content=\"Meler\" \/>\n<meta property=\"article:modified_time\" content=\"2025-01-29T13:10:50+00:00\" \/>\n<meta property=\"og:image\" content=\"https:\/\/20097.ttandemdigital.com\/media\/header-industrias-packaging-tabaco-meler.png\" \/>\n\t<meta property=\"og:image:width\" content=\"1920\" \/>\n\t<meta property=\"og:image:height\" content=\"780\" \/>\n\t<meta property=\"og:image:type\" content=\"image\/png\" \/>\n<meta name=\"twitter:card\" content=\"summary_large_image\" \/>\n<meta name=\"twitter:label1\" content=\"Tempo di lettura stimato\" \/>\n\t<meta name=\"twitter:data1\" content=\"2 minuti\" \/>\n<script type=\"application\/ld+json\" class=\"yoast-schema-graph\">{\"@context\":\"https:\/\/schema.org\",\"@graph\":[{\"@type\":\"WebPage\",\"@id\":\"https:\/\/www.meler.cn\/it\/industrie\/sistemi-hot-melt-per-limballaggio-del-tabacco\/\",\"url\":\"https:\/\/www.meler.cn\/it\/industrie\/sistemi-hot-melt-per-limballaggio-del-tabacco\/\",\"name\":\"Soluzioni adesive per l'industria del tabacco - Meler\",\"isPartOf\":{\"@id\":\"https:\/\/www.meler.cn\/it\/#website\"},\"datePublished\":\"2022-11-30T15:40:33+00:00\",\"dateModified\":\"2025-01-29T13:10:50+00:00\",\"description\":\"Specialisti nell'applicazione dell'hot melt nell'industria del tabacco. Scoprite le nostre soluzioni per le macchine per il confezionamento del tabacco.\",\"breadcrumb\":{\"@id\":\"https:\/\/www.meler.cn\/it\/industrie\/sistemi-hot-melt-per-limballaggio-del-tabacco\/#breadcrumb\"},\"inLanguage\":\"it-IT\",\"potentialAction\":[{\"@type\":\"ReadAction\",\"target\":[\"https:\/\/www.meler.cn\/it\/industrie\/sistemi-hot-melt-per-limballaggio-del-tabacco\/\"]}]},{\"@type\":\"BreadcrumbList\",\"@id\":\"https:\/\/www.meler.cn\/it\/industrie\/sistemi-hot-melt-per-limballaggio-del-tabacco\/#breadcrumb\",\"itemListElement\":[{\"@type\":\"ListItem\",\"position\":1,\"name\":\"Portada\",\"item\":\"https:\/\/www.meler.cn\/it\/\"},{\"@type\":\"ListItem\",\"position\":2,\"name\":\"industrie\",\"item\":\"https:\/\/20097.ttandemdigital.com\/it\/industrie\/\"},{\"@type\":\"ListItem\",\"position\":3,\"name\":\"Sistemi hot-melt per l\u2019imballaggio del tabacco\"}]},{\"@type\":\"WebSite\",\"@id\":\"https:\/\/www.meler.cn\/it\/#website\",\"url\":\"https:\/\/www.meler.cn\/it\/\",\"name\":\"Meler\",\"description\":\"Just another WordPress site\",\"potentialAction\":[{\"@type\":\"SearchAction\",\"target\":{\"@type\":\"EntryPoint\",\"urlTemplate\":\"https:\/\/www.meler.cn\/it\/?s={search_term_string}\"},\"query-input\":\"required name=search_term_string\"}],\"inLanguage\":\"it-IT\"}]}<\/script>\n<!-- \/ Yoast SEO plugin. -->","yoast_head_json":{"title":"Soluzioni adesive per l'industria del tabacco - Meler","description":"Specialisti nell'applicazione dell'hot melt nell'industria del tabacco. Scoprite le nostre soluzioni per le macchine per il confezionamento del tabacco.","robots":{"index":"index","follow":"follow","max-snippet":"max-snippet:-1","max-image-preview":"max-image-preview:large","max-video-preview":"max-video-preview:-1"},"canonical":"https:\/\/www.meler.cn\/it\/industrie\/sistemi-hot-melt-per-limballaggio-del-tabacco\/","og_locale":"it_IT","og_type":"article","og_title":"Soluzioni adesive per l'industria del tabacco - Meler","og_description":"Specialisti nell'applicazione dell'hot melt nell'industria del tabacco. Scoprite le nostre soluzioni per le macchine per il confezionamento del tabacco.","og_url":"https:\/\/www.meler.cn\/it\/industrie\/sistemi-hot-melt-per-limballaggio-del-tabacco\/","og_site_name":"Meler","article_modified_time":"2025-01-29T13:10:50+00:00","og_image":[{"width":1920,"height":780,"url":"https:\/\/20097.ttandemdigital.com\/media\/header-industrias-packaging-tabaco-meler.png","type":"image\/png"}],"twitter_card":"summary_large_image","twitter_misc":{"Tempo di lettura stimato":"2 minuti"},"schema":{"@context":"https:\/\/schema.org","@graph":[{"@type":"WebPage","@id":"https:\/\/www.meler.cn\/it\/industrie\/sistemi-hot-melt-per-limballaggio-del-tabacco\/","url":"https:\/\/www.meler.cn\/it\/industrie\/sistemi-hot-melt-per-limballaggio-del-tabacco\/","name":"Soluzioni adesive per l'industria del tabacco - Meler","isPartOf":{"@id":"https:\/\/www.meler.cn\/it\/#website"},"datePublished":"2022-11-30T15:40:33+00:00","dateModified":"2025-01-29T13:10:50+00:00","description":"Specialisti nell'applicazione dell'hot melt nell'industria del tabacco. Scoprite le nostre soluzioni per le macchine per il confezionamento del tabacco.","breadcrumb":{"@id":"https:\/\/www.meler.cn\/it\/industrie\/sistemi-hot-melt-per-limballaggio-del-tabacco\/#breadcrumb"},"inLanguage":"it-IT","potentialAction":[{"@type":"ReadAction","target":["https:\/\/www.meler.cn\/it\/industrie\/sistemi-hot-melt-per-limballaggio-del-tabacco\/"]}]},{"@type":"BreadcrumbList","@id":"https:\/\/www.meler.cn\/it\/industrie\/sistemi-hot-melt-per-limballaggio-del-tabacco\/#breadcrumb","itemListElement":[{"@type":"ListItem","position":1,"name":"Portada","item":"https:\/\/www.meler.cn\/it\/"},{"@type":"ListItem","position":2,"name":"industrie","item":"https:\/\/20097.ttandemdigital.com\/it\/industrie\/"},{"@type":"ListItem","position":3,"name":"Sistemi hot-melt per l\u2019imballaggio del tabacco"}]},{"@type":"WebSite","@id":"https:\/\/www.meler.cn\/it\/#website","url":"https:\/\/www.meler.cn\/it\/","name":"Meler","description":"Just another WordPress site","potentialAction":[{"@type":"SearchAction","target":{"@type":"EntryPoint","urlTemplate":"https:\/\/www.meler.cn\/it\/?s={search_term_string}"},"query-input":"required name=search_term_string"}],"inLanguage":"it-IT"}]}},"_links":{"self":[{"href":"https:\/\/www.meler.cn\/it\/wp-json\/wp\/v2\/pages\/22254"}],"collection":[{"href":"https:\/\/www.meler.cn\/it\/wp-json\/wp\/v2\/pages"}],"about":[{"href":"https:\/\/www.meler.cn\/it\/wp-json\/wp\/v2\/types\/page"}],"author":[{"embeddable":true,"href":"https:\/\/www.meler.cn\/it\/wp-json\/wp\/v2\/users\/2"}],"replies":[{"embeddable":true,"href":"https:\/\/www.meler.cn\/it\/wp-json\/wp\/v2\/comments?post=22254"}],"version-history":[{"count":18,"href":"https:\/\/www.meler.cn\/it\/wp-json\/wp\/v2\/pages\/22254\/revisions"}],"predecessor-version":[{"id":35084,"href":"https:\/\/www.meler.cn\/it\/wp-json\/wp\/v2\/pages\/22254\/revisions\/35084"}],"up":[{"embeddable":true,"href":"https:\/\/www.meler.cn\/it\/wp-json\/wp\/v2\/pages\/21788"}],"wp:featuredmedia":[{"embeddable":true,"href":"https:\/\/www.meler.cn\/it\/wp-json\/wp\/v2\/media\/17941"}],"wp:attachment":[{"href":"https:\/\/www.meler.cn\/it\/wp-json\/wp\/v2\/media?parent=22254"}],"curies":[{"name":"wp","href":"https:\/\/api.w.org\/{rel}","templated":true}]}}