




















{"id":32892,"date":"2024-09-02T11:11:26","date_gmt":"2024-09-02T11:11:26","guid":{"rendered":"https:\/\/www.meler.eu\/canal-etico\/"},"modified":"2025-01-29T12:57:04","modified_gmt":"2025-01-29T12:57:04","slug":"canal-ethique","status":"publish","type":"page","link":"https:\/\/www.meler.cn\/fr\/canal-ethique\/","title":{"rendered":"Canal \u00e9thique"},"content":{"rendered":"<p>[vc_row row_spacing=\u00a0\u00bbtop-spacing bottom-spacing\u00a0\u00bb][vc_column width=\u00a0\u00bb5\/6&Prime;][text]<\/p>\n<h2>ENGAG\u00c9 ENVERS VOUS<\/h2>\n<p>Le groupe\u202f<strong> Focke Meler <\/strong>\u202f(ci-apr\u00e8s,\u202f<strong>Meler<\/strong>, d\u00e9signant l\u2019ensemble des soci\u00e9t\u00e9s qui composent le groupe), a toujours veill\u00e9 \u00e0 ce que l\u2019<strong> environnement de travail<\/strong>\u202fde chacune de ses installations soit\u00a0<strong> sain, respectueux et propice \u00e0 la collaboration <\/strong>, et ce \u00e0 tous les niveaux. Des conditions favorables pour que l\u2019ensemble du personnel impliqu\u00e9 dans l\u2019entreprise trouve le lieu et le moment id\u00e9al pour partager ses opinions et ses pr\u00e9occupations<strong>\u202fen toute libert\u00e9 et en toute harmonie<\/strong>.<\/p>\n<p>Un espace de travail sain que, chez Meler, nous voulons consolider en allant plus loin gr\u00e2ce \u00e0 un\u202f<strong> Canal \u00e9thique <\/strong>\u202fque l\u2019entreprise met \u00e0 la disposition de tous. Il s\u2019agit d\u2019un nouveau\u202f<strong> canal de communication direct et confidentiel <\/strong>\u202fpermettant d\u2019exposer diff\u00e9rents probl\u00e8mes. Qu\u2019il s\u2019agisse d\u2019une\u202f<strong> conduite irr\u00e9guli\u00e8re <\/strong>\u202fau sein de l\u2019entreprise observ\u00e9e par n\u2019importe quelle personne, de\u00a0<strong> suggestions ou de remerciements positifs <\/strong>.<\/p>\n<p>L\u2019entreprise encourage ses employ\u00e9s \u2014 ou toute autre personne ext\u00e9rieure \u00e0 l\u2019entreprise \u2014 \u00e0 signaler les attitudes et les comportements susceptibles de violer les dispositions de notre\u202f<strong> Code <\/strong>\u202f<strong> d\u2019\u00e9thique et de conduite <\/strong>, y compris le harc\u00e8lement sexuel et le harc\u00e8lement fond\u00e9 sur le sexe sur le lieu de travail. De m\u00eame, toutes vos suggestions et f\u00e9licitations seront prises en compte et trait\u00e9es pour am\u00e9liorer en permanence la qualit\u00e9 de nos services.<\/p>\n<h2>COMMENT SERONT TRAIT\u00c9ES LES INFORMATIONS RE\u00c7UES\u202f?<\/h2>\n<p>Dans le respect le plus strict de\u202f<strong> la confidentialit\u00e9, de l\u2019impartialit\u00e9 et de l\u2019ind\u00e9pendance <\/strong>, les communications re\u00e7ues seront soumises \u00e0 l\u2019analyse et au traitement d\u2019une\u00a0<strong>\u00e9quipe de professionnels ext\u00e9rieurs \u00e0 l\u2019entreprise <\/strong>,\u202fqui prot\u00e9geront l\u2019informateur de toutes repr\u00e9sailles dans la sph\u00e8re professionnelle.<\/p>\n<p>Toutes les communications seront trait\u00e9es conform\u00e9ment \u00e0 la\u202f<strong> r\u00e9glementation sur la protection des donn\u00e9es personnelles, la pr\u00e9somption d\u2019innocence et le droit \u00e0 l\u2019honneur <\/strong>. Meler entend ainsi garantir un environnement de travail conforme aux principes \u00e9thiques et de conduite d\u00e9coulant de ses valeurs solides et de sa culture d\u2019entreprise dont nous sommes tous si fiers et pour lesquelles nous sommes engag\u00e9s.[\/text][\/vc_column][vc_column width=\u00a0\u00bb1\/6&Prime;][\/vc_column][\/vc_row][vc_row row_layout=\u00a0\u00bbfull\u00a0\u00bb row_spacing=\u00a0\u00bbspacing-v-none\u00a0\u00bb][vc_column width=\u00a0\u00bb1\/1&Prime;][CtaModule cta_item=\u00a0\u00bb33361&Prime;][\/vc_column][\/vc_row]<\/p>\n","protected":false},"excerpt":{"rendered":"<p>[vc_row row_spacing=\u00a0\u00bbtop-spacing bottom-spacing\u00a0\u00bb][vc_column width=\u00a0\u00bb5\/6&Prime;][text] ENGAG\u00c9 ENVERS VOUS Le groupe\u202f Focke Meler \u202f(ci-apr\u00e8s,\u202fMeler, d\u00e9signant l\u2019ensemble des soci\u00e9t\u00e9s qui composent le groupe), a toujours veill\u00e9 \u00e0 ce que l\u2019 environnement de travail\u202fde chacune de ses installations soit\u00a0 sain, respectueux et propice \u00e0 la collaboration , et ce \u00e0 tous les niveaux. Des conditions favorables pour que l\u2019ensemble [&hellip;]<\/p>\n","protected":false},"author":1,"featured_media":33841,"parent":0,"menu_order":3,"comment_status":"closed","ping_status":"closed","template":"","meta":[],"yoast_head":"<!-- This site is optimized with the Yoast SEO plugin v20.3 - https:\/\/yoast.com\/wordpress\/plugins\/seo\/ -->\n<title>Canal \u00e9thique - Meler<\/title>\n<meta name=\"robots\" content=\"index, follow, max-snippet:-1, max-image-preview:large, max-video-preview:-1\" \/>\n<link rel=\"canonical\" href=\"https:\/\/www.meler.cn\/fr\/canal-ethique\/\" \/>\n<meta property=\"og:locale\" content=\"fr_FR\" \/>\n<meta property=\"og:type\" content=\"article\" \/>\n<meta property=\"og:title\" content=\"Canal \u00e9thique - Meler\" \/>\n<meta property=\"og:description\" content=\"[vc_row row_spacing=\u00a0\u00bbtop-spacing bottom-spacing\u00a0\u00bb][vc_column width=\u00a0\u00bb5\/6&Prime;][text] ENGAG\u00c9 ENVERS VOUS Le groupe\u202f Focke Meler \u202f(ci-apr\u00e8s,\u202fMeler, d\u00e9signant l\u2019ensemble des soci\u00e9t\u00e9s qui composent le groupe), a toujours veill\u00e9 \u00e0 ce que l\u2019 environnement de travail\u202fde chacune de ses installations soit\u00a0 sain, respectueux et propice \u00e0 la collaboration , et ce \u00e0 tous les niveaux. Des conditions favorables pour que l\u2019ensemble [&hellip;]\" \/>\n<meta property=\"og:url\" content=\"https:\/\/www.meler.cn\/fr\/canal-ethique\/\" \/>\n<meta property=\"og:site_name\" content=\"Meler\" \/>\n<meta property=\"article:modified_time\" content=\"2025-01-29T12:57:04+00:00\" \/>\n<meta property=\"og:image\" content=\"https:\/\/20097.ttandemdigital.com\/media\/meler-ethic-code-1015x780.png\" \/>\n\t<meta property=\"og:image:width\" content=\"1015\" \/>\n\t<meta property=\"og:image:height\" content=\"780\" \/>\n\t<meta property=\"og:image:type\" content=\"image\/png\" \/>\n<meta name=\"twitter:card\" content=\"summary_large_image\" \/>\n<meta name=\"twitter:label1\" content=\"Dur\u00e9e de lecture estim\u00e9e\" \/>\n\t<meta name=\"twitter:data1\" content=\"2 minutes\" \/>\n<script type=\"application\/ld+json\" class=\"yoast-schema-graph\">{\"@context\":\"https:\/\/schema.org\",\"@graph\":[{\"@type\":\"WebPage\",\"@id\":\"https:\/\/www.meler.cn\/fr\/canal-ethique\/\",\"url\":\"https:\/\/www.meler.cn\/fr\/canal-ethique\/\",\"name\":\"Canal \u00e9thique - Meler\",\"isPartOf\":{\"@id\":\"https:\/\/www.meler.cn\/fr\/#website\"},\"datePublished\":\"2024-09-02T11:11:26+00:00\",\"dateModified\":\"2025-01-29T12:57:04+00:00\",\"breadcrumb\":{\"@id\":\"https:\/\/www.meler.cn\/fr\/canal-ethique\/#breadcrumb\"},\"inLanguage\":\"fr-FR\",\"potentialAction\":[{\"@type\":\"ReadAction\",\"target\":[\"https:\/\/www.meler.cn\/fr\/canal-ethique\/\"]}]},{\"@type\":\"BreadcrumbList\",\"@id\":\"https:\/\/www.meler.cn\/fr\/canal-ethique\/#breadcrumb\",\"itemListElement\":[{\"@type\":\"ListItem\",\"position\":1,\"name\":\"Portada\",\"item\":\"https:\/\/www.meler.cn\/fr\/\"},{\"@type\":\"ListItem\",\"position\":2,\"name\":\"Canal \u00e9thique\"}]},{\"@type\":\"WebSite\",\"@id\":\"https:\/\/www.meler.cn\/fr\/#website\",\"url\":\"https:\/\/www.meler.cn\/fr\/\",\"name\":\"Meler\",\"description\":\"Just another WordPress site\",\"potentialAction\":[{\"@type\":\"SearchAction\",\"target\":{\"@type\":\"EntryPoint\",\"urlTemplate\":\"https:\/\/www.meler.cn\/fr\/?s={search_term_string}\"},\"query-input\":\"required name=search_term_string\"}],\"inLanguage\":\"fr-FR\"}]}<\/script>\n<!-- \/ Yoast SEO plugin. -->","yoast_head_json":{"title":"Canal \u00e9thique - Meler","robots":{"index":"index","follow":"follow","max-snippet":"max-snippet:-1","max-image-preview":"max-image-preview:large","max-video-preview":"max-video-preview:-1"},"canonical":"https:\/\/www.meler.cn\/fr\/canal-ethique\/","og_locale":"fr_FR","og_type":"article","og_title":"Canal \u00e9thique - Meler","og_description":"[vc_row row_spacing=\u00a0\u00bbtop-spacing bottom-spacing\u00a0\u00bb][vc_column width=\u00a0\u00bb5\/6&Prime;][text] ENGAG\u00c9 ENVERS VOUS Le groupe\u202f Focke Meler \u202f(ci-apr\u00e8s,\u202fMeler, d\u00e9signant l\u2019ensemble des soci\u00e9t\u00e9s qui composent le groupe), a toujours veill\u00e9 \u00e0 ce que l\u2019 environnement de travail\u202fde chacune de ses installations soit\u00a0 sain, respectueux et propice \u00e0 la collaboration , et ce \u00e0 tous les niveaux. Des conditions favorables pour que l\u2019ensemble [&hellip;]","og_url":"https:\/\/www.meler.cn\/fr\/canal-ethique\/","og_site_name":"Meler","article_modified_time":"2025-01-29T12:57:04+00:00","og_image":[{"width":1015,"height":780,"url":"https:\/\/20097.ttandemdigital.com\/media\/meler-ethic-code-1015x780.png","type":"image\/png"}],"twitter_card":"summary_large_image","twitter_misc":{"Dur\u00e9e de lecture estim\u00e9e":"2 minutes"},"schema":{"@context":"https:\/\/schema.org","@graph":[{"@type":"WebPage","@id":"https:\/\/www.meler.cn\/fr\/canal-ethique\/","url":"https:\/\/www.meler.cn\/fr\/canal-ethique\/","name":"Canal \u00e9thique - Meler","isPartOf":{"@id":"https:\/\/www.meler.cn\/fr\/#website"},"datePublished":"2024-09-02T11:11:26+00:00","dateModified":"2025-01-29T12:57:04+00:00","breadcrumb":{"@id":"https:\/\/www.meler.cn\/fr\/canal-ethique\/#breadcrumb"},"inLanguage":"fr-FR","potentialAction":[{"@type":"ReadAction","target":["https:\/\/www.meler.cn\/fr\/canal-ethique\/"]}]},{"@type":"BreadcrumbList","@id":"https:\/\/www.meler.cn\/fr\/canal-ethique\/#breadcrumb","itemListElement":[{"@type":"ListItem","position":1,"name":"Portada","item":"https:\/\/www.meler.cn\/fr\/"},{"@type":"ListItem","position":2,"name":"Canal \u00e9thique"}]},{"@type":"WebSite","@id":"https:\/\/www.meler.cn\/fr\/#website","url":"https:\/\/www.meler.cn\/fr\/","name":"Meler","description":"Just another WordPress site","potentialAction":[{"@type":"SearchAction","target":{"@type":"EntryPoint","urlTemplate":"https:\/\/www.meler.cn\/fr\/?s={search_term_string}"},"query-input":"required name=search_term_string"}],"inLanguage":"fr-FR"}]}},"_links":{"self":[{"href":"https:\/\/www.meler.cn\/fr\/wp-json\/wp\/v2\/pages\/32892"}],"collection":[{"href":"https:\/\/www.meler.cn\/fr\/wp-json\/wp\/v2\/pages"}],"about":[{"href":"https:\/\/www.meler.cn\/fr\/wp-json\/wp\/v2\/types\/page"}],"author":[{"embeddable":true,"href":"https:\/\/www.meler.cn\/fr\/wp-json\/wp\/v2\/users\/1"}],"replies":[{"embeddable":true,"href":"https:\/\/www.meler.cn\/fr\/wp-json\/wp\/v2\/comments?post=32892"}],"version-history":[{"count":7,"href":"https:\/\/www.meler.cn\/fr\/wp-json\/wp\/v2\/pages\/32892\/revisions"}],"predecessor-version":[{"id":35045,"href":"https:\/\/www.meler.cn\/fr\/wp-json\/wp\/v2\/pages\/32892\/revisions\/35045"}],"wp:featuredmedia":[{"embeddable":true,"href":"https:\/\/www.meler.cn\/fr\/wp-json\/wp\/v2\/media\/33841"}],"wp:attachment":[{"href":"https:\/\/www.meler.cn\/fr\/wp-json\/wp\/v2\/media?parent=32892"}],"curies":[{"name":"wp","href":"https:\/\/api.w.org\/{rel}","templated":true}]}}