




















{"id":28397,"date":"2023-03-27T13:13:48","date_gmt":"2023-03-27T13:13:48","guid":{"rendered":"https:\/\/www.meler.eu\/meler\/identidad-corporativa\/"},"modified":"2025-01-28T12:49:12","modified_gmt":"2025-01-28T12:49:12","slug":"identite-corporative","status":"publish","type":"page","link":"https:\/\/www.meler.cn\/fr\/meler\/identite-corporative\/","title":{"rendered":"IDENTIT\u00c9 D&rsquo;ENTREPRISE"},"content":{"rendered":"<p>[vc_row bg_image_position=\u00a0\u00bb0 100%\u00a0\u00bb row_vertical_align=\u00a0\u00bbvalign-middle\u00a0\u00bb el_class=\u00a0\u00bbreverse-column-mobile\u00a0\u00bb][vc_column row_spacing_h=\u00a0\u00bbleft-spacing\u00a0\u00bb width=\u00a0\u00bb1\/1&Prime;][text]<\/p>\n<h2 class=\"txt-center style-01\"><strong>QU&rsquo;EST-CE QUI SE CACHE DERRI\u00c8RE<br \/>\nLA MAGIE DE MELER?<\/strong><\/h2>\n<p class=\"txt-width txt-center\">Chez Meler, nous croyons en tout ce que nous faisons. Nous proposons <strong>toujours des solutions sophistiqu\u00e9es<\/strong> adapt\u00e9es aux besoins de nos clients. C&rsquo;est pourquoi notre<strong> identit\u00e9 d&rsquo;entreprise<\/strong> ne refl\u00e8te pas seulement tout ce que l&rsquo;entreprise a construit depuis<strong> plus de 40 ans<\/strong> elle est aussi<strong> l&rsquo;\u00e9l\u00e9ment int\u00e9grateur<\/strong>de notre philosophie et de notre culture d&rsquo;entreprise.<br \/>\nC&rsquo;est Meler, Your Gluing Solutions Partner.<\/p>\n<p>[\/text][\/vc_column][\/vc_row][vc_row row_vertical_align=\u00a0\u00bbvalign-middle\u00a0\u00bb el_class=\u00a0\u00bbbg-line-start\u00a0\u00bb][vc_column row_spacing_h=\u00a0\u00bbright-spacing\u00a0\u00bb width=\u00a0\u00bb1\/2&Prime;][text]<\/p>\n<h2 class=\"style-01 txt-left\"><strong>MISSION<\/strong><\/h2>\n<p>[\/text][text]Nous apportons \u00e0 l&rsquo;industrie des solutions en mati\u00e8re d&rsquo;adh\u00e9sifs et d&rsquo;\u00e9tanch\u00e9it\u00e9 par l&rsquo;interm\u00e9diaire d&rsquo;un <strong>groupe de personnes engag\u00e9es.<\/strong> Gr\u00e2ce \u00e0 la <strong>conception et \u00e0 la fabrication<\/strong> de produits, nous am\u00e9liorons les processus de production des entreprises en mettant en \u0153uvre l&rsquo;application d&rsquo;adh\u00e9sifs par le biais de la manipulation, du chargement, de la fusion, du transport et de l&rsquo;application de ces derniers. Nous nous adaptons aux besoins des clients en proposant des <strong>composants et des solutions compl\u00e8tes<\/strong> accompagn\u00e9s d&rsquo;une assistance technique et globale tout au long du cycle de vie du produit.[\/text][\/vc_column][vc_column width=\u00a0\u00bb1\/2&Prime;][single_image image=\u00a0\u00bb28235&Prime;][\/vc_column][\/vc_row][vc_row row_vertical_align=\u00a0\u00bbvalign-middle\u00a0\u00bb el_class=\u00a0\u00bbbg-line-end reverse-column-mobile\u00a0\u00bb][vc_column width=\u00a0\u00bb1\/2&Prime;][single_image image=\u00a0\u00bb28253&Prime;][\/vc_column][vc_column row_spacing_h=\u00a0\u00bbleft-spacing\u00a0\u00bb width=\u00a0\u00bb1\/2&Prime;][text]<\/p>\n<h2 class=\"style-01 txt-left\"><strong>VISION<\/strong><\/h2>\n<p>[\/text][text]Meler recherchera toujours la <strong>proximit\u00e9 et la transparence<\/strong> avec le client dans un <strong>environnement global<\/strong>, en lui offrant des solutions agiles, technologiques et de plus en plus durables. Gr\u00e2ce \u00e0 une confiance transversale qui guidera tout notre travail et notre relation avec le client, le processus d&rsquo;application de colle avec Meler continuera d&rsquo;\u00eatre le plus <strong>efficace et le plus respectueux de l&rsquo;environnement<\/strong> dans tous les d\u00e9veloppements r\u00e9alis\u00e9s par l&rsquo;entreprise.[\/text][\/vc_column][\/vc_row][vc_row row_layout=\u00a0\u00bbfull\u00a0\u00bb bg_image_position=\u00a0\u00bb50% 0&Prime; row_spacing=\u00a0\u00bbtop-spacing bottom-spacing\u00a0\u00bb][vc_column width=\u00a0\u00bb1\/1&Prime;][CtaModule cta_item=\u00a0\u00bb21674&Prime;][\/vc_column][\/vc_row][vc_row][vc_column width=\u00a0\u00bb1\/1&Prime;][text]<\/p>\n<h2 class=\"style-01 txt-center\"><strong>VALEURS<\/strong><\/h2>\n<p>[\/text][\/vc_column][\/vc_row][vc_row row_vertical_align=\u00a0\u00bbvalign-middle\u00a0\u00bb el_class=\u00a0\u00bbbg-line-start\u00a0\u00bb][vc_column row_spacing_h=\u00a0\u00bbright-spacing\u00a0\u00bb width=\u00a0\u00bb1\/2&Prime;][text]<\/p>\n<h2 class=\"summary style-0 style-03 txt-width\">INT\u00c9GRIT\u00c9 ET BONNE GOUVERNANCE<\/h2>\n<p>[\/text][text]<span class=\"TextRun SCXO76860490 BCX0\" lang=\"ES-ES\" xml:lang=\"ES-ES\" data-contrast=\"none\"><span class=\"NormalTextRun SCXO76860490 BCX0\">Parce que l&rsquo;honn\u00eatet\u00e9 est une qualit\u00e9 inn\u00e9e chez tous les membres de l&rsquo;entreprise. Nous faisons ce qui est juste, parce que pour nous, il n&rsquo;y a pas d&rsquo;autre fa\u00e7on d&rsquo;affronter le quotidien.<\/span><\/span>[\/text][\/vc_column][vc_column width=\u00a0\u00bb1\/2&Prime;][single_image image=\u00a0\u00bb28267&Prime;][\/vc_column][\/vc_row][vc_row row_vertical_align=\u00a0\u00bbvalign-middle\u00a0\u00bb el_class=\u00a0\u00bbbg-line-med reverse-column-mobile\u00a0\u00bb][vc_column width=\u00a0\u00bb1\/2&Prime;][single_image image=\u00a0\u00bb28272&Prime;][\/vc_column][vc_column row_spacing_h=\u00a0\u00bbleft-spacing\u00a0\u00bb width=\u00a0\u00bb1\/2&Prime;][text]<\/p>\n<h2 class=\"summary style-0 style-03 txt-width\">COMPAGNIE, TRAVAIL D&rsquo;\u00c9QUIPE ET G\u00c9N\u00c9ROSIT\u00c9<\/h2>\n<p>[\/text][text]Notre plus grande richesse, ce sont les personnes qui composent Meler : employ\u00e9s, clients, fournisseurs et distributeurs. La collaboration et la diversit\u00e9 des opinions g\u00e9n\u00e8rent des relations \u00e0 long terme, ce qui permet d&rsquo;offrir les meilleures solutions sur le march\u00e9.[\/text][\/vc_column][\/vc_row][vc_row row_vertical_align=\u00a0\u00bbvalign-middle\u00a0\u00bb el_class=\u00a0\u00bbbg-line-med\u00a0\u00bb][vc_column row_spacing_h=\u00a0\u00bbright-spacing\u00a0\u00bb width=\u00a0\u00bb1\/2&Prime;][text]<\/p>\n<h2 class=\"summary style-0 style-03 txt-width\">EMPATHIE<\/h2>\n<p>[\/text][text]<span class=\"TextRun SCXO76860490 BCX0\" lang=\"ES-ES\" xml:lang=\"ES-ES\" data-contrast=\"none\"><span class=\"NormalTextRun SCXO76860490 BCX0\">Nous \u00e9coutons activement pour nous assurer que nous comprenons vos besoins et que nous y r\u00e9pondons. Nous pensons positivement et coop\u00e9rons pour obtenir le succ\u00e8s dont vous avez besoin, \u00e0 chaque fois. <\/span><\/span>[\/text][\/vc_column][vc_column width=\u00a0\u00bb1\/2&Prime;][single_image image=\u00a0\u00bb28282&Prime;][\/vc_column][\/vc_row][vc_row row_vertical_align=\u00a0\u00bbvalign-middle\u00a0\u00bb el_class=\u00a0\u00bbbg-line-med reverse-column-mobile\u00a0\u00bb][vc_column width=\u00a0\u00bb1\/2&Prime;][single_image image=\u00a0\u00bb28287&Prime;][\/vc_column][vc_column row_spacing_h=\u00a0\u00bbleft-spacing\u00a0\u00bb width=\u00a0\u00bb1\/2&Prime;][text]<\/p>\n<h2 class=\"summary style-0 style-03 txt-width\">RECHERCHE DE L&rsquo;EXCELLENCE<\/h2>\n<p>[\/text][text]Nous ne sommes jamais satisfaits. Nous recherchons &#8211; et trouvons &#8211; des solutions innovantes qui apportent une r\u00e9elle valeur ajout\u00e9e \u00e0 votre entreprise gr\u00e2ce \u00e0 une recherche, une innovation et une am\u00e9lioration constantes.[\/text][\/vc_column][\/vc_row][vc_row row_vertical_align=\u00a0\u00bbvalign-middle\u00a0\u00bb el_class=\u00a0\u00bbbg-line-med\u00a0\u00bb][vc_column row_spacing_h=\u00a0\u00bbright-spacing\u00a0\u00bb width=\u00a0\u00bb1\/2&Prime;][text]<\/p>\n<h2 class=\"summary style-0 style-03 txt-width\">PROXIMIT\u00c9 ET FID\u00c9LISATION DES CLIENTS<\/h2>\n<p>[\/text][text]Le service \u00e0 la client\u00e8le est notre priorit\u00e9. Notre premier objectif est de vous offrir le meilleur quand vous en avez besoin. Un service accessible, global et local, toujours orient\u00e9 vers la r\u00e9alisation de vos objectifs, avec une assistance en face \u00e0 face et \u00e0 distance.[\/text][\/vc_column][vc_column width=\u00a0\u00bb1\/2&Prime;][single_image image=\u00a0\u00bb28299&Prime;][\/vc_column][\/vc_row][vc_row row_layout=\u00a0\u00bbfull\u00a0\u00bb bg_image_position=\u00a0\u00bb50% 0&Prime; row_spacing=\u00a0\u00bbtop-spacing-med bottom-spacing-0&Prime;][vc_column width=\u00a0\u00bb1\/1&Prime;][CtaModule cta_item=\u00a0\u00bb21627&Prime;][\/vc_column][\/vc_row]<\/p>\n","protected":false},"excerpt":{"rendered":"<p>[vc_row bg_image_position=\u00a0\u00bb0 100%\u00a0\u00bb row_vertical_align=\u00a0\u00bbvalign-middle\u00a0\u00bb el_class=\u00a0\u00bbreverse-column-mobile\u00a0\u00bb][vc_column row_spacing_h=\u00a0\u00bbleft-spacing\u00a0\u00bb width=\u00a0\u00bb1\/1&Prime;][text] QU&rsquo;EST-CE QUI SE CACHE DERRI\u00c8RE LA MAGIE DE MELER? Chez Meler, nous croyons en tout ce que nous faisons. Nous proposons toujours des solutions sophistiqu\u00e9es adapt\u00e9es aux besoins de nos clients. C&rsquo;est pourquoi notre identit\u00e9 d&rsquo;entreprise ne refl\u00e8te pas seulement tout ce que l&rsquo;entreprise a construit depuis plus [&hellip;]<\/p>\n","protected":false},"author":1,"featured_media":28227,"parent":26020,"menu_order":138,"comment_status":"closed","ping_status":"closed","template":"","meta":[],"yoast_head":"<!-- This site is optimized with the Yoast SEO plugin v20.3 - https:\/\/yoast.com\/wordpress\/plugins\/seo\/ -->\n<title>l&#039;identit\u00e9 d&#039;entreprise-Meler<\/title>\n<meta name=\"description\" content=\"Les personnes sont notre plus grand atout. Rencontrez notre \u00e9quipe, compos\u00e9e de personnes qui ont de l&#039;exp\u00e9rience, des connaissances et de l&#039;engagement.\" \/>\n<meta name=\"robots\" content=\"index, follow, max-snippet:-1, max-image-preview:large, max-video-preview:-1\" \/>\n<link rel=\"canonical\" href=\"https:\/\/www.meler.cn\/fr\/meler\/identite-corporative\/\" \/>\n<meta property=\"og:locale\" content=\"fr_FR\" \/>\n<meta property=\"og:type\" content=\"article\" \/>\n<meta property=\"og:title\" content=\"l&#039;identit\u00e9 d&#039;entreprise-Meler\" \/>\n<meta property=\"og:description\" content=\"Les personnes sont notre plus grand atout. Rencontrez notre \u00e9quipe, compos\u00e9e de personnes qui ont de l&#039;exp\u00e9rience, des connaissances et de l&#039;engagement.\" \/>\n<meta property=\"og:url\" content=\"https:\/\/www.meler.cn\/fr\/meler\/identite-corporative\/\" \/>\n<meta property=\"og:site_name\" content=\"Meler\" \/>\n<meta property=\"article:modified_time\" content=\"2025-01-28T12:49:12+00:00\" \/>\n<meta property=\"og:image\" content=\"https:\/\/20097.ttandemdigital.com\/media\/header-nuestra-filosofia-5.png\" \/>\n\t<meta property=\"og:image:width\" content=\"1920\" \/>\n\t<meta property=\"og:image:height\" content=\"780\" \/>\n\t<meta property=\"og:image:type\" content=\"image\/png\" \/>\n<meta name=\"twitter:card\" content=\"summary_large_image\" \/>\n<meta name=\"twitter:label1\" content=\"Dur\u00e9e de lecture estim\u00e9e\" \/>\n\t<meta name=\"twitter:data1\" content=\"3 minutes\" \/>\n<script type=\"application\/ld+json\" class=\"yoast-schema-graph\">{\"@context\":\"https:\/\/schema.org\",\"@graph\":[{\"@type\":\"WebPage\",\"@id\":\"https:\/\/www.meler.cn\/fr\/meler\/identite-corporative\/\",\"url\":\"https:\/\/www.meler.cn\/fr\/meler\/identite-corporative\/\",\"name\":\"l'identit\u00e9 d'entreprise-Meler\",\"isPartOf\":{\"@id\":\"https:\/\/www.meler.cn\/fr\/#website\"},\"datePublished\":\"2023-03-27T13:13:48+00:00\",\"dateModified\":\"2025-01-28T12:49:12+00:00\",\"description\":\"Les personnes sont notre plus grand atout. Rencontrez notre \u00e9quipe, compos\u00e9e de personnes qui ont de l'exp\u00e9rience, des connaissances et de l'engagement.\",\"breadcrumb\":{\"@id\":\"https:\/\/www.meler.cn\/fr\/meler\/identite-corporative\/#breadcrumb\"},\"inLanguage\":\"fr-FR\",\"potentialAction\":[{\"@type\":\"ReadAction\",\"target\":[\"https:\/\/www.meler.cn\/fr\/meler\/identite-corporative\/\"]}]},{\"@type\":\"BreadcrumbList\",\"@id\":\"https:\/\/www.meler.cn\/fr\/meler\/identite-corporative\/#breadcrumb\",\"itemListElement\":[{\"@type\":\"ListItem\",\"position\":1,\"name\":\"Portada\",\"item\":\"https:\/\/www.meler.cn\/fr\/\"},{\"@type\":\"ListItem\",\"position\":2,\"name\":\"Meler\",\"item\":\"https:\/\/20097.ttandemdigital.com\/fr\/meler\/\"},{\"@type\":\"ListItem\",\"position\":3,\"name\":\"IDENTIT\u00c9 D&#8217;ENTREPRISE\"}]},{\"@type\":\"WebSite\",\"@id\":\"https:\/\/www.meler.cn\/fr\/#website\",\"url\":\"https:\/\/www.meler.cn\/fr\/\",\"name\":\"Meler\",\"description\":\"Just another WordPress site\",\"potentialAction\":[{\"@type\":\"SearchAction\",\"target\":{\"@type\":\"EntryPoint\",\"urlTemplate\":\"https:\/\/www.meler.cn\/fr\/?s={search_term_string}\"},\"query-input\":\"required name=search_term_string\"}],\"inLanguage\":\"fr-FR\"}]}<\/script>\n<!-- \/ Yoast SEO plugin. -->","yoast_head_json":{"title":"l'identit\u00e9 d'entreprise-Meler","description":"Les personnes sont notre plus grand atout. Rencontrez notre \u00e9quipe, compos\u00e9e de personnes qui ont de l'exp\u00e9rience, des connaissances et de l'engagement.","robots":{"index":"index","follow":"follow","max-snippet":"max-snippet:-1","max-image-preview":"max-image-preview:large","max-video-preview":"max-video-preview:-1"},"canonical":"https:\/\/www.meler.cn\/fr\/meler\/identite-corporative\/","og_locale":"fr_FR","og_type":"article","og_title":"l'identit\u00e9 d'entreprise-Meler","og_description":"Les personnes sont notre plus grand atout. Rencontrez notre \u00e9quipe, compos\u00e9e de personnes qui ont de l'exp\u00e9rience, des connaissances et de l'engagement.","og_url":"https:\/\/www.meler.cn\/fr\/meler\/identite-corporative\/","og_site_name":"Meler","article_modified_time":"2025-01-28T12:49:12+00:00","og_image":[{"width":1920,"height":780,"url":"https:\/\/20097.ttandemdigital.com\/media\/header-nuestra-filosofia-5.png","type":"image\/png"}],"twitter_card":"summary_large_image","twitter_misc":{"Dur\u00e9e de lecture estim\u00e9e":"3 minutes"},"schema":{"@context":"https:\/\/schema.org","@graph":[{"@type":"WebPage","@id":"https:\/\/www.meler.cn\/fr\/meler\/identite-corporative\/","url":"https:\/\/www.meler.cn\/fr\/meler\/identite-corporative\/","name":"l'identit\u00e9 d'entreprise-Meler","isPartOf":{"@id":"https:\/\/www.meler.cn\/fr\/#website"},"datePublished":"2023-03-27T13:13:48+00:00","dateModified":"2025-01-28T12:49:12+00:00","description":"Les personnes sont notre plus grand atout. Rencontrez notre \u00e9quipe, compos\u00e9e de personnes qui ont de l'exp\u00e9rience, des connaissances et de l'engagement.","breadcrumb":{"@id":"https:\/\/www.meler.cn\/fr\/meler\/identite-corporative\/#breadcrumb"},"inLanguage":"fr-FR","potentialAction":[{"@type":"ReadAction","target":["https:\/\/www.meler.cn\/fr\/meler\/identite-corporative\/"]}]},{"@type":"BreadcrumbList","@id":"https:\/\/www.meler.cn\/fr\/meler\/identite-corporative\/#breadcrumb","itemListElement":[{"@type":"ListItem","position":1,"name":"Portada","item":"https:\/\/www.meler.cn\/fr\/"},{"@type":"ListItem","position":2,"name":"Meler","item":"https:\/\/20097.ttandemdigital.com\/fr\/meler\/"},{"@type":"ListItem","position":3,"name":"IDENTIT\u00c9 D&#8217;ENTREPRISE"}]},{"@type":"WebSite","@id":"https:\/\/www.meler.cn\/fr\/#website","url":"https:\/\/www.meler.cn\/fr\/","name":"Meler","description":"Just another WordPress site","potentialAction":[{"@type":"SearchAction","target":{"@type":"EntryPoint","urlTemplate":"https:\/\/www.meler.cn\/fr\/?s={search_term_string}"},"query-input":"required name=search_term_string"}],"inLanguage":"fr-FR"}]}},"_links":{"self":[{"href":"https:\/\/www.meler.cn\/fr\/wp-json\/wp\/v2\/pages\/28397"}],"collection":[{"href":"https:\/\/www.meler.cn\/fr\/wp-json\/wp\/v2\/pages"}],"about":[{"href":"https:\/\/www.meler.cn\/fr\/wp-json\/wp\/v2\/types\/page"}],"author":[{"embeddable":true,"href":"https:\/\/www.meler.cn\/fr\/wp-json\/wp\/v2\/users\/1"}],"replies":[{"embeddable":true,"href":"https:\/\/www.meler.cn\/fr\/wp-json\/wp\/v2\/comments?post=28397"}],"version-history":[{"count":15,"href":"https:\/\/www.meler.cn\/fr\/wp-json\/wp\/v2\/pages\/28397\/revisions"}],"predecessor-version":[{"id":28398,"href":"https:\/\/www.meler.cn\/fr\/wp-json\/wp\/v2\/pages\/28397\/revisions\/28398"}],"up":[{"embeddable":true,"href":"https:\/\/www.meler.cn\/fr\/wp-json\/wp\/v2\/pages\/26020"}],"wp:featuredmedia":[{"embeddable":true,"href":"https:\/\/www.meler.cn\/fr\/wp-json\/wp\/v2\/media\/28227"}],"wp:attachment":[{"href":"https:\/\/www.meler.cn\/fr\/wp-json\/wp\/v2\/media?parent=28397"}],"curies":[{"name":"wp","href":"https:\/\/api.w.org\/{rel}","templated":true}]}}