




















{"id":27652,"date":"2023-03-27T13:27:12","date_gmt":"2023-03-27T13:27:12","guid":{"rendered":"https:\/\/www.meler.eu\/?page_id=27652"},"modified":"2025-02-06T12:18:05","modified_gmt":"2025-02-06T12:18:05","slug":"gluing-tomorrow","status":"publish","type":"page","link":"https:\/\/www.meler.cn\/fr\/gluing-tomorrow\/","title":{"rendered":"Gluing Tomorrow"},"content":{"rendered":"<p>[vc_row row_vertical_align=\u00a0\u00bbvalign-middle\u00a0\u00bb el_class=\u00a0\u00bbreverse-column-mobile\u00a0\u00bb][vc_column width=\u00a0\u00bb1\/2&Prime;][single_image image=\u00a0\u00bb28199&Prime;][\/vc_column][vc_column row_spacing_h=\u00a0\u00bbleft-spacing\u00a0\u00bb width=\u00a0\u00bb1\/2&Prime;][text]<\/p>\n<p class=\"summary\">G\u00e9n\u00e9rateurs de changement<\/p>\n<p>[\/text][see_details]Notre fa\u00e7on d&rsquo;\u00eatre plus durable est bas\u00e9e sur une vision \u00e0 <strong>360 degr\u00e9s<\/strong> qui commence par la conception des produits. Nous innovons pour atteindre une plus grande productivit\u00e9 tout en n\u00e9cessitant moins de ressources et en travaillant sur des solutions \u00e9co\u00e9nerg\u00e9tiques, durables et robustes.<\/p>\n<p>Une technologie de pointe \u00e9tay\u00e9e par des donn\u00e9es de laboratoire r\u00e9elles nous pousse \u00e0 nous tourner vers l&rsquo;avenir en fabriquant des <strong>solutions dont le cycle de vie est de plus en plus long.<\/strong>[\/see_details][\/vc_column][\/vc_row][vc_row row_vertical_align=\u00a0\u00bbvalign-middle\u00a0\u00bb el_class=\u00a0\u00bbreverse-column-mobile\u00a0\u00bb][vc_column row_spacing_h=\u00a0\u00bbleft-spacing\u00a0\u00bb width=\u00a0\u00bb1\/2&Prime;][text]<\/p>\n<p class=\"summary\">L&rsquo;innovation peut changer le monde<\/p>\n<p>[\/text][see_details]Chez Meler, nous nous effor\u00e7ons de rendre les processus d&rsquo;adh\u00e9sifs industriels plus faciles et plus durables pour la Terre. Une r\u00e9duction de l&rsquo;impact environnemental soutenue par des solutions r\u00e9elles telles que la <strong>Foam Technology de Meler<\/strong>, qui r\u00e9duit l&rsquo;utilisation de colle tout en am\u00e9liorant la qualit\u00e9 du produit. Une recherche constante qui porte ses fruits en mettant \u00e0 la disposition de l&rsquo;utilisateur <strong>les fondoirs les plus efficaces de la plan\u00e8te.\u00a0<\/strong><\/p>\n<p>Nous \u00e9tudions et investissons parce que notre activit\u00e9 ne s&rsquo;am\u00e9liore que si la v\u00f4tre s&rsquo;am\u00e9liore aussi.[\/see_details][\/vc_column][vc_column width=\u00a0\u00bb1\/2&Prime;][single_image image=\u00a0\u00bb28175&Prime;][\/vc_column][\/vc_row][vc_row][vc_column width=\u00a0\u00bb1\/1&Prime;][single_image][\/vc_column][\/vc_row][vc_row][vc_column row_spacing_h=\u00a0\u00bbleft-spacing\u00a0\u00bb width=\u00a0\u00bb1\/1&Prime;][text]<\/p>\n<p class=\"summary\">Notre impact<\/p>\n<p>[\/text][vc_row_inner][vc_column_inner width=\u00a0\u00bb1\/3&Prime;][text_datos categoria=\u00a0\u00bbEnvironnement\u00a0\u00bb cifra=\u00a0\u00bb35%\u00a0\u00bb titulo=\u00a0\u00bbAutoconsommation\u00a0\u00bb]Gr\u00e2ce \u00e0 l&rsquo;installation de panneaux solaires.<\/p>\n<p><img decoding=\"async\" loading=\"lazy\" class=\"alignnone size-full wp-image-34160\" src=\"https:\/\/www.meler.cn\/media\/ecovadislogonofondo.png\" alt=\"\" width=\"100\" height=\"100\" \/>[\/text_datos][\/vc_column_inner][vc_column_inner width=\u00a0\u00bb1\/3&Prime;][text_datos categoria=\u00a0\u00bbSocial\u00a0\u00bb cifra=\u00a0\u00bb1%\u00a0\u00bb titulo=\u00a0\u00bbAccidents du travail\u00a0\u00bb]S&rsquo;engager aupr\u00e8s des travailleurs en cr\u00e9ant des espaces s\u00fbrs.<\/p>\n<p><img decoding=\"async\" loading=\"lazy\" class=\"alignnone wp-image-35190 size-full\" src=\"https:\/\/www.meler.cn\/media\/IconoSocialGT-1.png\" alt=\"\" width=\"100\" height=\"100\" \/>[\/text_datos][\/vc_column_inner][vc_column_inner width=\u00a0\u00bb1\/3&Prime;][text_datos cifra=\u00a0\u00bb+50%\u00a0\u00bb titulo=\u00a0\u00bbEmploy\u00e9s\u00a0\u00bb categoria=\u00a0\u00bbGouvernance\u00a0\u00bb]Avec r\u00e9mun\u00e9ration variable li\u00e9e \u00e0 des objectifs mesurables.<\/p>\n<p><img decoding=\"async\" loading=\"lazy\" class=\"alignnone size-full wp-image-34012\" src=\"https:\/\/www.meler.cn\/media\/micralogofondo.png\" alt=\"\" width=\"100\" height=\"100\" \/>[\/text_datos][\/vc_column_inner][\/vc_row_inner][\/vc_column][\/vc_row][vc_row row_layout=\u00a0\u00bbfull\u00a0\u00bb row_spacing=\u00a0\u00bbspacing-v-none\u00a0\u00bb row_spacing_h=\u00a0\u00bbspacing-h-0&Prime;][vc_column row_spacing=\u00a0\u00bbspacing-v-none\u00a0\u00bb row_spacing_h=\u00a0\u00bbspacing-h-0&Prime; width=\u00a0\u00bb1\/1&Prime;][CtaModule cta_item=\u00a0\u00bb26701&Prime;][\/vc_column][\/vc_row]<\/p>\n","protected":false},"excerpt":{"rendered":"<p>[vc_row row_vertical_align=\u00a0\u00bbvalign-middle\u00a0\u00bb el_class=\u00a0\u00bbreverse-column-mobile\u00a0\u00bb][vc_column width=\u00a0\u00bb1\/2&Prime;][single_image image=\u00a0\u00bb28199&Prime;][\/vc_column][vc_column row_spacing_h=\u00a0\u00bbleft-spacing\u00a0\u00bb width=\u00a0\u00bb1\/2&Prime;][text] G\u00e9n\u00e9rateurs de changement [\/text][see_details]Notre fa\u00e7on d&rsquo;\u00eatre plus durable est bas\u00e9e sur une vision \u00e0 360 degr\u00e9s qui commence par la conception des produits. Nous innovons pour atteindre une plus grande productivit\u00e9 tout en n\u00e9cessitant moins de ressources et en travaillant sur des solutions \u00e9co\u00e9nerg\u00e9tiques, durables et robustes. Une [&hellip;]<\/p>\n","protected":false},"author":1,"featured_media":28187,"parent":0,"menu_order":94,"comment_status":"closed","ping_status":"closed","template":"","meta":[],"yoast_head":"<!-- This site is optimized with the Yoast SEO plugin v20.3 - https:\/\/yoast.com\/wordpress\/plugins\/seo\/ -->\n<title>Gluing Tomorrow- Meler<\/title>\n<meta name=\"description\" content=\"L&#039;objectif de Meler est d&#039;am\u00e9liorer les processus adh\u00e9sifs industriels afin de r\u00e9duire leur impact sur l&#039;environnement. Notre activit\u00e9 ne s&#039;am\u00e9liore que si la v\u00f4tre s&#039;am\u00e9liore. Construisons ensemble l&#039;avenir, GLUING TOMORROW.\" \/>\n<meta name=\"robots\" content=\"index, follow, max-snippet:-1, max-image-preview:large, max-video-preview:-1\" \/>\n<link rel=\"canonical\" href=\"https:\/\/www.meler.cn\/fr\/gluing-tomorrow\/\" \/>\n<meta property=\"og:locale\" content=\"fr_FR\" \/>\n<meta property=\"og:type\" content=\"article\" \/>\n<meta property=\"og:title\" content=\"Gluing Tomorrow- Meler\" \/>\n<meta property=\"og:description\" content=\"L&#039;objectif de Meler est d&#039;am\u00e9liorer les processus adh\u00e9sifs industriels afin de r\u00e9duire leur impact sur l&#039;environnement. Notre activit\u00e9 ne s&#039;am\u00e9liore que si la v\u00f4tre s&#039;am\u00e9liore. Construisons ensemble l&#039;avenir, GLUING TOMORROW.\" \/>\n<meta property=\"og:url\" content=\"https:\/\/www.meler.cn\/fr\/gluing-tomorrow\/\" \/>\n<meta property=\"og:site_name\" content=\"Meler\" \/>\n<meta property=\"article:modified_time\" content=\"2025-02-06T12:18:05+00:00\" \/>\n<meta property=\"og:image\" content=\"https:\/\/www.meler.cn\/media\/header-gluing-tomorrow.png\" \/>\n\t<meta property=\"og:image:width\" content=\"1920\" \/>\n\t<meta property=\"og:image:height\" content=\"780\" \/>\n\t<meta property=\"og:image:type\" content=\"image\/png\" \/>\n<meta name=\"twitter:card\" content=\"summary_large_image\" \/>\n<meta name=\"twitter:label1\" content=\"Dur\u00e9e de lecture estim\u00e9e\" \/>\n\t<meta name=\"twitter:data1\" content=\"2 minutes\" \/>\n<script type=\"application\/ld+json\" class=\"yoast-schema-graph\">{\"@context\":\"https:\/\/schema.org\",\"@graph\":[{\"@type\":\"WebPage\",\"@id\":\"https:\/\/www.meler.cn\/fr\/gluing-tomorrow\/\",\"url\":\"https:\/\/www.meler.cn\/fr\/gluing-tomorrow\/\",\"name\":\"Gluing Tomorrow- Meler\",\"isPartOf\":{\"@id\":\"https:\/\/www.meler.cn\/fr\/#website\"},\"datePublished\":\"2023-03-27T13:27:12+00:00\",\"dateModified\":\"2025-02-06T12:18:05+00:00\",\"description\":\"L'objectif de Meler est d'am\u00e9liorer les processus adh\u00e9sifs industriels afin de r\u00e9duire leur impact sur l'environnement. Notre activit\u00e9 ne s'am\u00e9liore que si la v\u00f4tre s'am\u00e9liore. Construisons ensemble l'avenir, GLUING TOMORROW.\",\"breadcrumb\":{\"@id\":\"https:\/\/www.meler.cn\/fr\/gluing-tomorrow\/#breadcrumb\"},\"inLanguage\":\"fr-FR\",\"potentialAction\":[{\"@type\":\"ReadAction\",\"target\":[\"https:\/\/www.meler.cn\/fr\/gluing-tomorrow\/\"]}]},{\"@type\":\"BreadcrumbList\",\"@id\":\"https:\/\/www.meler.cn\/fr\/gluing-tomorrow\/#breadcrumb\",\"itemListElement\":[{\"@type\":\"ListItem\",\"position\":1,\"name\":\"Portada\",\"item\":\"https:\/\/www.meler.cn\/fr\/\"},{\"@type\":\"ListItem\",\"position\":2,\"name\":\"Gluing Tomorrow\"}]},{\"@type\":\"WebSite\",\"@id\":\"https:\/\/www.meler.cn\/fr\/#website\",\"url\":\"https:\/\/www.meler.cn\/fr\/\",\"name\":\"Meler\",\"description\":\"Just another WordPress site\",\"potentialAction\":[{\"@type\":\"SearchAction\",\"target\":{\"@type\":\"EntryPoint\",\"urlTemplate\":\"https:\/\/www.meler.cn\/fr\/?s={search_term_string}\"},\"query-input\":\"required name=search_term_string\"}],\"inLanguage\":\"fr-FR\"}]}<\/script>\n<!-- \/ Yoast SEO plugin. -->","yoast_head_json":{"title":"Gluing Tomorrow- Meler","description":"L'objectif de Meler est d'am\u00e9liorer les processus adh\u00e9sifs industriels afin de r\u00e9duire leur impact sur l'environnement. Notre activit\u00e9 ne s'am\u00e9liore que si la v\u00f4tre s'am\u00e9liore. Construisons ensemble l'avenir, GLUING TOMORROW.","robots":{"index":"index","follow":"follow","max-snippet":"max-snippet:-1","max-image-preview":"max-image-preview:large","max-video-preview":"max-video-preview:-1"},"canonical":"https:\/\/www.meler.cn\/fr\/gluing-tomorrow\/","og_locale":"fr_FR","og_type":"article","og_title":"Gluing Tomorrow- Meler","og_description":"L'objectif de Meler est d'am\u00e9liorer les processus adh\u00e9sifs industriels afin de r\u00e9duire leur impact sur l'environnement. Notre activit\u00e9 ne s'am\u00e9liore que si la v\u00f4tre s'am\u00e9liore. Construisons ensemble l'avenir, GLUING TOMORROW.","og_url":"https:\/\/www.meler.cn\/fr\/gluing-tomorrow\/","og_site_name":"Meler","article_modified_time":"2025-02-06T12:18:05+00:00","og_image":[{"width":1920,"height":780,"url":"https:\/\/www.meler.cn\/media\/header-gluing-tomorrow.png","type":"image\/png"}],"twitter_card":"summary_large_image","twitter_misc":{"Dur\u00e9e de lecture estim\u00e9e":"2 minutes"},"schema":{"@context":"https:\/\/schema.org","@graph":[{"@type":"WebPage","@id":"https:\/\/www.meler.cn\/fr\/gluing-tomorrow\/","url":"https:\/\/www.meler.cn\/fr\/gluing-tomorrow\/","name":"Gluing Tomorrow- Meler","isPartOf":{"@id":"https:\/\/www.meler.cn\/fr\/#website"},"datePublished":"2023-03-27T13:27:12+00:00","dateModified":"2025-02-06T12:18:05+00:00","description":"L'objectif de Meler est d'am\u00e9liorer les processus adh\u00e9sifs industriels afin de r\u00e9duire leur impact sur l'environnement. Notre activit\u00e9 ne s'am\u00e9liore que si la v\u00f4tre s'am\u00e9liore. Construisons ensemble l'avenir, GLUING TOMORROW.","breadcrumb":{"@id":"https:\/\/www.meler.cn\/fr\/gluing-tomorrow\/#breadcrumb"},"inLanguage":"fr-FR","potentialAction":[{"@type":"ReadAction","target":["https:\/\/www.meler.cn\/fr\/gluing-tomorrow\/"]}]},{"@type":"BreadcrumbList","@id":"https:\/\/www.meler.cn\/fr\/gluing-tomorrow\/#breadcrumb","itemListElement":[{"@type":"ListItem","position":1,"name":"Portada","item":"https:\/\/www.meler.cn\/fr\/"},{"@type":"ListItem","position":2,"name":"Gluing Tomorrow"}]},{"@type":"WebSite","@id":"https:\/\/www.meler.cn\/fr\/#website","url":"https:\/\/www.meler.cn\/fr\/","name":"Meler","description":"Just another WordPress site","potentialAction":[{"@type":"SearchAction","target":{"@type":"EntryPoint","urlTemplate":"https:\/\/www.meler.cn\/fr\/?s={search_term_string}"},"query-input":"required name=search_term_string"}],"inLanguage":"fr-FR"}]}},"_links":{"self":[{"href":"https:\/\/www.meler.cn\/fr\/wp-json\/wp\/v2\/pages\/27652"}],"collection":[{"href":"https:\/\/www.meler.cn\/fr\/wp-json\/wp\/v2\/pages"}],"about":[{"href":"https:\/\/www.meler.cn\/fr\/wp-json\/wp\/v2\/types\/page"}],"author":[{"embeddable":true,"href":"https:\/\/www.meler.cn\/fr\/wp-json\/wp\/v2\/users\/1"}],"replies":[{"embeddable":true,"href":"https:\/\/www.meler.cn\/fr\/wp-json\/wp\/v2\/comments?post=27652"}],"version-history":[{"count":23,"href":"https:\/\/www.meler.cn\/fr\/wp-json\/wp\/v2\/pages\/27652\/revisions"}],"predecessor-version":[{"id":35445,"href":"https:\/\/www.meler.cn\/fr\/wp-json\/wp\/v2\/pages\/27652\/revisions\/35445"}],"wp:featuredmedia":[{"embeddable":true,"href":"https:\/\/www.meler.cn\/fr\/wp-json\/wp\/v2\/media\/28187"}],"wp:attachment":[{"href":"https:\/\/www.meler.cn\/fr\/wp-json\/wp\/v2\/media?parent=27652"}],"curies":[{"name":"wp","href":"https:\/\/api.w.org\/{rel}","templated":true}]}}