




















{"id":27057,"date":"2022-12-29T08:03:14","date_gmt":"2022-12-29T08:03:14","guid":{"rendered":"https:\/\/www.meler.eu\/aviso-legal\/"},"modified":"2023-03-21T11:52:33","modified_gmt":"2023-03-21T11:52:33","slug":"mentions-legales","status":"publish","type":"page","link":"https:\/\/www.meler.cn\/fr\/mentions-legales\/","title":{"rendered":"Mentions l\u00e9gales"},"content":{"rendered":"<p>[vc_row row_spacing=\u00a0\u00bbtop-spacing bottom-spacing\u00a0\u00bb][vc_column width=\u00a0\u00bb1\/1&Prime;][text]<\/p>\n<h2>01.DONN\u00c9ES D\u2019IDENTIFICATION DU TITULAIRE<\/h2>\n<p>Conform\u00e9ment aux dispositions de l&rsquo;article 10 de la Loi 34\/2002 du 11 juillet relatives aux services de la soci\u00e9t\u00e9 de l\u2019information et du commerce \u00e9lectronique, nous vous informons que le titulaire du pr\u00e9sent site web est la soci\u00e9t\u00e9 commerciale Focke Meler Gluing Solutions, S.A, sise \u00e0 Pol. Arazuri-Orkoien, calle B, n\u00ba3A. E-31170 \u00b7 Arazuri (Navarre, Espagne), et titulaire du N.I.F. Num\u00e9ro A31248636 et inscrite au Registre du Commerce de Navarre, au tome 1730, folio 215, feuillet NA 6088.<\/p>\n<h2>02.-CONTACT<\/h2>\n<p>Pour toute question, vous pouvez contacter Focke Meler Gluing Solutions, S.A. au num\u00e9ro de t\u00e9l\u00e9phone (+34) 948 351 110 ou par courrier \u00e9lectronique \u00e0 <a href=\"mailto:info@meler.cn\">info@meler.cn<\/a>.[\/text][\/vc_column][\/vc_row]<\/p>\n","protected":false},"excerpt":{"rendered":"<p>[vc_row row_spacing=\u00a0\u00bbtop-spacing bottom-spacing\u00a0\u00bb][vc_column width=\u00a0\u00bb1\/1&Prime;][text] 01.DONN\u00c9ES D\u2019IDENTIFICATION DU TITULAIRE Conform\u00e9ment aux dispositions de l&rsquo;article 10 de la Loi 34\/2002 du 11 juillet relatives aux services de la soci\u00e9t\u00e9 de l\u2019information et du commerce \u00e9lectronique, nous vous informons que le titulaire du pr\u00e9sent site web est la soci\u00e9t\u00e9 commerciale Focke Meler Gluing Solutions, S.A, sise \u00e0 Pol. [&hellip;]<\/p>\n","protected":false},"author":1,"featured_media":21538,"parent":0,"menu_order":493,"comment_status":"closed","ping_status":"closed","template":"template-content-min.php","meta":[],"yoast_head":"<!-- This site is optimized with the Yoast SEO plugin v20.3 - https:\/\/yoast.com\/wordpress\/plugins\/seo\/ -->\n<title>Mentions l\u00e9gales - Meler<\/title>\n<meta name=\"robots\" content=\"index, follow, max-snippet:-1, max-image-preview:large, max-video-preview:-1\" \/>\n<link rel=\"canonical\" href=\"https:\/\/www.meler.cn\/fr\/mentions-legales\/\" \/>\n<meta property=\"og:locale\" content=\"fr_FR\" \/>\n<meta property=\"og:type\" content=\"article\" \/>\n<meta property=\"og:title\" content=\"Mentions l\u00e9gales - Meler\" \/>\n<meta property=\"og:description\" content=\"[vc_row row_spacing=\u00a0\u00bbtop-spacing bottom-spacing\u00a0\u00bb][vc_column width=\u00a0\u00bb1\/1&Prime;][text] 01.DONN\u00c9ES D\u2019IDENTIFICATION DU TITULAIRE Conform\u00e9ment aux dispositions de l&rsquo;article 10 de la Loi 34\/2002 du 11 juillet relatives aux services de la soci\u00e9t\u00e9 de l\u2019information et du commerce \u00e9lectronique, nous vous informons que le titulaire du pr\u00e9sent site web est la soci\u00e9t\u00e9 commerciale Focke Meler Gluing Solutions, S.A, sise \u00e0 Pol. [&hellip;]\" \/>\n<meta property=\"og:url\" content=\"https:\/\/www.meler.cn\/fr\/mentions-legales\/\" \/>\n<meta property=\"og:site_name\" content=\"Meler\" \/>\n<meta property=\"article:modified_time\" content=\"2023-03-21T11:52:33+00:00\" \/>\n<meta property=\"og:image\" content=\"https:\/\/20097.ttandemdigital.com\/media\/header-aviso-legal-meler.png\" \/>\n\t<meta property=\"og:image:width\" content=\"1920\" \/>\n\t<meta property=\"og:image:height\" content=\"552\" \/>\n\t<meta property=\"og:image:type\" content=\"image\/png\" \/>\n<meta name=\"twitter:card\" content=\"summary_large_image\" \/>\n<meta name=\"twitter:label1\" content=\"Dur\u00e9e de lecture estim\u00e9e\" \/>\n\t<meta name=\"twitter:data1\" content=\"1 minute\" \/>\n<script type=\"application\/ld+json\" class=\"yoast-schema-graph\">{\"@context\":\"https:\/\/schema.org\",\"@graph\":[{\"@type\":\"WebPage\",\"@id\":\"https:\/\/www.meler.cn\/fr\/mentions-legales\/\",\"url\":\"https:\/\/www.meler.cn\/fr\/mentions-legales\/\",\"name\":\"Mentions l\u00e9gales - Meler\",\"isPartOf\":{\"@id\":\"https:\/\/www.meler.cn\/fr\/#website\"},\"datePublished\":\"2022-12-29T08:03:14+00:00\",\"dateModified\":\"2023-03-21T11:52:33+00:00\",\"breadcrumb\":{\"@id\":\"https:\/\/www.meler.cn\/fr\/mentions-legales\/#breadcrumb\"},\"inLanguage\":\"fr-FR\",\"potentialAction\":[{\"@type\":\"ReadAction\",\"target\":[\"https:\/\/www.meler.cn\/fr\/mentions-legales\/\"]}]},{\"@type\":\"BreadcrumbList\",\"@id\":\"https:\/\/www.meler.cn\/fr\/mentions-legales\/#breadcrumb\",\"itemListElement\":[{\"@type\":\"ListItem\",\"position\":1,\"name\":\"Portada\",\"item\":\"https:\/\/www.meler.cn\/fr\/\"},{\"@type\":\"ListItem\",\"position\":2,\"name\":\"Mentions l\u00e9gales\"}]},{\"@type\":\"WebSite\",\"@id\":\"https:\/\/www.meler.cn\/fr\/#website\",\"url\":\"https:\/\/www.meler.cn\/fr\/\",\"name\":\"Meler\",\"description\":\"Just another WordPress site\",\"potentialAction\":[{\"@type\":\"SearchAction\",\"target\":{\"@type\":\"EntryPoint\",\"urlTemplate\":\"https:\/\/www.meler.cn\/fr\/?s={search_term_string}\"},\"query-input\":\"required name=search_term_string\"}],\"inLanguage\":\"fr-FR\"}]}<\/script>\n<!-- \/ Yoast SEO plugin. -->","yoast_head_json":{"title":"Mentions l\u00e9gales - Meler","robots":{"index":"index","follow":"follow","max-snippet":"max-snippet:-1","max-image-preview":"max-image-preview:large","max-video-preview":"max-video-preview:-1"},"canonical":"https:\/\/www.meler.cn\/fr\/mentions-legales\/","og_locale":"fr_FR","og_type":"article","og_title":"Mentions l\u00e9gales - Meler","og_description":"[vc_row row_spacing=\u00a0\u00bbtop-spacing bottom-spacing\u00a0\u00bb][vc_column width=\u00a0\u00bb1\/1&Prime;][text] 01.DONN\u00c9ES D\u2019IDENTIFICATION DU TITULAIRE Conform\u00e9ment aux dispositions de l&rsquo;article 10 de la Loi 34\/2002 du 11 juillet relatives aux services de la soci\u00e9t\u00e9 de l\u2019information et du commerce \u00e9lectronique, nous vous informons que le titulaire du pr\u00e9sent site web est la soci\u00e9t\u00e9 commerciale Focke Meler Gluing Solutions, S.A, sise \u00e0 Pol. [&hellip;]","og_url":"https:\/\/www.meler.cn\/fr\/mentions-legales\/","og_site_name":"Meler","article_modified_time":"2023-03-21T11:52:33+00:00","og_image":[{"width":1920,"height":552,"url":"https:\/\/20097.ttandemdigital.com\/media\/header-aviso-legal-meler.png","type":"image\/png"}],"twitter_card":"summary_large_image","twitter_misc":{"Dur\u00e9e de lecture estim\u00e9e":"1 minute"},"schema":{"@context":"https:\/\/schema.org","@graph":[{"@type":"WebPage","@id":"https:\/\/www.meler.cn\/fr\/mentions-legales\/","url":"https:\/\/www.meler.cn\/fr\/mentions-legales\/","name":"Mentions l\u00e9gales - Meler","isPartOf":{"@id":"https:\/\/www.meler.cn\/fr\/#website"},"datePublished":"2022-12-29T08:03:14+00:00","dateModified":"2023-03-21T11:52:33+00:00","breadcrumb":{"@id":"https:\/\/www.meler.cn\/fr\/mentions-legales\/#breadcrumb"},"inLanguage":"fr-FR","potentialAction":[{"@type":"ReadAction","target":["https:\/\/www.meler.cn\/fr\/mentions-legales\/"]}]},{"@type":"BreadcrumbList","@id":"https:\/\/www.meler.cn\/fr\/mentions-legales\/#breadcrumb","itemListElement":[{"@type":"ListItem","position":1,"name":"Portada","item":"https:\/\/www.meler.cn\/fr\/"},{"@type":"ListItem","position":2,"name":"Mentions l\u00e9gales"}]},{"@type":"WebSite","@id":"https:\/\/www.meler.cn\/fr\/#website","url":"https:\/\/www.meler.cn\/fr\/","name":"Meler","description":"Just another WordPress site","potentialAction":[{"@type":"SearchAction","target":{"@type":"EntryPoint","urlTemplate":"https:\/\/www.meler.cn\/fr\/?s={search_term_string}"},"query-input":"required name=search_term_string"}],"inLanguage":"fr-FR"}]}},"_links":{"self":[{"href":"https:\/\/www.meler.cn\/fr\/wp-json\/wp\/v2\/pages\/27057"}],"collection":[{"href":"https:\/\/www.meler.cn\/fr\/wp-json\/wp\/v2\/pages"}],"about":[{"href":"https:\/\/www.meler.cn\/fr\/wp-json\/wp\/v2\/types\/page"}],"author":[{"embeddable":true,"href":"https:\/\/www.meler.cn\/fr\/wp-json\/wp\/v2\/users\/1"}],"replies":[{"embeddable":true,"href":"https:\/\/www.meler.cn\/fr\/wp-json\/wp\/v2\/comments?post=27057"}],"version-history":[{"count":2,"href":"https:\/\/www.meler.cn\/fr\/wp-json\/wp\/v2\/pages\/27057\/revisions"}],"predecessor-version":[{"id":27065,"href":"https:\/\/www.meler.cn\/fr\/wp-json\/wp\/v2\/pages\/27057\/revisions\/27065"}],"wp:featuredmedia":[{"embeddable":true,"href":"https:\/\/www.meler.cn\/fr\/wp-json\/wp\/v2\/media\/21538"}],"wp:attachment":[{"href":"https:\/\/www.meler.cn\/fr\/wp-json\/wp\/v2\/media?parent=27057"}],"curies":[{"name":"wp","href":"https:\/\/api.w.org\/{rel}","templated":true}]}}