




















{"id":26376,"date":"2023-01-05T12:43:59","date_gmt":"2023-01-05T12:43:59","guid":{"rendered":"https:\/\/www.meler.eu\/inicio\/"},"modified":"2025-03-05T08:27:47","modified_gmt":"2025-03-05T08:27:47","slug":"inicio","status":"publish","type":"page","link":"https:\/\/www.meler.cn\/fr\/","title":{"rendered":"Inicio"},"content":{"rendered":"<p>[vc_row row_layout=\u00a0\u00bbfull\u00a0\u00bb row_spacing=\u00a0\u00bbspacing-v-none\u00a0\u00bb row_spacing_h=\u00a0\u00bbspacing-h-0&Prime; el_id=\u00a0\u00bbsuperslider01&Prime;][vc_column width=\u00a0\u00bb1\/1&Prime;][super_Slider][super_Slider_item super_slider_item_image=\u00a0\u00bb35855&Prime; super_slider_item_title=\u00a0\u00bbMicron+ ECO\u00a0\u00bb]<\/p>\n<h2>MICRON+ ECO<\/h2>\n<p>Le meilleur unit\u00e9 de fusion avec la plus petite empreinte environnementale pour les applications automatis\u00e9es de l&rsquo;industrie 4.0.<\/p>\n<p aria-level=\"1\"><a class=\"button\" href=\"https:\/\/www.meler.cn\/fr\/produits\/unites-de-fusion\/micron-eco\/\"><span data-contrast=\"none\">D\u00c9COUVREZ MICRON+ ECO<\/span><\/a><\/p>\n<p>[\/super_Slider_item][\/super_Slider][\/vc_column][\/vc_row][vc_row row_layout=\u00a0\u00bbfull\u00a0\u00bb][vc_column width=\u00a0\u00bb1\/1&Prime;][text]<\/p>\n<p class=\"marquee\"><a href=\"https:\/\/www.meler.cn\/fr\/industries\/colle-thermofusible-pour-lindustrie-du-packaging\/\">Emballage et \u00e9tiquetage <\/a> <a href=\"https:\/\/www.meler.cn\/fr\/industries\/colle-thermofusible-pour-la-construction\/\">Construction<\/a><a href=\"https:\/\/www.meler.cn\/fr\/industries\/application-de-colle-thermofusible-pour-linterieur-du-vehicule\/\">Automobile<\/a> <a href=\"https:\/\/www.meler.cn\/fr\/industries\/colle-thermofusible-dans-lindustrie-du-bois\/\">Bois et meubles<\/a> <a href=\"https:\/\/www.meler.cn\/fr\/industries\/systemes-colle-thermofusible-pour-lindustrie-du-matelas\/\">Textiles et matelas<\/a> <a href=\"https:\/\/www.meler.cn\/fr\/industries\/assemblage-de-produits-avec-colle-thermofusible\/\">Assemblage de produits<\/a> <a href=\"https:\/\/www.meler.cn\/fr\/industries\/systemes-thermofusibles-pour-arts-graphiques\/\">Arts graphiques<\/a> <a href=\"https:\/\/www.meler.cn\/fr\/industries\/systemes-thermofusibles-pour-produits-non-woven\/\">Non-tiss\u00e9<\/a> <a href=\"https:\/\/www.meler.cn\/fr\/industries\/systemes-de-colle-thermofusible-pour-lemballage-du-tabac\/\">Emballages de tabac<\/a><\/p>\n<p>[\/text][\/vc_column][\/vc_row][vc_row row_bg_color=\u00a0\u00bbbg-05&Prime; row_spacing=\u00a0\u00bbtop-spacing bottom-spacing\u00a0\u00bb][vc_column width=\u00a0\u00bb1\/1&Prime;][vc_row_inner][vc_column_inner][text]<\/p>\n<h2 class=\"txt-center txt-width\"><strong>D\u00e9couvrez tous<br \/>\nnos produits<\/strong><\/h2>\n<p class=\"txt-center\">Chez Meler, nous adaptons toutes nos solutions pour augmenter votre productivit\u00e9.<br \/>\nConnaissez-vous le reste de notre gamme de produits?<\/p>\n<p>[\/text][\/vc_column_inner][\/vc_row_inner][vc_row_inner row_spacing=\u00a0\u00bbtop-spacing-med bottom-spacing-med\u00a0\u00bb][vc_column_inner][text]<\/p>\n<p class=\"buttons txt-center\"><a class=\"button\" href=\"https:\/\/www.meler.cn\/fr\/produits\/unites-de-fusion\/\">Micron Melters<\/a><a class=\"button\" href=\"https:\/\/www.meler.cn\/fr\/produits\/tuyaux\/\">Arion Hoses<\/a> <a class=\"button\" href=\"https:\/\/www.meler.cn\/fr\/produits\/applicateurs\/\">Raptor Applicators<\/a><\/p>\n<p>[\/text][\/vc_column_inner][\/vc_row_inner][\/vc_column][\/vc_row][vc_row bg_image_position=\u00a0\u00bb100% 0&Prime; row_bg_color=\u00a0\u00bbbg-05&Prime; row_spacing=\u00a0\u00bbspacing-v-0&Prime; bg_image=\u00a0\u00bb16631&Prime; el_class=\u00a0\u00bbbloque-productos\u00a0\u00bb][vc_column width=\u00a0\u00bb1\/1&Prime;][vc_row_inner row_spacing=\u00a0\u00bbspacing-v-0&Prime;][vc_column_inner width=\u00a0\u00bb1\/2&Prime;][text]<\/p>\n<h2 class=\"style-02\"><strong>Micron+ ECO<\/strong><\/h2>\n<p class=\"txt-width\">Une consommation d&rsquo;\u00e9nergie r\u00e9duite, des \u00e9conomies d&rsquo;adh\u00e9sif plus importantes et un impact minimal sur l&rsquo;environment. Micron+ FOAM est un meilleur fondoir pour une empreinte environnementale r\u00e9duite.<\/p>\n<p class=\"more\"><a href=\"https:\/\/www.meler.cn\/fr\/produits\/unites-de-fusion\/micron-eco\/\">En savoir plus<\/a><\/p>\n<p>[\/text][\/vc_column_inner][vc_column_inner width=\u00a0\u00bb1\/2&Prime;][single_image image=\u00a0\u00bb35548&Prime; animation=\u00a0\u00bbfadeInRight\u00a0\u00bb][\/vc_column_inner][\/vc_row_inner][vc_row_inner row_spacing=\u00a0\u00bbspacing-v-0&Prime;][vc_column_inner width=\u00a0\u00bb1\/2&Prime;][single_image image=\u00a0\u00bb1416&Prime; animation=\u00a0\u00bbfadeInLeft\u00a0\u00bb][\/vc_column_inner][vc_column_inner width=\u00a0\u00bb1\/2&Prime;][text]<\/p>\n<h2 class=\"style-02\"><strong>Arion Circle<\/strong><\/h2>\n<p class=\"txt-width\">Le tuyau chauffant offre une solution circulaire r\u00e9duisant l&rsquo;impact de notre activit\u00e9 et augmentant la durabilit\u00e9 de l&rsquo;installation. Le tuyau amovible facilite les r\u00e9parations, ce qui r\u00e9duit les co\u00fbts d&rsquo;entretien.<\/p>\n<p class=\"more\"><a href=\"https:\/\/www.meler.cn\/fr\/produits\/tuyaux\/arion-circle\/\">En savoir plus<\/a><\/p>\n<p>[\/text][\/vc_column_inner][\/vc_row_inner][vc_row_inner row_spacing=\u00a0\u00bbspacing-v-0&Prime;][vc_column_inner width=\u00a0\u00bb1\/2&Prime;][text]<\/p>\n<h2 class=\"style-02\"><strong>Raptor Edge<\/strong><\/h2>\n<p class=\"txt-width\">La solution de r\u00e9glage automatique pour un contr\u00f4le total du placage de chants. Un applicateur polyvalent et technologique qui am\u00e9liore la productivit\u00e9 gr\u00e2ce \u00e0 sa capacit\u00e9 \u00e0 s&rsquo;adapter pr\u00e9cis\u00e9ment aux changements de format.<\/p>\n<p class=\"more\"><a href=\"https:\/\/www.meler.cn\/fr\/produits\/applicateurs\/raptor-edge\/\">En savoir plus<\/a><\/p>\n<p>[\/text][\/vc_column_inner][vc_column_inner width=\u00a0\u00bb1\/2&Prime;][single_image image=\u00a0\u00bb33428&Prime; animation=\u00a0\u00bbfadeInRight\u00a0\u00bb][\/vc_column_inner][\/vc_row_inner][\/vc_column][\/vc_row][vc_row row_layout=\u00a0\u00bbfull\u00a0\u00bb row_spacing=\u00a0\u00bbspacing-v-none\u00a0\u00bb][vc_column row_spacing=\u00a0\u00bbspacing-v-none\u00a0\u00bb width=\u00a0\u00bb1\/1&Prime;][CtaModule cta_item=\u00a0\u00bb30385&Prime;][\/vc_column][\/vc_row][vc_row row_slide=\u00a0\u00bbyes\u00a0\u00bb el_class=\u00a0\u00bbbg-line\u00a0\u00bb][vc_column width=\u00a0\u00bb1\/1&Prime;][vc_row_inner][vc_column_inner width=\u00a0\u00bb3\/4&Prime; row_spacing_h=\u00a0\u00bbspacing-h-0&Prime;][single_image image=\u00a0\u00bb19846&Prime;][\/vc_column_inner][vc_column_inner width=\u00a0\u00bb1\/4&Prime; row_spacing_h=\u00a0\u00bbleft-spacing\u00a0\u00bb][text]<\/p>\n<h2 class=\"style-02\">Gluing Tomorrow<\/h2>\n<p>Une nouvelle fa\u00e7on de rendre l&rsquo;avenir durable. Chez Meler, nous ratifions chaque jour notre engagement en faveur de l&rsquo;environnement en mettant en \u0153uvre tous nos processus de production dans une perspective respectueuse de la plan\u00e8te. D\u00e9couvrez comment participer au projet :<\/p>\n<ul class=\"style-02\">\n<li><a href=\"https:\/\/www.meler.cn\/fr\/gluing-tomorrow\/\">En savoir plus<\/a><\/li>\n<\/ul>\n<p>[\/text][\/vc_column_inner][\/vc_row_inner][vc_row_inner][vc_column_inner width=\u00a0\u00bb3\/4&Prime;][single_image image=\u00a0\u00bb33785&Prime;][\/vc_column_inner][vc_column_inner width=\u00a0\u00bb1\/4&Prime; row_spacing_h=\u00a0\u00bbleft-spacing\u00a0\u00bb][text]<\/p>\n<h2 class=\"style-02\">Glocal Support<\/h2>\n<p>Chez Meler, nous offrons un service technique global qui vous assiste quels que soient vos besoins ou votre localisation. Avec une orientation claire vers le client, nos sp\u00e9cialistes techniques vous conseillent, r\u00e9solvent vos doutes sur l&rsquo;application de l&rsquo;adh\u00e9sif thermofusible.<\/p>\n<ul class=\"style-02\">\n<li><a href=\"https:\/\/www.meler.cn\/fr\/services\/meler-support\/\">En savoir plus<\/a><\/li>\n<\/ul>\n<p>[\/text][\/vc_column_inner][\/vc_row_inner][\/vc_column][\/vc_row][vc_row row_layout=\u00a0\u00bbfull\u00a0\u00bb row_spacing=\u00a0\u00bbspacing-v-0&Prime;][vc_column width=\u00a0\u00bb1\/1&Prime;][CtaModule cta_item=\u00a0\u00bb21575&Prime;][\/vc_column][\/vc_row][vc_row bg_image_position=\u00a0\u00bb0 100%\u00a0\u00bb row_bg_color=\u00a0\u00bbbg-04&Prime; row_spacing=\u00a0\u00bbtop-spacing bottom-spacing\u00a0\u00bb row_vertical_align=\u00a0\u00bbvalign-middle\u00a0\u00bb el_class=\u00a0\u00bbreverse-column-mobile\u00a0\u00bb][vc_column row_spacing=\u00a0\u00bbspacing-v-0&Prime; row_spacing_h=\u00a0\u00bbleft-spacing\u00a0\u00bb width=\u00a0\u00bb1\/1&Prime;][text]<\/p>\n<h2 class=\"txt-center summary style-02 txt-width\">Meler dans le monde<\/h2>\n<p class=\"txt-width txt-center\">Trouvez le <strong>Meler<\/strong> le plus proche et d\u00e9couvrez ce que c&rsquo;est que de pouvoir compter sur <strong>#YourGluingSolutionsPartner<\/strong> chaque fois que vous en avez besoin.<\/p>\n<p class=\"txt-center\"><a class=\"button\" href=\"https:\/\/www.meler.cn\/fr\/meler\/meler-dans-le-monde\/\">Meler dans le monde<\/a><\/p>\n<p>[\/text][vc_row_inner row_spacing=\u00a0\u00bbtop-spacing-min bottom-spacing-0&Prime;][vc_column_inner][text]<style>\r\n\t#wpsl-stores .wpsl-store-thumb {height:45px !important; width:45px !important;}\r\n\t#wpsl-stores, #wpsl-direction-details, #wpsl-gmap {height:350px !important;}\r\n\t#wpsl-gmap .wpsl-info-window {max-width:225px !important;}\r\n\t.wpsl-input label, #wpsl-radius label, #wpsl-category label {width:95px;}\r\n\t#wpsl-search-input  {width:179px;}\r\n<\/style>\r\n<div id=\"wpsl-wrap\">\r\n\t<div class=\"wpsl-search wpsl-clearfix wpsl-no-filters\">\r\n\t\t<div id=\"wpsl-search-wrap\">\r\n\t\t\t<form autocomplete=\"off\">\r\n\t\t\t<div class=\"wpsl-input\">\r\n\t\t\t\t<div><label for=\"wpsl-search-input\">Your location<\/label><\/div>\r\n\t\t\t\t<input id=\"wpsl-search-input\" type=\"text\" value=\"\" name=\"wpsl-search-input\" placeholder=\"\" aria-required=\"true\" \/>\r\n\t\t\t<\/div>\r\n\t\t\t\t<div class=\"wpsl-search-btn-wrap\"><input id=\"wpsl-search-btn\" type=\"submit\" value=\"Search\"><\/div>\r\n\t\t<\/form>\r\n\t\t<\/div>\r\n\t<\/div>\r\n\t<div id=\"wpsl-gmap\" class=\"wpsl-gmap-canvas\"><\/div>\r\n\t<div id=\"wpsl-result-list\">\r\n\t\t<div id=\"wpsl-stores\" >\r\n\t\t\t<ul><\/ul>\r\n\t\t<\/div>\r\n\t\t<div id=\"wpsl-direction-details\">\r\n\t\t\t<ul><\/ul>\r\n\t\t<\/div>\r\n\t<\/div>\r\n<\/div>\r\n[\/text][\/vc_column_inner][\/vc_row_inner][\/vc_column][\/vc_row][vc_row row_layout=\u00a0\u00bbfull\u00a0\u00bb el_class=\u00a0\u00bbbg-line-left\u00a0\u00bb][vc_column width=\u00a0\u00bb1\/1&Prime;][vc_row_inner row_layout=\u00a0\u00bbfull\u00a0\u00bb][vc_column_inner][ttdirectory_newslist news_num=\u00a0\u00bb4&Prime;]<\/p>\n<h2 class=\"style-02\">Nouveaut\u00e9s<\/h2>\n<p><a class=\"button\" href=\"https:\/\/www.meler.cn\/fr\/news\/\">Visitez notre blog<\/a>[\/ttdirectory_newslist][\/vc_column_inner][\/vc_row_inner][\/vc_column][\/vc_row][vc_row row_layout=\u00a0\u00bbfull\u00a0\u00bb row_spacing=\u00a0\u00bbspacing-v-none\u00a0\u00bb][vc_column width=\u00a0\u00bb1\/1&Prime;][CtaModule cta_item=\u00a0\u00bb21674&Prime;][\/vc_column][\/vc_row]<\/p>\n","protected":false},"excerpt":{"rendered":"<p>[vc_row row_layout=\u00a0\u00bbfull\u00a0\u00bb row_spacing=\u00a0\u00bbspacing-v-none\u00a0\u00bb row_spacing_h=\u00a0\u00bbspacing-h-0&Prime; el_id=\u00a0\u00bbsuperslider01&Prime;][vc_column width=\u00a0\u00bb1\/1&Prime;][super_Slider][super_Slider_item super_slider_item_image=\u00a0\u00bb35855&Prime; super_slider_item_title=\u00a0\u00bbMicron+ ECO\u00a0\u00bb] MICRON+ ECO Le meilleur unit\u00e9 de fusion avec la plus petite empreinte environnementale pour les applications automatis\u00e9es de l&rsquo;industrie 4.0. D\u00c9COUVREZ MICRON+ ECO [\/super_Slider_item][\/super_Slider][\/vc_column][\/vc_row][vc_row row_layout=\u00a0\u00bbfull\u00a0\u00bb][vc_column width=\u00a0\u00bb1\/1&Prime;][text] Emballage et \u00e9tiquetage ConstructionAutomobile Bois et meubles Textiles et matelas Assemblage de produits Arts graphiques Non-tiss\u00e9 Emballages de tabac [\/text][\/vc_column][\/vc_row][vc_row [&hellip;]<\/p>\n","protected":false},"author":1,"featured_media":0,"parent":0,"menu_order":30,"comment_status":"closed","ping_status":"closed","template":"template-no-header.php","meta":[],"yoast_head":"<!-- This site is optimized with the Yoast SEO plugin v20.3 - https:\/\/yoast.com\/wordpress\/plugins\/seo\/ -->\n<title>Syst\u00e8mes complets pour l&#039;application d&#039;adh\u00e9sifs et de mastics - Meler<\/title>\n<meta name=\"description\" content=\"Nous sommes Meler, votre partenaire en solutions de collage, avec plus de 40 ans d&#039;exp\u00e9rience en tant que sp\u00e9cialistes du d\u00e9veloppement et de l&#039;am\u00e9lioration des processus de collage\" \/>\n<meta name=\"robots\" content=\"index, follow, max-snippet:-1, max-image-preview:large, max-video-preview:-1\" \/>\n<link rel=\"canonical\" href=\"https:\/\/www.meler.cn\/fr\/\" \/>\n<meta property=\"og:locale\" content=\"fr_FR\" \/>\n<meta property=\"og:type\" content=\"article\" \/>\n<meta property=\"og:title\" content=\"Syst\u00e8mes complets pour l&#039;application d&#039;adh\u00e9sifs et de mastics - Meler\" \/>\n<meta property=\"og:description\" content=\"Nous sommes Meler, votre partenaire en solutions de collage, avec plus de 40 ans d&#039;exp\u00e9rience en tant que sp\u00e9cialistes du d\u00e9veloppement et de l&#039;am\u00e9lioration des processus de collage\" \/>\n<meta property=\"og:url\" content=\"https:\/\/www.meler.cn\/fr\/\" \/>\n<meta property=\"og:site_name\" content=\"Meler\" \/>\n<meta property=\"article:modified_time\" content=\"2025-03-05T08:27:47+00:00\" \/>\n<meta property=\"og:image\" content=\"https:\/\/www.meler.cn\/media\/LOGOMELER2.png\" \/>\n\t<meta property=\"og:image:width\" content=\"180\" \/>\n\t<meta property=\"og:image:height\" content=\"100\" \/>\n\t<meta property=\"og:image:type\" content=\"image\/png\" \/>\n<meta name=\"twitter:card\" content=\"summary_large_image\" \/>\n<meta name=\"twitter:label1\" content=\"Dur\u00e9e de lecture estim\u00e9e\" \/>\n\t<meta name=\"twitter:data1\" content=\"2 minutes\" \/>\n<script type=\"application\/ld+json\" class=\"yoast-schema-graph\">{\"@context\":\"https:\/\/schema.org\",\"@graph\":[{\"@type\":\"WebPage\",\"@id\":\"https:\/\/www.meler.cn\/fr\/\",\"url\":\"https:\/\/www.meler.cn\/fr\/\",\"name\":\"Syst\u00e8mes complets pour l'application d'adh\u00e9sifs et de mastics - Meler\",\"isPartOf\":{\"@id\":\"https:\/\/www.meler.cn\/fr\/#website\"},\"datePublished\":\"2023-01-05T12:43:59+00:00\",\"dateModified\":\"2025-03-05T08:27:47+00:00\",\"description\":\"Nous sommes Meler, votre partenaire en solutions de collage, avec plus de 40 ans d'exp\u00e9rience en tant que sp\u00e9cialistes du d\u00e9veloppement et de l'am\u00e9lioration des processus de collage\",\"breadcrumb\":{\"@id\":\"https:\/\/www.meler.cn\/fr\/#breadcrumb\"},\"inLanguage\":\"fr-FR\",\"potentialAction\":[{\"@type\":\"ReadAction\",\"target\":[\"https:\/\/www.meler.cn\/fr\/\"]}]},{\"@type\":\"BreadcrumbList\",\"@id\":\"https:\/\/www.meler.cn\/fr\/#breadcrumb\",\"itemListElement\":[{\"@type\":\"ListItem\",\"position\":1,\"name\":\"Portada\",\"item\":\"https:\/\/www.meler.cn\/fr\/\"},{\"@type\":\"ListItem\",\"position\":2,\"name\":\"Inicio\"}]},{\"@type\":\"WebSite\",\"@id\":\"https:\/\/www.meler.cn\/fr\/#website\",\"url\":\"https:\/\/www.meler.cn\/fr\/\",\"name\":\"Meler\",\"description\":\"Just another WordPress site\",\"potentialAction\":[{\"@type\":\"SearchAction\",\"target\":{\"@type\":\"EntryPoint\",\"urlTemplate\":\"https:\/\/www.meler.cn\/fr\/?s={search_term_string}\"},\"query-input\":\"required name=search_term_string\"}],\"inLanguage\":\"fr-FR\"}]}<\/script>\n<!-- \/ Yoast SEO plugin. -->","yoast_head_json":{"title":"Syst\u00e8mes complets pour l'application d'adh\u00e9sifs et de mastics - Meler","description":"Nous sommes Meler, votre partenaire en solutions de collage, avec plus de 40 ans d'exp\u00e9rience en tant que sp\u00e9cialistes du d\u00e9veloppement et de l'am\u00e9lioration des processus de collage","robots":{"index":"index","follow":"follow","max-snippet":"max-snippet:-1","max-image-preview":"max-image-preview:large","max-video-preview":"max-video-preview:-1"},"canonical":"https:\/\/www.meler.cn\/fr\/","og_locale":"fr_FR","og_type":"article","og_title":"Syst\u00e8mes complets pour l'application d'adh\u00e9sifs et de mastics - Meler","og_description":"Nous sommes Meler, votre partenaire en solutions de collage, avec plus de 40 ans d'exp\u00e9rience en tant que sp\u00e9cialistes du d\u00e9veloppement et de l'am\u00e9lioration des processus de collage","og_url":"https:\/\/www.meler.cn\/fr\/","og_site_name":"Meler","article_modified_time":"2025-03-05T08:27:47+00:00","og_image":[{"width":180,"height":100,"url":"https:\/\/www.meler.cn\/media\/LOGOMELER2.png","type":"image\/png"}],"twitter_card":"summary_large_image","twitter_misc":{"Dur\u00e9e de lecture estim\u00e9e":"2 minutes"},"schema":{"@context":"https:\/\/schema.org","@graph":[{"@type":"WebPage","@id":"https:\/\/www.meler.cn\/fr\/","url":"https:\/\/www.meler.cn\/fr\/","name":"Syst\u00e8mes complets pour l'application d'adh\u00e9sifs et de mastics - Meler","isPartOf":{"@id":"https:\/\/www.meler.cn\/fr\/#website"},"datePublished":"2023-01-05T12:43:59+00:00","dateModified":"2025-03-05T08:27:47+00:00","description":"Nous sommes Meler, votre partenaire en solutions de collage, avec plus de 40 ans d'exp\u00e9rience en tant que sp\u00e9cialistes du d\u00e9veloppement et de l'am\u00e9lioration des processus de collage","breadcrumb":{"@id":"https:\/\/www.meler.cn\/fr\/#breadcrumb"},"inLanguage":"fr-FR","potentialAction":[{"@type":"ReadAction","target":["https:\/\/www.meler.cn\/fr\/"]}]},{"@type":"BreadcrumbList","@id":"https:\/\/www.meler.cn\/fr\/#breadcrumb","itemListElement":[{"@type":"ListItem","position":1,"name":"Portada","item":"https:\/\/www.meler.cn\/fr\/"},{"@type":"ListItem","position":2,"name":"Inicio"}]},{"@type":"WebSite","@id":"https:\/\/www.meler.cn\/fr\/#website","url":"https:\/\/www.meler.cn\/fr\/","name":"Meler","description":"Just another WordPress site","potentialAction":[{"@type":"SearchAction","target":{"@type":"EntryPoint","urlTemplate":"https:\/\/www.meler.cn\/fr\/?s={search_term_string}"},"query-input":"required name=search_term_string"}],"inLanguage":"fr-FR"}]}},"_links":{"self":[{"href":"https:\/\/www.meler.cn\/fr\/wp-json\/wp\/v2\/pages\/26376"}],"collection":[{"href":"https:\/\/www.meler.cn\/fr\/wp-json\/wp\/v2\/pages"}],"about":[{"href":"https:\/\/www.meler.cn\/fr\/wp-json\/wp\/v2\/types\/page"}],"author":[{"embeddable":true,"href":"https:\/\/www.meler.cn\/fr\/wp-json\/wp\/v2\/users\/1"}],"replies":[{"embeddable":true,"href":"https:\/\/www.meler.cn\/fr\/wp-json\/wp\/v2\/comments?post=26376"}],"version-history":[{"count":42,"href":"https:\/\/www.meler.cn\/fr\/wp-json\/wp\/v2\/pages\/26376\/revisions"}],"predecessor-version":[{"id":35891,"href":"https:\/\/www.meler.cn\/fr\/wp-json\/wp\/v2\/pages\/26376\/revisions\/35891"}],"wp:attachment":[{"href":"https:\/\/www.meler.cn\/fr\/wp-json\/wp\/v2\/media?parent=26376"}],"curies":[{"name":"wp","href":"https:\/\/api.w.org\/{rel}","templated":true}]}}