




















{"id":24710,"date":"2022-11-28T11:08:11","date_gmt":"2022-11-28T11:08:11","guid":{"rendered":"https:\/\/www.meler.eu\/trabaja-con-nosotros\/"},"modified":"2024-04-09T11:25:45","modified_gmt":"2024-04-09T11:25:45","slug":"travailler-avec-nous","status":"publish","type":"page","link":"https:\/\/www.meler.cn\/fr\/meler\/travailler-avec-nous\/","title":{"rendered":"Meler Careers"},"content":{"rendered":"<p>[vc_row bg_image_position=\u00a0\u00bb0 100%\u00a0\u00bb row_vertical_align=\u00a0\u00bbvalign-middle\u00a0\u00bb el_class=\u00a0\u00bbreverse-column-mobile\u00a0\u00bb][vc_column row_spacing_h=\u00a0\u00bbleft-spacing\u00a0\u00bb width=\u00a0\u00bb1\/1&Prime;][text]<\/p>\n<h2 class=\"txt-center style-01\"><strong>Rejoignez-nous<\/strong><\/h2>\n<p class=\"txt-width txt-center\">Meler est toujours \u00e0 la recherche des meilleurs talents.<\/p>\n<p class=\"txt-center\"><a class=\"button\" href=\"https:\/\/www.meler.cn\/fr\/meler\/travailler-avec-nous\/postes-vacants\/\">Postes vacants<\/a><\/p>\n<p>[\/text][\/vc_column][\/vc_row][vc_row row_vertical_align=\u00a0\u00bbvalign-middle\u00a0\u00bb el_class=\u00a0\u00bbbg-line-start\u00a0\u00bb][vc_column row_spacing_h=\u00a0\u00bbright-spacing\u00a0\u00bb width=\u00a0\u00bb1\/2&Prime;][text]<\/p>\n<h2 class=\"summary txt-width style-0 style-03\">Nous recherchons toujours l\u2019excellence<\/h2>\n<p>[\/text][text]Plus de 40 ans d\u2019exp\u00e9rience dans le secteur ont fait de nous des sp\u00e9cialistes dans le d\u00e9veloppement et l\u2019am\u00e9lioration des processus de collage. Nous aidons nos clients \u00e0 atteindre leurs objectifs gr\u00e2ce \u00e0 une ing\u00e9nierie personnalis\u00e9e et ax\u00e9e sur l\u2019am\u00e9lioration de chacun de leurs processus.\u00a0[\/text][\/vc_column][vc_column width=\u00a0\u00bb1\/2&Prime;][single_image image=\u00a0\u00bb14350&Prime;][\/vc_column][\/vc_row][vc_row row_vertical_align=\u00a0\u00bbvalign-middle\u00a0\u00bb el_class=\u00a0\u00bbbg-line-med reverse-column-mobile\u00a0\u00bb][vc_column width=\u00a0\u00bb1\/2&Prime;][single_image image=\u00a0\u00bb14345&Prime;][\/vc_column][vc_column row_spacing_h=\u00a0\u00bbleft-spacing\u00a0\u00bb width=\u00a0\u00bb1\/2&Prime;][text]<\/p>\n<h2 class=\"summary style-0 style-03 txt-width\">Notre impact est r\u00e9el<\/h2>\n<p>[\/text][text]Chaque jour, nous am\u00e9liorons la production de milliers d\u2019entreprises. Nous optimisons les processus et les rendons plus faciles pour permettre \u00e0 nos clients de se concentrer sur ce qui est vraiment important\u202f: leur \u00e9quipe. [\/text][\/vc_column][\/vc_row][vc_row row_vertical_align=\u00a0\u00bbvalign-middle\u00a0\u00bb el_class=\u00a0\u00bbbg-line-end\u00a0\u00bb][vc_column row_spacing_h=\u00a0\u00bbright-spacing\u00a0\u00bb width=\u00a0\u00bb1\/2&Prime;][text]<\/p>\n<h2 class=\"summary style-0 style-03 txt-width\">Nous apprenons tous<br \/>\nles jours<\/h2>\n<p>[\/text][text]Nous proposons des solutions de collage compl\u00e8tes, avec l\u2019aide d\u2019une \u00e9quipe humaine infatigable, toujours \u00e0 la recherche de la meilleure solution. Nous partagerons des id\u00e9es et apprenons chaque jour pour offrir le meilleur service possible. [\/text][\/vc_column][vc_column width=\u00a0\u00bb1\/2&Prime;][single_image image=\u00a0\u00bb14340&Prime;][\/vc_column][\/vc_row][vc_row row_layout=\u00a0\u00bbfull\u00a0\u00bb bg_image_position=\u00a0\u00bb50% 0&Prime; row_spacing=\u00a0\u00bbtop-spacing\u00a0\u00bb][vc_column width=\u00a0\u00bb1\/1&Prime;][CtaModule cta_item=\u00a0\u00bb21662&Prime;][\/vc_column][\/vc_row]<\/p>\n","protected":false},"excerpt":{"rendered":"<p>[vc_row bg_image_position=\u00a0\u00bb0 100%\u00a0\u00bb row_vertical_align=\u00a0\u00bbvalign-middle\u00a0\u00bb el_class=\u00a0\u00bbreverse-column-mobile\u00a0\u00bb][vc_column row_spacing_h=\u00a0\u00bbleft-spacing\u00a0\u00bb width=\u00a0\u00bb1\/1&Prime;][text] Rejoignez-nous Meler est toujours \u00e0 la recherche des meilleurs talents. Postes vacants [\/text][\/vc_column][\/vc_row][vc_row row_vertical_align=\u00a0\u00bbvalign-middle\u00a0\u00bb el_class=\u00a0\u00bbbg-line-start\u00a0\u00bb][vc_column row_spacing_h=\u00a0\u00bbright-spacing\u00a0\u00bb width=\u00a0\u00bb1\/2&Prime;][text] Nous recherchons toujours l\u2019excellence [\/text][text]Plus de 40 ans d\u2019exp\u00e9rience dans le secteur ont fait de nous des sp\u00e9cialistes dans le d\u00e9veloppement et l\u2019am\u00e9lioration des processus de collage. Nous aidons nos clients [&hellip;]<\/p>\n","protected":false},"author":2,"featured_media":12886,"parent":26020,"menu_order":146,"comment_status":"closed","ping_status":"closed","template":"","meta":[],"yoast_head":"<!-- This site is optimized with the Yoast SEO plugin v20.3 - https:\/\/yoast.com\/wordpress\/plugins\/seo\/ -->\n<title>Travailler avec nous - Meler<\/title>\n<meta name=\"description\" content=\"Si vous voulez travailler chez Meler, envoyez-nous votre CV et faites partie de notre \u00e9quipe. Nous vous attendons!\" \/>\n<meta name=\"robots\" content=\"index, follow, max-snippet:-1, max-image-preview:large, max-video-preview:-1\" \/>\n<link rel=\"canonical\" href=\"https:\/\/www.meler.cn\/fr\/meler\/travailler-avec-nous\/\" \/>\n<meta property=\"og:locale\" content=\"fr_FR\" \/>\n<meta property=\"og:type\" content=\"article\" \/>\n<meta property=\"og:title\" content=\"Travailler avec nous - Meler\" \/>\n<meta property=\"og:description\" content=\"Si vous voulez travailler chez Meler, envoyez-nous votre CV et faites partie de notre \u00e9quipe. Nous vous attendons!\" \/>\n<meta property=\"og:url\" content=\"https:\/\/www.meler.cn\/fr\/meler\/travailler-avec-nous\/\" \/>\n<meta property=\"og:site_name\" content=\"Meler\" \/>\n<meta property=\"article:modified_time\" content=\"2024-04-09T11:25:45+00:00\" \/>\n<meta property=\"og:image\" content=\"https:\/\/20097.ttandemdigital.com\/media\/header-trabaja-con-nosotros-meler.png\" \/>\n\t<meta property=\"og:image:width\" content=\"1920\" \/>\n\t<meta property=\"og:image:height\" content=\"780\" \/>\n\t<meta property=\"og:image:type\" content=\"image\/png\" \/>\n<meta name=\"twitter:card\" content=\"summary_large_image\" \/>\n<meta name=\"twitter:label1\" content=\"Dur\u00e9e de lecture estim\u00e9e\" \/>\n\t<meta name=\"twitter:data1\" content=\"1 minute\" \/>\n<script type=\"application\/ld+json\" class=\"yoast-schema-graph\">{\"@context\":\"https:\/\/schema.org\",\"@graph\":[{\"@type\":\"WebPage\",\"@id\":\"https:\/\/www.meler.cn\/fr\/meler\/travailler-avec-nous\/\",\"url\":\"https:\/\/www.meler.cn\/fr\/meler\/travailler-avec-nous\/\",\"name\":\"Travailler avec nous - Meler\",\"isPartOf\":{\"@id\":\"https:\/\/www.meler.cn\/fr\/#website\"},\"datePublished\":\"2022-11-28T11:08:11+00:00\",\"dateModified\":\"2024-04-09T11:25:45+00:00\",\"description\":\"Si vous voulez travailler chez Meler, envoyez-nous votre CV et faites partie de notre \u00e9quipe. Nous vous attendons!\",\"breadcrumb\":{\"@id\":\"https:\/\/www.meler.cn\/fr\/meler\/travailler-avec-nous\/#breadcrumb\"},\"inLanguage\":\"fr-FR\",\"potentialAction\":[{\"@type\":\"ReadAction\",\"target\":[\"https:\/\/www.meler.cn\/fr\/meler\/travailler-avec-nous\/\"]}]},{\"@type\":\"BreadcrumbList\",\"@id\":\"https:\/\/www.meler.cn\/fr\/meler\/travailler-avec-nous\/#breadcrumb\",\"itemListElement\":[{\"@type\":\"ListItem\",\"position\":1,\"name\":\"Portada\",\"item\":\"https:\/\/www.meler.cn\/fr\/\"},{\"@type\":\"ListItem\",\"position\":2,\"name\":\"Meler\",\"item\":\"https:\/\/20097.ttandemdigital.com\/fr\/meler\/\"},{\"@type\":\"ListItem\",\"position\":3,\"name\":\"Meler Careers\"}]},{\"@type\":\"WebSite\",\"@id\":\"https:\/\/www.meler.cn\/fr\/#website\",\"url\":\"https:\/\/www.meler.cn\/fr\/\",\"name\":\"Meler\",\"description\":\"Just another WordPress site\",\"potentialAction\":[{\"@type\":\"SearchAction\",\"target\":{\"@type\":\"EntryPoint\",\"urlTemplate\":\"https:\/\/www.meler.cn\/fr\/?s={search_term_string}\"},\"query-input\":\"required name=search_term_string\"}],\"inLanguage\":\"fr-FR\"}]}<\/script>\n<!-- \/ Yoast SEO plugin. -->","yoast_head_json":{"title":"Travailler avec nous - Meler","description":"Si vous voulez travailler chez Meler, envoyez-nous votre CV et faites partie de notre \u00e9quipe. Nous vous attendons!","robots":{"index":"index","follow":"follow","max-snippet":"max-snippet:-1","max-image-preview":"max-image-preview:large","max-video-preview":"max-video-preview:-1"},"canonical":"https:\/\/www.meler.cn\/fr\/meler\/travailler-avec-nous\/","og_locale":"fr_FR","og_type":"article","og_title":"Travailler avec nous - Meler","og_description":"Si vous voulez travailler chez Meler, envoyez-nous votre CV et faites partie de notre \u00e9quipe. Nous vous attendons!","og_url":"https:\/\/www.meler.cn\/fr\/meler\/travailler-avec-nous\/","og_site_name":"Meler","article_modified_time":"2024-04-09T11:25:45+00:00","og_image":[{"width":1920,"height":780,"url":"https:\/\/20097.ttandemdigital.com\/media\/header-trabaja-con-nosotros-meler.png","type":"image\/png"}],"twitter_card":"summary_large_image","twitter_misc":{"Dur\u00e9e de lecture estim\u00e9e":"1 minute"},"schema":{"@context":"https:\/\/schema.org","@graph":[{"@type":"WebPage","@id":"https:\/\/www.meler.cn\/fr\/meler\/travailler-avec-nous\/","url":"https:\/\/www.meler.cn\/fr\/meler\/travailler-avec-nous\/","name":"Travailler avec nous - Meler","isPartOf":{"@id":"https:\/\/www.meler.cn\/fr\/#website"},"datePublished":"2022-11-28T11:08:11+00:00","dateModified":"2024-04-09T11:25:45+00:00","description":"Si vous voulez travailler chez Meler, envoyez-nous votre CV et faites partie de notre \u00e9quipe. Nous vous attendons!","breadcrumb":{"@id":"https:\/\/www.meler.cn\/fr\/meler\/travailler-avec-nous\/#breadcrumb"},"inLanguage":"fr-FR","potentialAction":[{"@type":"ReadAction","target":["https:\/\/www.meler.cn\/fr\/meler\/travailler-avec-nous\/"]}]},{"@type":"BreadcrumbList","@id":"https:\/\/www.meler.cn\/fr\/meler\/travailler-avec-nous\/#breadcrumb","itemListElement":[{"@type":"ListItem","position":1,"name":"Portada","item":"https:\/\/www.meler.cn\/fr\/"},{"@type":"ListItem","position":2,"name":"Meler","item":"https:\/\/20097.ttandemdigital.com\/fr\/meler\/"},{"@type":"ListItem","position":3,"name":"Meler Careers"}]},{"@type":"WebSite","@id":"https:\/\/www.meler.cn\/fr\/#website","url":"https:\/\/www.meler.cn\/fr\/","name":"Meler","description":"Just another WordPress site","potentialAction":[{"@type":"SearchAction","target":{"@type":"EntryPoint","urlTemplate":"https:\/\/www.meler.cn\/fr\/?s={search_term_string}"},"query-input":"required name=search_term_string"}],"inLanguage":"fr-FR"}]}},"_links":{"self":[{"href":"https:\/\/www.meler.cn\/fr\/wp-json\/wp\/v2\/pages\/24710"}],"collection":[{"href":"https:\/\/www.meler.cn\/fr\/wp-json\/wp\/v2\/pages"}],"about":[{"href":"https:\/\/www.meler.cn\/fr\/wp-json\/wp\/v2\/types\/page"}],"author":[{"embeddable":true,"href":"https:\/\/www.meler.cn\/fr\/wp-json\/wp\/v2\/users\/2"}],"replies":[{"embeddable":true,"href":"https:\/\/www.meler.cn\/fr\/wp-json\/wp\/v2\/comments?post=24710"}],"version-history":[{"count":13,"href":"https:\/\/www.meler.cn\/fr\/wp-json\/wp\/v2\/pages\/24710\/revisions"}],"predecessor-version":[{"id":29936,"href":"https:\/\/www.meler.cn\/fr\/wp-json\/wp\/v2\/pages\/24710\/revisions\/29936"}],"up":[{"embeddable":true,"href":"https:\/\/www.meler.cn\/fr\/wp-json\/wp\/v2\/pages\/26020"}],"wp:featuredmedia":[{"embeddable":true,"href":"https:\/\/www.meler.cn\/fr\/wp-json\/wp\/v2\/media\/12886"}],"wp:attachment":[{"href":"https:\/\/www.meler.cn\/fr\/wp-json\/wp\/v2\/media?parent=24710"}],"curies":[{"name":"wp","href":"https:\/\/api.w.org\/{rel}","templated":true}]}}