




















{"id":24562,"date":"2023-02-01T15:08:00","date_gmt":"2023-02-01T15:08:00","guid":{"rendered":"https:\/\/www.meler.eu\/meler-support\/documentacion-inicio\/"},"modified":"2025-02-21T07:32:58","modified_gmt":"2025-02-21T07:32:58","slug":"documentacion-inicio","status":"publish","type":"page","link":"https:\/\/www.meler.cn\/fr\/services\/assistance-technique-meler\/documentacion-inicio\/","title":{"rendered":"Documentation"},"content":{"rendered":"<p>[vc_row row_spacing=\u00a0\u00bbtop-spacing-med bottom-spacing-0&Prime;][vc_column width=\u00a0\u00bb1\/1&Prime;][text]<\/p>\n<h2 class=\"txt-center txt-width\">Retrouvez toute la documentation <strong>technique de nos produits<\/strong><\/h2>\n<p>[\/text][\/vc_column][\/vc_row][vc_row hide_cookie=\u00a0\u00bbyes\u00a0\u00bb row_spacing=\u00a0\u00bbbottom-spacing top-spacing-0&Prime; row_spacing_h=\u00a0\u00bbspacing-h-0&Prime; row_cookie=\u00a0\u00bbmeler_document\u00a0\u00bb el_class=\u00a0\u00bbrow-forms\u00a0\u00bb][vc_column width=\u00a0\u00bb1\/1&Prime;][vc_row_inner row_bg_color=\u00a0\u00bbbg-04&Prime; row_spacing=\u00a0\u00bbtop-spacing-min bottom-spacing-min\u00a0\u00bb][vc_column_inner width=\u00a0\u00bb1\/2&Prime;][text]<\/p>\n<h2>Acc\u00e8s Documentation <strong>technique<\/strong><\/h2>\n<p>[\/text]<script type=\"text\/javascript\">\r\n\/\/----------------------------------------------------------\r\n\/\/------ JAVASCRIPT HOOK FUNCTIONS FOR GRAVITY FORMS -------\r\n\/\/----------------------------------------------------------\r\n\r\nif ( ! gform ) {\r\n\tdocument.addEventListener( 'gform_main_scripts_loaded', function() { gform.scriptsLoaded = true; } );\r\n\twindow.addEventListener( 'DOMContentLoaded', function() { gform.domLoaded = true; } );\r\n\r\n\tvar gform = {\r\n\t\tdomLoaded: false,\r\n\t\tscriptsLoaded: false,\r\n\t\tinitializeOnLoaded: function( fn ) {\r\n\t\t\tif ( gform.domLoaded && gform.scriptsLoaded ) {\r\n\t\t\t\tfn();\r\n\t\t\t} else if( ! gform.domLoaded && gform.scriptsLoaded ) {\r\n\t\t\t\twindow.addEventListener( 'DOMContentLoaded', fn );\r\n\t\t\t} else {\r\n\t\t\t\tdocument.addEventListener( 'gform_main_scripts_loaded', fn );\r\n\t\t\t}\r\n\t\t},\r\n\t\thooks: { action: {}, filter: {} },\r\n\t\taddAction: function( action, callable, priority, tag ) {\r\n\t\t\tgform.addHook( 'action', action, callable, priority, tag );\r\n\t\t},\r\n\t\taddFilter: function( action, callable, priority, tag ) {\r\n\t\t\tgform.addHook( 'filter', action, callable, priority, tag );\r\n\t\t},\r\n\t\tdoAction: function( action ) {\r\n\t\t\tgform.doHook( 'action', action, arguments );\r\n\t\t},\r\n\t\tapplyFilters: function( action ) {\r\n\t\t\treturn gform.doHook( 'filter', action, arguments );\r\n\t\t},\r\n\t\tremoveAction: function( action, tag ) {\r\n\t\t\tgform.removeHook( 'action', action, tag );\r\n\t\t},\r\n\t\tremoveFilter: function( action, priority, tag ) {\r\n\t\t\tgform.removeHook( 'filter', action, priority, tag );\r\n\t\t},\r\n\t\taddHook: function( hookType, action, callable, priority, tag ) {\r\n\t\t\tif ( undefined == gform.hooks[hookType][action] ) {\r\n\t\t\t\tgform.hooks[hookType][action] = [];\r\n\t\t\t}\r\n\t\t\tvar hooks = gform.hooks[hookType][action];\r\n\t\t\tif ( undefined == tag ) {\r\n\t\t\t\ttag = action + '_' + hooks.length;\r\n\t\t\t}\r\n\t\t\tif( priority == undefined ){\r\n\t\t\t\tpriority = 10;\r\n\t\t\t}\r\n\r\n\t\t\tgform.hooks[hookType][action].push( { tag:tag, callable:callable, priority:priority } );\r\n\t\t},\r\n\t\tdoHook: function( hookType, action, args ) {\r\n\r\n\t\t\t\/\/ splice args from object into array and remove first index which is the hook name\r\n\t\t\targs = Array.prototype.slice.call(args, 1);\r\n\r\n\t\t\tif ( undefined != gform.hooks[hookType][action] ) {\r\n\t\t\t\tvar hooks = gform.hooks[hookType][action], hook;\r\n\t\t\t\t\/\/sort by priority\r\n\t\t\t\thooks.sort(function(a,b){return a[\"priority\"]-b[\"priority\"]});\r\n\r\n\t\t\t\thooks.forEach( function( hookItem ) {\r\n\t\t\t\t\thook = hookItem.callable;\r\n\r\n\t\t\t\t\tif(typeof hook != 'function')\r\n\t\t\t\t\t\thook = window[hook];\r\n\t\t\t\t\tif ( 'action' == hookType ) {\r\n\t\t\t\t\t\thook.apply(null, args);\r\n\t\t\t\t\t} else {\r\n\t\t\t\t\t\targs[0] = hook.apply(null, args);\r\n\t\t\t\t\t}\r\n\t\t\t\t} );\r\n\t\t\t}\r\n\t\t\tif ( 'filter'==hookType ) {\r\n\t\t\t\treturn args[0];\r\n\t\t\t}\r\n\t\t},\r\n\t\tremoveHook: function( hookType, action, priority, tag ) {\r\n\t\t\tif ( undefined != gform.hooks[hookType][action] ) {\r\n\t\t\t\tvar hooks = gform.hooks[hookType][action];\r\n\t\t\t\thooks = hooks.filter( function(hook, index, arr) {\r\n\t\t\t\t\tvar removeHook = (undefined==tag||tag==hook.tag) && (undefined==priority||priority==hook.priority);\r\n\t\t\t\t\treturn !removeHook;\r\n\t\t\t\t} );\r\n\t\t\t\tgform.hooks[hookType][action] = hooks;\r\n\t\t\t}\r\n\t\t}\r\n\t};\r\n}\r\n<\/script>\r\n                <div class='gf_browser_gecko gform_wrapper gravity-theme' id='gform_wrapper_7' ><div id='gf_7' class='gform_anchor' tabindex='-1'><\/div><form method='post' enctype='multipart\/form-data' target='gform_ajax_frame_7' id='gform_7'  action='\/fr\/wp-json\/wp\/v2\/pages\/24562#gf_7' novalidate>\r\n                        <div class='gform_body gform-body'><div id='gform_fields_7' class='gform_fields top_label form_sublabel_below description_below'><div id=\"field_7_1\"  class=\"gfield gfield_contains_required field_sublabel_below field_description_below gfield_visibility_visible\"  data-js-reload=\"field_7_1\"><label class='gfield_label' for='input_7_1' >Pr\u00e9nom\u202f<span class=\"gfield_required\"><span class=\"gfield_required gfield_required_asterisk\">*<\/span><\/span><\/label><div class='ginput_container ginput_container_text'><input name='input_1' id='input_7_1' type='text' value='' class='large'   tabindex='10'  aria-required=\"true\" aria-invalid=\"false\"   \/> <\/div><\/div><div id=\"field_7_3\"  class=\"gfield gfield_contains_required field_sublabel_below field_description_below gfield_visibility_visible\"  data-js-reload=\"field_7_3\"><label class='gfield_label' for='input_7_3' >Courriel\u202f<span class=\"gfield_required\"><span class=\"gfield_required gfield_required_asterisk\">*<\/span><\/span><\/label><div class='ginput_container ginput_container_text'><input name='input_3' id='input_7_3' type='text' value='' class='large'   tabindex='11'  aria-required=\"true\" aria-invalid=\"false\"   \/> <\/div><\/div><div id=\"field_7_5\"  class=\"gfield gfield--width-full gform_hidden field_sublabel_below field_description_below gfield_visibility_visible\"  data-js-reload=\"field_7_5\"><div class='ginput_container ginput_container_text'><input name='input_5' id='input_7_5' type='hidden' class='gform_hidden'  aria-invalid=\"false\" value='' \/><\/div><\/div><div id=\"field_7_7\"  class=\"gfield gfield--width-full gfield_html gfield_html_formatted gfield_no_follows_desc field_sublabel_below field_description_below gfield_visibility_visible\"  data-js-reload=\"field_7_7\"><p>Focke Meler traitera vos donn\u00e9es pour r\u00e9pondre \u00e0 votre demande d\u2019acc\u00e8s \u00e0 la documentation ainsi que, si vous y consentez, pour vous envoyer des informations commerciales sur les produits et services de Focke Meler. Vous pouvez exercer vos droits d\u2019acc\u00e8s, de rectification, d'effacement, de portabilit\u00e9, de limitation ou d\u2019opposition au traitement de vos donn\u00e9es. Plus d\u2019informations sur la Protection des donn\u00e9es <a href=\"\/fr\/politique-de-confidentialite\/\" target=\"_blank\">ici<\/a>.<\/p><\/div><fieldset id=\"field_7_4\"  class=\"gfield gfield_contains_required field_sublabel_below field_description_below gfield_visibility_visible\"  data-js-reload=\"field_7_4\"><legend class='gfield_label screen-reader-text gfield_label_before_complex'  ><span class=\"gfield_required\"><span class=\"gfield_required gfield_required_asterisk\">*<\/span><\/span><\/legend><div class='ginput_container ginput_container_checkbox'><div class='gfield_checkbox' id='input_7_4'><div class='gchoice gchoice_7_4_1'>\r\n\t\t\t\t\t\t\t\t<input class='gfield-choice-input' name='input_4.1' type='checkbox'  value='J\u2019ai lu et j\u2019accepte la politique de confidentialit\u00e9'  id='choice_7_4_1' tabindex='12'  \/>\r\n\t\t\t\t\t\t\t\t<label for='choice_7_4_1' id='label_7_4_1'>J\u2019ai lu et j\u2019accepte la <a href=\"\/fr\/politique-de-confidentialite\/\" target=\"_blank\">politique de confidentialit\u00e9<\/a>.  <span class=\"requiered\">*<\/span><\/label>\r\n\t\t\t\t\t\t\t<\/div><\/div><\/div><\/fieldset><fieldset id=\"field_7_6\"  class=\"gfield gfield--width-full field_sublabel_below field_description_below gfield_visibility_visible\"  data-js-reload=\"field_7_6\"><legend class='gfield_label screen-reader-text gfield_label_before_complex'  ><\/legend><div class='ginput_container ginput_container_checkbox'><div class='gfield_checkbox' id='input_7_6'><div class='gchoice gchoice_7_6_1'>\r\n\t\t\t\t\t\t\t\t<input class='gfield-choice-input' name='input_6.1' type='checkbox'  value='J\u2019accepte de recevoir des communications commerciales sur les nouveaut\u00e9s, les produits et les services de Focke Meler.'  id='choice_7_6_1' tabindex='13'  \/>\r\n\t\t\t\t\t\t\t\t<label for='choice_7_6_1' id='label_7_6_1'>J\u2019accepte de recevoir des communications commerciales sur les nouveaut\u00e9s, les produits et les services de Focke Meler.<\/label>\r\n\t\t\t\t\t\t\t<\/div><\/div><\/div><\/fieldset><div id=\"field_7_8\"  class=\"gfield gform_validation_container field_sublabel_below field_description_below gfield_visibility_visible\"  data-js-reload=\"field_7_8\"><label class='gfield_label' for='input_7_8' >Email<\/label><div class='ginput_container'><input name='input_8' id='input_7_8' type='text' value='' autocomplete='new-password'\/><\/div><div class='gfield_description' id='gfield_description_7_8'>Ce champ n\u2019est utilis\u00e9 qu\u2019\u00e0 des fins de validation et devrait rester inchang\u00e9.<\/div><\/div><\/div><\/div>\r\n        <div class='gform_footer top_label'> <input type='submit' id='gform_submit_button_7' class='gform_button button' value='Accepter' tabindex='14' onclick='if(window[\"gf_submitting_7\"]){return false;}  if( !jQuery(\"#gform_7\")[0].checkValidity || jQuery(\"#gform_7\")[0].checkValidity()){window[\"gf_submitting_7\"]=true;}  ' onkeypress='if( event.keyCode == 13 ){ if(window[\"gf_submitting_7\"]){return false;} if( !jQuery(\"#gform_7\")[0].checkValidity || jQuery(\"#gform_7\")[0].checkValidity()){window[\"gf_submitting_7\"]=true;}  jQuery(\"#gform_7\").trigger(\"submit\",[true]); }' \/> <input type='hidden' name='gform_ajax' value='form_id=7&amp;title=&amp;description=&amp;tabindex=10' \/>\r\n            <input type='hidden' class='gform_hidden' name='is_submit_7' value='1' \/>\r\n            <input type='hidden' class='gform_hidden' name='gform_submit' value='7' \/>\r\n            \r\n            <input type='hidden' class='gform_hidden' name='gform_unique_id' value='' \/>\r\n            <input type='hidden' class='gform_hidden' name='state_7' value='WyJbXSIsIjNiOTRkMWUwZWIwMzk5ZjFhYTVhMTEzNzViNTFhZmU0Il0=' \/>\r\n            <input type='hidden' class='gform_hidden' name='gform_target_page_number_7' id='gform_target_page_number_7' value='0' \/>\r\n            <input type='hidden' class='gform_hidden' name='gform_source_page_number_7' id='gform_source_page_number_7' value='1' \/>\r\n            <input type='hidden' name='gform_field_values' value='' \/>\r\n            \r\n        <\/div>\r\n                        <\/form>\r\n                        <\/div>\r\n                <iframe style='display:none;width:0px;height:0px;' src='about:blank' name='gform_ajax_frame_7' id='gform_ajax_frame_7' title='Cette iframe contient la logique n\u00e9cessaire pour manipuler Gravity Forms avec Ajax.'><\/iframe>\r\n                <script type=\"text\/javascript\">\ngform.initializeOnLoaded( function() {gformInitSpinner( 7, 'https:\/\/www.meler.cn\/wp-content\/plugins\/gravityforms\/images\/spinner.svg' );jQuery('#gform_ajax_frame_7').on('load',function(){var contents = jQuery(this).contents().find('*').html();var is_postback = contents.indexOf('GF_AJAX_POSTBACK') >= 0;if(!is_postback){return;}var form_content = jQuery(this).contents().find('#gform_wrapper_7');var is_confirmation = jQuery(this).contents().find('#gform_confirmation_wrapper_7').length > 0;var is_redirect = contents.indexOf('gformRedirect(){') >= 0;var is_form = form_content.length > 0 && ! is_redirect && ! is_confirmation;var mt = parseInt(jQuery('html').css('margin-top'), 10) + parseInt(jQuery('body').css('margin-top'), 10) + 100;if(is_form){jQuery('#gform_wrapper_7').html(form_content.html());if(form_content.hasClass('gform_validation_error')){jQuery('#gform_wrapper_7').addClass('gform_validation_error');} else {jQuery('#gform_wrapper_7').removeClass('gform_validation_error');}setTimeout( function() { \/* delay the scroll by 50 milliseconds to fix a bug in chrome *\/ jQuery(document).scrollTop(jQuery('#gform_wrapper_7').offset().top - mt); }, 50 );if(window['gformInitDatepicker']) {gformInitDatepicker();}if(window['gformInitPriceFields']) {gformInitPriceFields();}var current_page = jQuery('#gform_source_page_number_7').val();gformInitSpinner( 7, 'https:\/\/www.meler.cn\/wp-content\/plugins\/gravityforms\/images\/spinner.svg' );jQuery(document).trigger('gform_page_loaded', [7, current_page]);window['gf_submitting_7'] = false;}else if(!is_redirect){var confirmation_content = jQuery(this).contents().find('.GF_AJAX_POSTBACK').html();if(!confirmation_content){confirmation_content = contents;}setTimeout(function(){jQuery('#gform_wrapper_7').replaceWith(confirmation_content);jQuery(document).scrollTop(jQuery('#gf_7').offset().top - mt);jQuery(document).trigger('gform_confirmation_loaded', [7]);window['gf_submitting_7'] = false;wp.a11y.speak(jQuery('#gform_confirmation_message_7').text());}, 50);}else{jQuery('#gform_7').append(contents);if(window['gformRedirect']) {gformRedirect();}}jQuery(document).trigger('gform_post_render', [7, current_page]);} );} );\n<\/script>\n[\/vc_column_inner][vc_column_inner width=\u00a0\u00bb1\/2&Prime;][single_image image=\u00a0\u00bb20112&Prime; image_spacing=\u00a0\u00bbspacing-v-none\u00a0\u00bb][\/vc_column_inner][\/vc_row_inner][\/vc_column][\/vc_row][vc_row row_layout=\u00a0\u00bbfull\u00a0\u00bb row_spacing=\u00a0\u00bbspacing-v-none\u00a0\u00bb][vc_column width=\u00a0\u00bb1\/1&Prime;][CtaModule cta_item=\u00a0\u00bb21643&Prime;][\/vc_column][\/vc_row]<\/p>\n","protected":false},"excerpt":{"rendered":"<p>[vc_row row_spacing=\u00a0\u00bbtop-spacing-med bottom-spacing-0&Prime;][vc_column width=\u00a0\u00bb1\/1&Prime;][text] Retrouvez toute la documentation technique de nos produits [\/text][\/vc_column][\/vc_row][vc_row hide_cookie=\u00a0\u00bbyes\u00a0\u00bb row_spacing=\u00a0\u00bbbottom-spacing top-spacing-0&Prime; row_spacing_h=\u00a0\u00bbspacing-h-0&Prime; row_cookie=\u00a0\u00bbmeler_document\u00a0\u00bb el_class=\u00a0\u00bbrow-forms\u00a0\u00bb][vc_column width=\u00a0\u00bb1\/1&Prime;][vc_row_inner row_bg_color=\u00a0\u00bbbg-04&Prime; row_spacing=\u00a0\u00bbtop-spacing-min bottom-spacing-min\u00a0\u00bb][vc_column_inner width=\u00a0\u00bb1\/2&Prime;][text] Acc\u00e8s Documentation technique [\/text][\/vc_column_inner][vc_column_inner width=\u00a0\u00bb1\/2&Prime;][single_image image=\u00a0\u00bb20112&Prime; image_spacing=\u00a0\u00bbspacing-v-none\u00a0\u00bb][\/vc_column_inner][\/vc_row_inner][\/vc_column][\/vc_row][vc_row row_layout=\u00a0\u00bbfull\u00a0\u00bb row_spacing=\u00a0\u00bbspacing-v-none\u00a0\u00bb][vc_column width=\u00a0\u00bb1\/1&Prime;][CtaModule cta_item=\u00a0\u00bb21643&Prime;][\/vc_column][\/vc_row]<\/p>\n","protected":false},"author":1,"featured_media":20109,"parent":33562,"menu_order":70,"comment_status":"closed","ping_status":"closed","template":"template-private.php","meta":[],"yoast_head":"<!-- This site is optimized with the Yoast SEO plugin v20.3 - https:\/\/yoast.com\/wordpress\/plugins\/seo\/ -->\n<title>Manuels et documentation des produits actuels de Meler - Meler<\/title>\n<meta name=\"description\" content=\"T\u00e9l\u00e9chargez les manuels et la documentation de la gamme de produits Meler.\" \/>\n<meta name=\"robots\" content=\"index, follow, max-snippet:-1, max-image-preview:large, max-video-preview:-1\" \/>\n<link rel=\"canonical\" href=\"https:\/\/www.meler.cn\/fr\/services\/assistance-technique-meler\/documentacion-inicio\/\" \/>\n<meta property=\"og:locale\" content=\"fr_FR\" \/>\n<meta property=\"og:type\" content=\"article\" \/>\n<meta property=\"og:title\" content=\"Manuels et documentation des produits actuels de Meler - Meler\" \/>\n<meta property=\"og:description\" content=\"T\u00e9l\u00e9chargez les manuels et la documentation de la gamme de produits Meler.\" \/>\n<meta property=\"og:url\" content=\"https:\/\/www.meler.cn\/fr\/services\/assistance-technique-meler\/documentacion-inicio\/\" \/>\n<meta property=\"og:site_name\" content=\"Meler\" \/>\n<meta property=\"article:modified_time\" content=\"2025-02-21T07:32:58+00:00\" \/>\n<meta property=\"og:image\" content=\"https:\/\/www.meler.cn\/media\/header-servicios-documentacion.png\" \/>\n\t<meta property=\"og:image:width\" content=\"1920\" \/>\n\t<meta property=\"og:image:height\" content=\"780\" \/>\n\t<meta property=\"og:image:type\" content=\"image\/png\" \/>\n<meta name=\"twitter:card\" content=\"summary_large_image\" \/>\n<meta name=\"twitter:label1\" content=\"Dur\u00e9e de lecture estim\u00e9e\" \/>\n\t<meta name=\"twitter:data1\" content=\"1 minute\" \/>\n<script type=\"application\/ld+json\" class=\"yoast-schema-graph\">{\"@context\":\"https:\/\/schema.org\",\"@graph\":[{\"@type\":\"WebPage\",\"@id\":\"https:\/\/www.meler.cn\/fr\/services\/assistance-technique-meler\/documentacion-inicio\/\",\"url\":\"https:\/\/www.meler.cn\/fr\/services\/assistance-technique-meler\/documentacion-inicio\/\",\"name\":\"Manuels et documentation des produits actuels de Meler - Meler\",\"isPartOf\":{\"@id\":\"https:\/\/www.meler.cn\/fr\/#website\"},\"datePublished\":\"2023-02-01T15:08:00+00:00\",\"dateModified\":\"2025-02-21T07:32:58+00:00\",\"description\":\"T\u00e9l\u00e9chargez les manuels et la documentation de la gamme de produits Meler.\",\"breadcrumb\":{\"@id\":\"https:\/\/www.meler.cn\/fr\/services\/assistance-technique-meler\/documentacion-inicio\/#breadcrumb\"},\"inLanguage\":\"fr-FR\",\"potentialAction\":[{\"@type\":\"ReadAction\",\"target\":[\"https:\/\/www.meler.cn\/fr\/services\/assistance-technique-meler\/documentacion-inicio\/\"]}]},{\"@type\":\"BreadcrumbList\",\"@id\":\"https:\/\/www.meler.cn\/fr\/services\/assistance-technique-meler\/documentacion-inicio\/#breadcrumb\",\"itemListElement\":[{\"@type\":\"ListItem\",\"position\":1,\"name\":\"Portada\",\"item\":\"https:\/\/www.meler.cn\/fr\/\"},{\"@type\":\"ListItem\",\"position\":2,\"name\":\"Services\",\"item\":\"https:\/\/20097.ttandemdigital.com\/fr\/services\/\"},{\"@type\":\"ListItem\",\"position\":3,\"name\":\"ASSISTANCE TECHNIQUE MELER\",\"item\":\"https:\/\/20097.ttandemdigital.com\/fr\/services\/assistance-technique-meler\/\"},{\"@type\":\"ListItem\",\"position\":4,\"name\":\"Documentation\"}]},{\"@type\":\"WebSite\",\"@id\":\"https:\/\/www.meler.cn\/fr\/#website\",\"url\":\"https:\/\/www.meler.cn\/fr\/\",\"name\":\"Meler\",\"description\":\"Just another WordPress site\",\"potentialAction\":[{\"@type\":\"SearchAction\",\"target\":{\"@type\":\"EntryPoint\",\"urlTemplate\":\"https:\/\/www.meler.cn\/fr\/?s={search_term_string}\"},\"query-input\":\"required name=search_term_string\"}],\"inLanguage\":\"fr-FR\"}]}<\/script>\n<!-- \/ Yoast SEO plugin. -->","yoast_head_json":{"title":"Manuels et documentation des produits actuels de Meler - Meler","description":"T\u00e9l\u00e9chargez les manuels et la documentation de la gamme de produits Meler.","robots":{"index":"index","follow":"follow","max-snippet":"max-snippet:-1","max-image-preview":"max-image-preview:large","max-video-preview":"max-video-preview:-1"},"canonical":"https:\/\/www.meler.cn\/fr\/services\/assistance-technique-meler\/documentacion-inicio\/","og_locale":"fr_FR","og_type":"article","og_title":"Manuels et documentation des produits actuels de Meler - Meler","og_description":"T\u00e9l\u00e9chargez les manuels et la documentation de la gamme de produits Meler.","og_url":"https:\/\/www.meler.cn\/fr\/services\/assistance-technique-meler\/documentacion-inicio\/","og_site_name":"Meler","article_modified_time":"2025-02-21T07:32:58+00:00","og_image":[{"width":1920,"height":780,"url":"https:\/\/www.meler.cn\/media\/header-servicios-documentacion.png","type":"image\/png"}],"twitter_card":"summary_large_image","twitter_misc":{"Dur\u00e9e de lecture estim\u00e9e":"1 minute"},"schema":{"@context":"https:\/\/schema.org","@graph":[{"@type":"WebPage","@id":"https:\/\/www.meler.cn\/fr\/services\/assistance-technique-meler\/documentacion-inicio\/","url":"https:\/\/www.meler.cn\/fr\/services\/assistance-technique-meler\/documentacion-inicio\/","name":"Manuels et documentation des produits actuels de Meler - Meler","isPartOf":{"@id":"https:\/\/www.meler.cn\/fr\/#website"},"datePublished":"2023-02-01T15:08:00+00:00","dateModified":"2025-02-21T07:32:58+00:00","description":"T\u00e9l\u00e9chargez les manuels et la documentation de la gamme de produits Meler.","breadcrumb":{"@id":"https:\/\/www.meler.cn\/fr\/services\/assistance-technique-meler\/documentacion-inicio\/#breadcrumb"},"inLanguage":"fr-FR","potentialAction":[{"@type":"ReadAction","target":["https:\/\/www.meler.cn\/fr\/services\/assistance-technique-meler\/documentacion-inicio\/"]}]},{"@type":"BreadcrumbList","@id":"https:\/\/www.meler.cn\/fr\/services\/assistance-technique-meler\/documentacion-inicio\/#breadcrumb","itemListElement":[{"@type":"ListItem","position":1,"name":"Portada","item":"https:\/\/www.meler.cn\/fr\/"},{"@type":"ListItem","position":2,"name":"Services","item":"https:\/\/20097.ttandemdigital.com\/fr\/services\/"},{"@type":"ListItem","position":3,"name":"ASSISTANCE TECHNIQUE MELER","item":"https:\/\/20097.ttandemdigital.com\/fr\/services\/assistance-technique-meler\/"},{"@type":"ListItem","position":4,"name":"Documentation"}]},{"@type":"WebSite","@id":"https:\/\/www.meler.cn\/fr\/#website","url":"https:\/\/www.meler.cn\/fr\/","name":"Meler","description":"Just another WordPress site","potentialAction":[{"@type":"SearchAction","target":{"@type":"EntryPoint","urlTemplate":"https:\/\/www.meler.cn\/fr\/?s={search_term_string}"},"query-input":"required name=search_term_string"}],"inLanguage":"fr-FR"}]}},"_links":{"self":[{"href":"https:\/\/www.meler.cn\/fr\/wp-json\/wp\/v2\/pages\/24562"}],"collection":[{"href":"https:\/\/www.meler.cn\/fr\/wp-json\/wp\/v2\/pages"}],"about":[{"href":"https:\/\/www.meler.cn\/fr\/wp-json\/wp\/v2\/types\/page"}],"author":[{"embeddable":true,"href":"https:\/\/www.meler.cn\/fr\/wp-json\/wp\/v2\/users\/1"}],"replies":[{"embeddable":true,"href":"https:\/\/www.meler.cn\/fr\/wp-json\/wp\/v2\/comments?post=24562"}],"version-history":[{"count":9,"href":"https:\/\/www.meler.cn\/fr\/wp-json\/wp\/v2\/pages\/24562\/revisions"}],"predecessor-version":[{"id":35732,"href":"https:\/\/www.meler.cn\/fr\/wp-json\/wp\/v2\/pages\/24562\/revisions\/35732"}],"up":[{"embeddable":true,"href":"https:\/\/www.meler.cn\/fr\/wp-json\/wp\/v2\/pages\/33562"}],"wp:featuredmedia":[{"embeddable":true,"href":"https:\/\/www.meler.cn\/fr\/wp-json\/wp\/v2\/media\/20109"}],"wp:attachment":[{"href":"https:\/\/www.meler.cn\/fr\/wp-json\/wp\/v2\/media?parent=24562"}],"curies":[{"name":"wp","href":"https:\/\/api.w.org\/{rel}","templated":true}]}}