




















{"id":24393,"date":"2022-12-29T15:33:33","date_gmt":"2022-12-29T15:33:33","guid":{"rendered":"https:\/\/www.meler.eu\/contacto\/"},"modified":"2025-02-21T09:41:12","modified_gmt":"2025-02-21T09:41:12","slug":"contact","status":"publish","type":"page","link":"https:\/\/www.meler.cn\/fr\/contact\/","title":{"rendered":"Contact"},"content":{"rendered":"<p>[vc_row row_spacing=\u00a0\u00bbtop-spacing bottom-spacing\u00a0\u00bb row_spacing_h=\u00a0\u00bbspacing-h-0&Prime;][vc_column width=\u00a0\u00bb1\/1&Prime;][vc_row_inner][vc_column_inner width=\u00a0\u00bb1\/2&Prime; equal_height=\u00a0\u00bbequalBox\u00a0\u00bb][single_image image=\u00a0\u00bb30582&Prime; image_spacing=\u00a0\u00bbspacing-v-none\u00a0\u00bb][\/vc_column_inner][vc_column_inner el_class=\u00a0\u00bbleft-spacing\u00a0\u00bb width=\u00a0\u00bb1\/2&Prime;][text]<\/p>\n<p class=\"summary\">Meler<br \/>\nGluing Solutions<\/p>\n<p class=\"data\"><strong>ADRESSE<\/strong><br \/>\nPol. Arazuri-Orkoien, c\/B, n\u00ba3 A, E-31170 Arazuri (Navarre)<\/p>\n<p class=\"data\"><strong>T\u00c9L\u00c9PHONE<\/strong><br \/>\n(00 34) 948 35 11 10<\/p>\n<p class=\"data\"><strong>HORAIRE<\/strong><br \/>\nLundi \u00e0 jeudi 8:00-17:00 \u00b7 Vendredi 8:00-15:00<br \/>\nJuillet et Ao\u00fbt \u00b7 Lundi \u00e0 vendredi 7:00-15:00<\/p>\n<p class=\"data\"><strong>PROVINCE<\/strong><br \/>\nNavarre (Espagne)<\/p>\n<p>[\/text][\/vc_column_inner][\/vc_row_inner][\/vc_column][\/vc_row][vc_row row_layout=\u00a0\u00bbfull\u00a0\u00bb row_bg_color=\u00a0\u00bbbg-04&Prime; row_spacing=\u00a0\u00bbtop-spacing bottom-spacing\u00a0\u00bb][vc_column width=\u00a0\u00bb1\/1&Prime;][vc_row_inner][vc_column_inner width=\u00a0\u00bb1\/3&Prime;][location opened_box=\u00a0\u00bbyes\u00a0\u00bb label=\u00a0\u00bbFOCKE MELER FRANCE s.a.r.l\u00a0\u00bb]14 RUE LAVOISIER<br \/>\nIngr\u00e9 Orl\u00e9ans<br \/>\n45140<br \/>\nT\u00e9l\u00e9phone: (00 33) 160 050 303<br \/>\nFax: (00 33) 160 050 444<br \/>\nEmail: <a href=\"mailto:infofrance@meler.cn\">infofrance@meler.cn<\/a><br \/>\nWeb: <a href=\"https:\/\/www.meler.cn\/fr\/\">https:\/\/www.meler.cn\/fr\/<\/a><br \/>\nLocalisation: <a href=\"http:\/\/www.google.com\/maps\/place\/47.903069,1.849307\/@47.903069,1.849307,15z\" target=\"_blank\" rel=\"noopener\">Voir la carte<\/a>[\/location][\/vc_column_inner][vc_column_inner width=\u00a0\u00bb1\/3&Prime;][location label=\u00a0\u00bbFOCKE MELER GERMANY GmbH\u00a0\u00bb]Siemensring 44 j<br \/>\nWillich<br \/>\n47877<br \/>\n<span class=\"TextRun SCXW3446050 BCX0\" lang=\"FR-FR\" xml:lang=\"FR-FR\" data-contrast=\"none\"><span class=\"NormalTextRun SCXW3446050 BCX0\" data-ccp-parastyle=\"Normal (Web)\">T\u00e9l\u00e9phone\u202f : <\/span><\/span>+49 (0) 42318915799<br \/>\nEmail: <a href=\"mailto:infogermany@meler.cn\">infogermany@meler.cn<\/a><br \/>\nWeb: <a href=\"https:\/\/www.meler.cn\/de\/\">https:\/\/www.meler.cn\/de\/<\/a><br \/>\n<span class=\"TextRun SCXW3446050 BCX0\" lang=\"FR-FR\" xml:lang=\"FR-FR\" data-contrast=\"none\"><span class=\"NormalTextRun SCXW3446050 BCX0\" data-ccp-parastyle=\"Normal (Web)\">Localisation\u202f:<\/span><\/span> <a href=\"https:\/\/www.google.com\/maps\/place\/Siemensring+44J,+47877+Willich,+Germany\/@51.27089,6.51019,17z\/data=!3m1!4b1!4m6!3m5!1s0x47b8ae6801303e51:0x8cdee65705bd8abb!8m2!3d51.27089!4d6.51019!16s%2Fg%2F11c1_0rh8y?entry=ttu\" target=\"_blank\" rel=\"noopener\">Voir la carte<\/a>[\/location][\/vc_column_inner][vc_column_inner width=\u00a0\u00bb1\/3&Prime;][location label=\u00a0\u00bbFOCKE MELER ITALY S.R.L\u00a0\u00bb]Via dell\u2019Artigianato, 2<br \/>\nOzzano dell\u2019Emilia (Bologna)<br \/>\n40064<br \/>\n<span class=\"TextRun SCXW20597830 BCX0\" lang=\"FR-FR\" xml:lang=\"FR-FR\" data-contrast=\"none\"><span class=\"NormalTextRun SCXW20597830 BCX0\" data-ccp-parastyle=\"Normal (Web)\">T\u00e9l\u00e9phone <\/span><\/span>: (0039) 051 768459<br \/>\nFax: (0039) 051 767845<br \/>\nEmail: <a href=\"mailto:infoitaly@meler.cn\">infoitaly@meler.cn<\/a><br \/>\nWeb: <a href=\"https:\/\/www.meler.cn\/it\/\">https:\/\/www.meler.cn\/it\/<\/a><br \/>\nLocalisation: <a href=\"http:\/\/www.google.com\/maps\/place\/44.529919,11.411893\/@44.529919,11.411893,15z\" target=\"_blank\" rel=\"noopener\">Voir la carte<\/a>[\/location][\/vc_column_inner][\/vc_row_inner][vc_row_inner][vc_column_inner width=\u00a0\u00bb1\/3&Prime;][location label=\u00a0\u00bbFOCKE MELER ESPAGNE\u00a0\u00bb]Focke Meler Gluing Solutions, S.A<br \/>\nPol. Arazuri-Orkoien, c\/B, n\u00ba3 A<br \/>\nE-31170 Arazuri-Navarre-Espagne<br \/>\n<span class=\"TextRun SCXW160577908 BCX0\" lang=\"FR-FR\" xml:lang=\"FR-FR\" data-contrast=\"none\"><span class=\"NormalTextRun SCXW160577908 BCX0\" data-ccp-parastyle=\"Normal (Web)\">T\u00e9l\u00e9phone\u202f:<\/span><\/span>(00 34) 948 351 110<br \/>\nFax: (00 34) 948 351 130<br \/>\nEmail: <a href=\"mailto:info@meler.cn\">info@meler.cn<\/a><br \/>\nWeb: <a href=\"https:\/\/www.meler.cn\/es\/\">https:\/\/www.meler.cn\/es\/<\/a><br \/>\nLocalisation : <a href=\"http:\/\/www.google.com\/maps\/place\/42.815589,-1.709212\/@42.815589,-1.709212z\" target=\"_blank\" rel=\"noopener\">Voir la carte<\/a>[\/location][\/vc_column_inner][vc_column_inner width=\u00a0\u00bb1\/3&Prime;][location label=\u00a0\u00bbFocke Meler UK\u00a0\u00bb]9, Boleyn Court<br \/>\nManor Park Runcorn<br \/>\nWA7 1SR<br \/>\nT\u00e9l\u00e9phone\u202f: (00 44) 0 3338 804 567<br \/>\nEmail: <a href=\"mailto:infouk@meler.cn\">infouk@meler.cn<\/a><br \/>\nWeb: <a href=\"https:\/\/www.meler.cn\/meleruk\/\">https:\/\/www.meler.cn\/meleruk\/<\/a><br \/>\nLocalisation: <a href=\"http:\/\/www.google.com\/maps\/place\/53.414963,-2.611242\/@53.414963,-2.611242,15z\" target=\"_blank\" rel=\"noopener\">Voir la carte<\/a>[\/location][\/vc_column_inner][vc_column_inner width=\u00a0\u00bb1\/3&Prime;][location label=\u00a0\u00bbMeler USA Corporation\u00a0\u00bb]4623 Dwight Evans Rd.<br \/>\nCharlotte (NC)<br \/>\n28217<br \/>\nT\u00e9l\u00e9phone : (001) 980 556 7990<br \/>\nFax: (001) 980 224 7967<br \/>\nEmail: <a href=\"mailto:infousa@meler.cn\">infousa@meler.cn<\/a><br \/>\nLocalisation : <a href=\"http:\/\/www.google.com\/maps\/place\/35.190319,-80.896606\/@35.190319,-80.896606,15z\" target=\"_blank\" rel=\"noopener\">Voir la carte<\/a>[\/location][\/vc_column_inner][\/vc_row_inner][\/vc_column][\/vc_row][vc_row row_layout=\u00a0\u00bbfull\u00a0\u00bb bg_image_position=\u00a0\u00bb50% 0&Prime; bg_parallax=\u00a0\u00bbyes\u00a0\u00bb row_spacing=\u00a0\u00bbtop-spacing bottom-spacing\u00a0\u00bb bg_image=\u00a0\u00bb30600&Prime;][vc_column width=\u00a0\u00bb1\/1&Prime;][vc_row_inner][vc_column_inner][pardot pardot_url=\u00a0\u00bbhttps:\/\/marketing.meler.eu\/l\/945933\/2022-05-25\/9x57k\u00a0\u00bb pardot_description=\u00a0\u00bb<strong>CONTACT<\/strong>\u00ab\u00a0][\/vc_column_inner][\/vc_row_inner][\/vc_column][\/vc_row][vc_row row_layout=\u00a0\u00bbfull\u00a0\u00bb row_spacing=\u00a0\u00bbspacing-v-none\u00a0\u00bb][vc_column width=\u00a0\u00bb1\/1&Prime;][CtaModule cta_item=\u00a0\u00bb31234&Prime;][\/vc_column][\/vc_row]<\/p>\n","protected":false},"excerpt":{"rendered":"<p>[vc_row row_spacing=\u00a0\u00bbtop-spacing bottom-spacing\u00a0\u00bb row_spacing_h=\u00a0\u00bbspacing-h-0&Prime;][vc_column width=\u00a0\u00bb1\/1&Prime;][vc_row_inner][vc_column_inner width=\u00a0\u00bb1\/2&Prime; equal_height=\u00a0\u00bbequalBox\u00a0\u00bb][single_image image=\u00a0\u00bb30582&Prime; image_spacing=\u00a0\u00bbspacing-v-none\u00a0\u00bb][\/vc_column_inner][vc_column_inner el_class=\u00a0\u00bbleft-spacing\u00a0\u00bb width=\u00a0\u00bb1\/2&Prime;][text] Meler Gluing Solutions ADRESSE Pol. Arazuri-Orkoien, c\/B, n\u00ba3 A, E-31170 Arazuri (Navarre) T\u00c9L\u00c9PHONE (00 34) 948 35 11 10 HORAIRE Lundi \u00e0 jeudi 8:00-17:00 \u00b7 Vendredi 8:00-15:00 Juillet et Ao\u00fbt \u00b7 Lundi \u00e0 vendredi 7:00-15:00 PROVINCE Navarre (Espagne) [\/text][\/vc_column_inner][\/vc_row_inner][\/vc_column][\/vc_row][vc_row row_layout=\u00a0\u00bbfull\u00a0\u00bb row_bg_color=\u00a0\u00bbbg-04&Prime; row_spacing=\u00a0\u00bbtop-spacing bottom-spacing\u00a0\u00bb][vc_column width=\u00a0\u00bb1\/1&Prime;][vc_row_inner][vc_column_inner [&hellip;]<\/p>\n","protected":false},"author":1,"featured_media":14111,"parent":0,"menu_order":265,"comment_status":"closed","ping_status":"closed","template":"","meta":[],"yoast_head":"<!-- This site is optimized with the Yoast SEO plugin v20.3 - https:\/\/yoast.com\/wordpress\/plugins\/seo\/ -->\n<title>Nous contacter - Meler<\/title>\n<meta name=\"description\" content=\"Vous avez des questions ? Contactez-nous et envoyez-nous vos commentaires et suggestions.\" \/>\n<meta name=\"robots\" content=\"index, follow, max-snippet:-1, max-image-preview:large, max-video-preview:-1\" \/>\n<link rel=\"canonical\" href=\"https:\/\/www.meler.cn\/fr\/contact\/\" \/>\n<meta property=\"og:locale\" content=\"fr_FR\" \/>\n<meta property=\"og:type\" content=\"article\" \/>\n<meta property=\"og:title\" content=\"Nous contacter - Meler\" \/>\n<meta property=\"og:description\" content=\"Vous avez des questions ? Contactez-nous et envoyez-nous vos commentaires et suggestions.\" \/>\n<meta property=\"og:url\" content=\"https:\/\/www.meler.cn\/fr\/contact\/\" \/>\n<meta property=\"og:site_name\" content=\"Meler\" \/>\n<meta property=\"article:modified_time\" content=\"2025-02-21T09:41:12+00:00\" \/>\n<meta property=\"og:image\" content=\"https:\/\/www.meler.cn\/media\/header-contacto-meler.png\" \/>\n\t<meta property=\"og:image:width\" content=\"1920\" \/>\n\t<meta property=\"og:image:height\" content=\"780\" \/>\n\t<meta property=\"og:image:type\" content=\"image\/jpeg\" \/>\n<meta name=\"twitter:card\" content=\"summary_large_image\" \/>\n<meta name=\"twitter:label1\" content=\"Dur\u00e9e de lecture estim\u00e9e\" \/>\n\t<meta name=\"twitter:data1\" content=\"2 minutes\" \/>\n<script type=\"application\/ld+json\" class=\"yoast-schema-graph\">{\"@context\":\"https:\/\/schema.org\",\"@graph\":[{\"@type\":\"WebPage\",\"@id\":\"https:\/\/www.meler.cn\/fr\/contact\/\",\"url\":\"https:\/\/www.meler.cn\/fr\/contact\/\",\"name\":\"Nous contacter - Meler\",\"isPartOf\":{\"@id\":\"https:\/\/www.meler.cn\/fr\/#website\"},\"datePublished\":\"2022-12-29T15:33:33+00:00\",\"dateModified\":\"2025-02-21T09:41:12+00:00\",\"description\":\"Vous avez des questions ? Contactez-nous et envoyez-nous vos commentaires et suggestions.\",\"breadcrumb\":{\"@id\":\"https:\/\/www.meler.cn\/fr\/contact\/#breadcrumb\"},\"inLanguage\":\"fr-FR\",\"potentialAction\":[{\"@type\":\"ReadAction\",\"target\":[\"https:\/\/www.meler.cn\/fr\/contact\/\"]}]},{\"@type\":\"BreadcrumbList\",\"@id\":\"https:\/\/www.meler.cn\/fr\/contact\/#breadcrumb\",\"itemListElement\":[{\"@type\":\"ListItem\",\"position\":1,\"name\":\"Portada\",\"item\":\"https:\/\/www.meler.cn\/fr\/\"},{\"@type\":\"ListItem\",\"position\":2,\"name\":\"Contact\"}]},{\"@type\":\"WebSite\",\"@id\":\"https:\/\/www.meler.cn\/fr\/#website\",\"url\":\"https:\/\/www.meler.cn\/fr\/\",\"name\":\"Meler\",\"description\":\"Just another WordPress site\",\"potentialAction\":[{\"@type\":\"SearchAction\",\"target\":{\"@type\":\"EntryPoint\",\"urlTemplate\":\"https:\/\/www.meler.cn\/fr\/?s={search_term_string}\"},\"query-input\":\"required name=search_term_string\"}],\"inLanguage\":\"fr-FR\"}]}<\/script>\n<!-- \/ Yoast SEO plugin. -->","yoast_head_json":{"title":"Nous contacter - Meler","description":"Vous avez des questions ? Contactez-nous et envoyez-nous vos commentaires et suggestions.","robots":{"index":"index","follow":"follow","max-snippet":"max-snippet:-1","max-image-preview":"max-image-preview:large","max-video-preview":"max-video-preview:-1"},"canonical":"https:\/\/www.meler.cn\/fr\/contact\/","og_locale":"fr_FR","og_type":"article","og_title":"Nous contacter - Meler","og_description":"Vous avez des questions ? Contactez-nous et envoyez-nous vos commentaires et suggestions.","og_url":"https:\/\/www.meler.cn\/fr\/contact\/","og_site_name":"Meler","article_modified_time":"2025-02-21T09:41:12+00:00","og_image":[{"width":1920,"height":780,"url":"https:\/\/www.meler.cn\/media\/header-contacto-meler.png","type":"image\/jpeg"}],"twitter_card":"summary_large_image","twitter_misc":{"Dur\u00e9e de lecture estim\u00e9e":"2 minutes"},"schema":{"@context":"https:\/\/schema.org","@graph":[{"@type":"WebPage","@id":"https:\/\/www.meler.cn\/fr\/contact\/","url":"https:\/\/www.meler.cn\/fr\/contact\/","name":"Nous contacter - Meler","isPartOf":{"@id":"https:\/\/www.meler.cn\/fr\/#website"},"datePublished":"2022-12-29T15:33:33+00:00","dateModified":"2025-02-21T09:41:12+00:00","description":"Vous avez des questions ? Contactez-nous et envoyez-nous vos commentaires et suggestions.","breadcrumb":{"@id":"https:\/\/www.meler.cn\/fr\/contact\/#breadcrumb"},"inLanguage":"fr-FR","potentialAction":[{"@type":"ReadAction","target":["https:\/\/www.meler.cn\/fr\/contact\/"]}]},{"@type":"BreadcrumbList","@id":"https:\/\/www.meler.cn\/fr\/contact\/#breadcrumb","itemListElement":[{"@type":"ListItem","position":1,"name":"Portada","item":"https:\/\/www.meler.cn\/fr\/"},{"@type":"ListItem","position":2,"name":"Contact"}]},{"@type":"WebSite","@id":"https:\/\/www.meler.cn\/fr\/#website","url":"https:\/\/www.meler.cn\/fr\/","name":"Meler","description":"Just another WordPress site","potentialAction":[{"@type":"SearchAction","target":{"@type":"EntryPoint","urlTemplate":"https:\/\/www.meler.cn\/fr\/?s={search_term_string}"},"query-input":"required name=search_term_string"}],"inLanguage":"fr-FR"}]}},"_links":{"self":[{"href":"https:\/\/www.meler.cn\/fr\/wp-json\/wp\/v2\/pages\/24393"}],"collection":[{"href":"https:\/\/www.meler.cn\/fr\/wp-json\/wp\/v2\/pages"}],"about":[{"href":"https:\/\/www.meler.cn\/fr\/wp-json\/wp\/v2\/types\/page"}],"author":[{"embeddable":true,"href":"https:\/\/www.meler.cn\/fr\/wp-json\/wp\/v2\/users\/1"}],"replies":[{"embeddable":true,"href":"https:\/\/www.meler.cn\/fr\/wp-json\/wp\/v2\/comments?post=24393"}],"version-history":[{"count":23,"href":"https:\/\/www.meler.cn\/fr\/wp-json\/wp\/v2\/pages\/24393\/revisions"}],"predecessor-version":[{"id":35738,"href":"https:\/\/www.meler.cn\/fr\/wp-json\/wp\/v2\/pages\/24393\/revisions\/35738"}],"wp:featuredmedia":[{"embeddable":true,"href":"https:\/\/www.meler.cn\/fr\/wp-json\/wp\/v2\/media\/14111"}],"wp:attachment":[{"href":"https:\/\/www.meler.cn\/fr\/wp-json\/wp\/v2\/media?parent=24393"}],"curies":[{"name":"wp","href":"https:\/\/api.w.org\/{rel}","templated":true}]}}