




















{"id":24084,"date":"2022-11-28T14:58:46","date_gmt":"2022-11-28T14:58:46","guid":{"rendered":"https:\/\/www.meler.eu\/tecnologia-foam\/"},"modified":"2025-01-28T12:45:14","modified_gmt":"2025-01-28T12:45:14","slug":"technologie-foam","status":"publish","type":"page","link":"https:\/\/www.meler.cn\/fr\/services\/technologie-foam\/","title":{"rendered":"Technologie Foam"},"content":{"rendered":"<p>[vc_row bg_image_position=\u00a0\u00bb0 100%\u00a0\u00bb row_vertical_align=\u00a0\u00bbvalign-middle\u00a0\u00bb el_class=\u00a0\u00bbreverse-column-mobile\u00a0\u00bb][vc_column row_spacing_h=\u00a0\u00bbleft-spacing\u00a0\u00bb width=\u00a0\u00bb1\/1&Prime;][text]<\/p>\n<h2 class=\"txt-center style-01\"><strong>La magie d&rsquo;obtenir plus de r\u00e9sultats de la mani\u00e8re la plus simple qui soit<\/strong><\/h2>\n<p>[\/text][\/vc_column][\/vc_row][vc_row row_vertical_align=\u00a0\u00bbvalign-middle\u00a0\u00bb el_class=\u00a0\u00bbreverse-column-mobile\u00a0\u00bb][vc_column width=\u00a0\u00bb1\/2&Prime;][single_image image=\u00a0\u00bb34435&Prime;][\/vc_column][vc_column row_spacing_h=\u00a0\u00bbleft-spacing\u00a0\u00bb width=\u00a0\u00bb1\/2&Prime;][text]<\/p>\n<p class=\"summary\">La mousse en toute simplicit\u00e9<\/p>\n<p>La technologie Foam de Meler est n\u00e9e de l&rsquo;engagement de concevoir et de fabriquer des solutions selon des crit\u00e8res de durabilit\u00e9 et d&rsquo;optimisation des ressources. Ces principes font de cette technologie le syst\u00e8me d&rsquo;application le plus facile \u00e0 utiliser et \u00e0 entretenir du march\u00e9.[\/text][\/vc_column][\/vc_row][vc_row row_vertical_align=\u00a0\u00bbvalign-middle\u00a0\u00bb el_class=\u00a0\u00bbreverse-column-mobile\u00a0\u00bb][vc_column row_spacing_h=\u00a0\u00bbright-spacing\u00a0\u00bb width=\u00a0\u00bb1\/2&Prime;][text]<\/p>\n<p class=\"summary\">Obtenir plus en ayant moins besoin<\/p>\n<p>La technologie Foam de Meler promet une r\u00e9duction de la consommation de colle allant jusqu&rsquo;\u00e0 50 %, offrant une performance optimis\u00e9e avec une qualit\u00e9 de mousse \u00e9lev\u00e9e et une am\u00e9lioration substantielle de l&rsquo;efficacit\u00e9 \u00e9nerg\u00e9tique.[\/text][\/vc_column][vc_column width=\u00a0\u00bb1\/2&Prime;][single_image image=\u00a0\u00bb34604&Prime;][\/vc_column][\/vc_row][vc_row bg_image_position=\u00a0\u00bb0 100%\u00a0\u00bb row_vertical_align=\u00a0\u00bbvalign-middle\u00a0\u00bb el_class=\u00a0\u00bbreverse-column-mobile\u00a0\u00bb][vc_column row_spacing_h=\u00a0\u00bbleft-spacing\u00a0\u00bb width=\u00a0\u00bb1\/1&Prime;][text]<\/p>\n<h2 class=\"txt-center style-01\">Sp\u00e9cifications techniques<\/h2>\n<p>[\/text][\/vc_column][\/vc_row][vc_row bg_image_position=\u00a0\u00bb50% 0&Prime;][vc_column width=\u00a0\u00bb1\/1&Prime;][ttdirectory_products carousel_columns=\u00a0\u00bb4&Prime; style=\u00a0\u00bb1&Prime; position=\u00a0\u00bbposition_center\u00a0\u00bb][ttdirectory_product_manual title=\u00a0\u00bbPompe\u00a0\u00bb tt_product_grid_hover=\u00a0\u00bbLa pompe doit tourner \u00e0 une vitesse sup\u00e9rieure \u00e0 15-20<br \/>\nafin d&rsquo;assurer un bon m\u00e9lange des composants.\u00a0\u00bb tt_product_grid_img=\u00a0\u00bb34639&Prime;][ttdirectory_product_manual title=\u00a0\u00bbPression\u00a0\u00bb tt_product_grid_hover=\u00a0\u00bbLa pression du gaz doit \u00eatre aussi \u00e9lev\u00e9e que possible afin que les bulles soient mieux m\u00e9lang\u00e9es dans l&rsquo;adh\u00e9sif.\u00a0\u00bb tt_product_grid_img=\u00a0\u00bb34666&Prime;][ttdirectory_product_manual title=\u00a0\u00bbMode dual\u00a0\u00bb tt_product_grid_hover=\u00a0\u00bbMode dual : possibilit\u00e9 de travailler avec la pression ou le nombre de tours par minute\u00a0\u00bb tt_product_grid_img=\u00a0\u00bb34644&Prime;][\/ttdirectory_products][\/vc_column][\/vc_row][vc_row bg_image_position=\u00a0\u00bb0 100%\u00a0\u00bb row_vertical_align=\u00a0\u00bbvalign-middle\u00a0\u00bb el_class=\u00a0\u00bbreverse-column-mobile\u00a0\u00bb][vc_column row_spacing_h=\u00a0\u00bbleft-spacing\u00a0\u00bb width=\u00a0\u00bb1\/1&Prime;][text]<\/p>\n<h2 class=\"txt-center style-01\">Quelles sont les applications de la mousse ?<\/h2>\n<p>[\/text][\/vc_column][\/vc_row][vc_row row_spacing=\u00a0\u00bbtop-spacing bottom-spacing\u00a0\u00bb row_slide=\u00a0\u00bbyes\u00a0\u00bb el_class=\u00a0\u00bbbg-line\u00a0\u00bb][vc_column width=\u00a0\u00bb1\/1&Prime;][vc_row_inner el_class=\u00a0\u00bbreverse-column-mobile\u00a0\u00bb][vc_column_inner width=\u00a0\u00bb1\/2&Prime;][single_image image=\u00a0\u00bb16498&Prime;][\/vc_column_inner][vc_column_inner width=\u00a0\u00bb1\/2&Prime; row_spacing_h=\u00a0\u00bbleft-spacing\u00a0\u00bb][text]<\/p>\n<h2 class=\"style-02\">Automobile<\/h2>\n<p>La technologie de la mousse est pr\u00e9sente dans les lignes de fabrication robotis\u00e9es pour l&rsquo;assemblage de divers composants de v\u00e9hicules, tels que les panneaux de porte ou les tableaux de bord.[\/text][\/vc_column_inner][\/vc_row_inner][vc_row_inner el_class=\u00a0\u00bbreverse-column-mobile\u00a0\u00bb][vc_column_inner width=\u00a0\u00bb1\/2&Prime;][single_image image=\u00a0\u00bb16508&Prime;][\/vc_column_inner][vc_column_inner width=\u00a0\u00bb1\/2&Prime; row_spacing_h=\u00a0\u00bbleft-spacing\u00a0\u00bb][text]<\/p>\n<h2 class=\"style-02\">Ligne Blanche<\/h2>\n<p class=\"p1\">L&rsquo;application de mousse est l&rsquo;un des processus de production les plus importants dans les cha\u00eenes de fabrication du secteur de l&rsquo;\u00e9lectrom\u00e9nager dans le monde entier.<\/p>\n<p>[\/text][\/vc_column_inner][\/vc_row_inner][vc_row_inner el_class=\u00a0\u00bbreverse-column-mobile\u00a0\u00bb][vc_column_inner width=\u00a0\u00bb1\/2&Prime;][single_image image=\u00a0\u00bb34446&Prime;][\/vc_column_inner][vc_column_inner width=\u00a0\u00bb1\/2&Prime; row_spacing_h=\u00a0\u00bbleft-spacing\u00a0\u00bb][text]<\/p>\n<h2 class=\"style-02\">Filtres<\/h2>\n<p class=\"p1\">L&rsquo;application de mousse dans les filtres est tr\u00e8s courante. L&rsquo;objectif principal de ce type d&rsquo;application de mousse adh\u00e9sive est de r\u00e9duire l&rsquo;utilisation d&rsquo;adh\u00e9sif lors de la fabrication du filtre.<\/p>\n<p>[\/text][\/vc_column_inner][\/vc_row_inner][vc_row_inner el_class=\u00a0\u00bbreverse-column-mobile\u00a0\u00bb][vc_column_inner width=\u00a0\u00bb1\/2&Prime;][single_image image=\u00a0\u00bb34459&Prime;][\/vc_column_inner][vc_column_inner width=\u00a0\u00bb1\/2&Prime; row_spacing_h=\u00a0\u00bbleft-spacing\u00a0\u00bb][text]<\/p>\n<h2 class=\"style-02\">Matelas<\/h2>\n<p class=\"p1\">Les syst\u00e8mes innovants de Meler permettent un contr\u00f4le pr\u00e9cis de l&rsquo;application de la mousse adh\u00e9sive dans l&rsquo;industrie du matelas, tout en r\u00e9duisant l&rsquo;utilisation de colle sur les diff\u00e9rentes couches du matelas.<\/p>\n<p>[\/text][\/vc_column_inner][\/vc_row_inner][vc_row_inner el_class=\u00a0\u00bbreverse-column-mobile\u00a0\u00bb][vc_column_inner width=\u00a0\u00bb1\/2&Prime;][single_image image=\u00a0\u00bb34471&Prime;][\/vc_column_inner][vc_column_inner width=\u00a0\u00bb1\/2&Prime; row_spacing_h=\u00a0\u00bbleft-spacing\u00a0\u00bb][text]<\/p>\n<h2 class=\"style-02\">Packaging<\/h2>\n<p class=\"p1\">L&rsquo;application de la mousse dans l&rsquo;industrie de l&#8217;emballage permet une application pr\u00e9cise sur les bo\u00eetes de conserve, les bouteilles en plastique et les caisses agricoles afin d&rsquo;\u00e9viter un emballage suppl\u00e9mentaire et de r\u00e9duire la quantit\u00e9 d&rsquo;adh\u00e9sif.<\/p>\n<p>[\/text][\/vc_column_inner][\/vc_row_inner][\/vc_column][\/vc_row][vc_row row_layout=\u00a0\u00bbfull\u00a0\u00bb bg_image_position=\u00a0\u00bb50% 0&Prime; row_spacing=\u00a0\u00bbspacing-v-none\u00a0\u00bb][vc_column width=\u00a0\u00bb1\/1&Prime;][CtaModule cta_item=\u00a0\u00bb34779&Prime;][\/vc_column][\/vc_row][vc_row row_bg_color=\u00a0\u00bbbg-04&Prime; row_spacing=\u00a0\u00bbtop-spacing bottom-spacing\u00a0\u00bb][vc_column width=\u00a0\u00bb1\/1&Prime;][text]<\/p>\n<h2 class=\"txt-center\"><strong>AVANTAGES PRODUCTIFS DE LA MOUSSE<\/strong><\/h2>\n<p>[\/text][ttdirectory_icons carousel_columns=\u00a0\u00bb3&Prime;][ttdirectory_icon title=\u00a0\u00bbR\u00e9duire la consommation de colle\u00a0\u00bb image=\u00a0\u00bb16553&Prime;][\/ttdirectory_icon][ttdirectory_icon title=\u00a0\u00bbMousse de la plus haute qualit\u00e9\u00a0\u00bb image=\u00a0\u00bb16558&Prime;][\/ttdirectory_icon][ttdirectory_icon title=\u00a0\u00bbAugmentation volum\u00e9trique\u00a0\u00bb image=\u00a0\u00bb16543&Prime;][\/ttdirectory_icon][ttdirectory_icon title=\u00a0\u00bbTemps de prise plus rapide\u00a0\u00bb image=\u00a0\u00bb34075&Prime;][\/ttdirectory_icon][ttdirectory_icon title=\u00a0\u00bbApplication verticale\u00a0\u00bb image=\u00a0\u00bb16568&Prime;][\/ttdirectory_icon][ttdirectory_icon title=\u00a0\u00bbAdh\u00e9sif PUR\u00a0\u00bb image=\u00a0\u00bb14050&Prime;][\/ttdirectory_icon][\/ttdirectory_icons][\/vc_column][\/vc_row][vc_row row_layout=\u00a0\u00bbfull\u00a0\u00bb row_spacing=\u00a0\u00bbtop-spacing bottom-spacing-0&Prime;][vc_column width=\u00a0\u00bb1\/1&Prime;][ttdirectory_gallery carousel_columns=\u00a0\u00bb4&Prime; gallery_type=\u00a0\u00bbstyle-01&Prime; gallery_carousel=\u00a0\u00bbslide\u00a0\u00bb][single_image image=\u00a0\u00bb16518&Prime;][single_image image=\u00a0\u00bb16523&Prime;][single_image image=\u00a0\u00bb16528&Prime;][single_image image=\u00a0\u00bb16533&Prime;][\/ttdirectory_gallery][\/vc_column][\/vc_row][vc_row row_bg_color=\u00a0\u00bbbg-04&Prime; row_spacing=\u00a0\u00bbtop-spacing bottom-spacing\u00a0\u00bb el_class=\u00a0\u00bbprueba\u00a0\u00bb][vc_column width=\u00a0\u00bb1\/1&Prime;][text]<\/p>\n<h2 class=\"txt-center style-0\">Notre \u00e9quipement sp\u00e9cialis\u00e9<br \/>\npour les mousses adh\u00e9sives<\/h2>\n<p>[\/text][vc_tta_tabs alignment=\u00a0\u00bbcenter\u00a0\u00bb active_section=\u00a0\u00bb1&Prime;][vc_tta_section title=\u00a0\u00bbUnit\u00e9s de fusion\u00a0\u00bb tab_id=\u00a0\u00bb1669110706745-fc45a3eb-9b01&Prime;][ttdirectory_products carousel_columns=\u00a0\u00bb4&Prime; style=\u00a0\u00bb1&Prime;][ttdirectory_product_melters post_melter=\u00a0\u00bb14850&Prime;][ttdirectory_product_melters post_melter=\u00a0\u00bb14851&Prime;][ttdirectory_product_melters post_melter=\u00a0\u00bb14852&Prime;][ttdirectory_product_melters post_melter=\u00a0\u00bb14853&Prime;][\/ttdirectory_products][\/vc_tta_section][vc_tta_section title=\u00a0\u00bbApplicateurs\u00a0\u00bb tab_id=\u00a0\u00bb1669111097506-b85f473d-ec34&Prime;][ttdirectory_products carousel_columns=\u00a0\u00bb4&Prime; style=\u00a0\u00bb1&Prime;][ttdirectory_product_applicators post_applicator=\u00a0\u00bb15431&Prime;][ttdirectory_product_applicators post_applicator=\u00a0\u00bb15435&Prime;][ttdirectory_product_applicators post_applicator=\u00a0\u00bb15438&Prime;][\/ttdirectory_products][\/vc_tta_section][vc_tta_section title=\u00a0\u00bbArion Tuyaux\u00a0\u00bb tab_id=\u00a0\u00bb1669648013919-2ea024b1-25b8&Prime;][ttdirectory_products carousel_columns=\u00a0\u00bb4&Prime; style=\u00a0\u00bb1&Prime;][ttdirectory_product_hoses post_hoses=\u00a0\u00bb33919&Prime;][\/ttdirectory_products][\/vc_tta_section][\/vc_tta_tabs][\/vc_column][\/vc_row][vc_row][vc_column width=\u00a0\u00bb1\/1&Prime;][video_youtube video_image=\u00a0\u00bb28952&Prime; video_url=\u00a0\u00bbhttps:\/\/www.youtube.com\/watch?v=b9665EmgHJ0&Prime;][\/vc_column][\/vc_row][vc_row row_layout=\u00a0\u00bbfull\u00a0\u00bb bg_image_position=\u00a0\u00bb50% 0&Prime; row_spacing=\u00a0\u00bbspacing-v-none\u00a0\u00bb][vc_column width=\u00a0\u00bb1\/1&Prime;][CtaModule cta_item=\u00a0\u00bb21647&Prime;][\/vc_column][\/vc_row][vc_row row_layout=\u00a0\u00bbfull\u00a0\u00bb bg_image_position=\u00a0\u00bb50% 0&Prime; row_spacing=\u00a0\u00bbspacing-v-none\u00a0\u00bb][vc_column width=\u00a0\u00bb1\/1&Prime;][CtaModule cta_item=\u00a0\u00bb21643&Prime;][\/vc_column][\/vc_row]<\/p>\n","protected":false},"excerpt":{"rendered":"<p>[vc_row bg_image_position=\u00a0\u00bb0 100%\u00a0\u00bb row_vertical_align=\u00a0\u00bbvalign-middle\u00a0\u00bb el_class=\u00a0\u00bbreverse-column-mobile\u00a0\u00bb][vc_column row_spacing_h=\u00a0\u00bbleft-spacing\u00a0\u00bb width=\u00a0\u00bb1\/1&Prime;][text] La magie d&rsquo;obtenir plus de r\u00e9sultats de la mani\u00e8re la plus simple qui soit [\/text][\/vc_column][\/vc_row][vc_row row_vertical_align=\u00a0\u00bbvalign-middle\u00a0\u00bb el_class=\u00a0\u00bbreverse-column-mobile\u00a0\u00bb][vc_column width=\u00a0\u00bb1\/2&Prime;][single_image image=\u00a0\u00bb34435&Prime;][\/vc_column][vc_column row_spacing_h=\u00a0\u00bbleft-spacing\u00a0\u00bb width=\u00a0\u00bb1\/2&Prime;][text] La mousse en toute simplicit\u00e9 La technologie Foam de Meler est n\u00e9e de l&rsquo;engagement de concevoir et de fabriquer des solutions selon des crit\u00e8res de durabilit\u00e9 et [&hellip;]<\/p>\n","protected":false},"author":2,"featured_media":16495,"parent":26016,"menu_order":98,"comment_status":"closed","ping_status":"closed","template":"","meta":[],"yoast_head":"<!-- This site is optimized with the Yoast SEO plugin v20.3 - https:\/\/yoast.com\/wordpress\/plugins\/seo\/ -->\n<title>Technologie Foam - Meler<\/title>\n<meta name=\"description\" content=\"Meler s&#039;engage \u00e0 concevoir et \u00e0 produire des \u00e9quipements durables selon des crit\u00e8res de durabilit\u00e9 et garantissant l\u2019optimisation des ressources.\" \/>\n<meta name=\"robots\" content=\"index, follow, max-snippet:-1, max-image-preview:large, max-video-preview:-1\" \/>\n<link rel=\"canonical\" href=\"https:\/\/www.meler.cn\/fr\/services\/technologie-foam\/\" \/>\n<meta property=\"og:locale\" content=\"fr_FR\" \/>\n<meta property=\"og:type\" content=\"article\" \/>\n<meta property=\"og:title\" content=\"Technologie Foam - Meler\" \/>\n<meta property=\"og:description\" content=\"Meler s&#039;engage \u00e0 concevoir et \u00e0 produire des \u00e9quipements durables selon des crit\u00e8res de durabilit\u00e9 et garantissant l\u2019optimisation des ressources.\" \/>\n<meta property=\"og:url\" content=\"https:\/\/www.meler.cn\/fr\/services\/technologie-foam\/\" \/>\n<meta property=\"og:site_name\" content=\"Meler\" \/>\n<meta property=\"article:modified_time\" content=\"2025-01-28T12:45:14+00:00\" \/>\n<meta property=\"og:image\" content=\"https:\/\/20097.ttandemdigital.com\/media\/header-servicios-tec-foam-meler.png\" \/>\n\t<meta property=\"og:image:width\" content=\"1920\" \/>\n\t<meta property=\"og:image:height\" content=\"780\" \/>\n\t<meta property=\"og:image:type\" content=\"image\/png\" \/>\n<meta name=\"twitter:card\" content=\"summary_large_image\" \/>\n<meta name=\"twitter:label1\" content=\"Dur\u00e9e de lecture estim\u00e9e\" \/>\n\t<meta name=\"twitter:data1\" content=\"3 minutes\" \/>\n<script type=\"application\/ld+json\" class=\"yoast-schema-graph\">{\"@context\":\"https:\/\/schema.org\",\"@graph\":[{\"@type\":\"WebPage\",\"@id\":\"https:\/\/www.meler.cn\/fr\/services\/technologie-foam\/\",\"url\":\"https:\/\/www.meler.cn\/fr\/services\/technologie-foam\/\",\"name\":\"Technologie Foam - Meler\",\"isPartOf\":{\"@id\":\"https:\/\/www.meler.cn\/fr\/#website\"},\"datePublished\":\"2022-11-28T14:58:46+00:00\",\"dateModified\":\"2025-01-28T12:45:14+00:00\",\"description\":\"Meler s'engage \u00e0 concevoir et \u00e0 produire des \u00e9quipements durables selon des crit\u00e8res de durabilit\u00e9 et garantissant l\u2019optimisation des ressources.\",\"breadcrumb\":{\"@id\":\"https:\/\/www.meler.cn\/fr\/services\/technologie-foam\/#breadcrumb\"},\"inLanguage\":\"fr-FR\",\"potentialAction\":[{\"@type\":\"ReadAction\",\"target\":[\"https:\/\/www.meler.cn\/fr\/services\/technologie-foam\/\"]}]},{\"@type\":\"BreadcrumbList\",\"@id\":\"https:\/\/www.meler.cn\/fr\/services\/technologie-foam\/#breadcrumb\",\"itemListElement\":[{\"@type\":\"ListItem\",\"position\":1,\"name\":\"Portada\",\"item\":\"https:\/\/www.meler.cn\/fr\/\"},{\"@type\":\"ListItem\",\"position\":2,\"name\":\"Services\",\"item\":\"https:\/\/20097.ttandemdigital.com\/fr\/services\/\"},{\"@type\":\"ListItem\",\"position\":3,\"name\":\"Technologie Foam\"}]},{\"@type\":\"WebSite\",\"@id\":\"https:\/\/www.meler.cn\/fr\/#website\",\"url\":\"https:\/\/www.meler.cn\/fr\/\",\"name\":\"Meler\",\"description\":\"Just another WordPress site\",\"potentialAction\":[{\"@type\":\"SearchAction\",\"target\":{\"@type\":\"EntryPoint\",\"urlTemplate\":\"https:\/\/www.meler.cn\/fr\/?s={search_term_string}\"},\"query-input\":\"required name=search_term_string\"}],\"inLanguage\":\"fr-FR\"}]}<\/script>\n<!-- \/ Yoast SEO plugin. -->","yoast_head_json":{"title":"Technologie Foam - Meler","description":"Meler s'engage \u00e0 concevoir et \u00e0 produire des \u00e9quipements durables selon des crit\u00e8res de durabilit\u00e9 et garantissant l\u2019optimisation des ressources.","robots":{"index":"index","follow":"follow","max-snippet":"max-snippet:-1","max-image-preview":"max-image-preview:large","max-video-preview":"max-video-preview:-1"},"canonical":"https:\/\/www.meler.cn\/fr\/services\/technologie-foam\/","og_locale":"fr_FR","og_type":"article","og_title":"Technologie Foam - Meler","og_description":"Meler s'engage \u00e0 concevoir et \u00e0 produire des \u00e9quipements durables selon des crit\u00e8res de durabilit\u00e9 et garantissant l\u2019optimisation des ressources.","og_url":"https:\/\/www.meler.cn\/fr\/services\/technologie-foam\/","og_site_name":"Meler","article_modified_time":"2025-01-28T12:45:14+00:00","og_image":[{"width":1920,"height":780,"url":"https:\/\/20097.ttandemdigital.com\/media\/header-servicios-tec-foam-meler.png","type":"image\/png"}],"twitter_card":"summary_large_image","twitter_misc":{"Dur\u00e9e de lecture estim\u00e9e":"3 minutes"},"schema":{"@context":"https:\/\/schema.org","@graph":[{"@type":"WebPage","@id":"https:\/\/www.meler.cn\/fr\/services\/technologie-foam\/","url":"https:\/\/www.meler.cn\/fr\/services\/technologie-foam\/","name":"Technologie Foam - Meler","isPartOf":{"@id":"https:\/\/www.meler.cn\/fr\/#website"},"datePublished":"2022-11-28T14:58:46+00:00","dateModified":"2025-01-28T12:45:14+00:00","description":"Meler s'engage \u00e0 concevoir et \u00e0 produire des \u00e9quipements durables selon des crit\u00e8res de durabilit\u00e9 et garantissant l\u2019optimisation des ressources.","breadcrumb":{"@id":"https:\/\/www.meler.cn\/fr\/services\/technologie-foam\/#breadcrumb"},"inLanguage":"fr-FR","potentialAction":[{"@type":"ReadAction","target":["https:\/\/www.meler.cn\/fr\/services\/technologie-foam\/"]}]},{"@type":"BreadcrumbList","@id":"https:\/\/www.meler.cn\/fr\/services\/technologie-foam\/#breadcrumb","itemListElement":[{"@type":"ListItem","position":1,"name":"Portada","item":"https:\/\/www.meler.cn\/fr\/"},{"@type":"ListItem","position":2,"name":"Services","item":"https:\/\/20097.ttandemdigital.com\/fr\/services\/"},{"@type":"ListItem","position":3,"name":"Technologie Foam"}]},{"@type":"WebSite","@id":"https:\/\/www.meler.cn\/fr\/#website","url":"https:\/\/www.meler.cn\/fr\/","name":"Meler","description":"Just another WordPress site","potentialAction":[{"@type":"SearchAction","target":{"@type":"EntryPoint","urlTemplate":"https:\/\/www.meler.cn\/fr\/?s={search_term_string}"},"query-input":"required name=search_term_string"}],"inLanguage":"fr-FR"}]}},"_links":{"self":[{"href":"https:\/\/www.meler.cn\/fr\/wp-json\/wp\/v2\/pages\/24084"}],"collection":[{"href":"https:\/\/www.meler.cn\/fr\/wp-json\/wp\/v2\/pages"}],"about":[{"href":"https:\/\/www.meler.cn\/fr\/wp-json\/wp\/v2\/types\/page"}],"author":[{"embeddable":true,"href":"https:\/\/www.meler.cn\/fr\/wp-json\/wp\/v2\/users\/2"}],"replies":[{"embeddable":true,"href":"https:\/\/www.meler.cn\/fr\/wp-json\/wp\/v2\/comments?post=24084"}],"version-history":[{"count":44,"href":"https:\/\/www.meler.cn\/fr\/wp-json\/wp\/v2\/pages\/24084\/revisions"}],"predecessor-version":[{"id":34790,"href":"https:\/\/www.meler.cn\/fr\/wp-json\/wp\/v2\/pages\/24084\/revisions\/34790"}],"up":[{"embeddable":true,"href":"https:\/\/www.meler.cn\/fr\/wp-json\/wp\/v2\/pages\/26016"}],"wp:featuredmedia":[{"embeddable":true,"href":"https:\/\/www.meler.cn\/fr\/wp-json\/wp\/v2\/media\/16495"}],"wp:attachment":[{"href":"https:\/\/www.meler.cn\/fr\/wp-json\/wp\/v2\/media?parent=24084"}],"curies":[{"name":"wp","href":"https:\/\/api.w.org\/{rel}","templated":true}]}}