




















{"id":24075,"date":"2023-02-01T15:44:24","date_gmt":"2023-02-01T15:44:24","guid":{"rendered":"https:\/\/www.meler.eu\/meler-academy\/adhesivos-hot-melt\/"},"modified":"2025-01-30T10:16:52","modified_gmt":"2025-01-30T10:16:52","slug":"colles-thermofusibles","status":"publish","type":"page","link":"https:\/\/www.meler.cn\/fr\/services\/meler-academy\/colles-thermofusibles\/","title":{"rendered":"Colles thermofusibles"},"content":{"rendered":"<p>[vc_row][vc_column width=\u00a0\u00bb1\/1&Prime;][text]<\/p>\n<h2 class=\"txt-center style-01 txt-width\"><strong>Sp\u00e9cialistes dans l\u2019application de colle thermofusible<\/strong><\/h2>\n<p class=\"txt-width txt-center\">Nous fabriquons des \u00e9quipements industriels pour l\u2019application d\u2019adh\u00e9sifs themoplastiques (EVA, PSA, PA, PO) et d\u2019adh\u00e9sifs thermostables (PUR, POR).<\/p>\n<p>[\/text][\/vc_column][\/vc_row][vc_row][vc_column width=\u00a0\u00bb1\/1&Prime;][ttdirectory_icons carousel_columns=\u00a0\u00bb4&Prime;][ttdirectory_icon title=\u00a0\u00bbChauffage s\u00e9quentiel\u00a0\u00bb image=\u00a0\u00bb33765&Prime;][\/ttdirectory_icon][ttdirectory_icon title=\u00a0\u00bbHomog\u00e9n\u00e9it\u00e9 thermique\u00a0\u00bb image=\u00a0\u00bb33759&Prime;][\/ttdirectory_icon][ttdirectory_icon title=\u00a0\u00bbFusion efficace\u00a0\u00bb image=\u00a0\u00bb33770&Prime;][\/ttdirectory_icon][ttdirectory_icon title=\u00a0\u00bbFusion \u00e0 la demande\u00a0\u00bb image=\u00a0\u00bb33775&Prime;][\/ttdirectory_icon][\/ttdirectory_icons][\/vc_column][\/vc_row][vc_row row_vertical_align=\u00a0\u00bbvalign-middle\u00a0\u00bb el_class=\u00a0\u00bbbg-line-start reverse-column-mobile\u00a0\u00bb][vc_column width=\u00a0\u00bb1\/2&Prime;][text]<\/p>\n<p class=\"summary\">Avantages des colles thermofusibles<\/p>\n<ul class=\"style-03\">\n<li><strong>Hautes prestations: <\/strong> grande r\u00e9sistance m\u00e9canique, tol\u00e9rance face aux agressions chimiques, aux temp\u00e9ratures extr\u00eames, etc.<\/li>\n<li><strong>Productivit\u00e9: <\/strong> union instantan\u00e9e, sans s\u00e9chage ni durcissement, ce qui acc\u00e9l\u00e8re les temps de production.<\/li>\n<li><strong>Grande versatilit\u00e9:<\/strong> fonctionnement sur des surfaces poreuses et possibilit\u00e9 de r\u00e9utilisation.<\/li>\n<li><strong>Logistique simple: <\/strong>manipulation, stockage et transport simplifi\u00e9s.<\/li>\n<\/ul>\n<p>[\/text][\/vc_column][vc_column width=\u00a0\u00bb1\/2&Prime;][single_image image=\u00a0\u00bb20161&Prime;][\/vc_column][\/vc_row][vc_row row_vertical_align=\u00a0\u00bbvalign-middle\u00a0\u00bb el_class=\u00a0\u00bbbg-line-end\u00a0\u00bb][vc_column width=\u00a0\u00bb1\/2&Prime;][single_image image=\u00a0\u00bb20166&Prime;][\/vc_column][vc_column row_spacing_h=\u00a0\u00bbleft-spacing\u00a0\u00bb width=\u00a0\u00bb1\/2&Prime;][text]<\/p>\n<p class=\"summary\">Colles utilis\u00e9es dans chaque application<\/p>\n<p>Le <strong>temps d\u2019ouverture, le temps de fixation, la viscosit\u00e9 et la temp\u00e9rature de travail<\/strong> sont les variables qui d\u00e9terminent le type de colle \u00e0 utiliser pour chaque application.[\/text][\/vc_column][\/vc_row][vc_row][vc_column width=\u00a0\u00bb1\/1&Prime;][text]<\/p>\n<h2 class=\"txt-center style-0\"><strong>Types de colles<\/strong> Hot Melt<\/h2>\n<p>[\/text][vc_tta_tabs][vc_tta_section title=\u00a0\u00bbADH\u00c9SIFS THEMOPLASTIQUES\u00a0\u00bb tab_id=\u00a0\u00bb1719407237102-18e41c85-6450&Prime;][vc_row_inner row_spacing=\u00a0\u00bbbottom-spacing-med top-spacing-0&Prime;][vc_column_inner][text]<\/p>\n<h2 class=\"style-05\">ADH\u00c9SIFS THEMOPLASTIQUES<\/h2>\n<p>Ce sont des polym\u00e8res \u00e0 poids mol\u00e9culaire \u00e9lev\u00e9, d\u00e9formables \u00e0 haute temp\u00e9rature et qui durcissent en refroidissant. Ils peuvent \u00eatre refondus par application de chaleur, bien que les propri\u00e9t\u00e9s physiques du lien s\u2019en trouvent affaiblies (historique thermique). Voici une liste des colles en fonction des groupes de polym\u00e8res suivants.[\/text][\/vc_column_inner][\/vc_row_inner][vc_row_inner][vc_column_inner width=\u00a0\u00bb1\/2&Prime;][text]<\/p>\n<ul class=\"style-03\">\n<li><strong>EVA (Ethylene Vinyl Acetate):<\/strong> c\u2019est l\u2019un des polym\u00e8res de base les plus utilis\u00e9s dans l\u2019\u00e9laboration de colles. Facile \u00e0 traiter et grande flexibilit\u00e9, y compris \u00e0 basse temp\u00e9rature. Il est principalement utilis\u00e9 dans des secteurs comme l\u2019emballage ou l\u2019assemblage de produits. Non adapt\u00e9 \u00e0 une utilisation en ext\u00e9rieur.<\/li>\n<li><strong>M\u00e9talloc\u00e8nes: <\/strong>colles \u00e0 faible \u00e9mission de compos\u00e9s organiques volatils (COV) et haute stabilit\u00e9 thermique. Comme dans le cas des EVA, elles sont faciles \u00e0 traiter. Elles sont g\u00e9n\u00e9ralement utilis\u00e9es pour obtenir des caract\u00e9ristiques sp\u00e9ciales.<\/li>\n<li><strong>Autoadh\u00e9sifs (PSA): <\/strong>tack \u00e9lev\u00e9 (p\u00e9gosit\u00e9) malgr\u00e9 le changement de temp\u00e9rature. Utilisation habituelle pour des applications de colle sensible \u00e0 la pression.<\/li>\n<\/ul>\n<p>[\/text][\/vc_column_inner][vc_column_inner width=\u00a0\u00bb1\/2&Prime;][text]<\/p>\n<ul class=\"style-03\">\n<li><strong>Polyamide (PA):\u00a0<\/strong>bonne r\u00e9sistance aux produits chimiques. Cependant, la temp\u00e9rature de traitement est tr\u00e8s \u00e9lev\u00e9e (160 \u00e0 200 \u00baC). Indiqu\u00e9e pour le collage de substrats tels que m\u00e9tal, bois, textiles ou pour les isolations \u00e9lectriques.<\/li>\n<li><strong>Polyol\u00e9fine (APO\/APAO):\u00a0<\/strong>non adapt\u00e9e \u00e0 une utilisation en ext\u00e9rieur, mais elle poss\u00e8de une meilleure r\u00e9sistance thermique que l\u2019EVA (temp\u00e9rature de r\u00e9activation : 115 \u00e0 130 \u00baC) et un temps d\u2019ouverture plus \u00e9lev\u00e9. La complexit\u00e9 de son traitement conduit \u00e0 utiliser des syst\u00e8mes d\u2019application similaires \u00e0 ceux des colles r\u00e9actives. Tr\u00e8s utilis\u00e9e dans l\u2019assemblage de produits.<\/li>\n<\/ul>\n<p>[\/text][\/vc_column_inner][\/vc_row_inner][vc_row_inner row_spacing=\u00a0\u00bbspacing-v-none\u00a0\u00bb][vc_column_inner][single_image image=\u00a0\u00bb30699&Prime;][\/vc_column_inner][\/vc_row_inner][\/vc_tta_section][vc_tta_section title=\u00a0\u00bbCOLLES THERMOSTABLES\u00a0\u00bb tab_id=\u00a0\u00bb1719407237151-d988bd5a-3752&Prime;][vc_row_inner][vc_column_inner][text]<\/p>\n<h2 class=\"style-05\">COLLES THERMOSTABLES<\/h2>\n<p>Ce sont des colles qui doivent leur pouvoir adh\u00e9sif \u00e0 la polym\u00e9risation, \u00e0 des r\u00e9actions activ\u00e9es par la chaleur ou par des catalyseurs, comme l\u2019humidit\u00e9 ou les rayons UV. Elles sont utilis\u00e9es pour fabriquer des produits exigeant une grande r\u00e9sistance \u00e0 la temp\u00e9rature et \u00e0 l\u2019humidit\u00e9. Elles ont une grande capacit\u00e9 de coh\u00e9sion, mais une fois solidifi\u00e9es, le processus est irr\u00e9versible.<\/p>\n<ul class=\"style-03\">\n<li><strong>Polyur\u00e9thane (PUR):\u00a0<\/strong>ce sont des colles \u00e0 grande r\u00e9sistance m\u00e9canique et tr\u00e8s polyvalentes. Elles sont caract\u00e9ris\u00e9es par un temps d\u2019ouverture long qui facilite les processus de production. Elles sont r\u00e9sistantes \u00e0 la chaleur et sont utilis\u00e9es en int\u00e9rieur comme en ext\u00e9rieur. Elles sont utilis\u00e9es dans l\u2019ing\u00e9nierie de produits en plastique, l\u2019assemblage en automobile, le bois, la reliure, etc.<\/li>\n<li><strong>Polyol\u00e9fines r\u00e9actives (POR):\u00a0<\/strong>bonne adh\u00e9sion sur mat\u00e9riaux non poreux tels que le propyl\u00e8ne (PP), sans n\u00e9cessit\u00e9 de traitement pr\u00e9alable.<\/li>\n<\/ul>\n<p><img decoding=\"async\" loading=\"lazy\" class=\"alignnone size-medium wp-image-31332\" src=\"https:\/\/www.meler.cn\/media\/adhesive-termoestable-meler-624x112.png\" alt=\"\" width=\"624\" height=\"112\" srcset=\"https:\/\/www.meler.cn\/media\/adhesive-termoestable-meler-624x112.png 624w, https:\/\/www.meler.cn\/media\/adhesive-termoestable-meler-768x138.png 768w, https:\/\/www.meler.cn\/media\/adhesive-termoestable-meler.png 1280w\" sizes=\"(max-width: 624px) 100vw, 624px\" \/>[\/text][\/vc_column_inner][\/vc_row_inner][\/vc_tta_section][\/vc_tta_tabs][\/vc_column][\/vc_row][vc_row row_layout=\u00a0\u00bbfull\u00a0\u00bb][vc_column width=\u00a0\u00bb1\/1&Prime;][CtaModule cta_item=\u00a0\u00bb31341&Prime;][\/vc_column][\/vc_row][vc_row][vc_column width=\u00a0\u00bb1\/1&Prime;][text]<\/p>\n<h2 class=\"txt-center\"><strong>Nos \u00e9quipements<\/strong>selon leur format de pr\u00e9sentation<\/h2>\n<p>[\/text][vc_tta_tabs][vc_tta_section title=\u00a0\u00bbGRANUL\u00c9S\u00a0\u00bb tab_id=\u00a0\u00bb1719396863141-5b5c87e3-47b4&Prime;][ttdirectory_products carousel_columns=\u00a0\u00bb4&Prime; style=\u00a0\u00bb1&Prime;][ttdirectory_product_melters post_melter=\u00a0\u00bb23780&Prime;][ttdirectory_product_melters post_melter=\u00a0\u00bb22696&Prime;][ttdirectory_product_melters post_melter=\u00a0\u00bb23733&Prime;][ttdirectory_product_melters post_melter=\u00a0\u00bb26643&Prime;][ttdirectory_product_melters post_melter=\u00a0\u00bb24552&Prime;][ttdirectory_product_melters post_melter=\u00a0\u00bb32402&Prime;][\/ttdirectory_products][\/vc_tta_section][vc_tta_section title=\u00a0\u00bbBLOCS DE 2 KG\u00a0\u00bb tab_id=\u00a0\u00bb1719396863152-344a48f7-341d\u00a0\u00bb][ttdirectory_products carousel_columns=\u00a0\u00bb4&Prime; style=\u00a0\u00bb1&Prime;][ttdirectory_product_melters post_melter=\u00a0\u00bb26103&Prime;][ttdirectory_product_melters post_melter=\u00a0\u00bb26108&Prime;][ttdirectory_product_melters post_melter=\u00a0\u00bb26113&Prime;][\/ttdirectory_products][\/vc_tta_section][vc_tta_section title=\u00a0\u00bbBLOCS DE 20 KG\u00a0\u00bb tab_id=\u00a0\u00bb1719396977686-141249db-31df\u00a0\u00bb][ttdirectory_products carousel_columns=\u00a0\u00bb4&Prime; style=\u00a0\u00bb1&Prime;][ttdirectory_product_melters post_melter=\u00a0\u00bb24854&Prime;][ttdirectory_product_melters post_melter=\u00a0\u00bb26118&Prime;][\/ttdirectory_products][\/vc_tta_section][vc_tta_section title=\u00a0\u00bbBLOCS DE 200 KG\u00a0\u00bb tab_id=\u00a0\u00bb1719396996197-21bbb1bd-deab\u00a0\u00bb][ttdirectory_products carousel_columns=\u00a0\u00bb4&Prime; style=\u00a0\u00bb1&Prime;][ttdirectory_product_melters post_melter=\u00a0\u00bb32402&Prime;][ttdirectory_product_melters post_melter=\u00a0\u00bb24650&Prime;][\/ttdirectory_products][\/vc_tta_section][vc_tta_section title=\u00a0\u00bbCOLLES R\u00c9ACTIVES PUR\u00a0\u00bb tab_id=\u00a0\u00bb1719407037667-7f9e847d-6756&Prime;][ttdirectory_products carousel_columns=\u00a0\u00bb4&Prime; style=\u00a0\u00bb1&Prime;][ttdirectory_product_melters post_melter=\u00a0\u00bb26136&Prime;][ttdirectory_product_melters post_melter=\u00a0\u00bb25228&Prime;][ttdirectory_product_melters post_melter=\u00a0\u00bb32598&Prime;][ttdirectory_product_melters post_melter=\u00a0\u00bb27262&Prime;][\/ttdirectory_products][\/vc_tta_section][vc_tta_section title=\u00a0\u00bbFOAM\u00a0\u00bb tab_id=\u00a0\u00bb1724764065807-589fed71-68dd\u00a0\u00bb][ttdirectory_products carousel_columns=\u00a0\u00bb4&Prime; style=\u00a0\u00bb1&Prime;][ttdirectory_product_melters post_melter=\u00a0\u00bb26685&Prime;][ttdirectory_product_melters post_melter=\u00a0\u00bb26643&Prime;][ttdirectory_product_melters post_melter=\u00a0\u00bb24854&Prime;][ttdirectory_product_melters post_melter=\u00a0\u00bb27262&Prime;][\/ttdirectory_products][\/vc_tta_section][\/vc_tta_tabs][\/vc_column][\/vc_row][vc_row row_layout=\u00a0\u00bbfull\u00a0\u00bb row_spacing=\u00a0\u00bbtop-spacing bottom-spacing\u00a0\u00bb el_class=\u00a0\u00bbbg-line-left\u00a0\u00bb][vc_column width=\u00a0\u00bb1\/1&Prime;][ttdirectory_newslist news_cat=\u00a0\u00bbadhesivos-fr\u00a0\u00bb]<\/p>\n<h2 class=\"style-02\">Actualit\u00e9s<\/h2>\n<p>[\/ttdirectory_newslist][\/vc_column][\/vc_row][vc_row row_layout=\u00a0\u00bbfull\u00a0\u00bb row_spacing=\u00a0\u00bbtop-spacing-min bottom-spacing-0&Prime;][vc_column width=\u00a0\u00bb1\/1&Prime;][CtaModule cta_item=\u00a0\u00bb21623&Prime;][\/vc_column][\/vc_row]<\/p>\n","protected":false},"excerpt":{"rendered":"<p>Solutions expertes pour l\u2019application de colles industrielles<\/p>\n","protected":false},"author":1,"featured_media":20148,"parent":24067,"menu_order":88,"comment_status":"closed","ping_status":"closed","template":"","meta":[],"yoast_head":"<!-- This site is optimized with the Yoast SEO plugin v20.3 - https:\/\/yoast.com\/wordpress\/plugins\/seo\/ -->\n<title>Service d&#039;application d&#039;adh\u00e9sifs thermofusibles - Meler<\/title>\n<meta name=\"description\" content=\"Nous vous fournissons les informations les plus compl\u00e8tes sur les adh\u00e9sifs thermofusibles. Qu&#039;est-ce que c&#039;est ? A quoi \u00e7a sert ?\" \/>\n<meta name=\"robots\" content=\"index, follow, max-snippet:-1, max-image-preview:large, max-video-preview:-1\" \/>\n<link rel=\"canonical\" href=\"https:\/\/www.meler.cn\/fr\/services\/meler-academy\/colles-thermofusibles\/\" \/>\n<meta property=\"og:locale\" content=\"fr_FR\" \/>\n<meta property=\"og:type\" content=\"article\" \/>\n<meta property=\"og:title\" content=\"Service d&#039;application d&#039;adh\u00e9sifs thermofusibles - Meler\" \/>\n<meta property=\"og:description\" content=\"Nous vous fournissons les informations les plus compl\u00e8tes sur les adh\u00e9sifs thermofusibles. Qu&#039;est-ce que c&#039;est ? A quoi \u00e7a sert ?\" \/>\n<meta property=\"og:url\" content=\"https:\/\/www.meler.cn\/fr\/services\/meler-academy\/colles-thermofusibles\/\" \/>\n<meta property=\"og:site_name\" content=\"Meler\" \/>\n<meta property=\"article:modified_time\" content=\"2025-01-30T10:16:52+00:00\" \/>\n<meta property=\"og:image\" content=\"https:\/\/20097.ttandemdigital.com\/media\/header-servicios-meler-suport-adhesivo-hot-melt-meler.png\" \/>\n\t<meta property=\"og:image:width\" content=\"1920\" \/>\n\t<meta property=\"og:image:height\" content=\"780\" \/>\n\t<meta property=\"og:image:type\" content=\"image\/png\" \/>\n<meta name=\"twitter:card\" content=\"summary_large_image\" \/>\n<meta name=\"twitter:label1\" content=\"Dur\u00e9e de lecture estim\u00e9e\" \/>\n\t<meta name=\"twitter:data1\" content=\"4 minutes\" \/>\n<script type=\"application\/ld+json\" class=\"yoast-schema-graph\">{\"@context\":\"https:\/\/schema.org\",\"@graph\":[{\"@type\":\"WebPage\",\"@id\":\"https:\/\/www.meler.cn\/fr\/services\/meler-academy\/colles-thermofusibles\/\",\"url\":\"https:\/\/www.meler.cn\/fr\/services\/meler-academy\/colles-thermofusibles\/\",\"name\":\"Service d'application d'adh\u00e9sifs thermofusibles - Meler\",\"isPartOf\":{\"@id\":\"https:\/\/www.meler.cn\/fr\/#website\"},\"datePublished\":\"2023-02-01T15:44:24+00:00\",\"dateModified\":\"2025-01-30T10:16:52+00:00\",\"description\":\"Nous vous fournissons les informations les plus compl\u00e8tes sur les adh\u00e9sifs thermofusibles. Qu'est-ce que c'est ? A quoi \u00e7a sert ?\",\"breadcrumb\":{\"@id\":\"https:\/\/www.meler.cn\/fr\/services\/meler-academy\/colles-thermofusibles\/#breadcrumb\"},\"inLanguage\":\"fr-FR\",\"potentialAction\":[{\"@type\":\"ReadAction\",\"target\":[\"https:\/\/www.meler.cn\/fr\/services\/meler-academy\/colles-thermofusibles\/\"]}]},{\"@type\":\"BreadcrumbList\",\"@id\":\"https:\/\/www.meler.cn\/fr\/services\/meler-academy\/colles-thermofusibles\/#breadcrumb\",\"itemListElement\":[{\"@type\":\"ListItem\",\"position\":1,\"name\":\"Portada\",\"item\":\"https:\/\/www.meler.cn\/fr\/\"},{\"@type\":\"ListItem\",\"position\":2,\"name\":\"Services\",\"item\":\"https:\/\/20097.ttandemdigital.com\/fr\/services\/\"},{\"@type\":\"ListItem\",\"position\":3,\"name\":\"Meler Academy\",\"item\":\"https:\/\/20097.ttandemdigital.com\/fr\/services\/meler-academy\/\"},{\"@type\":\"ListItem\",\"position\":4,\"name\":\"Colles thermofusibles\"}]},{\"@type\":\"WebSite\",\"@id\":\"https:\/\/www.meler.cn\/fr\/#website\",\"url\":\"https:\/\/www.meler.cn\/fr\/\",\"name\":\"Meler\",\"description\":\"Just another WordPress site\",\"potentialAction\":[{\"@type\":\"SearchAction\",\"target\":{\"@type\":\"EntryPoint\",\"urlTemplate\":\"https:\/\/www.meler.cn\/fr\/?s={search_term_string}\"},\"query-input\":\"required name=search_term_string\"}],\"inLanguage\":\"fr-FR\"}]}<\/script>\n<!-- \/ Yoast SEO plugin. -->","yoast_head_json":{"title":"Service d'application d'adh\u00e9sifs thermofusibles - Meler","description":"Nous vous fournissons les informations les plus compl\u00e8tes sur les adh\u00e9sifs thermofusibles. Qu'est-ce que c'est ? A quoi \u00e7a sert ?","robots":{"index":"index","follow":"follow","max-snippet":"max-snippet:-1","max-image-preview":"max-image-preview:large","max-video-preview":"max-video-preview:-1"},"canonical":"https:\/\/www.meler.cn\/fr\/services\/meler-academy\/colles-thermofusibles\/","og_locale":"fr_FR","og_type":"article","og_title":"Service d'application d'adh\u00e9sifs thermofusibles - Meler","og_description":"Nous vous fournissons les informations les plus compl\u00e8tes sur les adh\u00e9sifs thermofusibles. Qu'est-ce que c'est ? A quoi \u00e7a sert ?","og_url":"https:\/\/www.meler.cn\/fr\/services\/meler-academy\/colles-thermofusibles\/","og_site_name":"Meler","article_modified_time":"2025-01-30T10:16:52+00:00","og_image":[{"width":1920,"height":780,"url":"https:\/\/20097.ttandemdigital.com\/media\/header-servicios-meler-suport-adhesivo-hot-melt-meler.png","type":"image\/png"}],"twitter_card":"summary_large_image","twitter_misc":{"Dur\u00e9e de lecture estim\u00e9e":"4 minutes"},"schema":{"@context":"https:\/\/schema.org","@graph":[{"@type":"WebPage","@id":"https:\/\/www.meler.cn\/fr\/services\/meler-academy\/colles-thermofusibles\/","url":"https:\/\/www.meler.cn\/fr\/services\/meler-academy\/colles-thermofusibles\/","name":"Service d'application d'adh\u00e9sifs thermofusibles - Meler","isPartOf":{"@id":"https:\/\/www.meler.cn\/fr\/#website"},"datePublished":"2023-02-01T15:44:24+00:00","dateModified":"2025-01-30T10:16:52+00:00","description":"Nous vous fournissons les informations les plus compl\u00e8tes sur les adh\u00e9sifs thermofusibles. Qu'est-ce que c'est ? A quoi \u00e7a sert ?","breadcrumb":{"@id":"https:\/\/www.meler.cn\/fr\/services\/meler-academy\/colles-thermofusibles\/#breadcrumb"},"inLanguage":"fr-FR","potentialAction":[{"@type":"ReadAction","target":["https:\/\/www.meler.cn\/fr\/services\/meler-academy\/colles-thermofusibles\/"]}]},{"@type":"BreadcrumbList","@id":"https:\/\/www.meler.cn\/fr\/services\/meler-academy\/colles-thermofusibles\/#breadcrumb","itemListElement":[{"@type":"ListItem","position":1,"name":"Portada","item":"https:\/\/www.meler.cn\/fr\/"},{"@type":"ListItem","position":2,"name":"Services","item":"https:\/\/20097.ttandemdigital.com\/fr\/services\/"},{"@type":"ListItem","position":3,"name":"Meler Academy","item":"https:\/\/20097.ttandemdigital.com\/fr\/services\/meler-academy\/"},{"@type":"ListItem","position":4,"name":"Colles thermofusibles"}]},{"@type":"WebSite","@id":"https:\/\/www.meler.cn\/fr\/#website","url":"https:\/\/www.meler.cn\/fr\/","name":"Meler","description":"Just another WordPress site","potentialAction":[{"@type":"SearchAction","target":{"@type":"EntryPoint","urlTemplate":"https:\/\/www.meler.cn\/fr\/?s={search_term_string}"},"query-input":"required name=search_term_string"}],"inLanguage":"fr-FR"}]}},"_links":{"self":[{"href":"https:\/\/www.meler.cn\/fr\/wp-json\/wp\/v2\/pages\/24075"}],"collection":[{"href":"https:\/\/www.meler.cn\/fr\/wp-json\/wp\/v2\/pages"}],"about":[{"href":"https:\/\/www.meler.cn\/fr\/wp-json\/wp\/v2\/types\/page"}],"author":[{"embeddable":true,"href":"https:\/\/www.meler.cn\/fr\/wp-json\/wp\/v2\/users\/1"}],"replies":[{"embeddable":true,"href":"https:\/\/www.meler.cn\/fr\/wp-json\/wp\/v2\/comments?post=24075"}],"version-history":[{"count":45,"href":"https:\/\/www.meler.cn\/fr\/wp-json\/wp\/v2\/pages\/24075\/revisions"}],"predecessor-version":[{"id":35137,"href":"https:\/\/www.meler.cn\/fr\/wp-json\/wp\/v2\/pages\/24075\/revisions\/35137"}],"up":[{"embeddable":true,"href":"https:\/\/www.meler.cn\/fr\/wp-json\/wp\/v2\/pages\/24067"}],"wp:featuredmedia":[{"embeddable":true,"href":"https:\/\/www.meler.cn\/fr\/wp-json\/wp\/v2\/media\/20148"}],"wp:attachment":[{"href":"https:\/\/www.meler.cn\/fr\/wp-json\/wp\/v2\/media?parent=24075"}],"curies":[{"name":"wp","href":"https:\/\/api.w.org\/{rel}","templated":true}]}}