




















{"id":24067,"date":"2022-11-25T12:40:11","date_gmt":"2022-11-25T12:40:11","guid":{"rendered":"https:\/\/www.meler.eu\/meler-academy\/"},"modified":"2025-01-28T12:27:22","modified_gmt":"2025-01-28T12:27:22","slug":"meler-academy","status":"publish","type":"page","link":"https:\/\/www.meler.cn\/fr\/services\/meler-academy\/","title":{"rendered":"Meler Academy"},"content":{"rendered":"<p>[vc_row bg_image_position=\u00a0\u00bb0 100%\u00a0\u00bb row_vertical_align=\u00a0\u00bbvalign-middle\u00a0\u00bb el_class=\u00a0\u00bbreverse-column-mobile\u00a0\u00bb][vc_column row_spacing_h=\u00a0\u00bbleft-spacing\u00a0\u00bb width=\u00a0\u00bb1\/1&Prime;][text]<\/p>\n<h2 class=\"txt-center style-01\"><strong>Nous partageons avec vous notre<br \/>\nvision de sp\u00e9cialistes<\/strong><\/h2>\n<p>[\/text][\/vc_column][\/vc_row][vc_row row_vertical_align=\u00a0\u00bbvalign-middle\u00a0\u00bb el_class=\u00a0\u00bbreverse-column-mobile\u00a0\u00bb][vc_column width=\u00a0\u00bb1\/2&Prime;][single_image image=\u00a0\u00bb20295&Prime;][\/vc_column][vc_column row_spacing_h=\u00a0\u00bbleft-spacing\u00a0\u00bb width=\u00a0\u00bb1\/2&Prime;][text]<\/p>\n<p class=\"summary\">Nous \u00e9coutons pour savoir ce qui compte pour vous<\/p>\n<p>[\/text][see_details]Nous partageons des contenus sp\u00e9cialis\u00e9s sur le fonctionnement de nos unit\u00e9s pour vous permettre d&rsquo;en tirer le meilleur parti.[\/see_details][\/vc_column][\/vc_row][vc_row row_vertical_align=\u00a0\u00bbvalign-middle\u00a0\u00bb][vc_column row_spacing_h=\u00a0\u00bbright-spacing\u00a0\u00bb width=\u00a0\u00bb1\/2&Prime;][text]<\/p>\n<p class=\"summary\">Nous travaillons de la m\u00eame mani\u00e8re<br \/>\nque vous<\/p>\n<p>[\/text][see_details]Nous partageons des guides de travail et des recommandations obtenus au fil des ann\u00e9es, pour prolonger le cycle de vie de votre installation.[\/see_details][\/vc_column][vc_column width=\u00a0\u00bb1\/2&Prime;][single_image image=\u00a0\u00bb20285&Prime;][\/vc_column][\/vc_row][vc_row row_vertical_align=\u00a0\u00bbvalign-middle\u00a0\u00bb el_class=\u00a0\u00bbreverse-column-mobile\u00a0\u00bb][vc_column width=\u00a0\u00bb1\/2&Prime;][single_image image=\u00a0\u00bb20290&Prime;][\/vc_column][vc_column row_spacing_h=\u00a0\u00bbleft-spacing\u00a0\u00bb width=\u00a0\u00bb1\/2&Prime;][text]<\/p>\n<p class=\"summary\">Nous nous engageons \u00e0 \u00eatre toujours proches de vous<\/p>\n<p>[\/text][see_details]Dans un esprit d\u2019\u00e9quipe, nous partageons notre savoir-faire. Notre d\u00e9fi en tant que fournisseurs de solutions industrielles consiste vous aider \u00e0 relever vos propres d\u00e9fis. [\/see_details][\/vc_column][\/vc_row][vc_row row_layout=\u00a0\u00bbfull\u00a0\u00bb row_vertical_align=\u00a0\u00bbvalign-middle\u00a0\u00bb][vc_column width=\u00a0\u00bb1\/1&Prime;][CtaModule cta_item=\u00a0\u00bb21643&Prime;][\/vc_column][\/vc_row][vc_row row_vertical_align=\u00a0\u00bbvalign-middle\u00a0\u00bb][vc_column width=\u00a0\u00bb1\/1&Prime;][text]<\/p>\n<h2 class=\"txt-center\">Vid\u00e9os<strong>de Meler Academy<\/strong><\/h2>\n<p class=\"txt-center txt-width\">Conseils pratiques, solutions concr\u00e8tes, etc. Notre cha\u00eene Youtube est con\u00e7ue pour vous. Si vous ne trouvez pas ce que vous cherchez, demandez-le et nous cr\u00e9erons le contenu dont vous avez besoin !.<\/p>\n<p>[\/text][video_youtube video_image=\u00a0\u00bb20300&Prime; video_url=\u00a0\u00bbhttps:\/\/www.youtube.com\/watch?v=OOpkqvYjPoQ&amp;list=PLw1T6nntx34eGS-v_-fh9G70isZbVGat6&Prime;][\/vc_column][\/vc_row][vc_row row_layout=\u00a0\u00bbfull\u00a0\u00bb bg_image_position=\u00a0\u00bb50% 0&Prime; row_spacing=\u00a0\u00bbspacing-v-none\u00a0\u00bb][vc_column width=\u00a0\u00bb1\/1&Prime;][CtaModule cta_item=\u00a0\u00bb21635&Prime;][\/vc_column][\/vc_row]<\/p>\n","protected":false},"excerpt":{"rendered":"<p>[vc_row bg_image_position=\u00a0\u00bb0 100%\u00a0\u00bb row_vertical_align=\u00a0\u00bbvalign-middle\u00a0\u00bb el_class=\u00a0\u00bbreverse-column-mobile\u00a0\u00bb][vc_column row_spacing_h=\u00a0\u00bbleft-spacing\u00a0\u00bb width=\u00a0\u00bb1\/1&Prime;][text] Nous partageons avec vous notre vision de sp\u00e9cialistes [\/text][\/vc_column][\/vc_row][vc_row row_vertical_align=\u00a0\u00bbvalign-middle\u00a0\u00bb el_class=\u00a0\u00bbreverse-column-mobile\u00a0\u00bb][vc_column width=\u00a0\u00bb1\/2&Prime;][single_image image=\u00a0\u00bb20295&Prime;][\/vc_column][vc_column row_spacing_h=\u00a0\u00bbleft-spacing\u00a0\u00bb width=\u00a0\u00bb1\/2&Prime;][text] Nous \u00e9coutons pour savoir ce qui compte pour vous [\/text][see_details]Nous partageons des contenus sp\u00e9cialis\u00e9s sur le fonctionnement de nos unit\u00e9s pour vous permettre d&rsquo;en tirer le meilleur parti.[\/see_details][\/vc_column][\/vc_row][vc_row row_vertical_align=\u00a0\u00bbvalign-middle\u00a0\u00bb][vc_column row_spacing_h=\u00a0\u00bbright-spacing\u00a0\u00bb width=\u00a0\u00bb1\/2&Prime;][text] Nous travaillons [&hellip;]<\/p>\n","protected":false},"author":2,"featured_media":20155,"parent":26016,"menu_order":79,"comment_status":"closed","ping_status":"closed","template":"","meta":[],"yoast_head":"<!-- This site is optimized with the Yoast SEO plugin v20.3 - https:\/\/yoast.com\/wordpress\/plugins\/seo\/ -->\n<title>Meler academy - Meler<\/title>\n<meta name=\"description\" content=\"Nous partageons des contenus sp\u00e9cialis\u00e9s sur le fonctionnement de nos unit\u00e9s pour vous permettre d&#039;en tirer le meilleur parti.\" \/>\n<meta name=\"robots\" content=\"index, follow, max-snippet:-1, max-image-preview:large, max-video-preview:-1\" \/>\n<link rel=\"canonical\" href=\"https:\/\/www.meler.cn\/fr\/services\/meler-academy\/\" \/>\n<meta property=\"og:locale\" content=\"fr_FR\" \/>\n<meta property=\"og:type\" content=\"article\" \/>\n<meta property=\"og:title\" content=\"Meler academy - Meler\" \/>\n<meta property=\"og:description\" content=\"Nous partageons des contenus sp\u00e9cialis\u00e9s sur le fonctionnement de nos unit\u00e9s pour vous permettre d&#039;en tirer le meilleur parti.\" \/>\n<meta property=\"og:url\" content=\"https:\/\/www.meler.cn\/fr\/services\/meler-academy\/\" \/>\n<meta property=\"og:site_name\" content=\"Meler\" \/>\n<meta property=\"article:modified_time\" content=\"2025-01-28T12:27:22+00:00\" \/>\n<meta property=\"og:image\" content=\"https:\/\/20097.ttandemdigital.com\/media\/header-servicios-meler-academy-meler.png\" \/>\n\t<meta property=\"og:image:width\" content=\"1920\" \/>\n\t<meta property=\"og:image:height\" content=\"780\" \/>\n\t<meta property=\"og:image:type\" content=\"image\/png\" \/>\n<meta name=\"twitter:card\" content=\"summary_large_image\" \/>\n<meta name=\"twitter:label1\" content=\"Dur\u00e9e de lecture estim\u00e9e\" \/>\n\t<meta name=\"twitter:data1\" content=\"1 minute\" \/>\n<script type=\"application\/ld+json\" class=\"yoast-schema-graph\">{\"@context\":\"https:\/\/schema.org\",\"@graph\":[{\"@type\":\"WebPage\",\"@id\":\"https:\/\/www.meler.cn\/fr\/services\/meler-academy\/\",\"url\":\"https:\/\/www.meler.cn\/fr\/services\/meler-academy\/\",\"name\":\"Meler academy - Meler\",\"isPartOf\":{\"@id\":\"https:\/\/www.meler.cn\/fr\/#website\"},\"datePublished\":\"2022-11-25T12:40:11+00:00\",\"dateModified\":\"2025-01-28T12:27:22+00:00\",\"description\":\"Nous partageons des contenus sp\u00e9cialis\u00e9s sur le fonctionnement de nos unit\u00e9s pour vous permettre d'en tirer le meilleur parti.\",\"breadcrumb\":{\"@id\":\"https:\/\/www.meler.cn\/fr\/services\/meler-academy\/#breadcrumb\"},\"inLanguage\":\"fr-FR\",\"potentialAction\":[{\"@type\":\"ReadAction\",\"target\":[\"https:\/\/www.meler.cn\/fr\/services\/meler-academy\/\"]}]},{\"@type\":\"BreadcrumbList\",\"@id\":\"https:\/\/www.meler.cn\/fr\/services\/meler-academy\/#breadcrumb\",\"itemListElement\":[{\"@type\":\"ListItem\",\"position\":1,\"name\":\"Portada\",\"item\":\"https:\/\/www.meler.cn\/fr\/\"},{\"@type\":\"ListItem\",\"position\":2,\"name\":\"Services\",\"item\":\"https:\/\/20097.ttandemdigital.com\/fr\/services\/\"},{\"@type\":\"ListItem\",\"position\":3,\"name\":\"Meler Academy\"}]},{\"@type\":\"WebSite\",\"@id\":\"https:\/\/www.meler.cn\/fr\/#website\",\"url\":\"https:\/\/www.meler.cn\/fr\/\",\"name\":\"Meler\",\"description\":\"Just another WordPress site\",\"potentialAction\":[{\"@type\":\"SearchAction\",\"target\":{\"@type\":\"EntryPoint\",\"urlTemplate\":\"https:\/\/www.meler.cn\/fr\/?s={search_term_string}\"},\"query-input\":\"required name=search_term_string\"}],\"inLanguage\":\"fr-FR\"}]}<\/script>\n<!-- \/ Yoast SEO plugin. -->","yoast_head_json":{"title":"Meler academy - Meler","description":"Nous partageons des contenus sp\u00e9cialis\u00e9s sur le fonctionnement de nos unit\u00e9s pour vous permettre d'en tirer le meilleur parti.","robots":{"index":"index","follow":"follow","max-snippet":"max-snippet:-1","max-image-preview":"max-image-preview:large","max-video-preview":"max-video-preview:-1"},"canonical":"https:\/\/www.meler.cn\/fr\/services\/meler-academy\/","og_locale":"fr_FR","og_type":"article","og_title":"Meler academy - Meler","og_description":"Nous partageons des contenus sp\u00e9cialis\u00e9s sur le fonctionnement de nos unit\u00e9s pour vous permettre d'en tirer le meilleur parti.","og_url":"https:\/\/www.meler.cn\/fr\/services\/meler-academy\/","og_site_name":"Meler","article_modified_time":"2025-01-28T12:27:22+00:00","og_image":[{"width":1920,"height":780,"url":"https:\/\/20097.ttandemdigital.com\/media\/header-servicios-meler-academy-meler.png","type":"image\/png"}],"twitter_card":"summary_large_image","twitter_misc":{"Dur\u00e9e de lecture estim\u00e9e":"1 minute"},"schema":{"@context":"https:\/\/schema.org","@graph":[{"@type":"WebPage","@id":"https:\/\/www.meler.cn\/fr\/services\/meler-academy\/","url":"https:\/\/www.meler.cn\/fr\/services\/meler-academy\/","name":"Meler academy - Meler","isPartOf":{"@id":"https:\/\/www.meler.cn\/fr\/#website"},"datePublished":"2022-11-25T12:40:11+00:00","dateModified":"2025-01-28T12:27:22+00:00","description":"Nous partageons des contenus sp\u00e9cialis\u00e9s sur le fonctionnement de nos unit\u00e9s pour vous permettre d'en tirer le meilleur parti.","breadcrumb":{"@id":"https:\/\/www.meler.cn\/fr\/services\/meler-academy\/#breadcrumb"},"inLanguage":"fr-FR","potentialAction":[{"@type":"ReadAction","target":["https:\/\/www.meler.cn\/fr\/services\/meler-academy\/"]}]},{"@type":"BreadcrumbList","@id":"https:\/\/www.meler.cn\/fr\/services\/meler-academy\/#breadcrumb","itemListElement":[{"@type":"ListItem","position":1,"name":"Portada","item":"https:\/\/www.meler.cn\/fr\/"},{"@type":"ListItem","position":2,"name":"Services","item":"https:\/\/20097.ttandemdigital.com\/fr\/services\/"},{"@type":"ListItem","position":3,"name":"Meler Academy"}]},{"@type":"WebSite","@id":"https:\/\/www.meler.cn\/fr\/#website","url":"https:\/\/www.meler.cn\/fr\/","name":"Meler","description":"Just another WordPress site","potentialAction":[{"@type":"SearchAction","target":{"@type":"EntryPoint","urlTemplate":"https:\/\/www.meler.cn\/fr\/?s={search_term_string}"},"query-input":"required name=search_term_string"}],"inLanguage":"fr-FR"}]}},"_links":{"self":[{"href":"https:\/\/www.meler.cn\/fr\/wp-json\/wp\/v2\/pages\/24067"}],"collection":[{"href":"https:\/\/www.meler.cn\/fr\/wp-json\/wp\/v2\/pages"}],"about":[{"href":"https:\/\/www.meler.cn\/fr\/wp-json\/wp\/v2\/types\/page"}],"author":[{"embeddable":true,"href":"https:\/\/www.meler.cn\/fr\/wp-json\/wp\/v2\/users\/2"}],"replies":[{"embeddable":true,"href":"https:\/\/www.meler.cn\/fr\/wp-json\/wp\/v2\/comments?post=24067"}],"version-history":[{"count":8,"href":"https:\/\/www.meler.cn\/fr\/wp-json\/wp\/v2\/pages\/24067\/revisions"}],"predecessor-version":[{"id":34903,"href":"https:\/\/www.meler.cn\/fr\/wp-json\/wp\/v2\/pages\/24067\/revisions\/34903"}],"up":[{"embeddable":true,"href":"https:\/\/www.meler.cn\/fr\/wp-json\/wp\/v2\/pages\/26016"}],"wp:featuredmedia":[{"embeddable":true,"href":"https:\/\/www.meler.cn\/fr\/wp-json\/wp\/v2\/media\/20155"}],"wp:attachment":[{"href":"https:\/\/www.meler.cn\/fr\/wp-json\/wp\/v2\/media?parent=24067"}],"curies":[{"name":"wp","href":"https:\/\/api.w.org\/{rel}","templated":true}]}}