




















{"id":23905,"date":"2022-11-28T08:41:57","date_gmt":"2022-11-28T08:41:57","guid":{"rendered":"https:\/\/www.meler.eu\/meler-en-el-mundo\/"},"modified":"2024-12-09T15:59:35","modified_gmt":"2024-12-09T15:59:35","slug":"meler-dans-le-monde","status":"publish","type":"page","link":"https:\/\/www.meler.cn\/fr\/meler\/meler-dans-le-monde\/","title":{"rendered":"AVEC VOUS, O\u00d9 QUE VOUS SOYEZ\u00a0"},"content":{"rendered":"<p>[vc_row bg_image_position=\u00a0\u00bb0 100%\u00a0\u00bb row_bg_color=\u00a0\u00bbbg-04&Prime; row_spacing=\u00a0\u00bbtop-spacing bottom-spacing\u00a0\u00bb row_vertical_align=\u00a0\u00bbvalign-middle\u00a0\u00bb el_class=\u00a0\u00bbreverse-column-mobile\u00a0\u00bb][vc_column row_spacing=\u00a0\u00bbspacing-v-0&Prime; row_spacing_h=\u00a0\u00bbleft-spacing\u00a0\u00bb width=\u00a0\u00bb1\/1&Prime;][text]<\/p>\n<h2 class=\"txt-center summary style-02 txt-width\">Gluing Worldwide<\/h2>\n<p class=\"txt-width txt-center\">Nous proposons les meilleures solutions dans le but de faciliter le d\u00e9veloppement de nos partenaires et de nos clients<strong>. Nous nous y effor\u00e7ons, o\u00f9 que vous soyez.<\/strong><\/p>\n<p class=\"txt-width txt-center\">Trouvez votre<strong> Meler <\/strong> le plus proche et d\u00e9couvrez ce que signifie de disposer de <strong> #YourGluingSolutionsPartner <\/strong>\u00e0 chaque<br \/>\nfois que vous en avez besoin.<\/p>\n<p>[\/text][\/vc_column][\/vc_row][vc_row bg_image_position=\u00a0\u00bb0 100%\u00a0\u00bb row_bg_color=\u00a0\u00bbbg-04&Prime; row_spacing=\u00a0\u00bbbottom-spacing top-spacing-0&Prime; row_spacing_h=\u00a0\u00bbspacing-h-0&Prime; row_vertical_align=\u00a0\u00bbvalign-middle\u00a0\u00bb el_class=\u00a0\u00bbreverse-column-mobile\u00a0\u00bb][vc_column row_spacing=\u00a0\u00bbspacing-v-0&Prime; row_spacing_h=\u00a0\u00bbleft-spacing\u00a0\u00bb width=\u00a0\u00bb1\/1&Prime;][text]<style>\r\n\t#wpsl-stores .wpsl-store-thumb {height:45px !important; width:45px !important;}\r\n\t#wpsl-stores, #wpsl-direction-details, #wpsl-gmap {height:350px !important;}\r\n\t#wpsl-gmap .wpsl-info-window {max-width:225px !important;}\r\n\t.wpsl-input label, #wpsl-radius label, #wpsl-category label {width:95px;}\r\n\t#wpsl-search-input  {width:179px;}\r\n<\/style>\r\n<div id=\"wpsl-wrap\">\r\n\t<div class=\"wpsl-search wpsl-clearfix wpsl-no-filters\">\r\n\t\t<div id=\"wpsl-search-wrap\">\r\n\t\t\t<form autocomplete=\"off\">\r\n\t\t\t<div class=\"wpsl-input\">\r\n\t\t\t\t<div><label for=\"wpsl-search-input\">Your location<\/label><\/div>\r\n\t\t\t\t<input id=\"wpsl-search-input\" type=\"text\" value=\"\" name=\"wpsl-search-input\" placeholder=\"\" aria-required=\"true\" \/>\r\n\t\t\t<\/div>\r\n\t\t\t\t<div class=\"wpsl-search-btn-wrap\"><input id=\"wpsl-search-btn\" type=\"submit\" value=\"Search\"><\/div>\r\n\t\t<\/form>\r\n\t\t<\/div>\r\n\t<\/div>\r\n\t<div id=\"wpsl-gmap\" class=\"wpsl-gmap-canvas\"><\/div>\r\n\t<div id=\"wpsl-result-list\">\r\n\t\t<div id=\"wpsl-stores\" >\r\n\t\t\t<ul><\/ul>\r\n\t\t<\/div>\r\n\t\t<div id=\"wpsl-direction-details\">\r\n\t\t\t<ul><\/ul>\r\n\t\t<\/div>\r\n\t<\/div>\r\n<\/div>\r\n[\/text][\/vc_column][\/vc_row][vc_row row_layout=\u00a0\u00bbfull\u00a0\u00bb row_spacing=\u00a0\u00bbtop-spacing-med bottom-spacing-0&Prime;][vc_column][text]<\/p>\n<h2 class=\"txt-center\">Meler<br \/>\n<strong>HEADQUARTERS<\/strong><\/h2>\n<p>[\/text][vc_row_inner row_layout=\u00a0\u00bbfull\u00a0\u00bb row_spacing=\u00a0\u00bbbottom-spacing-med top-spacing-0&Prime;][vc_column_inner][ttdirectories carousel_columns=\u00a0\u00bbInfinito\u00a0\u00bb position=\u00a0\u00bbposition_center\u00a0\u00bb][ttdirectory_item directory_item_style=\u00a0\u00bbdirectory-item-style-1&Prime; title=\u00a0\u00bbEspagne\u00a0\u00bb directory_style=\u00a0\u00bbdirectory-item-style-1&Prime; image=\u00a0\u00bb18247&Prime;]FOCKE MELER GLUING SOLUTIONS, S.A<br \/>\nPol. Arazuri-Orkoien, c\/B, n\u00ba3A<br \/>\n31170 Arazuri (Navarra)<br \/>\nPhone: (00 34) 948 351 110<br \/>\nFax: (00 34) 948 351 130<br \/>\nEmail: <a href=\"mailto:info@meler.cn\">info@meler.cn<\/a><br \/>\nWeb: <a href=\"https:\/\/www.meler.cn\/\">https:\/\/www.meler.cn\/<\/a><br \/>\nEmplacement: <a href=\"http:\/\/www.google.com\/maps\/place\/42.815083,-1.709028\/@42.815083,-1.709028,15z\" target=\"_blank\" rel=\"noopener\">Voir carte<\/a>[\/ttdirectory_item][ttdirectory_item title=\u00a0\u00bbAllemagne\u00a0\u00bb image=\u00a0\u00bb18242&Prime;]FOCKE MELER GERMANY GmbH<br \/>\nSiemensring 44J<br \/>\nWillich 47877<br \/>\nPhone: +49 (0) 42318915792<br \/>\nEmail: <a href=\"mailto:infogermany@meler.cn\">infogermany@meler.cn<\/a><br \/>\nWeb: <a href=\"https:\/\/www.meler.cn\/de\/\">https:\/\/www.meler.cn\/de\/<\/a><br \/>\nEmplacement: <a href=\"https:\/\/maps.app.goo.gl\/Vr9zgg8YwNv76aKR9\" target=\"_blank\" rel=\"noopener\">Voir carte<\/a>[\/ttdirectory_item][ttdirectory_item directory_item_style=\u00a0\u00bbdirectory-item-style-1&Prime; title=\u00a0\u00bbItalie\u00a0\u00bb directory_style=\u00a0\u00bbdirectory-item-style-1&Prime; image=\u00a0\u00bb18262&Prime;]FOCKE MELER ITALY S.R.L<br \/>\nVia dell\u2019Artigianato, 2<br \/>\nOzzano dell\u2019Emilia (Bolonia)<br \/>\n40064<br \/>\nPhone: (0039) 051 768459<br \/>\nFax: (0039) 051 767845<br \/>\nEmail: <a href=\"mailto:infoitaly@meler.cn\">infoitaly@meler.cn<\/a><br \/>\nWeb: <a href=\"https:\/\/www.meler.cn\/it\/\">https:\/\/www.meler.cn\/it\/<\/a><br \/>\nEmplacement: <a href=\"http:\/\/www.google.com\/maps\/place\/44.529919,11.411893\/@44.529919,11.411893,15z\" target=\"_blank\" rel=\"noopener\">Voir carte<\/a>[\/ttdirectory_item][ttdirectory_item title=\u00a0\u00bbFrance\u00a0\u00bb image=\u00a0\u00bb18257&Prime;]FOCKE MELER FRANCE s.a.r.l<br \/>\n14 Rue Lavoisier<br \/>\nIngr\u00e9 Orl\u00e9ans 45140<br \/>\nPhone: (00 33) 160 050 303<br \/>\nFax: (00 33) 160 050 444<br \/>\nEmail: <a href=\"mailto:infofrance@meler.cn\">infofrance@meler.cn<\/a><br \/>\nWeb: <a href=\"https:\/\/www.meler.cn\/fr\/\">https:\/\/www.meler.cn\/fr\/<\/a><br \/>\nEmplacement: <a href=\"http:\/\/www.google.com\/maps\/place\/47.903069,1.849307\/@47.903069,1.849307,15z\" target=\"_blank\" rel=\"noopener\">Voir carte<\/a>[\/ttdirectory_item][ttdirectory_item title=\u00a0\u00bbRoyaume Uni\u00a0\u00bb directory_style=\u00a0\u00bbdirectory-item-style-1&Prime; image=\u00a0\u00bb18267&Prime;]Focke Meler UK<br \/>\n9 Boleyn Court, Manor Park<br \/>\nRuncorn (Cheshire) WA7 1SR<br \/>\nPhone: (00 44) 0 3338 804 567<br \/>\nEmail: <a href=\"mailto:infouk@meler.cn\">infouk@meler.cn<\/a><br \/>\nWeb: <a href=\"https:\/\/www.meler.cn\/meleruk\/\">https:\/\/www.meler.cn\/meleruk\/<\/a><br \/>\nEmplacement: <a href=\"https:\/\/maps.app.goo.gl\/ZrkRgbprLRo9ZutHA\" target=\"_blank\" rel=\"noopener\">Voir carte<\/a>[\/ttdirectory_item][ttdirectory_item directory_item_style=\u00a0\u00bbdirectory-item-style-1&Prime; title=\u00a0\u00bbUSA\/CANADA\u00a0\u00bb directory_style=\u00a0\u00bbdirectory-item-style-1&Prime; image=\u00a0\u00bb18252&Prime;]Meler USA Corporation<br \/>\n4623 Dwight Evans Rd.<br \/>\nCharlotte (NC)<br \/>\n28217<br \/>\nPhone: (001) 980 556 7990<br \/>\nFax: (001) 980 224 7967<br \/>\nEmail: <a href=\"mailto:infousa@meler.cn\">infousa@meler.cn<\/a><br \/>\nWeb: <a href=\"https:\/\/www.melerusa.com\">https:\/\/www.melerusa.com<\/a><br \/>\nEmplacement: <a href=\"http:\/\/www.google.com\/maps\/place\/35.190319,-80.896606\/@35.190319,-80.896606,15z\" target=\"_blank\" rel=\"noopener\">Voir carte<\/a>[\/ttdirectory_item][\/ttdirectories][\/vc_column_inner][\/vc_row_inner][\/vc_column][\/vc_row][vc_row row_layout=\u00a0\u00bbfull\u00a0\u00bb bg_image_position=\u00a0\u00bb50% 0&Prime; row_spacing=\u00a0\u00bbtop-spacing-med bottom-spacing-0&Prime;][vc_column width=\u00a0\u00bb1\/1&Prime;][CtaModule cta_item=\u00a0\u00bb21631&Prime;][\/vc_column][\/vc_row][vc_row][vc_column width=\u00a0\u00bb1\/1&Prime;][text]<\/p>\n<h2 class=\"txt-center no-mg-bottom style-01\"><strong>Partenaires <\/strong>officiels<\/h2>\n<p>[\/text][\/vc_column][\/vc_row][vc_row][vc_column width=\u00a0\u00bb1\/1&Prime;][vc_row_inner][vc_column_inner][ttfaqs][faq_item title=\u00a0\u00bbAllemagne\u00a0\u00bb]<strong>PUFFE ENGINEERING GmbH<\/strong><br \/>\nAm Siemensbach 5-7<br \/>\nSankt Augustin<br \/>\n53757<br \/>\nPhone: +49 (0) 2241 866060 0<br \/>\nFax: +49 (0) 2241 866060 90<br \/>\nEmail: <a href=\"mailto:info@puffe.eu\">info@puffe.eu<\/a><br \/>\nWeb: <a href=\"http:\/\/www.puffe.biz\" target=\"_blank\" rel=\"noopener\">http:\/\/www.puffe.biz<\/a><br \/>\nLocation: <a href=\"http:\/\/www.google.com\/maps\/place\/50.765202,7.198280\/@50.765202,7.198280,15z\" target=\"_blank\" rel=\"noopener\">View map<\/a>[\/faq_item][faq_item title=\u00a0\u00bbArgentine\u00a0\u00bb]<strong>EUROMEL S.A<\/strong><br \/>\nTte. Gral. Pablo Ricchieri 3542<br \/>\nCiudadela (Buenos Aires)<br \/>\n1702<br \/>\nPhone: (5411) 7712 0666<br \/>\nEmail: <a href=\"mailto:euromel@euromel.com.ar\">euromel@euromel.com.ar<\/a><br \/>\nWeb: <a href=\"http:\/\/www.euromel.com.ar\" target=\"_blank\" rel=\"noopener\">http:\/\/www.euromel.com.ar<\/a><br \/>\nLocation: <a href=\"http:\/\/www.google.com\/maps\/place\/-34.626808,-58.542637\/@-34.626808,-58.542637,15z\" target=\"_blank\" rel=\"noopener\">View map<\/a>[\/faq_item][faq_item title=\u00a0\u00bbAustralie\u00a0\u00bb]<strong>AUTOMAINT SOLUTIONS PTY LTD<\/strong><br \/>\n18 Concorde Drive, Keilor Park<br \/>\nMelbourne (Victoria)<br \/>\n3042<br \/>\nPhone: (00 61) 03 9330 2678<br \/>\nEmail: <a href=\"mailto:gluesales@automaint.com.au\">gluesales@automaint.com.au<\/a><br \/>\nWeb: <a href=\"https:\/\/www.meler.cn\/meleraustralia\/\" target=\"_blank\" rel=\"noopener\">https:\/\/www.meler.cn\/meleraustralia\/<\/a><br \/>\nLocation: <a href=\"http:\/\/www.google.com\/maps\/place\/-37.721638,144.848663\/@-37.721638,144.848663,15z\" target=\"_blank\" rel=\"noopener\">View map<\/a>[\/faq_item][faq_item title=\u00a0\u00bbAutrice\u00a0\u00bb]<strong>OBL SYSTEMVERTRIEB GMBH<\/strong><br \/>\nRainerstrasse 19<br \/>\nWels<br \/>\n4600<br \/>\nPhone: (00 43) 7242 66821<br \/>\nFax: (00 43) 7242 66821\/26<br \/>\nEmail: <a href=\"mailto:office@oblsys.at\">office@oblsys.at<\/a><br \/>\nWeb: <a href=\"http:\/\/www.oblsys.at\" target=\"_blank\" rel=\"noopener\">http:\/\/www.oblsys.at<\/a><br \/>\nLocation: <a href=\"http:\/\/www.google.com\/maps\/place\/48.162727,14.020883\/@48.162727,14.020883,15z\" target=\"_blank\" rel=\"noopener\">View map<\/a>[\/faq_item][faq_item title=\u00a0\u00bbBelgique\u00a0\u00bb]<strong>CERTIS BELGIUM NV<\/strong><br \/>\nAntwerpsesteenweg 859<br \/>\nGent-Oostakker<br \/>\n9041<br \/>\nPhone: (00 32) 0 9 355 02 42<br \/>\nFax: (00 32) 0 9 355 04 77<br \/>\nEmail: <a href=\"mailto:info@certis.be\">info@certis.be<\/a><br \/>\nWeb: <a href=\"http:\/\/www.certis.be\" target=\"_blank\" rel=\"noopener\">http:\/\/www.certis.be<\/a><br \/>\nLocation: <a href=\"http:\/\/www.google.com\/maps\/place\/51.078545,3.781384\/@51.078545,3.781384,15z\" target=\"_blank\" rel=\"noopener\">View map<\/a>[\/faq_item][\/ttfaqs][\/vc_column_inner][\/vc_row_inner][vc_row_inner row_spacing=\u00a0\u00bbtop-spacing-min bottom-spacing-min\u00a0\u00bb el_class=\u00a0\u00bbrow-txt-center\u00a0\u00bb][vc_column_inner][ttdirectory_files style=\u00a0\u00bbstyle-01&Prime;][file file_link=\u00a0\u00bbhttps:\/\/www.meler.cn\/fr\/meler\/meler-dans-le-monde\/partenaires-officiels\/\u00a0\u00bb file_private=\u00a0\u00bb\u00a0\u00bb link_test=\u00a0\u00bbVoir tous les partenaires\u00a0\u00bb][\/ttdirectory_files][\/vc_column_inner][\/vc_row_inner][\/vc_column][\/vc_row][vc_row row_layout=\u00a0\u00bbfull\u00a0\u00bb bg_image_position=\u00a0\u00bb50% 0&Prime; row_spacing=\u00a0\u00bbspacing-v-none\u00a0\u00bb][vc_column width=\u00a0\u00bb1\/1&Prime;][CtaModule cta_item=\u00a0\u00bb21575&Prime;][\/vc_column][\/vc_row]<\/p>\n","protected":false},"excerpt":{"rendered":"<p>[vc_row bg_image_position=\u00a0\u00bb0 100%\u00a0\u00bb row_bg_color=\u00a0\u00bbbg-04&Prime; row_spacing=\u00a0\u00bbtop-spacing bottom-spacing\u00a0\u00bb row_vertical_align=\u00a0\u00bbvalign-middle\u00a0\u00bb el_class=\u00a0\u00bbreverse-column-mobile\u00a0\u00bb][vc_column row_spacing=\u00a0\u00bbspacing-v-0&Prime; row_spacing_h=\u00a0\u00bbleft-spacing\u00a0\u00bb width=\u00a0\u00bb1\/1&Prime;][text] Gluing Worldwide Nous proposons les meilleures solutions dans le but de faciliter le d\u00e9veloppement de nos partenaires et de nos clients. Nous nous y effor\u00e7ons, o\u00f9 que vous soyez. Trouvez votre Meler le plus proche et d\u00e9couvrez ce que signifie de disposer de #YourGluingSolutionsPartner [&hellip;]<\/p>\n","protected":false},"author":2,"featured_media":12862,"parent":26020,"menu_order":115,"comment_status":"closed","ping_status":"closed","template":"template-header-no-spacing.php","meta":[],"yoast_head":"<!-- This site is optimized with the Yoast SEO plugin v20.3 - https:\/\/yoast.com\/wordpress\/plugins\/seo\/ -->\n<title>Nous sommes pr\u00e8s de chez vous, d\u00e9couvrez le bureau le plus proche - Meler<\/title>\n<meta name=\"description\" content=\"Localisez votre distributeur le plus proche et d\u00e9couvrez comment Meler peut stimuler votre activit\u00e9.\" \/>\n<meta name=\"robots\" content=\"index, follow, max-snippet:-1, max-image-preview:large, max-video-preview:-1\" \/>\n<link rel=\"canonical\" href=\"https:\/\/www.meler.cn\/fr\/meler\/meler-dans-le-monde\/\" \/>\n<meta property=\"og:locale\" content=\"fr_FR\" \/>\n<meta property=\"og:type\" content=\"article\" \/>\n<meta property=\"og:title\" content=\"Nous sommes pr\u00e8s de chez vous, d\u00e9couvrez le bureau le plus proche - Meler\" \/>\n<meta property=\"og:description\" content=\"Localisez votre distributeur le plus proche et d\u00e9couvrez comment Meler peut stimuler votre activit\u00e9.\" \/>\n<meta property=\"og:url\" content=\"https:\/\/www.meler.cn\/fr\/meler\/meler-dans-le-monde\/\" \/>\n<meta property=\"og:site_name\" content=\"Meler\" \/>\n<meta property=\"article:modified_time\" content=\"2024-12-09T15:59:35+00:00\" \/>\n<meta property=\"og:image\" content=\"https:\/\/www.meler.cn\/media\/header-meler-en-el-mundo-meler.png\" \/>\n\t<meta property=\"og:image:width\" content=\"1920\" \/>\n\t<meta property=\"og:image:height\" content=\"780\" \/>\n\t<meta property=\"og:image:type\" content=\"image\/png\" \/>\n<meta name=\"twitter:card\" content=\"summary_large_image\" \/>\n<meta name=\"twitter:label1\" content=\"Dur\u00e9e de lecture estim\u00e9e\" \/>\n\t<meta name=\"twitter:data1\" content=\"2 minutes\" \/>\n<script type=\"application\/ld+json\" class=\"yoast-schema-graph\">{\"@context\":\"https:\/\/schema.org\",\"@graph\":[{\"@type\":\"WebPage\",\"@id\":\"https:\/\/www.meler.cn\/fr\/meler\/meler-dans-le-monde\/\",\"url\":\"https:\/\/www.meler.cn\/fr\/meler\/meler-dans-le-monde\/\",\"name\":\"Nous sommes pr\u00e8s de chez vous, d\u00e9couvrez le bureau le plus proche - Meler\",\"isPartOf\":{\"@id\":\"https:\/\/www.meler.cn\/fr\/#website\"},\"datePublished\":\"2022-11-28T08:41:57+00:00\",\"dateModified\":\"2024-12-09T15:59:35+00:00\",\"description\":\"Localisez votre distributeur le plus proche et d\u00e9couvrez comment Meler peut stimuler votre activit\u00e9.\",\"breadcrumb\":{\"@id\":\"https:\/\/www.meler.cn\/fr\/meler\/meler-dans-le-monde\/#breadcrumb\"},\"inLanguage\":\"fr-FR\",\"potentialAction\":[{\"@type\":\"ReadAction\",\"target\":[\"https:\/\/www.meler.cn\/fr\/meler\/meler-dans-le-monde\/\"]}]},{\"@type\":\"BreadcrumbList\",\"@id\":\"https:\/\/www.meler.cn\/fr\/meler\/meler-dans-le-monde\/#breadcrumb\",\"itemListElement\":[{\"@type\":\"ListItem\",\"position\":1,\"name\":\"Portada\",\"item\":\"https:\/\/www.meler.cn\/fr\/\"},{\"@type\":\"ListItem\",\"position\":2,\"name\":\"Meler\",\"item\":\"https:\/\/20097.ttandemdigital.com\/fr\/meler\/\"},{\"@type\":\"ListItem\",\"position\":3,\"name\":\"AVEC VOUS, O\u00d9 QUE VOUS SOYEZ\u00a0\"}]},{\"@type\":\"WebSite\",\"@id\":\"https:\/\/www.meler.cn\/fr\/#website\",\"url\":\"https:\/\/www.meler.cn\/fr\/\",\"name\":\"Meler\",\"description\":\"Just another WordPress site\",\"potentialAction\":[{\"@type\":\"SearchAction\",\"target\":{\"@type\":\"EntryPoint\",\"urlTemplate\":\"https:\/\/www.meler.cn\/fr\/?s={search_term_string}\"},\"query-input\":\"required name=search_term_string\"}],\"inLanguage\":\"fr-FR\"}]}<\/script>\n<!-- \/ Yoast SEO plugin. -->","yoast_head_json":{"title":"Nous sommes pr\u00e8s de chez vous, d\u00e9couvrez le bureau le plus proche - Meler","description":"Localisez votre distributeur le plus proche et d\u00e9couvrez comment Meler peut stimuler votre activit\u00e9.","robots":{"index":"index","follow":"follow","max-snippet":"max-snippet:-1","max-image-preview":"max-image-preview:large","max-video-preview":"max-video-preview:-1"},"canonical":"https:\/\/www.meler.cn\/fr\/meler\/meler-dans-le-monde\/","og_locale":"fr_FR","og_type":"article","og_title":"Nous sommes pr\u00e8s de chez vous, d\u00e9couvrez le bureau le plus proche - Meler","og_description":"Localisez votre distributeur le plus proche et d\u00e9couvrez comment Meler peut stimuler votre activit\u00e9.","og_url":"https:\/\/www.meler.cn\/fr\/meler\/meler-dans-le-monde\/","og_site_name":"Meler","article_modified_time":"2024-12-09T15:59:35+00:00","og_image":[{"width":1920,"height":780,"url":"https:\/\/www.meler.cn\/media\/header-meler-en-el-mundo-meler.png","type":"image\/png"}],"twitter_card":"summary_large_image","twitter_misc":{"Dur\u00e9e de lecture estim\u00e9e":"2 minutes"},"schema":{"@context":"https:\/\/schema.org","@graph":[{"@type":"WebPage","@id":"https:\/\/www.meler.cn\/fr\/meler\/meler-dans-le-monde\/","url":"https:\/\/www.meler.cn\/fr\/meler\/meler-dans-le-monde\/","name":"Nous sommes pr\u00e8s de chez vous, d\u00e9couvrez le bureau le plus proche - Meler","isPartOf":{"@id":"https:\/\/www.meler.cn\/fr\/#website"},"datePublished":"2022-11-28T08:41:57+00:00","dateModified":"2024-12-09T15:59:35+00:00","description":"Localisez votre distributeur le plus proche et d\u00e9couvrez comment Meler peut stimuler votre activit\u00e9.","breadcrumb":{"@id":"https:\/\/www.meler.cn\/fr\/meler\/meler-dans-le-monde\/#breadcrumb"},"inLanguage":"fr-FR","potentialAction":[{"@type":"ReadAction","target":["https:\/\/www.meler.cn\/fr\/meler\/meler-dans-le-monde\/"]}]},{"@type":"BreadcrumbList","@id":"https:\/\/www.meler.cn\/fr\/meler\/meler-dans-le-monde\/#breadcrumb","itemListElement":[{"@type":"ListItem","position":1,"name":"Portada","item":"https:\/\/www.meler.cn\/fr\/"},{"@type":"ListItem","position":2,"name":"Meler","item":"https:\/\/20097.ttandemdigital.com\/fr\/meler\/"},{"@type":"ListItem","position":3,"name":"AVEC VOUS, O\u00d9 QUE VOUS SOYEZ\u00a0"}]},{"@type":"WebSite","@id":"https:\/\/www.meler.cn\/fr\/#website","url":"https:\/\/www.meler.cn\/fr\/","name":"Meler","description":"Just another WordPress site","potentialAction":[{"@type":"SearchAction","target":{"@type":"EntryPoint","urlTemplate":"https:\/\/www.meler.cn\/fr\/?s={search_term_string}"},"query-input":"required name=search_term_string"}],"inLanguage":"fr-FR"}]}},"_links":{"self":[{"href":"https:\/\/www.meler.cn\/fr\/wp-json\/wp\/v2\/pages\/23905"}],"collection":[{"href":"https:\/\/www.meler.cn\/fr\/wp-json\/wp\/v2\/pages"}],"about":[{"href":"https:\/\/www.meler.cn\/fr\/wp-json\/wp\/v2\/types\/page"}],"author":[{"embeddable":true,"href":"https:\/\/www.meler.cn\/fr\/wp-json\/wp\/v2\/users\/2"}],"replies":[{"embeddable":true,"href":"https:\/\/www.meler.cn\/fr\/wp-json\/wp\/v2\/comments?post=23905"}],"version-history":[{"count":22,"href":"https:\/\/www.meler.cn\/fr\/wp-json\/wp\/v2\/pages\/23905\/revisions"}],"predecessor-version":[{"id":33999,"href":"https:\/\/www.meler.cn\/fr\/wp-json\/wp\/v2\/pages\/23905\/revisions\/33999"}],"up":[{"embeddable":true,"href":"https:\/\/www.meler.cn\/fr\/wp-json\/wp\/v2\/pages\/26020"}],"wp:featuredmedia":[{"embeddable":true,"href":"https:\/\/www.meler.cn\/fr\/wp-json\/wp\/v2\/media\/12862"}],"wp:attachment":[{"href":"https:\/\/www.meler.cn\/fr\/wp-json\/wp\/v2\/media?parent=23905"}],"curies":[{"name":"wp","href":"https:\/\/api.w.org\/{rel}","templated":true}]}}