




















{"id":23871,"date":"2022-11-25T11:15:01","date_gmt":"2022-11-25T11:15:01","guid":{"rendered":"https:\/\/www.meler.eu\/nuestra-historia\/"},"modified":"2025-01-29T08:09:16","modified_gmt":"2025-01-29T08:09:16","slug":"notre-histoire","status":"publish","type":"page","link":"https:\/\/www.meler.cn\/fr\/meler\/notre-histoire\/","title":{"rendered":"Vers L\u2019avenir, depuis 1985"},"content":{"rendered":"<p>[vc_row bg_image_position=\u00a0\u00bb0 100%\u00a0\u00bb row_vertical_align=\u00a0\u00bbvalign-middle\u00a0\u00bb el_class=\u00a0\u00bbreverse-column-mobile\u00a0\u00bb][vc_column row_spacing_h=\u00a0\u00bbleft-spacing\u00a0\u00bb width=\u00a0\u00bb1\/1&Prime;][text]<\/p>\n<h2 class=\"style-01 txt-width txt-center\"><strong>Nous sommes Meler,<br \/>\nyour gluing<br \/>\nsolutions partner<\/strong><\/h2>\n<p>[\/text][\/vc_column][\/vc_row][vc_row row_vertical_align=\u00a0\u00bbvalign-middle\u00a0\u00bb][vc_column row_spacing_h=\u00a0\u00bbright-spacing\u00a0\u00bb width=\u00a0\u00bb1\/2&Prime;][text]<\/p>\n<h2 class=\"summary txt-width style-03 style-0\"><strong>1985<\/strong><br \/>\nNous commen\u00e7ons notre<br \/>\nactivit\u00e9 dans l&rsquo;application d&rsquo;adh\u00e9sifs et produits d&rsquo;etanch\u00e9it\u00e9<\/h2>\n<p>[\/text][text]Sp\u00e9cialis\u00e9s depuis plus de 40 ans dans le d\u00e9veloppement et l&rsquo;am\u00e9lioration des processus de collage, nous veillons \u00e0 ce que notre talent, notre exp\u00e9rience et nos connaissances soient le moteur de vos processus de production.[\/text][\/vc_column][vc_column width=\u00a0\u00bb1\/2&Prime;][single_image image=\u00a0\u00bb14290&Prime; image_spacing=\u00a0\u00bbspacing-v-0&Prime;][\/vc_column][\/vc_row][vc_row row_vertical_align=\u00a0\u00bbvalign-middle\u00a0\u00bb el_class=\u00a0\u00bbreverse-column-mobile\u00a0\u00bb][vc_column width=\u00a0\u00bb1\/2&Prime;][single_image image=\u00a0\u00bb14296&Prime; image_spacing=\u00a0\u00bbspacing-v-0&Prime;][\/vc_column][vc_column row_spacing_h=\u00a0\u00bbleft-spacing\u00a0\u00bb width=\u00a0\u00bb1\/2&Prime;][text]<\/p>\n<h2 class=\"summary txt-width style-03 style-0\"><strong>Aujourd&rsquo;hui<\/strong><br \/>\nNous sommes Your gluing solutions partner<\/h2>\n<p>[\/text][text]Nous travaillons avec vous \u00e0 la conception et \u00e0 la fabrication de produits et d&rsquo;installations compl\u00e8tes sur mesure. Nous am\u00e9liorons vos processus de production en mettant en \u0153uvre l&rsquo;application d&rsquo;adh\u00e9sifs par la manipulation, le chargement, la fusion, le transport et l&rsquo;application d&rsquo;adh\u00e9sifs.[\/text][\/vc_column][\/vc_row][vc_row row_vertical_align=\u00a0\u00bbvalign-middle\u00a0\u00bb][vc_column row_spacing_h=\u00a0\u00bbright-spacing\u00a0\u00bb width=\u00a0\u00bb1\/2&Prime;][text]<\/p>\n<h2 class=\"summary style-0 style-03\">Nous unissons ce qui compte, pour que tout fonctionne<\/h2>\n<p>[\/text][text]Nous sommes toujours \u00e0 vos c\u00f4t\u00e9s pour vous conseiller sur la conception, le d\u00e9veloppement et la formation de vos \u00e9quipements pour des applications adh\u00e9sives de qualit\u00e9.[\/text][\/vc_column][vc_column width=\u00a0\u00bb1\/2&Prime;][single_image image=\u00a0\u00bb14301&Prime; image_spacing=\u00a0\u00bbspacing-v-0&Prime;][\/vc_column][\/vc_row][vc_row bg_image_position=\u00a0\u00bb0 100%\u00a0\u00bb row_vertical_align=\u00a0\u00bbvalign-middle\u00a0\u00bb el_class=\u00a0\u00bbreverse-column-mobile\u00a0\u00bb][vc_column row_spacing_h=\u00a0\u00bbleft-spacing\u00a0\u00bb width=\u00a0\u00bb1\/1&Prime;][text]<\/p>\n<h2 class=\"style-01 txt-width txt-center\"><strong>En am\u00e9liorant les processus d&rsquo;encollage<br \/>\no\u00f9 que vous soyez<\/strong><\/h2>\n<p>[\/text][\/vc_column][\/vc_row][vc_row][vc_column width=\u00a0\u00bb1\/1&Prime;][video_youtube video_image=\u00a0\u00bb34962&Prime; video_url=\u00a0\u00bbhttps:\/\/www.youtube.com\/watch?v=I5Q1K726X74&amp;t=7s\u00a0\u00bb][\/vc_column][\/vc_row][vc_row row_layout=\u00a0\u00bbfull\u00a0\u00bb bg_image_position=\u00a0\u00bb50% 0&Prime;][vc_column width=\u00a0\u00bb1\/1&Prime;][CtaModule cta_item=\u00a0\u00bb21674&Prime;][\/vc_column][\/vc_row][vc_row row_slide=\u00a0\u00bbyes\u00a0\u00bb el_class=\u00a0\u00bbbg-line\u00a0\u00bb][vc_column width=\u00a0\u00bb1\/1&Prime;][vc_row_inner][vc_column_inner width=\u00a0\u00bb3\/4&Prime; row_spacing_h=\u00a0\u00bbspacing-h-0&Prime;][single_image image=\u00a0\u00bb13132&Prime;][\/vc_column_inner][vc_column_inner width=\u00a0\u00bb1\/4&Prime; row_spacing_h=\u00a0\u00bbleft-spacing\u00a0\u00bb][text]<\/p>\n<h2 class=\"style-02\">Gluing talent<\/h2>\n<p>Chez Meler, notre plus grand atout est le talent de nos collaborateurs. Une \u00e9quipe qui accompagne ses clients pour d\u00e9couvrir la bonne solution, en am\u00e9liorant l&rsquo;efficacit\u00e9 et la qualit\u00e9 des processus adh\u00e9sifs.<\/p>\n<p>D\u00e9couvrez comment nous proc\u00e9dons :<\/p>\n<ul class=\"style-02\">\n<li><a href=\"https:\/\/www.meler.cn\/fr\/servicios\/meler-support\/\">Meler Support<\/a><\/li>\n<li><a href=\"https:\/\/www.meler.cn\/fr\/servicios\/meler-lab\/\">Meler LAB<\/a><\/li>\n<li><a href=\"https:\/\/www.meler.cn\/fr\/servicios\/meler-engineering\/\">Meler ENGINEERING<\/a><\/li>\n<li><a href=\"https:\/\/www.meler.cn\/fr\/servicios\/meler-academy\/\">Meler ACADEMY<\/a><\/li>\n<\/ul>\n<p>[\/text][\/vc_column_inner][\/vc_row_inner][vc_row_inner][vc_column_inner width=\u00a0\u00bb3\/4&Prime;][single_image image=\u00a0\u00bb13137&Prime;][\/vc_column_inner][vc_column_inner width=\u00a0\u00bb1\/4&Prime; row_spacing_h=\u00a0\u00bbleft-spacing\u00a0\u00bb][text]<\/p>\n<h2 class=\"style-02\">Gluing tech<\/h2>\n<p>La combinaison de la technologie et de l&rsquo;exp\u00e9rience de Meler donne naissance \u00e0 un savoir-faire sp\u00e9cialis\u00e9 qui simplifie efficacement les processus d&rsquo;application d&rsquo;adh\u00e9sifs. Nous trouvons la solution id\u00e9ale pour chaque \u00e9tape de votre processus de fusion, de transport et d&rsquo;application d&rsquo;adh\u00e9sifs gr\u00e2ce \u00e0 la technologie la plus avanc\u00e9e du march\u00e9.<\/p>\n<p>D\u00e9couvrez nos marques sp\u00e9cialis\u00e9es :<\/p>\n<ul class=\"style-02\">\n<li><a href=\"https:\/\/www.meler.cn\/fr\/products\/specialist-brand\/micron\/\">Micron by Meler<\/a><\/li>\n<li><a href=\"https:\/\/www.meler.cn\/fr\/products\/specialist-brand\/arion\/\">Arion by Meler<\/a><\/li>\n<li><a href=\"https:\/\/www.meler.cn\/fr\/products\/specialist-brand\/raptor\/\">Raptor by Meler<\/a><\/li>\n<\/ul>\n<p>[\/text][\/vc_column_inner][\/vc_row_inner][\/vc_column][\/vc_row][vc_row row_layout=\u00a0\u00bbfull\u00a0\u00bb bg_image_position=\u00a0\u00bb50% 0&Prime; row_spacing=\u00a0\u00bbtop-spacing-med bottom-spacing-0&Prime;][vc_column width=\u00a0\u00bb1\/1&Prime;][CtaModule cta_item=\u00a0\u00bb21658&Prime;][\/vc_column][\/vc_row]<\/p>\n","protected":false},"excerpt":{"rendered":"<p>[vc_row bg_image_position=\u00a0\u00bb0 100%\u00a0\u00bb row_vertical_align=\u00a0\u00bbvalign-middle\u00a0\u00bb el_class=\u00a0\u00bbreverse-column-mobile\u00a0\u00bb][vc_column row_spacing_h=\u00a0\u00bbleft-spacing\u00a0\u00bb width=\u00a0\u00bb1\/1&Prime;][text] Nous sommes Meler, your gluing solutions partner [\/text][\/vc_column][\/vc_row][vc_row row_vertical_align=\u00a0\u00bbvalign-middle\u00a0\u00bb][vc_column row_spacing_h=\u00a0\u00bbright-spacing\u00a0\u00bb width=\u00a0\u00bb1\/2&Prime;][text] 1985 Nous commen\u00e7ons notre activit\u00e9 dans l&rsquo;application d&rsquo;adh\u00e9sifs et produits d&rsquo;etanch\u00e9it\u00e9 [\/text][text]Sp\u00e9cialis\u00e9s depuis plus de 40 ans dans le d\u00e9veloppement et l&rsquo;am\u00e9lioration des processus de collage, nous veillons \u00e0 ce que notre talent, notre exp\u00e9rience et nos [&hellip;]<\/p>\n","protected":false},"author":2,"featured_media":13186,"parent":26020,"menu_order":110,"comment_status":"closed","ping_status":"closed","template":"","meta":[],"yoast_head":"<!-- This site is optimized with the Yoast SEO plugin v20.3 - https:\/\/yoast.com\/wordpress\/plugins\/seo\/ -->\n<title>D\u00e9couvrez notre histoire et notre exp\u00e9rience depuis plus de 40 ans - Meler<\/title>\n<meta name=\"description\" content=\"Plus de 40 ans d&#039;exp\u00e9rience dans le d\u00e9veloppement et la fabrication de syst\u00e8mes pour l&#039;application d&#039;adh\u00e9sifs et de mastics.\" \/>\n<meta name=\"robots\" content=\"index, follow, max-snippet:-1, max-image-preview:large, max-video-preview:-1\" \/>\n<link rel=\"canonical\" href=\"https:\/\/www.meler.cn\/fr\/meler\/notre-histoire\/\" \/>\n<meta property=\"og:locale\" content=\"fr_FR\" \/>\n<meta property=\"og:type\" content=\"article\" \/>\n<meta property=\"og:title\" content=\"D\u00e9couvrez notre histoire et notre exp\u00e9rience depuis plus de 40 ans - Meler\" \/>\n<meta property=\"og:description\" content=\"Plus de 40 ans d&#039;exp\u00e9rience dans le d\u00e9veloppement et la fabrication de syst\u00e8mes pour l&#039;application d&#039;adh\u00e9sifs et de mastics.\" \/>\n<meta property=\"og:url\" content=\"https:\/\/www.meler.cn\/fr\/meler\/notre-histoire\/\" \/>\n<meta property=\"og:site_name\" content=\"Meler\" \/>\n<meta property=\"article:modified_time\" content=\"2025-01-29T08:09:16+00:00\" \/>\n<meta property=\"og:image\" content=\"https:\/\/20097.ttandemdigital.com\/media\/header-nuestra-historia-meler-3.png\" \/>\n\t<meta property=\"og:image:width\" content=\"1920\" \/>\n\t<meta property=\"og:image:height\" content=\"780\" \/>\n\t<meta property=\"og:image:type\" content=\"image\/png\" \/>\n<meta name=\"twitter:card\" content=\"summary_large_image\" \/>\n<meta name=\"twitter:label1\" content=\"Dur\u00e9e de lecture estim\u00e9e\" \/>\n\t<meta name=\"twitter:data1\" content=\"2 minutes\" \/>\n<script type=\"application\/ld+json\" class=\"yoast-schema-graph\">{\"@context\":\"https:\/\/schema.org\",\"@graph\":[{\"@type\":\"WebPage\",\"@id\":\"https:\/\/www.meler.cn\/fr\/meler\/notre-histoire\/\",\"url\":\"https:\/\/www.meler.cn\/fr\/meler\/notre-histoire\/\",\"name\":\"D\u00e9couvrez notre histoire et notre exp\u00e9rience depuis plus de 40 ans - Meler\",\"isPartOf\":{\"@id\":\"https:\/\/www.meler.cn\/fr\/#website\"},\"datePublished\":\"2022-11-25T11:15:01+00:00\",\"dateModified\":\"2025-01-29T08:09:16+00:00\",\"description\":\"Plus de 40 ans d'exp\u00e9rience dans le d\u00e9veloppement et la fabrication de syst\u00e8mes pour l'application d'adh\u00e9sifs et de mastics.\",\"breadcrumb\":{\"@id\":\"https:\/\/www.meler.cn\/fr\/meler\/notre-histoire\/#breadcrumb\"},\"inLanguage\":\"fr-FR\",\"potentialAction\":[{\"@type\":\"ReadAction\",\"target\":[\"https:\/\/www.meler.cn\/fr\/meler\/notre-histoire\/\"]}]},{\"@type\":\"BreadcrumbList\",\"@id\":\"https:\/\/www.meler.cn\/fr\/meler\/notre-histoire\/#breadcrumb\",\"itemListElement\":[{\"@type\":\"ListItem\",\"position\":1,\"name\":\"Portada\",\"item\":\"https:\/\/www.meler.cn\/fr\/\"},{\"@type\":\"ListItem\",\"position\":2,\"name\":\"Meler\",\"item\":\"https:\/\/20097.ttandemdigital.com\/fr\/meler\/\"},{\"@type\":\"ListItem\",\"position\":3,\"name\":\"Vers L\u2019avenir, depuis 1985\"}]},{\"@type\":\"WebSite\",\"@id\":\"https:\/\/www.meler.cn\/fr\/#website\",\"url\":\"https:\/\/www.meler.cn\/fr\/\",\"name\":\"Meler\",\"description\":\"Just another WordPress site\",\"potentialAction\":[{\"@type\":\"SearchAction\",\"target\":{\"@type\":\"EntryPoint\",\"urlTemplate\":\"https:\/\/www.meler.cn\/fr\/?s={search_term_string}\"},\"query-input\":\"required name=search_term_string\"}],\"inLanguage\":\"fr-FR\"}]}<\/script>\n<!-- \/ Yoast SEO plugin. -->","yoast_head_json":{"title":"D\u00e9couvrez notre histoire et notre exp\u00e9rience depuis plus de 40 ans - Meler","description":"Plus de 40 ans d'exp\u00e9rience dans le d\u00e9veloppement et la fabrication de syst\u00e8mes pour l'application d'adh\u00e9sifs et de mastics.","robots":{"index":"index","follow":"follow","max-snippet":"max-snippet:-1","max-image-preview":"max-image-preview:large","max-video-preview":"max-video-preview:-1"},"canonical":"https:\/\/www.meler.cn\/fr\/meler\/notre-histoire\/","og_locale":"fr_FR","og_type":"article","og_title":"D\u00e9couvrez notre histoire et notre exp\u00e9rience depuis plus de 40 ans - Meler","og_description":"Plus de 40 ans d'exp\u00e9rience dans le d\u00e9veloppement et la fabrication de syst\u00e8mes pour l'application d'adh\u00e9sifs et de mastics.","og_url":"https:\/\/www.meler.cn\/fr\/meler\/notre-histoire\/","og_site_name":"Meler","article_modified_time":"2025-01-29T08:09:16+00:00","og_image":[{"width":1920,"height":780,"url":"https:\/\/20097.ttandemdigital.com\/media\/header-nuestra-historia-meler-3.png","type":"image\/png"}],"twitter_card":"summary_large_image","twitter_misc":{"Dur\u00e9e de lecture estim\u00e9e":"2 minutes"},"schema":{"@context":"https:\/\/schema.org","@graph":[{"@type":"WebPage","@id":"https:\/\/www.meler.cn\/fr\/meler\/notre-histoire\/","url":"https:\/\/www.meler.cn\/fr\/meler\/notre-histoire\/","name":"D\u00e9couvrez notre histoire et notre exp\u00e9rience depuis plus de 40 ans - Meler","isPartOf":{"@id":"https:\/\/www.meler.cn\/fr\/#website"},"datePublished":"2022-11-25T11:15:01+00:00","dateModified":"2025-01-29T08:09:16+00:00","description":"Plus de 40 ans d'exp\u00e9rience dans le d\u00e9veloppement et la fabrication de syst\u00e8mes pour l'application d'adh\u00e9sifs et de mastics.","breadcrumb":{"@id":"https:\/\/www.meler.cn\/fr\/meler\/notre-histoire\/#breadcrumb"},"inLanguage":"fr-FR","potentialAction":[{"@type":"ReadAction","target":["https:\/\/www.meler.cn\/fr\/meler\/notre-histoire\/"]}]},{"@type":"BreadcrumbList","@id":"https:\/\/www.meler.cn\/fr\/meler\/notre-histoire\/#breadcrumb","itemListElement":[{"@type":"ListItem","position":1,"name":"Portada","item":"https:\/\/www.meler.cn\/fr\/"},{"@type":"ListItem","position":2,"name":"Meler","item":"https:\/\/20097.ttandemdigital.com\/fr\/meler\/"},{"@type":"ListItem","position":3,"name":"Vers L\u2019avenir, depuis 1985"}]},{"@type":"WebSite","@id":"https:\/\/www.meler.cn\/fr\/#website","url":"https:\/\/www.meler.cn\/fr\/","name":"Meler","description":"Just another WordPress site","potentialAction":[{"@type":"SearchAction","target":{"@type":"EntryPoint","urlTemplate":"https:\/\/www.meler.cn\/fr\/?s={search_term_string}"},"query-input":"required name=search_term_string"}],"inLanguage":"fr-FR"}]}},"_links":{"self":[{"href":"https:\/\/www.meler.cn\/fr\/wp-json\/wp\/v2\/pages\/23871"}],"collection":[{"href":"https:\/\/www.meler.cn\/fr\/wp-json\/wp\/v2\/pages"}],"about":[{"href":"https:\/\/www.meler.cn\/fr\/wp-json\/wp\/v2\/types\/page"}],"author":[{"embeddable":true,"href":"https:\/\/www.meler.cn\/fr\/wp-json\/wp\/v2\/users\/2"}],"replies":[{"embeddable":true,"href":"https:\/\/www.meler.cn\/fr\/wp-json\/wp\/v2\/comments?post=23871"}],"version-history":[{"count":17,"href":"https:\/\/www.meler.cn\/fr\/wp-json\/wp\/v2\/pages\/23871\/revisions"}],"predecessor-version":[{"id":34970,"href":"https:\/\/www.meler.cn\/fr\/wp-json\/wp\/v2\/pages\/23871\/revisions\/34970"}],"up":[{"embeddable":true,"href":"https:\/\/www.meler.cn\/fr\/wp-json\/wp\/v2\/pages\/26020"}],"wp:featuredmedia":[{"embeddable":true,"href":"https:\/\/www.meler.cn\/fr\/wp-json\/wp\/v2\/media\/13186"}],"wp:attachment":[{"href":"https:\/\/www.meler.cn\/fr\/wp-json\/wp\/v2\/media?parent=23871"}],"curies":[{"name":"wp","href":"https:\/\/api.w.org\/{rel}","templated":true}]}}