




















{"id":22803,"date":"2022-12-30T16:30:08","date_gmt":"2022-12-30T16:30:08","guid":{"rendered":"https:\/\/www.meler.eu\/industries\/colle-thermofusible-pour-lindustrie-du-packaging\/conseguir-un-producto-100-sostenible\/"},"modified":"2023-03-22T11:30:06","modified_gmt":"2023-03-22T11:30:06","slug":"fabriquer-un-produit-100-durable","status":"publish","type":"page","link":"https:\/\/www.meler.cn\/fr\/industries\/colle-thermofusible-pour-lindustrie-du-packaging\/fabriquer-un-produit-100-durable\/","title":{"rendered":"Fabriquer un produit 100% durable"},"content":{"rendered":"<p>[vc_row show_menu_content=\u00a0\u00bbyes\u00a0\u00bb][vc_column width=\u00a0\u00bb1\/1&Prime;][text]<\/p>\n<h2 class=\"style-05\">Le d\u00e9fi<\/h2>\n<h3 class=\"style-01\">La durabilit\u00e9 y compris dans l\u2019emballage<\/h3>\n<p>Pour y parvenir, il \u00e9tait \u00e9galement n\u00e9cessaire de concevoir \u00e0 nouveau l\u2019emballage de ses bouteilles en introduisant des mat\u00e9riaux durables et d\u2019obtenir une fermeture herm\u00e9tique sans avoir recours \u00e0 l\u2019aluminium ou au plastique.<\/p>\n<p><img decoding=\"async\" loading=\"lazy\" class=\"alignnone size-medium wp-image-14577\" src=\"https:\/\/www.meler.cn\/media\/\/packaging-caso-exito-artazu-contenido-01-624x334.png\" alt=\"Une main tient un t\u00e9l\u00e9phone portable avec l'application meler\" width=\"624\" height=\"334\" srcset=\"https:\/\/www.meler.cn\/media\/packaging-caso-exito-artazu-contenido-01-624x334.png 624w, https:\/\/www.meler.cn\/media\/packaging-caso-exito-artazu-contenido-01-768x411.png 768w, https:\/\/www.meler.cn\/media\/packaging-caso-exito-artazu-contenido-01.png 841w\" sizes=\"(max-width: 624px) 100vw, 624px\" \/><\/p>\n<h2 class=\"style-05\">Notre contribution<\/h2>\n<h3 class=\"style-01\">L&rsquo;int\u00e9gration d&rsquo;un syst\u00e8me de scellement<\/h3>\n<p>En tant que sp\u00e9cialiste de l\u2019application de fluides, Meler dispose d\u2019une grande capacit\u00e9 d\u2019adaptation aux besoins sp\u00e9cifiques de chaque installation. Afin de pouvoir faire fondre le produit de scellement, une configuration personnalis\u00e9e de Micron+ 5 Piston a \u00e9t\u00e9 \u00e9labor\u00e9e \u00e0 l\u2019aide d\u2019une valve d\u2019admission sp\u00e9ciale et d\u2019un syst\u00e8me de filtrage adapt\u00e9.<\/p>\n<p>Pour obtenir une application correcte, notre contr\u00f4leur de d\u00e9pose <a href=\"#\">StarBI<\/a>a \u00e9t\u00e9 incorpor\u00e9 et avec l\u2019aide d\u2019Ander Basterra de l <a href=\"#\">\u00e9quipe technique de Meler<\/a> nous avons obtenu la pr\u00e9cision n\u00e9cessaire de mani\u00e8re \u00e0 ce que le syst\u00e8me de scellement soit parfaitement int\u00e9gr\u00e9 au processus de production : remplissage, bouchage, scellement et \u00e9tiquetage<\/p>\n<h2 class=\"style-05\">Le projet (dur\u00e9e, destination, secteur)<\/h2>\n<h3 class=\"style-01\">Une unit\u00e9 de fusion sot\u00e9e de la technologie Bluetooth(R)<\/h3>\n<p>Le Micron+ de <a href=\"https:\/\/www.bodegasartazu.com\/\" target=\"_blank\" rel=\"noopener\">Bodegas Artazu<\/a> est en outre \u00e9quip\u00e9 du Starbi, la <a href=\"#\"> nouvelle fonctionnalit\u00e9 Bluetooth\u00ae<\/a>, unique sur le march\u00e9. Eduardo Blasco, responsable \u0153nologique et vitivinicole de Bodegas y Vi\u00f1edos Artazu d\u00e9clare : \u00ab Cette nouvelle option pr\u00e9sente sur l\u2019unit\u00e9 de fusion est tr\u00e8s int\u00e9ressante parce qu\u2019ind\u00e9pendamment de l\u2019endroit o\u00f9 je me trouve dans mes installations, je peux r\u00e9agir rapidement face \u00e0 une alarme et contr\u00f4ler le syst\u00e8me de scellement \u00e0 distance tout en restant attentif \u00e0 la qualit\u00e9 des autres \u00e9tapes de la mise en bouteille. \u00bb<\/p>\n<p>Le contr\u00f4le de l\u2019\u00e9quipement en temps r\u00e9el constitue l\u2019un des avantages productifs r\u00e9sultant de l\u2019utilisation du Bluetooth\u00ae ; il existe de nombreux autres avantages, tels que l\u2019am\u00e9lioration de la s\u00e9curit\u00e9 de l\u2019op\u00e9rateur qui gagne en interactivit\u00e9 dans la manipulation des \u00e9quipements et \u00e9vite les arr\u00eats inutiles pour effectuer des changements. Les avantages de l\u2019utilisation du<a href=\"#\">Bluetooth\u00ae dans votre syst\u00e8me d\u2019application d\u2019adh\u00e9sifs sont tr\u00e8s nombreux. Connectez-vous \u00e0 l\u2019 <\/a><a href=\"#\">unit\u00e9 de fusion de l\u2019industrie 4.0 <\/a><a href=\"#\">![\/text][video_youtube video_image=\u00a0\u00bb14582&Prime; video_url=\u00a0\u00bbhttps:\/\/www.youtube.com\/watch?v=As7nOJMkd2o\u00a0\u00bb][text]<\/a><\/p>\n<h2 class=\"style-05\">T\u00e9moignage<\/h2>\n<p class=\"testimonial\"><strong>\u00ab\u00a0Je peux contr\u00f4ler l&rsquo;unit\u00e9 de fusion depuis mon t\u00e9l\u00e9phone portable dans mes locaux et, \u00e0 tout moment, je peux r\u00e9agir tr\u00e8s rapidement \u00e0 d&rsquo;\u00e9ventuelles alarmes.\u00a0\u00bb<br \/>\n<\/strong>Eduardo Blasco (responsable de l&rsquo;\u0153nologie \u00e0 Bodegas Artazu)<\/p>\n<h2 class=\"style-05\">Impact<\/h2>\n<ul class=\"style-03\">\n<li>Reconversion \u00e9cologique du syst\u00e8me de bouchage des bouteilles<\/li>\n<li>Contr\u00f4le \u00e0 distance des principaux param\u00e8tres du syst\u00e8me<\/li>\n<li>Syst\u00e8me de production synchronis\u00e9 avec le rythme de palettisation<\/li>\n<\/ul>\n<p>[\/text][\/vc_column][\/vc_row][vc_row row_bg_color=\u00a0\u00bbbg-04&Prime; row_spacing=\u00a0\u00bbtop-spacing bottom-spacing-0&Prime;][vc_column width=\u00a0\u00bb1\/1&Prime;][text]<\/p>\n<h2 class=\"txt-center style-01\">Nos produits<\/h2>\n<p>[\/text][vc_tta_tabs][vc_tta_section title=\u00a0\u00bbAPPLICATEURS \u00a0\u00bb tab_id=\u00a0\u00bb1672398287853-7a9cfd48-9ce4&Prime;][ttdirectory_products carousel_columns=\u00a0\u00bb4&Prime; style=\u00a0\u00bb1&Prime;][ttdirectory_product_applicators post_applicator=\u00a0\u00bb11551&Prime;][\/ttdirectory_products][\/vc_tta_section][vc_tta_section title=\u00a0\u00bbUNIT\u00c9S DE FUSION\u00a0\u00bb tab_id=\u00a0\u00bb1672398287839-e7ca709f-fefa\u00a0\u00bb][ttdirectory_products carousel_columns=\u00a0\u00bb4&Prime; style=\u00a0\u00bb1&Prime;][ttdirectory_product_melters post_melter=\u00a0\u00bb11998&Prime;][ttdirectory_product_melters post_melter=\u00a0\u00bb12026&Prime;][\/ttdirectory_products][\/vc_tta_section][vc_tta_section title=\u00a0\u00bbTUYAUX\u00a0\u00bb tab_id=\u00a0\u00bb1672749855711-64f1852e-0c1f\u00a0\u00bb][ttdirectory_products carousel_columns=\u00a0\u00bb4&Prime; style=\u00a0\u00bb1&Prime;][ttdirectory_product_hoses post_hoses=\u00a0\u00bb8065&Prime;][ttdirectory_product_hoses post_hoses=\u00a0\u00bb8068&Prime;][\/ttdirectory_products][\/vc_tta_section][vc_tta_section title=\u00a0\u00bbCONTR\u00d4LEURS\u00a0\u00bb tab_id=\u00a0\u00bb1672749869938-51dcfe86-8530&Prime;][ttdirectory_products carousel_columns=\u00a0\u00bb4&Prime; style=\u00a0\u00bb1&Prime;][ttdirectory_product_controllers post_controller=\u00a0\u00bb12297&Prime;][\/ttdirectory_products][\/vc_tta_section][vc_tta_section title=\u00a0\u00bbACCESSOIRES\u00a0\u00bb tab_id=\u00a0\u00bb1672749883495-61945bdc-af2e\u00a0\u00bb][ttdirectory_products carousel_columns=\u00a0\u00bb4&Prime; style=\u00a0\u00bb1&Prime;][ttdirectory_product_accessories post_accessories=\u00a0\u00bb15246&Prime;][ttdirectory_product_accessories post_accessories=\u00a0\u00bb15247&Prime;][\/ttdirectory_products][\/vc_tta_section][\/vc_tta_tabs][\/vc_column][\/vc_row]<\/p>\n","protected":false},"excerpt":{"rendered":"<p>[vc_row show_menu_content=\u00a0\u00bbyes\u00a0\u00bb][vc_column width=\u00a0\u00bb1\/1&Prime;][text] Le d\u00e9fi La durabilit\u00e9 y compris dans l\u2019emballage Pour y parvenir, il \u00e9tait \u00e9galement n\u00e9cessaire de concevoir \u00e0 nouveau l\u2019emballage de ses bouteilles en introduisant des mat\u00e9riaux durables et d\u2019obtenir une fermeture herm\u00e9tique sans avoir recours \u00e0 l\u2019aluminium ou au plastique. Notre contribution L&rsquo;int\u00e9gration d&rsquo;un syst\u00e8me de scellement En tant que sp\u00e9cialiste [&hellip;]<\/p>\n","protected":false},"author":1,"featured_media":741,"parent":21785,"menu_order":169,"comment_status":"closed","ping_status":"closed","template":"","meta":[],"yoast_head":"<!-- This site is optimized with the Yoast SEO plugin v20.3 - https:\/\/yoast.com\/wordpress\/plugins\/seo\/ -->\n<title>Meler am\u00e9liore le processus de production de Bodegas Artazu - Meler<\/title>\n<meta name=\"description\" content=\"Le syst\u00e8me de scellage \u00e0 grande vitesse de Meler pour une production 100% biologique \u00e0 Bodegas Artazu.\" \/>\n<meta name=\"robots\" content=\"index, follow, max-snippet:-1, max-image-preview:large, max-video-preview:-1\" \/>\n<link rel=\"canonical\" href=\"https:\/\/www.meler.cn\/fr\/industries\/colle-thermofusible-pour-lindustrie-du-packaging\/fabriquer-un-produit-100-durable\/\" \/>\n<meta property=\"og:locale\" content=\"fr_FR\" \/>\n<meta property=\"og:type\" content=\"article\" \/>\n<meta property=\"og:title\" content=\"Meler am\u00e9liore le processus de production de Bodegas Artazu - Meler\" \/>\n<meta property=\"og:description\" content=\"Le syst\u00e8me de scellage \u00e0 grande vitesse de Meler pour une production 100% biologique \u00e0 Bodegas Artazu.\" \/>\n<meta property=\"og:url\" content=\"https:\/\/www.meler.cn\/fr\/industries\/colle-thermofusible-pour-lindustrie-du-packaging\/fabriquer-un-produit-100-durable\/\" \/>\n<meta property=\"og:site_name\" content=\"Meler\" \/>\n<meta property=\"article:modified_time\" content=\"2023-03-22T11:30:06+00:00\" \/>\n<meta property=\"og:image\" content=\"https:\/\/20097.ttandemdigital.com\/media\/header-industrias-construccion-caso-exito-bodega-artazu.png\" \/>\n\t<meta property=\"og:image:width\" content=\"1920\" \/>\n\t<meta property=\"og:image:height\" content=\"552\" \/>\n\t<meta property=\"og:image:type\" content=\"image\/jpeg\" \/>\n<meta name=\"twitter:card\" content=\"summary_large_image\" \/>\n<meta name=\"twitter:label1\" content=\"Dur\u00e9e de lecture estim\u00e9e\" \/>\n\t<meta name=\"twitter:data1\" content=\"3 minutes\" \/>\n<script type=\"application\/ld+json\" class=\"yoast-schema-graph\">{\"@context\":\"https:\/\/schema.org\",\"@graph\":[{\"@type\":\"WebPage\",\"@id\":\"https:\/\/www.meler.cn\/fr\/industries\/colle-thermofusible-pour-lindustrie-du-packaging\/fabriquer-un-produit-100-durable\/\",\"url\":\"https:\/\/www.meler.cn\/fr\/industries\/colle-thermofusible-pour-lindustrie-du-packaging\/fabriquer-un-produit-100-durable\/\",\"name\":\"Meler am\u00e9liore le processus de production de Bodegas Artazu - Meler\",\"isPartOf\":{\"@id\":\"https:\/\/www.meler.cn\/fr\/#website\"},\"datePublished\":\"2022-12-30T16:30:08+00:00\",\"dateModified\":\"2023-03-22T11:30:06+00:00\",\"description\":\"Le syst\u00e8me de scellage \u00e0 grande vitesse de Meler pour une production 100% biologique \u00e0 Bodegas Artazu.\",\"breadcrumb\":{\"@id\":\"https:\/\/www.meler.cn\/fr\/industries\/colle-thermofusible-pour-lindustrie-du-packaging\/fabriquer-un-produit-100-durable\/#breadcrumb\"},\"inLanguage\":\"fr-FR\",\"potentialAction\":[{\"@type\":\"ReadAction\",\"target\":[\"https:\/\/www.meler.cn\/fr\/industries\/colle-thermofusible-pour-lindustrie-du-packaging\/fabriquer-un-produit-100-durable\/\"]}]},{\"@type\":\"BreadcrumbList\",\"@id\":\"https:\/\/www.meler.cn\/fr\/industries\/colle-thermofusible-pour-lindustrie-du-packaging\/fabriquer-un-produit-100-durable\/#breadcrumb\",\"itemListElement\":[{\"@type\":\"ListItem\",\"position\":1,\"name\":\"Portada\",\"item\":\"https:\/\/www.meler.cn\/fr\/\"},{\"@type\":\"ListItem\",\"position\":2,\"name\":\"industries\",\"item\":\"https:\/\/20097.ttandemdigital.com\/fr\/industries\/\"},{\"@type\":\"ListItem\",\"position\":3,\"name\":\"Colle thermofusible pour l\u2019industrie du packaging\",\"item\":\"https:\/\/20097.ttandemdigital.com\/fr\/industries\/colle-thermofusible-pour-lindustrie-du-packaging\/\"},{\"@type\":\"ListItem\",\"position\":4,\"name\":\"Fabriquer un produit 100% durable\"}]},{\"@type\":\"WebSite\",\"@id\":\"https:\/\/www.meler.cn\/fr\/#website\",\"url\":\"https:\/\/www.meler.cn\/fr\/\",\"name\":\"Meler\",\"description\":\"Just another WordPress site\",\"potentialAction\":[{\"@type\":\"SearchAction\",\"target\":{\"@type\":\"EntryPoint\",\"urlTemplate\":\"https:\/\/www.meler.cn\/fr\/?s={search_term_string}\"},\"query-input\":\"required name=search_term_string\"}],\"inLanguage\":\"fr-FR\"}]}<\/script>\n<!-- \/ Yoast SEO plugin. -->","yoast_head_json":{"title":"Meler am\u00e9liore le processus de production de Bodegas Artazu - Meler","description":"Le syst\u00e8me de scellage \u00e0 grande vitesse de Meler pour une production 100% biologique \u00e0 Bodegas Artazu.","robots":{"index":"index","follow":"follow","max-snippet":"max-snippet:-1","max-image-preview":"max-image-preview:large","max-video-preview":"max-video-preview:-1"},"canonical":"https:\/\/www.meler.cn\/fr\/industries\/colle-thermofusible-pour-lindustrie-du-packaging\/fabriquer-un-produit-100-durable\/","og_locale":"fr_FR","og_type":"article","og_title":"Meler am\u00e9liore le processus de production de Bodegas Artazu - Meler","og_description":"Le syst\u00e8me de scellage \u00e0 grande vitesse de Meler pour une production 100% biologique \u00e0 Bodegas Artazu.","og_url":"https:\/\/www.meler.cn\/fr\/industries\/colle-thermofusible-pour-lindustrie-du-packaging\/fabriquer-un-produit-100-durable\/","og_site_name":"Meler","article_modified_time":"2023-03-22T11:30:06+00:00","og_image":[{"width":1920,"height":552,"url":"https:\/\/20097.ttandemdigital.com\/media\/header-industrias-construccion-caso-exito-bodega-artazu.png","type":"image\/jpeg"}],"twitter_card":"summary_large_image","twitter_misc":{"Dur\u00e9e de lecture estim\u00e9e":"3 minutes"},"schema":{"@context":"https:\/\/schema.org","@graph":[{"@type":"WebPage","@id":"https:\/\/www.meler.cn\/fr\/industries\/colle-thermofusible-pour-lindustrie-du-packaging\/fabriquer-un-produit-100-durable\/","url":"https:\/\/www.meler.cn\/fr\/industries\/colle-thermofusible-pour-lindustrie-du-packaging\/fabriquer-un-produit-100-durable\/","name":"Meler am\u00e9liore le processus de production de Bodegas Artazu - Meler","isPartOf":{"@id":"https:\/\/www.meler.cn\/fr\/#website"},"datePublished":"2022-12-30T16:30:08+00:00","dateModified":"2023-03-22T11:30:06+00:00","description":"Le syst\u00e8me de scellage \u00e0 grande vitesse de Meler pour une production 100% biologique \u00e0 Bodegas Artazu.","breadcrumb":{"@id":"https:\/\/www.meler.cn\/fr\/industries\/colle-thermofusible-pour-lindustrie-du-packaging\/fabriquer-un-produit-100-durable\/#breadcrumb"},"inLanguage":"fr-FR","potentialAction":[{"@type":"ReadAction","target":["https:\/\/www.meler.cn\/fr\/industries\/colle-thermofusible-pour-lindustrie-du-packaging\/fabriquer-un-produit-100-durable\/"]}]},{"@type":"BreadcrumbList","@id":"https:\/\/www.meler.cn\/fr\/industries\/colle-thermofusible-pour-lindustrie-du-packaging\/fabriquer-un-produit-100-durable\/#breadcrumb","itemListElement":[{"@type":"ListItem","position":1,"name":"Portada","item":"https:\/\/www.meler.cn\/fr\/"},{"@type":"ListItem","position":2,"name":"industries","item":"https:\/\/20097.ttandemdigital.com\/fr\/industries\/"},{"@type":"ListItem","position":3,"name":"Colle thermofusible pour l\u2019industrie du packaging","item":"https:\/\/20097.ttandemdigital.com\/fr\/industries\/colle-thermofusible-pour-lindustrie-du-packaging\/"},{"@type":"ListItem","position":4,"name":"Fabriquer un produit 100% durable"}]},{"@type":"WebSite","@id":"https:\/\/www.meler.cn\/fr\/#website","url":"https:\/\/www.meler.cn\/fr\/","name":"Meler","description":"Just another WordPress site","potentialAction":[{"@type":"SearchAction","target":{"@type":"EntryPoint","urlTemplate":"https:\/\/www.meler.cn\/fr\/?s={search_term_string}"},"query-input":"required name=search_term_string"}],"inLanguage":"fr-FR"}]}},"_links":{"self":[{"href":"https:\/\/www.meler.cn\/fr\/wp-json\/wp\/v2\/pages\/22803"}],"collection":[{"href":"https:\/\/www.meler.cn\/fr\/wp-json\/wp\/v2\/pages"}],"about":[{"href":"https:\/\/www.meler.cn\/fr\/wp-json\/wp\/v2\/types\/page"}],"author":[{"embeddable":true,"href":"https:\/\/www.meler.cn\/fr\/wp-json\/wp\/v2\/users\/1"}],"replies":[{"embeddable":true,"href":"https:\/\/www.meler.cn\/fr\/wp-json\/wp\/v2\/comments?post=22803"}],"version-history":[{"count":3,"href":"https:\/\/www.meler.cn\/fr\/wp-json\/wp\/v2\/pages\/22803\/revisions"}],"predecessor-version":[{"id":27203,"href":"https:\/\/www.meler.cn\/fr\/wp-json\/wp\/v2\/pages\/22803\/revisions\/27203"}],"up":[{"embeddable":true,"href":"https:\/\/www.meler.cn\/fr\/wp-json\/wp\/v2\/pages\/21785"}],"wp:featuredmedia":[{"embeddable":true,"href":"https:\/\/www.meler.cn\/fr\/wp-json\/wp\/v2\/media\/741"}],"wp:attachment":[{"href":"https:\/\/www.meler.cn\/fr\/wp-json\/wp\/v2\/media?parent=22803"}],"curies":[{"name":"wp","href":"https:\/\/api.w.org\/{rel}","templated":true}]}}