




















{"id":22792,"date":"2023-01-04T09:37:12","date_gmt":"2023-01-04T09:37:12","guid":{"rendered":"https:\/\/www.meler.eu\/industries\/assemblage-de-produits-avec-colle-thermofusible\/nuevo-equipamiento-hot-melt-para-mejorar-la-productividad\/"},"modified":"2023-03-22T11:29:57","modified_gmt":"2023-03-22T11:29:57","slug":"nouvel-equipement-hot-melt-pour-ameliorer-la-productivite","status":"publish","type":"page","link":"https:\/\/www.meler.cn\/fr\/industries\/assemblage-de-produits-avec-colle-thermofusible\/nouvel-equipement-hot-melt-pour-ameliorer-la-productivite\/","title":{"rendered":"Nouvel \u00e9quipement hot-melt pour am\u00e9liorer la productivit\u00e9"},"content":{"rendered":"<p>[vc_row show_menu_content=\u00a0\u00bbyes\u00a0\u00bb][vc_column row_spacing_h=\u00a0\u00bbleft-spacing\u00a0\u00bb width=\u00a0\u00bb1\/1&Prime;][single_image image=\u00a0\u00bb14996&Prime;][text]<\/p>\n<h2 class=\"style-05\">Le d\u00e9fi<\/h2>\n<h3 class=\"style-01\">Les solutions personnalis\u00e9es de Molygran<\/h3>\n<p><a href=\"https:\/\/www.molygran.com\/\" target=\"_blank\" rel=\"noopener\">Molygran<\/a> est une entreprise sp\u00e9cialis\u00e9e dans la cr\u00e9ation de produits d\u2019emballage en polystyr\u00e8ne. Ces produits sont form\u00e9s de grandes pi\u00e8ces en m\u00e9tal d\u00e9coup\u00e9es sur mesure et assembl\u00e9es manuellement pour cr\u00e9er des solutions personnalis\u00e9es. Dans ce processus, la vitesse et la consistance de la jointure sont fondamentales. Pour Molygran, la souplesse constitue \u00e9galement une variable importante. Chaque commande est diff\u00e9rente et les processus de production doivent s\u2019adapter \u00e0 cette personnalisation.<\/p>\n<h2 class=\"style-05\">Notre contribution<\/h2>\n<h3 class=\"style-01\">Comment am\u00e9liorer la productivit\u00e9 de l\u2019assemblage industriel ?<\/h3>\n<p>Meler travaille depuis des dizaines d\u2019ann\u00e9es en tant que concepteur de <a href=\"#\"> solutions d\u2019adh\u00e9sivage pour le secteur de l\u2019assemblage<\/a>et propose des machines adapt\u00e9es aux besoins de chaque client et de chaque fabrication. Pour l\u2019industrie de la chaussure ou les secteurs de la cosm\u00e9tique et de l\u2019\u00e9lectronique, les syst\u00e8mes d\u2019application d\u2019adh\u00e9sifs repr\u00e9sentent une part essentielle de leur processus de production-<\/p>\n<h2 class=\"style-05\">Le projet (dur\u00e9e, destination, secteur)<\/h2>\n<h3 class=\"style-01\">Un \u00e9quipement hot-melt pour am\u00e9liorer la productivit\u00e9<\/h3>\n<p>Compte tenu de ce point de d\u00e9part, Meler a repens\u00e9 la conception de son \u00e9quipement de colle hot-melt en incluant une unit\u00e9 de fusion plus rapide et un applicateur plus polyvalent, capable de doser la colle sous forme de cordon ou de spirale.<\/p>\n<p>[\/text][video_youtube video_url=\u00a0\u00bbhttps:\/\/www.youtube.com\/watch?v=PsrBhzL5wss\u00a0\u00bb][text]<\/p>\n<h2 class=\"style-05\">T\u00e9moignage<\/h2>\n<p class=\"testimonial\"><strong>\u00ab Le nouveau syst\u00e8me fonctionne tr\u00e8s bien. Si nous augmentons notre production, nous pourrons acqu\u00e9rir deux ou trois nouvelles machines de ce type tr\u00e8s bient\u00f4t. \u00bb<br \/>\n<\/strong>Keith Fairhurst, directeur g\u00e9n\u00e9ral de Molygran<\/p>\n<h2 class=\"style-05\">Impact<\/h2>\n<ul class=\"style-03\">\n<li>Une plus grande flexibilit\u00e9 dans le processus de production<\/li>\n<li>Am\u00e9lioration de l&rsquo;ergonomie pour l&rsquo;op\u00e9rateur<\/li>\n<li>Renforcement de la relation client-fournisseur<\/li>\n<\/ul>\n<p>[\/text][\/vc_column][\/vc_row][vc_row row_bg_color=\u00a0\u00bbbg-04&Prime; row_spacing=\u00a0\u00bbtop-spacing bottom-spacing\u00a0\u00bb][vc_column width=\u00a0\u00bb1\/1&Prime;][text]<\/p>\n<h2 class=\"txt-center style-01\">Nos produits<\/h2>\n<p class=\"txt-center\"><a class=\"button\" href=\"https:\/\/www.meler.cn\/fr\/produits\/\">Voir produits<\/a><\/p>\n<p>[\/text][vc_tta_tabs active_section=\u00a0\u00bb1&Prime; css=\u00a0\u00bb.vc_custom_1675179663479{padding-top: 60px !important;}\u00a0\u00bb][vc_tta_section title=\u00a0\u00bbAPPLICATEURS \u00a0\u00bb tab_id=\u00a0\u00bb1672850567436-3e59e318-552d\u00a0\u00bb][ttdirectory_products carousel_columns=\u00a0\u00bb4&Prime; style=\u00a0\u00bb1&Prime;][ttdirectory_product_applicators post_applicator=\u00a0\u00bb15438&Prime;][\/ttdirectory_products][\/vc_tta_section][vc_tta_section title=\u00a0\u00bbUNIT\u00c9S DE FUSION\u00a0\u00bb tab_id=\u00a0\u00bb1672398287839-e7ca709f-fefa\u00a0\u00bb][ttdirectory_products carousel_columns=\u00a0\u00bb4&Prime; style=\u00a0\u00bb1&Prime;][ttdirectory_product_melters post_melter=\u00a0\u00bb12026&Prime;][ttdirectory_product_melters post_melter=\u00a0\u00bb12707&Prime;][ttdirectory_product_melters post_melter=\u00a0\u00bb15427&Prime;][\/ttdirectory_products][\/vc_tta_section][vc_tta_section title=\u00a0\u00bbTUYAUX\u00a0\u00bb tab_id=\u00a0\u00bb1672398287853-7a9cfd48-9ce4&Prime;][ttdirectory_products carousel_columns=\u00a0\u00bb4&Prime; style=\u00a0\u00bb1&Prime;][ttdirectory_product_hoses post_hoses=\u00a0\u00bb8069&Prime;][ttdirectory_product_hoses post_hoses=\u00a0\u00bb8068&Prime;][ttdirectory_product_hoses post_hoses=\u00a0\u00bb8071&Prime;][\/ttdirectory_products][\/vc_tta_section][vc_tta_section title=\u00a0\u00bbCONTR\u00d4LEURS\u00a0\u00bb tab_id=\u00a0\u00bb1672850589776-0ed467ca-00b4&Prime;][ttdirectory_products carousel_columns=\u00a0\u00bb4&Prime; style=\u00a0\u00bb1&Prime;][ttdirectory_product_controllers post_controller=\u00a0\u00bb12297&Prime;][ttdirectory_product_controllers post_controller=\u00a0\u00bb15244&Prime;][\/ttdirectory_products][\/vc_tta_section][vc_tta_section title=\u00a0\u00bbACCESSOIRES\u00a0\u00bb tab_id=\u00a0\u00bb1672850603274-02fd0ac1-4bce\u00a0\u00bb][ttdirectory_products carousel_columns=\u00a0\u00bb4&Prime; style=\u00a0\u00bb1&Prime;][ttdirectory_product_accessories post_accessories=\u00a0\u00bb15246&Prime;][ttdirectory_product_accessories post_accessories=\u00a0\u00bb15247&Prime;][\/ttdirectory_products][\/vc_tta_section][\/vc_tta_tabs][\/vc_column][\/vc_row]<\/p>\n","protected":false},"excerpt":{"rendered":"<p>[vc_row show_menu_content=\u00a0\u00bbyes\u00a0\u00bb][vc_column row_spacing_h=\u00a0\u00bbleft-spacing\u00a0\u00bb width=\u00a0\u00bb1\/1&Prime;][single_image image=\u00a0\u00bb14996&Prime;][text] Le d\u00e9fi Les solutions personnalis\u00e9es de Molygran Molygran est une entreprise sp\u00e9cialis\u00e9e dans la cr\u00e9ation de produits d\u2019emballage en polystyr\u00e8ne. Ces produits sont form\u00e9s de grandes pi\u00e8ces en m\u00e9tal d\u00e9coup\u00e9es sur mesure et assembl\u00e9es manuellement pour cr\u00e9er des solutions personnalis\u00e9es. Dans ce processus, la vitesse et la consistance de la [&hellip;]<\/p>\n","protected":false},"author":1,"featured_media":15003,"parent":22159,"menu_order":178,"comment_status":"closed","ping_status":"closed","template":"","meta":[],"yoast_head":"<!-- This site is optimized with the Yoast SEO plugin v20.3 - https:\/\/yoast.com\/wordpress\/plugins\/seo\/ -->\n<title>Un nouvel \u00e9quipement de thermofusion pour am\u00e9liorer la productivit\u00e9<\/title>\n<meta name=\"description\" content=\"Solutions Meler pour augmenter les processus de production dans l&#039;industrie de l&#039;assemblage avec un fondoir de pointe et un applicateur manuel.\" \/>\n<meta name=\"robots\" content=\"index, follow, max-snippet:-1, max-image-preview:large, max-video-preview:-1\" \/>\n<link rel=\"canonical\" href=\"https:\/\/www.meler.cn\/fr\/industries\/assemblage-de-produits-avec-colle-thermofusible\/nouvel-equipement-hot-melt-pour-ameliorer-la-productivite\/\" \/>\n<meta property=\"og:locale\" content=\"fr_FR\" \/>\n<meta property=\"og:type\" content=\"article\" \/>\n<meta property=\"og:title\" content=\"Un nouvel \u00e9quipement de thermofusion pour am\u00e9liorer la productivit\u00e9\" \/>\n<meta property=\"og:description\" content=\"Solutions Meler pour augmenter les processus de production dans l&#039;industrie de l&#039;assemblage avec un fondoir de pointe et un applicateur manuel.\" \/>\n<meta property=\"og:url\" content=\"https:\/\/www.meler.cn\/fr\/industries\/assemblage-de-produits-avec-colle-thermofusible\/nouvel-equipement-hot-melt-pour-ameliorer-la-productivite\/\" \/>\n<meta property=\"og:site_name\" content=\"Meler\" \/>\n<meta property=\"article:modified_time\" content=\"2023-03-22T11:29:57+00:00\" \/>\n<meta property=\"og:image\" content=\"https:\/\/20097.ttandemdigital.com\/media\/header-industrias-caso-exito-Molygran-meler.png\" \/>\n\t<meta property=\"og:image:width\" content=\"1920\" \/>\n\t<meta property=\"og:image:height\" content=\"780\" \/>\n\t<meta property=\"og:image:type\" content=\"image\/png\" \/>\n<meta name=\"twitter:card\" content=\"summary_large_image\" \/>\n<meta name=\"twitter:label1\" content=\"Dur\u00e9e de lecture estim\u00e9e\" \/>\n\t<meta name=\"twitter:data1\" content=\"2 minutes\" \/>\n<script type=\"application\/ld+json\" class=\"yoast-schema-graph\">{\"@context\":\"https:\/\/schema.org\",\"@graph\":[{\"@type\":\"WebPage\",\"@id\":\"https:\/\/www.meler.cn\/fr\/industries\/assemblage-de-produits-avec-colle-thermofusible\/nouvel-equipement-hot-melt-pour-ameliorer-la-productivite\/\",\"url\":\"https:\/\/www.meler.cn\/fr\/industries\/assemblage-de-produits-avec-colle-thermofusible\/nouvel-equipement-hot-melt-pour-ameliorer-la-productivite\/\",\"name\":\"Un nouvel \u00e9quipement de thermofusion pour am\u00e9liorer la productivit\u00e9\",\"isPartOf\":{\"@id\":\"https:\/\/www.meler.cn\/fr\/#website\"},\"datePublished\":\"2023-01-04T09:37:12+00:00\",\"dateModified\":\"2023-03-22T11:29:57+00:00\",\"description\":\"Solutions Meler pour augmenter les processus de production dans l'industrie de l'assemblage avec un fondoir de pointe et un applicateur manuel.\",\"breadcrumb\":{\"@id\":\"https:\/\/www.meler.cn\/fr\/industries\/assemblage-de-produits-avec-colle-thermofusible\/nouvel-equipement-hot-melt-pour-ameliorer-la-productivite\/#breadcrumb\"},\"inLanguage\":\"fr-FR\",\"potentialAction\":[{\"@type\":\"ReadAction\",\"target\":[\"https:\/\/www.meler.cn\/fr\/industries\/assemblage-de-produits-avec-colle-thermofusible\/nouvel-equipement-hot-melt-pour-ameliorer-la-productivite\/\"]}]},{\"@type\":\"BreadcrumbList\",\"@id\":\"https:\/\/www.meler.cn\/fr\/industries\/assemblage-de-produits-avec-colle-thermofusible\/nouvel-equipement-hot-melt-pour-ameliorer-la-productivite\/#breadcrumb\",\"itemListElement\":[{\"@type\":\"ListItem\",\"position\":1,\"name\":\"Portada\",\"item\":\"https:\/\/www.meler.cn\/fr\/\"},{\"@type\":\"ListItem\",\"position\":2,\"name\":\"industries\",\"item\":\"https:\/\/20097.ttandemdigital.com\/fr\/industries\/\"},{\"@type\":\"ListItem\",\"position\":3,\"name\":\"Assemblage de produits avec colle thermofusible\",\"item\":\"https:\/\/20097.ttandemdigital.com\/fr\/industries\/assemblage-de-produits-avec-colle-thermofusible\/\"},{\"@type\":\"ListItem\",\"position\":4,\"name\":\"Nouvel \u00e9quipement hot-melt pour am\u00e9liorer la productivit\u00e9\"}]},{\"@type\":\"WebSite\",\"@id\":\"https:\/\/www.meler.cn\/fr\/#website\",\"url\":\"https:\/\/www.meler.cn\/fr\/\",\"name\":\"Meler\",\"description\":\"Just another WordPress site\",\"potentialAction\":[{\"@type\":\"SearchAction\",\"target\":{\"@type\":\"EntryPoint\",\"urlTemplate\":\"https:\/\/www.meler.cn\/fr\/?s={search_term_string}\"},\"query-input\":\"required name=search_term_string\"}],\"inLanguage\":\"fr-FR\"}]}<\/script>\n<!-- \/ Yoast SEO plugin. -->","yoast_head_json":{"title":"Un nouvel \u00e9quipement de thermofusion pour am\u00e9liorer la productivit\u00e9","description":"Solutions Meler pour augmenter les processus de production dans l'industrie de l'assemblage avec un fondoir de pointe et un applicateur manuel.","robots":{"index":"index","follow":"follow","max-snippet":"max-snippet:-1","max-image-preview":"max-image-preview:large","max-video-preview":"max-video-preview:-1"},"canonical":"https:\/\/www.meler.cn\/fr\/industries\/assemblage-de-produits-avec-colle-thermofusible\/nouvel-equipement-hot-melt-pour-ameliorer-la-productivite\/","og_locale":"fr_FR","og_type":"article","og_title":"Un nouvel \u00e9quipement de thermofusion pour am\u00e9liorer la productivit\u00e9","og_description":"Solutions Meler pour augmenter les processus de production dans l'industrie de l'assemblage avec un fondoir de pointe et un applicateur manuel.","og_url":"https:\/\/www.meler.cn\/fr\/industries\/assemblage-de-produits-avec-colle-thermofusible\/nouvel-equipement-hot-melt-pour-ameliorer-la-productivite\/","og_site_name":"Meler","article_modified_time":"2023-03-22T11:29:57+00:00","og_image":[{"width":1920,"height":780,"url":"https:\/\/20097.ttandemdigital.com\/media\/header-industrias-caso-exito-Molygran-meler.png","type":"image\/png"}],"twitter_card":"summary_large_image","twitter_misc":{"Dur\u00e9e de lecture estim\u00e9e":"2 minutes"},"schema":{"@context":"https:\/\/schema.org","@graph":[{"@type":"WebPage","@id":"https:\/\/www.meler.cn\/fr\/industries\/assemblage-de-produits-avec-colle-thermofusible\/nouvel-equipement-hot-melt-pour-ameliorer-la-productivite\/","url":"https:\/\/www.meler.cn\/fr\/industries\/assemblage-de-produits-avec-colle-thermofusible\/nouvel-equipement-hot-melt-pour-ameliorer-la-productivite\/","name":"Un nouvel \u00e9quipement de thermofusion pour am\u00e9liorer la productivit\u00e9","isPartOf":{"@id":"https:\/\/www.meler.cn\/fr\/#website"},"datePublished":"2023-01-04T09:37:12+00:00","dateModified":"2023-03-22T11:29:57+00:00","description":"Solutions Meler pour augmenter les processus de production dans l'industrie de l'assemblage avec un fondoir de pointe et un applicateur manuel.","breadcrumb":{"@id":"https:\/\/www.meler.cn\/fr\/industries\/assemblage-de-produits-avec-colle-thermofusible\/nouvel-equipement-hot-melt-pour-ameliorer-la-productivite\/#breadcrumb"},"inLanguage":"fr-FR","potentialAction":[{"@type":"ReadAction","target":["https:\/\/www.meler.cn\/fr\/industries\/assemblage-de-produits-avec-colle-thermofusible\/nouvel-equipement-hot-melt-pour-ameliorer-la-productivite\/"]}]},{"@type":"BreadcrumbList","@id":"https:\/\/www.meler.cn\/fr\/industries\/assemblage-de-produits-avec-colle-thermofusible\/nouvel-equipement-hot-melt-pour-ameliorer-la-productivite\/#breadcrumb","itemListElement":[{"@type":"ListItem","position":1,"name":"Portada","item":"https:\/\/www.meler.cn\/fr\/"},{"@type":"ListItem","position":2,"name":"industries","item":"https:\/\/20097.ttandemdigital.com\/fr\/industries\/"},{"@type":"ListItem","position":3,"name":"Assemblage de produits avec colle thermofusible","item":"https:\/\/20097.ttandemdigital.com\/fr\/industries\/assemblage-de-produits-avec-colle-thermofusible\/"},{"@type":"ListItem","position":4,"name":"Nouvel \u00e9quipement hot-melt pour am\u00e9liorer la productivit\u00e9"}]},{"@type":"WebSite","@id":"https:\/\/www.meler.cn\/fr\/#website","url":"https:\/\/www.meler.cn\/fr\/","name":"Meler","description":"Just another WordPress site","potentialAction":[{"@type":"SearchAction","target":{"@type":"EntryPoint","urlTemplate":"https:\/\/www.meler.cn\/fr\/?s={search_term_string}"},"query-input":"required name=search_term_string"}],"inLanguage":"fr-FR"}]}},"_links":{"self":[{"href":"https:\/\/www.meler.cn\/fr\/wp-json\/wp\/v2\/pages\/22792"}],"collection":[{"href":"https:\/\/www.meler.cn\/fr\/wp-json\/wp\/v2\/pages"}],"about":[{"href":"https:\/\/www.meler.cn\/fr\/wp-json\/wp\/v2\/types\/page"}],"author":[{"embeddable":true,"href":"https:\/\/www.meler.cn\/fr\/wp-json\/wp\/v2\/users\/1"}],"replies":[{"embeddable":true,"href":"https:\/\/www.meler.cn\/fr\/wp-json\/wp\/v2\/comments?post=22792"}],"version-history":[{"count":3,"href":"https:\/\/www.meler.cn\/fr\/wp-json\/wp\/v2\/pages\/22792\/revisions"}],"predecessor-version":[{"id":27202,"href":"https:\/\/www.meler.cn\/fr\/wp-json\/wp\/v2\/pages\/22792\/revisions\/27202"}],"up":[{"embeddable":true,"href":"https:\/\/www.meler.cn\/fr\/wp-json\/wp\/v2\/pages\/22159"}],"wp:featuredmedia":[{"embeddable":true,"href":"https:\/\/www.meler.cn\/fr\/wp-json\/wp\/v2\/media\/15003"}],"wp:attachment":[{"href":"https:\/\/www.meler.cn\/fr\/wp-json\/wp\/v2\/media?parent=22792"}],"curies":[{"name":"wp","href":"https:\/\/api.w.org\/{rel}","templated":true}]}}