




















{"id":22779,"date":"2023-01-04T09:35:32","date_gmt":"2023-01-04T09:35:32","guid":{"rendered":"https:\/\/www.meler.eu\/industries\/colle-thermofusible-dans-lindustrie-du-bois\/optimizar-el-laminado-de-cantos-con-adhesivos-reactivos\/"},"modified":"2025-01-29T11:55:51","modified_gmt":"2025-01-29T11:55:51","slug":"optimiser-le-lamine-des-chanfreins-avec-des-colles-reactives","status":"publish","type":"page","link":"https:\/\/www.meler.cn\/fr\/industries\/colle-thermofusible-dans-lindustrie-du-bois\/optimiser-le-lamine-des-chanfreins-avec-des-colles-reactives\/","title":{"rendered":"Optimiser le lamin\u00e9 des chanfreins avec des colles r\u00e9actives"},"content":{"rendered":"<p>[vc_row show_menu_content=\u00a0\u00bbyes\u00a0\u00bb][vc_column row_spacing_h=\u00a0\u00bbleft-spacing\u00a0\u00bb width=\u00a0\u00bb1\/1&Prime;][single_image image=\u00a0\u00bb14755&Prime;][text]<\/p>\n<h2 class=\"style-05\">Le d\u00e9fi<\/h2>\n<h3 class=\"style-01\">Optimiser le lamin\u00e9 des chanfreins avec des colles PUR<\/h3>\n<p>JJ Cocinas, experte fabrication de meubles de cuisine, initie un changement productif dans l&rsquo;une de ses lignes de fabrication d\u00e9di\u00e9es \u00e0 la stratification des bords, en s&rsquo;appuyant sur l&rsquo;\u00e9quipe de Meler. [\/text][single_image image=\u00a0\u00bb14760&Prime; image_spacing=\u00a0\u00bbtop-spacing-med bottom-spacing-0&Prime;][text]<\/p>\n<h2 class=\"style-05\">Notre contribution<\/h2>\n<h3 class=\"style-01\">L&rsquo;int\u00e9gration d&rsquo;un syst\u00e8me de chanfreinage avec de colles PUR<\/h3>\n<p>Ce sont d\u00e9sormais le meuble de qualit\u00e9 et l\u2019am\u00e9lioration des proc\u00e9d\u00e9s qui sont mis en valeur. C\u2019est pr\u00e9cis\u00e9ment \u00e0 cette \u00e9tape qu\u2019intervient Meler : \u00ab Les connaissances approfondies de l\u2019\u00e9quipe technique de Focke Meler dans l\u2019application des adh\u00e9sifs structurels ont servi \u00e0 am\u00e9liorer les crit\u00e8res de travail \u00bb.<\/p>\n<p>Jos\u00e9 Miguel Casado, technicien de Focke Meler sp\u00e9cialis\u00e9 dans l\u2019utilisation des polyur\u00e9thanes r\u00e9actifs dans l\u2019industrie, nous explique : \u00ab Les PUR actuels am\u00e9liorent la productivit\u00e9 et garantissent la qualit\u00e9 du produit final, y compris au niveau des exportations. Mais ils impliquent de nouveaux d\u00e9fis pour nos clients car leur utilisation entra\u00eene un changement de production. Pour \u00e9viter les r\u00e9ticulations d\u2019adh\u00e9sif, ils doivent modifier les proc\u00e9d\u00e9s de nettoyage et de maintenance, outre le contr\u00f4le de la temp\u00e9rature, qui doit \u00eatre plus pr\u00e9cis. C\u2019est pour cette raison que notre travail en tant que technicien est primordial \u00bb.[\/text][video_youtube video_url=\u00a0\u00bbhttps:\/\/www.youtube.com\/watch?v=W20c3Tl8GdY&amp;t=1s\u00a0\u00bb][text]<\/p>\n<h2 class=\"style-05\">Le projet (dur\u00e9e, destination, secteur)<\/h2>\n<h3 class=\"style-01\">Les avantages du syst\u00e8me de lamination<\/h3>\n<p>Bien que les applications se ressemblent, chaque installation est unique et chacun de nos clients poss\u00e8de ses propres processus de production, ce qui rend indispensable une attention personnalis\u00e9e et professionnelle.<\/p>\n<p>Jes\u00fas de Abajo, directeur de JJ Cocinas, explique quels sont les avantages, en mati\u00e8re de production, du syst\u00e8me de lamination avec <a href=\"https:\/\/www.meler.cn\/fr\/produits\/applicateurs\/tete-lamination-de-chants\/\">applicateur de chants <\/a> par rapport \u00e0 l\u2019utilisation du syst\u00e8me \u00e0 rouleaux.<\/p>\n<h2 class=\"style-05\">T\u00e9moignage<\/h2>\n<p class=\"testimonial\"><strong>\u00ab\u00a0Lorsque vous lancez un projet pour changer votre production, il est important de savoir qu&rsquo;il y a une entreprise derri\u00e8re vous qui vous soutiendra\u00a0\u00bb.<br \/>\n<\/strong>Jes\u00fas de Abajo (Gerente de JJCocinas)<\/p>\n<h2 class=\"style-05\">Impact<\/h2>\n<ul class=\"style-03\">\n<li>Am\u00e9lioration de la qualit\u00e9 du produit final<\/li>\n<li>Augmentation de la productivit\u00e9<\/li>\n<li>Augmentation de la comp\u00e9titivit\u00e9 des entreprises<\/li>\n<\/ul>\n<p>[\/text][\/vc_column][\/vc_row][vc_row row_layout=\u00a0\u00bbfull\u00a0\u00bb][vc_column width=\u00a0\u00bb1\/1&Prime;][ttdirectory_gallery carousel_columns=\u00a0\u00bb4&Prime; gallery_type=\u00a0\u00bbstyle-01&Prime; gallery_carousel=\u00a0\u00bbslide\u00a0\u00bb][single_image image=\u00a0\u00bb14770&Prime;][single_image image=\u00a0\u00bb14715&Prime;][single_image image=\u00a0\u00bb14720&Prime;][single_image image=\u00a0\u00bb14725&Prime;][single_image image=\u00a0\u00bb14730&Prime;][single_image image=\u00a0\u00bb14735&Prime;][single_image image=\u00a0\u00bb11067&Prime;][single_image image=\u00a0\u00bb14745&Prime;][\/ttdirectory_gallery][\/vc_column][\/vc_row][vc_row row_bg_color=\u00a0\u00bbbg-04&Prime; row_spacing=\u00a0\u00bbtop-spacing bottom-spacing-0&Prime;][vc_column width=\u00a0\u00bb1\/1&Prime;][text]<\/p>\n<h2 class=\"txt-center style-01\">Nos produits<\/h2>\n<p>[\/text][vc_tta_tabs][vc_tta_section title=\u00a0\u00bbAPPLICATEURS\u00a0\u00bb tab_id=\u00a0\u00bb1672398287853-7a9cfd48-9ce4&Prime;][ttdirectory_products carousel_columns=\u00a0\u00bb4&Prime; style=\u00a0\u00bb1&Prime;][ttdirectory_product_applicators post_applicator=\u00a0\u00bb24105&Prime;][ttdirectory_product_applicators post_applicator=\u00a0\u00bb23788&Prime;][ttdirectory_product_applicators post_applicator=\u00a0\u00bb23954&Prime;][\/ttdirectory_products][\/vc_tta_section][vc_tta_section title=\u00a0\u00bbUNIT\u00c9S DE FUSION\u00a0\u00bb tab_id=\u00a0\u00bb1672398287839-e7ca709f-fefa\u00a0\u00bb][ttdirectory_products carousel_columns=\u00a0\u00bb4&Prime; style=\u00a0\u00bb1&Prime;][ttdirectory_product_melters post_melter=\u00a0\u00bb26108&Prime;][ttdirectory_product_melters post_melter=\u00a0\u00bb25228&Prime;][ttdirectory_product_melters post_melter=\u00a0\u00bb26118&Prime;][\/ttdirectory_products][\/vc_tta_section][vc_tta_section title=\u00a0\u00bbTUYAUX\u00a0\u00bb tab_id=\u00a0\u00bb1672846711717-70806b95-a42b\u00a0\u00bb][ttdirectory_products carousel_columns=\u00a0\u00bb4&Prime; style=\u00a0\u00bb1&Prime;][ttdirectory_product_hoses post_hoses=\u00a0\u00bb22097&Prime;][ttdirectory_product_hoses post_hoses=\u00a0\u00bb22140&Prime;][\/ttdirectory_products][\/vc_tta_section][vc_tta_section title=\u00a0\u00bbCONTR\u00d4LEURS\u00a0\u00bb tab_id=\u00a0\u00bb1672846727459-c551c768-260b\u00a0\u00bb][ttdirectory_products carousel_columns=\u00a0\u00bb4&Prime; style=\u00a0\u00bb1&Prime;][ttdirectory_product_controllers post_controller=\u00a0\u00bb27551&Prime;][\/ttdirectory_products][\/vc_tta_section][vc_tta_section title=\u00a0\u00bbACCESSOIRES\u00a0\u00bb tab_id=\u00a0\u00bb1672846743252-7c5f2148-1f6a\u00a0\u00bb][ttdirectory_products carousel_columns=\u00a0\u00bb4&Prime; style=\u00a0\u00bb1&Prime;][ttdirectory_product_accessories post_accessories=\u00a0\u00bb22715&Prime;][ttdirectory_product_accessories post_accessories=\u00a0\u00bb23641&Prime;][\/ttdirectory_products][\/vc_tta_section][\/vc_tta_tabs][\/vc_column][\/vc_row]<\/p>\n","protected":false},"excerpt":{"rendered":"<p>[vc_row show_menu_content=\u00a0\u00bbyes\u00a0\u00bb][vc_column row_spacing_h=\u00a0\u00bbleft-spacing\u00a0\u00bb width=\u00a0\u00bb1\/1&Prime;][single_image image=\u00a0\u00bb14755&Prime;][text] Le d\u00e9fi Optimiser le lamin\u00e9 des chanfreins avec des colles PUR JJ Cocinas, experte fabrication de meubles de cuisine, initie un changement productif dans l&rsquo;une de ses lignes de fabrication d\u00e9di\u00e9es \u00e0 la stratification des bords, en s&rsquo;appuyant sur l&rsquo;\u00e9quipe de Meler. [\/text][single_image image=\u00a0\u00bb14760&Prime; image_spacing=\u00a0\u00bbtop-spacing-med bottom-spacing-0&Prime;][text] Notre contribution L&rsquo;int\u00e9gration d&rsquo;un [&hellip;]<\/p>\n","protected":false},"author":1,"featured_media":22674,"parent":22043,"menu_order":225,"comment_status":"closed","ping_status":"closed","template":"","meta":[],"yoast_head":"<!-- This site is optimized with the Yoast SEO plugin v20.3 - https:\/\/yoast.com\/wordpress\/plugins\/seo\/ -->\n<title>\u00c9tude de cas : JJ Cocinas a augment\u00e9 ses processus de production gr\u00e2ce \u00e0 Meler<\/title>\n<meta name=\"description\" content=\"Meler installe une plaqueuse de chants dans la ligne de fabrication de JJ Cocinas pour am\u00e9liorer ses processus de production.\" \/>\n<meta name=\"robots\" content=\"index, follow, max-snippet:-1, max-image-preview:large, max-video-preview:-1\" \/>\n<link rel=\"canonical\" href=\"https:\/\/www.meler.cn\/fr\/industries\/colle-thermofusible-dans-lindustrie-du-bois\/optimiser-le-lamine-des-chanfreins-avec-des-colles-reactives\/\" \/>\n<meta property=\"og:locale\" content=\"fr_FR\" \/>\n<meta property=\"og:type\" content=\"article\" \/>\n<meta property=\"og:title\" content=\"\u00c9tude de cas : JJ Cocinas a augment\u00e9 ses processus de production gr\u00e2ce \u00e0 Meler\" \/>\n<meta property=\"og:description\" content=\"Meler installe une plaqueuse de chants dans la ligne de fabrication de JJ Cocinas pour am\u00e9liorer ses processus de production.\" \/>\n<meta property=\"og:url\" content=\"https:\/\/www.meler.cn\/fr\/industries\/colle-thermofusible-dans-lindustrie-du-bois\/optimiser-le-lamine-des-chanfreins-avec-des-colles-reactives\/\" \/>\n<meta property=\"og:site_name\" content=\"Meler\" \/>\n<meta property=\"article:modified_time\" content=\"2025-01-29T11:55:51+00:00\" \/>\n<meta property=\"og:image\" content=\"https:\/\/20097.ttandemdigital.com\/media\/header-home-caso-exito-cocinas-jj-meler.png\" \/>\n\t<meta property=\"og:image:width\" content=\"1920\" \/>\n\t<meta property=\"og:image:height\" content=\"780\" \/>\n\t<meta property=\"og:image:type\" content=\"image\/png\" \/>\n<meta name=\"twitter:card\" content=\"summary_large_image\" \/>\n<meta name=\"twitter:label1\" content=\"Dur\u00e9e de lecture estim\u00e9e\" \/>\n\t<meta name=\"twitter:data1\" content=\"2 minutes\" \/>\n<script type=\"application\/ld+json\" class=\"yoast-schema-graph\">{\"@context\":\"https:\/\/schema.org\",\"@graph\":[{\"@type\":\"WebPage\",\"@id\":\"https:\/\/www.meler.cn\/fr\/industries\/colle-thermofusible-dans-lindustrie-du-bois\/optimiser-le-lamine-des-chanfreins-avec-des-colles-reactives\/\",\"url\":\"https:\/\/www.meler.cn\/fr\/industries\/colle-thermofusible-dans-lindustrie-du-bois\/optimiser-le-lamine-des-chanfreins-avec-des-colles-reactives\/\",\"name\":\"\u00c9tude de cas : JJ Cocinas a augment\u00e9 ses processus de production gr\u00e2ce \u00e0 Meler\",\"isPartOf\":{\"@id\":\"https:\/\/www.meler.cn\/fr\/#website\"},\"datePublished\":\"2023-01-04T09:35:32+00:00\",\"dateModified\":\"2025-01-29T11:55:51+00:00\",\"description\":\"Meler installe une plaqueuse de chants dans la ligne de fabrication de JJ Cocinas pour am\u00e9liorer ses processus de production.\",\"breadcrumb\":{\"@id\":\"https:\/\/www.meler.cn\/fr\/industries\/colle-thermofusible-dans-lindustrie-du-bois\/optimiser-le-lamine-des-chanfreins-avec-des-colles-reactives\/#breadcrumb\"},\"inLanguage\":\"fr-FR\",\"potentialAction\":[{\"@type\":\"ReadAction\",\"target\":[\"https:\/\/www.meler.cn\/fr\/industries\/colle-thermofusible-dans-lindustrie-du-bois\/optimiser-le-lamine-des-chanfreins-avec-des-colles-reactives\/\"]}]},{\"@type\":\"BreadcrumbList\",\"@id\":\"https:\/\/www.meler.cn\/fr\/industries\/colle-thermofusible-dans-lindustrie-du-bois\/optimiser-le-lamine-des-chanfreins-avec-des-colles-reactives\/#breadcrumb\",\"itemListElement\":[{\"@type\":\"ListItem\",\"position\":1,\"name\":\"Portada\",\"item\":\"https:\/\/www.meler.cn\/fr\/\"},{\"@type\":\"ListItem\",\"position\":2,\"name\":\"industries\",\"item\":\"https:\/\/20097.ttandemdigital.com\/fr\/industries\/\"},{\"@type\":\"ListItem\",\"position\":3,\"name\":\"Colle thermofusible dans l\u2019industrie du bois\",\"item\":\"https:\/\/20097.ttandemdigital.com\/fr\/industries\/colle-thermofusible-dans-lindustrie-du-bois\/\"},{\"@type\":\"ListItem\",\"position\":4,\"name\":\"Optimiser le lamin\u00e9 des chanfreins avec des colles r\u00e9actives\"}]},{\"@type\":\"WebSite\",\"@id\":\"https:\/\/www.meler.cn\/fr\/#website\",\"url\":\"https:\/\/www.meler.cn\/fr\/\",\"name\":\"Meler\",\"description\":\"Just another WordPress site\",\"potentialAction\":[{\"@type\":\"SearchAction\",\"target\":{\"@type\":\"EntryPoint\",\"urlTemplate\":\"https:\/\/www.meler.cn\/fr\/?s={search_term_string}\"},\"query-input\":\"required name=search_term_string\"}],\"inLanguage\":\"fr-FR\"}]}<\/script>\n<!-- \/ Yoast SEO plugin. -->","yoast_head_json":{"title":"\u00c9tude de cas : JJ Cocinas a augment\u00e9 ses processus de production gr\u00e2ce \u00e0 Meler","description":"Meler installe une plaqueuse de chants dans la ligne de fabrication de JJ Cocinas pour am\u00e9liorer ses processus de production.","robots":{"index":"index","follow":"follow","max-snippet":"max-snippet:-1","max-image-preview":"max-image-preview:large","max-video-preview":"max-video-preview:-1"},"canonical":"https:\/\/www.meler.cn\/fr\/industries\/colle-thermofusible-dans-lindustrie-du-bois\/optimiser-le-lamine-des-chanfreins-avec-des-colles-reactives\/","og_locale":"fr_FR","og_type":"article","og_title":"\u00c9tude de cas : JJ Cocinas a augment\u00e9 ses processus de production gr\u00e2ce \u00e0 Meler","og_description":"Meler installe une plaqueuse de chants dans la ligne de fabrication de JJ Cocinas pour am\u00e9liorer ses processus de production.","og_url":"https:\/\/www.meler.cn\/fr\/industries\/colle-thermofusible-dans-lindustrie-du-bois\/optimiser-le-lamine-des-chanfreins-avec-des-colles-reactives\/","og_site_name":"Meler","article_modified_time":"2025-01-29T11:55:51+00:00","og_image":[{"width":1920,"height":780,"url":"https:\/\/20097.ttandemdigital.com\/media\/header-home-caso-exito-cocinas-jj-meler.png","type":"image\/png"}],"twitter_card":"summary_large_image","twitter_misc":{"Dur\u00e9e de lecture estim\u00e9e":"2 minutes"},"schema":{"@context":"https:\/\/schema.org","@graph":[{"@type":"WebPage","@id":"https:\/\/www.meler.cn\/fr\/industries\/colle-thermofusible-dans-lindustrie-du-bois\/optimiser-le-lamine-des-chanfreins-avec-des-colles-reactives\/","url":"https:\/\/www.meler.cn\/fr\/industries\/colle-thermofusible-dans-lindustrie-du-bois\/optimiser-le-lamine-des-chanfreins-avec-des-colles-reactives\/","name":"\u00c9tude de cas : JJ Cocinas a augment\u00e9 ses processus de production gr\u00e2ce \u00e0 Meler","isPartOf":{"@id":"https:\/\/www.meler.cn\/fr\/#website"},"datePublished":"2023-01-04T09:35:32+00:00","dateModified":"2025-01-29T11:55:51+00:00","description":"Meler installe une plaqueuse de chants dans la ligne de fabrication de JJ Cocinas pour am\u00e9liorer ses processus de production.","breadcrumb":{"@id":"https:\/\/www.meler.cn\/fr\/industries\/colle-thermofusible-dans-lindustrie-du-bois\/optimiser-le-lamine-des-chanfreins-avec-des-colles-reactives\/#breadcrumb"},"inLanguage":"fr-FR","potentialAction":[{"@type":"ReadAction","target":["https:\/\/www.meler.cn\/fr\/industries\/colle-thermofusible-dans-lindustrie-du-bois\/optimiser-le-lamine-des-chanfreins-avec-des-colles-reactives\/"]}]},{"@type":"BreadcrumbList","@id":"https:\/\/www.meler.cn\/fr\/industries\/colle-thermofusible-dans-lindustrie-du-bois\/optimiser-le-lamine-des-chanfreins-avec-des-colles-reactives\/#breadcrumb","itemListElement":[{"@type":"ListItem","position":1,"name":"Portada","item":"https:\/\/www.meler.cn\/fr\/"},{"@type":"ListItem","position":2,"name":"industries","item":"https:\/\/20097.ttandemdigital.com\/fr\/industries\/"},{"@type":"ListItem","position":3,"name":"Colle thermofusible dans l\u2019industrie du bois","item":"https:\/\/20097.ttandemdigital.com\/fr\/industries\/colle-thermofusible-dans-lindustrie-du-bois\/"},{"@type":"ListItem","position":4,"name":"Optimiser le lamin\u00e9 des chanfreins avec des colles r\u00e9actives"}]},{"@type":"WebSite","@id":"https:\/\/www.meler.cn\/fr\/#website","url":"https:\/\/www.meler.cn\/fr\/","name":"Meler","description":"Just another WordPress site","potentialAction":[{"@type":"SearchAction","target":{"@type":"EntryPoint","urlTemplate":"https:\/\/www.meler.cn\/fr\/?s={search_term_string}"},"query-input":"required name=search_term_string"}],"inLanguage":"fr-FR"}]}},"_links":{"self":[{"href":"https:\/\/www.meler.cn\/fr\/wp-json\/wp\/v2\/pages\/22779"}],"collection":[{"href":"https:\/\/www.meler.cn\/fr\/wp-json\/wp\/v2\/pages"}],"about":[{"href":"https:\/\/www.meler.cn\/fr\/wp-json\/wp\/v2\/types\/page"}],"author":[{"embeddable":true,"href":"https:\/\/www.meler.cn\/fr\/wp-json\/wp\/v2\/users\/1"}],"replies":[{"embeddable":true,"href":"https:\/\/www.meler.cn\/fr\/wp-json\/wp\/v2\/comments?post=22779"}],"version-history":[{"count":6,"href":"https:\/\/www.meler.cn\/fr\/wp-json\/wp\/v2\/pages\/22779\/revisions"}],"predecessor-version":[{"id":35049,"href":"https:\/\/www.meler.cn\/fr\/wp-json\/wp\/v2\/pages\/22779\/revisions\/35049"}],"up":[{"embeddable":true,"href":"https:\/\/www.meler.cn\/fr\/wp-json\/wp\/v2\/pages\/22043"}],"wp:featuredmedia":[{"embeddable":true,"href":"https:\/\/www.meler.cn\/fr\/wp-json\/wp\/v2\/media\/22674"}],"wp:attachment":[{"href":"https:\/\/www.meler.cn\/fr\/wp-json\/wp\/v2\/media?parent=22779"}],"curies":[{"name":"wp","href":"https:\/\/api.w.org\/{rel}","templated":true}]}}