




















{"id":22616,"date":"2023-01-04T09:38:29","date_gmt":"2023-01-04T09:38:29","guid":{"rendered":"https:\/\/www.meler.eu\/industries\/systemes-thermofusibles-pour-arts-graphiques\/industrias-mas-ecologicas\/"},"modified":"2024-08-30T10:31:25","modified_gmt":"2024-08-30T10:31:25","slug":"industries-plus-ecologiques","status":"publish","type":"page","link":"https:\/\/www.meler.cn\/fr\/industries\/systemes-thermofusibles-pour-arts-graphiques\/industries-plus-ecologiques\/","title":{"rendered":"Industries plus \u00e9cologiques"},"content":{"rendered":"<p>[vc_row show_menu_content=\u00a0\u00bbyes\u00a0\u00bb][vc_column row_spacing_h=\u00a0\u00bbleft-spacing\u00a0\u00bb width=\u00a0\u00bb1\/1&Prime;][single_image image=\u00a0\u00bb16311&Prime;][text]<\/p>\n<h2 class=\"style-05\">Le d\u00e9fi<\/h2>\n<h3 class=\"style-01\">Remplacer les emballages en plastique par des emballages en papier<\/h3>\n<p><a href=\"https:\/\/www.mailroommachines.com\/\" target=\"_blank\" rel=\"noopener\">Mailroom Machines Ltd<\/a>, en charge de ce d\u00e9veloppement, est une soci\u00e9t\u00e9 sp\u00e9cialis\u00e9e dans la fabrication de machines dans le secteur de la Poste, ainsi que dans des solutions d\u2019envois de documents.<br \/>\nTenant compte de l\u2019\u00e9volution de la Soci\u00e9t\u00e9 dans le domaine de l\u2019Environnement, MML s\u2019engage \u00e0 d\u00e9velopper et mettre au point des solutions d\u2019emballage en papier en remplacement du plastique.[\/text][single_image image=\u00a0\u00bb16301&Prime;][text]<\/p>\n<h2 class=\"style-05\">Notre contribution<\/h2>\n<p>Meler participe dans un Projet innovant d\u2019ing\u00e9nierie pour l\u2019Industrie du Packaging qui consiste \u00e0 remplacer les emballages en plastique par des emballages en papier avec des r\u00e9sultats \u00e9tonnants.<\/p>\n<h2 class=\"style-05\">Le projet (dur\u00e9e, destination, secteur)<\/h2>\n<h3 class=\"style-01\">Un syst\u00e8me complet<\/h3>\n<p>L\u2019installation de Meler, incluant un <a href=\"https:\/\/www.meler.cn\/es\/productos\/fusores\/micron-el-fusor-disenado-para-la-industria-4-0\/\">Micron +<\/a>,un programmateur de d\u00e9pose <a href=\"https:\/\/www.meler.cn\/es\/productos\/controladores\/starbi\/\">StarBI<\/a>, un <a href=\"https:\/\/www.meler.cn\/es\/productos\/aplicadores\/cordon-pistolas-unificado\/\">aplicador MU<\/a> et deux tuyaux, signifie un \u00e9l\u00e9ment cl\u00e9 dans cette machine plus \u201cverte\u201d.<br \/>\nL\u2019\u00e9quipement Meler permettra une application, plus pr\u00e9cise et continue, d\u2019adh\u00e9sifs Hot Melt qui contribue \u00e0 un Packaging plus \u00e9cologique.<br \/>\nCette vid\u00e9o repr\u00e9sente un vrai succ\u00e8s d\u2019une \u00e9quipe technique multidisciplinaire.Paul Jones et son Equipe, ainsi que <a href=\"https:\/\/www.google.com\/maps\/place\/Focke+Meler+UK\/@53.4149544,-2.6112503,17z\/data=!3m1!4b1!4m5!3m4!1s0x487b03242ad5bd87:0x1951c7d8b26a448!8m2!3d53.4149573!4d-2.6112615\" target=\"_blank\" rel=\"noopener\">Meler UK<\/a> ont rendu ce projet possible. \u00a1F\u00e9licitations![\/text][video_youtube video_url=\u00a0\u00bbhttps:\/\/www.youtube.com\/watch?v=ppV5HVIluh4&amp;feature=emb_logo\u00a0\u00bb][text]<\/p>\n<h2 class=\"style-05\">T\u00e9moignage<\/h2>\n<p class=\"testimonial\"><strong>\u00ab\u00a0Meler \u00e9tait le partenaire id\u00e9al pour r\u00e9aliser notre nouvelle solution de pointe en mati\u00e8re d&#8217;emballage du papier.\u00a0\u00bb<br \/>\n<\/strong>Paul Jones (directeur de Mailroom Machines Ltd)<\/p>\n<h2 class=\"style-05\">Impact<\/h2>\n<ul class=\"style-03\">\n<li>Reconversion \u00e9cologique de la ligne de conditionnement sans investissement \u00e9conomique majeur<\/li>\n<li>Flexibilit\u00e9 pour appliquer les adh\u00e9sifs sur diff\u00e9rents substrats<\/li>\n<li>Syst\u00e8me compatible avec diff\u00e9rents formats d&rsquo;application<\/li>\n<\/ul>\n<p>[\/text][\/vc_column][\/vc_row][vc_row row_bg_color=\u00a0\u00bbbg-04&Prime; row_spacing=\u00a0\u00bbtop-spacing bottom-spacing-0&Prime;][vc_column width=\u00a0\u00bb1\/1&Prime;][text]<\/p>\n<h2 class=\"txt-center style-01\">NOS PRODUITS<\/h2>\n<p class=\"txt-center\"><a class=\"button\" href=\"https:\/\/www.meler.cn\/fr\/produits\/\">Voir produits<\/a><\/p>\n<p>[\/text][vc_tta_tabs][vc_tta_section title=\u00a0\u00bbAPPLICATEURS\u00a0\u00bb tab_id=\u00a0\u00bb1672398287853-7a9cfd48-9ce4&Prime;][ttdirectory_products carousel_columns=\u00a0\u00bb4&Prime; style=\u00a0\u00bb1&Prime;][ttdirectory_product_applicators post_applicator=\u00a0\u00bb23943&Prime;][\/ttdirectory_products][\/vc_tta_section][vc_tta_section title=\u00a0\u00bbUNIT\u00c9S DE FUSION\u00a0\u00bb tab_id=\u00a0\u00bb1672398287839-e7ca709f-fefa\u00a0\u00bb][ttdirectory_products carousel_columns=\u00a0\u00bb4&Prime; style=\u00a0\u00bb1&Prime;][ttdirectory_product_melters post_melter=\u00a0\u00bb23733&Prime;][\/ttdirectory_products][\/vc_tta_section][vc_tta_section title=\u00a0\u00bbTUYAUX\u00a0\u00bb tab_id=\u00a0\u00bb1672918510236-9251d1b4-ea04&Prime;][ttdirectory_products carousel_columns=\u00a0\u00bb4&Prime; style=\u00a0\u00bb1&Prime;][ttdirectory_product_hoses post_hoses=\u00a0\u00bb22097&Prime;][ttdirectory_product_hoses post_hoses=\u00a0\u00bb22085&Prime;][\/ttdirectory_products][\/vc_tta_section][vc_tta_section title=\u00a0\u00bbCONTR\u00d4LEURS\u00a0\u00bb tab_id=\u00a0\u00bb1672918535864-a01a5678-4fec\u00a0\u00bb][ttdirectory_products carousel_columns=\u00a0\u00bb4&Prime; style=\u00a0\u00bb1&Prime;][ttdirectory_product_controllers post_controller=\u00a0\u00bb27551&Prime;][\/ttdirectory_products][\/vc_tta_section][vc_tta_section title=\u00a0\u00bbACCESSOIRES\u00a0\u00bb tab_id=\u00a0\u00bb1672918552116-aad4cd4f-afb3&Prime;][ttdirectory_products carousel_columns=\u00a0\u00bb4&Prime; style=\u00a0\u00bb1&Prime;][ttdirectory_product_accessories post_accessories=\u00a0\u00bb22715&Prime;][ttdirectory_product_accessories post_accessories=\u00a0\u00bb23480&Prime;][\/ttdirectory_products][\/vc_tta_section][\/vc_tta_tabs][\/vc_column][\/vc_row]<\/p>\n","protected":false},"excerpt":{"rendered":"<p>[vc_row show_menu_content=\u00a0\u00bbyes\u00a0\u00bb][vc_column row_spacing_h=\u00a0\u00bbleft-spacing\u00a0\u00bb width=\u00a0\u00bb1\/1&Prime;][single_image image=\u00a0\u00bb16311&Prime;][text] Le d\u00e9fi Remplacer les emballages en plastique par des emballages en papier Mailroom Machines Ltd, en charge de ce d\u00e9veloppement, est une soci\u00e9t\u00e9 sp\u00e9cialis\u00e9e dans la fabrication de machines dans le secteur de la Poste, ainsi que dans des solutions d\u2019envois de documents. Tenant compte de l\u2019\u00e9volution de la Soci\u00e9t\u00e9 [&hellip;]<\/p>\n","protected":false},"author":1,"featured_media":16308,"parent":22219,"menu_order":189,"comment_status":"closed","ping_status":"closed","template":"","meta":[],"yoast_head":"<!-- This site is optimized with the Yoast SEO plugin v20.3 - https:\/\/yoast.com\/wordpress\/plugins\/seo\/ -->\n<title>Meler encourage les industries plus vertes<\/title>\n<meta name=\"description\" content=\"Application de Meler pour l&#039;industrie de l&#039;emballage qui remplace les emballages en plastique par du papier avec d&#039;excellents r\u00e9sultats.\" \/>\n<meta name=\"robots\" content=\"index, follow, max-snippet:-1, max-image-preview:large, max-video-preview:-1\" \/>\n<link rel=\"canonical\" href=\"https:\/\/www.meler.cn\/fr\/industries\/systemes-thermofusibles-pour-arts-graphiques\/industries-plus-ecologiques\/\" \/>\n<meta property=\"og:locale\" content=\"fr_FR\" \/>\n<meta property=\"og:type\" content=\"article\" \/>\n<meta property=\"og:title\" content=\"Meler encourage les industries plus vertes\" \/>\n<meta property=\"og:description\" content=\"Application de Meler pour l&#039;industrie de l&#039;emballage qui remplace les emballages en plastique par du papier avec d&#039;excellents r\u00e9sultats.\" \/>\n<meta property=\"og:url\" content=\"https:\/\/www.meler.cn\/fr\/industries\/systemes-thermofusibles-pour-arts-graphiques\/industries-plus-ecologiques\/\" \/>\n<meta property=\"og:site_name\" content=\"Meler\" \/>\n<meta property=\"article:modified_time\" content=\"2024-08-30T10:31:25+00:00\" \/>\n<meta property=\"og:image\" content=\"https:\/\/20097.ttandemdigital.com\/media\/header-industrias-caso-exito-industrias-eco-meler.png\" \/>\n\t<meta property=\"og:image:width\" content=\"1920\" \/>\n\t<meta property=\"og:image:height\" content=\"780\" \/>\n\t<meta property=\"og:image:type\" content=\"image\/png\" \/>\n<meta name=\"twitter:card\" content=\"summary_large_image\" \/>\n<meta name=\"twitter:label1\" content=\"Dur\u00e9e de lecture estim\u00e9e\" \/>\n\t<meta name=\"twitter:data1\" content=\"2 minutes\" \/>\n<script type=\"application\/ld+json\" class=\"yoast-schema-graph\">{\"@context\":\"https:\/\/schema.org\",\"@graph\":[{\"@type\":\"WebPage\",\"@id\":\"https:\/\/www.meler.cn\/fr\/industries\/systemes-thermofusibles-pour-arts-graphiques\/industries-plus-ecologiques\/\",\"url\":\"https:\/\/www.meler.cn\/fr\/industries\/systemes-thermofusibles-pour-arts-graphiques\/industries-plus-ecologiques\/\",\"name\":\"Meler encourage les industries plus vertes\",\"isPartOf\":{\"@id\":\"https:\/\/www.meler.cn\/fr\/#website\"},\"datePublished\":\"2023-01-04T09:38:29+00:00\",\"dateModified\":\"2024-08-30T10:31:25+00:00\",\"description\":\"Application de Meler pour l'industrie de l'emballage qui remplace les emballages en plastique par du papier avec d'excellents r\u00e9sultats.\",\"breadcrumb\":{\"@id\":\"https:\/\/www.meler.cn\/fr\/industries\/systemes-thermofusibles-pour-arts-graphiques\/industries-plus-ecologiques\/#breadcrumb\"},\"inLanguage\":\"fr-FR\",\"potentialAction\":[{\"@type\":\"ReadAction\",\"target\":[\"https:\/\/www.meler.cn\/fr\/industries\/systemes-thermofusibles-pour-arts-graphiques\/industries-plus-ecologiques\/\"]}]},{\"@type\":\"BreadcrumbList\",\"@id\":\"https:\/\/www.meler.cn\/fr\/industries\/systemes-thermofusibles-pour-arts-graphiques\/industries-plus-ecologiques\/#breadcrumb\",\"itemListElement\":[{\"@type\":\"ListItem\",\"position\":1,\"name\":\"Portada\",\"item\":\"https:\/\/www.meler.cn\/fr\/\"},{\"@type\":\"ListItem\",\"position\":2,\"name\":\"industries\",\"item\":\"https:\/\/20097.ttandemdigital.com\/fr\/industries\/\"},{\"@type\":\"ListItem\",\"position\":3,\"name\":\"Syst\u00e8mes thermofusibles pour arts graphiques\",\"item\":\"https:\/\/20097.ttandemdigital.com\/fr\/industries\/systemes-thermofusibles-pour-arts-graphiques\/\"},{\"@type\":\"ListItem\",\"position\":4,\"name\":\"Industries plus \u00e9cologiques\"}]},{\"@type\":\"WebSite\",\"@id\":\"https:\/\/www.meler.cn\/fr\/#website\",\"url\":\"https:\/\/www.meler.cn\/fr\/\",\"name\":\"Meler\",\"description\":\"Just another WordPress site\",\"potentialAction\":[{\"@type\":\"SearchAction\",\"target\":{\"@type\":\"EntryPoint\",\"urlTemplate\":\"https:\/\/www.meler.cn\/fr\/?s={search_term_string}\"},\"query-input\":\"required name=search_term_string\"}],\"inLanguage\":\"fr-FR\"}]}<\/script>\n<!-- \/ Yoast SEO plugin. -->","yoast_head_json":{"title":"Meler encourage les industries plus vertes","description":"Application de Meler pour l'industrie de l'emballage qui remplace les emballages en plastique par du papier avec d'excellents r\u00e9sultats.","robots":{"index":"index","follow":"follow","max-snippet":"max-snippet:-1","max-image-preview":"max-image-preview:large","max-video-preview":"max-video-preview:-1"},"canonical":"https:\/\/www.meler.cn\/fr\/industries\/systemes-thermofusibles-pour-arts-graphiques\/industries-plus-ecologiques\/","og_locale":"fr_FR","og_type":"article","og_title":"Meler encourage les industries plus vertes","og_description":"Application de Meler pour l'industrie de l'emballage qui remplace les emballages en plastique par du papier avec d'excellents r\u00e9sultats.","og_url":"https:\/\/www.meler.cn\/fr\/industries\/systemes-thermofusibles-pour-arts-graphiques\/industries-plus-ecologiques\/","og_site_name":"Meler","article_modified_time":"2024-08-30T10:31:25+00:00","og_image":[{"width":1920,"height":780,"url":"https:\/\/20097.ttandemdigital.com\/media\/header-industrias-caso-exito-industrias-eco-meler.png","type":"image\/png"}],"twitter_card":"summary_large_image","twitter_misc":{"Dur\u00e9e de lecture estim\u00e9e":"2 minutes"},"schema":{"@context":"https:\/\/schema.org","@graph":[{"@type":"WebPage","@id":"https:\/\/www.meler.cn\/fr\/industries\/systemes-thermofusibles-pour-arts-graphiques\/industries-plus-ecologiques\/","url":"https:\/\/www.meler.cn\/fr\/industries\/systemes-thermofusibles-pour-arts-graphiques\/industries-plus-ecologiques\/","name":"Meler encourage les industries plus vertes","isPartOf":{"@id":"https:\/\/www.meler.cn\/fr\/#website"},"datePublished":"2023-01-04T09:38:29+00:00","dateModified":"2024-08-30T10:31:25+00:00","description":"Application de Meler pour l'industrie de l'emballage qui remplace les emballages en plastique par du papier avec d'excellents r\u00e9sultats.","breadcrumb":{"@id":"https:\/\/www.meler.cn\/fr\/industries\/systemes-thermofusibles-pour-arts-graphiques\/industries-plus-ecologiques\/#breadcrumb"},"inLanguage":"fr-FR","potentialAction":[{"@type":"ReadAction","target":["https:\/\/www.meler.cn\/fr\/industries\/systemes-thermofusibles-pour-arts-graphiques\/industries-plus-ecologiques\/"]}]},{"@type":"BreadcrumbList","@id":"https:\/\/www.meler.cn\/fr\/industries\/systemes-thermofusibles-pour-arts-graphiques\/industries-plus-ecologiques\/#breadcrumb","itemListElement":[{"@type":"ListItem","position":1,"name":"Portada","item":"https:\/\/www.meler.cn\/fr\/"},{"@type":"ListItem","position":2,"name":"industries","item":"https:\/\/20097.ttandemdigital.com\/fr\/industries\/"},{"@type":"ListItem","position":3,"name":"Syst\u00e8mes thermofusibles pour arts graphiques","item":"https:\/\/20097.ttandemdigital.com\/fr\/industries\/systemes-thermofusibles-pour-arts-graphiques\/"},{"@type":"ListItem","position":4,"name":"Industries plus \u00e9cologiques"}]},{"@type":"WebSite","@id":"https:\/\/www.meler.cn\/fr\/#website","url":"https:\/\/www.meler.cn\/fr\/","name":"Meler","description":"Just another WordPress site","potentialAction":[{"@type":"SearchAction","target":{"@type":"EntryPoint","urlTemplate":"https:\/\/www.meler.cn\/fr\/?s={search_term_string}"},"query-input":"required name=search_term_string"}],"inLanguage":"fr-FR"}]}},"_links":{"self":[{"href":"https:\/\/www.meler.cn\/fr\/wp-json\/wp\/v2\/pages\/22616"}],"collection":[{"href":"https:\/\/www.meler.cn\/fr\/wp-json\/wp\/v2\/pages"}],"about":[{"href":"https:\/\/www.meler.cn\/fr\/wp-json\/wp\/v2\/types\/page"}],"author":[{"embeddable":true,"href":"https:\/\/www.meler.cn\/fr\/wp-json\/wp\/v2\/users\/1"}],"replies":[{"embeddable":true,"href":"https:\/\/www.meler.cn\/fr\/wp-json\/wp\/v2\/comments?post=22616"}],"version-history":[{"count":6,"href":"https:\/\/www.meler.cn\/fr\/wp-json\/wp\/v2\/pages\/22616\/revisions"}],"predecessor-version":[{"id":32829,"href":"https:\/\/www.meler.cn\/fr\/wp-json\/wp\/v2\/pages\/22616\/revisions\/32829"}],"up":[{"embeddable":true,"href":"https:\/\/www.meler.cn\/fr\/wp-json\/wp\/v2\/pages\/22219"}],"wp:featuredmedia":[{"embeddable":true,"href":"https:\/\/www.meler.cn\/fr\/wp-json\/wp\/v2\/media\/16308"}],"wp:attachment":[{"href":"https:\/\/www.meler.cn\/fr\/wp-json\/wp\/v2\/media?parent=22616"}],"curies":[{"name":"wp","href":"https:\/\/api.w.org\/{rel}","templated":true}]}}