




















{"id":22600,"date":"2023-01-04T09:33:55","date_gmt":"2023-01-04T09:33:55","guid":{"rendered":"https:\/\/www.meler.eu\/industries\/colle-thermofusible-pour-la-construction\/un-proyecto-a-medida-el-cabezal-de-cola-fria\/"},"modified":"2023-03-22T11:29:27","modified_gmt":"2023-03-22T11:29:27","slug":"un-projet-sur-mesure-la-tete-de-colle-froide","status":"publish","type":"page","link":"https:\/\/www.meler.cn\/fr\/industries\/colle-thermofusible-pour-la-construction\/un-projet-sur-mesure-la-tete-de-colle-froide\/","title":{"rendered":"Un projet sur mesure: la t\u00eate de colle froide"},"content":{"rendered":"<p>[vc_row show_menu_content=\u00a0\u00bbyes\u00a0\u00bb][vc_column row_spacing_h=\u00a0\u00bbleft-spacing\u00a0\u00bb width=\u00a0\u00bb1\/1&Prime;][single_image image=\u00a0\u00bb14816&Prime;][text]<\/p>\n<h2 class=\"style-05\">Le d\u00e9fi<\/h2>\n<h3 class=\"style-01\">D\u00e9velopper une solution personalis\u00e9e<\/h3>\n<p>Chez Meler, nous r\u00e9pondons aux besoins de nos clients et adaptons nos mod\u00e8les pour eux. \u00c0 titre d\u2019exemple, nous aimerions partager une solution con\u00e7ue pour des clients dont la principale activit\u00e9 est la fabrication de panneaux isolants, dans le secteur de la construction. Nous devions surmonter une difficult\u00e9 ; il nous fallait d\u00e9velopper une application capable d\u2019encoller les couches qui composent ces panneaux de mani\u00e8re pr\u00e9cise, efficace et rentable.[\/text][single_image image=\u00a0\u00bb14821&Prime;][text]<\/p>\n<h2 class=\"style-05\">Notre contribution<\/h2>\n<h3 class=\"style-01\">Comment d\u00e9crieriez-vous la t\u00eate multi-module de colle froide de Meler?<\/h3>\n<p>La t\u00eate de colle froide se compose de modules compatibles mont\u00e9s de mani\u00e8re lin\u00e9aire, tous pouvant \u00eatre r\u00e9gl\u00e9s individuellement pour le contr\u00f4le du grammage.<\/p>\n<p>Elle est \u00e9galement pourvue d\u2019une commande \u00e0 \u00e9lectrovannes permettant au client de r\u00e9gler la largeur de l\u2019application, d\u2019un distributeur d\u2019air pour les \u00e9lectrovannes et d\u2019un autre pour la sortie d\u2019air des modules. Gr\u00e2ce \u00e0 l\u2019ensemble de ces \u00e9l\u00e9ments, la t\u00eate de colle froide de Meler offre une pr\u00e9cision optimale lors de l\u2019application de points et de cordons, sans m\u00eame toucher la surface ou le substrat.<\/p>\n<p>Le syst\u00e8me de bacs d\u2019eau permet de laisser immerg\u00e9s les modules qui se trouvent en p\u00e9riode d\u2019inactivit\u00e9 ou qui ne seront pas utilis\u00e9s dans l\u2019application. De cette fa\u00e7on, la colle ne s\u00e8che pas lorsqu\u2019elle entre en contact avec l\u2019air, \u00e9vitant ainsi l\u2019obstruction des modules.<\/p>\n<p>La t\u00eate de colle froide Meler poss\u00e8de quatre entr\u00e9es de colle et un robinet pour l\u2019eau, ce qui facilite son nettoyage. Elle poss\u00e8de en outre une cuve de colle aliment\u00e9e depuis un r\u00e9servoir de plus grande capacit\u00e9.<\/p>\n<h2 class=\"style-05\">Le projet (dur\u00e9e, destination, secteur)<\/h2>\n<h3 class=\"style-01\">Avantages de la t\u00eate pour colle froide de Meler<\/h3>\n<ul class=\"style-03\">\n<li style=\"list-style-type: none;\">\n<ul class=\"style-03\">\n<li>Une application tr\u00e8s pr\u00e9cise, avec une distribution homog\u00e8ne : le grand conduit de distribution permet de r\u00e9partir uniform\u00e9ment la pression tout le long de l\u2019applicateur. Ainsi, la m\u00eame quantit\u00e9 de colle est toujours utilis\u00e9e \u00e0 chaque point.<\/li>\n<li>Une application flexible, puisque le nombre de cordons peut \u00eatre adapt\u00e9 en activant ou en d\u00e9sactivant les modules, au moyen des \u00e9lectrovannes. Les modules permettent en outre un r\u00e9glage individuel du grammage. De cette fa\u00e7on, le produit s\u2019adapte aux besoins de l\u2019utilisateur.<\/li>\n<li>Une application simultan\u00e9e de colle chaude pour que les deux pi\u00e8ces restent coll\u00e9es pendant les processus de manipulation du produit et lorsque la colle froide est en phase de s\u00e9chage.<\/li>\n<li>La cuve interm\u00e9diaire de colle, situ\u00e9e entre la t\u00eate elle-m\u00eame et le r\u00e9servoir de plus grande capacit\u00e9, est dot\u00e9e d\u2019un d\u00e9tecteur de niveau.<\/li>\n<\/ul>\n<\/li>\n<\/ul>\n<h2 class=\"style-05\">Impact<\/h2>\n<ul class=\"style-03\">\n<li>Ajustable aux besoins de l&rsquo;utilisateur<\/li>\n<li>Possibilit\u00e9 de processus de production simultan\u00e9s<\/li>\n<li>Contr\u00f4le autonome des param\u00e8tres de l&rsquo;application<\/li>\n<\/ul>\n<p>[\/text][\/vc_column][\/vc_row][vc_row row_bg_color=\u00a0\u00bbbg-04&Prime; row_spacing=\u00a0\u00bbtop-spacing bottom-spacing-0&Prime;][vc_column width=\u00a0\u00bb1\/1&Prime;][text]<\/p>\n<h2 class=\"txt-center style-01\">Nos Produits<\/h2>\n<p>[\/text][vc_tta_tabs][vc_tta_section title=\u00a0\u00bbAPPLICATEURS \u00a0\u00bb tab_id=\u00a0\u00bb1672398287839-e7ca709f-fefa\u00a0\u00bb][ttdirectory_products carousel_columns=\u00a0\u00bb4&Prime; style=\u00a0\u00bb1&Prime;][ttdirectory_product_applicators post_applicator=\u00a0\u00bb11551&Prime;][ttdirectory_product_applicators post_applicator=\u00a0\u00bb15435&Prime;][\/ttdirectory_products][\/vc_tta_section][vc_tta_section title=\u00a0\u00bbUNIT\u00c9S DE FUSION\u00a0\u00bb tab_id=\u00a0\u00bb1672398287853-7a9cfd48-9ce4&Prime;][ttdirectory_products carousel_columns=\u00a0\u00bb4&Prime; style=\u00a0\u00bb1&Prime;][ttdirectory_product_melters post_melter=\u00a0\u00bb15119&Prime;][ttdirectory_product_melters post_melter=\u00a0\u00bb12026&Prime;][ttdirectory_product_melters post_melter=\u00a0\u00bb15125&Prime;][\/ttdirectory_products][\/vc_tta_section][vc_tta_section title=\u00a0\u00bbTUYAUX\u00a0\u00bb tab_id=\u00a0\u00bb1672832642113-99467d1d-819f\u00a0\u00bb][ttdirectory_products carousel_columns=\u00a0\u00bb4&Prime; style=\u00a0\u00bb1&Prime;][ttdirectory_product_hoses post_hoses=\u00a0\u00bb8066&Prime;][ttdirectory_product_hoses post_hoses=\u00a0\u00bb8068&Prime;][\/ttdirectory_products][\/vc_tta_section][vc_tta_section title=\u00a0\u00bbCONTR\u00d4LEURS\u00a0\u00bb tab_id=\u00a0\u00bb1672832659791-3921bd7d-b8e8&Prime;][ttdirectory_products carousel_columns=\u00a0\u00bb4&Prime; style=\u00a0\u00bb1&Prime;][ttdirectory_product_controllers post_controller=\u00a0\u00bb12297&Prime;][ttdirectory_product_controllers post_controller=\u00a0\u00bb15244&Prime;][\/ttdirectory_products][\/vc_tta_section][vc_tta_section title=\u00a0\u00bbACCESSOIRES\u00a0\u00bb tab_id=\u00a0\u00bb1672832678810-08faf5a4-df78&Prime;][ttdirectory_products carousel_columns=\u00a0\u00bb4&Prime; style=\u00a0\u00bb1&Prime;][ttdirectory_product_accessories post_accessories=\u00a0\u00bb15246&Prime;][ttdirectory_product_accessories post_accessories=\u00a0\u00bb15407&Prime;][ttdirectory_product_accessories post_accessories=\u00a0\u00bb15408&Prime;][\/ttdirectory_products][\/vc_tta_section][\/vc_tta_tabs][\/vc_column][\/vc_row]<\/p>\n","protected":false},"excerpt":{"rendered":"<p>[vc_row show_menu_content=\u00a0\u00bbyes\u00a0\u00bb][vc_column row_spacing_h=\u00a0\u00bbleft-spacing\u00a0\u00bb width=\u00a0\u00bb1\/1&Prime;][single_image image=\u00a0\u00bb14816&Prime;][text] Le d\u00e9fi D\u00e9velopper une solution personalis\u00e9e Chez Meler, nous r\u00e9pondons aux besoins de nos clients et adaptons nos mod\u00e8les pour eux. \u00c0 titre d\u2019exemple, nous aimerions partager une solution con\u00e7ue pour des clients dont la principale activit\u00e9 est la fabrication de panneaux isolants, dans le secteur de la construction. Nous [&hellip;]<\/p>\n","protected":false},"author":1,"featured_media":15391,"parent":21943,"menu_order":246,"comment_status":"closed","ping_status":"closed","template":"","meta":[],"yoast_head":"<!-- This site is optimized with the Yoast SEO plugin v20.3 - https:\/\/yoast.com\/wordpress\/plugins\/seo\/ -->\n<title>Un projet sur mesure : la t\u00eate \u00e0 colle froide<\/title>\n<meta name=\"description\" content=\"Le syst\u00e8me de t\u00eate multi-modules de Meler dans l&#039;application de colle froide pour une application pr\u00e9cise des points et des cordons.\" \/>\n<meta name=\"robots\" content=\"index, follow, max-snippet:-1, max-image-preview:large, max-video-preview:-1\" \/>\n<link rel=\"canonical\" href=\"https:\/\/www.meler.cn\/fr\/industries\/colle-thermofusible-pour-la-construction\/un-projet-sur-mesure-la-tete-de-colle-froide\/\" \/>\n<meta property=\"og:locale\" content=\"fr_FR\" \/>\n<meta property=\"og:type\" content=\"article\" \/>\n<meta property=\"og:title\" content=\"Un projet sur mesure : la t\u00eate \u00e0 colle froide\" \/>\n<meta property=\"og:description\" content=\"Le syst\u00e8me de t\u00eate multi-modules de Meler dans l&#039;application de colle froide pour une application pr\u00e9cise des points et des cordons.\" \/>\n<meta property=\"og:url\" content=\"https:\/\/www.meler.cn\/fr\/industries\/colle-thermofusible-pour-la-construction\/un-projet-sur-mesure-la-tete-de-colle-froide\/\" \/>\n<meta property=\"og:site_name\" content=\"Meler\" \/>\n<meta property=\"article:modified_time\" content=\"2023-03-22T11:29:27+00:00\" \/>\n<meta property=\"og:image\" content=\"https:\/\/20097.ttandemdigital.com\/media\/header-industrias-construccion-caso-exito-cabezal-cola-fria.png\" \/>\n\t<meta property=\"og:image:width\" content=\"1920\" \/>\n\t<meta property=\"og:image:height\" content=\"780\" \/>\n\t<meta property=\"og:image:type\" content=\"image\/png\" \/>\n<meta name=\"twitter:card\" content=\"summary_large_image\" \/>\n<meta name=\"twitter:label1\" content=\"Dur\u00e9e de lecture estim\u00e9e\" \/>\n\t<meta name=\"twitter:data1\" content=\"3 minutes\" \/>\n<script type=\"application\/ld+json\" class=\"yoast-schema-graph\">{\"@context\":\"https:\/\/schema.org\",\"@graph\":[{\"@type\":\"WebPage\",\"@id\":\"https:\/\/www.meler.cn\/fr\/industries\/colle-thermofusible-pour-la-construction\/un-projet-sur-mesure-la-tete-de-colle-froide\/\",\"url\":\"https:\/\/www.meler.cn\/fr\/industries\/colle-thermofusible-pour-la-construction\/un-projet-sur-mesure-la-tete-de-colle-froide\/\",\"name\":\"Un projet sur mesure : la t\u00eate \u00e0 colle froide\",\"isPartOf\":{\"@id\":\"https:\/\/www.meler.cn\/fr\/#website\"},\"datePublished\":\"2023-01-04T09:33:55+00:00\",\"dateModified\":\"2023-03-22T11:29:27+00:00\",\"description\":\"Le syst\u00e8me de t\u00eate multi-modules de Meler dans l'application de colle froide pour une application pr\u00e9cise des points et des cordons.\",\"breadcrumb\":{\"@id\":\"https:\/\/www.meler.cn\/fr\/industries\/colle-thermofusible-pour-la-construction\/un-projet-sur-mesure-la-tete-de-colle-froide\/#breadcrumb\"},\"inLanguage\":\"fr-FR\",\"potentialAction\":[{\"@type\":\"ReadAction\",\"target\":[\"https:\/\/www.meler.cn\/fr\/industries\/colle-thermofusible-pour-la-construction\/un-projet-sur-mesure-la-tete-de-colle-froide\/\"]}]},{\"@type\":\"BreadcrumbList\",\"@id\":\"https:\/\/www.meler.cn\/fr\/industries\/colle-thermofusible-pour-la-construction\/un-projet-sur-mesure-la-tete-de-colle-froide\/#breadcrumb\",\"itemListElement\":[{\"@type\":\"ListItem\",\"position\":1,\"name\":\"Portada\",\"item\":\"https:\/\/www.meler.cn\/fr\/\"},{\"@type\":\"ListItem\",\"position\":2,\"name\":\"industries\",\"item\":\"https:\/\/20097.ttandemdigital.com\/fr\/industries\/\"},{\"@type\":\"ListItem\",\"position\":3,\"name\":\"Colle thermofusible pour la construction\",\"item\":\"https:\/\/20097.ttandemdigital.com\/fr\/industries\/colle-thermofusible-pour-la-construction\/\"},{\"@type\":\"ListItem\",\"position\":4,\"name\":\"Un projet sur mesure: la t\u00eate de colle froide\"}]},{\"@type\":\"WebSite\",\"@id\":\"https:\/\/www.meler.cn\/fr\/#website\",\"url\":\"https:\/\/www.meler.cn\/fr\/\",\"name\":\"Meler\",\"description\":\"Just another WordPress site\",\"potentialAction\":[{\"@type\":\"SearchAction\",\"target\":{\"@type\":\"EntryPoint\",\"urlTemplate\":\"https:\/\/www.meler.cn\/fr\/?s={search_term_string}\"},\"query-input\":\"required name=search_term_string\"}],\"inLanguage\":\"fr-FR\"}]}<\/script>\n<!-- \/ Yoast SEO plugin. -->","yoast_head_json":{"title":"Un projet sur mesure : la t\u00eate \u00e0 colle froide","description":"Le syst\u00e8me de t\u00eate multi-modules de Meler dans l'application de colle froide pour une application pr\u00e9cise des points et des cordons.","robots":{"index":"index","follow":"follow","max-snippet":"max-snippet:-1","max-image-preview":"max-image-preview:large","max-video-preview":"max-video-preview:-1"},"canonical":"https:\/\/www.meler.cn\/fr\/industries\/colle-thermofusible-pour-la-construction\/un-projet-sur-mesure-la-tete-de-colle-froide\/","og_locale":"fr_FR","og_type":"article","og_title":"Un projet sur mesure : la t\u00eate \u00e0 colle froide","og_description":"Le syst\u00e8me de t\u00eate multi-modules de Meler dans l'application de colle froide pour une application pr\u00e9cise des points et des cordons.","og_url":"https:\/\/www.meler.cn\/fr\/industries\/colle-thermofusible-pour-la-construction\/un-projet-sur-mesure-la-tete-de-colle-froide\/","og_site_name":"Meler","article_modified_time":"2023-03-22T11:29:27+00:00","og_image":[{"width":1920,"height":780,"url":"https:\/\/20097.ttandemdigital.com\/media\/header-industrias-construccion-caso-exito-cabezal-cola-fria.png","type":"image\/png"}],"twitter_card":"summary_large_image","twitter_misc":{"Dur\u00e9e de lecture estim\u00e9e":"3 minutes"},"schema":{"@context":"https:\/\/schema.org","@graph":[{"@type":"WebPage","@id":"https:\/\/www.meler.cn\/fr\/industries\/colle-thermofusible-pour-la-construction\/un-projet-sur-mesure-la-tete-de-colle-froide\/","url":"https:\/\/www.meler.cn\/fr\/industries\/colle-thermofusible-pour-la-construction\/un-projet-sur-mesure-la-tete-de-colle-froide\/","name":"Un projet sur mesure : la t\u00eate \u00e0 colle froide","isPartOf":{"@id":"https:\/\/www.meler.cn\/fr\/#website"},"datePublished":"2023-01-04T09:33:55+00:00","dateModified":"2023-03-22T11:29:27+00:00","description":"Le syst\u00e8me de t\u00eate multi-modules de Meler dans l'application de colle froide pour une application pr\u00e9cise des points et des cordons.","breadcrumb":{"@id":"https:\/\/www.meler.cn\/fr\/industries\/colle-thermofusible-pour-la-construction\/un-projet-sur-mesure-la-tete-de-colle-froide\/#breadcrumb"},"inLanguage":"fr-FR","potentialAction":[{"@type":"ReadAction","target":["https:\/\/www.meler.cn\/fr\/industries\/colle-thermofusible-pour-la-construction\/un-projet-sur-mesure-la-tete-de-colle-froide\/"]}]},{"@type":"BreadcrumbList","@id":"https:\/\/www.meler.cn\/fr\/industries\/colle-thermofusible-pour-la-construction\/un-projet-sur-mesure-la-tete-de-colle-froide\/#breadcrumb","itemListElement":[{"@type":"ListItem","position":1,"name":"Portada","item":"https:\/\/www.meler.cn\/fr\/"},{"@type":"ListItem","position":2,"name":"industries","item":"https:\/\/20097.ttandemdigital.com\/fr\/industries\/"},{"@type":"ListItem","position":3,"name":"Colle thermofusible pour la construction","item":"https:\/\/20097.ttandemdigital.com\/fr\/industries\/colle-thermofusible-pour-la-construction\/"},{"@type":"ListItem","position":4,"name":"Un projet sur mesure: la t\u00eate de colle froide"}]},{"@type":"WebSite","@id":"https:\/\/www.meler.cn\/fr\/#website","url":"https:\/\/www.meler.cn\/fr\/","name":"Meler","description":"Just another WordPress site","potentialAction":[{"@type":"SearchAction","target":{"@type":"EntryPoint","urlTemplate":"https:\/\/www.meler.cn\/fr\/?s={search_term_string}"},"query-input":"required name=search_term_string"}],"inLanguage":"fr-FR"}]}},"_links":{"self":[{"href":"https:\/\/www.meler.cn\/fr\/wp-json\/wp\/v2\/pages\/22600"}],"collection":[{"href":"https:\/\/www.meler.cn\/fr\/wp-json\/wp\/v2\/pages"}],"about":[{"href":"https:\/\/www.meler.cn\/fr\/wp-json\/wp\/v2\/types\/page"}],"author":[{"embeddable":true,"href":"https:\/\/www.meler.cn\/fr\/wp-json\/wp\/v2\/users\/1"}],"replies":[{"embeddable":true,"href":"https:\/\/www.meler.cn\/fr\/wp-json\/wp\/v2\/comments?post=22600"}],"version-history":[{"count":3,"href":"https:\/\/www.meler.cn\/fr\/wp-json\/wp\/v2\/pages\/22600\/revisions"}],"predecessor-version":[{"id":27198,"href":"https:\/\/www.meler.cn\/fr\/wp-json\/wp\/v2\/pages\/22600\/revisions\/27198"}],"up":[{"embeddable":true,"href":"https:\/\/www.meler.cn\/fr\/wp-json\/wp\/v2\/pages\/21943"}],"wp:featuredmedia":[{"embeddable":true,"href":"https:\/\/www.meler.cn\/fr\/wp-json\/wp\/v2\/media\/15391"}],"wp:attachment":[{"href":"https:\/\/www.meler.cn\/fr\/wp-json\/wp\/v2\/media?parent=22600"}],"curies":[{"name":"wp","href":"https:\/\/api.w.org\/{rel}","templated":true}]}}