




















{"id":22514,"date":"2022-12-29T11:24:08","date_gmt":"2022-12-29T11:24:08","guid":{"rendered":"https:\/\/www.meler.eu\/newsletter\/"},"modified":"2023-03-22T09:34:41","modified_gmt":"2023-03-22T09:34:41","slug":"newsletter","status":"publish","type":"page","link":"https:\/\/www.meler.cn\/fr\/newsletter\/","title":{"rendered":"Vous voulez conna\u00eetre nos derni\u00e8res nouvelles ?"},"content":{"rendered":"<p>[vc_row row_spacing=\u00a0\u00bbspacing-v-0&Prime; row_spacing_h=\u00a0\u00bbspacing-h-0&Prime; el_class=\u00a0\u00bbrow-no-header\u00a0\u00bb][vc_column width=\u00a0\u00bb1\/1&Prime;][vc_row_inner el_class=\u00a0\u00bbbox-container\u00a0\u00bb][vc_column_inner width=\u00a0\u00bb1\/2&Prime;][text]<\/p>\n<h1>Vous voulez conna\u00eetre nos <strong>derni\u00e8res nouvelles<\/strong> ?<\/h1>\n<p>Abonnez-vous \u00e0 notre lettre d&rsquo;information pour vous tenir au courant des derni\u00e8res nouvelles du secteur. Soyez le premier \u00e0 d\u00e9couvrir nos derniers d\u00e9veloppements et acc\u00e9dez \u00e0 des entretiens exclusifs avec des professionnels du secteur.\u202f [\/text][pardot pardot_url=\u00a0\u00bbhttps:\/\/marketing.meler.eu\/l\/945933\/2022-05-24\/9x46k\u00a0\u00bb][\/vc_column_inner][vc_column_inner width=\u00a0\u00bb1\/2&Prime;][\/vc_column_inner][\/vc_row_inner][\/vc_column][\/vc_row]<\/p>\n","protected":false},"excerpt":{"rendered":"<p>[vc_row row_spacing=\u00a0\u00bbspacing-v-0&Prime; row_spacing_h=\u00a0\u00bbspacing-h-0&Prime; el_class=\u00a0\u00bbrow-no-header\u00a0\u00bb][vc_column width=\u00a0\u00bb1\/1&Prime;][vc_row_inner el_class=\u00a0\u00bbbox-container\u00a0\u00bb][vc_column_inner width=\u00a0\u00bb1\/2&Prime;][text] Vous voulez conna\u00eetre nos derni\u00e8res nouvelles ? Abonnez-vous \u00e0 notre lettre d&rsquo;information pour vous tenir au courant des derni\u00e8res nouvelles du secteur. Soyez le premier \u00e0 d\u00e9couvrir nos derniers d\u00e9veloppements et acc\u00e9dez \u00e0 des entretiens exclusifs avec des professionnels du secteur.\u202f [\/text][pardot pardot_url=\u00a0\u00bbhttps:\/\/marketing.meler.eu\/l\/945933\/2022-05-24\/9x46k\u00a0\u00bb][\/vc_column_inner][vc_column_inner width=\u00a0\u00bb1\/2&Prime;][\/vc_column_inner][\/vc_row_inner][\/vc_column][\/vc_row]<\/p>\n","protected":false},"author":1,"featured_media":14111,"parent":0,"menu_order":502,"comment_status":"closed","ping_status":"closed","template":"template-no-header.php","meta":[],"yoast_head":"<!-- This site is optimized with the Yoast SEO plugin v20.3 - https:\/\/yoast.com\/wordpress\/plugins\/seo\/ -->\n<title>Vous voulez conna\u00eetre nos derni\u00e8res nouvelles ? - Meler<\/title>\n<meta name=\"robots\" content=\"index, follow, max-snippet:-1, max-image-preview:large, max-video-preview:-1\" \/>\n<link rel=\"canonical\" href=\"https:\/\/www.meler.cn\/fr\/newsletter\/\" \/>\n<meta property=\"og:locale\" content=\"fr_FR\" \/>\n<meta property=\"og:type\" content=\"article\" \/>\n<meta property=\"og:title\" content=\"Vous voulez conna\u00eetre nos derni\u00e8res nouvelles ? - Meler\" \/>\n<meta property=\"og:description\" content=\"[vc_row row_spacing=\u00a0\u00bbspacing-v-0&Prime; row_spacing_h=\u00a0\u00bbspacing-h-0&Prime; el_class=\u00a0\u00bbrow-no-header\u00a0\u00bb][vc_column width=\u00a0\u00bb1\/1&Prime;][vc_row_inner el_class=\u00a0\u00bbbox-container\u00a0\u00bb][vc_column_inner width=\u00a0\u00bb1\/2&Prime;][text] Vous voulez conna\u00eetre nos derni\u00e8res nouvelles ? Abonnez-vous \u00e0 notre lettre d&rsquo;information pour vous tenir au courant des derni\u00e8res nouvelles du secteur. Soyez le premier \u00e0 d\u00e9couvrir nos derniers d\u00e9veloppements et acc\u00e9dez \u00e0 des entretiens exclusifs avec des professionnels du secteur.\u202f [\/text][pardot pardot_url=\u00a0\u00bbhttps:\/\/marketing.meler.eu\/l\/945933\/2022-05-24\/9x46k\u00a0\u00bb][\/vc_column_inner][vc_column_inner width=\u00a0\u00bb1\/2&Prime;][\/vc_column_inner][\/vc_row_inner][\/vc_column][\/vc_row]\" \/>\n<meta property=\"og:url\" content=\"https:\/\/www.meler.cn\/fr\/newsletter\/\" \/>\n<meta property=\"og:site_name\" content=\"Meler\" \/>\n<meta property=\"article:modified_time\" content=\"2023-03-22T09:34:41+00:00\" \/>\n<meta property=\"og:image\" content=\"https:\/\/20097.ttandemdigital.com\/media\/header-contacto-meler.png\" \/>\n\t<meta property=\"og:image:width\" content=\"1920\" \/>\n\t<meta property=\"og:image:height\" content=\"780\" \/>\n\t<meta property=\"og:image:type\" content=\"image\/jpeg\" \/>\n<meta name=\"twitter:card\" content=\"summary_large_image\" \/>\n<meta name=\"twitter:label1\" content=\"Dur\u00e9e de lecture estim\u00e9e\" \/>\n\t<meta name=\"twitter:data1\" content=\"1 minute\" \/>\n<script type=\"application\/ld+json\" class=\"yoast-schema-graph\">{\"@context\":\"https:\/\/schema.org\",\"@graph\":[{\"@type\":\"WebPage\",\"@id\":\"https:\/\/www.meler.cn\/fr\/newsletter\/\",\"url\":\"https:\/\/www.meler.cn\/fr\/newsletter\/\",\"name\":\"Vous voulez conna\u00eetre nos derni\u00e8res nouvelles ? - Meler\",\"isPartOf\":{\"@id\":\"https:\/\/www.meler.cn\/fr\/#website\"},\"datePublished\":\"2022-12-29T11:24:08+00:00\",\"dateModified\":\"2023-03-22T09:34:41+00:00\",\"breadcrumb\":{\"@id\":\"https:\/\/www.meler.cn\/fr\/newsletter\/#breadcrumb\"},\"inLanguage\":\"fr-FR\",\"potentialAction\":[{\"@type\":\"ReadAction\",\"target\":[\"https:\/\/www.meler.cn\/fr\/newsletter\/\"]}]},{\"@type\":\"BreadcrumbList\",\"@id\":\"https:\/\/www.meler.cn\/fr\/newsletter\/#breadcrumb\",\"itemListElement\":[{\"@type\":\"ListItem\",\"position\":1,\"name\":\"Portada\",\"item\":\"https:\/\/www.meler.cn\/fr\/\"},{\"@type\":\"ListItem\",\"position\":2,\"name\":\"Vous voulez conna\u00eetre nos derni\u00e8res nouvelles ?\"}]},{\"@type\":\"WebSite\",\"@id\":\"https:\/\/www.meler.cn\/fr\/#website\",\"url\":\"https:\/\/www.meler.cn\/fr\/\",\"name\":\"Meler\",\"description\":\"Just another WordPress site\",\"potentialAction\":[{\"@type\":\"SearchAction\",\"target\":{\"@type\":\"EntryPoint\",\"urlTemplate\":\"https:\/\/www.meler.cn\/fr\/?s={search_term_string}\"},\"query-input\":\"required name=search_term_string\"}],\"inLanguage\":\"fr-FR\"}]}<\/script>\n<!-- \/ Yoast SEO plugin. -->","yoast_head_json":{"title":"Vous voulez conna\u00eetre nos derni\u00e8res nouvelles ? - Meler","robots":{"index":"index","follow":"follow","max-snippet":"max-snippet:-1","max-image-preview":"max-image-preview:large","max-video-preview":"max-video-preview:-1"},"canonical":"https:\/\/www.meler.cn\/fr\/newsletter\/","og_locale":"fr_FR","og_type":"article","og_title":"Vous voulez conna\u00eetre nos derni\u00e8res nouvelles ? - Meler","og_description":"[vc_row row_spacing=\u00a0\u00bbspacing-v-0&Prime; row_spacing_h=\u00a0\u00bbspacing-h-0&Prime; el_class=\u00a0\u00bbrow-no-header\u00a0\u00bb][vc_column width=\u00a0\u00bb1\/1&Prime;][vc_row_inner el_class=\u00a0\u00bbbox-container\u00a0\u00bb][vc_column_inner width=\u00a0\u00bb1\/2&Prime;][text] Vous voulez conna\u00eetre nos derni\u00e8res nouvelles ? Abonnez-vous \u00e0 notre lettre d&rsquo;information pour vous tenir au courant des derni\u00e8res nouvelles du secteur. Soyez le premier \u00e0 d\u00e9couvrir nos derniers d\u00e9veloppements et acc\u00e9dez \u00e0 des entretiens exclusifs avec des professionnels du secteur.\u202f [\/text][pardot pardot_url=\u00a0\u00bbhttps:\/\/marketing.meler.eu\/l\/945933\/2022-05-24\/9x46k\u00a0\u00bb][\/vc_column_inner][vc_column_inner width=\u00a0\u00bb1\/2&Prime;][\/vc_column_inner][\/vc_row_inner][\/vc_column][\/vc_row]","og_url":"https:\/\/www.meler.cn\/fr\/newsletter\/","og_site_name":"Meler","article_modified_time":"2023-03-22T09:34:41+00:00","og_image":[{"width":1920,"height":780,"url":"https:\/\/20097.ttandemdigital.com\/media\/header-contacto-meler.png","type":"image\/jpeg"}],"twitter_card":"summary_large_image","twitter_misc":{"Dur\u00e9e de lecture estim\u00e9e":"1 minute"},"schema":{"@context":"https:\/\/schema.org","@graph":[{"@type":"WebPage","@id":"https:\/\/www.meler.cn\/fr\/newsletter\/","url":"https:\/\/www.meler.cn\/fr\/newsletter\/","name":"Vous voulez conna\u00eetre nos derni\u00e8res nouvelles ? - Meler","isPartOf":{"@id":"https:\/\/www.meler.cn\/fr\/#website"},"datePublished":"2022-12-29T11:24:08+00:00","dateModified":"2023-03-22T09:34:41+00:00","breadcrumb":{"@id":"https:\/\/www.meler.cn\/fr\/newsletter\/#breadcrumb"},"inLanguage":"fr-FR","potentialAction":[{"@type":"ReadAction","target":["https:\/\/www.meler.cn\/fr\/newsletter\/"]}]},{"@type":"BreadcrumbList","@id":"https:\/\/www.meler.cn\/fr\/newsletter\/#breadcrumb","itemListElement":[{"@type":"ListItem","position":1,"name":"Portada","item":"https:\/\/www.meler.cn\/fr\/"},{"@type":"ListItem","position":2,"name":"Vous voulez conna\u00eetre nos derni\u00e8res nouvelles ?"}]},{"@type":"WebSite","@id":"https:\/\/www.meler.cn\/fr\/#website","url":"https:\/\/www.meler.cn\/fr\/","name":"Meler","description":"Just another WordPress site","potentialAction":[{"@type":"SearchAction","target":{"@type":"EntryPoint","urlTemplate":"https:\/\/www.meler.cn\/fr\/?s={search_term_string}"},"query-input":"required name=search_term_string"}],"inLanguage":"fr-FR"}]}},"_links":{"self":[{"href":"https:\/\/www.meler.cn\/fr\/wp-json\/wp\/v2\/pages\/22514"}],"collection":[{"href":"https:\/\/www.meler.cn\/fr\/wp-json\/wp\/v2\/pages"}],"about":[{"href":"https:\/\/www.meler.cn\/fr\/wp-json\/wp\/v2\/types\/page"}],"author":[{"embeddable":true,"href":"https:\/\/www.meler.cn\/fr\/wp-json\/wp\/v2\/users\/1"}],"replies":[{"embeddable":true,"href":"https:\/\/www.meler.cn\/fr\/wp-json\/wp\/v2\/comments?post=22514"}],"version-history":[{"count":3,"href":"https:\/\/www.meler.cn\/fr\/wp-json\/wp\/v2\/pages\/22514\/revisions"}],"predecessor-version":[{"id":27181,"href":"https:\/\/www.meler.cn\/fr\/wp-json\/wp\/v2\/pages\/22514\/revisions\/27181"}],"wp:featuredmedia":[{"embeddable":true,"href":"https:\/\/www.meler.cn\/fr\/wp-json\/wp\/v2\/media\/14111"}],"wp:attachment":[{"href":"https:\/\/www.meler.cn\/fr\/wp-json\/wp\/v2\/media?parent=22514"}],"curies":[{"name":"wp","href":"https:\/\/api.w.org\/{rel}","templated":true}]}}