




















{"id":22409,"date":"2023-01-04T09:45:28","date_gmt":"2023-01-04T09:45:28","guid":{"rendered":"https:\/\/www.meler.eu\/industries\/systemes-de-colle-thermofusible-pour-lemballage-du-tabac\/aplicacion-de-sellos-fiscales-con-ikarus-station\/"},"modified":"2023-03-22T11:29:41","modified_gmt":"2023-03-22T11:29:41","slug":"application-de-vignettes-fiscales-avec-ikarus-station","status":"publish","type":"page","link":"https:\/\/www.meler.cn\/fr\/industries\/systemes-de-colle-thermofusible-pour-lemballage-du-tabac\/application-de-vignettes-fiscales-avec-ikarus-station\/","title":{"rendered":"Application de vignettes fiscales avec Ikarus Station"},"content":{"rendered":"<p>[vc_row show_menu_content=\u00a0\u00bbyes\u00a0\u00bb][vc_column row_spacing_h=\u00a0\u00bbleft-spacing\u00a0\u00bb width=\u00a0\u00bb1\/1&Prime;][single_image image=\u00a0\u00bb17021&Prime;][text]<\/p>\n<h2 class=\"style-05\">Le d\u00e9fi<\/h2>\n<h3 class=\"style-01\">Rapidit\u00e9 pour r\u00e9pondre \u00e0 la nouvelle l\u00e9gislation fiscale<\/h3>\n<p>L\u2019industrie du tabac est en <strong>constant changement l\u00e9gislatif<\/strong>. Il est compliqu\u00e9 de rester \u00e0 l\u2019avant-garde. De nombreuses entreprises se voient dans l\u2019obligation d&rsquo;arr\u00eater leur production pour se <strong>conformer aux exigences l\u00e9gales.<\/strong><\/p>\n<p><a href=\"https:\/\/www.meler.cn\/fr\/servicios\/meler-engineering\/\">Meler Engineering<\/a> mis au point <strong>Ikarus Station<\/strong>: une <strong>solution semi-automatique qui garantit une application simple des vignettes fiscales<\/strong> et permet \u00e0 votre entreprise de ne pas stopper sa production.<\/p>\n<h2 class=\"style-05\">Notre apport<\/h2>\n<h3 class=\"style-01\">Une application simple, rapide et pr\u00e9cise avec Ikarus Station<\/h3>\n<p>En tant que sp\u00e9cialiste de l\u2019application de colle thermofusible dans le secteur du packaging pour tabac, <strong>Meler a d\u00e9velopp\u00e9 Ikarus Station<\/strong>; une station compl\u00e8te con\u00e7ue de toutes pi\u00e8ces pour l\u2019application de vignettes fiscales sur les emballages des E-liquides.<\/p>\n<p>Une solution <strong>unique sur le march\u00e9,<\/strong> qui facilite l\u2019application de la colle tout en r\u00e9duisant les co\u00fbts.<\/p>\n<p>Ikarus Station est un all-in-one qui <strong>nclut les \u00e9l\u00e9ments technologiques de Meler Engineering <\/strong> pour que tout fonctionne comme il se doit.<\/p>\n<p>Avec son contr\u00f4leur de d\u00e9pose, <a href=\"https:\/\/www.meler.cn\/es\/productos\/controladores\/starbi\/\">StarBi<\/a> permet la programmation de canaux et de d\u00e9poses par temps et par distance, \u00e0 travers un \u00e9cran tactile de 7\u00a0\u00bb.<\/p>\n<p>Le <strong>gain de temps <\/strong> est r\u00e9el, avec l\u2019unit\u00e9 de fusion <a href=\"https:\/\/www.meler.cn\/es\/?post_type=melters&amp;p=15251\">B4<\/a> qui garantit une fusion rapide, aussi bien sur les applications manuelles qu\u2019automatiques.<\/p>\n<p>Ikarus Station est compl\u00e9t\u00e9 par <a href=\"https:\/\/www.meler.cn\/es\/productos\/mangueras\/arion-essential\/\">Arion Essential<\/a> et <a href=\"https:\/\/www.meler.cn\/es\/productos\/aplicadores\/raptor-infinity\/\">Raptor Infinity<\/a>.Le premier automatise le processus en le rendant plus souple. Le deuxi\u00e8me garantit le <strong>maximum de pr\u00e9cision \u00e0 la port\u00e9e de tous.<\/strong>.<\/p>\n<p><strong>High Tech, polyvalence et durabilit\u00e9 <\/strong> avec une station semi-automatique pour que nos clients les plus exigeants soient toujours \u00e0 l\u2019avant-garde des exigences du march\u00e9.<\/p>\n<h2 class=\"style-05\">Le projet<\/h2>\n<h3 class=\"style-01\">Une station r\u00e9compens\u00e9e par nos propres clients<\/h3>\n<p><strong>Ikarus Station<\/strong> a \u00e9t\u00e9 pr\u00e9sent\u00e9e \u00e0 l\u2019occasion de l\u2019une des conventions du tabac les plus importantes au monde: <strong>InterSupply<\/strong>, le plus grand salon de produits de tabac et accessoires pour fumeur, qui se tient tous les ans \u00e0 Dortmund (Allemagne).<\/p>\n<p>Le r\u00e9sultat\u202f?\u00a0 <strong>Des exemplaires vendus<\/strong> et r\u00e9serv\u00e9s sur place \u00e0 l&rsquo;occasion d&rsquo;un salon sur lequel nous avons pu mesurer la satisfaction de nos clients.<\/p>\n<p>Ikarus Station, la solution int\u00e9gr\u00e9e aux processus de<strong>fin de ligne<\/strong>,devient ainsi le progr\u00e8s dont l\u2019industrie du tabac avait besoin depuis longtemps.<\/p>\n<p>Une application <strong>unique sur le march\u00e9<\/strong> qui r\u00e9pond non seulement aux attentes des clients, mais aussi aux changements de la l\u00e9gislation du secteur.[\/text][video_youtube video_image=\u00a0\u00bb17026&Prime; video_url=\u00a0\u00bbhttps:\/\/www.youtube.com\/watch?v=D5laSjddvwY\u00a0\u00bb][text]<\/p>\n<h2 class=\"style-05\">Impact<\/h2>\n<ul class=\"style-03\">\n<li>Haute technologie \u00e0 la port\u00e9e de tous<\/li>\n<li>Am\u00e9liore le rendement du processus<\/li>\n<li>Augmente la productivit\u00e9 gr\u00e2ce \u00e0 sa polyvalence<\/li>\n<li>R\u00e9duit les co\u00fbts en colle<\/li>\n<li>Facilite l\u2019application<\/li>\n<\/ul>\n<p>[\/text][\/vc_column][\/vc_row][vc_row row_bg_color=\u00a0\u00bbbg-04&Prime; row_spacing=\u00a0\u00bbtop-spacing bottom-spacing-0&Prime;][vc_column width=\u00a0\u00bb1\/1&Prime;][text]<\/p>\n<h2 class=\"txt-center style-01\">Nos produits<\/h2>\n<p class=\"txt-center\"><a class=\"button\" href=\"https:\/\/www.meler.cn\/fr\/produits\/\">Voir produits<\/a><\/p>\n<p>[\/text][vc_tta_tabs][vc_tta_section title=\u00a0\u00bbAPPLICATEURS \u00a0\u00bb tab_id=\u00a0\u00bb1672398287853-7a9cfd48-9ce4&Prime;][ttdirectory_products carousel_columns=\u00a0\u00bb4&Prime; style=\u00a0\u00bb1&Prime;][ttdirectory_product_applicators post_applicator=\u00a0\u00bb15404&Prime;][ttdirectory_product_applicators post_applicator=\u00a0\u00bb15438&Prime;][\/ttdirectory_products][\/vc_tta_section][vc_tta_section title=\u00a0\u00bbUNIT\u00c9S DE FUSION\u00a0\u00bb tab_id=\u00a0\u00bb1672398287839-e7ca709f-fefa\u00a0\u00bb][ttdirectory_products carousel_columns=\u00a0\u00bb4&Prime; style=\u00a0\u00bb1&Prime;][ttdirectory_product_melters post_melter=\u00a0\u00bb12026&Prime;][\/ttdirectory_products][\/vc_tta_section][vc_tta_section title=\u00a0\u00bbTUYAUX\u00a0\u00bb tab_id=\u00a0\u00bb1672918510236-9251d1b4-ea04&Prime;][ttdirectory_products carousel_columns=\u00a0\u00bb4&Prime; style=\u00a0\u00bb1&Prime;][ttdirectory_product_hoses post_hoses=\u00a0\u00bb8068&Prime;][ttdirectory_product_hoses post_hoses=\u00a0\u00bb8074&Prime;][\/ttdirectory_products][\/vc_tta_section][vc_tta_section title=\u00a0\u00bbCONTR\u00d4LEURS\u00a0\u00bb tab_id=\u00a0\u00bb1672918535864-a01a5678-4fec\u00a0\u00bb][ttdirectory_products carousel_columns=\u00a0\u00bb4&Prime; style=\u00a0\u00bb1&Prime;][ttdirectory_product_controllers post_controller=\u00a0\u00bb12297&Prime;][\/ttdirectory_products][\/vc_tta_section][vc_tta_section title=\u00a0\u00bbACCESSOIRES\u00a0\u00bb tab_id=\u00a0\u00bb1672918552116-aad4cd4f-afb3&Prime;][ttdirectory_products carousel_columns=\u00a0\u00bb4&Prime; style=\u00a0\u00bb1&Prime;][ttdirectory_product_accessories post_accessories=\u00a0\u00bb15246&Prime;][ttdirectory_product_accessories post_accessories=\u00a0\u00bb15610&Prime;][\/ttdirectory_products][\/vc_tta_section][\/vc_tta_tabs][\/vc_column][\/vc_row]<\/p>\n","protected":false},"excerpt":{"rendered":"<p>[vc_row show_menu_content=\u00a0\u00bbyes\u00a0\u00bb][vc_column row_spacing_h=\u00a0\u00bbleft-spacing\u00a0\u00bb width=\u00a0\u00bb1\/1&Prime;][single_image image=\u00a0\u00bb17021&Prime;][text] Le d\u00e9fi Rapidit\u00e9 pour r\u00e9pondre \u00e0 la nouvelle l\u00e9gislation fiscale L\u2019industrie du tabac est en constant changement l\u00e9gislatif. Il est compliqu\u00e9 de rester \u00e0 l\u2019avant-garde. De nombreuses entreprises se voient dans l\u2019obligation d&rsquo;arr\u00eater leur production pour se conformer aux exigences l\u00e9gales. Meler Engineering mis au point Ikarus Station: une solution [&hellip;]<\/p>\n","protected":false},"author":1,"featured_media":17018,"parent":22252,"menu_order":200,"comment_status":"closed","ping_status":"closed","template":"","meta":[],"yoast_head":"<!-- This site is optimized with the Yoast SEO plugin v20.3 - https:\/\/yoast.com\/wordpress\/plugins\/seo\/ -->\n<title>Demande de timbre fiscal avec Ikarus Station<\/title>\n<meta name=\"description\" content=\"Meler Engineering develops Ikarus Station: a semi-automatic solution that guarantees easy application of tax stamps so that your company never has to stop.\" \/>\n<meta name=\"robots\" content=\"index, follow, max-snippet:-1, max-image-preview:large, max-video-preview:-1\" \/>\n<link rel=\"canonical\" href=\"https:\/\/www.meler.cn\/fr\/industries\/systemes-de-colle-thermofusible-pour-lemballage-du-tabac\/application-de-vignettes-fiscales-avec-ikarus-station\/\" \/>\n<meta property=\"og:locale\" content=\"fr_FR\" \/>\n<meta property=\"og:type\" content=\"article\" \/>\n<meta property=\"og:title\" content=\"Demande de timbre fiscal avec Ikarus Station\" \/>\n<meta property=\"og:description\" content=\"Meler Engineering develops Ikarus Station: a semi-automatic solution that guarantees easy application of tax stamps so that your company never has to stop.\" \/>\n<meta property=\"og:url\" content=\"https:\/\/www.meler.cn\/fr\/industries\/systemes-de-colle-thermofusible-pour-lemballage-du-tabac\/application-de-vignettes-fiscales-avec-ikarus-station\/\" \/>\n<meta property=\"og:site_name\" content=\"Meler\" \/>\n<meta property=\"article:modified_time\" content=\"2023-03-22T11:29:41+00:00\" \/>\n<meta property=\"og:image\" content=\"https:\/\/20097.ttandemdigital.com\/media\/header-industrias-caso-exito-ikaru-meler.png\" \/>\n\t<meta property=\"og:image:width\" content=\"1920\" \/>\n\t<meta property=\"og:image:height\" content=\"780\" \/>\n\t<meta property=\"og:image:type\" content=\"image\/png\" \/>\n<meta name=\"twitter:card\" content=\"summary_large_image\" \/>\n<meta name=\"twitter:label1\" content=\"Dur\u00e9e de lecture estim\u00e9e\" \/>\n\t<meta name=\"twitter:data1\" content=\"2 minutes\" \/>\n<script type=\"application\/ld+json\" class=\"yoast-schema-graph\">{\"@context\":\"https:\/\/schema.org\",\"@graph\":[{\"@type\":\"WebPage\",\"@id\":\"https:\/\/www.meler.cn\/fr\/industries\/systemes-de-colle-thermofusible-pour-lemballage-du-tabac\/application-de-vignettes-fiscales-avec-ikarus-station\/\",\"url\":\"https:\/\/www.meler.cn\/fr\/industries\/systemes-de-colle-thermofusible-pour-lemballage-du-tabac\/application-de-vignettes-fiscales-avec-ikarus-station\/\",\"name\":\"Demande de timbre fiscal avec Ikarus Station\",\"isPartOf\":{\"@id\":\"https:\/\/www.meler.cn\/fr\/#website\"},\"datePublished\":\"2023-01-04T09:45:28+00:00\",\"dateModified\":\"2023-03-22T11:29:41+00:00\",\"description\":\"Meler Engineering develops Ikarus Station: a semi-automatic solution that guarantees easy application of tax stamps so that your company never has to stop.\",\"breadcrumb\":{\"@id\":\"https:\/\/www.meler.cn\/fr\/industries\/systemes-de-colle-thermofusible-pour-lemballage-du-tabac\/application-de-vignettes-fiscales-avec-ikarus-station\/#breadcrumb\"},\"inLanguage\":\"fr-FR\",\"potentialAction\":[{\"@type\":\"ReadAction\",\"target\":[\"https:\/\/www.meler.cn\/fr\/industries\/systemes-de-colle-thermofusible-pour-lemballage-du-tabac\/application-de-vignettes-fiscales-avec-ikarus-station\/\"]}]},{\"@type\":\"BreadcrumbList\",\"@id\":\"https:\/\/www.meler.cn\/fr\/industries\/systemes-de-colle-thermofusible-pour-lemballage-du-tabac\/application-de-vignettes-fiscales-avec-ikarus-station\/#breadcrumb\",\"itemListElement\":[{\"@type\":\"ListItem\",\"position\":1,\"name\":\"Portada\",\"item\":\"https:\/\/www.meler.cn\/fr\/\"},{\"@type\":\"ListItem\",\"position\":2,\"name\":\"industries\",\"item\":\"https:\/\/20097.ttandemdigital.com\/fr\/industries\/\"},{\"@type\":\"ListItem\",\"position\":3,\"name\":\"Syst\u00e8mes de colle thermofusible pour l\u2019emballage du tabac\",\"item\":\"https:\/\/20097.ttandemdigital.com\/fr\/industries\/systemes-de-colle-thermofusible-pour-lemballage-du-tabac\/\"},{\"@type\":\"ListItem\",\"position\":4,\"name\":\"Application de vignettes fiscales avec Ikarus Station\"}]},{\"@type\":\"WebSite\",\"@id\":\"https:\/\/www.meler.cn\/fr\/#website\",\"url\":\"https:\/\/www.meler.cn\/fr\/\",\"name\":\"Meler\",\"description\":\"Just another WordPress site\",\"potentialAction\":[{\"@type\":\"SearchAction\",\"target\":{\"@type\":\"EntryPoint\",\"urlTemplate\":\"https:\/\/www.meler.cn\/fr\/?s={search_term_string}\"},\"query-input\":\"required name=search_term_string\"}],\"inLanguage\":\"fr-FR\"}]}<\/script>\n<!-- \/ Yoast SEO plugin. -->","yoast_head_json":{"title":"Demande de timbre fiscal avec Ikarus Station","description":"Meler Engineering develops Ikarus Station: a semi-automatic solution that guarantees easy application of tax stamps so that your company never has to stop.","robots":{"index":"index","follow":"follow","max-snippet":"max-snippet:-1","max-image-preview":"max-image-preview:large","max-video-preview":"max-video-preview:-1"},"canonical":"https:\/\/www.meler.cn\/fr\/industries\/systemes-de-colle-thermofusible-pour-lemballage-du-tabac\/application-de-vignettes-fiscales-avec-ikarus-station\/","og_locale":"fr_FR","og_type":"article","og_title":"Demande de timbre fiscal avec Ikarus Station","og_description":"Meler Engineering develops Ikarus Station: a semi-automatic solution that guarantees easy application of tax stamps so that your company never has to stop.","og_url":"https:\/\/www.meler.cn\/fr\/industries\/systemes-de-colle-thermofusible-pour-lemballage-du-tabac\/application-de-vignettes-fiscales-avec-ikarus-station\/","og_site_name":"Meler","article_modified_time":"2023-03-22T11:29:41+00:00","og_image":[{"width":1920,"height":780,"url":"https:\/\/20097.ttandemdigital.com\/media\/header-industrias-caso-exito-ikaru-meler.png","type":"image\/png"}],"twitter_card":"summary_large_image","twitter_misc":{"Dur\u00e9e de lecture estim\u00e9e":"2 minutes"},"schema":{"@context":"https:\/\/schema.org","@graph":[{"@type":"WebPage","@id":"https:\/\/www.meler.cn\/fr\/industries\/systemes-de-colle-thermofusible-pour-lemballage-du-tabac\/application-de-vignettes-fiscales-avec-ikarus-station\/","url":"https:\/\/www.meler.cn\/fr\/industries\/systemes-de-colle-thermofusible-pour-lemballage-du-tabac\/application-de-vignettes-fiscales-avec-ikarus-station\/","name":"Demande de timbre fiscal avec Ikarus Station","isPartOf":{"@id":"https:\/\/www.meler.cn\/fr\/#website"},"datePublished":"2023-01-04T09:45:28+00:00","dateModified":"2023-03-22T11:29:41+00:00","description":"Meler Engineering develops Ikarus Station: a semi-automatic solution that guarantees easy application of tax stamps so that your company never has to stop.","breadcrumb":{"@id":"https:\/\/www.meler.cn\/fr\/industries\/systemes-de-colle-thermofusible-pour-lemballage-du-tabac\/application-de-vignettes-fiscales-avec-ikarus-station\/#breadcrumb"},"inLanguage":"fr-FR","potentialAction":[{"@type":"ReadAction","target":["https:\/\/www.meler.cn\/fr\/industries\/systemes-de-colle-thermofusible-pour-lemballage-du-tabac\/application-de-vignettes-fiscales-avec-ikarus-station\/"]}]},{"@type":"BreadcrumbList","@id":"https:\/\/www.meler.cn\/fr\/industries\/systemes-de-colle-thermofusible-pour-lemballage-du-tabac\/application-de-vignettes-fiscales-avec-ikarus-station\/#breadcrumb","itemListElement":[{"@type":"ListItem","position":1,"name":"Portada","item":"https:\/\/www.meler.cn\/fr\/"},{"@type":"ListItem","position":2,"name":"industries","item":"https:\/\/20097.ttandemdigital.com\/fr\/industries\/"},{"@type":"ListItem","position":3,"name":"Syst\u00e8mes de colle thermofusible pour l\u2019emballage du tabac","item":"https:\/\/20097.ttandemdigital.com\/fr\/industries\/systemes-de-colle-thermofusible-pour-lemballage-du-tabac\/"},{"@type":"ListItem","position":4,"name":"Application de vignettes fiscales avec Ikarus Station"}]},{"@type":"WebSite","@id":"https:\/\/www.meler.cn\/fr\/#website","url":"https:\/\/www.meler.cn\/fr\/","name":"Meler","description":"Just another WordPress site","potentialAction":[{"@type":"SearchAction","target":{"@type":"EntryPoint","urlTemplate":"https:\/\/www.meler.cn\/fr\/?s={search_term_string}"},"query-input":"required name=search_term_string"}],"inLanguage":"fr-FR"}]}},"_links":{"self":[{"href":"https:\/\/www.meler.cn\/fr\/wp-json\/wp\/v2\/pages\/22409"}],"collection":[{"href":"https:\/\/www.meler.cn\/fr\/wp-json\/wp\/v2\/pages"}],"about":[{"href":"https:\/\/www.meler.cn\/fr\/wp-json\/wp\/v2\/types\/page"}],"author":[{"embeddable":true,"href":"https:\/\/www.meler.cn\/fr\/wp-json\/wp\/v2\/users\/1"}],"replies":[{"embeddable":true,"href":"https:\/\/www.meler.cn\/fr\/wp-json\/wp\/v2\/comments?post=22409"}],"version-history":[{"count":5,"href":"https:\/\/www.meler.cn\/fr\/wp-json\/wp\/v2\/pages\/22409\/revisions"}],"predecessor-version":[{"id":27200,"href":"https:\/\/www.meler.cn\/fr\/wp-json\/wp\/v2\/pages\/22409\/revisions\/27200"}],"up":[{"embeddable":true,"href":"https:\/\/www.meler.cn\/fr\/wp-json\/wp\/v2\/pages\/22252"}],"wp:featuredmedia":[{"embeddable":true,"href":"https:\/\/www.meler.cn\/fr\/wp-json\/wp\/v2\/media\/17018"}],"wp:attachment":[{"href":"https:\/\/www.meler.cn\/fr\/wp-json\/wp\/v2\/media?parent=22409"}],"curies":[{"name":"wp","href":"https:\/\/api.w.org\/{rel}","templated":true}]}}