




















{"id":22252,"date":"2022-11-30T15:40:33","date_gmt":"2022-11-30T15:40:33","guid":{"rendered":"https:\/\/www.meler.eu\/industries\/sistemas-hot-melt-para-el-embalaje-del-tabaco\/"},"modified":"2025-01-29T12:55:23","modified_gmt":"2025-01-29T12:55:23","slug":"systemes-de-colle-thermofusible-pour-lemballage-du-tabac","status":"publish","type":"page","link":"https:\/\/www.meler.cn\/fr\/industries\/systemes-de-colle-thermofusible-pour-lemballage-du-tabac\/","title":{"rendered":"Syst\u00e8mes de colle thermofusible pour l\u2019emballage du tabac"},"content":{"rendered":"<p>[vc_row bg_image_position=\u00a0\u00bb0 100%\u00a0\u00bb row_spacing=\u00a0\u00bbtop-spacing-med bottom-spacing-0&Prime; row_vertical_align=\u00a0\u00bbvalign-middle\u00a0\u00bb el_class=\u00a0\u00bbreverse-column-mobile\u00a0\u00bb][vc_column row_spacing_h=\u00a0\u00bbleft-spacing\u00a0\u00bb width=\u00a0\u00bb1\/1&Prime;][text]<\/p>\n<p class=\"txt-center style-01 summary\">De quoi a besoin aujourd\u2019hui l\u2019industrie de l\u2019emballage du tabac\u202f?<\/p>\n<h2 class=\"style-01 txt-width txt-center\"><strong>Quelles solutions offre Meler\u202f?<\/strong><\/h2>\n<p>[\/text][\/vc_column][\/vc_row][vc_row row_spacing=\u00a0\u00bbspacing-v-none\u00a0\u00bb][vc_column width=\u00a0\u00bb1\/1&Prime;][ttdirectory_definition_list_container][ttdirectory_definition_list_item term=\u00a0\u00bbEfficacit\u00e9 \u00e9nerg\u00e9tiqueApplication de colle thermofusible grande vitesse\u00a0\u00bb definition=\u00a0\u00bbLes syst\u00e8mes de Meler sont hautement efficaces et offrent jusqu\u2019\u00e0 60 % de consommation \u00e9nerg\u00e9tique et 50\u202f% de consommation d\u2019air en moins que la concurrence\u00a0\u00bb][ttdirectory_definition_list_item term=\u00a0\u00bb\u00c9quipement sp\u00e9cifique\u00a0\u00bb definition=\u00a0\u00bbOptions disponibles pour r\u00e9pondre \u00e0 la r\u00e9glementation du secteur (r\u00e9servoirs c\u00e9ramiques, s\u00e9curit\u00e9, etc.)\u00a0\u00bb][ttdirectory_definition_list_item term=\u00a0\u00bbApplication de colle thermofusible grande vitesse\u00a0\u00bb definition=\u00a0\u00bbSyst\u00e8mes haute productivit\u00e9 \u00e0 composants fiables et durables\u00a0\u00bb][ttdirectory_definition_list_item term=\u00a0\u00bbPr\u00e9cision et contr\u00f4le de la tra\u00e7abilit\u00e9\u00a0\u00bb definition=\u00a0\u00bbGamme compl\u00e8te ax\u00e9e sur la r\u00e9activit\u00e9 et le contr\u00f4le total du processus de qualit\u00e9 pour r\u00e9duire les arr\u00eats de ligne\u00a0\u00bb][ttdirectory_definition_list_item term=\u00a0\u00bbR\u00e9duction des co\u00fbts de maintenance\u00a0\u00bb definition=\u00a0\u00bbMeler est une entreprise ax\u00e9e sur l\u2019utilisateur qui con\u00e7oit avec la technologie Easy-Clean et offre Total Access\u00a0\u00bb][\/ttdirectory_definition_list_container][\/vc_column][\/vc_row][vc_row row_layout=\u00a0\u00bbfull\u00a0\u00bb el_class=\u00a0\u00bbbg-line-left\u00a0\u00bb][vc_column width=\u00a0\u00bb1\/1&Prime;][vc_row_inner row_layout=\u00a0\u00bbfull\u00a0\u00bb][vc_column_inner][ttdirectory_pages carousel_columns=\u00a0\u00bbInfinito\u00a0\u00bb][item]<\/p>\n<h2 class=\"style-02\">Applications<\/h2>\n<p>[\/item][pageModule page_item=\u00a0\u00bb18359&Prime;][pageModule page_item=\u00a0\u00bb18355&Prime;][pageModule page_item=\u00a0\u00bb18351&Prime;][\/ttdirectory_pages][\/vc_column_inner][\/vc_row_inner][\/vc_column][\/vc_row][vc_row bg_image_position=\u00a0\u00bb0 100%\u00a0\u00bb row_bg_color=\u00a0\u00bbbg-03&Prime; row_spacing=\u00a0\u00bbtop-spacing bottom-spacing\u00a0\u00bb el_class=\u00a0\u00bbremove-bg-mobile\u00a0\u00bb][vc_column width=\u00a0\u00bb1\/1&Prime;][vc_row_inner row_spacing=\u00a0\u00bbspacing-v-0&Prime;][vc_column_inner el_class=\u00a0\u00bbsticky-content\u00a0\u00bb width=\u00a0\u00bb1\/2&Prime;][text]<\/p>\n<p class=\"summary txt-width\">DES SYST\u00c8MES COMPLETS POUR VOTRE MODE DE TRAVAIL<\/p>\n<p><a class=\"button\" href=\"https:\/\/www.meler.cn\/fr\/contact\/\">Posez-nous vos questions<\/a>[\/text][\/vc_column_inner][vc_column_inner width=\u00a0\u00bb1\/2&Prime; equal_height=\u00a0\u00bbequalBox\u00a0\u00bb][text]<\/p>\n<ol class=\"style-01\">\n<li><strong>APPLICATION <\/strong>\n<ul class=\"style-01 style-03\">\n<li>Applicateurs grande vitesse de points ou cordons<\/li>\n<li>Tra\u00e7abilit\u00e9\u202f: report du dosage et contr\u00f4le des consommations<\/li>\n<li>Design compact pour espaces r\u00e9duits<\/li>\n<\/ul>\n<\/li>\n<li><strong><strong>FUSIONE<br \/>\n<\/strong><\/strong><\/p>\n<ul class=\"style-01 style-03\">\n<li>Unit\u00e9s de fusion adapt\u00e9es \u00e0 la r\u00e9glementation sanitaire du secteur<\/li>\n<li>Consommation \u00e9nerg\u00e9tique minimale<\/li>\n<li>Syst\u00e8mes 100\u202f% int\u00e9grables<\/li>\n<\/ul>\n<\/li>\n<li><strong><strong>TRANSPORT<br \/>\n<\/strong><\/strong><\/p>\n<ul class=\"style-01 style-03\">\n<li>Soin maximal de la colle<\/li>\n<li>11 mod\u00e8les de tuyaux diff\u00e9rents<\/li>\n<li>Peu de maintenance<\/li>\n<li>Solutions sp\u00e9cifiques pour espaces r\u00e9duits<\/li>\n<\/ul>\n<\/li>\n<\/ol>\n<p>[\/text][\/vc_column_inner][\/vc_row_inner][\/vc_column][\/vc_row][vc_row row_layout=\u00a0\u00bbfull\u00a0\u00bb row_spacing=\u00a0\u00bbspacing-v-none\u00a0\u00bb][vc_column width=\u00a0\u00bb1\/1&Prime;][CtaModule cta_item=\u00a0\u00bb21587&Prime;][\/vc_column][\/vc_row][vc_row row_spacing=\u00a0\u00bbtop-spacing-med bottom-spacing-med\u00a0\u00bb][vc_column width=\u00a0\u00bb1\/1&Prime;][text]<\/p>\n<h2 class=\"txt-center style-01\">NOS PRODUITS<\/h2>\n<p>[\/text][vc_tta_tabs][vc_tta_section title=\u00a0\u00bbProjets Sp\u00e9ciaux\u00a0\u00bb tab_id=\u00a0\u00bb1738155243499-74bc248b-cb37&Prime;][ttdirectory_products carousel_columns=\u00a0\u00bb4&Prime; style=\u00a0\u00bb2&Prime;][ttdirectory_product_special_projects post_special_projects=\u00a0\u00bb23758&Prime;][\/ttdirectory_products][\/vc_tta_section][vc_tta_section title=\u00a0\u00bbUNIT\u00c9S DE FUSION\u00a0\u00bb tab_id=\u00a0\u00bb1672398287839-e7ca709f-fefa\u00a0\u00bb][ttdirectory_products carousel_columns=\u00a0\u00bb4&Prime; style=\u00a0\u00bb1&Prime;][ttdirectory_product_melters post_melter=\u00a0\u00bb23733&Prime;][ttdirectory_product_melters post_melter=\u00a0\u00bb27539&Prime;][ttdirectory_product_melters post_melter=\u00a0\u00bb23979&Prime;][ttdirectory_product_melters post_melter=\u00a0\u00bb27395&Prime;][\/ttdirectory_products][\/vc_tta_section][vc_tta_section title=\u00a0\u00bbAPPLICATEURS\u00a0\u00bb tab_id=\u00a0\u00bb1672845475989-ea970bea-c5c6&Prime;][ttdirectory_products carousel_columns=\u00a0\u00bb4&Prime; style=\u00a0\u00bb1&Prime;][ttdirectory_product_applicators post_applicator=\u00a0\u00bb23788&Prime;][ttdirectory_product_applicators post_applicator=\u00a0\u00bb23943&Prime;][ttdirectory_product_applicators post_applicator=\u00a0\u00bb23791&Prime;][ttdirectory_product_applicators post_applicator=\u00a0\u00bb23776&Prime;][ttdirectory_product_applicators post_applicator=\u00a0\u00bb23848&Prime;][ttdirectory_product_applicators post_applicator=\u00a0\u00bb23954&Prime;][ttdirectory_product_applicators post_applicator=\u00a0\u00bb24259&Prime;][\/ttdirectory_products][\/vc_tta_section][\/vc_tta_tabs][\/vc_column][\/vc_row][vc_row row_layout=\u00a0\u00bbfull\u00a0\u00bb row_spacing=\u00a0\u00bbspacing-v-none\u00a0\u00bb][vc_column width=\u00a0\u00bb1\/1&Prime;][CtaModule cta_item=\u00a0\u00bb21647&Prime;][\/vc_column][\/vc_row][vc_row row_layout=\u00a0\u00bbfull\u00a0\u00bb row_spacing=\u00a0\u00bbspacing-v-none\u00a0\u00bb][vc_column width=\u00a0\u00bb1\/1&Prime;][CtaModule cta_item=\u00a0\u00bb30385&Prime;][\/vc_column][\/vc_row]<\/p>\n","protected":false},"excerpt":{"rendered":"<p>Nous r\u00e9pondons avec fiabilit\u00e9 aux objectifs du secteur du tabac <\/p>\n","protected":false},"author":2,"featured_media":17939,"parent":21833,"menu_order":196,"comment_status":"closed","ping_status":"closed","template":"","meta":[],"yoast_head":"<!-- This site is optimized with the Yoast SEO plugin v20.3 - https:\/\/yoast.com\/wordpress\/plugins\/seo\/ -->\n<title>Solutions adh\u00e9sives pour l&#039;industrie du tabac - Meler<\/title>\n<meta name=\"description\" content=\"Sp\u00e9cialistes de l&#039;application de la colle chaude dans l&#039;industrie du tabac. D\u00e9couvrez nos solutions pour les machines de conditionnement du tabac.\" \/>\n<meta name=\"robots\" content=\"index, follow, max-snippet:-1, max-image-preview:large, max-video-preview:-1\" \/>\n<link rel=\"canonical\" href=\"https:\/\/www.meler.cn\/fr\/industries\/systemes-de-colle-thermofusible-pour-lemballage-du-tabac\/\" \/>\n<meta property=\"og:locale\" content=\"fr_FR\" \/>\n<meta property=\"og:type\" content=\"article\" \/>\n<meta property=\"og:title\" content=\"Solutions adh\u00e9sives pour l&#039;industrie du tabac - Meler\" \/>\n<meta property=\"og:description\" content=\"Sp\u00e9cialistes de l&#039;application de la colle chaude dans l&#039;industrie du tabac. D\u00e9couvrez nos solutions pour les machines de conditionnement du tabac.\" \/>\n<meta property=\"og:url\" content=\"https:\/\/www.meler.cn\/fr\/industries\/systemes-de-colle-thermofusible-pour-lemballage-du-tabac\/\" \/>\n<meta property=\"og:site_name\" content=\"Meler\" \/>\n<meta property=\"article:modified_time\" content=\"2025-01-29T12:55:23+00:00\" \/>\n<meta property=\"og:image\" content=\"https:\/\/20097.ttandemdigital.com\/media\/header-industrias-packaging-tabaco-meler.png\" \/>\n\t<meta property=\"og:image:width\" content=\"1920\" \/>\n\t<meta property=\"og:image:height\" content=\"780\" \/>\n\t<meta property=\"og:image:type\" content=\"image\/png\" \/>\n<meta name=\"twitter:card\" content=\"summary_large_image\" \/>\n<meta name=\"twitter:label1\" content=\"Dur\u00e9e de lecture estim\u00e9e\" \/>\n\t<meta name=\"twitter:data1\" content=\"2 minutes\" \/>\n<script type=\"application\/ld+json\" class=\"yoast-schema-graph\">{\"@context\":\"https:\/\/schema.org\",\"@graph\":[{\"@type\":\"WebPage\",\"@id\":\"https:\/\/www.meler.cn\/fr\/industries\/systemes-de-colle-thermofusible-pour-lemballage-du-tabac\/\",\"url\":\"https:\/\/www.meler.cn\/fr\/industries\/systemes-de-colle-thermofusible-pour-lemballage-du-tabac\/\",\"name\":\"Solutions adh\u00e9sives pour l'industrie du tabac - Meler\",\"isPartOf\":{\"@id\":\"https:\/\/www.meler.cn\/fr\/#website\"},\"datePublished\":\"2022-11-30T15:40:33+00:00\",\"dateModified\":\"2025-01-29T12:55:23+00:00\",\"description\":\"Sp\u00e9cialistes de l'application de la colle chaude dans l'industrie du tabac. D\u00e9couvrez nos solutions pour les machines de conditionnement du tabac.\",\"breadcrumb\":{\"@id\":\"https:\/\/www.meler.cn\/fr\/industries\/systemes-de-colle-thermofusible-pour-lemballage-du-tabac\/#breadcrumb\"},\"inLanguage\":\"fr-FR\",\"potentialAction\":[{\"@type\":\"ReadAction\",\"target\":[\"https:\/\/www.meler.cn\/fr\/industries\/systemes-de-colle-thermofusible-pour-lemballage-du-tabac\/\"]}]},{\"@type\":\"BreadcrumbList\",\"@id\":\"https:\/\/www.meler.cn\/fr\/industries\/systemes-de-colle-thermofusible-pour-lemballage-du-tabac\/#breadcrumb\",\"itemListElement\":[{\"@type\":\"ListItem\",\"position\":1,\"name\":\"Portada\",\"item\":\"https:\/\/www.meler.cn\/fr\/\"},{\"@type\":\"ListItem\",\"position\":2,\"name\":\"industries\",\"item\":\"https:\/\/20097.ttandemdigital.com\/fr\/industries\/\"},{\"@type\":\"ListItem\",\"position\":3,\"name\":\"Syst\u00e8mes de colle thermofusible pour l\u2019emballage du tabac\"}]},{\"@type\":\"WebSite\",\"@id\":\"https:\/\/www.meler.cn\/fr\/#website\",\"url\":\"https:\/\/www.meler.cn\/fr\/\",\"name\":\"Meler\",\"description\":\"Just another WordPress site\",\"potentialAction\":[{\"@type\":\"SearchAction\",\"target\":{\"@type\":\"EntryPoint\",\"urlTemplate\":\"https:\/\/www.meler.cn\/fr\/?s={search_term_string}\"},\"query-input\":\"required name=search_term_string\"}],\"inLanguage\":\"fr-FR\"}]}<\/script>\n<!-- \/ Yoast SEO plugin. -->","yoast_head_json":{"title":"Solutions adh\u00e9sives pour l'industrie du tabac - Meler","description":"Sp\u00e9cialistes de l'application de la colle chaude dans l'industrie du tabac. D\u00e9couvrez nos solutions pour les machines de conditionnement du tabac.","robots":{"index":"index","follow":"follow","max-snippet":"max-snippet:-1","max-image-preview":"max-image-preview:large","max-video-preview":"max-video-preview:-1"},"canonical":"https:\/\/www.meler.cn\/fr\/industries\/systemes-de-colle-thermofusible-pour-lemballage-du-tabac\/","og_locale":"fr_FR","og_type":"article","og_title":"Solutions adh\u00e9sives pour l'industrie du tabac - Meler","og_description":"Sp\u00e9cialistes de l'application de la colle chaude dans l'industrie du tabac. D\u00e9couvrez nos solutions pour les machines de conditionnement du tabac.","og_url":"https:\/\/www.meler.cn\/fr\/industries\/systemes-de-colle-thermofusible-pour-lemballage-du-tabac\/","og_site_name":"Meler","article_modified_time":"2025-01-29T12:55:23+00:00","og_image":[{"width":1920,"height":780,"url":"https:\/\/20097.ttandemdigital.com\/media\/header-industrias-packaging-tabaco-meler.png","type":"image\/png"}],"twitter_card":"summary_large_image","twitter_misc":{"Dur\u00e9e de lecture estim\u00e9e":"2 minutes"},"schema":{"@context":"https:\/\/schema.org","@graph":[{"@type":"WebPage","@id":"https:\/\/www.meler.cn\/fr\/industries\/systemes-de-colle-thermofusible-pour-lemballage-du-tabac\/","url":"https:\/\/www.meler.cn\/fr\/industries\/systemes-de-colle-thermofusible-pour-lemballage-du-tabac\/","name":"Solutions adh\u00e9sives pour l'industrie du tabac - Meler","isPartOf":{"@id":"https:\/\/www.meler.cn\/fr\/#website"},"datePublished":"2022-11-30T15:40:33+00:00","dateModified":"2025-01-29T12:55:23+00:00","description":"Sp\u00e9cialistes de l'application de la colle chaude dans l'industrie du tabac. D\u00e9couvrez nos solutions pour les machines de conditionnement du tabac.","breadcrumb":{"@id":"https:\/\/www.meler.cn\/fr\/industries\/systemes-de-colle-thermofusible-pour-lemballage-du-tabac\/#breadcrumb"},"inLanguage":"fr-FR","potentialAction":[{"@type":"ReadAction","target":["https:\/\/www.meler.cn\/fr\/industries\/systemes-de-colle-thermofusible-pour-lemballage-du-tabac\/"]}]},{"@type":"BreadcrumbList","@id":"https:\/\/www.meler.cn\/fr\/industries\/systemes-de-colle-thermofusible-pour-lemballage-du-tabac\/#breadcrumb","itemListElement":[{"@type":"ListItem","position":1,"name":"Portada","item":"https:\/\/www.meler.cn\/fr\/"},{"@type":"ListItem","position":2,"name":"industries","item":"https:\/\/20097.ttandemdigital.com\/fr\/industries\/"},{"@type":"ListItem","position":3,"name":"Syst\u00e8mes de colle thermofusible pour l\u2019emballage du tabac"}]},{"@type":"WebSite","@id":"https:\/\/www.meler.cn\/fr\/#website","url":"https:\/\/www.meler.cn\/fr\/","name":"Meler","description":"Just another WordPress site","potentialAction":[{"@type":"SearchAction","target":{"@type":"EntryPoint","urlTemplate":"https:\/\/www.meler.cn\/fr\/?s={search_term_string}"},"query-input":"required name=search_term_string"}],"inLanguage":"fr-FR"}]}},"_links":{"self":[{"href":"https:\/\/www.meler.cn\/fr\/wp-json\/wp\/v2\/pages\/22252"}],"collection":[{"href":"https:\/\/www.meler.cn\/fr\/wp-json\/wp\/v2\/pages"}],"about":[{"href":"https:\/\/www.meler.cn\/fr\/wp-json\/wp\/v2\/types\/page"}],"author":[{"embeddable":true,"href":"https:\/\/www.meler.cn\/fr\/wp-json\/wp\/v2\/users\/2"}],"replies":[{"embeddable":true,"href":"https:\/\/www.meler.cn\/fr\/wp-json\/wp\/v2\/comments?post=22252"}],"version-history":[{"count":16,"href":"https:\/\/www.meler.cn\/fr\/wp-json\/wp\/v2\/pages\/22252\/revisions"}],"predecessor-version":[{"id":35075,"href":"https:\/\/www.meler.cn\/fr\/wp-json\/wp\/v2\/pages\/22252\/revisions\/35075"}],"up":[{"embeddable":true,"href":"https:\/\/www.meler.cn\/fr\/wp-json\/wp\/v2\/pages\/21833"}],"wp:featuredmedia":[{"embeddable":true,"href":"https:\/\/www.meler.cn\/fr\/wp-json\/wp\/v2\/media\/17939"}],"wp:attachment":[{"href":"https:\/\/www.meler.cn\/fr\/wp-json\/wp\/v2\/media?parent=22252"}],"curies":[{"name":"wp","href":"https:\/\/api.w.org\/{rel}","templated":true}]}}