




















{"id":22043,"date":"2022-12-01T08:25:34","date_gmt":"2022-12-01T08:25:34","guid":{"rendered":"https:\/\/www.meler.eu\/industries\/madera-y-mobiliario\/"},"modified":"2025-01-29T12:14:55","modified_gmt":"2025-01-29T12:14:55","slug":"colle-thermofusible-dans-lindustrie-du-bois","status":"publish","type":"page","link":"https:\/\/www.meler.cn\/fr\/industries\/colle-thermofusible-dans-lindustrie-du-bois\/","title":{"rendered":"Colle thermofusible dans l\u2019industrie du bois"},"content":{"rendered":"<p>[vc_row bg_image_position=\u00a0\u00bb0 100%\u00a0\u00bb row_spacing=\u00a0\u00bbtop-spacing-med bottom-spacing-0&Prime; row_vertical_align=\u00a0\u00bbvalign-middle\u00a0\u00bb el_class=\u00a0\u00bbreverse-column-mobile\u00a0\u00bb][vc_column row_spacing_h=\u00a0\u00bbleft-spacing\u00a0\u00bb width=\u00a0\u00bb1\/1&Prime;][text]<\/p>\n<p class=\"txt-center style-01 summary\">De quoi a besoin aujourd\u2019hui l\u2019industrie du bois\u202f?<\/p>\n<h2 class=\"style-01 txt-width txt-center\"><strong>Quelles solutions offre Meler\u202f? <\/strong><\/h2>\n<p>[\/text][\/vc_column][\/vc_row][vc_row row_spacing=\u00a0\u00bbspacing-v-none\u00a0\u00bb][vc_column width=\u00a0\u00bb1\/1&Prime;][ttdirectory_definition_list_container][ttdirectory_definition_list_item term=\u00a0\u00bbSimplicit\u00e9 d\u2019usage\u00a0\u00bb definition=\u00a0\u00bbSyst\u00e8mes con\u00e7us pour faciliter le quotidien de l\u2019op\u00e9rateur\u00a0\u00bb][ttdirectory_definition_list_item term=\u00a0\u00bbFlexibilit\u00e9\u00a0\u00bb definition=\u00a0\u00bbSyst\u00e8mes adaptables aux diff\u00e9rents formats et substrats\u00a0\u00bb][ttdirectory_definition_list_item term=\u00a0\u00bbEfficacit\u00e9 \u00e9nerg\u00e9tique\u00a0\u00bb definition=\u00a0\u00bbLes unit\u00e9s de fusion de Meler offrent la plus haute efficacit\u00e9 \u00e9nerg\u00e9tique du march\u00e9\u00a0\u00bb][ttdirectory_definition_list_item term=\u00a0\u00bbMinimiser les arr\u00eats de ligne\u00a0\u00bb definition=\u00a0\u00bbConception de solution avec technologie Easy-clean et Total Access\u00a0\u00bb][ttdirectory_definition_list_item term=\u00a0\u00bbHaute productivit\u00e9\u00a0\u00bb definition=\u00a0\u00bbCycles de production jusqu\u2019\u00e0 40 m\/min\u00a0\u00bb][\/ttdirectory_definition_list_container][\/vc_column][\/vc_row][vc_row row_layout=\u00a0\u00bbfull\u00a0\u00bb el_class=\u00a0\u00bbbg-line-left\u00a0\u00bb][vc_column width=\u00a0\u00bb1\/1&Prime;][vc_row_inner row_layout=\u00a0\u00bbfull\u00a0\u00bb][vc_column_inner][ttdirectory_pages carousel_columns=\u00a0\u00bbInfinito\u00a0\u00bb][item]<\/p>\n<h2 class=\"style-02\">Applications<\/h2>\n<p>[\/item][pageModule page_item=\u00a0\u00bb18552&Prime;][pageModule page_item=\u00a0\u00bb18636&Prime;][pageModule page_item=\u00a0\u00bb18548&Prime;][pageModule page_item=\u00a0\u00bb18387&Prime;][\/ttdirectory_pages][\/vc_column_inner][\/vc_row_inner][\/vc_column][\/vc_row][vc_row bg_image_position=\u00a0\u00bb0 100%\u00a0\u00bb row_bg_color=\u00a0\u00bbbg-03&Prime; row_spacing=\u00a0\u00bbtop-spacing bottom-spacing\u00a0\u00bb el_class=\u00a0\u00bbremove-bg-mobile\u00a0\u00bb][vc_column width=\u00a0\u00bb1\/1&Prime;][vc_row_inner row_spacing=\u00a0\u00bbspacing-v-0&Prime;][vc_column_inner el_class=\u00a0\u00bbsticky-content\u00a0\u00bb width=\u00a0\u00bb1\/2&Prime;][text]<\/p>\n<p class=\"summary txt-width\">Syst\u00e8mes complets pour l\u2019optimisation de votre ligne de production<\/p>\n<p><a class=\"button\" href=\"https:\/\/www.meler.cn\/fr\/contact\/\">Posez-nous vos questions<\/a>[\/text][\/vc_column_inner][vc_column_inner width=\u00a0\u00bb1\/2&Prime; equal_height=\u00a0\u00bbequalBox\u00a0\u00bb][text]<\/p>\n<ol class=\"style-01\">\n<li><strong>APPLICATION <\/strong>\n<ul class=\"style-01 style-03\">\n<li>Savoir-faire sp\u00e9cialis\u00e9 en colles PUR, EVA<\/li>\n<li>Facilit\u00e9 pour changements de format<\/li>\n<li>Applicateurs sp\u00e9cifiques pour applications de lamin\u00e9 de chanfreins<\/li>\n<\/ul>\n<\/li>\n<li><strong><strong>FUSION<br \/>\n<\/strong><\/strong><\/p>\n<ul class=\"style-01 style-03\">\n<li>Unit\u00e9s de fusion pour grande consommation de colle<\/li>\n<li>Consommation \u00e9nerg\u00e9tique minimale<\/li>\n<li>\u00c9quipement pour application sur FOAM<\/li>\n<\/ul>\n<\/li>\n<li><strong><strong>TRANSPORT<br \/>\n<\/strong><\/strong><\/p>\n<ul class=\"style-01 style-03\">\n<li>Soin maximal de la colle<\/li>\n<li>11 mod\u00e8les<\/li>\n<li>Peu de maintenance<\/li>\n<li>Solutions pour lignes de fabrication robotis\u00e9es<\/li>\n<\/ul>\n<\/li>\n<\/ol>\n<p>[\/text][\/vc_column_inner][\/vc_row_inner][\/vc_column][\/vc_row][vc_row row_layout=\u00a0\u00bbfull\u00a0\u00bb row_spacing=\u00a0\u00bbspacing-v-0&Prime;][vc_column width=\u00a0\u00bb1\/1&Prime;][CtaModule cta_item=\u00a0\u00bb27041&Prime;][\/vc_column][\/vc_row][vc_row row_spacing=\u00a0\u00bbtop-spacing-med bottom-spacing-med\u00a0\u00bb][vc_column width=\u00a0\u00bb1\/1&Prime;][text]<\/p>\n<h2 class=\"txt-center style-01\">Nos PRODUITS<\/h2>\n<p>[\/text][vc_tta_tabs][vc_tta_section title=\u00a0\u00bbUNIT\u00c9S DE FUSION\u00a0\u00bb tab_id=\u00a0\u00bb1672398287839-e7ca709f-fefa\u00a0\u00bb][ttdirectory_products carousel_columns=\u00a0\u00bb4&Prime; style=\u00a0\u00bb1&Prime;][ttdirectory_product_melters post_melter=\u00a0\u00bb26012&Prime;][ttdirectory_product_melters post_melter=\u00a0\u00bb25228&Prime;][ttdirectory_product_melters post_melter=\u00a0\u00bb27539&Prime;][ttdirectory_product_melters post_melter=\u00a0\u00bb26108&Prime;][ttdirectory_product_melters post_melter=\u00a0\u00bb27415&Prime;][ttdirectory_product_melters post_melter=\u00a0\u00bb26136&Prime;][ttdirectory_product_melters post_melter=\u00a0\u00bb26103&Prime;][ttdirectory_product_melters post_melter=\u00a0\u00bb24552&Prime;][ttdirectory_product_melters post_melter=\u00a0\u00bb24650&Prime;][ttdirectory_product_melters post_melter=\u00a0\u00bb26419&Prime;][ttdirectory_product_melters post_melter=\u00a0\u00bb26118&Prime;][ttdirectory_product_melters post_melter=\u00a0\u00bb26643&Prime;][ttdirectory_product_melters post_melter=\u00a0\u00bb26685&Prime;][ttdirectory_product_melters post_melter=\u00a0\u00bb27262&Prime;][ttdirectory_product_melters post_melter=\u00a0\u00bb26118&Prime;][ttdirectory_product_melters post_melter=\u00a0\u00bb26113&Prime;][ttdirectory_product_melters post_melter=\u00a0\u00bb27505&Prime;][\/ttdirectory_products][\/vc_tta_section][vc_tta_section title=\u00a0\u00bbAPPLICATEURS\u00a0\u00bb tab_id=\u00a0\u00bb1672845475989-ea970bea-c5c6&Prime;][ttdirectory_products carousel_columns=\u00a0\u00bb4&Prime; style=\u00a0\u00bb1&Prime;][ttdirectory_product_applicators post_applicator=\u00a0\u00bb32862&Prime;][ttdirectory_product_applicators post_applicator=\u00a0\u00bb24105&Prime;][ttdirectory_product_applicators post_applicator=\u00a0\u00bb23943&Prime;][ttdirectory_product_applicators post_applicator=\u00a0\u00bb23788&Prime;][ttdirectory_product_applicators post_applicator=\u00a0\u00bb23848&Prime;][ttdirectory_product_applicators post_applicator=\u00a0\u00bb23954&Prime;][ttdirectory_product_applicators post_applicator=\u00a0\u00bb23966&Prime;][ttdirectory_product_applicators post_applicator=\u00a0\u00bb23972&Prime;][\/ttdirectory_products][\/vc_tta_section][\/vc_tta_tabs][\/vc_column][\/vc_row][vc_row row_layout=\u00a0\u00bbfull\u00a0\u00bb row_spacing=\u00a0\u00bbspacing-v-none\u00a0\u00bb][vc_column width=\u00a0\u00bb1\/1&Prime;][CtaModule cta_item=\u00a0\u00bb21647&Prime;][\/vc_column][\/vc_row][vc_row row_layout=\u00a0\u00bbfull\u00a0\u00bb row_spacing=\u00a0\u00bbspacing-v-none\u00a0\u00bb][vc_column width=\u00a0\u00bb1\/1&Prime;][CtaModule cta_item=\u00a0\u00bb30385&Prime;][\/vc_column][\/vc_row]<\/p>\n","protected":false},"excerpt":{"rendered":"<p>Syst\u00e8mes d\u2019application de colle pour la fabrication de meubles <\/p>\n","protected":false},"author":2,"featured_media":14702,"parent":21833,"menu_order":218,"comment_status":"closed","ping_status":"closed","template":"","meta":[],"yoast_head":"<!-- This site is optimized with the Yoast SEO plugin v20.3 - https:\/\/yoast.com\/wordpress\/plugins\/seo\/ -->\n<title>Syst\u00e8mes d&#039;application de colle chaude dans l&#039;industrie du bois et du meuble - Meler<\/title>\n<meta name=\"description\" content=\"Application de la colle thermofusible Meler pour la fabrication de meubles et l&#039;industrie du bois\" \/>\n<meta name=\"robots\" content=\"index, follow, max-snippet:-1, max-image-preview:large, max-video-preview:-1\" \/>\n<link rel=\"canonical\" href=\"https:\/\/www.meler.cn\/fr\/industries\/colle-thermofusible-dans-lindustrie-du-bois\/\" \/>\n<meta property=\"og:locale\" content=\"fr_FR\" \/>\n<meta property=\"og:type\" content=\"article\" \/>\n<meta property=\"og:title\" content=\"Syst\u00e8mes d&#039;application de colle chaude dans l&#039;industrie du bois et du meuble - Meler\" \/>\n<meta property=\"og:description\" content=\"Application de la colle thermofusible Meler pour la fabrication de meubles et l&#039;industrie du bois\" \/>\n<meta property=\"og:url\" content=\"https:\/\/www.meler.cn\/fr\/industries\/colle-thermofusible-dans-lindustrie-du-bois\/\" \/>\n<meta property=\"og:site_name\" content=\"Meler\" \/>\n<meta property=\"article:modified_time\" content=\"2025-01-29T12:14:55+00:00\" \/>\n<meta property=\"og:image\" content=\"https:\/\/20097.ttandemdigital.com\/media\/header-industrias-madera-mobiliario-meler.png\" \/>\n\t<meta property=\"og:image:width\" content=\"1920\" \/>\n\t<meta property=\"og:image:height\" content=\"780\" \/>\n\t<meta property=\"og:image:type\" content=\"image\/png\" \/>\n<meta name=\"twitter:card\" content=\"summary_large_image\" \/>\n<meta name=\"twitter:label1\" content=\"Dur\u00e9e de lecture estim\u00e9e\" \/>\n\t<meta name=\"twitter:data1\" content=\"2 minutes\" \/>\n<script type=\"application\/ld+json\" class=\"yoast-schema-graph\">{\"@context\":\"https:\/\/schema.org\",\"@graph\":[{\"@type\":\"WebPage\",\"@id\":\"https:\/\/www.meler.cn\/fr\/industries\/colle-thermofusible-dans-lindustrie-du-bois\/\",\"url\":\"https:\/\/www.meler.cn\/fr\/industries\/colle-thermofusible-dans-lindustrie-du-bois\/\",\"name\":\"Syst\u00e8mes d'application de colle chaude dans l'industrie du bois et du meuble - Meler\",\"isPartOf\":{\"@id\":\"https:\/\/www.meler.cn\/fr\/#website\"},\"datePublished\":\"2022-12-01T08:25:34+00:00\",\"dateModified\":\"2025-01-29T12:14:55+00:00\",\"description\":\"Application de la colle thermofusible Meler pour la fabrication de meubles et l'industrie du bois\",\"breadcrumb\":{\"@id\":\"https:\/\/www.meler.cn\/fr\/industries\/colle-thermofusible-dans-lindustrie-du-bois\/#breadcrumb\"},\"inLanguage\":\"fr-FR\",\"potentialAction\":[{\"@type\":\"ReadAction\",\"target\":[\"https:\/\/www.meler.cn\/fr\/industries\/colle-thermofusible-dans-lindustrie-du-bois\/\"]}]},{\"@type\":\"BreadcrumbList\",\"@id\":\"https:\/\/www.meler.cn\/fr\/industries\/colle-thermofusible-dans-lindustrie-du-bois\/#breadcrumb\",\"itemListElement\":[{\"@type\":\"ListItem\",\"position\":1,\"name\":\"Portada\",\"item\":\"https:\/\/www.meler.cn\/fr\/\"},{\"@type\":\"ListItem\",\"position\":2,\"name\":\"industries\",\"item\":\"https:\/\/20097.ttandemdigital.com\/fr\/industries\/\"},{\"@type\":\"ListItem\",\"position\":3,\"name\":\"Colle thermofusible dans l\u2019industrie du bois\"}]},{\"@type\":\"WebSite\",\"@id\":\"https:\/\/www.meler.cn\/fr\/#website\",\"url\":\"https:\/\/www.meler.cn\/fr\/\",\"name\":\"Meler\",\"description\":\"Just another WordPress site\",\"potentialAction\":[{\"@type\":\"SearchAction\",\"target\":{\"@type\":\"EntryPoint\",\"urlTemplate\":\"https:\/\/www.meler.cn\/fr\/?s={search_term_string}\"},\"query-input\":\"required name=search_term_string\"}],\"inLanguage\":\"fr-FR\"}]}<\/script>\n<!-- \/ Yoast SEO plugin. -->","yoast_head_json":{"title":"Syst\u00e8mes d'application de colle chaude dans l'industrie du bois et du meuble - Meler","description":"Application de la colle thermofusible Meler pour la fabrication de meubles et l'industrie du bois","robots":{"index":"index","follow":"follow","max-snippet":"max-snippet:-1","max-image-preview":"max-image-preview:large","max-video-preview":"max-video-preview:-1"},"canonical":"https:\/\/www.meler.cn\/fr\/industries\/colle-thermofusible-dans-lindustrie-du-bois\/","og_locale":"fr_FR","og_type":"article","og_title":"Syst\u00e8mes d'application de colle chaude dans l'industrie du bois et du meuble - Meler","og_description":"Application de la colle thermofusible Meler pour la fabrication de meubles et l'industrie du bois","og_url":"https:\/\/www.meler.cn\/fr\/industries\/colle-thermofusible-dans-lindustrie-du-bois\/","og_site_name":"Meler","article_modified_time":"2025-01-29T12:14:55+00:00","og_image":[{"width":1920,"height":780,"url":"https:\/\/20097.ttandemdigital.com\/media\/header-industrias-madera-mobiliario-meler.png","type":"image\/png"}],"twitter_card":"summary_large_image","twitter_misc":{"Dur\u00e9e de lecture estim\u00e9e":"2 minutes"},"schema":{"@context":"https:\/\/schema.org","@graph":[{"@type":"WebPage","@id":"https:\/\/www.meler.cn\/fr\/industries\/colle-thermofusible-dans-lindustrie-du-bois\/","url":"https:\/\/www.meler.cn\/fr\/industries\/colle-thermofusible-dans-lindustrie-du-bois\/","name":"Syst\u00e8mes d'application de colle chaude dans l'industrie du bois et du meuble - Meler","isPartOf":{"@id":"https:\/\/www.meler.cn\/fr\/#website"},"datePublished":"2022-12-01T08:25:34+00:00","dateModified":"2025-01-29T12:14:55+00:00","description":"Application de la colle thermofusible Meler pour la fabrication de meubles et l'industrie du bois","breadcrumb":{"@id":"https:\/\/www.meler.cn\/fr\/industries\/colle-thermofusible-dans-lindustrie-du-bois\/#breadcrumb"},"inLanguage":"fr-FR","potentialAction":[{"@type":"ReadAction","target":["https:\/\/www.meler.cn\/fr\/industries\/colle-thermofusible-dans-lindustrie-du-bois\/"]}]},{"@type":"BreadcrumbList","@id":"https:\/\/www.meler.cn\/fr\/industries\/colle-thermofusible-dans-lindustrie-du-bois\/#breadcrumb","itemListElement":[{"@type":"ListItem","position":1,"name":"Portada","item":"https:\/\/www.meler.cn\/fr\/"},{"@type":"ListItem","position":2,"name":"industries","item":"https:\/\/20097.ttandemdigital.com\/fr\/industries\/"},{"@type":"ListItem","position":3,"name":"Colle thermofusible dans l\u2019industrie du bois"}]},{"@type":"WebSite","@id":"https:\/\/www.meler.cn\/fr\/#website","url":"https:\/\/www.meler.cn\/fr\/","name":"Meler","description":"Just another WordPress site","potentialAction":[{"@type":"SearchAction","target":{"@type":"EntryPoint","urlTemplate":"https:\/\/www.meler.cn\/fr\/?s={search_term_string}"},"query-input":"required name=search_term_string"}],"inLanguage":"fr-FR"}]}},"_links":{"self":[{"href":"https:\/\/www.meler.cn\/fr\/wp-json\/wp\/v2\/pages\/22043"}],"collection":[{"href":"https:\/\/www.meler.cn\/fr\/wp-json\/wp\/v2\/pages"}],"about":[{"href":"https:\/\/www.meler.cn\/fr\/wp-json\/wp\/v2\/types\/page"}],"author":[{"embeddable":true,"href":"https:\/\/www.meler.cn\/fr\/wp-json\/wp\/v2\/users\/2"}],"replies":[{"embeddable":true,"href":"https:\/\/www.meler.cn\/fr\/wp-json\/wp\/v2\/comments?post=22043"}],"version-history":[{"count":19,"href":"https:\/\/www.meler.cn\/fr\/wp-json\/wp\/v2\/pages\/22043\/revisions"}],"predecessor-version":[{"id":35056,"href":"https:\/\/www.meler.cn\/fr\/wp-json\/wp\/v2\/pages\/22043\/revisions\/35056"}],"up":[{"embeddable":true,"href":"https:\/\/www.meler.cn\/fr\/wp-json\/wp\/v2\/pages\/21833"}],"wp:featuredmedia":[{"embeddable":true,"href":"https:\/\/www.meler.cn\/fr\/wp-json\/wp\/v2\/media\/14702"}],"wp:attachment":[{"href":"https:\/\/www.meler.cn\/fr\/wp-json\/wp\/v2\/media?parent=22043"}],"curies":[{"name":"wp","href":"https:\/\/api.w.org\/{rel}","templated":true}]}}