




















{"id":22008,"date":"2022-12-01T08:24:51","date_gmt":"2022-12-01T08:24:51","guid":{"rendered":"https:\/\/www.meler.eu\/industries\/aplicacion-de-hot-melt-para-el-interior-del-vehiculo\/"},"modified":"2025-01-29T12:39:16","modified_gmt":"2025-01-29T12:39:16","slug":"application-de-colle-thermofusible-pour-linterieur-du-vehicule","status":"publish","type":"page","link":"https:\/\/www.meler.cn\/fr\/industries\/application-de-colle-thermofusible-pour-linterieur-du-vehicule\/","title":{"rendered":"Application de colle thermofusible pour l\u2019int\u00e9rieur du v\u00e9hicule"},"content":{"rendered":"<p>[vc_row bg_image_position=\u00a0\u00bb0 100%\u00a0\u00bb row_spacing=\u00a0\u00bbtop-spacing-med bottom-spacing-0&Prime; row_vertical_align=\u00a0\u00bbvalign-middle\u00a0\u00bb el_class=\u00a0\u00bbreverse-column-mobile\u00a0\u00bb][vc_column row_spacing_h=\u00a0\u00bbleft-spacing\u00a0\u00bb width=\u00a0\u00bb1\/1&Prime;][text]<\/p>\n<p class=\"txt-center style-01 summary\">De quoi a besoin aujourd\u2019hui l\u2019industrie automobile\u202f?<\/p>\n<h2 class=\"style-01 txt-width txt-center\"><strong>Quelles solutions offre Meler?\u202f<\/strong><\/h2>\n<p>[\/text][\/vc_column][\/vc_row][vc_row row_spacing=\u00a0\u00bbspacing-v-none\u00a0\u00bb][vc_column width=\u00a0\u00bb1\/1&Prime;][ttdirectory_definition_list_container][ttdirectory_definition_list_item term=\u00a0\u00bbEfficacit\u00e9 \u00e9nerg\u00e9tique\u00a0\u00bb definition=\u00a0\u00bbLes unit\u00e9s de fusion de Meler offrent la plus haute efficacit\u00e9 \u00e9nerg\u00e9tique du march\u00e9\u00a0\u00bb][ttdirectory_definition_list_item term=\u00a0\u00bbTra\u00e7abilit\u00e9\u00a0\u00bb definition=\u00a0\u00bbRapport automatique de consommations\u00a0\u00bb][ttdirectory_definition_list_item term=\u00a0\u00bbIndustrie 4.0&Prime; definition=\u00a0\u00bbSyst\u00e8mes automatis\u00e9s de commande et de dosage\u00a0\u00bb][ttdirectory_definition_list_item term=\u00a0\u00bbMinimiser les arr\u00eats de ligne\u00a0\u00bb definition=\u00a0\u00bbConception de solution avec technologie Easy-clean et Total Access\u00a0\u00bb][ttdirectory_definition_list_item term=\u00a0\u00bbHaute productivit\u00e9\u00a0\u00bb definition=\u00a0\u00bbCycles de production jusqu\u2019\u00e0 40 m\/min\u00a0\u00bb][\/ttdirectory_definition_list_container][\/vc_column][\/vc_row][vc_row row_layout=\u00a0\u00bbfull\u00a0\u00bb el_class=\u00a0\u00bbbg-line-left\u00a0\u00bb][vc_column width=\u00a0\u00bb1\/1&Prime;][vc_row_inner row_layout=\u00a0\u00bbfull\u00a0\u00bb][vc_column_inner][ttdirectory_pages carousel_columns=\u00a0\u00bbInfinito\u00a0\u00bb][item]<\/p>\n<h2 class=\"style-02\">Applications<\/h2>\n<p>[\/item][pageModule page_item=\u00a0\u00bb18443&Prime;][pageModule page_item=\u00a0\u00bb18423&Prime;][pageModule page_item=\u00a0\u00bb18648&Prime;][pageModule page_item=\u00a0\u00bb18540&Prime;][pageModule page_item=\u00a0\u00bb18584&Prime;][pageModule page_item=\u00a0\u00bb18391&Prime;][\/ttdirectory_pages][\/vc_column_inner][\/vc_row_inner][\/vc_column][\/vc_row][vc_row bg_image_position=\u00a0\u00bb0 100%\u00a0\u00bb row_bg_color=\u00a0\u00bbbg-03&Prime; row_spacing=\u00a0\u00bbtop-spacing bottom-spacing\u00a0\u00bb el_class=\u00a0\u00bbremove-bg-mobile\u00a0\u00bb][vc_column width=\u00a0\u00bb1\/1&Prime;][vc_row_inner row_spacing=\u00a0\u00bbspacing-v-0&Prime;][vc_column_inner el_class=\u00a0\u00bbsticky-content\u00a0\u00bb width=\u00a0\u00bb1\/2&Prime;][text]<\/p>\n<p class=\"summary\">Syst\u00e8mes complets pour optimiser tout type de ligne de production<\/p>\n<p><a class=\"button\" href=\"https:\/\/www.meler.cn\/fr\/contact\/\">Posez-nous vos questions<\/a>[\/text][\/vc_column_inner][vc_column_inner width=\u00a0\u00bb1\/2&Prime; equal_height=\u00a0\u00bbequalBox\u00a0\u00bb][text]<\/p>\n<ol class=\"style-01\">\n<li><strong>APPLICATION <\/strong>\n<ul class=\"style-01 style-03\">\n<li>Savoir-faire sp\u00e9cialis\u00e9 en colles PUR, EVA<\/li>\n<li>Solutions adapt\u00e9es aux syst\u00e8mes robotis\u00e9s<\/li>\n<li>Applicateurs intelligents connect\u00e9s<\/li>\n<\/ul>\n<\/li>\n<li><strong><strong>FUSION<br \/>\n<\/strong><\/strong><\/p>\n<ul class=\"style-01 style-03\">\n<li>Une unit\u00e9 de fusion pour chaque demande de production<\/li>\n<li>Consommation \u00e9nerg\u00e9tique minimale<\/li>\n<li>\u00c9quipement pour application sur FOAM<\/li>\n<\/ul>\n<\/li>\n<li><strong><strong>TRANSPORT<br \/>\n<\/strong><\/strong><\/p>\n<ul class=\"style-01 style-03\">\n<li>Soin maximal de la colle<\/li>\n<li>11 mod\u00e8les de tuyaux diff\u00e9rents<\/li>\n<li>Peu de maintenance<\/li>\n<li>Solutions pour lignes de fabrication robotis\u00e9es<\/li>\n<\/ul>\n<\/li>\n<\/ol>\n<p>[\/text][\/vc_column_inner][\/vc_row_inner][\/vc_column][\/vc_row][vc_row row_spacing=\u00a0\u00bbtop-spacing-med bottom-spacing-med\u00a0\u00bb][vc_column width=\u00a0\u00bb1\/1&Prime;][text]<\/p>\n<h2 class=\"txt-center style-01\">Nos produits<\/h2>\n<p>[\/text][vc_tta_tabs][vc_tta_section title=\u00a0\u00bbProjects sp\u00e9ciaux\u00a0\u00bb tab_id=\u00a0\u00bb1737386849694-6d981c0b-dee6&Prime;][ttdirectory_products carousel_columns=\u00a0\u00bb4&Prime; style=\u00a0\u00bb2&Prime;][ttdirectory_product_special_projects post_special_projects=\u00a0\u00bb23756&Prime;][ttdirectory_product_special_projects post_special_projects=\u00a0\u00bb24017&Prime;][\/ttdirectory_products][\/vc_tta_section][vc_tta_section title=\u00a0\u00bbUNIT\u00c9S DE FUSION\u00a0\u00bb tab_id=\u00a0\u00bb1672398287839-e7ca709f-fefa\u00a0\u00bb][ttdirectory_products carousel_columns=\u00a0\u00bb4&Prime; style=\u00a0\u00bb1&Prime;][ttdirectory_product_melters post_melter=\u00a0\u00bb26012&Prime;][ttdirectory_product_melters post_melter=\u00a0\u00bb25228&Prime;][ttdirectory_product_melters post_melter=\u00a0\u00bb26118&Prime;][ttdirectory_product_melters post_melter=\u00a0\u00bb27415&Prime;][ttdirectory_product_melters post_melter=\u00a0\u00bb26136&Prime;][ttdirectory_product_melters post_melter=\u00a0\u00bb26103&Prime;][ttdirectory_product_melters post_melter=\u00a0\u00bb24552&Prime;][ttdirectory_product_melters post_melter=\u00a0\u00bb24650&Prime;][ttdirectory_product_melters post_melter=\u00a0\u00bb26419&Prime;][ttdirectory_product_melters post_melter=\u00a0\u00bb24854&Prime;][ttdirectory_product_melters post_melter=\u00a0\u00bb26643&Prime;][ttdirectory_product_melters post_melter=\u00a0\u00bb26685&Prime;][ttdirectory_product_melters post_melter=\u00a0\u00bb27262&Prime;][ttdirectory_product_melters post_melter=\u00a0\u00bb24854&Prime;][\/ttdirectory_products][\/vc_tta_section][vc_tta_section title=\u00a0\u00bbAPPLICATEURS\u00a0\u00bb tab_id=\u00a0\u00bb1672839351108-60ab99fd-63fb\u00a0\u00bb][ttdirectory_products carousel_columns=\u00a0\u00bb4&Prime; style=\u00a0\u00bb2&Prime;][ttdirectory_product_applicators post_applicator=\u00a0\u00bb23776&Prime;][ttdirectory_product_applicators post_applicator=\u00a0\u00bb23848&Prime;][ttdirectory_product_applicators post_applicator=\u00a0\u00bb23788&Prime;][ttdirectory_product_applicators post_applicator=\u00a0\u00bb23954&Prime;][ttdirectory_product_applicators post_applicator=\u00a0\u00bb23943&Prime;][ttdirectory_product_applicators post_applicator=\u00a0\u00bb23785&Prime;][\/ttdirectory_products][\/vc_tta_section][\/vc_tta_tabs][\/vc_column][\/vc_row][vc_row row_layout=\u00a0\u00bbfull\u00a0\u00bb row_spacing=\u00a0\u00bbspacing-v-none\u00a0\u00bb][vc_column width=\u00a0\u00bb1\/1&Prime;][CtaModule cta_item=\u00a0\u00bb21647&Prime;][\/vc_column][\/vc_row][vc_row row_layout=\u00a0\u00bbfull\u00a0\u00bb row_spacing=\u00a0\u00bbspacing-v-none\u00a0\u00bb][vc_column width=\u00a0\u00bb1\/1&Prime;][CtaModule cta_item=\u00a0\u00bb30385&Prime;][\/vc_column][\/vc_row]<\/p>\n","protected":false},"excerpt":{"rendered":"<p>Leaders mondiaux en syst\u00e8mes de colle thermofusible pour headliners <\/p>\n","protected":false},"author":2,"featured_media":14655,"parent":21833,"menu_order":211,"comment_status":"closed","ping_status":"closed","template":"","meta":[],"yoast_head":"<!-- This site is optimized with the Yoast SEO plugin v20.3 - https:\/\/yoast.com\/wordpress\/plugins\/seo\/ -->\n<title>Syst\u00e8mes d&#039;application d&#039;adh\u00e9sifs dans l&#039;industrie automobile - Meler<\/title>\n<meta name=\"description\" content=\"Syst\u00e8mes Meler pour l&#039;application d&#039;adh\u00e9sifs dans l&#039;assemblage de v\u00e9hicules et la fabrication de composants, de garnitures, d&#039;\u00e9l\u00e9ments int\u00e9rieurs et d&#039;isolation.\" \/>\n<meta name=\"robots\" content=\"index, follow, max-snippet:-1, max-image-preview:large, max-video-preview:-1\" \/>\n<link rel=\"canonical\" href=\"https:\/\/www.meler.cn\/fr\/industries\/application-de-colle-thermofusible-pour-linterieur-du-vehicule\/\" \/>\n<meta property=\"og:locale\" content=\"fr_FR\" \/>\n<meta property=\"og:type\" content=\"article\" \/>\n<meta property=\"og:title\" content=\"Syst\u00e8mes d&#039;application d&#039;adh\u00e9sifs dans l&#039;industrie automobile - Meler\" \/>\n<meta property=\"og:description\" content=\"Syst\u00e8mes Meler pour l&#039;application d&#039;adh\u00e9sifs dans l&#039;assemblage de v\u00e9hicules et la fabrication de composants, de garnitures, d&#039;\u00e9l\u00e9ments int\u00e9rieurs et d&#039;isolation.\" \/>\n<meta property=\"og:url\" content=\"https:\/\/www.meler.cn\/fr\/industries\/application-de-colle-thermofusible-pour-linterieur-du-vehicule\/\" \/>\n<meta property=\"og:site_name\" content=\"Meler\" \/>\n<meta property=\"article:modified_time\" content=\"2025-01-29T12:39:16+00:00\" \/>\n<meta property=\"og:image\" content=\"https:\/\/20097.ttandemdigital.com\/media\/header-industrias-automovil-meler.png\" \/>\n\t<meta property=\"og:image:width\" content=\"1920\" \/>\n\t<meta property=\"og:image:height\" content=\"780\" \/>\n\t<meta property=\"og:image:type\" content=\"image\/png\" \/>\n<meta name=\"twitter:card\" content=\"summary_large_image\" \/>\n<meta name=\"twitter:label1\" content=\"Dur\u00e9e de lecture estim\u00e9e\" \/>\n\t<meta name=\"twitter:data1\" content=\"2 minutes\" \/>\n<script type=\"application\/ld+json\" class=\"yoast-schema-graph\">{\"@context\":\"https:\/\/schema.org\",\"@graph\":[{\"@type\":\"WebPage\",\"@id\":\"https:\/\/www.meler.cn\/fr\/industries\/application-de-colle-thermofusible-pour-linterieur-du-vehicule\/\",\"url\":\"https:\/\/www.meler.cn\/fr\/industries\/application-de-colle-thermofusible-pour-linterieur-du-vehicule\/\",\"name\":\"Syst\u00e8mes d'application d'adh\u00e9sifs dans l'industrie automobile - Meler\",\"isPartOf\":{\"@id\":\"https:\/\/www.meler.cn\/fr\/#website\"},\"datePublished\":\"2022-12-01T08:24:51+00:00\",\"dateModified\":\"2025-01-29T12:39:16+00:00\",\"description\":\"Syst\u00e8mes Meler pour l'application d'adh\u00e9sifs dans l'assemblage de v\u00e9hicules et la fabrication de composants, de garnitures, d'\u00e9l\u00e9ments int\u00e9rieurs et d'isolation.\",\"breadcrumb\":{\"@id\":\"https:\/\/www.meler.cn\/fr\/industries\/application-de-colle-thermofusible-pour-linterieur-du-vehicule\/#breadcrumb\"},\"inLanguage\":\"fr-FR\",\"potentialAction\":[{\"@type\":\"ReadAction\",\"target\":[\"https:\/\/www.meler.cn\/fr\/industries\/application-de-colle-thermofusible-pour-linterieur-du-vehicule\/\"]}]},{\"@type\":\"BreadcrumbList\",\"@id\":\"https:\/\/www.meler.cn\/fr\/industries\/application-de-colle-thermofusible-pour-linterieur-du-vehicule\/#breadcrumb\",\"itemListElement\":[{\"@type\":\"ListItem\",\"position\":1,\"name\":\"Portada\",\"item\":\"https:\/\/www.meler.cn\/fr\/\"},{\"@type\":\"ListItem\",\"position\":2,\"name\":\"industries\",\"item\":\"https:\/\/20097.ttandemdigital.com\/fr\/industries\/\"},{\"@type\":\"ListItem\",\"position\":3,\"name\":\"Application de colle thermofusible pour l\u2019int\u00e9rieur du v\u00e9hicule\"}]},{\"@type\":\"WebSite\",\"@id\":\"https:\/\/www.meler.cn\/fr\/#website\",\"url\":\"https:\/\/www.meler.cn\/fr\/\",\"name\":\"Meler\",\"description\":\"Just another WordPress site\",\"potentialAction\":[{\"@type\":\"SearchAction\",\"target\":{\"@type\":\"EntryPoint\",\"urlTemplate\":\"https:\/\/www.meler.cn\/fr\/?s={search_term_string}\"},\"query-input\":\"required name=search_term_string\"}],\"inLanguage\":\"fr-FR\"}]}<\/script>\n<!-- \/ Yoast SEO plugin. -->","yoast_head_json":{"title":"Syst\u00e8mes d'application d'adh\u00e9sifs dans l'industrie automobile - Meler","description":"Syst\u00e8mes Meler pour l'application d'adh\u00e9sifs dans l'assemblage de v\u00e9hicules et la fabrication de composants, de garnitures, d'\u00e9l\u00e9ments int\u00e9rieurs et d'isolation.","robots":{"index":"index","follow":"follow","max-snippet":"max-snippet:-1","max-image-preview":"max-image-preview:large","max-video-preview":"max-video-preview:-1"},"canonical":"https:\/\/www.meler.cn\/fr\/industries\/application-de-colle-thermofusible-pour-linterieur-du-vehicule\/","og_locale":"fr_FR","og_type":"article","og_title":"Syst\u00e8mes d'application d'adh\u00e9sifs dans l'industrie automobile - Meler","og_description":"Syst\u00e8mes Meler pour l'application d'adh\u00e9sifs dans l'assemblage de v\u00e9hicules et la fabrication de composants, de garnitures, d'\u00e9l\u00e9ments int\u00e9rieurs et d'isolation.","og_url":"https:\/\/www.meler.cn\/fr\/industries\/application-de-colle-thermofusible-pour-linterieur-du-vehicule\/","og_site_name":"Meler","article_modified_time":"2025-01-29T12:39:16+00:00","og_image":[{"width":1920,"height":780,"url":"https:\/\/20097.ttandemdigital.com\/media\/header-industrias-automovil-meler.png","type":"image\/png"}],"twitter_card":"summary_large_image","twitter_misc":{"Dur\u00e9e de lecture estim\u00e9e":"2 minutes"},"schema":{"@context":"https:\/\/schema.org","@graph":[{"@type":"WebPage","@id":"https:\/\/www.meler.cn\/fr\/industries\/application-de-colle-thermofusible-pour-linterieur-du-vehicule\/","url":"https:\/\/www.meler.cn\/fr\/industries\/application-de-colle-thermofusible-pour-linterieur-du-vehicule\/","name":"Syst\u00e8mes d'application d'adh\u00e9sifs dans l'industrie automobile - Meler","isPartOf":{"@id":"https:\/\/www.meler.cn\/fr\/#website"},"datePublished":"2022-12-01T08:24:51+00:00","dateModified":"2025-01-29T12:39:16+00:00","description":"Syst\u00e8mes Meler pour l'application d'adh\u00e9sifs dans l'assemblage de v\u00e9hicules et la fabrication de composants, de garnitures, d'\u00e9l\u00e9ments int\u00e9rieurs et d'isolation.","breadcrumb":{"@id":"https:\/\/www.meler.cn\/fr\/industries\/application-de-colle-thermofusible-pour-linterieur-du-vehicule\/#breadcrumb"},"inLanguage":"fr-FR","potentialAction":[{"@type":"ReadAction","target":["https:\/\/www.meler.cn\/fr\/industries\/application-de-colle-thermofusible-pour-linterieur-du-vehicule\/"]}]},{"@type":"BreadcrumbList","@id":"https:\/\/www.meler.cn\/fr\/industries\/application-de-colle-thermofusible-pour-linterieur-du-vehicule\/#breadcrumb","itemListElement":[{"@type":"ListItem","position":1,"name":"Portada","item":"https:\/\/www.meler.cn\/fr\/"},{"@type":"ListItem","position":2,"name":"industries","item":"https:\/\/20097.ttandemdigital.com\/fr\/industries\/"},{"@type":"ListItem","position":3,"name":"Application de colle thermofusible pour l\u2019int\u00e9rieur du v\u00e9hicule"}]},{"@type":"WebSite","@id":"https:\/\/www.meler.cn\/fr\/#website","url":"https:\/\/www.meler.cn\/fr\/","name":"Meler","description":"Just another WordPress site","potentialAction":[{"@type":"SearchAction","target":{"@type":"EntryPoint","urlTemplate":"https:\/\/www.meler.cn\/fr\/?s={search_term_string}"},"query-input":"required name=search_term_string"}],"inLanguage":"fr-FR"}]}},"_links":{"self":[{"href":"https:\/\/www.meler.cn\/fr\/wp-json\/wp\/v2\/pages\/22008"}],"collection":[{"href":"https:\/\/www.meler.cn\/fr\/wp-json\/wp\/v2\/pages"}],"about":[{"href":"https:\/\/www.meler.cn\/fr\/wp-json\/wp\/v2\/types\/page"}],"author":[{"embeddable":true,"href":"https:\/\/www.meler.cn\/fr\/wp-json\/wp\/v2\/users\/2"}],"replies":[{"embeddable":true,"href":"https:\/\/www.meler.cn\/fr\/wp-json\/wp\/v2\/comments?post=22008"}],"version-history":[{"count":16,"href":"https:\/\/www.meler.cn\/fr\/wp-json\/wp\/v2\/pages\/22008\/revisions"}],"predecessor-version":[{"id":35069,"href":"https:\/\/www.meler.cn\/fr\/wp-json\/wp\/v2\/pages\/22008\/revisions\/35069"}],"up":[{"embeddable":true,"href":"https:\/\/www.meler.cn\/fr\/wp-json\/wp\/v2\/pages\/21833"}],"wp:featuredmedia":[{"embeddable":true,"href":"https:\/\/www.meler.cn\/fr\/wp-json\/wp\/v2\/media\/14655"}],"wp:attachment":[{"href":"https:\/\/www.meler.cn\/fr\/wp-json\/wp\/v2\/media?parent=22008"}],"curies":[{"name":"wp","href":"https:\/\/api.w.org\/{rel}","templated":true}]}}