




















{"id":21785,"date":"2022-11-30T15:37:35","date_gmt":"2022-11-30T15:37:35","guid":{"rendered":"https:\/\/www.meler.eu\/hot-melt-for-the-packaging-industry\/"},"modified":"2025-01-21T13:24:52","modified_gmt":"2025-01-21T13:24:52","slug":"colle-thermofusible-pour-lindustrie-du-packaging","status":"publish","type":"page","link":"https:\/\/www.meler.cn\/fr\/industries\/colle-thermofusible-pour-lindustrie-du-packaging\/","title":{"rendered":"Colle thermofusible pour l\u2019industrie du packaging"},"content":{"rendered":"<p>[vc_row bg_image_position=\u00a0\u00bb0 100%\u00a0\u00bb row_spacing=\u00a0\u00bbtop-spacing-med bottom-spacing-0&Prime; row_vertical_align=\u00a0\u00bbvalign-middle\u00a0\u00bb el_class=\u00a0\u00bbreverse-column-mobile\u00a0\u00bb][vc_column row_spacing_h=\u00a0\u00bbleft-spacing\u00a0\u00bb width=\u00a0\u00bb1\/1&Prime;][text]<\/p>\n<p class=\"txt-center style-01 summary\">Quels sont les besoins actuels de l&rsquo;industrie de l&#8217;emballage ?<\/p>\n<h2 class=\"style-01 txt-width txt-center\"><strong>Quelles sont les solutions propos\u00e9es par meler ?<\/strong><\/h2>\n<p>[\/text][\/vc_column][\/vc_row][vc_row row_spacing=\u00a0\u00bbspacing-v-none\u00a0\u00bb][vc_column width=\u00a0\u00bb1\/1&Prime;][ttdirectory_definition_list_container][ttdirectory_definition_list_item term=\u00a0\u00bbEfficacit\u00e9 \u00e9nerg\u00e9tique\u00a0\u00bb definition=\u00a0\u00bbLes unit\u00e9s de fusion de Meler offrent la plus haute efficacit\u00e9 \u00e9nerg\u00e9tique du march\u00e9\u00a0\u00bb][ttdirectory_definition_list_item term=\u00a0\u00bbSoutenabilit\u00e9\u00a0\u00bb definition=\u00a0\u00bbSyst\u00e8mes d\u2019application de colles connect\u00e9s et 100\u202f% int\u00e9grables\u00a0\u00bb][ttdirectory_definition_list_item term=\u00a0\u00bbHaute productivit\u00e9\u00a0\u00bb definition=\u00a0\u00bbSyst\u00e8mes automatis\u00e9s ou manuels\u00a0\u00bb][ttdirectory_definition_list_item term=\u00a0\u00bbMaintenance rapide et simple\u00a0\u00bb definition=\u00a0\u00bbMeler est une entreprise ax\u00e9e sur l&rsquo;utilisateur qui con\u00e7oit avec la technologie Easy-Clean et offre Total Access\u00a0\u00bb][ttdirectory_definition_list_item term=\u00a0\u00bbInnovation orient\u00e9e sur la durabilit\u00e9\u00a0\u00bb definition=\u00a0\u00bbRecherche et essais de nouveaux processus de production\u00a0\u00bb][\/ttdirectory_definition_list_container][\/vc_column][\/vc_row][vc_row row_layout=\u00a0\u00bbfull\u00a0\u00bb row_spacing=\u00a0\u00bbbottom-spacing top-spacing-0&Prime; el_class=\u00a0\u00bbbg-line-left\u00a0\u00bb][vc_column width=\u00a0\u00bb1\/1&Prime;][vc_row_inner row_layout=\u00a0\u00bbfull\u00a0\u00bb][vc_column_inner][ttdirectory_pages carousel_columns=\u00a0\u00bbInfinito\u00a0\u00bb][item]<\/p>\n<h2 class=\"style-02\">APPLICATIONS<\/h2>\n<p>[\/item][pageModule page_item=\u00a0\u00bb18367&Prime;][pageModule page_item=\u00a0\u00bb18483&Prime;][pageModule page_item=\u00a0\u00bb18415&Prime;][pageModule page_item=\u00a0\u00bb18455&Prime;][pageModule page_item=\u00a0\u00bb18447&Prime;][pageModule page_item=\u00a0\u00bb18451&Prime;][\/ttdirectory_pages][\/vc_column_inner][\/vc_row_inner][\/vc_column][\/vc_row][vc_row bg_image_position=\u00a0\u00bb0 100%\u00a0\u00bb row_bg_color=\u00a0\u00bbbg-03&Prime; row_spacing=\u00a0\u00bbtop-spacing bottom-spacing\u00a0\u00bb el_class=\u00a0\u00bbremove-bg-mobile\u00a0\u00bb][vc_column width=\u00a0\u00bb1\/1&Prime;][vc_row_inner row_spacing=\u00a0\u00bbspacing-v-none\u00a0\u00bb][vc_column_inner el_class=\u00a0\u00bbsticky-content\u00a0\u00bb width=\u00a0\u00bb1\/2&Prime; equal_height=\u00a0\u00bbequalBox\u00a0\u00bb][text]<\/p>\n<p class=\"summary txt-width\">SYST\u00c8MES COMPLETS POUR OPTIMISER<\/p>\n<p>Les processus de production de l\u2019industrie du carton, de l\u2019emballage et de l\u2019\u00e9tiquetage.<\/p>\n<p><a class=\"button\" href=\"https:\/\/www.meler.cn\/fr\/contact\/\">Posez-nous vos questions<\/a>[\/text][\/vc_column_inner][vc_column_inner width=\u00a0\u00bb1\/2&Prime; equal_height=\u00a0\u00bbequalBox\u00a0\u00bb][text]<\/p>\n<ol class=\"style-01\">\n<li><strong>APPLICATION<\/strong>\n<ul class=\"style-01 style-03\">\n<li>Large gamme\u202f: cordon, points, fib\u00e9risation, cavit\u00e9 z\u00e9ro, etc.<\/li>\n<li>Faible consommation de colle<\/li>\n<li>Pr\u00e9cision, coupe nette et r\u00e9p\u00e9titivit\u00e9<\/li>\n<li>Longue dur\u00e9e de vie<\/li>\n<\/ul>\n<\/li>\n<li><strong><strong>FUSION<br \/>\n<\/strong><\/strong><\/p>\n<ul class=\"style-01 style-03\">\n<li>Une unit\u00e9 de fusion pour chaque demande de production (5L, 10L, 35L, etc.)<\/li>\n<li>Consommation \u00e9nerg\u00e9tique minimale<\/li>\n<li>Flexibilit\u00e9 et plusieurs syst\u00e8mes en option<\/li>\n<li>Int\u00e9gration totale \u00e0 la machine principale au moyen de communications industrielles Bluetooth\u00ae ou WIFI<\/li>\n<\/ul>\n<\/li>\n<li><strong><strong>TRANSPORT<br \/>\n<\/strong><\/strong><\/p>\n<ul class=\"style-01 style-03\">\n<li>Soin maximal de la colle<\/li>\n<li>11 mod\u00e8les de tuyaux diff\u00e9rents<\/li>\n<li>Basse maintenance<\/li>\n<li>Grande compatibilit\u00e9 sur le march\u00e9<\/li>\n<\/ul>\n<\/li>\n<\/ol>\n<p>[\/text][\/vc_column_inner][\/vc_row_inner][\/vc_column][\/vc_row][vc_row row_layout=\u00a0\u00bbfull\u00a0\u00bb row_spacing=\u00a0\u00bbspacing-v-none\u00a0\u00bb][vc_column width=\u00a0\u00bb1\/1&Prime;][CtaModule cta_item=\u00a0\u00bb21607&Prime;][\/vc_column][\/vc_row][vc_row row_spacing=\u00a0\u00bbtop-spacing-med bottom-spacing-med\u00a0\u00bb][vc_column width=\u00a0\u00bb1\/1&Prime;][text]<\/p>\n<h2 class=\"txt-center style-01\">NOS PRODUITS<\/h2>\n<p>[\/text][vc_tta_tabs active_section=\u00a0\u00bb1&Prime; css_animation=\u00a0\u00bbfadeIn\u00a0\u00bb][vc_tta_section title=\u00a0\u00bbUNIT\u00c9S DE FUSION\u00a0\u00bb tab_id=\u00a0\u00bb1672398287839-e7ca709f-fefa\u00a0\u00bb][ttdirectory_products carousel_columns=\u00a0\u00bb4&Prime; style=\u00a0\u00bb1&Prime;][ttdirectory_product_melters post_melter=\u00a0\u00bb23733&Prime;][ttdirectory_product_melters post_melter=\u00a0\u00bb23979&Prime;][ttdirectory_product_melters post_melter=\u00a0\u00bb23780&Prime;][ttdirectory_product_melters post_melter=\u00a0\u00bb26012&Prime;][ttdirectory_product_melters post_melter=\u00a0\u00bb25228&Prime;][ttdirectory_product_melters post_melter=\u00a0\u00bb27539&Prime;][ttdirectory_product_melters post_melter=\u00a0\u00bb27415&Prime;][ttdirectory_product_melters post_melter=\u00a0\u00bb26136&Prime;][ttdirectory_product_melters post_melter=\u00a0\u00bb26103&Prime;][ttdirectory_product_melters post_melter=\u00a0\u00bb22696&Prime;][ttdirectory_product_melters post_melter=\u00a0\u00bb26643&Prime;][ttdirectory_product_melters post_melter=\u00a0\u00bb26685&Prime;][\/ttdirectory_products][\/vc_tta_section][vc_tta_section title=\u00a0\u00bbApplicateurs\u00a0\u00bb tab_id=\u00a0\u00bb1674034207276-35183d6e-aad9&Prime;][ttdirectory_products carousel_columns=\u00a0\u00bb4&Prime; style=\u00a0\u00bb1&Prime;][ttdirectory_product_applicators post_applicator=\u00a0\u00bb23776&Prime;][ttdirectory_product_applicators post_applicator=\u00a0\u00bb23791&Prime;][ttdirectory_product_applicators post_applicator=\u00a0\u00bb23788&Prime;][ttdirectory_product_applicators post_applicator=\u00a0\u00bb23943&Prime;][ttdirectory_product_applicators post_applicator=\u00a0\u00bb24259&Prime;][ttdirectory_product_applicators post_applicator=\u00a0\u00bb23785&Prime;][ttdirectory_product_applicators post_applicator=\u00a0\u00bb23954&Prime;][ttdirectory_product_applicators post_applicator=\u00a0\u00bb23966&Prime;][ttdirectory_product_applicators post_applicator=\u00a0\u00bb23989&Prime;][\/ttdirectory_products][\/vc_tta_section][\/vc_tta_tabs][\/vc_column][\/vc_row][vc_row row_layout=\u00a0\u00bbfull\u00a0\u00bb row_spacing=\u00a0\u00bbspacing-v-none\u00a0\u00bb][vc_column width=\u00a0\u00bb1\/1&Prime;][CtaModule cta_item=\u00a0\u00bb21647&Prime;][\/vc_column][\/vc_row][vc_row row_layout=\u00a0\u00bbfull\u00a0\u00bb row_spacing=\u00a0\u00bbspacing-v-none\u00a0\u00bb][vc_column width=\u00a0\u00bb1\/1&Prime;][CtaModule cta_item=\u00a0\u00bb30385&Prime;][\/vc_column][\/vc_row]<\/p>\n","protected":false},"excerpt":{"rendered":"<p>Nous cr\u00e9ons ensemble l\u2019emballage du futur\u202f <\/p>\n","protected":false},"author":2,"featured_media":14168,"parent":21833,"menu_order":166,"comment_status":"closed","ping_status":"closed","template":"","meta":[],"yoast_head":"<!-- This site is optimized with the Yoast SEO plugin v20.3 - https:\/\/yoast.com\/wordpress\/plugins\/seo\/ -->\n<title>Syst\u00e8mes complets pour l&#039;application de colle chaude dans l&#039;emballage - Meler<\/title>\n<meta name=\"description\" content=\"D\u00e9veloppement de solutions compl\u00e8tes d&#039;application d&#039;adh\u00e9sifs pour l&#039;industrie du carton, de l&#039;emballage et de l&#039;\u00e9tiquetage.\" \/>\n<meta name=\"robots\" content=\"index, follow, max-snippet:-1, max-image-preview:large, max-video-preview:-1\" \/>\n<link rel=\"canonical\" href=\"https:\/\/www.meler.cn\/fr\/industries\/colle-thermofusible-pour-lindustrie-du-packaging\/\" \/>\n<meta property=\"og:locale\" content=\"fr_FR\" \/>\n<meta property=\"og:type\" content=\"article\" \/>\n<meta property=\"og:title\" content=\"Syst\u00e8mes complets pour l&#039;application de colle chaude dans l&#039;emballage - Meler\" \/>\n<meta property=\"og:description\" content=\"D\u00e9veloppement de solutions compl\u00e8tes d&#039;application d&#039;adh\u00e9sifs pour l&#039;industrie du carton, de l&#039;emballage et de l&#039;\u00e9tiquetage.\" \/>\n<meta property=\"og:url\" content=\"https:\/\/www.meler.cn\/fr\/industries\/colle-thermofusible-pour-lindustrie-du-packaging\/\" \/>\n<meta property=\"og:site_name\" content=\"Meler\" \/>\n<meta property=\"article:modified_time\" content=\"2025-01-21T13:24:52+00:00\" \/>\n<meta property=\"og:image\" content=\"https:\/\/20097.ttandemdigital.com\/media\/header-industrias-embalaje-etiquetado-meler.png\" \/>\n\t<meta property=\"og:image:width\" content=\"1920\" \/>\n\t<meta property=\"og:image:height\" content=\"780\" \/>\n\t<meta property=\"og:image:type\" content=\"image\/png\" \/>\n<meta name=\"twitter:card\" content=\"summary_large_image\" \/>\n<meta name=\"twitter:label1\" content=\"Dur\u00e9e de lecture estim\u00e9e\" \/>\n\t<meta name=\"twitter:data1\" content=\"2 minutes\" \/>\n<script type=\"application\/ld+json\" class=\"yoast-schema-graph\">{\"@context\":\"https:\/\/schema.org\",\"@graph\":[{\"@type\":\"WebPage\",\"@id\":\"https:\/\/www.meler.cn\/fr\/industries\/colle-thermofusible-pour-lindustrie-du-packaging\/\",\"url\":\"https:\/\/www.meler.cn\/fr\/industries\/colle-thermofusible-pour-lindustrie-du-packaging\/\",\"name\":\"Syst\u00e8mes complets pour l'application de colle chaude dans l'emballage - Meler\",\"isPartOf\":{\"@id\":\"https:\/\/www.meler.cn\/fr\/#website\"},\"datePublished\":\"2022-11-30T15:37:35+00:00\",\"dateModified\":\"2025-01-21T13:24:52+00:00\",\"description\":\"D\u00e9veloppement de solutions compl\u00e8tes d'application d'adh\u00e9sifs pour l'industrie du carton, de l'emballage et de l'\u00e9tiquetage.\",\"breadcrumb\":{\"@id\":\"https:\/\/www.meler.cn\/fr\/industries\/colle-thermofusible-pour-lindustrie-du-packaging\/#breadcrumb\"},\"inLanguage\":\"fr-FR\",\"potentialAction\":[{\"@type\":\"ReadAction\",\"target\":[\"https:\/\/www.meler.cn\/fr\/industries\/colle-thermofusible-pour-lindustrie-du-packaging\/\"]}]},{\"@type\":\"BreadcrumbList\",\"@id\":\"https:\/\/www.meler.cn\/fr\/industries\/colle-thermofusible-pour-lindustrie-du-packaging\/#breadcrumb\",\"itemListElement\":[{\"@type\":\"ListItem\",\"position\":1,\"name\":\"Portada\",\"item\":\"https:\/\/www.meler.cn\/fr\/\"},{\"@type\":\"ListItem\",\"position\":2,\"name\":\"industries\",\"item\":\"https:\/\/20097.ttandemdigital.com\/fr\/industries\/\"},{\"@type\":\"ListItem\",\"position\":3,\"name\":\"Colle thermofusible pour l\u2019industrie du packaging\"}]},{\"@type\":\"WebSite\",\"@id\":\"https:\/\/www.meler.cn\/fr\/#website\",\"url\":\"https:\/\/www.meler.cn\/fr\/\",\"name\":\"Meler\",\"description\":\"Just another WordPress site\",\"potentialAction\":[{\"@type\":\"SearchAction\",\"target\":{\"@type\":\"EntryPoint\",\"urlTemplate\":\"https:\/\/www.meler.cn\/fr\/?s={search_term_string}\"},\"query-input\":\"required name=search_term_string\"}],\"inLanguage\":\"fr-FR\"}]}<\/script>\n<!-- \/ Yoast SEO plugin. -->","yoast_head_json":{"title":"Syst\u00e8mes complets pour l'application de colle chaude dans l'emballage - Meler","description":"D\u00e9veloppement de solutions compl\u00e8tes d'application d'adh\u00e9sifs pour l'industrie du carton, de l'emballage et de l'\u00e9tiquetage.","robots":{"index":"index","follow":"follow","max-snippet":"max-snippet:-1","max-image-preview":"max-image-preview:large","max-video-preview":"max-video-preview:-1"},"canonical":"https:\/\/www.meler.cn\/fr\/industries\/colle-thermofusible-pour-lindustrie-du-packaging\/","og_locale":"fr_FR","og_type":"article","og_title":"Syst\u00e8mes complets pour l'application de colle chaude dans l'emballage - Meler","og_description":"D\u00e9veloppement de solutions compl\u00e8tes d'application d'adh\u00e9sifs pour l'industrie du carton, de l'emballage et de l'\u00e9tiquetage.","og_url":"https:\/\/www.meler.cn\/fr\/industries\/colle-thermofusible-pour-lindustrie-du-packaging\/","og_site_name":"Meler","article_modified_time":"2025-01-21T13:24:52+00:00","og_image":[{"width":1920,"height":780,"url":"https:\/\/20097.ttandemdigital.com\/media\/header-industrias-embalaje-etiquetado-meler.png","type":"image\/png"}],"twitter_card":"summary_large_image","twitter_misc":{"Dur\u00e9e de lecture estim\u00e9e":"2 minutes"},"schema":{"@context":"https:\/\/schema.org","@graph":[{"@type":"WebPage","@id":"https:\/\/www.meler.cn\/fr\/industries\/colle-thermofusible-pour-lindustrie-du-packaging\/","url":"https:\/\/www.meler.cn\/fr\/industries\/colle-thermofusible-pour-lindustrie-du-packaging\/","name":"Syst\u00e8mes complets pour l'application de colle chaude dans l'emballage - Meler","isPartOf":{"@id":"https:\/\/www.meler.cn\/fr\/#website"},"datePublished":"2022-11-30T15:37:35+00:00","dateModified":"2025-01-21T13:24:52+00:00","description":"D\u00e9veloppement de solutions compl\u00e8tes d'application d'adh\u00e9sifs pour l'industrie du carton, de l'emballage et de l'\u00e9tiquetage.","breadcrumb":{"@id":"https:\/\/www.meler.cn\/fr\/industries\/colle-thermofusible-pour-lindustrie-du-packaging\/#breadcrumb"},"inLanguage":"fr-FR","potentialAction":[{"@type":"ReadAction","target":["https:\/\/www.meler.cn\/fr\/industries\/colle-thermofusible-pour-lindustrie-du-packaging\/"]}]},{"@type":"BreadcrumbList","@id":"https:\/\/www.meler.cn\/fr\/industries\/colle-thermofusible-pour-lindustrie-du-packaging\/#breadcrumb","itemListElement":[{"@type":"ListItem","position":1,"name":"Portada","item":"https:\/\/www.meler.cn\/fr\/"},{"@type":"ListItem","position":2,"name":"industries","item":"https:\/\/20097.ttandemdigital.com\/fr\/industries\/"},{"@type":"ListItem","position":3,"name":"Colle thermofusible pour l\u2019industrie du packaging"}]},{"@type":"WebSite","@id":"https:\/\/www.meler.cn\/fr\/#website","url":"https:\/\/www.meler.cn\/fr\/","name":"Meler","description":"Just another WordPress site","potentialAction":[{"@type":"SearchAction","target":{"@type":"EntryPoint","urlTemplate":"https:\/\/www.meler.cn\/fr\/?s={search_term_string}"},"query-input":"required name=search_term_string"}],"inLanguage":"fr-FR"}]}},"_links":{"self":[{"href":"https:\/\/www.meler.cn\/fr\/wp-json\/wp\/v2\/pages\/21785"}],"collection":[{"href":"https:\/\/www.meler.cn\/fr\/wp-json\/wp\/v2\/pages"}],"about":[{"href":"https:\/\/www.meler.cn\/fr\/wp-json\/wp\/v2\/types\/page"}],"author":[{"embeddable":true,"href":"https:\/\/www.meler.cn\/fr\/wp-json\/wp\/v2\/users\/2"}],"replies":[{"embeddable":true,"href":"https:\/\/www.meler.cn\/fr\/wp-json\/wp\/v2\/comments?post=21785"}],"version-history":[{"count":29,"href":"https:\/\/www.meler.cn\/fr\/wp-json\/wp\/v2\/pages\/21785\/revisions"}],"predecessor-version":[{"id":34398,"href":"https:\/\/www.meler.cn\/fr\/wp-json\/wp\/v2\/pages\/21785\/revisions\/34398"}],"up":[{"embeddable":true,"href":"https:\/\/www.meler.cn\/fr\/wp-json\/wp\/v2\/pages\/21833"}],"wp:featuredmedia":[{"embeddable":true,"href":"https:\/\/www.meler.cn\/fr\/wp-json\/wp\/v2\/media\/14168"}],"wp:attachment":[{"href":"https:\/\/www.meler.cn\/fr\/wp-json\/wp\/v2\/media?parent=21785"}],"curies":[{"name":"wp","href":"https:\/\/api.w.org\/{rel}","templated":true}]}}