




















{"id":21562,"date":"2022-11-18T16:23:09","date_gmt":"2022-11-18T16:23:09","guid":{"rendered":"https:\/\/www.meler.eu\/meler-lab\/"},"modified":"2025-01-28T10:33:03","modified_gmt":"2025-01-28T10:33:03","slug":"meler-lab","status":"publish","type":"page","link":"https:\/\/www.meler.cn\/fr\/services\/meler-lab\/","title":{"rendered":"Meler Lab"},"content":{"rendered":"<p>[vc_row bg_image_position=\u00a0\u00bb0 100%\u00a0\u00bb row_vertical_align=\u00a0\u00bbvalign-middle\u00a0\u00bb el_class=\u00a0\u00bbreverse-column-mobile\u00a0\u00bb][vc_column row_spacing_h=\u00a0\u00bbleft-spacing\u00a0\u00bb width=\u00a0\u00bb1\/1&Prime;][text]<\/p>\n<h2 class=\"txt-center style-01 txt-width\"><strong>Notre laboratoire con\u00e7oit la solution dont votre<br \/>\nentreprise a besoin<\/strong><\/h2>\n<p>[\/text][\/vc_column][\/vc_row][vc_row row_vertical_align=\u00a0\u00bbvalign-middle\u00a0\u00bb el_class=\u00a0\u00bbreverse-column-mobile\u00a0\u00bb][vc_column width=\u00a0\u00bb1\/2&Prime;][single_image image=\u00a0\u00bb16463&Prime;][\/vc_column][vc_column row_spacing_h=\u00a0\u00bbleft-spacing\u00a0\u00bb width=\u00a0\u00bb1\/2&Prime;][text]<\/p>\n<p class=\"summary\">Notre objectif: stimuler et am\u00e9liorer l\u2019efficacit\u00e9 et la qualit\u00e9 de vos processus de collage<\/p>\n<p>[\/text][see_details label=\u00a0\u00bbComment ?\u00a0\u00bb label_closed=\u00a0\u00bbOCULTAR\u00a0\u00bb]Gluing what matters signifie que nous nous effor\u00e7ons d&rsquo;unir ce qui compte pour vous. Nous mettons notre exp\u00e9rience \u00abGluing Knowledge\u00bb et notre technologie \u00abGluing technology\u00bb au service de votre projet pour construire l\u2019avenir ensemble, Gluing Tomorrow![\/see_details][\/vc_column][\/vc_row][vc_row bg_image_position=\u00a0\u00bb50% 0&Prime; row_spacing=\u00a0\u00bbtop-spacing bottom-spacing-0&Prime;][vc_column width=\u00a0\u00bb1\/1&Prime;][text]<\/p>\n<h2 class=\"txt-center style-01\"><strong>R+D+i<\/strong><\/h2>\n<p class=\"txt-center txt-width txt-featured-01\">Pour apporter une r\u00e9elle valeur ajout\u00e9e au client, nous faisons de la recherche notre ADN.<\/p>\n<p>[\/text][\/vc_column][\/vc_row][vc_row row_slide=\u00a0\u00bbyes\u00a0\u00bb el_class=\u00a0\u00bbbg-line\u00a0\u00bb][vc_column width=\u00a0\u00bb1\/1&Prime;][vc_row_inner el_class=\u00a0\u00bbreverse-column-mobile\u00a0\u00bb][vc_column_inner width=\u00a0\u00bb1\/2&Prime;][text]<\/p>\n<h2 class=\"style-02\"><span class=\"NormalTextRun SCXO263937961 BCX0\">Equipement du<br \/>\n<\/span><span class=\"SpellingError SCXO263937961 BCX0\">Meler Lab<\/span><\/h2>\n<ul class=\"style-03\">\n<li>Cellule <strong>robotis\u00e9e<\/strong><\/li>\n<li><strong>Deux bobineuses<\/strong>: une pour les t\u00eates jusqu&rsquo;\u00e0 600 mm et une autre jusqu&rsquo;\u00e0 2000 mm<\/li>\n<li><strong>Rouleau<\/strong> de laminage<\/li>\n<li><strong>Banc d&rsquo;essai<\/strong><\/li>\n<li>Tous les types de fondoirs, tuyaux et applicateurs pour toutes les applications possibles avec la technologie Meler (attention particuli\u00e8re \u00e0 SDA FLOW et RTFC)<\/li>\n<li>Syst\u00e8mes sp\u00e9cifiques pour <strong>l&rsquo;application FOAM<\/strong><\/li>\n<\/ul>\n<p>[\/text][\/vc_column_inner][vc_column_inner width=\u00a0\u00bb1\/2&Prime; row_spacing_h=\u00a0\u00bbleft-spacing\u00a0\u00bb][single_image image=\u00a0\u00bb28066&Prime;][\/vc_column_inner][\/vc_row_inner][vc_row_inner el_class=\u00a0\u00bbreverse-column-mobile\u00a0\u00bb][vc_column_inner width=\u00a0\u00bb1\/2&Prime; row_spacing_h=\u00a0\u00bbspacing-h-0&Prime;][text]<\/p>\n<h2 class=\"style-02\">Types de tests<\/h2>\n<ul class=\"style-03\">\n<li style=\"list-style-type: none;\">\n<ul class=\"style-03\">\n<li>Applications avec <strong>tous types d&rsquo;adh\u00e9sifs<\/strong> hotmelt et colle froide.<\/li>\n<li><strong>Types de d\u00e9pose : <\/strong>perle, pointill\u00e9, laminage continu ou intermittent, spray, etc.<\/li>\n<li>Application d&rsquo;adh\u00e9sifs <strong>robotis\u00e9e<\/strong>.<\/li>\n<li>R\u00e9alisation de <strong>prototypes<\/strong> et d&rsquo;installations d&rsquo;essai.<\/li>\n<\/ul>\n<\/li>\n<\/ul>\n<p>[\/text][\/vc_column_inner][vc_column_inner width=\u00a0\u00bb1\/2&Prime; row_spacing_h=\u00a0\u00bbleft-spacing\u00a0\u00bb][single_image image=\u00a0\u00bb28072&Prime;][\/vc_column_inner][\/vc_row_inner][vc_row_inner el_class=\u00a0\u00bbreverse-column-mobile\u00a0\u00bb][vc_column_inner width=\u00a0\u00bb1\/2&Prime; row_spacing_h=\u00a0\u00bbspacing-h-0&Prime;][text]<\/p>\n<h2 class=\"style-02\">Simulations par<br \/>\nsecteur<br \/>\nindustriel<\/h2>\n<ul class=\"style-03\">\n<li><strong>Produits blancs :<\/strong> application de joints mouss\u00e9s, collage flexible entre mat\u00e9riaux, etc.<\/li>\n<li><strong>Automobile:<\/strong> mesure et tra\u00e7abilit\u00e9 des processus de collage de pi\u00e8ces automobiles.<\/li>\n<li><strong>Emballage:<\/strong> tests de durabilit\u00e9, nouveaux joints herm\u00e9tiques, optimisation des processus de production.<\/li>\n<\/ul>\n<p>[\/text][\/vc_column_inner][vc_column_inner width=\u00a0\u00bb1\/2&Prime; row_spacing_h=\u00a0\u00bbleft-spacing\u00a0\u00bb][single_image image=\u00a0\u00bb28072&Prime;][\/vc_column_inner][\/vc_row_inner][vc_row_inner el_class=\u00a0\u00bbreverse-column-mobile\u00a0\u00bb][vc_column_inner width=\u00a0\u00bb1\/2&Prime; row_spacing_h=\u00a0\u00bbspacing-h-0&Prime;][text]<\/p>\n<h2 class=\"style-02\">S\u00e9curit\u00e9 et confidentialit\u00e9<\/h2>\n<p>Notre laboratoire est l&rsquo;endroit o\u00f9 la magie op\u00e8re gr\u00e2ce au travail conjoint de vos ing\u00e9nieurs et de nos sp\u00e9cialistes.<\/p>\n<p>Une magie que nous partageons avec vous en <strong>documentant l&rsquo;ensemble du processus<\/strong>, tout en respectant la <strong>confidentialit\u00e9<\/strong>dont votre entreprise a besoin.[\/text][\/vc_column_inner][vc_column_inner width=\u00a0\u00bb1\/2&Prime; row_spacing_h=\u00a0\u00bbleft-spacing\u00a0\u00bb][single_image image=\u00a0\u00bb28072&Prime;][\/vc_column_inner][\/vc_row_inner][\/vc_column][\/vc_row][vc_row row_bg_color=\u00a0\u00bbbg-03&Prime; el_class=\u00a0\u00bbremove-bg-mobile\u00a0\u00bb][vc_column width=\u00a0\u00bb1\/1&Prime;][vc_row_inner row_spacing=\u00a0\u00bbtop-spacing bottom-spacing\u00a0\u00bb][vc_column_inner el_class=\u00a0\u00bbsticky-content\u00a0\u00bb width=\u00a0\u00bb1\/2&Prime;][text]<\/p>\n<p class=\"summary txt-width\"><strong> Toute magie<\/strong> poss\u00e8de sa part de science<\/p>\n<p>[\/text][\/vc_column_inner][vc_column_inner width=\u00a0\u00bb1\/2&Prime;][text]<\/p>\n<ol class=\"style-01\">\n<li><strong>GLUING KNOWLEDGE<\/strong><br \/>\nLorsque vous doutez, vous avez besoin de solutions expertes pour atteindre vos objectifs&#8230; Faites confiance \u00e0 la magie de Meler. Parlez-nous de votre projet et nous mettrons \u00e0 votre service toutes nos connaissances pour concevoir le syst\u00e8me de collage le mieux adapt\u00e9.<\/li>\n<li><strong>GLUING TECHNOLOGY<\/strong><br \/>\nQuand vous faites des essais et lorsque vient le moment de faire de la magie, faites confiance \u00e0 l&rsquo;expertise de Meler. Dans notre laboratoire, nous effectuons des essais en fonction des besoins de votre projet, avec des \u00e9quipements de pointe et une m\u00e9thodologie de travail r\u00e9elle.<\/li>\n<li><strong>GLUING TOMORROW<\/strong><br \/>\nLorsque vous construisez, lorsque vous fabriquez les produits de l\u2019avenir&#8230; Faites confiance \u00e0 la technologie de Meler.<br \/>\nNous documentons chaque partie du processus de travail et le partageons avec vous pour vous permettre de d\u00e9cider quelle sera la prochaine \u00e9tape, en toute s\u00e9curit\u00e9.<\/li>\n<\/ol>\n<p>[\/text][\/vc_column_inner][\/vc_row_inner][\/vc_column][\/vc_row][vc_row bg_image_position=\u00a0\u00bb50% 0&Prime; row_spacing=\u00a0\u00bbtop-spacing bottom-spacing-0&Prime; row_vertical_align=\u00a0\u00bbvalign-middle\u00a0\u00bb][vc_column width=\u00a0\u00bb1\/1&Prime;][text]<\/p>\n<h2 class=\"txt-center style-0\">Essais de terrain du <strong>Meler Lab<\/strong><\/h2>\n<p class=\"txt-center txt-width txt-featured-01\">Comment travaillent nos \u00e9quipes&#8230;<br \/>\nAu Meler Lab, nous v\u00e9rifions que tout fonctionne correctement, pour vous offrir une qualit\u00e9 optimale.<\/p>\n<p>[\/text][\/vc_column][\/vc_row][vc_row bg_image_position=\u00a0\u00bb50% 0&Prime; row_spacing=\u00a0\u00bbtop-spacing-med bottom-spacing-0&Prime; row_vertical_align=\u00a0\u00bbvalign-middle\u00a0\u00bb][vc_column width=\u00a0\u00bb1\/1&Prime;][video_youtube video_image=\u00a0\u00bb16448&Prime; video_url=\u00a0\u00bbhttps:\/\/www.youtube.com\/watch?v=Yr12gu2OOFw\u00a0\u00bb][\/vc_column][\/vc_row][vc_row row_layout=\u00a0\u00bbfull\u00a0\u00bb row_spacing=\u00a0\u00bbspacing-v-none\u00a0\u00bb][vc_column width=\u00a0\u00bb1\/1&Prime;][CtaModule cta_item=\u00a0\u00bb21623&Prime;][\/vc_column][\/vc_row]<\/p>\n","protected":false},"excerpt":{"rendered":"<p>[vc_row bg_image_position=\u00a0\u00bb0 100%\u00a0\u00bb row_vertical_align=\u00a0\u00bbvalign-middle\u00a0\u00bb el_class=\u00a0\u00bbreverse-column-mobile\u00a0\u00bb][vc_column row_spacing_h=\u00a0\u00bbleft-spacing\u00a0\u00bb width=\u00a0\u00bb1\/1&Prime;][text] Notre laboratoire con\u00e7oit la solution dont votre entreprise a besoin [\/text][\/vc_column][\/vc_row][vc_row row_vertical_align=\u00a0\u00bbvalign-middle\u00a0\u00bb el_class=\u00a0\u00bbreverse-column-mobile\u00a0\u00bb][vc_column width=\u00a0\u00bb1\/2&Prime;][single_image image=\u00a0\u00bb16463&Prime;][\/vc_column][vc_column row_spacing_h=\u00a0\u00bbleft-spacing\u00a0\u00bb width=\u00a0\u00bb1\/2&Prime;][text] Notre objectif: stimuler et am\u00e9liorer l\u2019efficacit\u00e9 et la qualit\u00e9 de vos processus de collage [\/text][see_details label=\u00a0\u00bbComment ?\u00a0\u00bb label_closed=\u00a0\u00bbOCULTAR\u00a0\u00bb]Gluing what matters signifie que nous nous effor\u00e7ons d&rsquo;unir ce qui compte pour vous. [&hellip;]<\/p>\n","protected":false},"author":1,"featured_media":16445,"parent":26016,"menu_order":55,"comment_status":"closed","ping_status":"closed","template":"","meta":[],"yoast_head":"<!-- This site is optimized with the Yoast SEO plugin v20.3 - https:\/\/yoast.com\/wordpress\/plugins\/seo\/ -->\n<title>Meler Lab - Meler<\/title>\n<meta name=\"description\" content=\"Notre laboratoire con\u00e7oit la solution dont votre entreprise a besoin. Notre objectif : stimuler et am\u00e9liorer l\u2019efficacit\u00e9 et la qualit\u00e9 de vos processus de collage.\" \/>\n<meta name=\"robots\" content=\"index, follow, max-snippet:-1, max-image-preview:large, max-video-preview:-1\" \/>\n<link rel=\"canonical\" href=\"https:\/\/www.meler.cn\/fr\/services\/meler-lab\/\" \/>\n<meta property=\"og:locale\" content=\"fr_FR\" \/>\n<meta property=\"og:type\" content=\"article\" \/>\n<meta property=\"og:title\" content=\"Meler Lab - Meler\" \/>\n<meta property=\"og:description\" content=\"Notre laboratoire con\u00e7oit la solution dont votre entreprise a besoin. Notre objectif : stimuler et am\u00e9liorer l\u2019efficacit\u00e9 et la qualit\u00e9 de vos processus de collage.\" \/>\n<meta property=\"og:url\" content=\"https:\/\/www.meler.cn\/fr\/services\/meler-lab\/\" \/>\n<meta property=\"og:site_name\" content=\"Meler\" \/>\n<meta property=\"article:modified_time\" content=\"2025-01-28T10:33:03+00:00\" \/>\n<meta property=\"og:image\" content=\"https:\/\/20097.ttandemdigital.com\/media\/header-servicios-meler-lab-meler.png\" \/>\n\t<meta property=\"og:image:width\" content=\"1920\" \/>\n\t<meta property=\"og:image:height\" content=\"780\" \/>\n\t<meta property=\"og:image:type\" content=\"image\/png\" \/>\n<meta name=\"twitter:card\" content=\"summary_large_image\" \/>\n<meta name=\"twitter:label1\" content=\"Dur\u00e9e de lecture estim\u00e9e\" \/>\n\t<meta name=\"twitter:data1\" content=\"3 minutes\" \/>\n<script type=\"application\/ld+json\" class=\"yoast-schema-graph\">{\"@context\":\"https:\/\/schema.org\",\"@graph\":[{\"@type\":\"WebPage\",\"@id\":\"https:\/\/www.meler.cn\/fr\/services\/meler-lab\/\",\"url\":\"https:\/\/www.meler.cn\/fr\/services\/meler-lab\/\",\"name\":\"Meler Lab - Meler\",\"isPartOf\":{\"@id\":\"https:\/\/www.meler.cn\/fr\/#website\"},\"datePublished\":\"2022-11-18T16:23:09+00:00\",\"dateModified\":\"2025-01-28T10:33:03+00:00\",\"description\":\"Notre laboratoire con\u00e7oit la solution dont votre entreprise a besoin. Notre objectif : stimuler et am\u00e9liorer l\u2019efficacit\u00e9 et la qualit\u00e9 de vos processus de collage.\",\"breadcrumb\":{\"@id\":\"https:\/\/www.meler.cn\/fr\/services\/meler-lab\/#breadcrumb\"},\"inLanguage\":\"fr-FR\",\"potentialAction\":[{\"@type\":\"ReadAction\",\"target\":[\"https:\/\/www.meler.cn\/fr\/services\/meler-lab\/\"]}]},{\"@type\":\"BreadcrumbList\",\"@id\":\"https:\/\/www.meler.cn\/fr\/services\/meler-lab\/#breadcrumb\",\"itemListElement\":[{\"@type\":\"ListItem\",\"position\":1,\"name\":\"Portada\",\"item\":\"https:\/\/www.meler.cn\/fr\/\"},{\"@type\":\"ListItem\",\"position\":2,\"name\":\"Services\",\"item\":\"https:\/\/20097.ttandemdigital.com\/fr\/services\/\"},{\"@type\":\"ListItem\",\"position\":3,\"name\":\"Meler Lab\"}]},{\"@type\":\"WebSite\",\"@id\":\"https:\/\/www.meler.cn\/fr\/#website\",\"url\":\"https:\/\/www.meler.cn\/fr\/\",\"name\":\"Meler\",\"description\":\"Just another WordPress site\",\"potentialAction\":[{\"@type\":\"SearchAction\",\"target\":{\"@type\":\"EntryPoint\",\"urlTemplate\":\"https:\/\/www.meler.cn\/fr\/?s={search_term_string}\"},\"query-input\":\"required name=search_term_string\"}],\"inLanguage\":\"fr-FR\"}]}<\/script>\n<!-- \/ Yoast SEO plugin. -->","yoast_head_json":{"title":"Meler Lab - Meler","description":"Notre laboratoire con\u00e7oit la solution dont votre entreprise a besoin. Notre objectif : stimuler et am\u00e9liorer l\u2019efficacit\u00e9 et la qualit\u00e9 de vos processus de collage.","robots":{"index":"index","follow":"follow","max-snippet":"max-snippet:-1","max-image-preview":"max-image-preview:large","max-video-preview":"max-video-preview:-1"},"canonical":"https:\/\/www.meler.cn\/fr\/services\/meler-lab\/","og_locale":"fr_FR","og_type":"article","og_title":"Meler Lab - Meler","og_description":"Notre laboratoire con\u00e7oit la solution dont votre entreprise a besoin. Notre objectif : stimuler et am\u00e9liorer l\u2019efficacit\u00e9 et la qualit\u00e9 de vos processus de collage.","og_url":"https:\/\/www.meler.cn\/fr\/services\/meler-lab\/","og_site_name":"Meler","article_modified_time":"2025-01-28T10:33:03+00:00","og_image":[{"width":1920,"height":780,"url":"https:\/\/20097.ttandemdigital.com\/media\/header-servicios-meler-lab-meler.png","type":"image\/png"}],"twitter_card":"summary_large_image","twitter_misc":{"Dur\u00e9e de lecture estim\u00e9e":"3 minutes"},"schema":{"@context":"https:\/\/schema.org","@graph":[{"@type":"WebPage","@id":"https:\/\/www.meler.cn\/fr\/services\/meler-lab\/","url":"https:\/\/www.meler.cn\/fr\/services\/meler-lab\/","name":"Meler Lab - Meler","isPartOf":{"@id":"https:\/\/www.meler.cn\/fr\/#website"},"datePublished":"2022-11-18T16:23:09+00:00","dateModified":"2025-01-28T10:33:03+00:00","description":"Notre laboratoire con\u00e7oit la solution dont votre entreprise a besoin. Notre objectif : stimuler et am\u00e9liorer l\u2019efficacit\u00e9 et la qualit\u00e9 de vos processus de collage.","breadcrumb":{"@id":"https:\/\/www.meler.cn\/fr\/services\/meler-lab\/#breadcrumb"},"inLanguage":"fr-FR","potentialAction":[{"@type":"ReadAction","target":["https:\/\/www.meler.cn\/fr\/services\/meler-lab\/"]}]},{"@type":"BreadcrumbList","@id":"https:\/\/www.meler.cn\/fr\/services\/meler-lab\/#breadcrumb","itemListElement":[{"@type":"ListItem","position":1,"name":"Portada","item":"https:\/\/www.meler.cn\/fr\/"},{"@type":"ListItem","position":2,"name":"Services","item":"https:\/\/20097.ttandemdigital.com\/fr\/services\/"},{"@type":"ListItem","position":3,"name":"Meler Lab"}]},{"@type":"WebSite","@id":"https:\/\/www.meler.cn\/fr\/#website","url":"https:\/\/www.meler.cn\/fr\/","name":"Meler","description":"Just another WordPress site","potentialAction":[{"@type":"SearchAction","target":{"@type":"EntryPoint","urlTemplate":"https:\/\/www.meler.cn\/fr\/?s={search_term_string}"},"query-input":"required name=search_term_string"}],"inLanguage":"fr-FR"}]}},"_links":{"self":[{"href":"https:\/\/www.meler.cn\/fr\/wp-json\/wp\/v2\/pages\/21562"}],"collection":[{"href":"https:\/\/www.meler.cn\/fr\/wp-json\/wp\/v2\/pages"}],"about":[{"href":"https:\/\/www.meler.cn\/fr\/wp-json\/wp\/v2\/types\/page"}],"author":[{"embeddable":true,"href":"https:\/\/www.meler.cn\/fr\/wp-json\/wp\/v2\/users\/1"}],"replies":[{"embeddable":true,"href":"https:\/\/www.meler.cn\/fr\/wp-json\/wp\/v2\/comments?post=21562"}],"version-history":[{"count":25,"href":"https:\/\/www.meler.cn\/fr\/wp-json\/wp\/v2\/pages\/21562\/revisions"}],"predecessor-version":[{"id":28154,"href":"https:\/\/www.meler.cn\/fr\/wp-json\/wp\/v2\/pages\/21562\/revisions\/28154"}],"up":[{"embeddable":true,"href":"https:\/\/www.meler.cn\/fr\/wp-json\/wp\/v2\/pages\/26016"}],"wp:featuredmedia":[{"embeddable":true,"href":"https:\/\/www.meler.cn\/fr\/wp-json\/wp\/v2\/media\/16445"}],"wp:attachment":[{"href":"https:\/\/www.meler.cn\/fr\/wp-json\/wp\/v2\/media?parent=21562"}],"curies":[{"name":"wp","href":"https:\/\/api.w.org\/{rel}","templated":true}]}}