




















{"id":32884,"date":"2024-09-02T11:11:26","date_gmt":"2024-09-02T11:11:26","guid":{"rendered":"https:\/\/www.meler.eu\/?page_id=32884"},"modified":"2025-01-29T12:54:15","modified_gmt":"2025-01-29T12:54:15","slug":"canal-etico","status":"publish","type":"page","link":"https:\/\/www.meler.cn\/es\/canal-etico\/","title":{"rendered":"Canal \u00e9tico"},"content":{"rendered":"<p>[vc_row row_spacing=\u00bbtop-spacing bottom-spacing\u00bb][vc_column width=\u00bb5\/6&#8243;][text]<\/p>\n<h2>COMPROMETIDOS CONTIGO<\/h2>\n<p>Grupo\u202f<strong>Focke Meler<\/strong>\u202f(en adelante,\u202f<strong>Meler<\/strong>, haciendo referencia a todas las empresas que conforman el Grupo), ha velado siempre por un\u202f<strong>ambiente sano, respetuoso y colaborativo<\/strong>\u202fa todos los niveles dentro del \u00e1mbito de trabajo de cualquiera de sus instalaciones. Unas condiciones favorables que hacen que todo el personal relacionado con la empresa encuentre el momento y lugar id\u00f3neo para compartir sus opiniones e inquietudes en<strong>\u202flibertad y en armon\u00eda.<\/strong><\/p>\n<p>Un espacio de trabajo saludable que, desde Meler, queremos afianzar dando un paso m\u00e1s gracias a un<strong>\u202fCanal \u00c9tico<\/strong>\u202fque la compa\u00f1\u00eda pone como herramienta a disposici\u00f3n de todos. Se trata de un nuevo\u202f<strong>canal de comunicaci\u00f3n directa y confidencial<\/strong>\u202fpara exponer diferentes temas. Desde\u202f<strong>conductas irregulares<\/strong>\u202fen el seno de la compa\u00f1\u00eda observadas por cualquier persona, hasta\u202f<strong>sugerencias o reconocimientos en positivo<\/strong>.<\/p>\n<p>La\u202fempresa anima a sus trabajadores -o a cualquier otra persona ajena a la misma- a denunciar actitudes y comportamientos que puedan atentar contra las disposiciones recogidas en nuestro\u202f<strong>C\u00f3digo<\/strong>\u202f<strong>\u00c9tico y de Conducta<\/strong>, incluido el acoso sexual y el acoso por raz\u00f3n de sexo en el \u00e1mbito laboral. Asimismo, cualquier tipo de sugerencia, as\u00ed como felicitaci\u00f3n, ser\u00e1n recogidas y tratadas para la mejora continua de la empresa.<\/p>\n<h2>\u00bfC\u00d3MO SE TRATAR\u00c1 LA INFORMACI\u00d3N RECIBIDA?<\/h2>\n<p>Bajo la m\u00e1s estricta\u202f<strong>confidencialidad, imparcialidad e independencia<\/strong>, las comunicaciones recibidas ser\u00e1n objeto de an\u00e1lisis y tratamiento por un\u202f<strong>equipo de profesionales ajenos a la empresa<\/strong>\u202fque proteger\u00e1n al informante de\u202f \u202fcualquier represalia en el \u00e1mbito laboral-profesional.<\/p>\n<p>Toda comunicaci\u00f3n ser\u00e1 tratada bajo la\u202f<strong>normativa de protecci\u00f3n de datos personales, de presunci\u00f3n de inocencia y del derecho al honor de las personas<\/strong>. Meler desea garantizar, as\u00ed, un entorno de trabajo acorde a los principios \u00e9ticos y de conducta derivados de sus s\u00f3lidos valores y cultura empresarial de la que todos nos sentimos tan orgullosos y comprometidos.[\/text][\/vc_column][vc_column width=\u00bb1\/6&#8243;][\/vc_column][\/vc_row][vc_row row_layout=\u00bbfull\u00bb row_spacing=\u00bbspacing-v-none\u00bb][vc_column width=\u00bb1\/1&#8243;][CtaModule cta_item=\u00bb33360&#8243;][\/vc_column][\/vc_row]<\/p>\n","protected":false},"excerpt":{"rendered":"<p>[vc_row row_spacing=\u00bbtop-spacing bottom-spacing\u00bb][vc_column width=\u00bb5\/6&#8243;][text] COMPROMETIDOS CONTIGO Grupo\u202fFocke Meler\u202f(en adelante,\u202fMeler, haciendo referencia a todas las empresas que conforman el Grupo), ha velado siempre por un\u202fambiente sano, respetuoso y colaborativo\u202fa todos los niveles dentro del \u00e1mbito de trabajo de cualquiera de sus instalaciones. Unas condiciones favorables que hacen que todo el personal relacionado con la empresa encuentre [&hellip;]<\/p>\n","protected":false},"author":1,"featured_media":33839,"parent":0,"menu_order":1,"comment_status":"closed","ping_status":"closed","template":"","meta":[],"yoast_head":"<!-- This site is optimized with the Yoast SEO plugin v20.3 - https:\/\/yoast.com\/wordpress\/plugins\/seo\/ -->\n<title>Canal \u00e9tico - Meler<\/title>\n<meta name=\"robots\" content=\"index, follow, max-snippet:-1, max-image-preview:large, max-video-preview:-1\" \/>\n<link rel=\"canonical\" href=\"https:\/\/www.meler.cn\/es\/canal-etico\/\" \/>\n<meta property=\"og:locale\" content=\"es_ES\" \/>\n<meta property=\"og:type\" content=\"article\" \/>\n<meta property=\"og:title\" content=\"Canal \u00e9tico - Meler\" \/>\n<meta property=\"og:description\" content=\"[vc_row row_spacing=\u00bbtop-spacing bottom-spacing\u00bb][vc_column width=\u00bb5\/6&#8243;][text] COMPROMETIDOS CONTIGO Grupo\u202fFocke Meler\u202f(en adelante,\u202fMeler, haciendo referencia a todas las empresas que conforman el Grupo), ha velado siempre por un\u202fambiente sano, respetuoso y colaborativo\u202fa todos los niveles dentro del \u00e1mbito de trabajo de cualquiera de sus instalaciones. Unas condiciones favorables que hacen que todo el personal relacionado con la empresa encuentre [&hellip;]\" \/>\n<meta property=\"og:url\" content=\"https:\/\/www.meler.cn\/es\/canal-etico\/\" \/>\n<meta property=\"og:site_name\" content=\"Meler\" \/>\n<meta property=\"article:modified_time\" content=\"2025-01-29T12:54:15+00:00\" \/>\n<meta property=\"og:image\" content=\"https:\/\/20097.ttandemdigital.com\/media\/meler-ethic-code.png\" \/>\n\t<meta property=\"og:image:width\" content=\"1920\" \/>\n\t<meta property=\"og:image:height\" content=\"780\" \/>\n\t<meta property=\"og:image:type\" content=\"image\/png\" \/>\n<meta name=\"twitter:card\" content=\"summary_large_image\" \/>\n<meta name=\"twitter:label1\" content=\"Tiempo de lectura\" \/>\n\t<meta name=\"twitter:data1\" content=\"2 minutos\" \/>\n<script type=\"application\/ld+json\" class=\"yoast-schema-graph\">{\"@context\":\"https:\/\/schema.org\",\"@graph\":[{\"@type\":\"WebPage\",\"@id\":\"https:\/\/www.meler.cn\/es\/canal-etico\/\",\"url\":\"https:\/\/www.meler.cn\/es\/canal-etico\/\",\"name\":\"Canal \u00e9tico - Meler\",\"isPartOf\":{\"@id\":\"https:\/\/www.meler.cn\/es\/#website\"},\"datePublished\":\"2024-09-02T11:11:26+00:00\",\"dateModified\":\"2025-01-29T12:54:15+00:00\",\"breadcrumb\":{\"@id\":\"https:\/\/www.meler.cn\/es\/canal-etico\/#breadcrumb\"},\"inLanguage\":\"es\",\"potentialAction\":[{\"@type\":\"ReadAction\",\"target\":[\"https:\/\/www.meler.cn\/es\/canal-etico\/\"]}]},{\"@type\":\"BreadcrumbList\",\"@id\":\"https:\/\/www.meler.cn\/es\/canal-etico\/#breadcrumb\",\"itemListElement\":[{\"@type\":\"ListItem\",\"position\":1,\"name\":\"Portada\",\"item\":\"https:\/\/www.meler.cn\/es\/\"},{\"@type\":\"ListItem\",\"position\":2,\"name\":\"Canal \u00e9tico\"}]},{\"@type\":\"WebSite\",\"@id\":\"https:\/\/www.meler.cn\/es\/#website\",\"url\":\"https:\/\/www.meler.cn\/es\/\",\"name\":\"Meler\",\"description\":\"Just another WordPress site\",\"potentialAction\":[{\"@type\":\"SearchAction\",\"target\":{\"@type\":\"EntryPoint\",\"urlTemplate\":\"https:\/\/www.meler.cn\/es\/?s={search_term_string}\"},\"query-input\":\"required name=search_term_string\"}],\"inLanguage\":\"es\"}]}<\/script>\n<!-- \/ Yoast SEO plugin. -->","yoast_head_json":{"title":"Canal \u00e9tico - Meler","robots":{"index":"index","follow":"follow","max-snippet":"max-snippet:-1","max-image-preview":"max-image-preview:large","max-video-preview":"max-video-preview:-1"},"canonical":"https:\/\/www.meler.cn\/es\/canal-etico\/","og_locale":"es_ES","og_type":"article","og_title":"Canal \u00e9tico - Meler","og_description":"[vc_row row_spacing=\u00bbtop-spacing bottom-spacing\u00bb][vc_column width=\u00bb5\/6&#8243;][text] COMPROMETIDOS CONTIGO Grupo\u202fFocke Meler\u202f(en adelante,\u202fMeler, haciendo referencia a todas las empresas que conforman el Grupo), ha velado siempre por un\u202fambiente sano, respetuoso y colaborativo\u202fa todos los niveles dentro del \u00e1mbito de trabajo de cualquiera de sus instalaciones. Unas condiciones favorables que hacen que todo el personal relacionado con la empresa encuentre [&hellip;]","og_url":"https:\/\/www.meler.cn\/es\/canal-etico\/","og_site_name":"Meler","article_modified_time":"2025-01-29T12:54:15+00:00","og_image":[{"width":1920,"height":780,"url":"https:\/\/20097.ttandemdigital.com\/media\/meler-ethic-code.png","type":"image\/png"}],"twitter_card":"summary_large_image","twitter_misc":{"Tiempo de lectura":"2 minutos"},"schema":{"@context":"https:\/\/schema.org","@graph":[{"@type":"WebPage","@id":"https:\/\/www.meler.cn\/es\/canal-etico\/","url":"https:\/\/www.meler.cn\/es\/canal-etico\/","name":"Canal \u00e9tico - Meler","isPartOf":{"@id":"https:\/\/www.meler.cn\/es\/#website"},"datePublished":"2024-09-02T11:11:26+00:00","dateModified":"2025-01-29T12:54:15+00:00","breadcrumb":{"@id":"https:\/\/www.meler.cn\/es\/canal-etico\/#breadcrumb"},"inLanguage":"es","potentialAction":[{"@type":"ReadAction","target":["https:\/\/www.meler.cn\/es\/canal-etico\/"]}]},{"@type":"BreadcrumbList","@id":"https:\/\/www.meler.cn\/es\/canal-etico\/#breadcrumb","itemListElement":[{"@type":"ListItem","position":1,"name":"Portada","item":"https:\/\/www.meler.cn\/es\/"},{"@type":"ListItem","position":2,"name":"Canal \u00e9tico"}]},{"@type":"WebSite","@id":"https:\/\/www.meler.cn\/es\/#website","url":"https:\/\/www.meler.cn\/es\/","name":"Meler","description":"Just another WordPress site","potentialAction":[{"@type":"SearchAction","target":{"@type":"EntryPoint","urlTemplate":"https:\/\/www.meler.cn\/es\/?s={search_term_string}"},"query-input":"required name=search_term_string"}],"inLanguage":"es"}]}},"_links":{"self":[{"href":"https:\/\/www.meler.cn\/es\/wp-json\/wp\/v2\/pages\/32884"}],"collection":[{"href":"https:\/\/www.meler.cn\/es\/wp-json\/wp\/v2\/pages"}],"about":[{"href":"https:\/\/www.meler.cn\/es\/wp-json\/wp\/v2\/types\/page"}],"author":[{"embeddable":true,"href":"https:\/\/www.meler.cn\/es\/wp-json\/wp\/v2\/users\/1"}],"replies":[{"embeddable":true,"href":"https:\/\/www.meler.cn\/es\/wp-json\/wp\/v2\/comments?post=32884"}],"version-history":[{"count":7,"href":"https:\/\/www.meler.cn\/es\/wp-json\/wp\/v2\/pages\/32884\/revisions"}],"predecessor-version":[{"id":35439,"href":"https:\/\/www.meler.cn\/es\/wp-json\/wp\/v2\/pages\/32884\/revisions\/35439"}],"wp:featuredmedia":[{"embeddable":true,"href":"https:\/\/www.meler.cn\/es\/wp-json\/wp\/v2\/media\/33839"}],"wp:attachment":[{"href":"https:\/\/www.meler.cn\/es\/wp-json\/wp\/v2\/media?parent=32884"}],"curies":[{"name":"wp","href":"https:\/\/api.w.org\/{rel}","templated":true}]}}