




















{"id":27650,"date":"2023-03-27T13:27:12","date_gmt":"2023-03-27T13:27:12","guid":{"rendered":"https:\/\/www.meler.eu\/?page_id=27650"},"modified":"2025-02-06T12:15:49","modified_gmt":"2025-02-06T12:15:49","slug":"gluing-tomorrow","status":"publish","type":"page","link":"https:\/\/www.meler.cn\/es\/gluing-tomorrow\/","title":{"rendered":"Gluing Tomorrow"},"content":{"rendered":"<p>[vc_row row_vertical_align=\u00bbvalign-middle\u00bb el_class=\u00bbreverse-column-mobile\u00bb][vc_column width=\u00bb1\/2&#8243;][single_image image=\u00bb28197&#8243;][\/vc_column][vc_column row_spacing_h=\u00bbleft-spacing\u00bb width=\u00bb1\/2&#8243;][text]<\/p>\n<p class=\"summary\">Generadores de cambio<\/p>\n<p>[\/text][see_details]Nuestra forma de ser m\u00e1s sostenibles se basa en una <strong>visi\u00f3n 360<\/strong> que comienza en el dise\u00f1o de producto. Innovamos para conseguir m\u00e1s productividad necesitando menos recursos y trabajando en soluciones energ\u00e9ticamente eficientes, duraderas y robustas.<\/p>\n<p>Una tecnolog\u00eda puntera respaldada por datos reales de laboratorio que nos impulsan a mirar al futuro fabricando <strong>soluciones con un cada vez m\u00e1s amplio ciclo de vida.<\/strong>[\/see_details][\/vc_column][\/vc_row][vc_row row_vertical_align=\u00bbvalign-middle\u00bb el_class=\u00bbreverse-column-mobile\u00bb][vc_column row_spacing_h=\u00bbleft-spacing\u00bb width=\u00bb1\/2&#8243;][text]<\/p>\n<p class=\"summary\">La innovaci\u00f3n puede cambiar el mundo<\/p>\n<p>[\/text][see_details]En Meler trabajamos para que los procesos de adhesivado industrial sean cada vez m\u00e1s sostenibles con el planeta. Una reducci\u00f3n del impacto medioambiental apoyada en soluciones reales, como la <strong>Tecnolog\u00eda Foam made by Meler<\/strong>, que reduce la utilizaci\u00f3n de adhesivo mejorando la calidad del producto. Una constante investigaci\u00f3n que da sus frutos poniendo a disposici\u00f3n del usuario los <strong>fusores m\u00e1s eficientes del planeta.\u00a0<\/strong><\/p>\n<p>Investigamos e invertimos porque nuestro negocio solo mejora si lo hace el tuyo.[\/see_details][\/vc_column][vc_column width=\u00bb1\/2&#8243;][single_image image=\u00bb28175&#8243;][\/vc_column][\/vc_row][vc_row][vc_column row_spacing_h=\u00bbleft-spacing\u00bb width=\u00bb1\/1&#8243;][text]<\/p>\n<p class=\"summary\">Nuestro impacto<\/p>\n<p>[\/text][vc_row_inner][vc_column_inner width=\u00bb1\/3&#8243;][text_datos categoria=\u00bbAmbiental\u00bb cifra=\u00bb35%\u00bb titulo=\u00bbAutoconsumo\u00bb]Gracias a la instalaci\u00f3n de paneles solares.<\/p>\n<p><img decoding=\"async\" loading=\"lazy\" class=\"alignnone size-full wp-image-34160\" src=\"https:\/\/www.meler.cn\/media\/ecovadislogonofondo.png\" alt=\"\" width=\"100\" height=\"100\" \/>[\/text_datos][\/vc_column_inner][vc_column_inner width=\u00bb1\/3&#8243;][text_datos categoria=\u00bbSocial\u00bb cifra=\u00bb1%\u00bb titulo=\u00bbSiniestralidad laboral\u00bb]Comprometidos con los trabajadores creando espacios seguros.<\/p>\n<p><img decoding=\"async\" loading=\"lazy\" class=\"alignnone wp-image-35193 size-full\" src=\"https:\/\/www.meler.cn\/media\/IconoSocialGT-1.png\" alt=\"\" width=\"100\" height=\"100\" \/>[\/text_datos][\/vc_column_inner][vc_column_inner width=\u00bb1\/3&#8243;][text_datos titulo=\u00bbEmpleados\u00bb categoria=\u00bbGobernanza\u00bb cifra=\u00bb+50%\u00bb]Con retribuci\u00f3n variable vinculada a objetivos medibles.<\/p>\n<p><img decoding=\"async\" loading=\"lazy\" class=\"alignnone size-full wp-image-34012\" src=\"https:\/\/www.meler.cn\/media\/micralogofondo.png\" alt=\"\" width=\"100\" height=\"100\" \/>[\/text_datos][\/vc_column_inner][\/vc_row_inner][\/vc_column][\/vc_row][vc_row row_layout=\u00bbfull\u00bb row_spacing=\u00bbspacing-v-none\u00bb][vc_column width=\u00bb1\/1&#8243;][CtaModule cta_item=\u00bb26699&#8243;][\/vc_column][\/vc_row]<\/p>\n","protected":false},"excerpt":{"rendered":"<p>[vc_row row_vertical_align=\u00bbvalign-middle\u00bb el_class=\u00bbreverse-column-mobile\u00bb][vc_column width=\u00bb1\/2&#8243;][single_image image=\u00bb28197&#8243;][\/vc_column][vc_column row_spacing_h=\u00bbleft-spacing\u00bb width=\u00bb1\/2&#8243;][text] Generadores de cambio [\/text][see_details]Nuestra forma de ser m\u00e1s sostenibles se basa en una visi\u00f3n 360 que comienza en el dise\u00f1o de producto. Innovamos para conseguir m\u00e1s productividad necesitando menos recursos y trabajando en soluciones energ\u00e9ticamente eficientes, duraderas y robustas. Una tecnolog\u00eda puntera respaldada por datos reales de laboratorio [&hellip;]<\/p>\n","protected":false},"author":1,"featured_media":32980,"parent":0,"menu_order":92,"comment_status":"closed","ping_status":"closed","template":"","meta":[],"yoast_head":"<!-- This site is optimized with the Yoast SEO plugin v20.3 - https:\/\/yoast.com\/wordpress\/plugins\/seo\/ -->\n<title>Gluing Tomorrow - Meler<\/title>\n<meta name=\"description\" content=\"Meler tiene como objetivo la mejora de los procesos de adhesivado industrial para reducir su impacto medioambiental. Nuestro negocio solo mejora, si lo hace el tuyo. Construyamos juntos el ma\u00f1ana, GLUING TOMORROW.\" \/>\n<meta name=\"robots\" content=\"index, follow, max-snippet:-1, max-image-preview:large, max-video-preview:-1\" \/>\n<link rel=\"canonical\" href=\"https:\/\/www.meler.cn\/es\/gluing-tomorrow\/\" \/>\n<meta property=\"og:locale\" content=\"es_ES\" \/>\n<meta property=\"og:type\" content=\"article\" \/>\n<meta property=\"og:title\" content=\"Gluing Tomorrow - Meler\" \/>\n<meta property=\"og:description\" content=\"Meler tiene como objetivo la mejora de los procesos de adhesivado industrial para reducir su impacto medioambiental. Nuestro negocio solo mejora, si lo hace el tuyo. Construyamos juntos el ma\u00f1ana, GLUING TOMORROW.\" \/>\n<meta property=\"og:url\" content=\"https:\/\/www.meler.cn\/es\/gluing-tomorrow\/\" \/>\n<meta property=\"og:site_name\" content=\"Meler\" \/>\n<meta property=\"article:modified_time\" content=\"2025-02-06T12:15:49+00:00\" \/>\n<meta property=\"og:image\" content=\"https:\/\/www.meler.cn\/media\/header-servicios-meler-lab-meler-3-1.png\" \/>\n\t<meta property=\"og:image:width\" content=\"1920\" \/>\n\t<meta property=\"og:image:height\" content=\"779\" \/>\n\t<meta property=\"og:image:type\" content=\"image\/png\" \/>\n<meta name=\"twitter:card\" content=\"summary_large_image\" \/>\n<meta name=\"twitter:label1\" content=\"Tiempo de lectura\" \/>\n\t<meta name=\"twitter:data1\" content=\"2 minutos\" \/>\n<script type=\"application\/ld+json\" class=\"yoast-schema-graph\">{\"@context\":\"https:\/\/schema.org\",\"@graph\":[{\"@type\":\"WebPage\",\"@id\":\"https:\/\/www.meler.cn\/es\/gluing-tomorrow\/\",\"url\":\"https:\/\/www.meler.cn\/es\/gluing-tomorrow\/\",\"name\":\"Gluing Tomorrow - Meler\",\"isPartOf\":{\"@id\":\"https:\/\/www.meler.cn\/es\/#website\"},\"datePublished\":\"2023-03-27T13:27:12+00:00\",\"dateModified\":\"2025-02-06T12:15:49+00:00\",\"description\":\"Meler tiene como objetivo la mejora de los procesos de adhesivado industrial para reducir su impacto medioambiental. Nuestro negocio solo mejora, si lo hace el tuyo. Construyamos juntos el ma\u00f1ana, GLUING TOMORROW.\",\"breadcrumb\":{\"@id\":\"https:\/\/www.meler.cn\/es\/gluing-tomorrow\/#breadcrumb\"},\"inLanguage\":\"es\",\"potentialAction\":[{\"@type\":\"ReadAction\",\"target\":[\"https:\/\/www.meler.cn\/es\/gluing-tomorrow\/\"]}]},{\"@type\":\"BreadcrumbList\",\"@id\":\"https:\/\/www.meler.cn\/es\/gluing-tomorrow\/#breadcrumb\",\"itemListElement\":[{\"@type\":\"ListItem\",\"position\":1,\"name\":\"Portada\",\"item\":\"https:\/\/www.meler.cn\/es\/\"},{\"@type\":\"ListItem\",\"position\":2,\"name\":\"Gluing Tomorrow\"}]},{\"@type\":\"WebSite\",\"@id\":\"https:\/\/www.meler.cn\/es\/#website\",\"url\":\"https:\/\/www.meler.cn\/es\/\",\"name\":\"Meler\",\"description\":\"Just another WordPress site\",\"potentialAction\":[{\"@type\":\"SearchAction\",\"target\":{\"@type\":\"EntryPoint\",\"urlTemplate\":\"https:\/\/www.meler.cn\/es\/?s={search_term_string}\"},\"query-input\":\"required name=search_term_string\"}],\"inLanguage\":\"es\"}]}<\/script>\n<!-- \/ Yoast SEO plugin. -->","yoast_head_json":{"title":"Gluing Tomorrow - Meler","description":"Meler tiene como objetivo la mejora de los procesos de adhesivado industrial para reducir su impacto medioambiental. Nuestro negocio solo mejora, si lo hace el tuyo. Construyamos juntos el ma\u00f1ana, GLUING TOMORROW.","robots":{"index":"index","follow":"follow","max-snippet":"max-snippet:-1","max-image-preview":"max-image-preview:large","max-video-preview":"max-video-preview:-1"},"canonical":"https:\/\/www.meler.cn\/es\/gluing-tomorrow\/","og_locale":"es_ES","og_type":"article","og_title":"Gluing Tomorrow - Meler","og_description":"Meler tiene como objetivo la mejora de los procesos de adhesivado industrial para reducir su impacto medioambiental. Nuestro negocio solo mejora, si lo hace el tuyo. Construyamos juntos el ma\u00f1ana, GLUING TOMORROW.","og_url":"https:\/\/www.meler.cn\/es\/gluing-tomorrow\/","og_site_name":"Meler","article_modified_time":"2025-02-06T12:15:49+00:00","og_image":[{"width":1920,"height":779,"url":"https:\/\/www.meler.cn\/media\/header-servicios-meler-lab-meler-3-1.png","type":"image\/png"}],"twitter_card":"summary_large_image","twitter_misc":{"Tiempo de lectura":"2 minutos"},"schema":{"@context":"https:\/\/schema.org","@graph":[{"@type":"WebPage","@id":"https:\/\/www.meler.cn\/es\/gluing-tomorrow\/","url":"https:\/\/www.meler.cn\/es\/gluing-tomorrow\/","name":"Gluing Tomorrow - Meler","isPartOf":{"@id":"https:\/\/www.meler.cn\/es\/#website"},"datePublished":"2023-03-27T13:27:12+00:00","dateModified":"2025-02-06T12:15:49+00:00","description":"Meler tiene como objetivo la mejora de los procesos de adhesivado industrial para reducir su impacto medioambiental. Nuestro negocio solo mejora, si lo hace el tuyo. Construyamos juntos el ma\u00f1ana, GLUING TOMORROW.","breadcrumb":{"@id":"https:\/\/www.meler.cn\/es\/gluing-tomorrow\/#breadcrumb"},"inLanguage":"es","potentialAction":[{"@type":"ReadAction","target":["https:\/\/www.meler.cn\/es\/gluing-tomorrow\/"]}]},{"@type":"BreadcrumbList","@id":"https:\/\/www.meler.cn\/es\/gluing-tomorrow\/#breadcrumb","itemListElement":[{"@type":"ListItem","position":1,"name":"Portada","item":"https:\/\/www.meler.cn\/es\/"},{"@type":"ListItem","position":2,"name":"Gluing Tomorrow"}]},{"@type":"WebSite","@id":"https:\/\/www.meler.cn\/es\/#website","url":"https:\/\/www.meler.cn\/es\/","name":"Meler","description":"Just another WordPress site","potentialAction":[{"@type":"SearchAction","target":{"@type":"EntryPoint","urlTemplate":"https:\/\/www.meler.cn\/es\/?s={search_term_string}"},"query-input":"required name=search_term_string"}],"inLanguage":"es"}]}},"_links":{"self":[{"href":"https:\/\/www.meler.cn\/es\/wp-json\/wp\/v2\/pages\/27650"}],"collection":[{"href":"https:\/\/www.meler.cn\/es\/wp-json\/wp\/v2\/pages"}],"about":[{"href":"https:\/\/www.meler.cn\/es\/wp-json\/wp\/v2\/types\/page"}],"author":[{"embeddable":true,"href":"https:\/\/www.meler.cn\/es\/wp-json\/wp\/v2\/users\/1"}],"replies":[{"embeddable":true,"href":"https:\/\/www.meler.cn\/es\/wp-json\/wp\/v2\/comments?post=27650"}],"version-history":[{"count":44,"href":"https:\/\/www.meler.cn\/es\/wp-json\/wp\/v2\/pages\/27650\/revisions"}],"predecessor-version":[{"id":35443,"href":"https:\/\/www.meler.cn\/es\/wp-json\/wp\/v2\/pages\/27650\/revisions\/35443"}],"wp:featuredmedia":[{"embeddable":true,"href":"https:\/\/www.meler.cn\/es\/wp-json\/wp\/v2\/media\/32980"}],"wp:attachment":[{"href":"https:\/\/www.meler.cn\/es\/wp-json\/wp\/v2\/media?parent=27650"}],"curies":[{"name":"wp","href":"https:\/\/api.w.org\/{rel}","templated":true}]}}