




















{"id":27635,"date":"2023-03-27T13:13:48","date_gmt":"2023-03-27T13:13:48","guid":{"rendered":"https:\/\/www.meler.eu\/?page_id=27635"},"modified":"2024-11-04T12:07:28","modified_gmt":"2024-11-04T12:07:28","slug":"identidad-corporativa","status":"publish","type":"page","link":"https:\/\/www.meler.cn\/es\/meler\/identidad-corporativa\/","title":{"rendered":"Identidad corporativa"},"content":{"rendered":"<p>[vc_row bg_image_position=\u00bb0 100%\u00bb row_vertical_align=\u00bbvalign-middle\u00bb el_class=\u00bbreverse-column-mobile\u00bb][vc_column row_spacing_h=\u00bbleft-spacing\u00bb width=\u00bb1\/1&#8243;][text]<\/p>\n<h2 class=\"txt-center style-01\"><strong>\u00bfQU\u00c9 HAY DETR\u00c1S DE LA MAGIA DE MELER?<\/strong><\/h2>\n<p class=\"txt-width txt-center\">En Meler creemos en todo lo que hacemos. Ofrecemos <strong>soluciones sofisticadas<\/strong> adaptadas, siempre, a las necesidades de nuestros clientes. Por eso, nuestra<strong> identidad corporativa<\/strong> no solo refleja todo lo que la empresa ha construido en sus <strong>m\u00e1s de 40 a\u00f1os<\/strong> de recorrido; tambi\u00e9n constituye el <strong>elemento integrador<\/strong> de nuestra filosof\u00eda y cultura corporativa.<\/p>\n<p class=\"txt-width txt-center\">As\u00ed es Meler,<strong> Your Gluing Solutions Partner.<\/strong><\/p>\n<p>[\/text][\/vc_column][\/vc_row][vc_row row_vertical_align=\u00bbvalign-middle\u00bb el_class=\u00bbbg-line-start\u00bb][vc_column row_spacing_h=\u00bbright-spacing\u00bb width=\u00bb1\/2&#8243;][text]<\/p>\n<h2 class=\"style-01 txt-left\"><strong>MISI\u00d3N<\/strong><\/h2>\n<p>[\/text][text]<span class=\"TextRun SCXO145235910 BCX0\" lang=\"ES-ES\" xml:lang=\"ES-ES\" data-contrast=\"none\"><span class=\"NormalTextRun SCXO145235910 BCX0\">Acercamos la aplicaci\u00f3n de soluciones de adhesivado y estanqueidad a la industria a trav\u00e9s de un <strong>grupo de personas comprometido<\/strong>. Mediante el <strong>dise\u00f1o y fabricaci\u00f3n<\/strong> de productos, mejoramos los procesos productivos de empresas implementando la aplicaci\u00f3n de adhesivos a trav\u00e9s de la manipulaci\u00f3n, carga, fusi\u00f3n, transporte y aplicaci\u00f3n de los mismos. Nos adaptamos a las necesidades del cliente ofreciendo <strong>componentes y soluciones completas<\/strong> acompa\u00f1ados de una asistencia t\u00e9cnica y global durante todo el ciclo de vida del producto.\u00a0<\/span><\/span>[\/text][\/vc_column][vc_column width=\u00bb1\/2&#8243;][single_image image=\u00bb28235&#8243;][\/vc_column][\/vc_row][vc_row row_vertical_align=\u00bbvalign-middle\u00bb el_class=\u00bbbg-line-end reverse-column-mobile\u00bb][vc_column width=\u00bb1\/2&#8243;][single_image image=\u00bb28253&#8243;][\/vc_column][vc_column row_spacing_h=\u00bbleft-spacing\u00bb width=\u00bb1\/2&#8243;][text]<\/p>\n<h2 class=\"style-01 txt-left\"><strong>VISI\u00d3N<\/strong><\/h2>\n<p>[\/text][text]<span class=\"TextRun SCXO145235910 BCX0\" lang=\"ES-ES\" xml:lang=\"ES-ES\" data-contrast=\"none\"><span class=\"NormalTextRun SCXO145235910 BCX0\">Meler buscar\u00e1 siempre la <strong>cercan\u00eda y transparencia<\/strong> con el cliente en un <strong>entorno global<\/strong> ofreci\u00e9ndole unas soluciones \u00e1giles, tecnol\u00f3gicas y, cada vez, m\u00e1s sostenibles. A trav\u00e9s de una confianza transversal que guiar\u00e1 todo nuestro trabajo y relaci\u00f3n con el cliente, el proceso de aplicaci\u00f3n de adhesivos con Meler continuar\u00e1 siendo el m\u00e1s <strong>eficaz y en sinton\u00eda con el medio ambiente<\/strong> en todos los desarrollos que la empresa lleve a cabo.\u00a0<\/span><\/span>[\/text][\/vc_column][\/vc_row][vc_row row_layout=\u00bbfull\u00bb bg_image_position=\u00bb50% 0&#8243; row_spacing=\u00bbtop-spacing bottom-spacing\u00bb][vc_column width=\u00bb1\/1&#8243;][CtaModule cta_item=\u00bb11634&#8243;][\/vc_column][\/vc_row][vc_row][vc_column width=\u00bb1\/1&#8243;][text]<\/p>\n<h2 class=\"style-01 txt-center\"><strong>VALORES<\/strong><\/h2>\n<p>[\/text][\/vc_column][\/vc_row][vc_row row_vertical_align=\u00bbvalign-middle\u00bb el_class=\u00bbbg-line-start\u00bb][vc_column row_spacing_h=\u00bbright-spacing\u00bb width=\u00bb1\/2&#8243;][text]<\/p>\n<h2 class=\"summary style-0 style-03 txt-width\">INTEGRIDAD Y BUEN GOBIERNO<\/h2>\n<p>[\/text][text]<span class=\"TextRun SCXO76860490 BCX0\" lang=\"ES-ES\" xml:lang=\"ES-ES\" data-contrast=\"none\"><span class=\"NormalTextRun SCXO76860490 BCX0\">Porque la honestidad es una cualidad innata de todos los que integramos la empresa. Hacemos lo correcto, porque para nosotros, no hay otra forma de afrontar el d\u00eda a d\u00eda.\u00a0<\/span><\/span>[\/text][\/vc_column][vc_column width=\u00bb1\/2&#8243;][single_image image=\u00bb28267&#8243;][\/vc_column][\/vc_row][vc_row row_vertical_align=\u00bbvalign-middle\u00bb el_class=\u00bbbg-line-med reverse-column-mobile\u00bb][vc_column width=\u00bb1\/2&#8243;][single_image image=\u00bb28272&#8243;][\/vc_column][vc_column row_spacing_h=\u00bbleft-spacing\u00bb width=\u00bb1\/2&#8243;][text]<\/p>\n<h2 class=\"summary style-0 style-03 txt-width\">COMPA\u00d1ERISMO, TRABAJO EN EQUIPO Y GENEROSIDAD<\/h2>\n<p>[\/text][text]<span class=\"TextRun SCXO204431804 BCX0\" lang=\"ES-ES\" xml:lang=\"ES-ES\" data-contrast=\"none\"><span class=\"NormalTextRun SCXO204431804 BCX0\">Nuestro mayor activo son las personas que integran Meler: empleados, clientes, proveedores y distribuidores. La colaboraci\u00f3n y diversidad de opiniones generan relaciones a largo plazo ofreciendo, as\u00ed, las mejores soluciones del mercado.\u00a0\u00a0<\/span><\/span>[\/text][\/vc_column][\/vc_row][vc_row row_vertical_align=\u00bbvalign-middle\u00bb el_class=\u00bbbg-line-med\u00bb][vc_column row_spacing_h=\u00bbright-spacing\u00bb width=\u00bb1\/2&#8243;][text]<\/p>\n<h2 class=\"summary style-0 style-03 txt-width\">EMPAT\u00cdA<\/h2>\n<p>[\/text][text]<span class=\"TextRun SCXO76860490 BCX0\" lang=\"ES-ES\" xml:lang=\"ES-ES\" data-contrast=\"none\"><span class=\"NormalTextRun SCXO76860490 BCX0\">Realizamos una escucha activa para asegurarnos de que entendemos \u2013y solventamos- tus necesidades. Pensamos en positivo y cooperamos para obtener, siempre, el \u00e9xito que necesitas.\u00a0<\/span><\/span>[\/text][\/vc_column][vc_column width=\u00bb1\/2&#8243;][single_image image=\u00bb28282&#8243;][\/vc_column][\/vc_row][vc_row row_vertical_align=\u00bbvalign-middle\u00bb el_class=\u00bbbg-line-med reverse-column-mobile\u00bb][vc_column width=\u00bb1\/2&#8243;][single_image image=\u00bb28287&#8243;][\/vc_column][vc_column row_spacing_h=\u00bbleft-spacing\u00bb width=\u00bb1\/2&#8243;][text]<\/p>\n<h2 class=\"summary style-0 style-03 txt-width\">B\u00daSQUEDA DE LA EXCELENCIA<\/h2>\n<p>[\/text][text]<span class=\"TextRun SCXO204431804 BCX0\" lang=\"ES-ES\" xml:lang=\"ES-ES\" data-contrast=\"none\"><span class=\"NormalTextRun SCXO204431804 BCX0\">No nos conformamos nunca. Buscamos -y encontramos- soluciones innovadoras que aportan un valor real a tu empresa a trav\u00e9s de una investigaci\u00f3n, innovaci\u00f3n y mejora constante.\u00a0<\/span><\/span>[\/text][\/vc_column][\/vc_row][vc_row row_vertical_align=\u00bbvalign-middle\u00bb el_class=\u00bbbg-line-med\u00bb][vc_column row_spacing_h=\u00bbright-spacing\u00bb width=\u00bb1\/2&#8243;][text]<\/p>\n<h2 class=\"summary style-0 style-03 txt-width\">CERCAN\u00cdA Y VINCULACI\u00d3N AL CLIENTE<\/h2>\n<p>[\/text][text]<span class=\"TextRun SCXO76860490 BCX0\" lang=\"ES-ES\" xml:lang=\"ES-ES\" data-contrast=\"none\"><span class=\"NormalTextRun SCXO76860490 BCX0\">El servicio al cliente es nuestra prioridad. Ofrecer lo mejor cuando lo necesitas se convierte en nuestro objetivo n\u00famero uno. Servicio accesible, global y local orientado, siempre, a la consecuci\u00f3n de tus objetivos con un soporte presencial y remoto. <\/span><\/span>[\/text][\/vc_column][vc_column width=\u00bb1\/2&#8243;][single_image image=\u00bb28297&#8243;][\/vc_column][\/vc_row][vc_row row_layout=\u00bbfull\u00bb bg_image_position=\u00bb50% 0&#8243; row_spacing=\u00bbtop-spacing-med bottom-spacing-0&#8243;][vc_column width=\u00bb1\/1&#8243;][CtaModule cta_item=\u00bb9558&#8243;][\/vc_column][\/vc_row]<\/p>\n","protected":false},"excerpt":{"rendered":"<p>[vc_row bg_image_position=\u00bb0 100%\u00bb row_vertical_align=\u00bbvalign-middle\u00bb el_class=\u00bbreverse-column-mobile\u00bb][vc_column row_spacing_h=\u00bbleft-spacing\u00bb width=\u00bb1\/1&#8243;][text] \u00bfQU\u00c9 HAY DETR\u00c1S DE LA MAGIA DE MELER? En Meler creemos en todo lo que hacemos. Ofrecemos soluciones sofisticadas adaptadas, siempre, a las necesidades de nuestros clientes. Por eso, nuestra identidad corporativa no solo refleja todo lo que la empresa ha construido en sus m\u00e1s de 40 a\u00f1os [&hellip;]<\/p>\n","protected":false},"author":1,"featured_media":28225,"parent":11623,"menu_order":135,"comment_status":"closed","ping_status":"closed","template":"","meta":[],"yoast_head":"<!-- This site is optimized with the Yoast SEO plugin v20.3 - https:\/\/yoast.com\/wordpress\/plugins\/seo\/ -->\n<title>Descubre nuestro equipo de profesionales - Meler<\/title>\n<meta name=\"description\" content=\"Las personas son nuestro mayor valor. Conoce a nuestro equipo, lleno de personas con experiencia, conocimiento y compromiso.\" \/>\n<meta name=\"robots\" content=\"index, follow, max-snippet:-1, max-image-preview:large, max-video-preview:-1\" \/>\n<link rel=\"canonical\" href=\"https:\/\/www.meler.cn\/es\/meler\/identidad-corporativa\/\" \/>\n<meta property=\"og:locale\" content=\"es_ES\" \/>\n<meta property=\"og:type\" content=\"article\" \/>\n<meta property=\"og:title\" content=\"Descubre nuestro equipo de profesionales - Meler\" \/>\n<meta property=\"og:description\" content=\"Las personas son nuestro mayor valor. Conoce a nuestro equipo, lleno de personas con experiencia, conocimiento y compromiso.\" \/>\n<meta property=\"og:url\" content=\"https:\/\/www.meler.cn\/es\/meler\/identidad-corporativa\/\" \/>\n<meta property=\"og:site_name\" content=\"Meler\" \/>\n<meta property=\"article:modified_time\" content=\"2024-11-04T12:07:28+00:00\" \/>\n<meta property=\"og:image\" content=\"https:\/\/20097.ttandemdigital.com\/media\/header-nuestra-filosofia-5.png\" \/>\n\t<meta property=\"og:image:width\" content=\"1920\" \/>\n\t<meta property=\"og:image:height\" content=\"780\" \/>\n\t<meta property=\"og:image:type\" content=\"image\/png\" \/>\n<meta name=\"twitter:card\" content=\"summary_large_image\" \/>\n<meta name=\"twitter:label1\" content=\"Tiempo de lectura\" \/>\n\t<meta name=\"twitter:data1\" content=\"3 minutos\" \/>\n<script type=\"application\/ld+json\" class=\"yoast-schema-graph\">{\"@context\":\"https:\/\/schema.org\",\"@graph\":[{\"@type\":\"WebPage\",\"@id\":\"https:\/\/www.meler.cn\/es\/meler\/identidad-corporativa\/\",\"url\":\"https:\/\/www.meler.cn\/es\/meler\/identidad-corporativa\/\",\"name\":\"Descubre nuestro equipo de profesionales - Meler\",\"isPartOf\":{\"@id\":\"https:\/\/www.meler.cn\/es\/#website\"},\"datePublished\":\"2023-03-27T13:13:48+00:00\",\"dateModified\":\"2024-11-04T12:07:28+00:00\",\"description\":\"Las personas son nuestro mayor valor. Conoce a nuestro equipo, lleno de personas con experiencia, conocimiento y compromiso.\",\"breadcrumb\":{\"@id\":\"https:\/\/www.meler.cn\/es\/meler\/identidad-corporativa\/#breadcrumb\"},\"inLanguage\":\"es\",\"potentialAction\":[{\"@type\":\"ReadAction\",\"target\":[\"https:\/\/www.meler.cn\/es\/meler\/identidad-corporativa\/\"]}]},{\"@type\":\"BreadcrumbList\",\"@id\":\"https:\/\/www.meler.cn\/es\/meler\/identidad-corporativa\/#breadcrumb\",\"itemListElement\":[{\"@type\":\"ListItem\",\"position\":1,\"name\":\"Portada\",\"item\":\"https:\/\/www.meler.cn\/es\/\"},{\"@type\":\"ListItem\",\"position\":2,\"name\":\"Meler\",\"item\":\"https:\/\/20097.ttandemdigital.com\/es\/meler\/\"},{\"@type\":\"ListItem\",\"position\":3,\"name\":\"Identidad corporativa\"}]},{\"@type\":\"WebSite\",\"@id\":\"https:\/\/www.meler.cn\/es\/#website\",\"url\":\"https:\/\/www.meler.cn\/es\/\",\"name\":\"Meler\",\"description\":\"Just another WordPress site\",\"potentialAction\":[{\"@type\":\"SearchAction\",\"target\":{\"@type\":\"EntryPoint\",\"urlTemplate\":\"https:\/\/www.meler.cn\/es\/?s={search_term_string}\"},\"query-input\":\"required name=search_term_string\"}],\"inLanguage\":\"es\"}]}<\/script>\n<!-- \/ Yoast SEO plugin. -->","yoast_head_json":{"title":"Descubre nuestro equipo de profesionales - Meler","description":"Las personas son nuestro mayor valor. Conoce a nuestro equipo, lleno de personas con experiencia, conocimiento y compromiso.","robots":{"index":"index","follow":"follow","max-snippet":"max-snippet:-1","max-image-preview":"max-image-preview:large","max-video-preview":"max-video-preview:-1"},"canonical":"https:\/\/www.meler.cn\/es\/meler\/identidad-corporativa\/","og_locale":"es_ES","og_type":"article","og_title":"Descubre nuestro equipo de profesionales - Meler","og_description":"Las personas son nuestro mayor valor. Conoce a nuestro equipo, lleno de personas con experiencia, conocimiento y compromiso.","og_url":"https:\/\/www.meler.cn\/es\/meler\/identidad-corporativa\/","og_site_name":"Meler","article_modified_time":"2024-11-04T12:07:28+00:00","og_image":[{"width":1920,"height":780,"url":"https:\/\/20097.ttandemdigital.com\/media\/header-nuestra-filosofia-5.png","type":"image\/png"}],"twitter_card":"summary_large_image","twitter_misc":{"Tiempo de lectura":"3 minutos"},"schema":{"@context":"https:\/\/schema.org","@graph":[{"@type":"WebPage","@id":"https:\/\/www.meler.cn\/es\/meler\/identidad-corporativa\/","url":"https:\/\/www.meler.cn\/es\/meler\/identidad-corporativa\/","name":"Descubre nuestro equipo de profesionales - Meler","isPartOf":{"@id":"https:\/\/www.meler.cn\/es\/#website"},"datePublished":"2023-03-27T13:13:48+00:00","dateModified":"2024-11-04T12:07:28+00:00","description":"Las personas son nuestro mayor valor. Conoce a nuestro equipo, lleno de personas con experiencia, conocimiento y compromiso.","breadcrumb":{"@id":"https:\/\/www.meler.cn\/es\/meler\/identidad-corporativa\/#breadcrumb"},"inLanguage":"es","potentialAction":[{"@type":"ReadAction","target":["https:\/\/www.meler.cn\/es\/meler\/identidad-corporativa\/"]}]},{"@type":"BreadcrumbList","@id":"https:\/\/www.meler.cn\/es\/meler\/identidad-corporativa\/#breadcrumb","itemListElement":[{"@type":"ListItem","position":1,"name":"Portada","item":"https:\/\/www.meler.cn\/es\/"},{"@type":"ListItem","position":2,"name":"Meler","item":"https:\/\/20097.ttandemdigital.com\/es\/meler\/"},{"@type":"ListItem","position":3,"name":"Identidad corporativa"}]},{"@type":"WebSite","@id":"https:\/\/www.meler.cn\/es\/#website","url":"https:\/\/www.meler.cn\/es\/","name":"Meler","description":"Just another WordPress site","potentialAction":[{"@type":"SearchAction","target":{"@type":"EntryPoint","urlTemplate":"https:\/\/www.meler.cn\/es\/?s={search_term_string}"},"query-input":"required name=search_term_string"}],"inLanguage":"es"}]}},"_links":{"self":[{"href":"https:\/\/www.meler.cn\/es\/wp-json\/wp\/v2\/pages\/27635"}],"collection":[{"href":"https:\/\/www.meler.cn\/es\/wp-json\/wp\/v2\/pages"}],"about":[{"href":"https:\/\/www.meler.cn\/es\/wp-json\/wp\/v2\/types\/page"}],"author":[{"embeddable":true,"href":"https:\/\/www.meler.cn\/es\/wp-json\/wp\/v2\/users\/1"}],"replies":[{"embeddable":true,"href":"https:\/\/www.meler.cn\/es\/wp-json\/wp\/v2\/comments?post=27635"}],"version-history":[{"count":22,"href":"https:\/\/www.meler.cn\/es\/wp-json\/wp\/v2\/pages\/27635\/revisions"}],"predecessor-version":[{"id":33878,"href":"https:\/\/www.meler.cn\/es\/wp-json\/wp\/v2\/pages\/27635\/revisions\/33878"}],"up":[{"embeddable":true,"href":"https:\/\/www.meler.cn\/es\/wp-json\/wp\/v2\/pages\/11623"}],"wp:featuredmedia":[{"embeddable":true,"href":"https:\/\/www.meler.cn\/es\/wp-json\/wp\/v2\/media\/28225"}],"wp:attachment":[{"href":"https:\/\/www.meler.cn\/es\/wp-json\/wp\/v2\/media?parent=27635"}],"curies":[{"name":"wp","href":"https:\/\/api.w.org\/{rel}","templated":true}]}}