




















{"id":21541,"date":"2023-02-08T16:43:44","date_gmt":"2023-02-08T16:43:44","guid":{"rendered":"https:\/\/www.meler.eu\/?page_id=21541"},"modified":"2023-03-14T10:25:08","modified_gmt":"2023-03-14T10:25:08","slug":"politica-cookies","status":"publish","type":"page","link":"https:\/\/www.meler.cn\/es\/politica-cookies\/","title":{"rendered":"Pol\u00edtica de cookies"},"content":{"rendered":"<p>[vc_row row_spacing=\u00bbtop-spacing bottom-spacing\u00bb][vc_column width=\u00bb1\/1&#8243;][text]<\/p>\n<h2>\u00bfQu\u00e9 son las cookies?<\/h2>\n<p>Las cookies son unos archivos de texto que se alojan en el terminal del usuario visitante y que almacenan y recuperan informaci\u00f3n sobre la navegaci\u00f3n. Aunque la funcionalidad de las cookies es siempre la misma la finalidad puede variar de forma que existen distintos tipos de cookies. En el apartado 1.4 de la presente pol\u00edtica se indica el uso concreto que se hace de las cookies en el presente sitio web.<br \/>\nSi deseas obtener m\u00e1s informaci\u00f3n en relaci\u00f3n a las cookies, puedes consultar esta <a href=\"https:\/\/es.wikipedia.org\/wiki\/Cookie_%28inform%C3%A1tica%29\" target=\"_blank\" rel=\"noopener\">entrada en la Wikipedia<\/a> o visitar <a href=\"http:\/\/www.allaboutcookies.org\/es\/\" target=\"_blank\" rel=\"noopener\">http:\/\/www.allaboutcookies.org\/es\/<\/a><\/p>\n<h2>Sobre la forma de aceptar, denegar o revocar el consentimiento sobre la instalaci\u00f3n de las cookies<\/h2>\n<p>El presente sitio web tiene habilitado un gestor de consentimiento por el cual al entrar en nuestro sitio web podr\u00e1s libremente aceptar, denegar o configurar la instalaci\u00f3n de cookies. As\u00ed pues, pueden darse las siguientes situaciones:<\/p>\n<ul>\n<li><strong>Consentimiento a la instalaci\u00f3n cookies (todas o una selecci\u00f3n):<\/strong> Si pulsas el bot\u00f3n de \u201cAceptar y continuar\u201d, consientes la instalaci\u00f3n de cookies de forma que todas las cookies seleccionadas ser\u00e1n instaladas en tu equipo.<\/li>\n<li><strong>Configuraci\u00f3n:<\/strong> Si pulsas en el bot\u00f3n de \u201cConfigurar\u201d aparecer\u00e1 un desplegable en el que podr\u00e1s indicar expresamente qu\u00e9 tipolog\u00eda de cookies consientes que te sean instaladas y cu\u00e1les no. \u00danicamente se le instalar\u00e1n las cookies seleccionadas<\/li>\n<li><strong>Rechazar:<\/strong> A trav\u00e9s del panel de configuraci\u00f3n se habilita la opci\u00f3n de rechazar todas las cookies pulsando el bot\u00f3n \u201cRechazar\u201d habilitado al efecto.<\/li>\n<\/ul>\n<p>Podr\u00e1s gestionar tus preferencias sobre Cookies en cualquier momento a trav\u00e9s de este [wpca_btn_cc_settings txt=\u00bbenlace\u00bb].<\/p>\n<p>Informarte tambi\u00e9n qu\u00e9 podr\u00e1s eliminar las cookies empleando las opciones de configuraci\u00f3n de las que disponen los <a href=\"https:\/\/es.wikipedia.org\/wiki\/Navegador_web\" target=\"_blank\" rel=\"noopener\">navegadores<\/a>, a trav\u00e9s de las cuales se permiten ajustar diversos niveles de privacidad, de forma que, por ejemplo, se denieguen todas las cookies que pueda enviar un sitio web como este o incluso se eliminen todas las cookies que pudieran haberse guardado. Para modificar dichos par\u00e1metros puedes solicitar ayuda al fabricante del mismo o consultar la documentaci\u00f3n de los mismos que se relaciona a continuaci\u00f3n:<\/p>\n<ul>\n<li><a href=\"https:\/\/support.microsoft.com\/es-es\/microsoft-edge\/eliminar-las-cookies-en-microsoft-edge-63947406-40ac-c3b8-57b9-2a946a29ae09\" target=\"_blank\" rel=\"noopener\">Google Chrome, Mozilla Firefox, Safari, Microsoft Edge, Internet Explorer y Opera<\/a>.<\/li>\n<li><a href=\"https:\/\/support.apple.com\/es-es\/HT201265\" target=\"_blank\" rel=\"noopener\">iOS-Safari y Android-Chrome<\/a>.<\/li>\n<\/ul>\n<p>En el caso de que el usuario restrinja o bloquee alguna o todas las cookies del presente sitio Web, es posible que algunas de las funcionalidades o servicios prestados en la p\u00e1gina no est\u00e9n disponibles.<\/p>\n<h2>Navegaci\u00f3n privada o de inc\u00f3gnito<\/h2>\n<p>Finalmente, al margen de la posibilidad de restringir o eliminar las cookies la mayor\u00eda de los navegadores web permiten la visita a las p\u00e1ginas mediante la modalidad conocida como \u201c<a href=\"https:\/\/support.mozilla.org\/es\/kb\/navegacion-privada-Firefox-no-guardar-historial-navegacion\" target=\"_blank\" rel=\"noopener\">navegaci\u00f3n privada<\/a>\u201d, de \u201c<a href=\"https:\/\/support.google.com\/chrome\/answer\/95464?co=GENIE.Platform%3DDesktop&amp;hl=es\" target=\"_blank\" rel=\"noopener\">inc\u00f3gnito<\/a>\u201d, \u201c<a href=\"https:\/\/support.google.com\/chrome\/answer\/95464?co=GENIE.Platform%3DDesktop&amp;hl=es\" target=\"_blank\" rel=\"noopener\">inPrivate<\/a>\u201d. Dicha funcionalidad implica que al cerrar en navegador\/pesta\u00f1a se eliminen los datos de la navegaci\u00f3n que hayan podido almacenarse o generarse (entre ellos, las cookies).<\/p>\n<h2>Tipos de cookies que se emplean en el presente sitio web<\/h2>\n<p><strong>T\u00e9cnicas:<\/strong> Ayudan a hacer una p\u00e1gina web utilizable activando funciones b\u00e1sicas como la navegaci\u00f3n en la p\u00e1gina y el acceso a \u00e1reas seguras de la p\u00e1gina web. La p\u00e1gina web no puede funcionar adecuadamente sin estas cookies. Son imprescindibles para el correcto funcionamiento del sitio web.<br \/>\n<strong>De Preferencia:<\/strong> Permiten a la p\u00e1gina web recordar toda aquella informaci\u00f3n que cambia la forma en que la p\u00e1gina se comporta o el aspecto que tiene, como el idioma preferido o la regi\u00f3n.<br \/>\n<strong>Anal\u00edticas:<\/strong> Ayudan a comprender c\u00f3mo interact\u00faan los visitantes con la p\u00e1gina web reuniendo y proporcionando informaci\u00f3n sobre el n\u00famero de usuarios, su comportamiento de navegaci\u00f3n en el sitio web o la utilizaci\u00f3n que realizan de los contenidos y\/o servicios ofertados. Esa informaci\u00f3n se emplea para mejorar la usabilidad del sitio web, sus contenidos, as\u00ed como los productos y servicios en ella ofrecidos.<\/p>\n<h2>Relaci\u00f3n de cookies del presente sitio web<\/h2>\n<p>Puedes consultar una relaci\u00f3n completa y actualizada del tipo y relaci\u00f3n de cookies que se emplean en el presente sitio web, en el panel de configuraci\u00f3n accesible a trav\u00e9s del siguiente [wpca_btn_cc_settings txt=\u00bbenlace\u00bb].<\/p>\n<p>Alguna de las cookies que se emplean en el presente sitio web pertenecen a terceros, distintos del responsable con el que se formalizan contratos de prestaci\u00f3n de servicios. Puede consultar la informaci\u00f3n completa sobre dichos terceros en el [wpca_btn_cc_settings txt=\u00bbpanel de configuraci\u00f3n\u00bb] de cookies accesible a trav\u00e9s del presente [wpca_btn_cc_settings txt=\u00bbenlace\u00bb].[\/text][\/vc_column][\/vc_row]<\/p>\n","protected":false},"excerpt":{"rendered":"<p>[vc_row row_spacing=\u00bbtop-spacing bottom-spacing\u00bb][vc_column width=\u00bb1\/1&#8243;][text] \u00bfQu\u00e9 son las cookies? Las cookies son unos archivos de texto que se alojan en el terminal del usuario visitante y que almacenan y recuperan informaci\u00f3n sobre la navegaci\u00f3n. Aunque la funcionalidad de las cookies es siempre la misma la finalidad puede variar de forma que existen distintos tipos de cookies. [&hellip;]<\/p>\n","protected":false},"author":1,"featured_media":21536,"parent":0,"menu_order":521,"comment_status":"closed","ping_status":"closed","template":"template-content-min.php","meta":[],"yoast_head":"<!-- This site is optimized with the Yoast SEO plugin v20.3 - https:\/\/yoast.com\/wordpress\/plugins\/seo\/ -->\n<title>Pol\u00edtica de cookies - Meler<\/title>\n<meta name=\"robots\" content=\"index, follow, max-snippet:-1, max-image-preview:large, max-video-preview:-1\" \/>\n<link rel=\"canonical\" href=\"https:\/\/www.meler.cn\/es\/politica-cookies\/\" \/>\n<meta property=\"og:locale\" content=\"es_ES\" \/>\n<meta property=\"og:type\" content=\"article\" \/>\n<meta property=\"og:title\" content=\"Pol\u00edtica de cookies - Meler\" \/>\n<meta property=\"og:description\" content=\"[vc_row row_spacing=\u00bbtop-spacing bottom-spacing\u00bb][vc_column width=\u00bb1\/1&#8243;][text] \u00bfQu\u00e9 son las cookies? Las cookies son unos archivos de texto que se alojan en el terminal del usuario visitante y que almacenan y recuperan informaci\u00f3n sobre la navegaci\u00f3n. Aunque la funcionalidad de las cookies es siempre la misma la finalidad puede variar de forma que existen distintos tipos de cookies. [&hellip;]\" \/>\n<meta property=\"og:url\" content=\"https:\/\/www.meler.cn\/es\/politica-cookies\/\" \/>\n<meta property=\"og:site_name\" content=\"Meler\" \/>\n<meta property=\"article:modified_time\" content=\"2023-03-14T10:25:08+00:00\" \/>\n<meta property=\"og:image\" content=\"https:\/\/20097.ttandemdigital.com\/media\/header-aviso-legal-meler.png\" \/>\n\t<meta property=\"og:image:width\" content=\"1920\" \/>\n\t<meta property=\"og:image:height\" content=\"552\" \/>\n\t<meta property=\"og:image:type\" content=\"image\/png\" \/>\n<meta name=\"twitter:card\" content=\"summary_large_image\" \/>\n<meta name=\"twitter:label1\" content=\"Tiempo de lectura\" \/>\n\t<meta name=\"twitter:data1\" content=\"4 minutos\" \/>\n<script type=\"application\/ld+json\" class=\"yoast-schema-graph\">{\"@context\":\"https:\/\/schema.org\",\"@graph\":[{\"@type\":\"WebPage\",\"@id\":\"https:\/\/www.meler.cn\/es\/politica-cookies\/\",\"url\":\"https:\/\/www.meler.cn\/es\/politica-cookies\/\",\"name\":\"Pol\u00edtica de cookies - Meler\",\"isPartOf\":{\"@id\":\"https:\/\/www.meler.cn\/es\/#website\"},\"datePublished\":\"2023-02-08T16:43:44+00:00\",\"dateModified\":\"2023-03-14T10:25:08+00:00\",\"breadcrumb\":{\"@id\":\"https:\/\/www.meler.cn\/es\/politica-cookies\/#breadcrumb\"},\"inLanguage\":\"es\",\"potentialAction\":[{\"@type\":\"ReadAction\",\"target\":[\"https:\/\/www.meler.cn\/es\/politica-cookies\/\"]}]},{\"@type\":\"BreadcrumbList\",\"@id\":\"https:\/\/www.meler.cn\/es\/politica-cookies\/#breadcrumb\",\"itemListElement\":[{\"@type\":\"ListItem\",\"position\":1,\"name\":\"Portada\",\"item\":\"https:\/\/www.meler.cn\/es\/\"},{\"@type\":\"ListItem\",\"position\":2,\"name\":\"Pol\u00edtica de cookies\"}]},{\"@type\":\"WebSite\",\"@id\":\"https:\/\/www.meler.cn\/es\/#website\",\"url\":\"https:\/\/www.meler.cn\/es\/\",\"name\":\"Meler\",\"description\":\"Just another WordPress site\",\"potentialAction\":[{\"@type\":\"SearchAction\",\"target\":{\"@type\":\"EntryPoint\",\"urlTemplate\":\"https:\/\/www.meler.cn\/es\/?s={search_term_string}\"},\"query-input\":\"required name=search_term_string\"}],\"inLanguage\":\"es\"}]}<\/script>\n<!-- \/ Yoast SEO plugin. -->","yoast_head_json":{"title":"Pol\u00edtica de cookies - Meler","robots":{"index":"index","follow":"follow","max-snippet":"max-snippet:-1","max-image-preview":"max-image-preview:large","max-video-preview":"max-video-preview:-1"},"canonical":"https:\/\/www.meler.cn\/es\/politica-cookies\/","og_locale":"es_ES","og_type":"article","og_title":"Pol\u00edtica de cookies - Meler","og_description":"[vc_row row_spacing=\u00bbtop-spacing bottom-spacing\u00bb][vc_column width=\u00bb1\/1&#8243;][text] \u00bfQu\u00e9 son las cookies? Las cookies son unos archivos de texto que se alojan en el terminal del usuario visitante y que almacenan y recuperan informaci\u00f3n sobre la navegaci\u00f3n. Aunque la funcionalidad de las cookies es siempre la misma la finalidad puede variar de forma que existen distintos tipos de cookies. [&hellip;]","og_url":"https:\/\/www.meler.cn\/es\/politica-cookies\/","og_site_name":"Meler","article_modified_time":"2023-03-14T10:25:08+00:00","og_image":[{"width":1920,"height":552,"url":"https:\/\/20097.ttandemdigital.com\/media\/header-aviso-legal-meler.png","type":"image\/png"}],"twitter_card":"summary_large_image","twitter_misc":{"Tiempo de lectura":"4 minutos"},"schema":{"@context":"https:\/\/schema.org","@graph":[{"@type":"WebPage","@id":"https:\/\/www.meler.cn\/es\/politica-cookies\/","url":"https:\/\/www.meler.cn\/es\/politica-cookies\/","name":"Pol\u00edtica de cookies - Meler","isPartOf":{"@id":"https:\/\/www.meler.cn\/es\/#website"},"datePublished":"2023-02-08T16:43:44+00:00","dateModified":"2023-03-14T10:25:08+00:00","breadcrumb":{"@id":"https:\/\/www.meler.cn\/es\/politica-cookies\/#breadcrumb"},"inLanguage":"es","potentialAction":[{"@type":"ReadAction","target":["https:\/\/www.meler.cn\/es\/politica-cookies\/"]}]},{"@type":"BreadcrumbList","@id":"https:\/\/www.meler.cn\/es\/politica-cookies\/#breadcrumb","itemListElement":[{"@type":"ListItem","position":1,"name":"Portada","item":"https:\/\/www.meler.cn\/es\/"},{"@type":"ListItem","position":2,"name":"Pol\u00edtica de cookies"}]},{"@type":"WebSite","@id":"https:\/\/www.meler.cn\/es\/#website","url":"https:\/\/www.meler.cn\/es\/","name":"Meler","description":"Just another WordPress site","potentialAction":[{"@type":"SearchAction","target":{"@type":"EntryPoint","urlTemplate":"https:\/\/www.meler.cn\/es\/?s={search_term_string}"},"query-input":"required name=search_term_string"}],"inLanguage":"es"}]}},"_links":{"self":[{"href":"https:\/\/www.meler.cn\/es\/wp-json\/wp\/v2\/pages\/21541"}],"collection":[{"href":"https:\/\/www.meler.cn\/es\/wp-json\/wp\/v2\/pages"}],"about":[{"href":"https:\/\/www.meler.cn\/es\/wp-json\/wp\/v2\/types\/page"}],"author":[{"embeddable":true,"href":"https:\/\/www.meler.cn\/es\/wp-json\/wp\/v2\/users\/1"}],"replies":[{"embeddable":true,"href":"https:\/\/www.meler.cn\/es\/wp-json\/wp\/v2\/comments?post=21541"}],"version-history":[{"count":9,"href":"https:\/\/www.meler.cn\/es\/wp-json\/wp\/v2\/pages\/21541\/revisions"}],"predecessor-version":[{"id":25321,"href":"https:\/\/www.meler.cn\/es\/wp-json\/wp\/v2\/pages\/21541\/revisions\/25321"}],"wp:featuredmedia":[{"embeddable":true,"href":"https:\/\/www.meler.cn\/es\/wp-json\/wp\/v2\/media\/21536"}],"wp:attachment":[{"href":"https:\/\/www.meler.cn\/es\/wp-json\/wp\/v2\/media?parent=21541"}],"curies":[{"name":"wp","href":"https:\/\/api.w.org\/{rel}","templated":true}]}}