




















{"id":20139,"date":"2023-02-01T15:44:24","date_gmt":"2023-02-01T15:44:24","guid":{"rendered":"https:\/\/www.meler.eu\/?page_id=20139"},"modified":"2025-01-30T10:21:01","modified_gmt":"2025-01-30T10:21:01","slug":"adhesivos-hot-melt","status":"publish","type":"page","link":"https:\/\/www.meler.cn\/es\/servicios\/meler-academy\/adhesivos-hot-melt\/","title":{"rendered":"Adhesivos hot melt"},"content":{"rendered":"<p>[vc_row bg_image_position=\u00bb0 100%\u00bb row_vertical_align=\u00bbvalign-middle\u00bb el_class=\u00bbreverse-column-mobile\u00bb][vc_column row_spacing_h=\u00bbleft-spacing\u00bb width=\u00bb1\/1&#8243;][text]<\/p>\n<h2 class=\"txt-center style-01 txt-width\"><strong>Especialistas en la aplicaci\u00f3n Hot Melt<\/strong><\/h2>\n<p class=\"txt-width txt-center\">Fabricamos equipamiento industrial para aplicar adhesivos termopl\u00e1sticos (EVA, PSA, PA, PO) y adhesivos termoestables (PUR, POR).<\/p>\n<p>[\/text][\/vc_column][\/vc_row][vc_row bg_image_position=\u00bb0 100%\u00bb row_vertical_align=\u00bbvalign-middle\u00bb][vc_column row_spacing_h=\u00bbleft-spacing\u00bb width=\u00bb1\/1&#8243;][ttdirectory_icons carousel_columns=\u00bb4&#8243;][ttdirectory_icon title=\u00bbCalentamiento secuencial\u00bb image=\u00bb33763&#8243;][\/ttdirectory_icon][ttdirectory_icon title=\u00bbHomogeneidad t\u00e9rmica\u00bb image=\u00bb33757&#8243;][\/ttdirectory_icon][ttdirectory_icon title=\u00bbFusi\u00f3n eficiente\u00bb image=\u00bb33768&#8243;][\/ttdirectory_icon][ttdirectory_icon title=\u00bbFusi\u00f3n a demanda\u00bb image=\u00bb33773&#8243;][\/ttdirectory_icon][\/ttdirectory_icons][\/vc_column][\/vc_row][vc_row row_vertical_align=\u00bbvalign-middle\u00bb el_class=\u00bbbg-line-start reverse-column-mobile\u00bb][vc_column width=\u00bb1\/2&#8243;][text]<\/p>\n<p class=\"summary\">Ventajas productivas de los adhesivos hot melt<\/p>\n<ul class=\"style-03\">\n<li><strong>Altas prestaciones:<\/strong> gran resistencia mec\u00e1nica, tolerancia frente condiciones ambientales como temperaturas extremas, etc.<\/li>\n<li><strong>Productividad:<\/strong> uni\u00f3n instant\u00e1nea, sin secado ni curado lo que acelera los tiempos de producci\u00f3n.<\/li>\n<li><strong>Gran versatilidad<\/strong>: funcionan en superficies porosas y pueden reutilizarse.<\/li>\n<li><strong>Log\u00edstica sencilla<\/strong>: f\u00e1cil manipulaci\u00f3n, almacenaje y transporte.<\/li>\n<\/ul>\n<p>[\/text][\/vc_column][vc_column width=\u00bb1\/2&#8243;][single_image image=\u00bb20159&#8243;][\/vc_column][\/vc_row][vc_row row_spacing=\u00bbspacing-v-none\u00bb row_vertical_align=\u00bbvalign-middle\u00bb el_class=\u00bbbg-line-end\u00bb][vc_column width=\u00bb1\/2&#8243;][single_image image=\u00bb20164&#8243; image_spacing=\u00bbtop-spacing-med bottom-spacing-0&#8243;][\/vc_column][vc_column row_spacing_h=\u00bbleft-spacing\u00bb width=\u00bb1\/2&#8243;][text]<\/p>\n<p class=\"summary\">Adhesivos utilizados en cada aplicaci\u00f3n<\/p>\n<p>El tiempo de apertura, el tiempo de fijaci\u00f3n, la viscosidad y la temperatura de trabajo son las variables que determinan el tipo de adhesivo a utilizar en cada aplicaci\u00f3n.[\/text][\/vc_column][\/vc_row][vc_row row_spacing=\u00bbtop-spacing bottom-spacing-0&#8243;][vc_column width=\u00bb1\/1&#8243;][text]<\/p>\n<h2 class=\"txt-center style-0\"><strong>Tipos de adhesivos<\/strong> Hot Melt<\/h2>\n<p>[\/text][vc_tta_tabs][vc_tta_section title=\u00bbAdhesivos termopl\u00e1sticos\u00bb tab_id=\u00bb1717690983503-a4337266-0deb\u00bb][vc_row_inner row_spacing=\u00bbbottom-spacing-med top-spacing-0&#8243;][vc_column_inner][text]<\/p>\n<h2 class=\"style-05\">Adhesivos termopl\u00e1sticos<\/h2>\n<p>Son pol\u00edmeros de alto peso molecular que se vuelven deformables al aplicar altas temperaturas y se endurecen al enfriarse. Puede volver a fundirse al aplicar calor, aunque las propiedades f\u00edsicas del enlace se debilitan (historial t\u00e9rmico). A continuaci\u00f3n se listan los adhesivo en base a los siguientes grupos de pol\u00edmeros.[\/text][\/vc_column_inner][\/vc_row_inner][vc_row_inner row_spacing=\u00bbspacing-v-none\u00bb][vc_column_inner width=\u00bb1\/2&#8243;][text]<\/p>\n<ul class=\"style-03\">\n<li><strong>EVA (Ethylene Vinyl Acetate):<\/strong> es uno de los pol\u00edmeros base m\u00e1s utilizados en la formulaci\u00f3n de adhesivos. Es de f\u00e1cil procesado y de gran flexibilidad, incluso a baja temperatura. Sus usos se encuentran mayoritariamente en sectores como el embalaje o el ensamblaje de productos. No apto para su uso en exteriores.<\/li>\n<li><strong>Melatolocenos:<\/strong> adhesivos con baja emisi\u00f3n de compuestos vol\u00e1tiles (VOC) y alta estabilidad t\u00e9rmica. Al igual que los EVA, son de f\u00e1cil procesado. Se suelen emplear para lograr prestaciones especiales.<\/li>\n<li><strong>Autoadhesivos (PSA):<\/strong> alto tack (pegajosidad) pese al cambio de temperatura. Uso habitual en aplicaciones de adhesivo sensible a la presi\u00f3n.<\/li>\n<\/ul>\n<p>[\/text][\/vc_column_inner][vc_column_inner width=\u00bb1\/2&#8243;][text]<\/p>\n<ul class=\"style-03\">\n<li><strong>Poliamida (PA):<\/strong> tienen muy buena resistencia a los productos qu\u00edmicos; pero la temperatura de procesamiento es muy alta (160\u00aaC a 200\u00baC). Indicado para la adhesi\u00f3n de sustratos como metal, madera, textiles o para aislamientos el\u00e9ctricos<\/li>\n<li><strong>Poliolefina (APO\/APAO):<\/strong> aunque no son aptos para el uso en exteriores ofrecen mayor resistencia t\u00e9rmica que el EVA (temperatura de reactivaci\u00f3n 115\u00baC a 130\u00baC) y mayor tiempo de apertura. Su complejidad de procesamiento hace que se utilicen sistemas de aplicaci\u00f3n similares a los de los adhesivos reactivos. Muy usados en el ensamblaje de productos.<\/li>\n<\/ul>\n<p>[\/text][\/vc_column_inner][\/vc_row_inner][vc_row_inner][vc_column_inner][single_image image=\u00bb30702&#8243; image_spacing=\u00bbbottom-spacing top-spacing-0&#8243;][\/vc_column_inner][\/vc_row_inner][\/vc_tta_section][vc_tta_section title=\u00bbAdhesivos termoestables\u00bb tab_id=\u00bb1717690983519-a4adbc69-c118&#8243;][text]<\/p>\n<h2 class=\"style-05\">Adhesivos termoestables<\/h2>\n<p>Son adhesivos que deben su poder adhesivo a reacciones qu\u00edmicas de polimerizaci\u00f3n, reacciones activadas por calor o por catalizadores como la humedad o rayos UV. Se utilizan para fabricar productos que requieren una alta resistencia a la temperatura y la humedad. Tienen una alta capacidad de cohesi\u00f3n pero al solidificarse, el proceso es irreversible.<\/p>\n<ul class=\"style-03\">\n<li><strong>Poliuretano (PUR):<\/strong> son adhesivos de gran resistencia mec\u00e1nica y muy vers\u00e1tiles. Se caracterizan por tener un tiempo de apertura largo que facilita los procesos productivos. Son resistentes al calor y se utilizan tanto en interiores como en exteriores. Son utilizados en la ingenier\u00eda de pl\u00e1sticos, ensamblaje en automoci\u00f3n, madera, encuadernaci\u00f3n, etc.<\/li>\n<li><strong>Poliolefinas reactivas (POR):<\/strong> buena adhesi\u00f3n sobre materiales no porosos como el propileno (PP) sin necesidad de un tratamiento previo.<\/li>\n<\/ul>\n<p>[\/text][vc_row_inner][vc_column_inner][single_image image=\u00bb31330&#8243;][\/vc_column_inner][\/vc_row_inner][\/vc_tta_section][\/vc_tta_tabs][\/vc_column][\/vc_row][vc_row row_layout=\u00bbfull\u00bb][vc_column width=\u00bb1\/1&#8243;][CtaModule cta_item=\u00bb30708&#8243;][\/vc_column][\/vc_row][vc_row][vc_column width=\u00bb1\/1&#8243;][text]<\/p>\n<h2 class=\"txt-center\"><strong>Nuestros equipos<\/strong> seg\u00fan su formato de presentaci\u00f3n<\/h2>\n<p>[\/text][vc_tta_tabs][vc_tta_section title=\u00bbGranza\u00bb tab_id=\u00bb1717692862859-1fac7ce8-b881&#8243;][ttdirectory_products carousel_columns=\u00bb4&#8243; style=\u00bb1&#8243;][ttdirectory_product_melters post_melter=\u00bb12026&#8243;][ttdirectory_product_melters post_melter=\u00bb12739&#8243;][ttdirectory_product_melters post_melter=\u00bb17113&#8243;][ttdirectory_product_melters post_melter=\u00bb11998&#8243;][ttdirectory_product_melters post_melter=\u00bb14850&#8243;][ttdirectory_product_melters post_melter=\u00bb14846&#8243;][ttdirectory_product_melters post_melter=\u00bb31855&#8243;][\/ttdirectory_products][\/vc_tta_section][vc_tta_section title=\u00bbTacos de 2KG\u00bb tab_id=\u00bb1717692862876-56ab05b7-7bb3&#8243;][ttdirectory_products carousel_columns=\u00bb4&#8243; style=\u00bb1&#8243;][ttdirectory_product_melters post_melter=\u00bb15427&#8243;][ttdirectory_product_melters post_melter=\u00bb12762&#8243;][ttdirectory_product_melters post_melter=\u00bb15125&#8243;][ttdirectory_product_melters post_melter=\u00bb15127&#8243;][\/ttdirectory_products][\/vc_tta_section][vc_tta_section title=\u00bbBid\u00f3n de 20KG\u00bb tab_id=\u00bb1717692908328-d4abb01a-dccf\u00bb][ttdirectory_products carousel_columns=\u00bb4&#8243; style=\u00bb1&#8243;][ttdirectory_product_melters post_melter=\u00bb14853&#8243;][ttdirectory_product_melters post_melter=\u00bb15119&#8243;][ttdirectory_product_melters post_melter=\u00bb14849&#8243;][ttdirectory_product_melters post_melter=\u00bb32061&#8243;][\/ttdirectory_products][\/vc_tta_section][vc_tta_section title=\u00bbBid\u00f3n de 200KG\u00bb tab_id=\u00bb1717692929837-c2a4e31e-fbeb\u00bb][ttdirectory_products carousel_columns=\u00bb4&#8243; style=\u00bb1&#8243;][ttdirectory_product_melters post_melter=\u00bb31855&#8243;][ttdirectory_product_melters post_melter=\u00bb13973&#8243;][\/ttdirectory_products][\/vc_tta_section][vc_tta_section title=\u00bbAdhesivos reactivos PUR\u00bb tab_id=\u00bb1717692941319-ebea1c6b-f1dd\u00bb][ttdirectory_products carousel_columns=\u00bb4&#8243; style=\u00bb1&#8243;][ttdirectory_product_melters post_melter=\u00bb14939&#8243;][ttdirectory_product_melters post_melter=\u00bb12255&#8243;][ttdirectory_product_melters post_melter=\u00bb32061&#8243;][ttdirectory_product_melters post_melter=\u00bb14852&#8243;][\/ttdirectory_products][\/vc_tta_section][vc_tta_section title=\u00bbFOAM\u00bb tab_id=\u00bb1724761591946-f19a48cf-a7a7&#8243;][ttdirectory_products carousel_columns=\u00bb4&#8243; style=\u00bb1&#8243;][ttdirectory_product_melters post_melter=\u00bb14851&#8243;][ttdirectory_product_melters post_melter=\u00bb14850&#8243;][ttdirectory_product_melters post_melter=\u00bb14853&#8243;][ttdirectory_product_melters post_melter=\u00bb14852&#8243;][\/ttdirectory_products][\/vc_tta_section][\/vc_tta_tabs][\/vc_column][\/vc_row][vc_row row_layout=\u00bbfull\u00bb row_spacing=\u00bbtop-spacing bottom-spacing\u00bb el_class=\u00bbbg-line-left\u00bb][vc_column width=\u00bb1\/1&#8243;][ttdirectory_newslist news_cat=\u00bbadhesivos\u00bb]<\/p>\n<h2 class=\"style-02\">Noticias<\/h2>\n<p>[\/ttdirectory_newslist][\/vc_column][\/vc_row][vc_row row_layout=\u00bbfull\u00bb row_spacing=\u00bbtop-spacing-min bottom-spacing-0&#8243;][vc_column width=\u00bb1\/1&#8243;][CtaModule cta_item=\u00bb815&#8243;][\/vc_column][\/vc_row]<\/p>\n","protected":false},"excerpt":{"rendered":"<p>Soluciones expertas para la aplicaci\u00f3n de adhesivos industriales<\/p>\n","protected":false},"author":1,"featured_media":20146,"parent":11642,"menu_order":86,"comment_status":"closed","ping_status":"closed","template":"","meta":[],"yoast_head":"<!-- This site is optimized with the Yoast SEO plugin v20.3 - https:\/\/yoast.com\/wordpress\/plugins\/seo\/ -->\n<title>Servicio de aplicaci\u00f3n de adhesivos hot melt - Meler<\/title>\n<meta name=\"description\" content=\"Te proporcionamos la informaci\u00f3n m\u00e1s completa sobre adhesivos hot melt o termofusibles. \u00bfQu\u00e9 es? , \u00bfPara qu\u00e9 sirve?\" \/>\n<meta name=\"robots\" content=\"index, follow, max-snippet:-1, max-image-preview:large, max-video-preview:-1\" \/>\n<link rel=\"canonical\" href=\"https:\/\/www.meler.cn\/es\/servicios\/meler-academy\/adhesivos-hot-melt\/\" \/>\n<meta property=\"og:locale\" content=\"es_ES\" \/>\n<meta property=\"og:type\" content=\"article\" \/>\n<meta property=\"og:title\" content=\"Servicio de aplicaci\u00f3n de adhesivos hot melt - Meler\" \/>\n<meta property=\"og:description\" content=\"Te proporcionamos la informaci\u00f3n m\u00e1s completa sobre adhesivos hot melt o termofusibles. \u00bfQu\u00e9 es? , \u00bfPara qu\u00e9 sirve?\" \/>\n<meta property=\"og:url\" content=\"https:\/\/www.meler.cn\/es\/servicios\/meler-academy\/adhesivos-hot-melt\/\" \/>\n<meta property=\"og:site_name\" content=\"Meler\" \/>\n<meta property=\"article:modified_time\" content=\"2025-01-30T10:21:01+00:00\" \/>\n<meta property=\"og:image\" content=\"https:\/\/20097.ttandemdigital.com\/media\/header-servicios-meler-suport-adhesivo-hot-melt-meler.png\" \/>\n\t<meta property=\"og:image:width\" content=\"1920\" \/>\n\t<meta property=\"og:image:height\" content=\"780\" \/>\n\t<meta property=\"og:image:type\" content=\"image\/png\" \/>\n<meta name=\"twitter:card\" content=\"summary_large_image\" \/>\n<meta name=\"twitter:label1\" content=\"Tiempo de lectura\" \/>\n\t<meta name=\"twitter:data1\" content=\"3 minutos\" \/>\n<script type=\"application\/ld+json\" class=\"yoast-schema-graph\">{\"@context\":\"https:\/\/schema.org\",\"@graph\":[{\"@type\":\"WebPage\",\"@id\":\"https:\/\/www.meler.cn\/es\/servicios\/meler-academy\/adhesivos-hot-melt\/\",\"url\":\"https:\/\/www.meler.cn\/es\/servicios\/meler-academy\/adhesivos-hot-melt\/\",\"name\":\"Servicio de aplicaci\u00f3n de adhesivos hot melt - Meler\",\"isPartOf\":{\"@id\":\"https:\/\/www.meler.cn\/es\/#website\"},\"datePublished\":\"2023-02-01T15:44:24+00:00\",\"dateModified\":\"2025-01-30T10:21:01+00:00\",\"description\":\"Te proporcionamos la informaci\u00f3n m\u00e1s completa sobre adhesivos hot melt o termofusibles. \u00bfQu\u00e9 es? , \u00bfPara qu\u00e9 sirve?\",\"breadcrumb\":{\"@id\":\"https:\/\/www.meler.cn\/es\/servicios\/meler-academy\/adhesivos-hot-melt\/#breadcrumb\"},\"inLanguage\":\"es\",\"potentialAction\":[{\"@type\":\"ReadAction\",\"target\":[\"https:\/\/www.meler.cn\/es\/servicios\/meler-academy\/adhesivos-hot-melt\/\"]}]},{\"@type\":\"BreadcrumbList\",\"@id\":\"https:\/\/www.meler.cn\/es\/servicios\/meler-academy\/adhesivos-hot-melt\/#breadcrumb\",\"itemListElement\":[{\"@type\":\"ListItem\",\"position\":1,\"name\":\"Portada\",\"item\":\"https:\/\/www.meler.cn\/es\/\"},{\"@type\":\"ListItem\",\"position\":2,\"name\":\"Servicios\",\"item\":\"https:\/\/20097.ttandemdigital.com\/es\/servicios\/\"},{\"@type\":\"ListItem\",\"position\":3,\"name\":\"Meler Academy\",\"item\":\"https:\/\/20097.ttandemdigital.com\/es\/servicios\/meler-academy\/\"},{\"@type\":\"ListItem\",\"position\":4,\"name\":\"Adhesivos hot melt\"}]},{\"@type\":\"WebSite\",\"@id\":\"https:\/\/www.meler.cn\/es\/#website\",\"url\":\"https:\/\/www.meler.cn\/es\/\",\"name\":\"Meler\",\"description\":\"Just another WordPress site\",\"potentialAction\":[{\"@type\":\"SearchAction\",\"target\":{\"@type\":\"EntryPoint\",\"urlTemplate\":\"https:\/\/www.meler.cn\/es\/?s={search_term_string}\"},\"query-input\":\"required name=search_term_string\"}],\"inLanguage\":\"es\"}]}<\/script>\n<!-- \/ Yoast SEO plugin. -->","yoast_head_json":{"title":"Servicio de aplicaci\u00f3n de adhesivos hot melt - Meler","description":"Te proporcionamos la informaci\u00f3n m\u00e1s completa sobre adhesivos hot melt o termofusibles. \u00bfQu\u00e9 es? , \u00bfPara qu\u00e9 sirve?","robots":{"index":"index","follow":"follow","max-snippet":"max-snippet:-1","max-image-preview":"max-image-preview:large","max-video-preview":"max-video-preview:-1"},"canonical":"https:\/\/www.meler.cn\/es\/servicios\/meler-academy\/adhesivos-hot-melt\/","og_locale":"es_ES","og_type":"article","og_title":"Servicio de aplicaci\u00f3n de adhesivos hot melt - Meler","og_description":"Te proporcionamos la informaci\u00f3n m\u00e1s completa sobre adhesivos hot melt o termofusibles. \u00bfQu\u00e9 es? , \u00bfPara qu\u00e9 sirve?","og_url":"https:\/\/www.meler.cn\/es\/servicios\/meler-academy\/adhesivos-hot-melt\/","og_site_name":"Meler","article_modified_time":"2025-01-30T10:21:01+00:00","og_image":[{"width":1920,"height":780,"url":"https:\/\/20097.ttandemdigital.com\/media\/header-servicios-meler-suport-adhesivo-hot-melt-meler.png","type":"image\/png"}],"twitter_card":"summary_large_image","twitter_misc":{"Tiempo de lectura":"3 minutos"},"schema":{"@context":"https:\/\/schema.org","@graph":[{"@type":"WebPage","@id":"https:\/\/www.meler.cn\/es\/servicios\/meler-academy\/adhesivos-hot-melt\/","url":"https:\/\/www.meler.cn\/es\/servicios\/meler-academy\/adhesivos-hot-melt\/","name":"Servicio de aplicaci\u00f3n de adhesivos hot melt - Meler","isPartOf":{"@id":"https:\/\/www.meler.cn\/es\/#website"},"datePublished":"2023-02-01T15:44:24+00:00","dateModified":"2025-01-30T10:21:01+00:00","description":"Te proporcionamos la informaci\u00f3n m\u00e1s completa sobre adhesivos hot melt o termofusibles. \u00bfQu\u00e9 es? , \u00bfPara qu\u00e9 sirve?","breadcrumb":{"@id":"https:\/\/www.meler.cn\/es\/servicios\/meler-academy\/adhesivos-hot-melt\/#breadcrumb"},"inLanguage":"es","potentialAction":[{"@type":"ReadAction","target":["https:\/\/www.meler.cn\/es\/servicios\/meler-academy\/adhesivos-hot-melt\/"]}]},{"@type":"BreadcrumbList","@id":"https:\/\/www.meler.cn\/es\/servicios\/meler-academy\/adhesivos-hot-melt\/#breadcrumb","itemListElement":[{"@type":"ListItem","position":1,"name":"Portada","item":"https:\/\/www.meler.cn\/es\/"},{"@type":"ListItem","position":2,"name":"Servicios","item":"https:\/\/20097.ttandemdigital.com\/es\/servicios\/"},{"@type":"ListItem","position":3,"name":"Meler Academy","item":"https:\/\/20097.ttandemdigital.com\/es\/servicios\/meler-academy\/"},{"@type":"ListItem","position":4,"name":"Adhesivos hot melt"}]},{"@type":"WebSite","@id":"https:\/\/www.meler.cn\/es\/#website","url":"https:\/\/www.meler.cn\/es\/","name":"Meler","description":"Just another WordPress site","potentialAction":[{"@type":"SearchAction","target":{"@type":"EntryPoint","urlTemplate":"https:\/\/www.meler.cn\/es\/?s={search_term_string}"},"query-input":"required name=search_term_string"}],"inLanguage":"es"}]}},"_links":{"self":[{"href":"https:\/\/www.meler.cn\/es\/wp-json\/wp\/v2\/pages\/20139"}],"collection":[{"href":"https:\/\/www.meler.cn\/es\/wp-json\/wp\/v2\/pages"}],"about":[{"href":"https:\/\/www.meler.cn\/es\/wp-json\/wp\/v2\/types\/page"}],"author":[{"embeddable":true,"href":"https:\/\/www.meler.cn\/es\/wp-json\/wp\/v2\/users\/1"}],"replies":[{"embeddable":true,"href":"https:\/\/www.meler.cn\/es\/wp-json\/wp\/v2\/comments?post=20139"}],"version-history":[{"count":121,"href":"https:\/\/www.meler.cn\/es\/wp-json\/wp\/v2\/pages\/20139\/revisions"}],"predecessor-version":[{"id":35139,"href":"https:\/\/www.meler.cn\/es\/wp-json\/wp\/v2\/pages\/20139\/revisions\/35139"}],"up":[{"embeddable":true,"href":"https:\/\/www.meler.cn\/es\/wp-json\/wp\/v2\/pages\/11642"}],"wp:featuredmedia":[{"embeddable":true,"href":"https:\/\/www.meler.cn\/es\/wp-json\/wp\/v2\/media\/20146"}],"wp:attachment":[{"href":"https:\/\/www.meler.cn\/es\/wp-json\/wp\/v2\/media?parent=20139"}],"curies":[{"name":"wp","href":"https:\/\/api.w.org\/{rel}","templated":true}]}}