




















{"id":20117,"date":"2023-02-01T15:08:00","date_gmt":"2023-02-01T15:08:00","guid":{"rendered":"https:\/\/www.meler.eu\/?page_id=20117"},"modified":"2025-02-21T07:32:24","modified_gmt":"2025-02-21T07:32:24","slug":"documentacion-inicio","status":"publish","type":"page","link":"https:\/\/www.meler.cn\/es\/servicios\/meler-support\/documentacion-inicio\/","title":{"rendered":"Documentaci\u00f3n"},"content":{"rendered":"<p>[vc_row row_spacing=\u00bbtop-spacing-med bottom-spacing-0&#8243;][vc_column width=\u00bb1\/1&#8243;][text]<\/p>\n<h2 class=\"txt-center txt-width\">Encuentra toda la documentaci\u00f3n <strong>t\u00e9cnica de nuestros productos<\/strong><\/h2>\n<p>[\/text][\/vc_column][\/vc_row][vc_row hide_cookie=\u00bbyes\u00bb row_spacing=\u00bbbottom-spacing top-spacing-0&#8243; row_spacing_h=\u00bbspacing-h-0&#8243; row_cookie=\u00bbmeler_document\u00bb el_class=\u00bbrow-forms\u00bb][vc_column width=\u00bb1\/1&#8243;][vc_row_inner row_bg_color=\u00bbbg-04&#8243; row_spacing=\u00bbtop-spacing-min bottom-spacing-min\u00bb][vc_column_inner width=\u00bb1\/2&#8243;][text]<\/p>\n<h2>ACCEDE A NUESTRA<strong> DOCUMENTACI\u00d3N<\/strong><\/h2>\n<p>[\/text]<script type=\"text\/javascript\">\r\n\/\/----------------------------------------------------------\r\n\/\/------ JAVASCRIPT HOOK FUNCTIONS FOR GRAVITY FORMS -------\r\n\/\/----------------------------------------------------------\r\n\r\nif ( ! gform ) {\r\n\tdocument.addEventListener( 'gform_main_scripts_loaded', function() { gform.scriptsLoaded = true; } );\r\n\twindow.addEventListener( 'DOMContentLoaded', function() { gform.domLoaded = true; } );\r\n\r\n\tvar gform = {\r\n\t\tdomLoaded: false,\r\n\t\tscriptsLoaded: false,\r\n\t\tinitializeOnLoaded: function( fn ) {\r\n\t\t\tif ( gform.domLoaded && gform.scriptsLoaded ) {\r\n\t\t\t\tfn();\r\n\t\t\t} else if( ! gform.domLoaded && gform.scriptsLoaded ) {\r\n\t\t\t\twindow.addEventListener( 'DOMContentLoaded', fn );\r\n\t\t\t} else {\r\n\t\t\t\tdocument.addEventListener( 'gform_main_scripts_loaded', fn );\r\n\t\t\t}\r\n\t\t},\r\n\t\thooks: { action: {}, filter: {} },\r\n\t\taddAction: function( action, callable, priority, tag ) {\r\n\t\t\tgform.addHook( 'action', action, callable, priority, tag );\r\n\t\t},\r\n\t\taddFilter: function( action, callable, priority, tag ) {\r\n\t\t\tgform.addHook( 'filter', action, callable, priority, tag );\r\n\t\t},\r\n\t\tdoAction: function( action ) {\r\n\t\t\tgform.doHook( 'action', action, arguments );\r\n\t\t},\r\n\t\tapplyFilters: function( action ) {\r\n\t\t\treturn gform.doHook( 'filter', action, arguments );\r\n\t\t},\r\n\t\tremoveAction: function( action, tag ) {\r\n\t\t\tgform.removeHook( 'action', action, tag );\r\n\t\t},\r\n\t\tremoveFilter: function( action, priority, tag ) {\r\n\t\t\tgform.removeHook( 'filter', action, priority, tag );\r\n\t\t},\r\n\t\taddHook: function( hookType, action, callable, priority, tag ) {\r\n\t\t\tif ( undefined == gform.hooks[hookType][action] ) {\r\n\t\t\t\tgform.hooks[hookType][action] = [];\r\n\t\t\t}\r\n\t\t\tvar hooks = gform.hooks[hookType][action];\r\n\t\t\tif ( undefined == tag ) {\r\n\t\t\t\ttag = action + '_' + hooks.length;\r\n\t\t\t}\r\n\t\t\tif( priority == undefined ){\r\n\t\t\t\tpriority = 10;\r\n\t\t\t}\r\n\r\n\t\t\tgform.hooks[hookType][action].push( { tag:tag, callable:callable, priority:priority } );\r\n\t\t},\r\n\t\tdoHook: function( hookType, action, args ) {\r\n\r\n\t\t\t\/\/ splice args from object into array and remove first index which is the hook name\r\n\t\t\targs = Array.prototype.slice.call(args, 1);\r\n\r\n\t\t\tif ( undefined != gform.hooks[hookType][action] ) {\r\n\t\t\t\tvar hooks = gform.hooks[hookType][action], hook;\r\n\t\t\t\t\/\/sort by priority\r\n\t\t\t\thooks.sort(function(a,b){return a[\"priority\"]-b[\"priority\"]});\r\n\r\n\t\t\t\thooks.forEach( function( hookItem ) {\r\n\t\t\t\t\thook = hookItem.callable;\r\n\r\n\t\t\t\t\tif(typeof hook != 'function')\r\n\t\t\t\t\t\thook = window[hook];\r\n\t\t\t\t\tif ( 'action' == hookType ) {\r\n\t\t\t\t\t\thook.apply(null, args);\r\n\t\t\t\t\t} else {\r\n\t\t\t\t\t\targs[0] = hook.apply(null, args);\r\n\t\t\t\t\t}\r\n\t\t\t\t} );\r\n\t\t\t}\r\n\t\t\tif ( 'filter'==hookType ) {\r\n\t\t\t\treturn args[0];\r\n\t\t\t}\r\n\t\t},\r\n\t\tremoveHook: function( hookType, action, priority, tag ) {\r\n\t\t\tif ( undefined != gform.hooks[hookType][action] ) {\r\n\t\t\t\tvar hooks = gform.hooks[hookType][action];\r\n\t\t\t\thooks = hooks.filter( function(hook, index, arr) {\r\n\t\t\t\t\tvar removeHook = (undefined==tag||tag==hook.tag) && (undefined==priority||priority==hook.priority);\r\n\t\t\t\t\treturn !removeHook;\r\n\t\t\t\t} );\r\n\t\t\t\tgform.hooks[hookType][action] = hooks;\r\n\t\t\t}\r\n\t\t}\r\n\t};\r\n}\r\n<\/script>\r\n                <div class='gf_browser_gecko gform_wrapper gravity-theme' id='gform_wrapper_4' ><div id='gf_4' class='gform_anchor' tabindex='-1'><\/div><form method='post' enctype='multipart\/form-data' target='gform_ajax_frame_4' id='gform_4'  action='\/es\/wp-json\/wp\/v2\/pages\/20117#gf_4' novalidate>\r\n                        <div class='gform_body gform-body'><div id='gform_fields_4' class='gform_fields top_label form_sublabel_below description_below'><div id=\"field_4_1\"  class=\"gfield gfield_contains_required field_sublabel_below field_description_below gfield_visibility_visible\"  data-js-reload=\"field_4_1\"><label class='gfield_label' for='input_4_1' >Tu nombre<span class=\"gfield_required\"><span class=\"gfield_required gfield_required_asterisk\">*<\/span><\/span><\/label><div class='ginput_container ginput_container_text'><input name='input_1' id='input_4_1' type='text' value='' class='large'   tabindex='10'  aria-required=\"true\" aria-invalid=\"false\"   \/> <\/div><\/div><div id=\"field_4_3\"  class=\"gfield gfield_contains_required field_sublabel_below field_description_below gfield_visibility_visible\"  data-js-reload=\"field_4_3\"><label class='gfield_label' for='input_4_3' >Tu email<span class=\"gfield_required\"><span class=\"gfield_required gfield_required_asterisk\">*<\/span><\/span><\/label><div class='ginput_container ginput_container_text'><input name='input_3' id='input_4_3' type='text' value='' class='large'   tabindex='11'  aria-required=\"true\" aria-invalid=\"false\"   \/> <\/div><\/div><div id=\"field_4_5\"  class=\"gfield gfield--width-full gform_hidden field_sublabel_below field_description_below gfield_visibility_visible\"  data-js-reload=\"field_4_5\"><div class='ginput_container ginput_container_text'><input name='input_5' id='input_4_5' type='hidden' class='gform_hidden'  aria-invalid=\"false\" value='' \/><\/div><\/div><div id=\"field_4_7\"  class=\"gfield gfield--width-full gfield_html gfield_html_formatted gfield_no_follows_desc field_sublabel_below field_description_below gfield_visibility_visible\"  data-js-reload=\"field_4_7\"><p>Focke Meler tratar\u00e1 tus datos para atender tu solicitud de acceso a la documentaci\u00f3n, as\u00ed como en el caso de que lo consientas, para remitirte informaci\u00f3n comercial sobre productos y servicios de Focke Meler. Puedes ejercitar los derechos de acceso rectificaci\u00f3n, supresi\u00f3n, portabilidad, limitaci\u00f3n u oposici\u00f3n del tratamiento de tus datos. M\u00e1s informaci\u00f3n sobre Protecci\u00f3n de Datos <a href=\"\/es\/politica-de-privacidad\/\" target=\"_blank\">aqu\u00ed<\/a> .<\/p><\/div><fieldset id=\"field_4_4\"  class=\"gfield gfield_contains_required field_sublabel_below field_description_below gfield_visibility_visible\"  data-js-reload=\"field_4_4\"><legend class='gfield_label screen-reader-text gfield_label_before_complex'  ><span class=\"gfield_required\"><span class=\"gfield_required gfield_required_asterisk\">*<\/span><\/span><\/legend><div class='ginput_container ginput_container_checkbox'><div class='gfield_checkbox' id='input_4_4'><div class='gchoice gchoice_4_4_1'>\r\n\t\t\t\t\t\t\t\t<input class='gfield-choice-input' name='input_4.1' type='checkbox'  value='He le\u00eddo y acepto la pol\u00edtica de privacidad'  id='choice_4_4_1' tabindex='12'  \/>\r\n\t\t\t\t\t\t\t\t<label for='choice_4_4_1' id='label_4_4_1'>He le\u00eddo y acepto la <a href=\"\/es\/politica-de-privacidad\/\" target=\"_blank\">pol\u00edtica de privacidad<\/a>. <span class=\"requiered\">*<\/span><\/label>\r\n\t\t\t\t\t\t\t<\/div><\/div><\/div><\/fieldset><fieldset id=\"field_4_6\"  class=\"gfield gfield--width-full field_sublabel_below field_description_below gfield_visibility_visible\"  data-js-reload=\"field_4_6\"><legend class='gfield_label screen-reader-text gfield_label_before_complex'  ><\/legend><div class='ginput_container ginput_container_checkbox'><div class='gfield_checkbox' id='input_4_6'><div class='gchoice gchoice_4_6_1'>\r\n\t\t\t\t\t\t\t\t<input class='gfield-choice-input' name='input_6.1' type='checkbox'  value='Acepto recibir comunicaciones comerciales sobre novedades, productos y servicios de Focke Meler.'  id='choice_4_6_1' tabindex='13'  \/>\r\n\t\t\t\t\t\t\t\t<label for='choice_4_6_1' id='label_4_6_1'>Acepto recibir comunicaciones comerciales sobre novedades, productos y servicios de Focke Meler.<\/label>\r\n\t\t\t\t\t\t\t<\/div><\/div><\/div><\/fieldset><div id=\"field_4_8\"  class=\"gfield gform_validation_container field_sublabel_below field_description_below gfield_visibility_visible\"  data-js-reload=\"field_4_8\"><label class='gfield_label' for='input_4_8' >Email<\/label><div class='ginput_container'><input name='input_8' id='input_4_8' type='text' value='' autocomplete='new-password'\/><\/div><div class='gfield_description' id='gfield_description_4_8'>Este campo es un campo de validaci\u00f3n y debe quedar sin cambios.<\/div><\/div><\/div><\/div>\r\n        <div class='gform_footer top_label'> <input type='submit' id='gform_submit_button_4' class='gform_button button' value='Acceder' tabindex='14' onclick='if(window[\"gf_submitting_4\"]){return false;}  if( !jQuery(\"#gform_4\")[0].checkValidity || jQuery(\"#gform_4\")[0].checkValidity()){window[\"gf_submitting_4\"]=true;}  ' onkeypress='if( event.keyCode == 13 ){ if(window[\"gf_submitting_4\"]){return false;} if( !jQuery(\"#gform_4\")[0].checkValidity || jQuery(\"#gform_4\")[0].checkValidity()){window[\"gf_submitting_4\"]=true;}  jQuery(\"#gform_4\").trigger(\"submit\",[true]); }' \/> <input type='hidden' name='gform_ajax' value='form_id=4&amp;title=&amp;description=&amp;tabindex=10' \/>\r\n            <input type='hidden' class='gform_hidden' name='is_submit_4' value='1' \/>\r\n            <input type='hidden' class='gform_hidden' name='gform_submit' value='4' \/>\r\n            \r\n            <input type='hidden' class='gform_hidden' name='gform_unique_id' value='' \/>\r\n            <input type='hidden' class='gform_hidden' name='state_4' value='WyJbXSIsIjNiOTRkMWUwZWIwMzk5ZjFhYTVhMTEzNzViNTFhZmU0Il0=' \/>\r\n            <input type='hidden' class='gform_hidden' name='gform_target_page_number_4' id='gform_target_page_number_4' value='0' \/>\r\n            <input type='hidden' class='gform_hidden' name='gform_source_page_number_4' id='gform_source_page_number_4' value='1' \/>\r\n            <input type='hidden' name='gform_field_values' value='' \/>\r\n            \r\n        <\/div>\r\n                        <\/form>\r\n                        <\/div>\r\n                <iframe style='display:none;width:0px;height:0px;' src='about:blank' name='gform_ajax_frame_4' id='gform_ajax_frame_4' title='Este iframe contiene la l\u00f3gica necesaria para gestionar formularios con ajax activado.'><\/iframe>\r\n                <script type=\"text\/javascript\">\ngform.initializeOnLoaded( function() {gformInitSpinner( 4, 'https:\/\/www.meler.cn\/wp-content\/plugins\/gravityforms\/images\/spinner.svg' );jQuery('#gform_ajax_frame_4').on('load',function(){var contents = jQuery(this).contents().find('*').html();var is_postback = contents.indexOf('GF_AJAX_POSTBACK') >= 0;if(!is_postback){return;}var form_content = jQuery(this).contents().find('#gform_wrapper_4');var is_confirmation = jQuery(this).contents().find('#gform_confirmation_wrapper_4').length > 0;var is_redirect = contents.indexOf('gformRedirect(){') >= 0;var is_form = form_content.length > 0 && ! is_redirect && ! is_confirmation;var mt = parseInt(jQuery('html').css('margin-top'), 10) + parseInt(jQuery('body').css('margin-top'), 10) + 100;if(is_form){jQuery('#gform_wrapper_4').html(form_content.html());if(form_content.hasClass('gform_validation_error')){jQuery('#gform_wrapper_4').addClass('gform_validation_error');} else {jQuery('#gform_wrapper_4').removeClass('gform_validation_error');}setTimeout( function() { \/* delay the scroll by 50 milliseconds to fix a bug in chrome *\/ jQuery(document).scrollTop(jQuery('#gform_wrapper_4').offset().top - mt); }, 50 );if(window['gformInitDatepicker']) {gformInitDatepicker();}if(window['gformInitPriceFields']) {gformInitPriceFields();}var current_page = jQuery('#gform_source_page_number_4').val();gformInitSpinner( 4, 'https:\/\/www.meler.cn\/wp-content\/plugins\/gravityforms\/images\/spinner.svg' );jQuery(document).trigger('gform_page_loaded', [4, current_page]);window['gf_submitting_4'] = false;}else if(!is_redirect){var confirmation_content = jQuery(this).contents().find('.GF_AJAX_POSTBACK').html();if(!confirmation_content){confirmation_content = contents;}setTimeout(function(){jQuery('#gform_wrapper_4').replaceWith(confirmation_content);jQuery(document).scrollTop(jQuery('#gf_4').offset().top - mt);jQuery(document).trigger('gform_confirmation_loaded', [4]);window['gf_submitting_4'] = false;wp.a11y.speak(jQuery('#gform_confirmation_message_4').text());}, 50);}else{jQuery('#gform_4').append(contents);if(window['gformRedirect']) {gformRedirect();}}jQuery(document).trigger('gform_post_render', [4, current_page]);} );} );\n<\/script>\n[\/vc_column_inner][vc_column_inner width=\u00bb1\/2&#8243;][single_image image=\u00bb20112&#8243; image_spacing=\u00bbspacing-v-none\u00bb][\/vc_column_inner][\/vc_row_inner][\/vc_column][\/vc_row][vc_row row_layout=\u00bbfull\u00bb row_spacing=\u00bbspacing-v-none\u00bb][vc_column width=\u00bb1\/1&#8243;][CtaModule cta_item=\u00bb11992&#8243;][\/vc_column][\/vc_row]<\/p>\n","protected":false},"excerpt":{"rendered":"<p>[vc_row row_spacing=\u00bbtop-spacing-med bottom-spacing-0&#8243;][vc_column width=\u00bb1\/1&#8243;][text] Encuentra toda la documentaci\u00f3n t\u00e9cnica de nuestros productos [\/text][\/vc_column][\/vc_row][vc_row hide_cookie=\u00bbyes\u00bb row_spacing=\u00bbbottom-spacing top-spacing-0&#8243; row_spacing_h=\u00bbspacing-h-0&#8243; row_cookie=\u00bbmeler_document\u00bb el_class=\u00bbrow-forms\u00bb][vc_column width=\u00bb1\/1&#8243;][vc_row_inner row_bg_color=\u00bbbg-04&#8243; row_spacing=\u00bbtop-spacing-min bottom-spacing-min\u00bb][vc_column_inner width=\u00bb1\/2&#8243;][text] ACCEDE A NUESTRA DOCUMENTACI\u00d3N [\/text][\/vc_column_inner][vc_column_inner width=\u00bb1\/2&#8243;][single_image image=\u00bb20112&#8243; image_spacing=\u00bbspacing-v-none\u00bb][\/vc_column_inner][\/vc_row_inner][\/vc_column][\/vc_row][vc_row row_layout=\u00bbfull\u00bb row_spacing=\u00bbspacing-v-none\u00bb][vc_column width=\u00bb1\/1&#8243;][CtaModule cta_item=\u00bb11992&#8243;][\/vc_column][\/vc_row]<\/p>\n","protected":false},"author":1,"featured_media":20107,"parent":11638,"menu_order":68,"comment_status":"closed","ping_status":"closed","template":"template-private.php","meta":[],"yoast_head":"<!-- This site is optimized with the Yoast SEO plugin v20.3 - https:\/\/yoast.com\/wordpress\/plugins\/seo\/ -->\n<title>Manuales y documentaci\u00f3n de los productos actuales Meler - Meler<\/title>\n<meta name=\"description\" content=\"Descarga de manuales y documentaci\u00f3n de la gama de productos Meler.\" \/>\n<meta name=\"robots\" content=\"index, follow, max-snippet:-1, max-image-preview:large, max-video-preview:-1\" \/>\n<link rel=\"canonical\" href=\"https:\/\/www.meler.cn\/es\/servicios\/meler-support\/documentacion-inicio\/\" \/>\n<meta property=\"og:locale\" content=\"es_ES\" \/>\n<meta property=\"og:type\" content=\"article\" \/>\n<meta property=\"og:title\" content=\"Manuales y documentaci\u00f3n de los productos actuales Meler - Meler\" \/>\n<meta property=\"og:description\" content=\"Descarga de manuales y documentaci\u00f3n de la gama de productos Meler.\" \/>\n<meta property=\"og:url\" content=\"https:\/\/www.meler.cn\/es\/servicios\/meler-support\/documentacion-inicio\/\" \/>\n<meta property=\"og:site_name\" content=\"Meler\" \/>\n<meta property=\"article:modified_time\" content=\"2025-02-21T07:32:24+00:00\" \/>\n<meta property=\"og:image\" content=\"https:\/\/www.meler.cn\/media\/header-servicios-documentacion.png\" \/>\n\t<meta property=\"og:image:width\" content=\"1920\" \/>\n\t<meta property=\"og:image:height\" content=\"780\" \/>\n\t<meta property=\"og:image:type\" content=\"image\/png\" \/>\n<meta name=\"twitter:card\" content=\"summary_large_image\" \/>\n<meta name=\"twitter:label1\" content=\"Tiempo de lectura\" \/>\n\t<meta name=\"twitter:data1\" content=\"1 minuto\" \/>\n<script type=\"application\/ld+json\" class=\"yoast-schema-graph\">{\"@context\":\"https:\/\/schema.org\",\"@graph\":[{\"@type\":\"WebPage\",\"@id\":\"https:\/\/www.meler.cn\/es\/servicios\/meler-support\/documentacion-inicio\/\",\"url\":\"https:\/\/www.meler.cn\/es\/servicios\/meler-support\/documentacion-inicio\/\",\"name\":\"Manuales y documentaci\u00f3n de los productos actuales Meler - Meler\",\"isPartOf\":{\"@id\":\"https:\/\/www.meler.cn\/es\/#website\"},\"datePublished\":\"2023-02-01T15:08:00+00:00\",\"dateModified\":\"2025-02-21T07:32:24+00:00\",\"description\":\"Descarga de manuales y documentaci\u00f3n de la gama de productos Meler.\",\"breadcrumb\":{\"@id\":\"https:\/\/www.meler.cn\/es\/servicios\/meler-support\/documentacion-inicio\/#breadcrumb\"},\"inLanguage\":\"es\",\"potentialAction\":[{\"@type\":\"ReadAction\",\"target\":[\"https:\/\/www.meler.cn\/es\/servicios\/meler-support\/documentacion-inicio\/\"]}]},{\"@type\":\"BreadcrumbList\",\"@id\":\"https:\/\/www.meler.cn\/es\/servicios\/meler-support\/documentacion-inicio\/#breadcrumb\",\"itemListElement\":[{\"@type\":\"ListItem\",\"position\":1,\"name\":\"Portada\",\"item\":\"https:\/\/www.meler.cn\/es\/\"},{\"@type\":\"ListItem\",\"position\":2,\"name\":\"Servicios\",\"item\":\"https:\/\/20097.ttandemdigital.com\/es\/servicios\/\"},{\"@type\":\"ListItem\",\"position\":3,\"name\":\"Meler Support\",\"item\":\"https:\/\/20097.ttandemdigital.com\/es\/servicios\/meler-support\/\"},{\"@type\":\"ListItem\",\"position\":4,\"name\":\"Documentaci\u00f3n\"}]},{\"@type\":\"WebSite\",\"@id\":\"https:\/\/www.meler.cn\/es\/#website\",\"url\":\"https:\/\/www.meler.cn\/es\/\",\"name\":\"Meler\",\"description\":\"Just another WordPress site\",\"potentialAction\":[{\"@type\":\"SearchAction\",\"target\":{\"@type\":\"EntryPoint\",\"urlTemplate\":\"https:\/\/www.meler.cn\/es\/?s={search_term_string}\"},\"query-input\":\"required name=search_term_string\"}],\"inLanguage\":\"es\"}]}<\/script>\n<!-- \/ Yoast SEO plugin. -->","yoast_head_json":{"title":"Manuales y documentaci\u00f3n de los productos actuales Meler - Meler","description":"Descarga de manuales y documentaci\u00f3n de la gama de productos Meler.","robots":{"index":"index","follow":"follow","max-snippet":"max-snippet:-1","max-image-preview":"max-image-preview:large","max-video-preview":"max-video-preview:-1"},"canonical":"https:\/\/www.meler.cn\/es\/servicios\/meler-support\/documentacion-inicio\/","og_locale":"es_ES","og_type":"article","og_title":"Manuales y documentaci\u00f3n de los productos actuales Meler - Meler","og_description":"Descarga de manuales y documentaci\u00f3n de la gama de productos Meler.","og_url":"https:\/\/www.meler.cn\/es\/servicios\/meler-support\/documentacion-inicio\/","og_site_name":"Meler","article_modified_time":"2025-02-21T07:32:24+00:00","og_image":[{"width":1920,"height":780,"url":"https:\/\/www.meler.cn\/media\/header-servicios-documentacion.png","type":"image\/png"}],"twitter_card":"summary_large_image","twitter_misc":{"Tiempo de lectura":"1 minuto"},"schema":{"@context":"https:\/\/schema.org","@graph":[{"@type":"WebPage","@id":"https:\/\/www.meler.cn\/es\/servicios\/meler-support\/documentacion-inicio\/","url":"https:\/\/www.meler.cn\/es\/servicios\/meler-support\/documentacion-inicio\/","name":"Manuales y documentaci\u00f3n de los productos actuales Meler - Meler","isPartOf":{"@id":"https:\/\/www.meler.cn\/es\/#website"},"datePublished":"2023-02-01T15:08:00+00:00","dateModified":"2025-02-21T07:32:24+00:00","description":"Descarga de manuales y documentaci\u00f3n de la gama de productos Meler.","breadcrumb":{"@id":"https:\/\/www.meler.cn\/es\/servicios\/meler-support\/documentacion-inicio\/#breadcrumb"},"inLanguage":"es","potentialAction":[{"@type":"ReadAction","target":["https:\/\/www.meler.cn\/es\/servicios\/meler-support\/documentacion-inicio\/"]}]},{"@type":"BreadcrumbList","@id":"https:\/\/www.meler.cn\/es\/servicios\/meler-support\/documentacion-inicio\/#breadcrumb","itemListElement":[{"@type":"ListItem","position":1,"name":"Portada","item":"https:\/\/www.meler.cn\/es\/"},{"@type":"ListItem","position":2,"name":"Servicios","item":"https:\/\/20097.ttandemdigital.com\/es\/servicios\/"},{"@type":"ListItem","position":3,"name":"Meler Support","item":"https:\/\/20097.ttandemdigital.com\/es\/servicios\/meler-support\/"},{"@type":"ListItem","position":4,"name":"Documentaci\u00f3n"}]},{"@type":"WebSite","@id":"https:\/\/www.meler.cn\/es\/#website","url":"https:\/\/www.meler.cn\/es\/","name":"Meler","description":"Just another WordPress site","potentialAction":[{"@type":"SearchAction","target":{"@type":"EntryPoint","urlTemplate":"https:\/\/www.meler.cn\/es\/?s={search_term_string}"},"query-input":"required name=search_term_string"}],"inLanguage":"es"}]}},"_links":{"self":[{"href":"https:\/\/www.meler.cn\/es\/wp-json\/wp\/v2\/pages\/20117"}],"collection":[{"href":"https:\/\/www.meler.cn\/es\/wp-json\/wp\/v2\/pages"}],"about":[{"href":"https:\/\/www.meler.cn\/es\/wp-json\/wp\/v2\/types\/page"}],"author":[{"embeddable":true,"href":"https:\/\/www.meler.cn\/es\/wp-json\/wp\/v2\/users\/1"}],"replies":[{"embeddable":true,"href":"https:\/\/www.meler.cn\/es\/wp-json\/wp\/v2\/comments?post=20117"}],"version-history":[{"count":47,"href":"https:\/\/www.meler.cn\/es\/wp-json\/wp\/v2\/pages\/20117\/revisions"}],"predecessor-version":[{"id":35731,"href":"https:\/\/www.meler.cn\/es\/wp-json\/wp\/v2\/pages\/20117\/revisions\/35731"}],"up":[{"embeddable":true,"href":"https:\/\/www.meler.cn\/es\/wp-json\/wp\/v2\/pages\/11638"}],"wp:featuredmedia":[{"embeddable":true,"href":"https:\/\/www.meler.cn\/es\/wp-json\/wp\/v2\/media\/20107"}],"wp:attachment":[{"href":"https:\/\/www.meler.cn\/es\/wp-json\/wp\/v2\/media?parent=20117"}],"curies":[{"name":"wp","href":"https:\/\/api.w.org\/{rel}","templated":true}]}}