




















{"id":15616,"date":"2023-01-05T12:43:59","date_gmt":"2023-01-05T12:43:59","guid":{"rendered":"https:\/\/www.meler.eu\/?page_id=15616"},"modified":"2025-03-05T08:26:03","modified_gmt":"2025-03-05T08:26:03","slug":"inicio","status":"publish","type":"page","link":"https:\/\/www.meler.cn\/es\/","title":{"rendered":"Inicio"},"content":{"rendered":"<p>[vc_row row_layout=\u00bbfull\u00bb row_spacing=\u00bbspacing-v-none\u00bb row_spacing_h=\u00bbspacing-h-0&#8243; el_id=\u00bbsuperslider01&#8243;][vc_column width=\u00bb1\/1&#8243;][super_Slider][super_Slider_item super_slider_item_image=\u00bb35855&#8243; super_slider_item_title=\u00bbMicron+ ECO\u00bb]<\/p>\n<h2>MICRON+ ECO<\/h2>\n<p>El mejor fusor con la menor huella medioambiental para aplicaciones automatizadas de la Industria 4.0.<\/p>\n<p aria-level=\"1\"><a class=\"button\" href=\"https:\/\/www.meler.cn\/es\/productos\/fusores\/micron-eco\/\"><span data-contrast=\"none\">DESCUBRA MICRON+ ECO<\/span><\/a><\/p>\n<p>[\/super_Slider_item][\/super_Slider][\/vc_column][\/vc_row][vc_row row_layout=\u00bbfull\u00bb][vc_column width=\u00bb1\/1&#8243;][text]<\/p>\n<p class=\"marquee\"><a href=\"https:\/\/www.meler.cn\/es\/industrias\/hot-melt-para-la-industria-del-packaging\/\">Embalaje y etiquetado<\/a> <a href=\"https:\/\/www.meler.cn\/es\/industrias\/construccion\/\">Construcci\u00f3n<\/a><a href=\"https:\/\/www.meler.cn\/es\/industrias\/aplicacion-de-hot-melt-para-el-interior-del-vehiculo\/\">Autom\u00f3vil<\/a> <a href=\"https:\/\/www.meler.cn\/es\/industrias\/madera-y-mobiliario\/\">Madera y mobiliario<\/a> <a href=\"https:\/\/www.meler.cn\/es\/industrias\/sistemas-hot-melt-para-la-industria-del-colchon\/\">Textiles y colchones<\/a> <a href=\"https:\/\/www.meler.cn\/es\/industrias\/ensamblaje-de-productos-con-hot-melt\/\">Ensamblaje<\/a> <a href=\"https:\/\/www.meler.cn\/es\/industrias\/sistemas-hot-melt-para-artes-graficas\/\">Artes gr\u00e1ficas<\/a> <a href=\"https:\/\/www.meler.cn\/es\/industrias\/sistemas-hot-melt-para-productos-non-woven\/\">Non woven<\/a> <a href=\"https:\/\/www.meler.cn\/es\/industrias\/sistemas-hot-melt-para-el-embalaje-del-tabaco\/\">Packaging de tabaco<\/a><\/p>\n<p>[\/text][\/vc_column][\/vc_row][vc_row row_bg_color=\u00bbbg-05&#8243; row_spacing=\u00bbtop-spacing bottom-spacing\u00bb][vc_column width=\u00bb1\/1&#8243;][vc_row_inner][vc_column_inner][text]<\/p>\n<h2 class=\"txt-center txt-width\"><strong>Conoce todos nuestros<br \/>\nproductos<\/strong><\/h2>\n<p class=\"txt-width txt-center\">En Meler adaptamos todas nuestras soluciones para que t\u00fa productividad aumente. \u00bfConoces el resto de nuestra gama de productos?<\/p>\n<p>[\/text][\/vc_column_inner][\/vc_row_inner][vc_row_inner row_spacing=\u00bbtop-spacing-med bottom-spacing-med\u00bb][vc_column_inner][text]<\/p>\n<p class=\"buttons txt-center\"><a class=\"button\" href=\"https:\/\/www.meler.cn\/es\/productos\/fusores\/\">Fusores Micron<\/a><a class=\"button\" href=\"https:\/\/www.meler.cn\/es\/productos\/mangueras\/\">Mangueras Arion<\/a> <a class=\"button\" href=\"https:\/\/www.meler.cn\/es\/productos\/aplicadores\/\">Aplicadores Raptor<\/a><\/p>\n<p>[\/text][\/vc_column_inner][\/vc_row_inner][\/vc_column][\/vc_row][vc_row bg_image_position=\u00bb100% 0&#8243; row_bg_color=\u00bbbg-05&#8243; row_spacing=\u00bbspacing-v-0&#8243; bg_image=\u00bb16631&#8243; el_class=\u00bbbloque-productos\u00bb][vc_column width=\u00bb1\/1&#8243;][vc_row_inner row_spacing=\u00bbspacing-v-0&#8243;][vc_column_inner width=\u00bb1\/2&#8243;][text]<\/p>\n<h2 class=\"style-02\"><strong>Micron+ ECO<\/strong><\/h2>\n<p class=\"txt-width\">Menor consumo energ\u00e9tico, mayor ahorro de adhesivo y m\u00ednimo impacto medioambiental. Micron+ ECO es un mejor fusor para una menor huella medioambiental.<\/p>\n<p class=\"more\"><a href=\"https:\/\/www.meler.cn\/es\/productos\/fusores\/micron-eco\/\">Sab\u00e9r m\u00e1s<\/a><\/p>\n<p>[\/text][\/vc_column_inner][vc_column_inner width=\u00bb1\/2&#8243;][single_image image=\u00bb35546&#8243; animation=\u00bbfadeInRight\u00bb][\/vc_column_inner][\/vc_row_inner][vc_row_inner row_spacing=\u00bbspacing-v-0&#8243;][vc_column_inner width=\u00bb1\/2&#8243;][single_image image=\u00bb33473&#8243; animation=\u00bbfadeInLeft\u00bb][\/vc_column_inner][vc_column_inner width=\u00bb1\/2&#8243;][text]<\/p>\n<h2 class=\"style-02\"><strong>Arion Circle<\/strong><\/h2>\n<p class=\"txt-width\">La manguera calefactada que ofrece una soluci\u00f3n circular reduciendo el impacto de nuestra actividad y aumentando la durabilidad de la instalaci\u00f3n. Con latiguillo desmontable, facilita su reparaci\u00f3n reduciendo, as\u00ed, costes de mantenimiento.<\/p>\n<p class=\"more\"><a href=\"https:\/\/www.meler.cn\/productos\/mangueras\/arion-circle\/\">Sab\u00e9r m\u00e1s<\/a><\/p>\n<p>[\/text][\/vc_column_inner][\/vc_row_inner][vc_row_inner row_spacing=\u00bbspacing-v-0&#8243;][vc_column_inner width=\u00bb1\/2&#8243;][text]<\/p>\n<h2 class=\"style-02\"><strong>Raptor Edge<\/strong><\/h2>\n<p class=\"txt-width\">La soluci\u00f3n de ajuste autom\u00e1tico para el control total de la laminaci\u00f3n de cantos. Un aplicador vers\u00e1til y tecnol\u00f3gico que mejora la productividad gracias a la agilidad para adaptarse con precisi\u00f3n al cambio de formato.<\/p>\n<p class=\"more\"><a href=\"https:\/\/www.meler.cn\/es\/productos\/aplicadores\/raptor-edge\/\">Sab\u00e9r m\u00e1s<\/a><\/p>\n<p>[\/text][\/vc_column_inner][vc_column_inner width=\u00bb1\/2&#8243;][single_image image=\u00bb33426&#8243; animation=\u00bbfadeInRight\u00bb][\/vc_column_inner][\/vc_row_inner][\/vc_column][\/vc_row][vc_row row_layout=\u00bbfull\u00bb row_spacing=\u00bbspacing-v-none\u00bb][vc_column width=\u00bb1\/1&#8243;][CtaModule cta_item=\u00bb30384&#8243;][\/vc_column][\/vc_row][vc_row row_slide=\u00bbyes\u00bb el_class=\u00bbbg-line\u00bb][vc_column width=\u00bb1\/1&#8243;][vc_row_inner el_class=\u00bbreverse-column-mobile\u00bb][vc_column_inner width=\u00bb3\/4&#8243; row_spacing_h=\u00bbspacing-h-0&#8243;][single_image image=\u00bb19846&#8243;][\/vc_column_inner][vc_column_inner width=\u00bb1\/4&#8243; row_spacing_h=\u00bbleft-spacing\u00bb][text]<\/p>\n<h2 class=\"style-02\">Gluing<br \/>\nTomorrow<\/h2>\n<p>Una nueva forma de hacer sostenible el futuro. En Meler ratificamos cada d\u00eda nuestro compromiso con el medio ambiente realizando todos los procesos productivos desde un prisma que mira al planeta. Descubre c\u00f3mo ser parte del proyecto:<\/p>\n<ul class=\"style-02\">\n<li><a href=\"https:\/\/www.meler.cn\/es\/gluing-tomorrow\/\">Saber m\u00e1s<\/a><\/li>\n<\/ul>\n<p>[\/text][\/vc_column_inner][\/vc_row_inner][vc_row_inner el_class=\u00bbreverse-column-mobile\u00bb][vc_column_inner width=\u00bb3\/4&#8243;][single_image image=\u00bb19851&#8243;][\/vc_column_inner][vc_column_inner width=\u00bb1\/4&#8243; row_spacing_h=\u00bbleft-spacing\u00bb][text]<\/p>\n<h2 class=\"style-02\">Glocal Support<\/h2>\n<p>Un servicio t\u00e9cnico global que da soporte sea cual sea tu necesidad o localizaci\u00f3n. Con una orientaci\u00f3n a cliente clara, nuestros t\u00e9cnicos especialistas asesoran, solucionan y resuelven tus dudas sobre la aplicaci\u00f3n de adhesivo hot melt.<\/p>\n<ul class=\"style-02\">\n<li><a href=\"https:\/\/www.meler.cn\/es\/servicios\/meler-support\/\">Saber m\u00e1s<\/a><\/li>\n<\/ul>\n<p>[\/text][\/vc_column_inner][\/vc_row_inner][\/vc_column][\/vc_row][vc_row row_layout=\u00bbfull\u00bb row_spacing=\u00bbspacing-v-none\u00bb][vc_column width=\u00bb1\/1&#8243;][CtaModule cta_item=\u00bb156&#8243;][\/vc_column][\/vc_row][vc_row bg_image_position=\u00bb0 100%\u00bb row_bg_color=\u00bbbg-04&#8243; row_spacing=\u00bbtop-spacing bottom-spacing\u00bb row_vertical_align=\u00bbvalign-middle\u00bb el_class=\u00bbreverse-column-mobile\u00bb][vc_column row_spacing=\u00bbspacing-v-0&#8243; row_spacing_h=\u00bbleft-spacing\u00bb width=\u00bb1\/1&#8243;][text]<\/p>\n<h2 class=\"txt-center summary style-02 txt-width\">Meler en el mundo<\/h2>\n<p class=\"txt-width txt-center\">Encuentra tu <strong>Meler<\/strong> m\u00e1s cercano y descubre lo que es contar con <strong>#YourGluingSolutionsPartner<\/strong> siempre que lo necesites.<\/p>\n<p class=\"txt-center\"><a class=\"button\" href=\"https:\/\/www.meler.cn\/es\/meler\/meler-en-el-mundo\/\">Meler en el mundo<\/a><\/p>\n<p>[\/text][vc_row_inner row_spacing=\u00bbtop-spacing-min bottom-spacing-0&#8243;][vc_column_inner][text]<style>\r\n\t#wpsl-stores .wpsl-store-thumb {height:45px !important; width:45px !important;}\r\n\t#wpsl-stores, #wpsl-direction-details, #wpsl-gmap {height:350px !important;}\r\n\t#wpsl-gmap .wpsl-info-window {max-width:225px !important;}\r\n\t.wpsl-input label, #wpsl-radius label, #wpsl-category label {width:95px;}\r\n\t#wpsl-search-input  {width:179px;}\r\n<\/style>\r\n<div id=\"wpsl-wrap\">\r\n\t<div class=\"wpsl-search wpsl-clearfix wpsl-no-filters\">\r\n\t\t<div id=\"wpsl-search-wrap\">\r\n\t\t\t<form autocomplete=\"off\">\r\n\t\t\t<div class=\"wpsl-input\">\r\n\t\t\t\t<div><label for=\"wpsl-search-input\">Tu ubicaci\u00f3n<\/label><\/div>\r\n\t\t\t\t<input id=\"wpsl-search-input\" type=\"text\" value=\"\" name=\"wpsl-search-input\" placeholder=\"\" aria-required=\"true\" \/>\r\n\t\t\t<\/div>\r\n\t\t\t\t<div class=\"wpsl-search-btn-wrap\"><input id=\"wpsl-search-btn\" type=\"submit\" value=\"Buscar\"><\/div>\r\n\t\t<\/form>\r\n\t\t<\/div>\r\n\t<\/div>\r\n\t<div id=\"wpsl-gmap\" class=\"wpsl-gmap-canvas\"><\/div>\r\n\t<div id=\"wpsl-result-list\">\r\n\t\t<div id=\"wpsl-stores\" >\r\n\t\t\t<ul><\/ul>\r\n\t\t<\/div>\r\n\t\t<div id=\"wpsl-direction-details\">\r\n\t\t\t<ul><\/ul>\r\n\t\t<\/div>\r\n\t<\/div>\r\n<\/div>\r\n[\/text][\/vc_column_inner][\/vc_row_inner][\/vc_column][\/vc_row][vc_row row_layout=\u00bbfull\u00bb el_class=\u00bbbg-line-left\u00bb][vc_column width=\u00bb1\/1&#8243;][vc_row_inner row_layout=\u00bbfull\u00bb][vc_column_inner][ttdirectory_newslist news_num=\u00bb6&#8243;]<\/p>\n<h2 class=\"style-02\">Noticias<\/h2>\n<p><a class=\"button\" href=\"\/es\/novedades\/\">Ver blog<\/a>[\/ttdirectory_newslist][\/vc_column_inner][\/vc_row_inner][\/vc_column][\/vc_row][vc_row row_layout=\u00bbfull\u00bb row_spacing=\u00bbspacing-v-none\u00bb][vc_column width=\u00bb1\/1&#8243;][CtaModule cta_item=\u00bb21144&#8243;][\/vc_column][\/vc_row]<\/p>\n","protected":false},"excerpt":{"rendered":"<p>[vc_row row_layout=\u00bbfull\u00bb row_spacing=\u00bbspacing-v-none\u00bb row_spacing_h=\u00bbspacing-h-0&#8243; el_id=\u00bbsuperslider01&#8243;][vc_column width=\u00bb1\/1&#8243;][super_Slider][super_Slider_item super_slider_item_image=\u00bb35855&#8243; super_slider_item_title=\u00bbMicron+ ECO\u00bb] MICRON+ ECO El mejor fusor con la menor huella medioambiental para aplicaciones automatizadas de la Industria 4.0. DESCUBRA MICRON+ ECO [\/super_Slider_item][\/super_Slider][\/vc_column][\/vc_row][vc_row row_layout=\u00bbfull\u00bb][vc_column width=\u00bb1\/1&#8243;][text] Embalaje y etiquetado Construcci\u00f3nAutom\u00f3vil Madera y mobiliario Textiles y colchones Ensamblaje Artes gr\u00e1ficas Non woven Packaging de tabaco [\/text][\/vc_column][\/vc_row][vc_row row_bg_color=\u00bbbg-05&#8243; row_spacing=\u00bbtop-spacing bottom-spacing\u00bb][vc_column width=\u00bb1\/1&#8243;][vc_row_inner][vc_column_inner][text] [&hellip;]<\/p>\n","protected":false},"author":1,"featured_media":0,"parent":0,"menu_order":30,"comment_status":"closed","ping_status":"closed","template":"template-no-header.php","meta":[],"yoast_head":"<!-- This site is optimized with the Yoast SEO plugin v20.3 - https:\/\/yoast.com\/wordpress\/plugins\/seo\/ -->\n<title>Sistemas completos para la aplicaci\u00f3n de adhesivos y sellantes - Meler<\/title>\n<meta name=\"description\" content=\"Somos Meler, your gluing solutions partner, con m\u00e1s de 40 a\u00f1os de experiencia como especialistas en el desarrollo y mejora de procesos de adhesivado.\" \/>\n<meta name=\"robots\" content=\"index, follow, max-snippet:-1, max-image-preview:large, max-video-preview:-1\" \/>\n<link rel=\"canonical\" href=\"https:\/\/www.meler.cn\/es\/\" \/>\n<meta property=\"og:locale\" content=\"es_ES\" \/>\n<meta property=\"og:type\" content=\"article\" \/>\n<meta property=\"og:title\" content=\"Sistemas completos para la aplicaci\u00f3n de adhesivos y sellantes - Meler\" \/>\n<meta property=\"og:description\" content=\"Somos Meler, your gluing solutions partner, con m\u00e1s de 40 a\u00f1os de experiencia como especialistas en el desarrollo y mejora de procesos de adhesivado.\" \/>\n<meta property=\"og:url\" content=\"https:\/\/www.meler.cn\/es\/\" \/>\n<meta property=\"og:site_name\" content=\"Meler\" \/>\n<meta property=\"article:modified_time\" content=\"2025-03-05T08:26:03+00:00\" \/>\n<meta property=\"og:image\" content=\"https:\/\/www.meler.cn\/media\/LOGOMELER2.png\" \/>\n\t<meta property=\"og:image:width\" content=\"180\" \/>\n\t<meta property=\"og:image:height\" content=\"100\" \/>\n\t<meta property=\"og:image:type\" content=\"image\/png\" \/>\n<meta name=\"twitter:card\" content=\"summary_large_image\" \/>\n<meta name=\"twitter:label1\" content=\"Tiempo de lectura\" \/>\n\t<meta name=\"twitter:data1\" content=\"2 minutos\" \/>\n<script type=\"application\/ld+json\" class=\"yoast-schema-graph\">{\"@context\":\"https:\/\/schema.org\",\"@graph\":[{\"@type\":\"WebPage\",\"@id\":\"https:\/\/www.meler.cn\/es\/\",\"url\":\"https:\/\/www.meler.cn\/es\/\",\"name\":\"Sistemas completos para la aplicaci\u00f3n de adhesivos y sellantes - Meler\",\"isPartOf\":{\"@id\":\"https:\/\/www.meler.cn\/es\/#website\"},\"datePublished\":\"2023-01-05T12:43:59+00:00\",\"dateModified\":\"2025-03-05T08:26:03+00:00\",\"description\":\"Somos Meler, your gluing solutions partner, con m\u00e1s de 40 a\u00f1os de experiencia como especialistas en el desarrollo y mejora de procesos de adhesivado.\",\"breadcrumb\":{\"@id\":\"https:\/\/www.meler.cn\/es\/#breadcrumb\"},\"inLanguage\":\"es\",\"potentialAction\":[{\"@type\":\"ReadAction\",\"target\":[\"https:\/\/www.meler.cn\/es\/\"]}]},{\"@type\":\"BreadcrumbList\",\"@id\":\"https:\/\/www.meler.cn\/es\/#breadcrumb\",\"itemListElement\":[{\"@type\":\"ListItem\",\"position\":1,\"name\":\"Portada\",\"item\":\"https:\/\/www.meler.cn\/es\/\"},{\"@type\":\"ListItem\",\"position\":2,\"name\":\"Inicio\"}]},{\"@type\":\"WebSite\",\"@id\":\"https:\/\/www.meler.cn\/es\/#website\",\"url\":\"https:\/\/www.meler.cn\/es\/\",\"name\":\"Meler\",\"description\":\"Just another WordPress site\",\"potentialAction\":[{\"@type\":\"SearchAction\",\"target\":{\"@type\":\"EntryPoint\",\"urlTemplate\":\"https:\/\/www.meler.cn\/es\/?s={search_term_string}\"},\"query-input\":\"required name=search_term_string\"}],\"inLanguage\":\"es\"}]}<\/script>\n<!-- \/ Yoast SEO plugin. -->","yoast_head_json":{"title":"Sistemas completos para la aplicaci\u00f3n de adhesivos y sellantes - Meler","description":"Somos Meler, your gluing solutions partner, con m\u00e1s de 40 a\u00f1os de experiencia como especialistas en el desarrollo y mejora de procesos de adhesivado.","robots":{"index":"index","follow":"follow","max-snippet":"max-snippet:-1","max-image-preview":"max-image-preview:large","max-video-preview":"max-video-preview:-1"},"canonical":"https:\/\/www.meler.cn\/es\/","og_locale":"es_ES","og_type":"article","og_title":"Sistemas completos para la aplicaci\u00f3n de adhesivos y sellantes - Meler","og_description":"Somos Meler, your gluing solutions partner, con m\u00e1s de 40 a\u00f1os de experiencia como especialistas en el desarrollo y mejora de procesos de adhesivado.","og_url":"https:\/\/www.meler.cn\/es\/","og_site_name":"Meler","article_modified_time":"2025-03-05T08:26:03+00:00","og_image":[{"width":180,"height":100,"url":"https:\/\/www.meler.cn\/media\/LOGOMELER2.png","type":"image\/png"}],"twitter_card":"summary_large_image","twitter_misc":{"Tiempo de lectura":"2 minutos"},"schema":{"@context":"https:\/\/schema.org","@graph":[{"@type":"WebPage","@id":"https:\/\/www.meler.cn\/es\/","url":"https:\/\/www.meler.cn\/es\/","name":"Sistemas completos para la aplicaci\u00f3n de adhesivos y sellantes - Meler","isPartOf":{"@id":"https:\/\/www.meler.cn\/es\/#website"},"datePublished":"2023-01-05T12:43:59+00:00","dateModified":"2025-03-05T08:26:03+00:00","description":"Somos Meler, your gluing solutions partner, con m\u00e1s de 40 a\u00f1os de experiencia como especialistas en el desarrollo y mejora de procesos de adhesivado.","breadcrumb":{"@id":"https:\/\/www.meler.cn\/es\/#breadcrumb"},"inLanguage":"es","potentialAction":[{"@type":"ReadAction","target":["https:\/\/www.meler.cn\/es\/"]}]},{"@type":"BreadcrumbList","@id":"https:\/\/www.meler.cn\/es\/#breadcrumb","itemListElement":[{"@type":"ListItem","position":1,"name":"Portada","item":"https:\/\/www.meler.cn\/es\/"},{"@type":"ListItem","position":2,"name":"Inicio"}]},{"@type":"WebSite","@id":"https:\/\/www.meler.cn\/es\/#website","url":"https:\/\/www.meler.cn\/es\/","name":"Meler","description":"Just another WordPress site","potentialAction":[{"@type":"SearchAction","target":{"@type":"EntryPoint","urlTemplate":"https:\/\/www.meler.cn\/es\/?s={search_term_string}"},"query-input":"required name=search_term_string"}],"inLanguage":"es"}]}},"_links":{"self":[{"href":"https:\/\/www.meler.cn\/es\/wp-json\/wp\/v2\/pages\/15616"}],"collection":[{"href":"https:\/\/www.meler.cn\/es\/wp-json\/wp\/v2\/pages"}],"about":[{"href":"https:\/\/www.meler.cn\/es\/wp-json\/wp\/v2\/types\/page"}],"author":[{"embeddable":true,"href":"https:\/\/www.meler.cn\/es\/wp-json\/wp\/v2\/users\/1"}],"replies":[{"embeddable":true,"href":"https:\/\/www.meler.cn\/es\/wp-json\/wp\/v2\/comments?post=15616"}],"version-history":[{"count":179,"href":"https:\/\/www.meler.cn\/es\/wp-json\/wp\/v2\/pages\/15616\/revisions"}],"predecessor-version":[{"id":35890,"href":"https:\/\/www.meler.cn\/es\/wp-json\/wp\/v2\/pages\/15616\/revisions\/35890"}],"wp:attachment":[{"href":"https:\/\/www.meler.cn\/es\/wp-json\/wp\/v2\/media?parent=15616"}],"curies":[{"name":"wp","href":"https:\/\/api.w.org\/{rel}","templated":true}]}}