




















{"id":15378,"date":"2023-01-04T09:45:28","date_gmt":"2023-01-04T09:45:28","guid":{"rendered":"https:\/\/www.meler.eu\/?page_id=15378"},"modified":"2023-03-06T09:52:51","modified_gmt":"2023-03-06T09:52:51","slug":"aplicacion-de-sellos-fiscales-con-ikarus-station","status":"publish","type":"page","link":"https:\/\/www.meler.cn\/es\/industrias\/sistemas-hot-melt-para-el-embalaje-del-tabaco\/aplicacion-de-sellos-fiscales-con-ikarus-station\/","title":{"rendered":"Aplicaci\u00f3n de sellos fiscales con Ikarus Station"},"content":{"rendered":"<p>[vc_row show_menu_content=\u00bbyes\u00bb][vc_column row_spacing_h=\u00bbleft-spacing\u00bb width=\u00bb1\/1&#8243;][single_image image=\u00bb17021&#8243;][text]<\/p>\n<h2 class=\"style-05\">El reto<\/h2>\n<h3 class=\"style-01\">Rapidez para cumplir con la nueva legislaci\u00f3n fiscal<\/h3>\n<p>La industria tabaquera se encuentra en un <strong>constante cambio legislativo<\/strong>. Permanecer a la vanguardia de la misma resulta complicado para muchas empresas que ven c\u00f3mo tienen que parar su producci\u00f3n para <strong>cumplir con las exigencias legales.<\/strong><\/p>\n<p><a href=\"https:\/\/www.meler.cn\/es\/servicios\/meler-engineering\/\">Meler Engineering<\/a> ha desarrollado<a href=\"https:\/\/www.meler.cn\/es\/productos\/proyectos-especiales\/ikarus-station\/?preview_id=16965&#038;preview_nonce=4c45b47871&#038;_thumbnail_id=19789&#038;preview=true\"> <strong>Ikarus Station<\/strong>:<\/a> una <strong>soluci\u00f3n semiautom\u00e1tica que garantiza una aplicaci\u00f3n sencilla de sellos fiscales<\/strong> para que tu empresa no tenga que parar nunca.<\/p>\n<h2 class=\"style-05\">Nuestro aporte<\/h2>\n<h3 class=\"style-01\">Aplicaci\u00f3n sencilla, r\u00e1pida y precisa con Ikarus Station<\/h3>\n<p>Como especialista en la aplicaci\u00f3n de adhesivo hot melt en el sector del packaging para tabaco, <strong>Meler desarrolla Ikarus Station<\/strong>; una estaci\u00f3n completa dise\u00f1ada desde cero para la aplicaci\u00f3n de timbres fiscales en envases de e-l\u00edquidos.<\/p>\n<p>Una soluci\u00f3n <strong>\u00fanica en el mercado<\/strong> que facilita la aplicaci\u00f3n del adhesivo y reduce, adem\u00e1s, el gasto del mismo.<\/p>\n<p>Ikarus Station es un all-in-one que <strong>integra los elementos tecnol\u00f3gicos de Meler Engineering<\/strong> para que todo funcione como debe funcionar.<\/p>\n<p>Con controlador de disparos, <a href=\"https:\/\/www.meler.cn\/es\/productos\/controladores\/starbi\/\">StarBi<\/a> permite la programaci\u00f3n de canales y disparos por tiempo y distancia a trav\u00e9s de una pantalla t\u00e1ctil de 7\u00bb.<\/p>\n<p>El <strong>ahorro de tiempo<\/strong> es real con el fusor <a href=\"https:\/\/www.meler.cn\/es\/?post_type=melters&amp;p=15251\">B4<\/a> que garantiza una fusi\u00f3n r\u00e1pida tanto en aplicaciones manuales, como autom\u00e1ticas.<\/p>\n<p>Ikarus Station se completa con <a href=\"https:\/\/www.meler.cn\/es\/productos\/mangueras\/arion-essential\/\">Arion Essential<\/a> y <a href=\"https:\/\/www.meler.cn\/es\/productos\/aplicadores\/raptor-infinity\/\">Raptor Infinity<\/a>. La primera, automatiza el proceso haciendo que todo fluya. La segunda, garantiza la <strong>m\u00e1xima precisi\u00f3n al alcance de todos<\/strong>.<\/p>\n<p><strong>High Tech, versatilidad y durabilidad<\/strong> con una estaci\u00f3n semiautom\u00e1tica que hace que nuestros clientes m\u00e1s exigentes se encuentren, siempre, a la vanguardia de las exigencias del mercado.<\/p>\n<h2 class=\"style-05\">El proyecto<\/h2>\n<h3 class=\"style-01\">Una estaci\u00f3n galardonada por nuestros propios clientes<\/h3>\n<p><strong>Ikarus Station<\/strong> se present\u00f3 en una de las convenciones de tabaco m\u00e1s importantes del mundo: <strong>InterSupply<\/strong>, la mayor feria de productos de tabaco y accesorios para fumar celebrada anualmente en Dortmund (Alemania).<\/p>\n<p>\u00bfEl resultado? <strong>Ejemplares vendidos<\/strong> y reservados in situ en una feria en la que se pudo medir el pulso de satisfacci\u00f3n de nuestros clientes.<\/p>\n<p>Ikarus Station, la soluci\u00f3n integrada en los procesos de <strong>fin de l\u00ednea<\/strong>, se convierte, as\u00ed, en el avance que la industria tabaquera llevaba tiempo reclamando.<\/p>\n<p>Una aplicaci\u00f3n <strong>\u00fanica en el mercado<\/strong> que cumple no solo con las expectativas de los clientes, sino que tambi\u00e9n con cualquier cambio legislativo que regule dicho sector.[\/text][video_youtube video_image=\u00bb17026&#8243; video_url=\u00bbhttps:\/\/www.youtube.com\/watch?v=D5laSjddvwY\u00bb][text]<\/p>\n<h2 class=\"style-05\">Impacto<\/h2>\n<ul class=\"style-03\">\n<li>Alta tecnolog\u00eda al alcance de todos<\/li>\n<li>Mejora del rendimiento del proceso<\/li>\n<li>Aumenta la productividad gracias a su versatilidad<\/li>\n<li>Reduce el gasto en adhesivo<\/li>\n<li>Facilita la aplicaci\u00f3n<\/li>\n<\/ul>\n<p>[\/text][\/vc_column][\/vc_row][vc_row row_bg_color=\u00bbbg-04&#8243; row_spacing=\u00bbtop-spacing bottom-spacing-0&#8243;][vc_column width=\u00bb1\/1&#8243;][text]<\/p>\n<h2 class=\"txt-center style-01\">Nuestros productos<\/h2>\n<p class=\"txt-center\"><a class=\"button\" href=\"https:\/\/www.meler.cn\/es\/productos\/\">Ver productos<\/a><\/p>\n<p>[\/text][vc_tta_tabs][vc_tta_section title=\u00bbAplicadores\u00bb tab_id=\u00bb1672398287853-7a9cfd48-9ce4&#8243;][ttdirectory_products carousel_columns=\u00bb4&#8243; style=\u00bb1&#8243;][ttdirectory_product_applicators post_applicator=\u00bb15404&#8243;][ttdirectory_product_applicators post_applicator=\u00bb15438&#8243;][\/ttdirectory_products][\/vc_tta_section][vc_tta_section title=\u00bbFusores\u00bb tab_id=\u00bb1672398287839-e7ca709f-fefa\u00bb][ttdirectory_products carousel_columns=\u00bb4&#8243; style=\u00bb1&#8243;][ttdirectory_product_melters post_melter=\u00bb12026&#8243;][\/ttdirectory_products][\/vc_tta_section][vc_tta_section title=\u00bbMangueras\u00bb tab_id=\u00bb1672918510236-9251d1b4-ea04&#8243;][ttdirectory_products carousel_columns=\u00bb4&#8243; style=\u00bb1&#8243;][ttdirectory_product_hoses post_hoses=\u00bb8068&#8243;][ttdirectory_product_hoses post_hoses=\u00bb8074&#8243;][\/ttdirectory_products][\/vc_tta_section][vc_tta_section title=\u00bbControladores\u00bb tab_id=\u00bb1672918535864-a01a5678-4fec\u00bb][ttdirectory_products carousel_columns=\u00bb4&#8243; style=\u00bb1&#8243;][ttdirectory_product_controllers post_controller=\u00bb12297&#8243;][\/ttdirectory_products][\/vc_tta_section][vc_tta_section title=\u00bbAccesorios\u00bb tab_id=\u00bb1672918552116-aad4cd4f-afb3&#8243;][ttdirectory_products carousel_columns=\u00bb4&#8243; style=\u00bb1&#8243;][ttdirectory_product_accessories post_accessories=\u00bb15246&#8243;][ttdirectory_product_accessories post_accessories=\u00bb15610&#8243;][\/ttdirectory_products][\/vc_tta_section][\/vc_tta_tabs][\/vc_column][\/vc_row]<\/p>\n","protected":false},"excerpt":{"rendered":"<p>[vc_row show_menu_content=\u00bbyes\u00bb][vc_column row_spacing_h=\u00bbleft-spacing\u00bb width=\u00bb1\/1&#8243;][single_image image=\u00bb17021&#8243;][text] El reto Rapidez para cumplir con la nueva legislaci\u00f3n fiscal La industria tabaquera se encuentra en un constante cambio legislativo. Permanecer a la vanguardia de la misma resulta complicado para muchas empresas que ven c\u00f3mo tienen que parar su producci\u00f3n para cumplir con las exigencias legales. Meler Engineering ha desarrollado [&hellip;]<\/p>\n","protected":false},"author":1,"featured_media":17016,"parent":12024,"menu_order":199,"comment_status":"closed","ping_status":"closed","template":"","meta":[],"yoast_head":"<!-- This site is optimized with the Yoast SEO plugin v20.3 - https:\/\/yoast.com\/wordpress\/plugins\/seo\/ -->\n<title>Aplicaci\u00f3n de sellos fiscales con Ikarus Station - Meler<\/title>\n<meta name=\"description\" content=\"Soluci\u00f3n semiautom\u00e1tica que garantiza una aplicaci\u00f3n sencilla de sellos fiscales\" \/>\n<meta name=\"robots\" content=\"index, follow, max-snippet:-1, max-image-preview:large, max-video-preview:-1\" \/>\n<link rel=\"canonical\" href=\"https:\/\/www.meler.cn\/es\/industrias\/sistemas-hot-melt-para-el-embalaje-del-tabaco\/aplicacion-de-sellos-fiscales-con-ikarus-station\/\" \/>\n<meta property=\"og:locale\" content=\"es_ES\" \/>\n<meta property=\"og:type\" content=\"article\" \/>\n<meta property=\"og:title\" content=\"Aplicaci\u00f3n de sellos fiscales con Ikarus Station - Meler\" \/>\n<meta property=\"og:description\" content=\"Soluci\u00f3n semiautom\u00e1tica que garantiza una aplicaci\u00f3n sencilla de sellos fiscales\" \/>\n<meta property=\"og:url\" content=\"https:\/\/www.meler.cn\/es\/industrias\/sistemas-hot-melt-para-el-embalaje-del-tabaco\/aplicacion-de-sellos-fiscales-con-ikarus-station\/\" \/>\n<meta property=\"og:site_name\" content=\"Meler\" \/>\n<meta property=\"article:modified_time\" content=\"2023-03-06T09:52:51+00:00\" \/>\n<meta property=\"og:image\" content=\"https:\/\/20097.ttandemdigital.com\/media\/header-industrias-caso-exito-ikaru-meler.png\" \/>\n\t<meta property=\"og:image:width\" content=\"1920\" \/>\n\t<meta property=\"og:image:height\" content=\"780\" \/>\n\t<meta property=\"og:image:type\" content=\"image\/png\" \/>\n<meta name=\"twitter:card\" content=\"summary_large_image\" \/>\n<meta name=\"twitter:label1\" content=\"Tiempo de lectura\" \/>\n\t<meta name=\"twitter:data1\" content=\"3 minutos\" \/>\n<script type=\"application\/ld+json\" class=\"yoast-schema-graph\">{\"@context\":\"https:\/\/schema.org\",\"@graph\":[{\"@type\":\"WebPage\",\"@id\":\"https:\/\/www.meler.cn\/es\/industrias\/sistemas-hot-melt-para-el-embalaje-del-tabaco\/aplicacion-de-sellos-fiscales-con-ikarus-station\/\",\"url\":\"https:\/\/www.meler.cn\/es\/industrias\/sistemas-hot-melt-para-el-embalaje-del-tabaco\/aplicacion-de-sellos-fiscales-con-ikarus-station\/\",\"name\":\"Aplicaci\u00f3n de sellos fiscales con Ikarus Station - Meler\",\"isPartOf\":{\"@id\":\"https:\/\/www.meler.cn\/es\/#website\"},\"datePublished\":\"2023-01-04T09:45:28+00:00\",\"dateModified\":\"2023-03-06T09:52:51+00:00\",\"description\":\"Soluci\u00f3n semiautom\u00e1tica que garantiza una aplicaci\u00f3n sencilla de sellos fiscales\",\"breadcrumb\":{\"@id\":\"https:\/\/www.meler.cn\/es\/industrias\/sistemas-hot-melt-para-el-embalaje-del-tabaco\/aplicacion-de-sellos-fiscales-con-ikarus-station\/#breadcrumb\"},\"inLanguage\":\"es\",\"potentialAction\":[{\"@type\":\"ReadAction\",\"target\":[\"https:\/\/www.meler.cn\/es\/industrias\/sistemas-hot-melt-para-el-embalaje-del-tabaco\/aplicacion-de-sellos-fiscales-con-ikarus-station\/\"]}]},{\"@type\":\"BreadcrumbList\",\"@id\":\"https:\/\/www.meler.cn\/es\/industrias\/sistemas-hot-melt-para-el-embalaje-del-tabaco\/aplicacion-de-sellos-fiscales-con-ikarus-station\/#breadcrumb\",\"itemListElement\":[{\"@type\":\"ListItem\",\"position\":1,\"name\":\"Portada\",\"item\":\"https:\/\/www.meler.cn\/es\/\"},{\"@type\":\"ListItem\",\"position\":2,\"name\":\"Industrias\",\"item\":\"https:\/\/20097.ttandemdigital.com\/es\/industrias\/\"},{\"@type\":\"ListItem\",\"position\":3,\"name\":\"Sistemas hot melt para el embalaje del tabaco\",\"item\":\"https:\/\/20097.ttandemdigital.com\/es\/industrias\/sistemas-hot-melt-para-el-embalaje-del-tabaco\/\"},{\"@type\":\"ListItem\",\"position\":4,\"name\":\"Aplicaci\u00f3n de sellos fiscales con Ikarus Station\"}]},{\"@type\":\"WebSite\",\"@id\":\"https:\/\/www.meler.cn\/es\/#website\",\"url\":\"https:\/\/www.meler.cn\/es\/\",\"name\":\"Meler\",\"description\":\"Just another WordPress site\",\"potentialAction\":[{\"@type\":\"SearchAction\",\"target\":{\"@type\":\"EntryPoint\",\"urlTemplate\":\"https:\/\/www.meler.cn\/es\/?s={search_term_string}\"},\"query-input\":\"required name=search_term_string\"}],\"inLanguage\":\"es\"}]}<\/script>\n<!-- \/ Yoast SEO plugin. -->","yoast_head_json":{"title":"Aplicaci\u00f3n de sellos fiscales con Ikarus Station - Meler","description":"Soluci\u00f3n semiautom\u00e1tica que garantiza una aplicaci\u00f3n sencilla de sellos fiscales","robots":{"index":"index","follow":"follow","max-snippet":"max-snippet:-1","max-image-preview":"max-image-preview:large","max-video-preview":"max-video-preview:-1"},"canonical":"https:\/\/www.meler.cn\/es\/industrias\/sistemas-hot-melt-para-el-embalaje-del-tabaco\/aplicacion-de-sellos-fiscales-con-ikarus-station\/","og_locale":"es_ES","og_type":"article","og_title":"Aplicaci\u00f3n de sellos fiscales con Ikarus Station - Meler","og_description":"Soluci\u00f3n semiautom\u00e1tica que garantiza una aplicaci\u00f3n sencilla de sellos fiscales","og_url":"https:\/\/www.meler.cn\/es\/industrias\/sistemas-hot-melt-para-el-embalaje-del-tabaco\/aplicacion-de-sellos-fiscales-con-ikarus-station\/","og_site_name":"Meler","article_modified_time":"2023-03-06T09:52:51+00:00","og_image":[{"width":1920,"height":780,"url":"https:\/\/20097.ttandemdigital.com\/media\/header-industrias-caso-exito-ikaru-meler.png","type":"image\/png"}],"twitter_card":"summary_large_image","twitter_misc":{"Tiempo de lectura":"3 minutos"},"schema":{"@context":"https:\/\/schema.org","@graph":[{"@type":"WebPage","@id":"https:\/\/www.meler.cn\/es\/industrias\/sistemas-hot-melt-para-el-embalaje-del-tabaco\/aplicacion-de-sellos-fiscales-con-ikarus-station\/","url":"https:\/\/www.meler.cn\/es\/industrias\/sistemas-hot-melt-para-el-embalaje-del-tabaco\/aplicacion-de-sellos-fiscales-con-ikarus-station\/","name":"Aplicaci\u00f3n de sellos fiscales con Ikarus Station - Meler","isPartOf":{"@id":"https:\/\/www.meler.cn\/es\/#website"},"datePublished":"2023-01-04T09:45:28+00:00","dateModified":"2023-03-06T09:52:51+00:00","description":"Soluci\u00f3n semiautom\u00e1tica que garantiza una aplicaci\u00f3n sencilla de sellos fiscales","breadcrumb":{"@id":"https:\/\/www.meler.cn\/es\/industrias\/sistemas-hot-melt-para-el-embalaje-del-tabaco\/aplicacion-de-sellos-fiscales-con-ikarus-station\/#breadcrumb"},"inLanguage":"es","potentialAction":[{"@type":"ReadAction","target":["https:\/\/www.meler.cn\/es\/industrias\/sistemas-hot-melt-para-el-embalaje-del-tabaco\/aplicacion-de-sellos-fiscales-con-ikarus-station\/"]}]},{"@type":"BreadcrumbList","@id":"https:\/\/www.meler.cn\/es\/industrias\/sistemas-hot-melt-para-el-embalaje-del-tabaco\/aplicacion-de-sellos-fiscales-con-ikarus-station\/#breadcrumb","itemListElement":[{"@type":"ListItem","position":1,"name":"Portada","item":"https:\/\/www.meler.cn\/es\/"},{"@type":"ListItem","position":2,"name":"Industrias","item":"https:\/\/20097.ttandemdigital.com\/es\/industrias\/"},{"@type":"ListItem","position":3,"name":"Sistemas hot melt para el embalaje del tabaco","item":"https:\/\/20097.ttandemdigital.com\/es\/industrias\/sistemas-hot-melt-para-el-embalaje-del-tabaco\/"},{"@type":"ListItem","position":4,"name":"Aplicaci\u00f3n de sellos fiscales con Ikarus Station"}]},{"@type":"WebSite","@id":"https:\/\/www.meler.cn\/es\/#website","url":"https:\/\/www.meler.cn\/es\/","name":"Meler","description":"Just another WordPress site","potentialAction":[{"@type":"SearchAction","target":{"@type":"EntryPoint","urlTemplate":"https:\/\/www.meler.cn\/es\/?s={search_term_string}"},"query-input":"required name=search_term_string"}],"inLanguage":"es"}]}},"_links":{"self":[{"href":"https:\/\/www.meler.cn\/es\/wp-json\/wp\/v2\/pages\/15378"}],"collection":[{"href":"https:\/\/www.meler.cn\/es\/wp-json\/wp\/v2\/pages"}],"about":[{"href":"https:\/\/www.meler.cn\/es\/wp-json\/wp\/v2\/types\/page"}],"author":[{"embeddable":true,"href":"https:\/\/www.meler.cn\/es\/wp-json\/wp\/v2\/users\/1"}],"replies":[{"embeddable":true,"href":"https:\/\/www.meler.cn\/es\/wp-json\/wp\/v2\/comments?post=15378"}],"version-history":[{"count":17,"href":"https:\/\/www.meler.cn\/es\/wp-json\/wp\/v2\/pages\/15378\/revisions"}],"predecessor-version":[{"id":23881,"href":"https:\/\/www.meler.cn\/es\/wp-json\/wp\/v2\/pages\/15378\/revisions\/23881"}],"up":[{"embeddable":true,"href":"https:\/\/www.meler.cn\/es\/wp-json\/wp\/v2\/pages\/12024"}],"wp:featuredmedia":[{"embeddable":true,"href":"https:\/\/www.meler.cn\/es\/wp-json\/wp\/v2\/media\/17016"}],"wp:attachment":[{"href":"https:\/\/www.meler.cn\/es\/wp-json\/wp\/v2\/media?parent=15378"}],"curies":[{"name":"wp","href":"https:\/\/api.w.org\/{rel}","templated":true}]}}