




















{"id":15374,"date":"2023-01-04T09:38:29","date_gmt":"2023-01-04T09:38:29","guid":{"rendered":"https:\/\/www.meler.eu\/?page_id=15374"},"modified":"2023-02-10T15:05:00","modified_gmt":"2023-02-10T15:05:00","slug":"industrias-mas-ecologicas","status":"publish","type":"page","link":"https:\/\/www.meler.cn\/es\/industrias\/sistemas-hot-melt-para-artes-graficas\/industrias-mas-ecologicas\/","title":{"rendered":"Industrias m\u00e1s ecol\u00f3gicas"},"content":{"rendered":"<p>[vc_row show_menu_content=\u00bbyes\u00bb][vc_column row_spacing_h=\u00bbleft-spacing\u00bb width=\u00bb1\/1&#8243;][single_image image=\u00bb16311&#8243;][text]<\/p>\n<h2 class=\"style-05\">El reto<\/h2>\n<h3 class=\"style-01\">Remplazar el embalaje de pl\u00e1stico por papel<\/h3>\n<p><a href=\"https:\/\/www.mailroommachines.com\/\" target=\"_blank\" rel=\"noopener\">Mailroom Machines Ltd<\/a>, es una empresa especializada en la fabricaci\u00f3n de maquinaria para el empaquetado de documentos y env\u00edos postales. Teniendo en cuenta la evoluci\u00f3n de nuestra sociedad hacia un negocio m\u00e1s ecol\u00f3gico, MML apost\u00f3 por ofrecer soluciones de envasado en papel en sustituci\u00f3n del pl\u00e1stico.<br \/>\n[\/text][single_image image=\u00bb16301&#8243;][text]<\/p>\n<h2 class=\"style-05\">Nuestro aporte<\/h2>\n<p>Meler participa en un innovador proyecto de ingenier\u00eda para la industria del packaging que sustituye el embalaje de pl\u00e1stico por papel con excelentes resultados.<\/p>\n<h2 class=\"style-05\">El proyecto<\/h2>\n<h3 class=\"style-01\">Un sistema completo<\/h3>\n<p>La instalaci\u00f3n de Meler, compuesta por un <a href=\"https:\/\/www.meler.cn\/es\/productos\/fusores\/micron-el-fusor-disenado-para-la-industria-4-0\/\">Micron +<\/a>, un controlador de disparos <a href=\"https:\/\/www.meler.cn\/es\/productos\/controladores\/starbi\/\">StarBI<\/a>, un <a href=\"https:\/\/www.meler.cn\/es\/productos\/aplicadores\/cordon-pistolas-unificado\/\">aplicador MU<\/a> y dos mangueras, es un elemento clave dentro de esta nueva m\u00e1quina de car\u00e1cter m\u00e1s ecol\u00f3gico. El equipo de Meler ser\u00e1 el encargado de aplicar adhesivo hot melt de manera precisa y continua para ofrecer un embalaje menos perjudicial para el medio ambiente.<br \/>\nEste video representa un gran \u00e9xito de un equipo t\u00e9cnico multidisciplinar. Paul Jones junto a su equipo y <a href=\"https:\/\/www.google.com\/maps\/place\/Focke+Meler+UK\/@53.4149544,-2.6112503,17z\/data=!3m1!4b1!4m5!3m4!1s0x487b03242ad5bd87:0x1951c7d8b26a448!8m2!3d53.4149573!4d-2.6112615\" target=\"_blank\" rel=\"noopener\">Meler UK<\/a> lo han hecho posible, \u00a1Felicidades![\/text][video_youtube video_url=\u00bbhttps:\/\/www.youtube.com\/watch?v=ppV5HVIluh4&amp;feature=emb_logo\u00bb][text]<\/p>\n<h2 class=\"style-05\">Testimonio<\/h2>\n<p class=\"testimonial\"><strong>\u00abMeler fue el socio perfecto para crear junto a nosotros \u00abla nueva soluci\u00f3n para el arte de empaquetar con papel.\u00bb<br \/>\n<\/strong>Paul Jones (Gerente de Mailroom Machines Ltd )<\/p>\n<h2 class=\"style-05\">Impacto<\/h2>\n<ul class=\"style-03\">\n<li>Reconversi\u00f3n ecol\u00f3gica de la l\u00ednea de empaquetado sin gran inversi\u00f3n econ\u00f3mica<\/li>\n<li>Flexibilidad para aplicar adhesivos sobre diferentes sustratos<\/li>\n<li>Sistema compatible con distintos formatos de aplicaci\u00f3n<\/li>\n<\/ul>\n<p>[\/text][\/vc_column][\/vc_row][vc_row row_bg_color=\u00bbbg-04&#8243; row_spacing=\u00bbtop-spacing bottom-spacing-0&#8243;][vc_column width=\u00bb1\/1&#8243;][text]<\/p>\n<h2 class=\"txt-center style-01\">Nuestros productos<\/h2>\n<p class=\"txt-center\"><a class=\"button\" href=\"https:\/\/www.meler.cn\/es\/productos\/\">Ver productos<\/a><\/p>\n<p>[\/text][vc_tta_tabs][vc_tta_section title=\u00bbAplicadores\u00bb tab_id=\u00bb1672398287853-7a9cfd48-9ce4&#8243;][ttdirectory_products carousel_columns=\u00bb4&#8243; style=\u00bb1&#8243;][ttdirectory_product_applicators post_applicator=\u00bb11551&#8243;][\/ttdirectory_products][\/vc_tta_section][vc_tta_section title=\u00bbFusores\u00bb tab_id=\u00bb1672398287839-e7ca709f-fefa\u00bb][ttdirectory_products carousel_columns=\u00bb4&#8243; style=\u00bb1&#8243;][ttdirectory_product_melters post_melter=\u00bb11998&#8243;][\/ttdirectory_products][\/vc_tta_section][vc_tta_section title=\u00bbMangueras\u00bb tab_id=\u00bb1672918510236-9251d1b4-ea04&#8243;][ttdirectory_products carousel_columns=\u00bb4&#8243; style=\u00bb1&#8243;][ttdirectory_product_hoses post_hoses=\u00bb8068&#8243;][ttdirectory_product_hoses post_hoses=\u00bb8067&#8243;][\/ttdirectory_products][\/vc_tta_section][vc_tta_section title=\u00bbControladores\u00bb tab_id=\u00bb1672918535864-a01a5678-4fec\u00bb][ttdirectory_products carousel_columns=\u00bb4&#8243; style=\u00bb1&#8243;][ttdirectory_product_controllers post_controller=\u00bb12297&#8243;][\/ttdirectory_products][\/vc_tta_section][vc_tta_section title=\u00bbAccesorios\u00bb tab_id=\u00bb1672918552116-aad4cd4f-afb3&#8243;][ttdirectory_products carousel_columns=\u00bb4&#8243; style=\u00bb1&#8243;][ttdirectory_product_accessories post_accessories=\u00bb15246&#8243;][ttdirectory_product_accessories post_accessories=\u00bb15247&#8243;][\/ttdirectory_products][\/vc_tta_section][\/vc_tta_tabs][\/vc_column][\/vc_row]<\/p>\n","protected":false},"excerpt":{"rendered":"<p>[vc_row show_menu_content=\u00bbyes\u00bb][vc_column row_spacing_h=\u00bbleft-spacing\u00bb width=\u00bb1\/1&#8243;][single_image image=\u00bb16311&#8243;][text] El reto Remplazar el embalaje de pl\u00e1stico por papel Mailroom Machines Ltd, es una empresa especializada en la fabricaci\u00f3n de maquinaria para el empaquetado de documentos y env\u00edos postales. Teniendo en cuenta la evoluci\u00f3n de nuestra sociedad hacia un negocio m\u00e1s ecol\u00f3gico, MML apost\u00f3 por ofrecer soluciones de envasado en [&hellip;]<\/p>\n","protected":false},"author":1,"featured_media":16306,"parent":12022,"menu_order":191,"comment_status":"closed","ping_status":"closed","template":"","meta":[],"yoast_head":"<!-- This site is optimized with the Yoast SEO plugin v20.3 - https:\/\/yoast.com\/wordpress\/plugins\/seo\/ -->\n<title>Industrias m\u00e1s ecol\u00f3gicas - Meler<\/title>\n<meta name=\"robots\" content=\"index, follow, max-snippet:-1, max-image-preview:large, max-video-preview:-1\" \/>\n<link rel=\"canonical\" href=\"https:\/\/www.meler.cn\/es\/industrias\/sistemas-hot-melt-para-artes-graficas\/industrias-mas-ecologicas\/\" \/>\n<meta property=\"og:locale\" content=\"es_ES\" \/>\n<meta property=\"og:type\" content=\"article\" \/>\n<meta property=\"og:title\" content=\"Industrias m\u00e1s ecol\u00f3gicas - Meler\" \/>\n<meta property=\"og:description\" content=\"[vc_row show_menu_content=\u00bbyes\u00bb][vc_column row_spacing_h=\u00bbleft-spacing\u00bb width=\u00bb1\/1&#8243;][single_image image=\u00bb16311&#8243;][text] El reto Remplazar el embalaje de pl\u00e1stico por papel Mailroom Machines Ltd, es una empresa especializada en la fabricaci\u00f3n de maquinaria para el empaquetado de documentos y env\u00edos postales. Teniendo en cuenta la evoluci\u00f3n de nuestra sociedad hacia un negocio m\u00e1s ecol\u00f3gico, MML apost\u00f3 por ofrecer soluciones de envasado en [&hellip;]\" \/>\n<meta property=\"og:url\" content=\"https:\/\/www.meler.cn\/es\/industrias\/sistemas-hot-melt-para-artes-graficas\/industrias-mas-ecologicas\/\" \/>\n<meta property=\"og:site_name\" content=\"Meler\" \/>\n<meta property=\"article:modified_time\" content=\"2023-02-10T15:05:00+00:00\" \/>\n<meta property=\"og:image\" content=\"https:\/\/20097.ttandemdigital.com\/media\/header-industrias-caso-exito-industrias-eco-meler.png\" \/>\n\t<meta property=\"og:image:width\" content=\"1920\" \/>\n\t<meta property=\"og:image:height\" content=\"780\" \/>\n\t<meta property=\"og:image:type\" content=\"image\/png\" \/>\n<meta name=\"twitter:card\" content=\"summary_large_image\" \/>\n<meta name=\"twitter:label1\" content=\"Tiempo de lectura\" \/>\n\t<meta name=\"twitter:data1\" content=\"2 minutos\" \/>\n<script type=\"application\/ld+json\" class=\"yoast-schema-graph\">{\"@context\":\"https:\/\/schema.org\",\"@graph\":[{\"@type\":\"WebPage\",\"@id\":\"https:\/\/www.meler.cn\/es\/industrias\/sistemas-hot-melt-para-artes-graficas\/industrias-mas-ecologicas\/\",\"url\":\"https:\/\/www.meler.cn\/es\/industrias\/sistemas-hot-melt-para-artes-graficas\/industrias-mas-ecologicas\/\",\"name\":\"Industrias m\u00e1s ecol\u00f3gicas - Meler\",\"isPartOf\":{\"@id\":\"https:\/\/www.meler.cn\/es\/#website\"},\"datePublished\":\"2023-01-04T09:38:29+00:00\",\"dateModified\":\"2023-02-10T15:05:00+00:00\",\"breadcrumb\":{\"@id\":\"https:\/\/www.meler.cn\/es\/industrias\/sistemas-hot-melt-para-artes-graficas\/industrias-mas-ecologicas\/#breadcrumb\"},\"inLanguage\":\"es\",\"potentialAction\":[{\"@type\":\"ReadAction\",\"target\":[\"https:\/\/www.meler.cn\/es\/industrias\/sistemas-hot-melt-para-artes-graficas\/industrias-mas-ecologicas\/\"]}]},{\"@type\":\"BreadcrumbList\",\"@id\":\"https:\/\/www.meler.cn\/es\/industrias\/sistemas-hot-melt-para-artes-graficas\/industrias-mas-ecologicas\/#breadcrumb\",\"itemListElement\":[{\"@type\":\"ListItem\",\"position\":1,\"name\":\"Portada\",\"item\":\"https:\/\/www.meler.cn\/es\/\"},{\"@type\":\"ListItem\",\"position\":2,\"name\":\"Industrias\",\"item\":\"https:\/\/20097.ttandemdigital.com\/es\/industrias\/\"},{\"@type\":\"ListItem\",\"position\":3,\"name\":\"Sistemas hot melt para artes gr\u00e1ficas\",\"item\":\"https:\/\/20097.ttandemdigital.com\/es\/industrias\/sistemas-hot-melt-para-artes-graficas\/\"},{\"@type\":\"ListItem\",\"position\":4,\"name\":\"Industrias m\u00e1s ecol\u00f3gicas\"}]},{\"@type\":\"WebSite\",\"@id\":\"https:\/\/www.meler.cn\/es\/#website\",\"url\":\"https:\/\/www.meler.cn\/es\/\",\"name\":\"Meler\",\"description\":\"Just another WordPress site\",\"potentialAction\":[{\"@type\":\"SearchAction\",\"target\":{\"@type\":\"EntryPoint\",\"urlTemplate\":\"https:\/\/www.meler.cn\/es\/?s={search_term_string}\"},\"query-input\":\"required name=search_term_string\"}],\"inLanguage\":\"es\"}]}<\/script>\n<!-- \/ Yoast SEO plugin. -->","yoast_head_json":{"title":"Industrias m\u00e1s ecol\u00f3gicas - Meler","robots":{"index":"index","follow":"follow","max-snippet":"max-snippet:-1","max-image-preview":"max-image-preview:large","max-video-preview":"max-video-preview:-1"},"canonical":"https:\/\/www.meler.cn\/es\/industrias\/sistemas-hot-melt-para-artes-graficas\/industrias-mas-ecologicas\/","og_locale":"es_ES","og_type":"article","og_title":"Industrias m\u00e1s ecol\u00f3gicas - Meler","og_description":"[vc_row show_menu_content=\u00bbyes\u00bb][vc_column row_spacing_h=\u00bbleft-spacing\u00bb width=\u00bb1\/1&#8243;][single_image image=\u00bb16311&#8243;][text] El reto Remplazar el embalaje de pl\u00e1stico por papel Mailroom Machines Ltd, es una empresa especializada en la fabricaci\u00f3n de maquinaria para el empaquetado de documentos y env\u00edos postales. Teniendo en cuenta la evoluci\u00f3n de nuestra sociedad hacia un negocio m\u00e1s ecol\u00f3gico, MML apost\u00f3 por ofrecer soluciones de envasado en [&hellip;]","og_url":"https:\/\/www.meler.cn\/es\/industrias\/sistemas-hot-melt-para-artes-graficas\/industrias-mas-ecologicas\/","og_site_name":"Meler","article_modified_time":"2023-02-10T15:05:00+00:00","og_image":[{"width":1920,"height":780,"url":"https:\/\/20097.ttandemdigital.com\/media\/header-industrias-caso-exito-industrias-eco-meler.png","type":"image\/png"}],"twitter_card":"summary_large_image","twitter_misc":{"Tiempo de lectura":"2 minutos"},"schema":{"@context":"https:\/\/schema.org","@graph":[{"@type":"WebPage","@id":"https:\/\/www.meler.cn\/es\/industrias\/sistemas-hot-melt-para-artes-graficas\/industrias-mas-ecologicas\/","url":"https:\/\/www.meler.cn\/es\/industrias\/sistemas-hot-melt-para-artes-graficas\/industrias-mas-ecologicas\/","name":"Industrias m\u00e1s ecol\u00f3gicas - Meler","isPartOf":{"@id":"https:\/\/www.meler.cn\/es\/#website"},"datePublished":"2023-01-04T09:38:29+00:00","dateModified":"2023-02-10T15:05:00+00:00","breadcrumb":{"@id":"https:\/\/www.meler.cn\/es\/industrias\/sistemas-hot-melt-para-artes-graficas\/industrias-mas-ecologicas\/#breadcrumb"},"inLanguage":"es","potentialAction":[{"@type":"ReadAction","target":["https:\/\/www.meler.cn\/es\/industrias\/sistemas-hot-melt-para-artes-graficas\/industrias-mas-ecologicas\/"]}]},{"@type":"BreadcrumbList","@id":"https:\/\/www.meler.cn\/es\/industrias\/sistemas-hot-melt-para-artes-graficas\/industrias-mas-ecologicas\/#breadcrumb","itemListElement":[{"@type":"ListItem","position":1,"name":"Portada","item":"https:\/\/www.meler.cn\/es\/"},{"@type":"ListItem","position":2,"name":"Industrias","item":"https:\/\/20097.ttandemdigital.com\/es\/industrias\/"},{"@type":"ListItem","position":3,"name":"Sistemas hot melt para artes gr\u00e1ficas","item":"https:\/\/20097.ttandemdigital.com\/es\/industrias\/sistemas-hot-melt-para-artes-graficas\/"},{"@type":"ListItem","position":4,"name":"Industrias m\u00e1s ecol\u00f3gicas"}]},{"@type":"WebSite","@id":"https:\/\/www.meler.cn\/es\/#website","url":"https:\/\/www.meler.cn\/es\/","name":"Meler","description":"Just another WordPress site","potentialAction":[{"@type":"SearchAction","target":{"@type":"EntryPoint","urlTemplate":"https:\/\/www.meler.cn\/es\/?s={search_term_string}"},"query-input":"required name=search_term_string"}],"inLanguage":"es"}]}},"_links":{"self":[{"href":"https:\/\/www.meler.cn\/es\/wp-json\/wp\/v2\/pages\/15374"}],"collection":[{"href":"https:\/\/www.meler.cn\/es\/wp-json\/wp\/v2\/pages"}],"about":[{"href":"https:\/\/www.meler.cn\/es\/wp-json\/wp\/v2\/types\/page"}],"author":[{"embeddable":true,"href":"https:\/\/www.meler.cn\/es\/wp-json\/wp\/v2\/users\/1"}],"replies":[{"embeddable":true,"href":"https:\/\/www.meler.cn\/es\/wp-json\/wp\/v2\/comments?post=15374"}],"version-history":[{"count":15,"href":"https:\/\/www.meler.cn\/es\/wp-json\/wp\/v2\/pages\/15374\/revisions"}],"predecessor-version":[{"id":18976,"href":"https:\/\/www.meler.cn\/es\/wp-json\/wp\/v2\/pages\/15374\/revisions\/18976"}],"up":[{"embeddable":true,"href":"https:\/\/www.meler.cn\/es\/wp-json\/wp\/v2\/pages\/12022"}],"wp:featuredmedia":[{"embeddable":true,"href":"https:\/\/www.meler.cn\/es\/wp-json\/wp\/v2\/media\/16306"}],"wp:attachment":[{"href":"https:\/\/www.meler.cn\/es\/wp-json\/wp\/v2\/media?parent=15374"}],"curies":[{"name":"wp","href":"https:\/\/api.w.org\/{rel}","templated":true}]}}