




















{"id":15371,"date":"2023-01-04T09:37:12","date_gmt":"2023-01-04T09:37:12","guid":{"rendered":"https:\/\/www.meler.eu\/?page_id=15371"},"modified":"2023-02-10T15:04:52","modified_gmt":"2023-02-10T15:04:52","slug":"nuevo-equipamiento-hot-melt-para-mejorar-la-productividad","status":"publish","type":"page","link":"https:\/\/www.meler.cn\/es\/industrias\/ensamblaje-de-productos-con-hot-melt\/nuevo-equipamiento-hot-melt-para-mejorar-la-productividad\/","title":{"rendered":"Nuevo equipamiento hot melt para mejorar la productividad"},"content":{"rendered":"<p>[vc_row show_menu_content=\u00bbyes\u00bb][vc_column row_spacing_h=\u00bbleft-spacing\u00bb width=\u00bb1\/1&#8243;][single_image image=\u00bb14996&#8243;][text]<\/p>\n<h2 class=\"style-05\">El reto<\/h2>\n<h3 class=\"style-01\">Las soluciones personalizadas de Molygran<\/h3>\n<p><a href=\"https:\/\/www.molygran.com\/\" target=\"_blank\" rel=\"noopener\">Molygran<\/a> es una empresa especializada en la creaci\u00f3n de productos de embalaje de poliestireno. Utilizan grandes piezas de material que cortan a medida y que ensamblan manualmente para crear soluciones personalizadas. En este proceso la velocidad y la consistencia de la uni\u00f3n son esenciales; pero existe otra variable esencial para Molygran, la flexibilidad. Cada pedido es diferente y los procesos productivos deben adaptarse a esta personalizaci\u00f3n.<\/p>\n<h2 class=\"style-05\">Nuestro aporte<\/h2>\n<h3 class=\"style-01\">\u00bfC\u00f3mo mejorar la productividad en la industria de ensamblaje?<\/h3>\n<p>Meler trabaja desde hace d\u00e9cadas como proveedor de <a href=\"#\">soluciones de adhesivado para el sector del ensamblaje<\/a> ofreciendo maquinaria adaptada a las necesidades de cada cliente y de cada fabricaci\u00f3n. La industria del calzado o los sectores de la cosm\u00e9tica y la electr\u00f3nica utilizan sistemas de aplicaci\u00f3n de adhesivos como parte esencial de sus procesos productivos.<\/p>\n<h2 class=\"style-05\">El proyecto<\/h2>\n<h3 class=\"style-01\">Un equipo hot melt para mejorar la productividad<\/h3>\n<p>Teniendo en cuenta este punto de partida, Meler plante\u00f3 una renovaci\u00f3n del equipamiento para aplicaci\u00f3n de adhesivos hot melt que inclu\u00eda un fusor m\u00e1s r\u00e1pido y un aplicador muy vers\u00e1til, capaz de dosificar el adhesivo en forma de cord\u00f3n o espirolado.<\/p>\n<p>&nbsp;<\/p>\n<p>[\/text][video_youtube video_url=\u00bbhttps:\/\/www.youtube.com\/watch?v=PsrBhzL5wss\u00bb][text]<\/p>\n<h2 class=\"style-05\">Testimonio<\/h2>\n<p class=\"testimonial\"><strong>\u201cEl nuevo sistema funciona muy bien, podr\u00edamos adquirir dos o tres nuevas m\u00e1quinas de este tipo muy pronto si aumenta nuestra producci\u00f3n\u201d.<br \/>\n<\/strong>Keith Fairhurst, Molygran Managing Director<\/p>\n<h2 class=\"style-05\">Impacto<\/h2>\n<ul class=\"style-03\">\n<li>Mayor flexibilidad en el proceso productivo<\/li>\n<li>Mejora de la ergonom\u00eda del operario<\/li>\n<li>Relaci\u00f3n cliente-proveedor reforzada<\/li>\n<\/ul>\n<p>[\/text][\/vc_column][\/vc_row][vc_row row_bg_color=\u00bbbg-04&#8243; row_spacing=\u00bbtop-spacing bottom-spacing\u00bb][vc_column width=\u00bb1\/1&#8243;][text]<\/p>\n<h2 class=\"txt-center style-01\">Nuestros productos<\/h2>\n<p class=\"txt-center\"><a class=\"button\" href=\"https:\/\/www.meler.cn\/es\/productos\/\">Ver productos<\/a><\/p>\n<p>[\/text][vc_tta_tabs active_section=\u00bb1&#8243; css=\u00bb.vc_custom_1675179663479{padding-top: 60px !important;}\u00bb][vc_tta_section title=\u00bbAplicadores\u00bb tab_id=\u00bb1672850567436-3e59e318-552d\u00bb][ttdirectory_products carousel_columns=\u00bb4&#8243; style=\u00bb1&#8243;][ttdirectory_product_applicators post_applicator=\u00bb15438&#8243;][\/ttdirectory_products][\/vc_tta_section][vc_tta_section title=\u00bbFusores\u00bb tab_id=\u00bb1672398287839-e7ca709f-fefa\u00bb][ttdirectory_products carousel_columns=\u00bb4&#8243; style=\u00bb1&#8243;][ttdirectory_product_melters post_melter=\u00bb12026&#8243;][ttdirectory_product_melters post_melter=\u00bb12707&#8243;][ttdirectory_product_melters post_melter=\u00bb15427&#8243;][\/ttdirectory_products][\/vc_tta_section][vc_tta_section title=\u00bbMangueras\u00bb tab_id=\u00bb1672398287853-7a9cfd48-9ce4&#8243;][ttdirectory_products carousel_columns=\u00bb4&#8243; style=\u00bb1&#8243;][ttdirectory_product_hoses post_hoses=\u00bb8069&#8243;][ttdirectory_product_hoses post_hoses=\u00bb8068&#8243;][ttdirectory_product_hoses post_hoses=\u00bb8071&#8243;][\/ttdirectory_products][\/vc_tta_section][vc_tta_section title=\u00bbControladores\u00bb tab_id=\u00bb1672850589776-0ed467ca-00b4&#8243;][ttdirectory_products carousel_columns=\u00bb4&#8243; style=\u00bb1&#8243;][ttdirectory_product_controllers post_controller=\u00bb12297&#8243;][ttdirectory_product_controllers post_controller=\u00bb15244&#8243;][\/ttdirectory_products][\/vc_tta_section][vc_tta_section title=\u00bbAccesorios\u00bb tab_id=\u00bb1672850603274-02fd0ac1-4bce\u00bb][ttdirectory_products carousel_columns=\u00bb4&#8243; style=\u00bb1&#8243;][ttdirectory_product_accessories post_accessories=\u00bb15246&#8243;][ttdirectory_product_accessories post_accessories=\u00bb15247&#8243;][\/ttdirectory_products][\/vc_tta_section][\/vc_tta_tabs][\/vc_column][\/vc_row]<\/p>\n","protected":false},"excerpt":{"rendered":"<p>[vc_row show_menu_content=\u00bbyes\u00bb][vc_column row_spacing_h=\u00bbleft-spacing\u00bb width=\u00bb1\/1&#8243;][single_image image=\u00bb14996&#8243;][text] El reto Las soluciones personalizadas de Molygran Molygran es una empresa especializada en la creaci\u00f3n de productos de embalaje de poliestireno. Utilizan grandes piezas de material que cortan a medida y que ensamblan manualmente para crear soluciones personalizadas. En este proceso la velocidad y la consistencia de la uni\u00f3n son [&hellip;]<\/p>\n","protected":false},"author":1,"featured_media":15001,"parent":12020,"menu_order":179,"comment_status":"closed","ping_status":"closed","template":"","meta":[],"yoast_head":"<!-- This site is optimized with the Yoast SEO plugin v20.3 - https:\/\/yoast.com\/wordpress\/plugins\/seo\/ -->\n<title>Nuevo equipamiento hot melt para mejorar la productividad - Meler<\/title>\n<meta name=\"robots\" content=\"index, follow, max-snippet:-1, max-image-preview:large, max-video-preview:-1\" \/>\n<link rel=\"canonical\" href=\"https:\/\/www.meler.cn\/es\/industrias\/ensamblaje-de-productos-con-hot-melt\/nuevo-equipamiento-hot-melt-para-mejorar-la-productividad\/\" \/>\n<meta property=\"og:locale\" content=\"es_ES\" \/>\n<meta property=\"og:type\" content=\"article\" \/>\n<meta property=\"og:title\" content=\"Nuevo equipamiento hot melt para mejorar la productividad - Meler\" \/>\n<meta property=\"og:description\" content=\"[vc_row show_menu_content=\u00bbyes\u00bb][vc_column row_spacing_h=\u00bbleft-spacing\u00bb width=\u00bb1\/1&#8243;][single_image image=\u00bb14996&#8243;][text] El reto Las soluciones personalizadas de Molygran Molygran es una empresa especializada en la creaci\u00f3n de productos de embalaje de poliestireno. Utilizan grandes piezas de material que cortan a medida y que ensamblan manualmente para crear soluciones personalizadas. En este proceso la velocidad y la consistencia de la uni\u00f3n son [&hellip;]\" \/>\n<meta property=\"og:url\" content=\"https:\/\/www.meler.cn\/es\/industrias\/ensamblaje-de-productos-con-hot-melt\/nuevo-equipamiento-hot-melt-para-mejorar-la-productividad\/\" \/>\n<meta property=\"og:site_name\" content=\"Meler\" \/>\n<meta property=\"article:modified_time\" content=\"2023-02-10T15:04:52+00:00\" \/>\n<meta property=\"og:image\" content=\"https:\/\/20097.ttandemdigital.com\/media\/header-industrias-caso-exito-Molygran-meler.png\" \/>\n\t<meta property=\"og:image:width\" content=\"1920\" \/>\n\t<meta property=\"og:image:height\" content=\"780\" \/>\n\t<meta property=\"og:image:type\" content=\"image\/png\" \/>\n<meta name=\"twitter:card\" content=\"summary_large_image\" \/>\n<meta name=\"twitter:label1\" content=\"Tiempo de lectura\" \/>\n\t<meta name=\"twitter:data1\" content=\"2 minutos\" \/>\n<script type=\"application\/ld+json\" class=\"yoast-schema-graph\">{\"@context\":\"https:\/\/schema.org\",\"@graph\":[{\"@type\":\"WebPage\",\"@id\":\"https:\/\/www.meler.cn\/es\/industrias\/ensamblaje-de-productos-con-hot-melt\/nuevo-equipamiento-hot-melt-para-mejorar-la-productividad\/\",\"url\":\"https:\/\/www.meler.cn\/es\/industrias\/ensamblaje-de-productos-con-hot-melt\/nuevo-equipamiento-hot-melt-para-mejorar-la-productividad\/\",\"name\":\"Nuevo equipamiento hot melt para mejorar la productividad - Meler\",\"isPartOf\":{\"@id\":\"https:\/\/www.meler.cn\/es\/#website\"},\"datePublished\":\"2023-01-04T09:37:12+00:00\",\"dateModified\":\"2023-02-10T15:04:52+00:00\",\"breadcrumb\":{\"@id\":\"https:\/\/www.meler.cn\/es\/industrias\/ensamblaje-de-productos-con-hot-melt\/nuevo-equipamiento-hot-melt-para-mejorar-la-productividad\/#breadcrumb\"},\"inLanguage\":\"es\",\"potentialAction\":[{\"@type\":\"ReadAction\",\"target\":[\"https:\/\/www.meler.cn\/es\/industrias\/ensamblaje-de-productos-con-hot-melt\/nuevo-equipamiento-hot-melt-para-mejorar-la-productividad\/\"]}]},{\"@type\":\"BreadcrumbList\",\"@id\":\"https:\/\/www.meler.cn\/es\/industrias\/ensamblaje-de-productos-con-hot-melt\/nuevo-equipamiento-hot-melt-para-mejorar-la-productividad\/#breadcrumb\",\"itemListElement\":[{\"@type\":\"ListItem\",\"position\":1,\"name\":\"Portada\",\"item\":\"https:\/\/www.meler.cn\/es\/\"},{\"@type\":\"ListItem\",\"position\":2,\"name\":\"Industrias\",\"item\":\"https:\/\/20097.ttandemdigital.com\/es\/industrias\/\"},{\"@type\":\"ListItem\",\"position\":3,\"name\":\"Ensamblaje de productos con hot melt\",\"item\":\"https:\/\/20097.ttandemdigital.com\/es\/industrias\/ensamblaje-de-productos-con-hot-melt\/\"},{\"@type\":\"ListItem\",\"position\":4,\"name\":\"Nuevo equipamiento hot melt para mejorar la productividad\"}]},{\"@type\":\"WebSite\",\"@id\":\"https:\/\/www.meler.cn\/es\/#website\",\"url\":\"https:\/\/www.meler.cn\/es\/\",\"name\":\"Meler\",\"description\":\"Just another WordPress site\",\"potentialAction\":[{\"@type\":\"SearchAction\",\"target\":{\"@type\":\"EntryPoint\",\"urlTemplate\":\"https:\/\/www.meler.cn\/es\/?s={search_term_string}\"},\"query-input\":\"required name=search_term_string\"}],\"inLanguage\":\"es\"}]}<\/script>\n<!-- \/ Yoast SEO plugin. -->","yoast_head_json":{"title":"Nuevo equipamiento hot melt para mejorar la productividad - Meler","robots":{"index":"index","follow":"follow","max-snippet":"max-snippet:-1","max-image-preview":"max-image-preview:large","max-video-preview":"max-video-preview:-1"},"canonical":"https:\/\/www.meler.cn\/es\/industrias\/ensamblaje-de-productos-con-hot-melt\/nuevo-equipamiento-hot-melt-para-mejorar-la-productividad\/","og_locale":"es_ES","og_type":"article","og_title":"Nuevo equipamiento hot melt para mejorar la productividad - Meler","og_description":"[vc_row show_menu_content=\u00bbyes\u00bb][vc_column row_spacing_h=\u00bbleft-spacing\u00bb width=\u00bb1\/1&#8243;][single_image image=\u00bb14996&#8243;][text] El reto Las soluciones personalizadas de Molygran Molygran es una empresa especializada en la creaci\u00f3n de productos de embalaje de poliestireno. Utilizan grandes piezas de material que cortan a medida y que ensamblan manualmente para crear soluciones personalizadas. En este proceso la velocidad y la consistencia de la uni\u00f3n son [&hellip;]","og_url":"https:\/\/www.meler.cn\/es\/industrias\/ensamblaje-de-productos-con-hot-melt\/nuevo-equipamiento-hot-melt-para-mejorar-la-productividad\/","og_site_name":"Meler","article_modified_time":"2023-02-10T15:04:52+00:00","og_image":[{"width":1920,"height":780,"url":"https:\/\/20097.ttandemdigital.com\/media\/header-industrias-caso-exito-Molygran-meler.png","type":"image\/png"}],"twitter_card":"summary_large_image","twitter_misc":{"Tiempo de lectura":"2 minutos"},"schema":{"@context":"https:\/\/schema.org","@graph":[{"@type":"WebPage","@id":"https:\/\/www.meler.cn\/es\/industrias\/ensamblaje-de-productos-con-hot-melt\/nuevo-equipamiento-hot-melt-para-mejorar-la-productividad\/","url":"https:\/\/www.meler.cn\/es\/industrias\/ensamblaje-de-productos-con-hot-melt\/nuevo-equipamiento-hot-melt-para-mejorar-la-productividad\/","name":"Nuevo equipamiento hot melt para mejorar la productividad - Meler","isPartOf":{"@id":"https:\/\/www.meler.cn\/es\/#website"},"datePublished":"2023-01-04T09:37:12+00:00","dateModified":"2023-02-10T15:04:52+00:00","breadcrumb":{"@id":"https:\/\/www.meler.cn\/es\/industrias\/ensamblaje-de-productos-con-hot-melt\/nuevo-equipamiento-hot-melt-para-mejorar-la-productividad\/#breadcrumb"},"inLanguage":"es","potentialAction":[{"@type":"ReadAction","target":["https:\/\/www.meler.cn\/es\/industrias\/ensamblaje-de-productos-con-hot-melt\/nuevo-equipamiento-hot-melt-para-mejorar-la-productividad\/"]}]},{"@type":"BreadcrumbList","@id":"https:\/\/www.meler.cn\/es\/industrias\/ensamblaje-de-productos-con-hot-melt\/nuevo-equipamiento-hot-melt-para-mejorar-la-productividad\/#breadcrumb","itemListElement":[{"@type":"ListItem","position":1,"name":"Portada","item":"https:\/\/www.meler.cn\/es\/"},{"@type":"ListItem","position":2,"name":"Industrias","item":"https:\/\/20097.ttandemdigital.com\/es\/industrias\/"},{"@type":"ListItem","position":3,"name":"Ensamblaje de productos con hot melt","item":"https:\/\/20097.ttandemdigital.com\/es\/industrias\/ensamblaje-de-productos-con-hot-melt\/"},{"@type":"ListItem","position":4,"name":"Nuevo equipamiento hot melt para mejorar la productividad"}]},{"@type":"WebSite","@id":"https:\/\/www.meler.cn\/es\/#website","url":"https:\/\/www.meler.cn\/es\/","name":"Meler","description":"Just another WordPress site","potentialAction":[{"@type":"SearchAction","target":{"@type":"EntryPoint","urlTemplate":"https:\/\/www.meler.cn\/es\/?s={search_term_string}"},"query-input":"required name=search_term_string"}],"inLanguage":"es"}]}},"_links":{"self":[{"href":"https:\/\/www.meler.cn\/es\/wp-json\/wp\/v2\/pages\/15371"}],"collection":[{"href":"https:\/\/www.meler.cn\/es\/wp-json\/wp\/v2\/pages"}],"about":[{"href":"https:\/\/www.meler.cn\/es\/wp-json\/wp\/v2\/types\/page"}],"author":[{"embeddable":true,"href":"https:\/\/www.meler.cn\/es\/wp-json\/wp\/v2\/users\/1"}],"replies":[{"embeddable":true,"href":"https:\/\/www.meler.cn\/es\/wp-json\/wp\/v2\/comments?post=15371"}],"version-history":[{"count":12,"href":"https:\/\/www.meler.cn\/es\/wp-json\/wp\/v2\/pages\/15371\/revisions"}],"predecessor-version":[{"id":20525,"href":"https:\/\/www.meler.cn\/es\/wp-json\/wp\/v2\/pages\/15371\/revisions\/20525"}],"up":[{"embeddable":true,"href":"https:\/\/www.meler.cn\/es\/wp-json\/wp\/v2\/pages\/12020"}],"wp:featuredmedia":[{"embeddable":true,"href":"https:\/\/www.meler.cn\/es\/wp-json\/wp\/v2\/media\/15001"}],"wp:attachment":[{"href":"https:\/\/www.meler.cn\/es\/wp-json\/wp\/v2\/media?parent=15371"}],"curies":[{"name":"wp","href":"https:\/\/api.w.org\/{rel}","templated":true}]}}