




















{"id":15366,"date":"2023-01-04T09:35:32","date_gmt":"2023-01-04T09:35:32","guid":{"rendered":"https:\/\/www.meler.eu\/?page_id=15366"},"modified":"2023-03-16T15:53:54","modified_gmt":"2023-03-16T15:53:54","slug":"optimizar-el-laminado-de-cantos-con-adhesivos-reactivos","status":"publish","type":"page","link":"https:\/\/www.meler.cn\/es\/industrias\/madera-y-mobiliario\/optimizar-el-laminado-de-cantos-con-adhesivos-reactivos\/","title":{"rendered":"Optimizar el laminado de cantos con adhesivos reactivos"},"content":{"rendered":"<p>[vc_row show_menu_content=\u00bbyes\u00bb][vc_column row_spacing_h=\u00bbleft-spacing\u00bb width=\u00bb1\/1&#8243;][single_image image=\u00bb14755&#8243;][text]<\/p>\n<h2 class=\"style-05\">El reto<\/h2>\n<h3 class=\"style-01\">Optimizar el laminado de cantos con adhesivos PUR<\/h3>\n<p>JJ Cocinas, experto en la fabricaci\u00f3n de muebles de cocina desde hace varias generaciones, inicia un cambio productivo en una de sus l\u00edneas de fabricaci\u00f3n dedicada a la laminaci\u00f3n de cantos confiado en el equipo de Meler.[\/text][single_image image=\u00bb14760&#8243; image_spacing=\u00bbtop-spacing-med bottom-spacing-0&#8243;][text]<\/p>\n<h2 class=\"style-05\">Nuestro aporte<\/h2>\n<h3 class=\"style-01\">La integraci\u00f3n de un sistema de laminaci\u00f3n con aplicador de cantos<\/h3>\n<p>Ahora se apuesta por el mueble de calidad y por la mejora de procesos. Y es en este punto, en el que interviene Meler: \u201cEl gran conocimiento del equipo t\u00e9cnico de Meler en el uso de adhesivos estructurales ha servido para mejorar las pautas de trabajo\u201d.<\/p>\n<p>Jos\u00e9 Miguel Casado, t\u00e9cnico de Focke Meler especializado en el uso de poliuretanos reactivos en la industria, explica: \u201cLos PUR actuales mejoran la productividad y garantizan la calidad del producto final incluso en las exportaciones, sin embargo; plantean nuevos retos para nuestros clientes ya que su uso supone un cambio productivo. Para evitar las reticulaciones de adhesivo, deben cambiar los procesos de limpieza y mantenimiento, adem\u00e1s el control de la temperatura debe ser m\u00e1s preciso. Por eso, nuestra labor t\u00e9cnica es esencial.[\/text][video_youtube video_url=\u00bbhttps:\/\/www.youtube.com\/watch?v=W20c3Tl8GdY&amp;t=1s\u00bb][text]<\/p>\n<h2 class=\"style-05\">El proyecto (duraci\u00f3n, destino, sector)<\/h2>\n<h3 class=\"style-01\">Las ventajas productivas aportadas por el sistema de laminaci\u00f3n<\/h3>\n<p>Aunque las aplicaciones son similares, cada instalaci\u00f3n es \u00fanica y nuestros clientes han dise\u00f1ado sus propios procesos productivos lo que hace imprescindible una atenci\u00f3n personalizada y profesional.<\/p>\n<p>Jes\u00fas de Abajo, gerente de JJCocinas, explica cu\u00e1les son las ventajas productivas que le ha aportado el sistema de laminaci\u00f3n con <a href=\"#\">aplicador de cantos<\/a> frente al uso del sistema de rodillos.<\/p>\n<h2 class=\"style-05\">Testimonio<\/h2>\n<p class=\"testimonial\"><strong>\u00abCuando empiezas un proyecto de cambio de tu producci\u00f3n, es importante saber que est\u00e1 detr\u00e1s una empresa que te va a respaldar.\u00bb<br \/>\n<\/strong>Jes\u00fas de Abajo (Gerente de JJCocinas)<\/p>\n<h2 class=\"style-05\">Impacto<\/h2>\n<ul class=\"style-03\">\n<li>Aumento de la calidad del producto final<\/li>\n<li>Aumento de la productividad<\/li>\n<li>Aumento de la competitividad del negocio<\/li>\n<\/ul>\n<p>[\/text][\/vc_column][\/vc_row][vc_row row_layout=\u00bbfull\u00bb][vc_column width=\u00bb1\/1&#8243;][ttdirectory_gallery carousel_columns=\u00bb4&#8243; gallery_type=\u00bbstyle-01&#8243; gallery_carousel=\u00bbslide\u00bb][single_image image=\u00bb14770&#8243;][single_image image=\u00bb14715&#8243;][single_image image=\u00bb14720&#8243;][single_image image=\u00bb14725&#8243;][single_image image=\u00bb14730&#8243;][single_image image=\u00bb14735&#8243;][single_image image=\u00bb11067&#8243;][single_image image=\u00bb14745&#8243;][\/ttdirectory_gallery][\/vc_column][\/vc_row][vc_row row_bg_color=\u00bbbg-04&#8243; row_spacing=\u00bbtop-spacing bottom-spacing-0&#8243;][vc_column width=\u00bb1\/1&#8243;][text]<\/p>\n<h2 class=\"txt-center style-01\">Nuestros productos<\/h2>\n<p>[\/text][vc_tta_tabs][vc_tta_section title=\u00bbAplicadores\u00bb tab_id=\u00bb1672398287853-7a9cfd48-9ce4&#8243;][ttdirectory_products carousel_columns=\u00bb4&#8243; style=\u00bb1&#8243;][ttdirectory_product_applicators post_applicator=\u00bb15476&#8243;][ttdirectory_product_applicators post_applicator=\u00bb15435&#8243;][ttdirectory_product_applicators post_applicator=\u00bb15440&#8243;][\/ttdirectory_products][\/vc_tta_section][vc_tta_section title=\u00bbFusores\u00bb tab_id=\u00bb1672398287839-e7ca709f-fefa\u00bb][ttdirectory_products carousel_columns=\u00bb4&#8243; style=\u00bb1&#8243;][ttdirectory_product_melters post_melter=\u00bb12762&#8243;][ttdirectory_product_melters post_melter=\u00bb12255&#8243;][ttdirectory_product_melters post_melter=\u00bb15119&#8243;][\/ttdirectory_products][\/vc_tta_section][vc_tta_section title=\u00bbMangueras\u00bb tab_id=\u00bb1672846711717-70806b95-a42b\u00bb][ttdirectory_products carousel_columns=\u00bb4&#8243; style=\u00bb1&#8243;][ttdirectory_product_hoses post_hoses=\u00bb8068&#8243;][ttdirectory_product_hoses post_hoses=\u00bb8072&#8243;][\/ttdirectory_products][\/vc_tta_section][vc_tta_section title=\u00bbControladores\u00bb tab_id=\u00bb1672846727459-c551c768-260b\u00bb][ttdirectory_products carousel_columns=\u00bb4&#8243; style=\u00bb1&#8243;][ttdirectory_product_controllers post_controller=\u00bb12297&#8243;][\/ttdirectory_products][\/vc_tta_section][vc_tta_section title=\u00bbAccesorios\u00bb tab_id=\u00bb1672846743252-7c5f2148-1f6a\u00bb][ttdirectory_products carousel_columns=\u00bb4&#8243; style=\u00bb1&#8243;][ttdirectory_product_accessories post_accessories=\u00bb15246&#8243;][ttdirectory_product_accessories post_accessories=\u00bb15408&#8243;][\/ttdirectory_products][\/vc_tta_section][\/vc_tta_tabs][\/vc_column][\/vc_row]<\/p>\n","protected":false},"excerpt":{"rendered":"<p>[vc_row show_menu_content=\u00bbyes\u00bb][vc_column row_spacing_h=\u00bbleft-spacing\u00bb width=\u00bb1\/1&#8243;][single_image image=\u00bb14755&#8243;][text] El reto Optimizar el laminado de cantos con adhesivos PUR JJ Cocinas, experto en la fabricaci\u00f3n de muebles de cocina desde hace varias generaciones, inicia un cambio productivo en una de sus l\u00edneas de fabricaci\u00f3n dedicada a la laminaci\u00f3n de cantos confiado en el equipo de Meler.[\/text][single_image image=\u00bb14760&#8243; image_spacing=\u00bbtop-spacing-med bottom-spacing-0&#8243;][text] [&hellip;]<\/p>\n","protected":false},"author":1,"featured_media":22672,"parent":12247,"menu_order":221,"comment_status":"closed","ping_status":"closed","template":"","meta":[],"yoast_head":"<!-- This site is optimized with the Yoast SEO plugin v20.3 - https:\/\/yoast.com\/wordpress\/plugins\/seo\/ -->\n<title>Optimizar el laminado de cantos con adhesivos reactivos - Meler<\/title>\n<meta name=\"description\" content=\"Optimizar el laminado de cantos con adhesivos PUR y un aplicador de cantos de alta precisi\u00f3n.\" \/>\n<meta name=\"robots\" content=\"index, follow, max-snippet:-1, max-image-preview:large, max-video-preview:-1\" \/>\n<link rel=\"canonical\" href=\"https:\/\/www.meler.cn\/es\/industrias\/madera-y-mobiliario\/optimizar-el-laminado-de-cantos-con-adhesivos-reactivos\/\" \/>\n<meta property=\"og:locale\" content=\"es_ES\" \/>\n<meta property=\"og:type\" content=\"article\" \/>\n<meta property=\"og:title\" content=\"Optimizar el laminado de cantos con adhesivos reactivos - Meler\" \/>\n<meta property=\"og:description\" content=\"Optimizar el laminado de cantos con adhesivos PUR y un aplicador de cantos de alta precisi\u00f3n.\" \/>\n<meta property=\"og:url\" content=\"https:\/\/www.meler.cn\/es\/industrias\/madera-y-mobiliario\/optimizar-el-laminado-de-cantos-con-adhesivos-reactivos\/\" \/>\n<meta property=\"og:site_name\" content=\"Meler\" \/>\n<meta property=\"article:modified_time\" content=\"2023-03-16T15:53:54+00:00\" \/>\n<meta property=\"og:image\" content=\"https:\/\/20097.ttandemdigital.com\/media\/header-home-caso-exito-cocinas-jj-meler.png\" \/>\n\t<meta property=\"og:image:width\" content=\"1920\" \/>\n\t<meta property=\"og:image:height\" content=\"780\" \/>\n\t<meta property=\"og:image:type\" content=\"image\/png\" \/>\n<meta name=\"twitter:card\" content=\"summary_large_image\" \/>\n<meta name=\"twitter:label1\" content=\"Tiempo de lectura\" \/>\n\t<meta name=\"twitter:data1\" content=\"2 minutos\" \/>\n<script type=\"application\/ld+json\" class=\"yoast-schema-graph\">{\"@context\":\"https:\/\/schema.org\",\"@graph\":[{\"@type\":\"WebPage\",\"@id\":\"https:\/\/www.meler.cn\/es\/industrias\/madera-y-mobiliario\/optimizar-el-laminado-de-cantos-con-adhesivos-reactivos\/\",\"url\":\"https:\/\/www.meler.cn\/es\/industrias\/madera-y-mobiliario\/optimizar-el-laminado-de-cantos-con-adhesivos-reactivos\/\",\"name\":\"Optimizar el laminado de cantos con adhesivos reactivos - Meler\",\"isPartOf\":{\"@id\":\"https:\/\/www.meler.cn\/es\/#website\"},\"datePublished\":\"2023-01-04T09:35:32+00:00\",\"dateModified\":\"2023-03-16T15:53:54+00:00\",\"description\":\"Optimizar el laminado de cantos con adhesivos PUR y un aplicador de cantos de alta precisi\u00f3n.\",\"breadcrumb\":{\"@id\":\"https:\/\/www.meler.cn\/es\/industrias\/madera-y-mobiliario\/optimizar-el-laminado-de-cantos-con-adhesivos-reactivos\/#breadcrumb\"},\"inLanguage\":\"es\",\"potentialAction\":[{\"@type\":\"ReadAction\",\"target\":[\"https:\/\/www.meler.cn\/es\/industrias\/madera-y-mobiliario\/optimizar-el-laminado-de-cantos-con-adhesivos-reactivos\/\"]}]},{\"@type\":\"BreadcrumbList\",\"@id\":\"https:\/\/www.meler.cn\/es\/industrias\/madera-y-mobiliario\/optimizar-el-laminado-de-cantos-con-adhesivos-reactivos\/#breadcrumb\",\"itemListElement\":[{\"@type\":\"ListItem\",\"position\":1,\"name\":\"Portada\",\"item\":\"https:\/\/www.meler.cn\/es\/\"},{\"@type\":\"ListItem\",\"position\":2,\"name\":\"Industrias\",\"item\":\"https:\/\/20097.ttandemdigital.com\/es\/industrias\/\"},{\"@type\":\"ListItem\",\"position\":3,\"name\":\"Hot melt en la industria de la madera\",\"item\":\"https:\/\/20097.ttandemdigital.com\/es\/industrias\/madera-y-mobiliario\/\"},{\"@type\":\"ListItem\",\"position\":4,\"name\":\"Optimizar el laminado de cantos con adhesivos reactivos\"}]},{\"@type\":\"WebSite\",\"@id\":\"https:\/\/www.meler.cn\/es\/#website\",\"url\":\"https:\/\/www.meler.cn\/es\/\",\"name\":\"Meler\",\"description\":\"Just another WordPress site\",\"potentialAction\":[{\"@type\":\"SearchAction\",\"target\":{\"@type\":\"EntryPoint\",\"urlTemplate\":\"https:\/\/www.meler.cn\/es\/?s={search_term_string}\"},\"query-input\":\"required name=search_term_string\"}],\"inLanguage\":\"es\"}]}<\/script>\n<!-- \/ Yoast SEO plugin. -->","yoast_head_json":{"title":"Optimizar el laminado de cantos con adhesivos reactivos - Meler","description":"Optimizar el laminado de cantos con adhesivos PUR y un aplicador de cantos de alta precisi\u00f3n.","robots":{"index":"index","follow":"follow","max-snippet":"max-snippet:-1","max-image-preview":"max-image-preview:large","max-video-preview":"max-video-preview:-1"},"canonical":"https:\/\/www.meler.cn\/es\/industrias\/madera-y-mobiliario\/optimizar-el-laminado-de-cantos-con-adhesivos-reactivos\/","og_locale":"es_ES","og_type":"article","og_title":"Optimizar el laminado de cantos con adhesivos reactivos - Meler","og_description":"Optimizar el laminado de cantos con adhesivos PUR y un aplicador de cantos de alta precisi\u00f3n.","og_url":"https:\/\/www.meler.cn\/es\/industrias\/madera-y-mobiliario\/optimizar-el-laminado-de-cantos-con-adhesivos-reactivos\/","og_site_name":"Meler","article_modified_time":"2023-03-16T15:53:54+00:00","og_image":[{"width":1920,"height":780,"url":"https:\/\/20097.ttandemdigital.com\/media\/header-home-caso-exito-cocinas-jj-meler.png","type":"image\/png"}],"twitter_card":"summary_large_image","twitter_misc":{"Tiempo de lectura":"2 minutos"},"schema":{"@context":"https:\/\/schema.org","@graph":[{"@type":"WebPage","@id":"https:\/\/www.meler.cn\/es\/industrias\/madera-y-mobiliario\/optimizar-el-laminado-de-cantos-con-adhesivos-reactivos\/","url":"https:\/\/www.meler.cn\/es\/industrias\/madera-y-mobiliario\/optimizar-el-laminado-de-cantos-con-adhesivos-reactivos\/","name":"Optimizar el laminado de cantos con adhesivos reactivos - Meler","isPartOf":{"@id":"https:\/\/www.meler.cn\/es\/#website"},"datePublished":"2023-01-04T09:35:32+00:00","dateModified":"2023-03-16T15:53:54+00:00","description":"Optimizar el laminado de cantos con adhesivos PUR y un aplicador de cantos de alta precisi\u00f3n.","breadcrumb":{"@id":"https:\/\/www.meler.cn\/es\/industrias\/madera-y-mobiliario\/optimizar-el-laminado-de-cantos-con-adhesivos-reactivos\/#breadcrumb"},"inLanguage":"es","potentialAction":[{"@type":"ReadAction","target":["https:\/\/www.meler.cn\/es\/industrias\/madera-y-mobiliario\/optimizar-el-laminado-de-cantos-con-adhesivos-reactivos\/"]}]},{"@type":"BreadcrumbList","@id":"https:\/\/www.meler.cn\/es\/industrias\/madera-y-mobiliario\/optimizar-el-laminado-de-cantos-con-adhesivos-reactivos\/#breadcrumb","itemListElement":[{"@type":"ListItem","position":1,"name":"Portada","item":"https:\/\/www.meler.cn\/es\/"},{"@type":"ListItem","position":2,"name":"Industrias","item":"https:\/\/20097.ttandemdigital.com\/es\/industrias\/"},{"@type":"ListItem","position":3,"name":"Hot melt en la industria de la madera","item":"https:\/\/20097.ttandemdigital.com\/es\/industrias\/madera-y-mobiliario\/"},{"@type":"ListItem","position":4,"name":"Optimizar el laminado de cantos con adhesivos reactivos"}]},{"@type":"WebSite","@id":"https:\/\/www.meler.cn\/es\/#website","url":"https:\/\/www.meler.cn\/es\/","name":"Meler","description":"Just another WordPress site","potentialAction":[{"@type":"SearchAction","target":{"@type":"EntryPoint","urlTemplate":"https:\/\/www.meler.cn\/es\/?s={search_term_string}"},"query-input":"required name=search_term_string"}],"inLanguage":"es"}]}},"_links":{"self":[{"href":"https:\/\/www.meler.cn\/es\/wp-json\/wp\/v2\/pages\/15366"}],"collection":[{"href":"https:\/\/www.meler.cn\/es\/wp-json\/wp\/v2\/pages"}],"about":[{"href":"https:\/\/www.meler.cn\/es\/wp-json\/wp\/v2\/types\/page"}],"author":[{"embeddable":true,"href":"https:\/\/www.meler.cn\/es\/wp-json\/wp\/v2\/users\/1"}],"replies":[{"embeddable":true,"href":"https:\/\/www.meler.cn\/es\/wp-json\/wp\/v2\/comments?post=15366"}],"version-history":[{"count":23,"href":"https:\/\/www.meler.cn\/es\/wp-json\/wp\/v2\/pages\/15366\/revisions"}],"predecessor-version":[{"id":26212,"href":"https:\/\/www.meler.cn\/es\/wp-json\/wp\/v2\/pages\/15366\/revisions\/26212"}],"up":[{"embeddable":true,"href":"https:\/\/www.meler.cn\/es\/wp-json\/wp\/v2\/pages\/12247"}],"wp:featuredmedia":[{"embeddable":true,"href":"https:\/\/www.meler.cn\/es\/wp-json\/wp\/v2\/media\/22672"}],"wp:attachment":[{"href":"https:\/\/www.meler.cn\/es\/wp-json\/wp\/v2\/media?parent=15366"}],"curies":[{"name":"wp","href":"https:\/\/api.w.org\/{rel}","templated":true}]}}