




















{"id":15363,"date":"2023-01-04T09:33:55","date_gmt":"2023-01-04T09:33:55","guid":{"rendered":"https:\/\/www.meler.eu\/?page_id=15363"},"modified":"2023-02-10T15:05:19","modified_gmt":"2023-02-10T15:05:19","slug":"un-proyecto-a-medida-el-cabezal-de-cola-fria","status":"publish","type":"page","link":"https:\/\/www.meler.cn\/es\/industrias\/construccion\/un-proyecto-a-medida-el-cabezal-de-cola-fria\/","title":{"rendered":"Un proyecto a medida: el cabezal de cola fr\u00eda"},"content":{"rendered":"<p>[vc_row show_menu_content=\u00bbyes\u00bb][vc_column row_spacing_h=\u00bbleft-spacing\u00bb width=\u00bb1\/1&#8243;][single_image image=\u00bb14816&#8243;][text]<\/p>\n<h2 class=\"style-05\">El reto<\/h2>\n<h3 class=\"style-01\">Desarrollar una soluci\u00f3n personalizada<\/h3>\n<p>En Meler, atendemos las necesidades de nuestros clientes y adaptamos nuestros dise\u00f1os a las mismas. A modo de ejemplo, nos gustar\u00eda compartir una soluci\u00f3n dise\u00f1ada para unos clientes cuya principal actividad es la fabricaci\u00f3n de paneles aislantes dentro del sector de la construcci\u00f3n. La dificultad que nos plantearon se basaba en la necesidad de desarrollar una aplicaci\u00f3n capaz de adherir las capas que componen dichos paneles con total precisi\u00f3n, eficacia y rentabilidad.[\/text][single_image image=\u00bb14821&#8243;][text]<\/p>\n<h2 class=\"style-05\">Nuestro aporte<\/h2>\n<h3 class=\"style-01\">\u00bfC\u00f3mo es el cabezal multi-m\u00f3dulo para cola fr\u00eda de Meler?<\/h3>\n<p>El cabezal de cola fr\u00eda consta de unos m\u00f3dulos compatibles dispuestos de manera lineal, todos ellos regulables individualmente para el control del gramaje.<\/p>\n<p>Asimismo, cuenta con un pilotaje de electrov\u00e1lvulas que permite al cliente regular la anchura de la aplicaci\u00f3n, un distribuidor de aire de alimentaci\u00f3n para las electrov\u00e1lvulas y otro para la salida de aire de los m\u00f3dulos. Todos ellos hacen que el cabezal de cola fr\u00eda de Meler ofrezca la m\u00e1xima precisi\u00f3n en la aplicaci\u00f3n de puntos y cordones sin llegar a tocar la superficie o sustrato.<br \/>\nUn sistema de bebederos de agua que permite mantener sumergidos aquellos m\u00f3dulos que se encuentran en per\u00edodo de inactividad o no van a ser empleados en la aplicaci\u00f3n. Esto evita el secado de la cola fr\u00eda cuando entra en contacto con el aire y, por lo tanto, la obstrucci\u00f3n de los m\u00f3dulos.<\/p>\n<p>El cabezal de cola fr\u00eda Meler dispone de cuatro entradas de adhesivo y una v\u00e1lvula de corte para el agua, lo que facilita su limpieza. Adem\u00e1s, cuenta con un tanque de adhesivo suministrado desde un dep\u00f3sito de mayor capacidad.<\/p>\n<h2 class=\"style-05\">El proyecto<\/h2>\n<h3 class=\"style-01\">Las ventajas del cabezal de cola fr\u00eda de Meler<\/h3>\n<ul class=\"style-03\">\n<li style=\"list-style-type: none;\">\n<ul class=\"style-03\">\n<li>Aplicaci\u00f3n muy precisa con una distribuci\u00f3n homog\u00e9nea: gracias a un gran canal de distribuci\u00f3n, la presi\u00f3n queda repartida de manera uniforme a lo largo de todo el aplicador, lo que hace que siempre se emplee la misma cantidad de adhesivo en cada punto.<\/li>\n<li>Aplicaci\u00f3n flexible, ya que puede adaptarse el n\u00famero de cordones activando o desactivando los m\u00f3dulos a trav\u00e9s de las electrov\u00e1lvulas. De la misma manera, los m\u00f3dulos permiten la regulaci\u00f3n individual del gramaje. Todo ello hace que este producto sea ajustable a las necesidades del usuario.<\/li>\n<li>Aplicaci\u00f3n simult\u00e1nea de cola caliente para mantener unidas las dos piezas durante los procesos de manipulaci\u00f3n del producto y mientras la cola fr\u00eda se encuentra en el periodo de secado.<\/li>\n<li>El tanque intermedio de adhesivo, situado entre el propio cabezal y el tanque de mayor capacidad, cuenta con un detector de nivel.<\/li>\n<\/ul>\n<\/li>\n<\/ul>\n<h2 class=\"style-05\">Impacto<\/h2>\n<ul class=\"style-03\">\n<li>Ajustable a las necesidades del usuario<\/li>\n<li>Posibilidad de realizar procesos productivos simult\u00e1neos<\/li>\n<li>Control aut\u00f3nomo de los par\u00e1metros de aplicaci\u00f3n<\/li>\n<\/ul>\n<p>[\/text][\/vc_column][\/vc_row][vc_row row_bg_color=\u00bbbg-04&#8243; row_spacing=\u00bbtop-spacing bottom-spacing-0&#8243;][vc_column width=\u00bb1\/1&#8243;][text]<\/p>\n<h2 class=\"txt-center style-01\">Nuestros productos<\/h2>\n<p>[\/text][vc_tta_tabs][vc_tta_section title=\u00bbAplicadores\u00bb tab_id=\u00bb1672398287839-e7ca709f-fefa\u00bb][ttdirectory_products carousel_columns=\u00bb4&#8243; style=\u00bb1&#8243;][ttdirectory_product_applicators post_applicator=\u00bb11551&#8243;][ttdirectory_product_applicators post_applicator=\u00bb15435&#8243;][\/ttdirectory_products][\/vc_tta_section][vc_tta_section title=\u00bbFusores\u00bb tab_id=\u00bb1672398287853-7a9cfd48-9ce4&#8243;][ttdirectory_products carousel_columns=\u00bb4&#8243; style=\u00bb1&#8243;][ttdirectory_product_melters post_melter=\u00bb15119&#8243;][ttdirectory_product_melters post_melter=\u00bb12026&#8243;][ttdirectory_product_melters post_melter=\u00bb15125&#8243;][\/ttdirectory_products][\/vc_tta_section][vc_tta_section title=\u00bbMangueras\u00bb tab_id=\u00bb1672832642113-99467d1d-819f\u00bb][ttdirectory_products carousel_columns=\u00bb4&#8243; style=\u00bb1&#8243;][ttdirectory_product_hoses post_hoses=\u00bb8066&#8243;][ttdirectory_product_hoses post_hoses=\u00bb8068&#8243;][\/ttdirectory_products][\/vc_tta_section][vc_tta_section title=\u00bbControladores\u00bb tab_id=\u00bb1672832659791-3921bd7d-b8e8&#8243;][ttdirectory_products carousel_columns=\u00bb4&#8243; style=\u00bb1&#8243;][ttdirectory_product_controllers post_controller=\u00bb12297&#8243;][ttdirectory_product_controllers post_controller=\u00bb15244&#8243;][\/ttdirectory_products][\/vc_tta_section][vc_tta_section title=\u00bbAccesorios\u00bb tab_id=\u00bb1672832678810-08faf5a4-df78&#8243;][ttdirectory_products carousel_columns=\u00bb4&#8243; style=\u00bb1&#8243;][ttdirectory_product_accessories post_accessories=\u00bb15246&#8243;][ttdirectory_product_accessories post_accessories=\u00bb15407&#8243;][ttdirectory_product_accessories post_accessories=\u00bb15408&#8243;][\/ttdirectory_products][\/vc_tta_section][\/vc_tta_tabs][\/vc_column][\/vc_row]<\/p>\n","protected":false},"excerpt":{"rendered":"<p>[vc_row show_menu_content=\u00bbyes\u00bb][vc_column row_spacing_h=\u00bbleft-spacing\u00bb width=\u00bb1\/1&#8243;][single_image image=\u00bb14816&#8243;][text] El reto Desarrollar una soluci\u00f3n personalizada En Meler, atendemos las necesidades de nuestros clientes y adaptamos nuestros dise\u00f1os a las mismas. A modo de ejemplo, nos gustar\u00eda compartir una soluci\u00f3n dise\u00f1ada para unos clientes cuya principal actividad es la fabricaci\u00f3n de paneles aislantes dentro del sector de la construcci\u00f3n. La [&hellip;]<\/p>\n","protected":false},"author":1,"featured_media":15389,"parent":12756,"menu_order":243,"comment_status":"closed","ping_status":"closed","template":"","meta":[],"yoast_head":"<!-- This site is optimized with the Yoast SEO plugin v20.3 - https:\/\/yoast.com\/wordpress\/plugins\/seo\/ -->\n<title>Un proyecto a medida: el cabezal de cola fr\u00eda - Meler<\/title>\n<meta name=\"robots\" content=\"index, follow, max-snippet:-1, max-image-preview:large, max-video-preview:-1\" \/>\n<link rel=\"canonical\" href=\"https:\/\/www.meler.cn\/es\/industrias\/construccion\/un-proyecto-a-medida-el-cabezal-de-cola-fria\/\" \/>\n<meta property=\"og:locale\" content=\"es_ES\" \/>\n<meta property=\"og:type\" content=\"article\" \/>\n<meta property=\"og:title\" content=\"Un proyecto a medida: el cabezal de cola fr\u00eda - Meler\" \/>\n<meta property=\"og:description\" content=\"[vc_row show_menu_content=\u00bbyes\u00bb][vc_column row_spacing_h=\u00bbleft-spacing\u00bb width=\u00bb1\/1&#8243;][single_image image=\u00bb14816&#8243;][text] El reto Desarrollar una soluci\u00f3n personalizada En Meler, atendemos las necesidades de nuestros clientes y adaptamos nuestros dise\u00f1os a las mismas. A modo de ejemplo, nos gustar\u00eda compartir una soluci\u00f3n dise\u00f1ada para unos clientes cuya principal actividad es la fabricaci\u00f3n de paneles aislantes dentro del sector de la construcci\u00f3n. La [&hellip;]\" \/>\n<meta property=\"og:url\" content=\"https:\/\/www.meler.cn\/es\/industrias\/construccion\/un-proyecto-a-medida-el-cabezal-de-cola-fria\/\" \/>\n<meta property=\"og:site_name\" content=\"Meler\" \/>\n<meta property=\"article:modified_time\" content=\"2023-02-10T15:05:19+00:00\" \/>\n<meta property=\"og:image\" content=\"https:\/\/20097.ttandemdigital.com\/media\/header-industrias-construccion-caso-exito-cabezal-cola-fria.png\" \/>\n\t<meta property=\"og:image:width\" content=\"1920\" \/>\n\t<meta property=\"og:image:height\" content=\"780\" \/>\n\t<meta property=\"og:image:type\" content=\"image\/png\" \/>\n<meta name=\"twitter:card\" content=\"summary_large_image\" \/>\n<meta name=\"twitter:label1\" content=\"Tiempo de lectura\" \/>\n\t<meta name=\"twitter:data1\" content=\"3 minutos\" \/>\n<script type=\"application\/ld+json\" class=\"yoast-schema-graph\">{\"@context\":\"https:\/\/schema.org\",\"@graph\":[{\"@type\":\"WebPage\",\"@id\":\"https:\/\/www.meler.cn\/es\/industrias\/construccion\/un-proyecto-a-medida-el-cabezal-de-cola-fria\/\",\"url\":\"https:\/\/www.meler.cn\/es\/industrias\/construccion\/un-proyecto-a-medida-el-cabezal-de-cola-fria\/\",\"name\":\"Un proyecto a medida: el cabezal de cola fr\u00eda - Meler\",\"isPartOf\":{\"@id\":\"https:\/\/www.meler.cn\/es\/#website\"},\"datePublished\":\"2023-01-04T09:33:55+00:00\",\"dateModified\":\"2023-02-10T15:05:19+00:00\",\"breadcrumb\":{\"@id\":\"https:\/\/www.meler.cn\/es\/industrias\/construccion\/un-proyecto-a-medida-el-cabezal-de-cola-fria\/#breadcrumb\"},\"inLanguage\":\"es\",\"potentialAction\":[{\"@type\":\"ReadAction\",\"target\":[\"https:\/\/www.meler.cn\/es\/industrias\/construccion\/un-proyecto-a-medida-el-cabezal-de-cola-fria\/\"]}]},{\"@type\":\"BreadcrumbList\",\"@id\":\"https:\/\/www.meler.cn\/es\/industrias\/construccion\/un-proyecto-a-medida-el-cabezal-de-cola-fria\/#breadcrumb\",\"itemListElement\":[{\"@type\":\"ListItem\",\"position\":1,\"name\":\"Portada\",\"item\":\"https:\/\/www.meler.cn\/es\/\"},{\"@type\":\"ListItem\",\"position\":2,\"name\":\"Industrias\",\"item\":\"https:\/\/20097.ttandemdigital.com\/es\/industrias\/\"},{\"@type\":\"ListItem\",\"position\":3,\"name\":\"Hot melt para construcci\u00f3n\",\"item\":\"https:\/\/20097.ttandemdigital.com\/es\/industrias\/construccion\/\"},{\"@type\":\"ListItem\",\"position\":4,\"name\":\"Un proyecto a medida: el cabezal de cola fr\u00eda\"}]},{\"@type\":\"WebSite\",\"@id\":\"https:\/\/www.meler.cn\/es\/#website\",\"url\":\"https:\/\/www.meler.cn\/es\/\",\"name\":\"Meler\",\"description\":\"Just another WordPress site\",\"potentialAction\":[{\"@type\":\"SearchAction\",\"target\":{\"@type\":\"EntryPoint\",\"urlTemplate\":\"https:\/\/www.meler.cn\/es\/?s={search_term_string}\"},\"query-input\":\"required name=search_term_string\"}],\"inLanguage\":\"es\"}]}<\/script>\n<!-- \/ Yoast SEO plugin. -->","yoast_head_json":{"title":"Un proyecto a medida: el cabezal de cola fr\u00eda - Meler","robots":{"index":"index","follow":"follow","max-snippet":"max-snippet:-1","max-image-preview":"max-image-preview:large","max-video-preview":"max-video-preview:-1"},"canonical":"https:\/\/www.meler.cn\/es\/industrias\/construccion\/un-proyecto-a-medida-el-cabezal-de-cola-fria\/","og_locale":"es_ES","og_type":"article","og_title":"Un proyecto a medida: el cabezal de cola fr\u00eda - Meler","og_description":"[vc_row show_menu_content=\u00bbyes\u00bb][vc_column row_spacing_h=\u00bbleft-spacing\u00bb width=\u00bb1\/1&#8243;][single_image image=\u00bb14816&#8243;][text] El reto Desarrollar una soluci\u00f3n personalizada En Meler, atendemos las necesidades de nuestros clientes y adaptamos nuestros dise\u00f1os a las mismas. A modo de ejemplo, nos gustar\u00eda compartir una soluci\u00f3n dise\u00f1ada para unos clientes cuya principal actividad es la fabricaci\u00f3n de paneles aislantes dentro del sector de la construcci\u00f3n. La [&hellip;]","og_url":"https:\/\/www.meler.cn\/es\/industrias\/construccion\/un-proyecto-a-medida-el-cabezal-de-cola-fria\/","og_site_name":"Meler","article_modified_time":"2023-02-10T15:05:19+00:00","og_image":[{"width":1920,"height":780,"url":"https:\/\/20097.ttandemdigital.com\/media\/header-industrias-construccion-caso-exito-cabezal-cola-fria.png","type":"image\/png"}],"twitter_card":"summary_large_image","twitter_misc":{"Tiempo de lectura":"3 minutos"},"schema":{"@context":"https:\/\/schema.org","@graph":[{"@type":"WebPage","@id":"https:\/\/www.meler.cn\/es\/industrias\/construccion\/un-proyecto-a-medida-el-cabezal-de-cola-fria\/","url":"https:\/\/www.meler.cn\/es\/industrias\/construccion\/un-proyecto-a-medida-el-cabezal-de-cola-fria\/","name":"Un proyecto a medida: el cabezal de cola fr\u00eda - Meler","isPartOf":{"@id":"https:\/\/www.meler.cn\/es\/#website"},"datePublished":"2023-01-04T09:33:55+00:00","dateModified":"2023-02-10T15:05:19+00:00","breadcrumb":{"@id":"https:\/\/www.meler.cn\/es\/industrias\/construccion\/un-proyecto-a-medida-el-cabezal-de-cola-fria\/#breadcrumb"},"inLanguage":"es","potentialAction":[{"@type":"ReadAction","target":["https:\/\/www.meler.cn\/es\/industrias\/construccion\/un-proyecto-a-medida-el-cabezal-de-cola-fria\/"]}]},{"@type":"BreadcrumbList","@id":"https:\/\/www.meler.cn\/es\/industrias\/construccion\/un-proyecto-a-medida-el-cabezal-de-cola-fria\/#breadcrumb","itemListElement":[{"@type":"ListItem","position":1,"name":"Portada","item":"https:\/\/www.meler.cn\/es\/"},{"@type":"ListItem","position":2,"name":"Industrias","item":"https:\/\/20097.ttandemdigital.com\/es\/industrias\/"},{"@type":"ListItem","position":3,"name":"Hot melt para construcci\u00f3n","item":"https:\/\/20097.ttandemdigital.com\/es\/industrias\/construccion\/"},{"@type":"ListItem","position":4,"name":"Un proyecto a medida: el cabezal de cola fr\u00eda"}]},{"@type":"WebSite","@id":"https:\/\/www.meler.cn\/es\/#website","url":"https:\/\/www.meler.cn\/es\/","name":"Meler","description":"Just another WordPress site","potentialAction":[{"@type":"SearchAction","target":{"@type":"EntryPoint","urlTemplate":"https:\/\/www.meler.cn\/es\/?s={search_term_string}"},"query-input":"required name=search_term_string"}],"inLanguage":"es"}]}},"_links":{"self":[{"href":"https:\/\/www.meler.cn\/es\/wp-json\/wp\/v2\/pages\/15363"}],"collection":[{"href":"https:\/\/www.meler.cn\/es\/wp-json\/wp\/v2\/pages"}],"about":[{"href":"https:\/\/www.meler.cn\/es\/wp-json\/wp\/v2\/types\/page"}],"author":[{"embeddable":true,"href":"https:\/\/www.meler.cn\/es\/wp-json\/wp\/v2\/users\/1"}],"replies":[{"embeddable":true,"href":"https:\/\/www.meler.cn\/es\/wp-json\/wp\/v2\/comments?post=15363"}],"version-history":[{"count":20,"href":"https:\/\/www.meler.cn\/es\/wp-json\/wp\/v2\/pages\/15363\/revisions"}],"predecessor-version":[{"id":29142,"href":"https:\/\/www.meler.cn\/es\/wp-json\/wp\/v2\/pages\/15363\/revisions\/29142"}],"up":[{"embeddable":true,"href":"https:\/\/www.meler.cn\/es\/wp-json\/wp\/v2\/pages\/12756"}],"wp:featuredmedia":[{"embeddable":true,"href":"https:\/\/www.meler.cn\/es\/wp-json\/wp\/v2\/media\/15389"}],"wp:attachment":[{"href":"https:\/\/www.meler.cn\/es\/wp-json\/wp\/v2\/media?parent=15363"}],"curies":[{"name":"wp","href":"https:\/\/api.w.org\/{rel}","templated":true}]}}