




















{"id":15006,"date":"2022-12-30T16:30:08","date_gmt":"2022-12-30T16:30:08","guid":{"rendered":"https:\/\/www.meler.eu\/?page_id=15006"},"modified":"2023-02-15T11:45:34","modified_gmt":"2023-02-15T11:45:34","slug":"conseguir-un-producto-100-sostenible","status":"publish","type":"page","link":"https:\/\/www.meler.cn\/es\/industrias\/hot-melt-para-la-industria-del-packaging\/conseguir-un-producto-100-sostenible\/","title":{"rendered":"Conseguir un producto 100% sostenible"},"content":{"rendered":"<p>[vc_row show_menu_content=\u00bbyes\u00bb][vc_column width=\u00bb1\/1&#8243;][text]<\/p>\n<h2 class=\"style-05\">El reto<\/h2>\n<h3 class=\"style-01\">Sostenibilidad tambi\u00e9n en el embalaje<\/h3>\n<p>Transformar un proceso productivo nunca es f\u00e1cil. Ese fue el reto que Bodegas Artazu propuso a Meler. Esta bodega navarra produce vino de manera ecol\u00f3gica y su objetivo era conseguir un ciclo de fabricaci\u00f3n completo acorde con su filosof\u00eda.<\/p>\n<p><img decoding=\"async\" loading=\"lazy\" class=\"alignnone size-medium wp-image-14577\" src=\"https:\/\/www.meler.cn\/media\/packaging-caso-exito-artazu-contenido-01-624x334.png\" alt=\"Mano sujetando un movil con al app de meler\" width=\"624\" height=\"334\" srcset=\"https:\/\/www.meler.cn\/media\/packaging-caso-exito-artazu-contenido-01-624x334.png 624w, https:\/\/www.meler.cn\/media\/packaging-caso-exito-artazu-contenido-01-768x411.png 768w, https:\/\/www.meler.cn\/media\/packaging-caso-exito-artazu-contenido-01.png 841w\" sizes=\"(max-width: 624px) 100vw, 624px\" \/><\/p>\n<h2 class=\"style-05\">Nuestro aporte<\/h2>\n<h3 class=\"style-01\">La integraci\u00f3n de un sistema de lacrado de alta velocidad<\/h3>\n<p>Meler, como especialista en la aplicaci\u00f3n de fluidos, tiene una gran capacidad para adaptarse a las necesidades espec\u00edficas de cada instalaci\u00f3n. Para poder fundir lacre, se realiz\u00f3 una configuraci\u00f3n personalizada de Micron+ 5 Pist\u00f3n: incorporando una v\u00e1lvula de admisi\u00f3n especial y un sistema de filtrado adaptado.<\/p>\n<p>Para lograr una aplicaci\u00f3n correcta, se incorpor\u00f3 nuestro controlador de disparos <a href=\"#\">StarBI<\/a> y con ayuda de Ander Basterra, <a href=\"#\">Field Service Specialist<\/a> de Meler, se consigui\u00f3 la precisi\u00f3n necesaria para que el sistema de lacrado quedara perfectamente integrado en el proceso productivo: llenado, encorchado, lacrado y, por \u00faltimo, etiquetado.<\/p>\n<h2 class=\"style-05\">El proyecto<\/h2>\n<h3 class=\"style-01\">Un fusor con tecnolog\u00eda Bluetooth(R)<\/h3>\n<p>El Micron+ de <a href=\"https:\/\/www.bodegasartazu.com\/\" target=\"_blank\" rel=\"noopener\">Bodegas Artazu<\/a> lleva instalada, adem\u00e1s del StarBi, la <a href=\"#\">nueva funcionalidad Bluetooth\u00ae<\/a>, \u00fanica en el mercado. Seg\u00fan Eduardo Blasco, responsable enol\u00f3gico y vitivin\u00edcola de Bodegas y Vi\u00f1edos Artazu, \u201cesta nueva opci\u00f3n del fusor es muy interesante porque, desde cualquier lugar de mis instalaciones, puedes reaccionar r\u00e1pidamente ante cualquier alarma y controlar el sistema de lacrado remotamente mientras estoy atento a la calidad en otros puntos de la l\u00ednea de embotellado.\u201d<\/p>\n<p>La monitorizaci\u00f3n del equipo en tiempo real es una de las ventajas productivas derivadas del uso del Bluetooth\u00ae; pero hay muchas m\u00e1s; como la mejora de la seguridad del operario que, adem\u00e1s gana interactividad en el manejo de sus equipos evitando las paradas innecesarias para realizar cambios. Las ventajas que el uso del <a href=\"#\">Bluetooth\u00ae puede aportar a tu sistema de aplicaci\u00f3n de adhesivos<\/a> son infinitas, \u00a1con\u00e9ctate con el el <a href=\"#\">fusor de la Industria 4.0<\/a>![\/text][video_youtube video_image=\u00bb14582&#8243; video_url=\u00bbhttps:\/\/www.youtube.com\/watch?v=As7nOJMkd2o\u00bb][text]<\/p>\n<h2 class=\"style-05\">Testimonio<\/h2>\n<p class=\"testimonial\"><strong>Puedo controlar el fusor desde el m\u00f3vil dentro de mis instalaciones y, en cualquier momento, puedo reaccionar de manera muy r\u00e1pida ante las posibles alarmas<br \/>\n<\/strong>Eduardo Blasco (Responsable enol\u00f3gico de Bodegas Artazu)<\/p>\n<h2 class=\"style-05\">Impacto<\/h2>\n<ul class=\"style-03\">\n<li>Reconversi\u00f3n ecol\u00f3gica del sistema de cierre de las botellas<\/li>\n<li>Control remoto de los principales par\u00e1metros de la instalaci\u00f3n<\/li>\n<li>Sistema de producci\u00f3n sincronizado con el ritmo de paletizado<\/li>\n<\/ul>\n<p>[\/text][\/vc_column][\/vc_row][vc_row row_bg_color=\u00bbbg-04&#8243; row_spacing=\u00bbtop-spacing bottom-spacing-0&#8243;][vc_column width=\u00bb1\/1&#8243;][text]<\/p>\n<h2 class=\"txt-center style-01\">Nuestros productos<\/h2>\n<p>[\/text][vc_tta_tabs][vc_tta_section title=\u00bbAplicadores\u00bb tab_id=\u00bb1672398287853-7a9cfd48-9ce4&#8243;][ttdirectory_products carousel_columns=\u00bb4&#8243; style=\u00bb1&#8243;][ttdirectory_product_applicators post_applicator=\u00bb11551&#8243;][\/ttdirectory_products][\/vc_tta_section][vc_tta_section title=\u00bbFusores\u00bb tab_id=\u00bb1672398287839-e7ca709f-fefa\u00bb][ttdirectory_products carousel_columns=\u00bb4&#8243; style=\u00bb1&#8243;][ttdirectory_product_melters post_melter=\u00bb11998&#8243;][ttdirectory_product_melters post_melter=\u00bb12026&#8243;][\/ttdirectory_products][\/vc_tta_section][vc_tta_section title=\u00bbMangueras\u00bb tab_id=\u00bb1672749855711-64f1852e-0c1f\u00bb][ttdirectory_products carousel_columns=\u00bb4&#8243; style=\u00bb1&#8243;][ttdirectory_product_hoses post_hoses=\u00bb8065&#8243;][ttdirectory_product_hoses post_hoses=\u00bb8068&#8243;][\/ttdirectory_products][\/vc_tta_section][vc_tta_section title=\u00bbControladores\u00bb tab_id=\u00bb1672749869938-51dcfe86-8530&#8243;][ttdirectory_products carousel_columns=\u00bb4&#8243; style=\u00bb1&#8243;][ttdirectory_product_controllers post_controller=\u00bb12297&#8243;][\/ttdirectory_products][\/vc_tta_section][vc_tta_section title=\u00bbAccesorios\u00bb tab_id=\u00bb1672749883495-61945bdc-af2e\u00bb][ttdirectory_products carousel_columns=\u00bb4&#8243; style=\u00bb1&#8243;][ttdirectory_product_accessories post_accessories=\u00bb15246&#8243;][ttdirectory_product_accessories post_accessories=\u00bb15247&#8243;][\/ttdirectory_products][\/vc_tta_section][\/vc_tta_tabs][\/vc_column][\/vc_row]<\/p>\n","protected":false},"excerpt":{"rendered":"<p>[vc_row show_menu_content=\u00bbyes\u00bb][vc_column width=\u00bb1\/1&#8243;][text] El reto Sostenibilidad tambi\u00e9n en el embalaje Transformar un proceso productivo nunca es f\u00e1cil. Ese fue el reto que Bodegas Artazu propuso a Meler. Esta bodega navarra produce vino de manera ecol\u00f3gica y su objetivo era conseguir un ciclo de fabricaci\u00f3n completo acorde con su filosof\u00eda. Nuestro aporte La integraci\u00f3n de un [&hellip;]<\/p>\n","protected":false},"author":1,"featured_media":739,"parent":12016,"menu_order":167,"comment_status":"closed","ping_status":"closed","template":"","meta":[],"yoast_head":"<!-- This site is optimized with the Yoast SEO plugin v20.3 - https:\/\/yoast.com\/wordpress\/plugins\/seo\/ -->\n<title>Meler mejora el proceso productivo de Bodegas Artazu - Meler<\/title>\n<meta name=\"description\" content=\"Sistema de lacrado de alta velocidad de Meler para una 100% producci\u00f3n ecol\u00f3gica en Bodegas Artazu\" \/>\n<meta name=\"robots\" content=\"index, follow, max-snippet:-1, max-image-preview:large, max-video-preview:-1\" \/>\n<link rel=\"canonical\" href=\"https:\/\/www.meler.cn\/es\/industrias\/hot-melt-para-la-industria-del-packaging\/conseguir-un-producto-100-sostenible\/\" \/>\n<meta property=\"og:locale\" content=\"es_ES\" \/>\n<meta property=\"og:type\" content=\"article\" \/>\n<meta property=\"og:title\" content=\"Meler mejora el proceso productivo de Bodegas Artazu - Meler\" \/>\n<meta property=\"og:description\" content=\"Sistema de lacrado de alta velocidad de Meler para una 100% producci\u00f3n ecol\u00f3gica en Bodegas Artazu\" \/>\n<meta property=\"og:url\" content=\"https:\/\/www.meler.cn\/es\/industrias\/hot-melt-para-la-industria-del-packaging\/conseguir-un-producto-100-sostenible\/\" \/>\n<meta property=\"og:site_name\" content=\"Meler\" \/>\n<meta property=\"article:modified_time\" content=\"2023-02-15T11:45:34+00:00\" \/>\n<meta property=\"og:image\" content=\"https:\/\/20097.ttandemdigital.com\/media\/header-industrias-construccion-caso-exito-bodega-artazu.png\" \/>\n\t<meta property=\"og:image:width\" content=\"1920\" \/>\n\t<meta property=\"og:image:height\" content=\"780\" \/>\n\t<meta property=\"og:image:type\" content=\"image\/png\" \/>\n<meta name=\"twitter:card\" content=\"summary_large_image\" \/>\n<meta name=\"twitter:label1\" content=\"Tiempo de lectura\" \/>\n\t<meta name=\"twitter:data1\" content=\"3 minutos\" \/>\n<script type=\"application\/ld+json\" class=\"yoast-schema-graph\">{\"@context\":\"https:\/\/schema.org\",\"@graph\":[{\"@type\":\"WebPage\",\"@id\":\"https:\/\/www.meler.cn\/es\/industrias\/hot-melt-para-la-industria-del-packaging\/conseguir-un-producto-100-sostenible\/\",\"url\":\"https:\/\/www.meler.cn\/es\/industrias\/hot-melt-para-la-industria-del-packaging\/conseguir-un-producto-100-sostenible\/\",\"name\":\"Meler mejora el proceso productivo de Bodegas Artazu - Meler\",\"isPartOf\":{\"@id\":\"https:\/\/www.meler.cn\/es\/#website\"},\"datePublished\":\"2022-12-30T16:30:08+00:00\",\"dateModified\":\"2023-02-15T11:45:34+00:00\",\"description\":\"Sistema de lacrado de alta velocidad de Meler para una 100% producci\u00f3n ecol\u00f3gica en Bodegas Artazu\",\"breadcrumb\":{\"@id\":\"https:\/\/www.meler.cn\/es\/industrias\/hot-melt-para-la-industria-del-packaging\/conseguir-un-producto-100-sostenible\/#breadcrumb\"},\"inLanguage\":\"es\",\"potentialAction\":[{\"@type\":\"ReadAction\",\"target\":[\"https:\/\/www.meler.cn\/es\/industrias\/hot-melt-para-la-industria-del-packaging\/conseguir-un-producto-100-sostenible\/\"]}]},{\"@type\":\"BreadcrumbList\",\"@id\":\"https:\/\/www.meler.cn\/es\/industrias\/hot-melt-para-la-industria-del-packaging\/conseguir-un-producto-100-sostenible\/#breadcrumb\",\"itemListElement\":[{\"@type\":\"ListItem\",\"position\":1,\"name\":\"Portada\",\"item\":\"https:\/\/www.meler.cn\/es\/\"},{\"@type\":\"ListItem\",\"position\":2,\"name\":\"Industrias\",\"item\":\"https:\/\/20097.ttandemdigital.com\/es\/industrias\/\"},{\"@type\":\"ListItem\",\"position\":3,\"name\":\"Hot melt para la industria del envase y el embalaje\",\"item\":\"https:\/\/20097.ttandemdigital.com\/es\/industrias\/hot-melt-para-la-industria-del-packaging\/\"},{\"@type\":\"ListItem\",\"position\":4,\"name\":\"Conseguir un producto 100% sostenible\"}]},{\"@type\":\"WebSite\",\"@id\":\"https:\/\/www.meler.cn\/es\/#website\",\"url\":\"https:\/\/www.meler.cn\/es\/\",\"name\":\"Meler\",\"description\":\"Just another WordPress site\",\"potentialAction\":[{\"@type\":\"SearchAction\",\"target\":{\"@type\":\"EntryPoint\",\"urlTemplate\":\"https:\/\/www.meler.cn\/es\/?s={search_term_string}\"},\"query-input\":\"required name=search_term_string\"}],\"inLanguage\":\"es\"}]}<\/script>\n<!-- \/ Yoast SEO plugin. -->","yoast_head_json":{"title":"Meler mejora el proceso productivo de Bodegas Artazu - Meler","description":"Sistema de lacrado de alta velocidad de Meler para una 100% producci\u00f3n ecol\u00f3gica en Bodegas Artazu","robots":{"index":"index","follow":"follow","max-snippet":"max-snippet:-1","max-image-preview":"max-image-preview:large","max-video-preview":"max-video-preview:-1"},"canonical":"https:\/\/www.meler.cn\/es\/industrias\/hot-melt-para-la-industria-del-packaging\/conseguir-un-producto-100-sostenible\/","og_locale":"es_ES","og_type":"article","og_title":"Meler mejora el proceso productivo de Bodegas Artazu - Meler","og_description":"Sistema de lacrado de alta velocidad de Meler para una 100% producci\u00f3n ecol\u00f3gica en Bodegas Artazu","og_url":"https:\/\/www.meler.cn\/es\/industrias\/hot-melt-para-la-industria-del-packaging\/conseguir-un-producto-100-sostenible\/","og_site_name":"Meler","article_modified_time":"2023-02-15T11:45:34+00:00","og_image":[{"width":1920,"height":780,"url":"https:\/\/20097.ttandemdigital.com\/media\/header-industrias-construccion-caso-exito-bodega-artazu.png","type":"image\/png"}],"twitter_card":"summary_large_image","twitter_misc":{"Tiempo de lectura":"3 minutos"},"schema":{"@context":"https:\/\/schema.org","@graph":[{"@type":"WebPage","@id":"https:\/\/www.meler.cn\/es\/industrias\/hot-melt-para-la-industria-del-packaging\/conseguir-un-producto-100-sostenible\/","url":"https:\/\/www.meler.cn\/es\/industrias\/hot-melt-para-la-industria-del-packaging\/conseguir-un-producto-100-sostenible\/","name":"Meler mejora el proceso productivo de Bodegas Artazu - Meler","isPartOf":{"@id":"https:\/\/www.meler.cn\/es\/#website"},"datePublished":"2022-12-30T16:30:08+00:00","dateModified":"2023-02-15T11:45:34+00:00","description":"Sistema de lacrado de alta velocidad de Meler para una 100% producci\u00f3n ecol\u00f3gica en Bodegas Artazu","breadcrumb":{"@id":"https:\/\/www.meler.cn\/es\/industrias\/hot-melt-para-la-industria-del-packaging\/conseguir-un-producto-100-sostenible\/#breadcrumb"},"inLanguage":"es","potentialAction":[{"@type":"ReadAction","target":["https:\/\/www.meler.cn\/es\/industrias\/hot-melt-para-la-industria-del-packaging\/conseguir-un-producto-100-sostenible\/"]}]},{"@type":"BreadcrumbList","@id":"https:\/\/www.meler.cn\/es\/industrias\/hot-melt-para-la-industria-del-packaging\/conseguir-un-producto-100-sostenible\/#breadcrumb","itemListElement":[{"@type":"ListItem","position":1,"name":"Portada","item":"https:\/\/www.meler.cn\/es\/"},{"@type":"ListItem","position":2,"name":"Industrias","item":"https:\/\/20097.ttandemdigital.com\/es\/industrias\/"},{"@type":"ListItem","position":3,"name":"Hot melt para la industria del envase y el embalaje","item":"https:\/\/20097.ttandemdigital.com\/es\/industrias\/hot-melt-para-la-industria-del-packaging\/"},{"@type":"ListItem","position":4,"name":"Conseguir un producto 100% sostenible"}]},{"@type":"WebSite","@id":"https:\/\/www.meler.cn\/es\/#website","url":"https:\/\/www.meler.cn\/es\/","name":"Meler","description":"Just another WordPress site","potentialAction":[{"@type":"SearchAction","target":{"@type":"EntryPoint","urlTemplate":"https:\/\/www.meler.cn\/es\/?s={search_term_string}"},"query-input":"required name=search_term_string"}],"inLanguage":"es"}]}},"_links":{"self":[{"href":"https:\/\/www.meler.cn\/es\/wp-json\/wp\/v2\/pages\/15006"}],"collection":[{"href":"https:\/\/www.meler.cn\/es\/wp-json\/wp\/v2\/pages"}],"about":[{"href":"https:\/\/www.meler.cn\/es\/wp-json\/wp\/v2\/types\/page"}],"author":[{"embeddable":true,"href":"https:\/\/www.meler.cn\/es\/wp-json\/wp\/v2\/users\/1"}],"replies":[{"embeddable":true,"href":"https:\/\/www.meler.cn\/es\/wp-json\/wp\/v2\/comments?post=15006"}],"version-history":[{"count":38,"href":"https:\/\/www.meler.cn\/es\/wp-json\/wp\/v2\/pages\/15006\/revisions"}],"predecessor-version":[{"id":30160,"href":"https:\/\/www.meler.cn\/es\/wp-json\/wp\/v2\/pages\/15006\/revisions\/30160"}],"up":[{"embeddable":true,"href":"https:\/\/www.meler.cn\/es\/wp-json\/wp\/v2\/pages\/12016"}],"wp:featuredmedia":[{"embeddable":true,"href":"https:\/\/www.meler.cn\/es\/wp-json\/wp\/v2\/media\/739"}],"wp:attachment":[{"href":"https:\/\/www.meler.cn\/es\/wp-json\/wp\/v2\/media?parent=15006"}],"curies":[{"name":"wp","href":"https:\/\/api.w.org\/{rel}","templated":true}]}}