




















{"id":14106,"date":"2022-12-29T11:24:08","date_gmt":"2022-12-29T11:24:08","guid":{"rendered":"https:\/\/www.meler.eu\/?page_id=14106"},"modified":"2023-03-15T15:30:41","modified_gmt":"2023-03-15T15:30:41","slug":"newsletter","status":"publish","type":"page","link":"https:\/\/www.meler.cn\/es\/newsletter\/","title":{"rendered":"\u00bfQuieres conocer nuestras \u00faltimas novedades?"},"content":{"rendered":"<p>[vc_row row_spacing=\u00bbspacing-v-0&#8243; row_spacing_h=\u00bbspacing-h-0&#8243; el_class=\u00bbrow-no-header\u00bb][vc_column width=\u00bb1\/1&#8243;][vc_row_inner el_class=\u00bbbox-container\u00bb][vc_column_inner width=\u00bb1\/2&#8243;][text]<\/p>\n<h1>\u00bfQuieres conocer <strong>nuestras \u00faltimas novedades<\/strong>?<\/h1>\n<p>Suscr\u00edbete a la Newsletter que te mantendr\u00e1 al tanto de la actualidad de la industria. S\u00e9 el primero en descubrir nuestros \u00faltimos desarrollos y ten acceso a entrevistas exclusivas con profesionales del sector.[\/text][pardot pardot_url=\u00bbhttps:\/\/marketing.meler.eu\/l\/945933\/2021-12-16\/9rcv4&#8243;][\/vc_column_inner][vc_column_inner width=\u00bb1\/2&#8243;][\/vc_column_inner][\/vc_row_inner][\/vc_column][\/vc_row]<\/p>\n","protected":false},"excerpt":{"rendered":"<p>[vc_row row_spacing=\u00bbspacing-v-0&#8243; row_spacing_h=\u00bbspacing-h-0&#8243; el_class=\u00bbrow-no-header\u00bb][vc_column width=\u00bb1\/1&#8243;][vc_row_inner el_class=\u00bbbox-container\u00bb][vc_column_inner width=\u00bb1\/2&#8243;][text] \u00bfQuieres conocer nuestras \u00faltimas novedades? Suscr\u00edbete a la Newsletter que te mantendr\u00e1 al tanto de la actualidad de la industria. S\u00e9 el primero en descubrir nuestros \u00faltimos desarrollos y ten acceso a entrevistas exclusivas con profesionales del sector.[\/text][pardot pardot_url=\u00bbhttps:\/\/marketing.meler.eu\/l\/945933\/2021-12-16\/9rcv4&#8243;][\/vc_column_inner][vc_column_inner width=\u00bb1\/2&#8243;][\/vc_column_inner][\/vc_row_inner][\/vc_column][\/vc_row]<\/p>\n","protected":false},"author":1,"featured_media":26028,"parent":0,"menu_order":254,"comment_status":"closed","ping_status":"closed","template":"template-no-header.php","meta":[],"yoast_head":"<!-- This site is optimized with the Yoast SEO plugin v20.3 - https:\/\/yoast.com\/wordpress\/plugins\/seo\/ -->\n<title>\u00bfQuieres conocer nuestras \u00faltimas novedades? - Meler<\/title>\n<meta name=\"robots\" content=\"index, follow, max-snippet:-1, max-image-preview:large, max-video-preview:-1\" \/>\n<link rel=\"canonical\" href=\"https:\/\/www.meler.cn\/es\/newsletter\/\" \/>\n<meta property=\"og:locale\" content=\"es_ES\" \/>\n<meta property=\"og:type\" content=\"article\" \/>\n<meta property=\"og:title\" content=\"\u00bfQuieres conocer nuestras \u00faltimas novedades? - Meler\" \/>\n<meta property=\"og:description\" content=\"[vc_row row_spacing=\u00bbspacing-v-0&#8243; row_spacing_h=\u00bbspacing-h-0&#8243; el_class=\u00bbrow-no-header\u00bb][vc_column width=\u00bb1\/1&#8243;][vc_row_inner el_class=\u00bbbox-container\u00bb][vc_column_inner width=\u00bb1\/2&#8243;][text] \u00bfQuieres conocer nuestras \u00faltimas novedades? Suscr\u00edbete a la Newsletter que te mantendr\u00e1 al tanto de la actualidad de la industria. S\u00e9 el primero en descubrir nuestros \u00faltimos desarrollos y ten acceso a entrevistas exclusivas con profesionales del sector.[\/text][pardot pardot_url=\u00bbhttps:\/\/marketing.meler.eu\/l\/945933\/2021-12-16\/9rcv4&#8243;][\/vc_column_inner][vc_column_inner width=\u00bb1\/2&#8243;][\/vc_column_inner][\/vc_row_inner][\/vc_column][\/vc_row]\" \/>\n<meta property=\"og:url\" content=\"https:\/\/www.meler.cn\/es\/newsletter\/\" \/>\n<meta property=\"og:site_name\" content=\"Meler\" \/>\n<meta property=\"article:modified_time\" content=\"2023-03-15T15:30:41+00:00\" \/>\n<meta property=\"og:image\" content=\"https:\/\/20097.ttandemdigital.com\/media\/header-newsletter-meler.png\" \/>\n\t<meta property=\"og:image:width\" content=\"1920\" \/>\n\t<meta property=\"og:image:height\" content=\"780\" \/>\n\t<meta property=\"og:image:type\" content=\"image\/png\" \/>\n<meta name=\"twitter:card\" content=\"summary_large_image\" \/>\n<meta name=\"twitter:label1\" content=\"Tiempo de lectura\" \/>\n\t<meta name=\"twitter:data1\" content=\"1 minuto\" \/>\n<script type=\"application\/ld+json\" class=\"yoast-schema-graph\">{\"@context\":\"https:\/\/schema.org\",\"@graph\":[{\"@type\":\"WebPage\",\"@id\":\"https:\/\/www.meler.cn\/es\/newsletter\/\",\"url\":\"https:\/\/www.meler.cn\/es\/newsletter\/\",\"name\":\"\u00bfQuieres conocer nuestras \u00faltimas novedades? - Meler\",\"isPartOf\":{\"@id\":\"https:\/\/www.meler.cn\/es\/#website\"},\"datePublished\":\"2022-12-29T11:24:08+00:00\",\"dateModified\":\"2023-03-15T15:30:41+00:00\",\"breadcrumb\":{\"@id\":\"https:\/\/www.meler.cn\/es\/newsletter\/#breadcrumb\"},\"inLanguage\":\"es\",\"potentialAction\":[{\"@type\":\"ReadAction\",\"target\":[\"https:\/\/www.meler.cn\/es\/newsletter\/\"]}]},{\"@type\":\"BreadcrumbList\",\"@id\":\"https:\/\/www.meler.cn\/es\/newsletter\/#breadcrumb\",\"itemListElement\":[{\"@type\":\"ListItem\",\"position\":1,\"name\":\"Portada\",\"item\":\"https:\/\/www.meler.cn\/es\/\"},{\"@type\":\"ListItem\",\"position\":2,\"name\":\"\u00bfQuieres conocer nuestras \u00faltimas novedades?\"}]},{\"@type\":\"WebSite\",\"@id\":\"https:\/\/www.meler.cn\/es\/#website\",\"url\":\"https:\/\/www.meler.cn\/es\/\",\"name\":\"Meler\",\"description\":\"Just another WordPress site\",\"potentialAction\":[{\"@type\":\"SearchAction\",\"target\":{\"@type\":\"EntryPoint\",\"urlTemplate\":\"https:\/\/www.meler.cn\/es\/?s={search_term_string}\"},\"query-input\":\"required name=search_term_string\"}],\"inLanguage\":\"es\"}]}<\/script>\n<!-- \/ Yoast SEO plugin. -->","yoast_head_json":{"title":"\u00bfQuieres conocer nuestras \u00faltimas novedades? - Meler","robots":{"index":"index","follow":"follow","max-snippet":"max-snippet:-1","max-image-preview":"max-image-preview:large","max-video-preview":"max-video-preview:-1"},"canonical":"https:\/\/www.meler.cn\/es\/newsletter\/","og_locale":"es_ES","og_type":"article","og_title":"\u00bfQuieres conocer nuestras \u00faltimas novedades? - Meler","og_description":"[vc_row row_spacing=\u00bbspacing-v-0&#8243; row_spacing_h=\u00bbspacing-h-0&#8243; el_class=\u00bbrow-no-header\u00bb][vc_column width=\u00bb1\/1&#8243;][vc_row_inner el_class=\u00bbbox-container\u00bb][vc_column_inner width=\u00bb1\/2&#8243;][text] \u00bfQuieres conocer nuestras \u00faltimas novedades? Suscr\u00edbete a la Newsletter que te mantendr\u00e1 al tanto de la actualidad de la industria. S\u00e9 el primero en descubrir nuestros \u00faltimos desarrollos y ten acceso a entrevistas exclusivas con profesionales del sector.[\/text][pardot pardot_url=\u00bbhttps:\/\/marketing.meler.eu\/l\/945933\/2021-12-16\/9rcv4&#8243;][\/vc_column_inner][vc_column_inner width=\u00bb1\/2&#8243;][\/vc_column_inner][\/vc_row_inner][\/vc_column][\/vc_row]","og_url":"https:\/\/www.meler.cn\/es\/newsletter\/","og_site_name":"Meler","article_modified_time":"2023-03-15T15:30:41+00:00","og_image":[{"width":1920,"height":780,"url":"https:\/\/20097.ttandemdigital.com\/media\/header-newsletter-meler.png","type":"image\/png"}],"twitter_card":"summary_large_image","twitter_misc":{"Tiempo de lectura":"1 minuto"},"schema":{"@context":"https:\/\/schema.org","@graph":[{"@type":"WebPage","@id":"https:\/\/www.meler.cn\/es\/newsletter\/","url":"https:\/\/www.meler.cn\/es\/newsletter\/","name":"\u00bfQuieres conocer nuestras \u00faltimas novedades? - Meler","isPartOf":{"@id":"https:\/\/www.meler.cn\/es\/#website"},"datePublished":"2022-12-29T11:24:08+00:00","dateModified":"2023-03-15T15:30:41+00:00","breadcrumb":{"@id":"https:\/\/www.meler.cn\/es\/newsletter\/#breadcrumb"},"inLanguage":"es","potentialAction":[{"@type":"ReadAction","target":["https:\/\/www.meler.cn\/es\/newsletter\/"]}]},{"@type":"BreadcrumbList","@id":"https:\/\/www.meler.cn\/es\/newsletter\/#breadcrumb","itemListElement":[{"@type":"ListItem","position":1,"name":"Portada","item":"https:\/\/www.meler.cn\/es\/"},{"@type":"ListItem","position":2,"name":"\u00bfQuieres conocer nuestras \u00faltimas novedades?"}]},{"@type":"WebSite","@id":"https:\/\/www.meler.cn\/es\/#website","url":"https:\/\/www.meler.cn\/es\/","name":"Meler","description":"Just another WordPress site","potentialAction":[{"@type":"SearchAction","target":{"@type":"EntryPoint","urlTemplate":"https:\/\/www.meler.cn\/es\/?s={search_term_string}"},"query-input":"required name=search_term_string"}],"inLanguage":"es"}]}},"_links":{"self":[{"href":"https:\/\/www.meler.cn\/es\/wp-json\/wp\/v2\/pages\/14106"}],"collection":[{"href":"https:\/\/www.meler.cn\/es\/wp-json\/wp\/v2\/pages"}],"about":[{"href":"https:\/\/www.meler.cn\/es\/wp-json\/wp\/v2\/types\/page"}],"author":[{"embeddable":true,"href":"https:\/\/www.meler.cn\/es\/wp-json\/wp\/v2\/users\/1"}],"replies":[{"embeddable":true,"href":"https:\/\/www.meler.cn\/es\/wp-json\/wp\/v2\/comments?post=14106"}],"version-history":[{"count":7,"href":"https:\/\/www.meler.cn\/es\/wp-json\/wp\/v2\/pages\/14106\/revisions"}],"predecessor-version":[{"id":22731,"href":"https:\/\/www.meler.cn\/es\/wp-json\/wp\/v2\/pages\/14106\/revisions\/22731"}],"wp:featuredmedia":[{"embeddable":true,"href":"https:\/\/www.meler.cn\/es\/wp-json\/wp\/v2\/media\/26028"}],"wp:attachment":[{"href":"https:\/\/www.meler.cn\/es\/wp-json\/wp\/v2\/media?parent=14106"}],"curies":[{"name":"wp","href":"https:\/\/api.w.org\/{rel}","templated":true}]}}