




















{"id":14006,"date":"2022-12-29T08:22:29","date_gmt":"2022-12-29T08:22:29","guid":{"rendered":"https:\/\/www.meler.eu\/?page_id=14006"},"modified":"2023-03-15T15:38:29","modified_gmt":"2023-03-15T15:38:29","slug":"politica-de-privacidad","status":"publish","type":"page","link":"https:\/\/www.meler.cn\/es\/politica-de-privacidad\/","title":{"rendered":"Pol\u00edtica de privacidad"},"content":{"rendered":"<p>[vc_row][vc_column width=\u00bb1\/1&#8243;][text]Los datos personales que nos facilites por cualesquiera de los medios habilitados al efecto, ser\u00e1n tratados de conformidad con la siguiente pol\u00edtica de privacidad.<\/p>\n<p>En relaci\u00f3n con la recogida de datos, informarte de que, en el caso de que no resulte necesario facilitar todos los datos solicitados, se identificar\u00e1n con un asterisco aquellos campos que sea obligatorio cumplimentar, siendo el resto, absolutamente voluntarios.<\/p>\n<h2>IDENTIDAD DEL RESPONSABLE<\/h2>\n<p><strong>Responsable:<\/strong> Focke Meler Gluing Solutions, S.A.<br \/>\n<strong>Direcci\u00f3n postal:<\/strong> Pol. Arazuri-Orkoien, calle B, n\u00ba3A. E-31170 \u00b7 Arazuri (Navarra)<br \/>\n<strong>N.I.F.:<\/strong> A31248636<br \/>\n<strong>Tel\u00e9fono: <\/strong>948 351 110<br \/>\n<strong>Email:<\/strong> <a href=\"mailto:info@meler.cn\">info@meler.cn<\/a><\/p>\n<h2>TRATAMIENTOS DE DATOS<\/h2>\n<p>A continuaci\u00f3n, te informamos sobre los tratamientos de datos que recoge esta pol\u00edtica de privacidad, indic\u00e1ndote tanto la base legal del\u00a0<a href=\"https:\/\/eur-lex.europa.eu\/legal-content\/ES\/TXT\/?uri=CELEX:32016R0679\" target=\"_blank\" rel=\"noreferrer noopener\">Reglamento General de Protecci\u00f3n de Datos<\/a> (en adelante, RGPD) como el plazo de conservaci\u00f3n espec\u00edfico de los datos, a los que habr\u00e1 que a\u00f1adir el tiempo necesario para cumplir con las obligaciones legales y atender las posibles responsabilidades que se pudieran derivarse para el Responsable en relaci\u00f3n con el cumplimiento de la finalidad para la que los datos fueron recabados:<\/p>\n<h3>RELATIVOS A NUESTRA RELACI\u00d3N CONTIGO<\/h3>\n<table>\n<tbody>\n<tr>\n<th>Tratamientos y finalidades<\/th>\n<th>Base legal (RGPD)<\/th>\n<th>Plazo<\/th>\n<\/tr>\n<tr>\n<td><strong>Solicitudes de informaci\u00f3n o consulta:\u00a0<\/strong>Emplearemos tus datos para atender las peticiones de informaci\u00f3n, consulta o reclamaciones que nos remitas, con la gesti\u00f3n y alcance que las mismas requieran. As\u00ed como para la confecci\u00f3n de propuestas de servicios y\/o colaboraci\u00f3n.<\/td>\n<td>6.1.a) RGPD. El interesado dio su consentimiento para el tratamiento.<br \/>\n6.1.b) RGPD. El tratamiento es necesario para aplicaci\u00f3n a petici\u00f3n del interesado de medidas precontractuales.<\/td>\n<td>Durante el tiempo necesario para atender y gestionar tu solicitud y\/o reclamaci\u00f3n.<\/td>\n<\/tr>\n<tr>\n<td><strong>Prestaci\u00f3n de servicios<\/strong>: Emplearemos tus datos para gestionar y tramitar la prestaci\u00f3n de los servicios que nos hubieras contratado tales como por ejemplo los servicios de mantenimiento.<\/td>\n<td><strong>Art.\u00a0<\/strong><strong>6.1.b)<\/strong>\u00a0El tratamiento es necesario para la ejecuci\u00f3n de un contrato en el que el interesado es parte.<\/td>\n<td>Mientras se prolongue la relaci\u00f3n y\/o el servicio.<\/td>\n<\/tr>\n<tr>\n<td><strong>Newsletter\u00a0y Comunicaciones comerciales:\u00a0\u00a0<\/strong>Cuando nos lo solicites o consientas, emplearemos tus datos para enviarte comunicaciones comerciales sobre productos o servicios del Responsable.<\/td>\n<td><strong>Art.\u00a0<\/strong><strong>6.1.a)\u00a0<\/strong>Consenti-miento expreso del interesado.<\/td>\n<td>Mientras no retires tu consentimiento y te opongas al tratamiento.<\/td>\n<\/tr>\n<tr>\n<td><strong>Personas f\u00edsicas actuando en representaci\u00f3n de jur\u00eddicas:\u00a0<\/strong>Emplearemos tus datos para gestionar y atender dicha situaci\u00f3n de representaci\u00f3n.<\/td>\n<td><strong>Art.\u00a0<\/strong><strong>6.1.f)<\/strong>\u00a0Inter\u00e9s leg\u00edtimo del Responsable basado en el art\u00edculo 19 de la\u00a0<a href=\"https:\/\/www.boe.es\/boe\/dias\/2018\/12\/06\/pdfs\/BOE-A-2018-16673.pdf\"><span data-contrast=\"auto\">Ley Org\u00e1nica 3\/2018<\/span><\/a>.<\/td>\n<td>Mientras se mantenga vigente la relaci\u00f3n contractual con la persona jur\u00eddica representada y estemos legitimados para el tratamiento.<\/td>\n<\/tr>\n<tr>\n<td><strong>Gestionar tu participaci\u00f3n en visitas, eventos y\/o acciones formativas:\u00a0<\/strong>En el caso de que te inscribas como participante en alguna de las acciones o eventos (cursos, eventos\u2026) trataremos tus datos para gestionar tu participaci\u00f3n en los mismos, e inscribirte como participante, quedando tu participaci\u00f3n sujeta a las bases legales de la acci\u00f3n concreta.<\/td>\n<td><strong>Art. 6.1.b)\u00a0<\/strong>Ejecuci\u00f3n de un contrato del que el interesado es parte (Bases legales\/condiciones generales).<\/td>\n<td>Mientras se mantenga vigente la relaci\u00f3n contractual y el Responsable est\u00e9 legitimado para el tratamiento.<\/td>\n<\/tr>\n<tr>\n<td><strong>En el caso de los eventos con acceso p\u00fablico, captaci\u00f3n y uso de tu imagen para ilustrar noticias o rese\u00f1as sobre el evento.<\/strong><\/td>\n<td><strong>Art.6.1.a)\u00a0<\/strong>Consenti- miento expreso del interesado.<\/td>\n<td>Mientras no te opongas al tratamiento de tus datos.<\/td>\n<\/tr>\n<tr>\n<td><strong>RRHH: bolsa de empleo y procesos de selecci\u00f3n\u00a0<\/strong>Gestionamos una bolsa de empleo y, en este sentido, cuando te inscribas en una oferta de trabajo del Responsable y\/o nos env\u00edes tu CV, trataremos tus datos para cubrir posibles vacantes, colaboraciones, pr\u00e1cticas o becas.<br \/>\nCuando te postules para una candidatura concreta, se analizar\u00e1 tu candidatura en relaci\u00f3n con la misma y, en su caso, si te ajustas al perfil nos pondremos en contacto contigo.<\/td>\n<td><strong>Art. 6.1.a)<\/strong>\u00a0El interesado dio su consentimiento para el tratamiento.<br \/>\n<strong>Art. 6.1.b)<\/strong>\u00a0El tratamiento es necesario para aplicaci\u00f3n a petici\u00f3n del interesado de medidas precontractuales.<\/td>\n<td>Dos a\u00f1os.<\/td>\n<\/tr>\n<\/tbody>\n<\/table>\n<h3>ASOCIADOS AL CUMPLIMIENTO NORMATIVO<\/h3>\n<table>\n<tbody>\n<tr>\n<th>Tratamientos<\/th>\n<th>Base legal<\/th>\n<th>Plazo<\/th>\n<\/tr>\n<tr>\n<td><strong>Atenci\u00f3n del ejercicio de los derechos de los interesados<\/strong>: En el caso de que, como interesado, ejercites alguno de los derechos que te asisten en relaci\u00f3n con tus datos personales, emplearemos los datos que nos facilites para evaluar tu solicitud y atender la misma.<\/td>\n<td><strong>Art.\u00a0<\/strong><strong>6.1.c)<\/strong>\u00a0Cumplimiento de una obligaci\u00f3n legal aplicable al Responsable basada en los art\u00edculos 15 a 22 del\u00a0<a href=\"https:\/\/eur-lex.europa.eu\/legal-content\/ES\/TXT\/?uri=CELEX%3A02016R0679-20160504\"><span data-contrast=\"auto\">RGPD<\/span><\/a>\u00a0y 12 a 18 de la\u00a0<a href=\"https:\/\/www.boe.es\/boe\/dias\/2018\/12\/06\/pdfs\/BOE-A-2018-16673.pdf\">Ley Org\u00e1nica 3\/2018<\/a>.<\/td>\n<td>Mientras resulte necesario para atender el ejercicio de derechos comunicado al Responsable.<\/td>\n<\/tr>\n<tr>\n<td><strong>Cumplimiento de las obligaciones legales vinculadas a los productos y\/o servicios ofrecidos a los interesados.\u00a0<\/strong>Emplearemos tus datos para dar cumplimiento a las exigencias legales aplicables a la relaci\u00f3n que nos une contigo.<\/td>\n<td><strong>Art.\u00a0<\/strong><strong>6.1.c)<\/strong>\u00a0Cumplimi\u00a0ento\u00a0de una obligaci\u00f3n legal aplicable al responsable.<\/td>\n<td>Mientras resulte necesario para dar cumplimiento a las obligaciones legales del Responsable.<\/td>\n<\/tr>\n<\/tbody>\n<\/table>\n<h3>COOKIES<\/h3>\n<table>\n<tbody>\n<tr>\n<td>En el caso de que al iniciar la visita a esta p\u00e1gina web hayas aceptado recibir cookies, se te aplicar\u00e1 la pol\u00edtica de cookies del sitio web, accesible a trav\u00e9s del siguiente enlace.<\/td>\n<\/tr>\n<\/tbody>\n<\/table>\n<p>En el caso de que se te solicite en alg\u00fan momento autorizaci\u00f3n para el tratamiento de tus datos, para una finalidad que requiera tu consentimiento, su no otorgamiento (o su eventual retirada con posterioridad) no tendr\u00e1 consecuencias para ti en ning\u00fan caso.<\/p>\n<h2>TIPO DE DATOS QUE PODEMOS RECOGER SOBRE TI<\/h2>\n<p>A trav\u00e9s de las distintas v\u00edas de contacto (correo electr\u00f3nico, tel\u00e9fono, fax\u2026), los formularios, habilitados en nuestro sitio web, se recoger\u00e1n datos identificativos y de contacto, tales como nombre, apellidos, correo electr\u00f3nico, tel\u00e9fono, etc. En alg\u00fan formulario espec\u00edfico, puedes remitirnos informaci\u00f3n complementaria (ej. motivo de la consulta, informaci\u00f3n adicional relacionada con acciones, cv\u2026).<\/p>\n<p>Finalmente, en funci\u00f3n de tus preferencias con las cookies, la configuraci\u00f3n de tu dispositivo al acceder a la p\u00e1gina o a las comunicaciones que te remitamos, podr\u00edamos registrar tu navegaci\u00f3n en nuestra p\u00e1gina web obteniendo informaci\u00f3n sobre tu comportamiento e intereses y podr\u00edamos asimismo conocer la apertura de las comunicaciones comerciales.<\/p>\n<h2>DESTINATARIOS<\/h2>\n<p>Con car\u00e1cter general, salvo obligaci\u00f3n legal, tus datos no ser\u00e1n comunicados ni transferidos a ning\u00fan tercero sin contar previamente con tu consentimiento expreso. En todo caso, algunas comunicaciones y\/o transferencias de datos a terceros pueden venir impuestas por determinada normativa o para atender las obligaciones con las Administraciones P\u00fablicas en los casos que as\u00ed se requiera de acuerdo con la legislaci\u00f3n vigente, en cada momento.<\/p>\n<p>Otras comunicaciones y\/o transferencias ser\u00e1n consecuencia necesaria de la prestaci\u00f3n del servicio solicitado, gesti\u00f3n del evento o resultado de un consentimiento expreso por tu parte a la comunicaci\u00f3n. A continuaci\u00f3n, recogemos aquellas finalidades para las que puede resultar necesario comunicar tus datos a terceros:<\/p>\n<ul>\n<li><strong>Coorganizaci\u00f3n de eventos, formaciones o acciones promocionales.<\/strong> En el caso de organizar eventos con otras entidades te informamos de que tus datos ser\u00e1n tratados adem\u00e1s de por el Responsable, por la organizaci\u00f3n u organizaciones que se identifiquen en las condiciones que regulen dicha acci\u00f3n concreta.<\/li>\n<li><strong>Env\u00edo de comunicaciones y boletines, medici\u00f3n de su actividad, formularios y encuestas.<\/strong> En este caso, se comunicar\u00e1n tus datos a la empresa titular de la soluci\u00f3n tecnol\u00f3gica empleada con dicha finalidad, para que cumpla con las funciones de env\u00edo y medici\u00f3n que le han sido encomendadas.<\/li>\n<li><strong>Hosting de la p\u00e1gina web.<\/strong> Los datos alojados en nuestro sitio web ser\u00e1n comunicados a la empresa que nos presta el servicio de alojamiento web.<\/li>\n<\/ul>\n<p>Finalmente, te informamos de que empleamos los siguientes servicios de terceros que implican transferencias internacionales de datos:<\/p>\n<ul>\n<li>Servicio de anal\u00edtica web denominado \u201cGoogle Analytics\u201d proporcionado por Google (Google Ireland Limited) que seg\u00fan los <a href=\"https:\/\/marketingplatform.google.com\/about\/analytics\/terms\/es\/\" target=\"_blank\" rel=\"noopener\">t\u00e9rminos y condiciones del proveedor<\/a>, implica transferencias internacionales de datos fuera del espacio econ\u00f3mico de la UE, y <a href=\"https:\/\/support.google.com\/analytics\/answer\/6004245#zippy=%2Cnuestra-pol%C3%ADtica-de-privacidad%2Cgoogle-analytics-y-su-cumplimiento-del-reglamento-general-de-protecci%C3%B3n-de-datos-rgpd%2Ctransferencias-internacionales\" target=\"_blank\" rel=\"noopener\">seg\u00fan declaraci\u00f3n del proveedor<\/a>, cumplen con el marco legal aplicable por medio de las Cl\u00e1usulas Contractuales Tipo establecidas por la Comisi\u00f3n Europea.<\/li>\n<\/ul>\n<p>En cualquier caso, trasladarte que nos esforzamos porque todos nuestros colaboradores o proveedores que puedan tener acceso a tus datos cumplan con las exigencias establecidas en el Reglamento General de Protecci\u00f3n de datos y ofrezcan garant\u00edas adecuadas.<\/p>\n<h2>DERECHOS<\/h2>\n<p>Respecto a los datos de car\u00e1cter personal recogidos para su tratamiento tienes la posibilidad de ejercitar los derechos de acceso, rectificaci\u00f3n, supresi\u00f3n y portabilidad. Asimismo, en determinadas circunstancias, tendr\u00e1s derecho a solicitar la limitaci\u00f3n u oposici\u00f3n del tratamiento de tus datos, en cuyo caso el Responsable cesar\u00e1 en su tratamiento y \u00fanicamente conservar\u00e1 los mismos en el caso de que exista alguna obligaci\u00f3n normativa que as\u00ed se lo imponga o hasta la prescripci\u00f3n de las acciones que pudieran concurrir. Para cualquier consulta o ejercicio de tus derechos puedes dirigirte a nosotros acreditando tu identidad en el email <a href=\"mailto:info@meler.cn\" target=\"_blank\" rel=\"noopener\">info@meler.cn<\/a> o a trav\u00e9s de cualquiera de las v\u00edas de contacto indicadas en el encabezamiento de la presente pol\u00edtica de protecci\u00f3n de datos.<\/p>\n<p>Finalmente, tambi\u00e9n podr\u00e1s dirigirte ante la autoridad de control cuando lo consideres oportuno para interponer una reclamaci\u00f3n (por ejemplo, en el pa\u00eds donde tengas tu residencia habitual, tu lugar de trabajo o en el que consideres que se ha producido la supuesta infracci\u00f3n). A los efectos oportunos, te informamos que en Espa\u00f1a la Autoridad de Control es la <a href=\"http:\/\/www.aepd.es\/\" target=\"_blank\" rel=\"noopener\">Agencia Espa\u00f1ola de Protecci\u00f3n de Datos<\/a>, y puedes ejercitar tus derechos a trav\u00e9s de los formularios que \u00e9sta entidad tiene habilitados al efecto y que est\u00e1n disponibles en su <a href=\"https:\/\/sedeagpd.gob.es\/sede-electronica-web\/vistas\/infoSede\/inicioCiudadano.jsf\" target=\"_blank\" rel=\"noopener\">sede electr\u00f3nica<\/a>.<\/p>\n<p>Si quieres m\u00e1s informaci\u00f3n sobre los mencionados derechos te invitamos a que sigas leyendo o que visites la <a href=\"https:\/\/www.aepd.es\/es\/documento\/cuales-son-tus-derechos-de-proteccion-de-datos.pdf\" target=\"_blank\" rel=\"noopener\">infograf\u00eda elaborada por la Agencia Espa\u00f1ola de Protecci\u00f3n de Datos<\/a>.<\/p>\n<p>Podr\u00e1s dirigir tu reclamaci\u00f3n o ejercitar tus derechos a trav\u00e9s de cualquiera de las v\u00edas de contacto indicadas en el apartado de \u201cIdentidad del Responsable\u201d de la presente pol\u00edtica.[\/text][\/vc_column][\/vc_row]<\/p>\n","protected":false},"excerpt":{"rendered":"<p>[vc_row][vc_column width=\u00bb1\/1&#8243;][text]Los datos personales que nos facilites por cualesquiera de los medios habilitados al efecto, ser\u00e1n tratados de conformidad con la siguiente pol\u00edtica de privacidad. En relaci\u00f3n con la recogida de datos, informarte de que, en el caso de que no resulte necesario facilitar todos los datos solicitados, se identificar\u00e1n con un asterisco aquellos campos [&hellip;]<\/p>\n","protected":false},"author":1,"featured_media":26040,"parent":0,"menu_order":251,"comment_status":"closed","ping_status":"closed","template":"template-content-min.php","meta":[],"yoast_head":"<!-- This site is optimized with the Yoast SEO plugin v20.3 - https:\/\/yoast.com\/wordpress\/plugins\/seo\/ -->\n<title>Pol\u00edtica de privacidad - Meler<\/title>\n<meta name=\"robots\" content=\"index, follow, max-snippet:-1, max-image-preview:large, max-video-preview:-1\" \/>\n<link rel=\"canonical\" href=\"https:\/\/www.meler.cn\/es\/politica-de-privacidad\/\" \/>\n<meta property=\"og:locale\" content=\"es_ES\" \/>\n<meta property=\"og:type\" content=\"article\" \/>\n<meta property=\"og:title\" content=\"Pol\u00edtica de privacidad - Meler\" \/>\n<meta property=\"og:description\" content=\"[vc_row][vc_column width=\u00bb1\/1&#8243;][text]Los datos personales que nos facilites por cualesquiera de los medios habilitados al efecto, ser\u00e1n tratados de conformidad con la siguiente pol\u00edtica de privacidad. En relaci\u00f3n con la recogida de datos, informarte de que, en el caso de que no resulte necesario facilitar todos los datos solicitados, se identificar\u00e1n con un asterisco aquellos campos [&hellip;]\" \/>\n<meta property=\"og:url\" content=\"https:\/\/www.meler.cn\/es\/politica-de-privacidad\/\" \/>\n<meta property=\"og:site_name\" content=\"Meler\" \/>\n<meta property=\"article:modified_time\" content=\"2023-03-15T15:38:29+00:00\" \/>\n<meta property=\"og:image\" content=\"https:\/\/20097.ttandemdigital.com\/media\/header-politica-privacidad-meler-1.png\" \/>\n\t<meta property=\"og:image:width\" content=\"1920\" \/>\n\t<meta property=\"og:image:height\" content=\"780\" \/>\n\t<meta property=\"og:image:type\" content=\"image\/png\" \/>\n<meta name=\"twitter:card\" content=\"summary_large_image\" \/>\n<meta name=\"twitter:label1\" content=\"Tiempo de lectura\" \/>\n\t<meta name=\"twitter:data1\" content=\"8 minutos\" \/>\n<script type=\"application\/ld+json\" class=\"yoast-schema-graph\">{\"@context\":\"https:\/\/schema.org\",\"@graph\":[{\"@type\":\"WebPage\",\"@id\":\"https:\/\/www.meler.cn\/es\/politica-de-privacidad\/\",\"url\":\"https:\/\/www.meler.cn\/es\/politica-de-privacidad\/\",\"name\":\"Pol\u00edtica de privacidad - Meler\",\"isPartOf\":{\"@id\":\"https:\/\/www.meler.cn\/es\/#website\"},\"datePublished\":\"2022-12-29T08:22:29+00:00\",\"dateModified\":\"2023-03-15T15:38:29+00:00\",\"breadcrumb\":{\"@id\":\"https:\/\/www.meler.cn\/es\/politica-de-privacidad\/#breadcrumb\"},\"inLanguage\":\"es\",\"potentialAction\":[{\"@type\":\"ReadAction\",\"target\":[\"https:\/\/www.meler.cn\/es\/politica-de-privacidad\/\"]}]},{\"@type\":\"BreadcrumbList\",\"@id\":\"https:\/\/www.meler.cn\/es\/politica-de-privacidad\/#breadcrumb\",\"itemListElement\":[{\"@type\":\"ListItem\",\"position\":1,\"name\":\"Portada\",\"item\":\"https:\/\/www.meler.cn\/es\/\"},{\"@type\":\"ListItem\",\"position\":2,\"name\":\"Pol\u00edtica de privacidad\"}]},{\"@type\":\"WebSite\",\"@id\":\"https:\/\/www.meler.cn\/es\/#website\",\"url\":\"https:\/\/www.meler.cn\/es\/\",\"name\":\"Meler\",\"description\":\"Just another WordPress site\",\"potentialAction\":[{\"@type\":\"SearchAction\",\"target\":{\"@type\":\"EntryPoint\",\"urlTemplate\":\"https:\/\/www.meler.cn\/es\/?s={search_term_string}\"},\"query-input\":\"required name=search_term_string\"}],\"inLanguage\":\"es\"}]}<\/script>\n<!-- \/ Yoast SEO plugin. -->","yoast_head_json":{"title":"Pol\u00edtica de privacidad - Meler","robots":{"index":"index","follow":"follow","max-snippet":"max-snippet:-1","max-image-preview":"max-image-preview:large","max-video-preview":"max-video-preview:-1"},"canonical":"https:\/\/www.meler.cn\/es\/politica-de-privacidad\/","og_locale":"es_ES","og_type":"article","og_title":"Pol\u00edtica de privacidad - Meler","og_description":"[vc_row][vc_column width=\u00bb1\/1&#8243;][text]Los datos personales que nos facilites por cualesquiera de los medios habilitados al efecto, ser\u00e1n tratados de conformidad con la siguiente pol\u00edtica de privacidad. En relaci\u00f3n con la recogida de datos, informarte de que, en el caso de que no resulte necesario facilitar todos los datos solicitados, se identificar\u00e1n con un asterisco aquellos campos [&hellip;]","og_url":"https:\/\/www.meler.cn\/es\/politica-de-privacidad\/","og_site_name":"Meler","article_modified_time":"2023-03-15T15:38:29+00:00","og_image":[{"width":1920,"height":780,"url":"https:\/\/20097.ttandemdigital.com\/media\/header-politica-privacidad-meler-1.png","type":"image\/png"}],"twitter_card":"summary_large_image","twitter_misc":{"Tiempo de lectura":"8 minutos"},"schema":{"@context":"https:\/\/schema.org","@graph":[{"@type":"WebPage","@id":"https:\/\/www.meler.cn\/es\/politica-de-privacidad\/","url":"https:\/\/www.meler.cn\/es\/politica-de-privacidad\/","name":"Pol\u00edtica de privacidad - Meler","isPartOf":{"@id":"https:\/\/www.meler.cn\/es\/#website"},"datePublished":"2022-12-29T08:22:29+00:00","dateModified":"2023-03-15T15:38:29+00:00","breadcrumb":{"@id":"https:\/\/www.meler.cn\/es\/politica-de-privacidad\/#breadcrumb"},"inLanguage":"es","potentialAction":[{"@type":"ReadAction","target":["https:\/\/www.meler.cn\/es\/politica-de-privacidad\/"]}]},{"@type":"BreadcrumbList","@id":"https:\/\/www.meler.cn\/es\/politica-de-privacidad\/#breadcrumb","itemListElement":[{"@type":"ListItem","position":1,"name":"Portada","item":"https:\/\/www.meler.cn\/es\/"},{"@type":"ListItem","position":2,"name":"Pol\u00edtica de privacidad"}]},{"@type":"WebSite","@id":"https:\/\/www.meler.cn\/es\/#website","url":"https:\/\/www.meler.cn\/es\/","name":"Meler","description":"Just another WordPress site","potentialAction":[{"@type":"SearchAction","target":{"@type":"EntryPoint","urlTemplate":"https:\/\/www.meler.cn\/es\/?s={search_term_string}"},"query-input":"required name=search_term_string"}],"inLanguage":"es"}]}},"_links":{"self":[{"href":"https:\/\/www.meler.cn\/es\/wp-json\/wp\/v2\/pages\/14006"}],"collection":[{"href":"https:\/\/www.meler.cn\/es\/wp-json\/wp\/v2\/pages"}],"about":[{"href":"https:\/\/www.meler.cn\/es\/wp-json\/wp\/v2\/types\/page"}],"author":[{"embeddable":true,"href":"https:\/\/www.meler.cn\/es\/wp-json\/wp\/v2\/users\/1"}],"replies":[{"embeddable":true,"href":"https:\/\/www.meler.cn\/es\/wp-json\/wp\/v2\/comments?post=14006"}],"version-history":[{"count":7,"href":"https:\/\/www.meler.cn\/es\/wp-json\/wp\/v2\/pages\/14006\/revisions"}],"predecessor-version":[{"id":34415,"href":"https:\/\/www.meler.cn\/es\/wp-json\/wp\/v2\/pages\/14006\/revisions\/34415"}],"wp:featuredmedia":[{"embeddable":true,"href":"https:\/\/www.meler.cn\/es\/wp-json\/wp\/v2\/media\/26040"}],"wp:attachment":[{"href":"https:\/\/www.meler.cn\/es\/wp-json\/wp\/v2\/media?parent=14006"}],"curies":[{"name":"wp","href":"https:\/\/api.w.org\/{rel}","templated":true}]}}